{"id":3701,"date":"2024-05-03T06:32:54","date_gmt":"2024-05-03T06:32:54","guid":{"rendered":"https:\/\/elfsight.com\/pt\/?page_id=3701"},"modified":"2024-11-13T12:16:22","modified_gmt":"2024-11-13T12:16:22","slug":"opencart","status":"publish","type":"page","link":"https:\/\/elfsight.com\/pt\/contact-form-widget\/opencart\/","title":{"rendered":"Contact Form &#8211; OpenCart"},"content":{"rendered":"<div class=\"application-platform-content-item-description application-platform-content-item\" id=\"description\" data-nav-section=\"description\"><h2>Formul\u00e1rio de contato para OpenCart<\/h2><p>A extens\u00e3o de formul\u00e1rio de contato do OpenCart da Elfsight atender\u00e1 a todas as suas demandas na coleta de impress\u00f5es e consultas de clientes usando seu site. Incorpore campos essenciais, encontre a variante de modelo ideal e personalize o esquema de cores, para incentivar ainda mais seus clientes a enviarem suas impress\u00f5es sobre seus produtos ou empresa.<\/p><p><b>Colete feedback, receba pedidos e envie respostas para as mensagens dos usu\u00e1rios do seu site!<\/b><\/p><ul><li><b>At\u00e9 +100 a quantidade de clientes potenciais<\/b>.<br>Garanta uma comunica\u00e7\u00e3o cont\u00ednua com prov\u00e1veis \u200b\u200bclientes dia e noite por meio de um formul\u00e1rio conveniente em seu site e receba mais visitantes prestes a pagar.<\/li><li><b>Colete mais rea\u00e7\u00f5es sobre produtos ou servi\u00e7os<\/b>.<br>Rea\u00e7\u00f5es de seus clientes s\u00e3o essenciais para a valoriza\u00e7\u00e3o da empresa. Devido ao nosso formul\u00e1rio de contato f\u00e1cil, voc\u00ea poder\u00e1 receber mais avalia\u00e7\u00f5es do seu site!<\/li><li><b>Melhore a comunica\u00e7\u00e3o com o cliente<\/b>.<br>Gra\u00e7as a modelos \u00fateis, apar\u00eancia adapt\u00e1vel e notifica\u00e7\u00f5es individuais de agradecimento, voc\u00ea pode demonstrar aos usu\u00e1rios que voc\u00ea os valoriza.<\/li><\/ul><\/div><div class=\"application-platform-content-item-features application-platform-content-item\" id=\"features\" data-nav-section=\"features\"><h2>Plugin de formul\u00e1rio de contato<\/h2><p>Por que o formul\u00e1rio de contato da Elfsight \u00e9 a melhor extens\u00e3o para obter impress\u00f5es de usu\u00e1rios e receber pedidos do OpenCart? Confira nossas caracter\u00edsticas b\u00e1sicas:<\/p><ul><li>Escolha os campos a serem obrigat\u00f3rios;<\/li><li>Defina qualquer largura do formul\u00e1rio;<\/li><li>5 estilos de campos visuais inclu\u00eddos: cl\u00e1ssico, plano , material, arredondado cl\u00e1ssico, arredondado plano;<\/li><li>Definir um texto para aparecer ap\u00f3s o envio bem-sucedido da mensagem;<\/li><li>Funciona e fica perfeitamente em dispositivos m\u00f3veis.<\/li><\/ul><p><a href=\"#demo\">Confira todas as vantagens em nosso editor<\/a><\/p><\/div><div class=\"application-platform-content-item-installation application-platform-content-item\" id=\"installation\" data-nav-section=\"installation\"><h2>Como adicionar widget de formul\u00e1rio de contato para o site do Adobe Muse<\/h2><p>Basta seguir as instru\u00e7\u00f5es abaixo para integrar o widget no OpenCart.<\/p> <ol><li><b>Use nosso configurador gratuito e comece a criar seu pr\u00f3prio widget. <\/b><br> Especifique a forma e funcionalidade preferidas da ferramenta e aplique as modifica\u00e7\u00f5es. <\/li> <li><b>Copie o c\u00f3digo individual que aparece na caixa dos aplicativos da Elfsight. <\/b><br> Assim que a gera\u00e7\u00e3o da sua extens\u00e3o de Formul\u00e1rio de Contato pessoal for conclu\u00edda, copie o c\u00f3digo exclusivo da janela que aparece e salve-o para uso posterior. <\/li> <li><b>Entre usando o widget em seu site OpenCart. <\/b><br> Adicione o c\u00f3digo salvo anteriormente em seu site e aplique as melhorias. <\/li> <li><b>Pronto! A configura\u00e7\u00e3o foi realizada com sucesso. <\/b><br> V\u00e1 para sua p\u00e1gina para ver o trabalho do widget. <\/li><\/ol> <p>Voc\u00ea se depara com alguma dificuldade ao seguir as instru\u00e7\u00f5es ou moldar seu formul\u00e1rio? Ent\u00e3o \u00e9 altamente recomend\u00e1vel estudar uma instru\u00e7\u00e3o completa \u00ab<a href=\"https:\/\/elfsight.com\/tutorials\/how-to-add-contact-form-module-to-opencart\/\" target=\"_blank\" rel=\"noopener noreferrer\">Como adicionar formul\u00e1rio de contato em um site OpenCart<\/a>\u00bb e tente instal\u00e1-lo novamente ou entre em contato com nossa central de ajuda com uma descri\u00e7\u00e3o detalhada do seu problema, e nossa equipe ter\u00e1 prazer em responder suas perguntas. <\/p><div class=\"faq\" data-component=\"FAQ\"> <div class=\"faq-item\">\r\n\t\t\t\t\t<div class=\"faq-item-question\">\r\n\t\t\t\t\t\t<h3 class=\"faq-item-question-text\">Como posso adicionar um Formul\u00e1rio de Contato ao meu site OpenCart sem habilidades de codifica\u00e7\u00e3o?<\/h3>\r\n\r\n\t\t\t\t\t\t<div class=\"faq-item-question-icon\"><\/div>\r\n\t\t\t\t\t<\/div>\r\n\r\n\t\t\t\t\t<div class=\"faq-item-answer\">\r\n\t\t\t\t\t\t<div class=\"faq-item-answer-text\"> <p>A Elfsight fornece uma solu\u00e7\u00e3o SaaS que permite que voc\u00ea mesmo crie um widget de Formul\u00e1rio de Contato, veja como \u00e9 f\u00e1cil O processo \u00e9: Trabalhe diretamente no Editor online para criar um widget de Formul\u00e1rio de Contato que voc\u00ea gostaria de ver em seu site OpenCart. Escolha um dos modelos predefinidos e ajuste as configura\u00e7\u00f5es do Formul\u00e1rio de Contato, adicione seu conte\u00fado, altere o layout e as cores sem nenhuma habilidade de codifica\u00e7\u00e3o. Salve o Formul\u00e1rio de Contato e copie seu c\u00f3digo de instala\u00e7\u00e3o, que voc\u00ea pode simplesmente colar em seu site OpenCart sem comprar uma assinatura paga. Com nosso editor intuitivo, qualquer usu\u00e1rio da Internet pode criar um widget de formul\u00e1rio de contato online e incorpor\u00e1-lo facilmente ao seu site OpenCart. N\u00e3o h\u00e1 necessidade de pagar ou inserir as credenciais do seu cart\u00e3o para acessar o servi\u00e7o. Se voc\u00ea enfrentar qualquer problema em qualquer etapa, sinta-se \u00e0 vontade para entrar em contato com nossa equipe de suporte t\u00e9cnico.<\/p> <\/div>\r\n\t\t\t\t\t<\/div>\r\n\t\t\t\t<\/div> <div class=\"faq-item\">\r\n\t\t\t\t\t<div class=\"faq-item-question\">\r\n\t\t\t\t\t\t<h3 class=\"faq-item-question-text\">Voc\u00eas oferecem modelos de formul\u00e1rio de contato para o site OpenCart?<\/h3>\r\n\r\n\t\t\t\t\t\t<div class=\"faq-item-question-icon\"><\/div>\r\n\t\t\t\t\t<\/div>\r\n\r\n\t\t\t\t\t<div class=\"faq-item-answer\">\r\n\t\t\t\t\t\t<div class=\"faq-item-answer-text\"><p>Sim, A Elfsight tem mais de 300 modelos prontos para usar para qualquer caso. D\u00ea uma olhada nos <a href=\"https:\/\/elfsight.com\/online-form-builder\/templates\/contact-forms\/\">modelos de formul\u00e1rio de contato<\/a> e escolha o que voc\u00ea mais gosta.<\/p><\/div>\r\n\t\t\t\t\t<\/div>\r\n\t\t\t\t<\/div><\/div> <\/div>","protected":false},"excerpt":{"rendered":"","protected":false},"author":9,"featured_media":0,"parent":715,"menu_order":0,"comment_status":"closed","ping_status":"closed","template":"templates\/template-application-platform.php","meta":{"publish_to_discourse":"","publish_post_category":"","wpdc_auto_publish_overridden":"","wpdc_topic_tags":"","wpdc_pin_topic":"","wpdc_pin_until":"","discourse_post_id":"","discourse_permalink":"","wpdc_publishing_response":"","wpdc_publishing_error":"","footnotes":""},"class_list":["post-3701","page","type-page","status-publish","hentry"],"yoast_head":"<!-- This site is optimized with the Yoast SEO plugin v25.3.1 - https:\/\/yoast.com\/wordpress\/plugins\/seo\/ -->\n<title>Crie e adicione formul\u00e1rio de contato no OpenCart gratuitamente!<\/title>\n<meta name=\"description\" content=\"Crie sua extens\u00e3o de formul\u00e1rio de contato exclusiva para OpenCart e coloque-a em seu site em apenas 2 minutos. Demonstra\u00e7\u00e3o gratuita, ajuda com configura\u00e7\u00e3o e mais b\u00f4nus da Elfsight!\" \/>\n<meta name=\"robots\" content=\"index, follow, max-snippet:-1, max-image-preview:large, max-video-preview:-1\" \/>\n<link rel=\"canonical\" href=\"https:\/\/elfsight.com\/pt\/contact-form-widget\/opencart\/\" \/>\n<meta property=\"og:locale\" content=\"pt_PT\" \/>\n<meta property=\"og:type\" content=\"article\" \/>\n<meta property=\"og:title\" content=\"Crie e adicione formul\u00e1rio de contato no OpenCart gratuitamente!\" \/>\n<meta property=\"og:description\" content=\"Crie sua extens\u00e3o de formul\u00e1rio de contato exclusiva para OpenCart e coloque-a em seu site em apenas 2 minutos. Demonstra\u00e7\u00e3o gratuita, ajuda com configura\u00e7\u00e3o e mais b\u00f4nus da Elfsight!\" \/>\n<meta property=\"og:url\" content=\"https:\/\/elfsight.com\/pt\/contact-form-widget\/opencart\/\" \/>\n<meta property=\"og:site_name\" content=\"Elfsight PT\" \/>\n<meta property=\"article:modified_time\" content=\"2024-11-13T12:16:22+00:00\" \/>\n<meta name=\"twitter:card\" content=\"summary_large_image\" \/>\n<meta name=\"twitter:label1\" content=\"Tempo estimado de leitura\" \/>\n\t<meta name=\"twitter:data1\" content=\"2 minutos\" \/>\n<!-- \/ Yoast SEO plugin. -->","yoast_head_json":{"title":"Crie e adicione formul\u00e1rio de contato no OpenCart gratuitamente!","description":"Crie sua extens\u00e3o de formul\u00e1rio de contato exclusiva para OpenCart e coloque-a em seu site em apenas 2 minutos. Demonstra\u00e7\u00e3o gratuita, ajuda com configura\u00e7\u00e3o e mais b\u00f4nus da Elfsight!","robots":{"index":"index","follow":"follow","max-snippet":"max-snippet:-1","max-image-preview":"max-image-preview:large","max-video-preview":"max-video-preview:-1"},"canonical":"https:\/\/elfsight.com\/pt\/contact-form-widget\/opencart\/","og_locale":"pt_PT","og_type":"article","og_title":"Crie e adicione formul\u00e1rio de contato no OpenCart gratuitamente!","og_description":"Crie sua extens\u00e3o de formul\u00e1rio de contato exclusiva para OpenCart e coloque-a em seu site em apenas 2 minutos. Demonstra\u00e7\u00e3o gratuita, ajuda com configura\u00e7\u00e3o e mais b\u00f4nus da Elfsight!","og_url":"https:\/\/elfsight.com\/pt\/contact-form-widget\/opencart\/","og_site_name":"Elfsight PT","article_modified_time":"2024-11-13T12:16:22+00:00","twitter_card":"summary_large_image","twitter_misc":{"Tempo estimado de leitura":"2 minutos"},"schema":{"@context":"https:\/\/schema.org","@graph":[{"@type":"WebPage","@id":"https:\/\/elfsight.com\/pt\/contact-form-widget\/opencart\/","url":"https:\/\/elfsight.com\/pt\/contact-form-widget\/opencart\/","name":"Crie e adicione formul\u00e1rio de contato no OpenCart gratuitamente!","isPartOf":{"@id":"https:\/\/elfsight.com\/pt\/#website"},"datePublished":"2024-05-03T06:32:54+00:00","dateModified":"2024-11-13T12:16:22+00:00","description":"Crie sua extens\u00e3o de formul\u00e1rio de contato exclusiva para OpenCart e coloque-a em seu site em apenas 2 minutos. Demonstra\u00e7\u00e3o gratuita, ajuda com configura\u00e7\u00e3o e mais b\u00f4nus da Elfsight!","breadcrumb":{"@id":"https:\/\/elfsight.com\/pt\/contact-form-widget\/opencart\/#breadcrumb"},"inLanguage":"pt-PT","potentialAction":[{"@type":"ReadAction","target":["https:\/\/elfsight.com\/pt\/contact-form-widget\/opencart\/"]}]},{"@type":"BreadcrumbList","@id":"https:\/\/elfsight.com\/pt\/contact-form-widget\/opencart\/#breadcrumb","itemListElement":[{"@type":"ListItem","position":1,"name":"Home","item":"https:\/\/elfsight.com\/pt\/"},{"@type":"ListItem","position":2,"name":"Contact Form","item":"https:\/\/elfsight.com\/pt\/contact-form-widget\/"},{"@type":"ListItem","position":3,"name":"Contact Form &#8211; OpenCart"}]},{"@type":"WebSite","@id":"https:\/\/elfsight.com\/pt\/#website","url":"https:\/\/elfsight.com\/pt\/","name":"Elfsight PT","description":"Just another Elfsight Sites site","potentialAction":[{"@type":"SearchAction","target":{"@type":"EntryPoint","urlTemplate":"https:\/\/elfsight.com\/pt\/?s={search_term_string}"},"query-input":{"@type":"PropertyValueSpecification","valueRequired":true,"valueName":"search_term_string"}}],"inLanguage":"pt-PT"}]}},"meta_box":{"industry":"","seo_heading":"","heading":"","description":"","cta_heading":"","cta_description":"","application":"714","h1":"Extens\u00e3o de formul\u00e1rio de contato para OpenCart","h1_caption":"A variante mais r\u00e1pida para organizar o fluxo de comunica\u00e7\u00e3o com os visitantes do site","application_category":[],"applications_title":"","applications_request_title":"","applications_request_button_text":"","hero_text":"","hero_video":"","hero_video_schema_markup":"","selling_points_title":"","selling_points_caption":"","selling_points":[],"selling_points_cta_text":"","features_title":"","features":"","ed_cta_examples_text":"","ed_cta_examples_hidden":"","ed_cta_demo_text":"","ed_cta_demo_hidden":"","why_caption":"","why_editor_title":"","why_editor_text":"","why_team_title":"","why_team_text":"","why_service_title":"","why_service_text":"","template_catalog_visible":"","template_catalog_title":"","template_catalog_text":"","template_catalog_categories_visible":"","demo_title":"Crie sua extens\u00e3o de formul\u00e1rio de contato","demo_caption":"Configure seu Formul\u00e1rio de Contato e adicione-o ao seu site OpenCart gratuitamente!","default_faq_hidden":"","app_template_category":[],"platform":"61","template_public_id":"","codecanyon_url":"","codecanyon_item_id":"","codecanyon_price":"","pricing_caption":"","pricing_elfsight_apps_hide_column":"","pricing_elfsight_apps_url":"","pricing_codecanyon_price_caption":"","integration_category":[],"integration_request_title":"","integration_request_cta":"","integration_platform":"","integrations":[],"platform_category":[],"video_schema_markup":"","price":"a partir de US$ 0\/m\u00eas","trial":"","benefits":[{"text":"Assist\u00eancia de instala\u00e7\u00e3o gratuita"},{"text":"Suporte premium"},{"text":"Garantia de devolu\u00e7\u00e3o do dinheiro em 14 dias"},{"text":"Futuras melhorias gratuitas"}],"button_url":"#demo","button_target_blank":"0","button_nofollow":"0","attributes":[{"name":"Instala\u00e7\u00f5es","content":"100,000 - 500,000","_state":"expanded"},{"name":"Responsivo","content":"Sim","_state":"expanded"},{"name":"Navegadores compat\u00edveis","content":"Firefox, Safari, Opera, Chrome, Edge"}],"tags":[],"tags_disable_links":"0","hide_more_platforms":"","video_object":"","demo_hide_cta":"0","demo_hide_cloud_options":"0","pricing_title":"","pricing":[{"pricing_icon":"cloud","pricing_title":"Elfsight Apps","pricing_title_caption":"Vers\u00e3o multiplataforma que funciona em qualquer site","pricing_price":"a partir de US$ 0\/m\u00eas","pricing_price_caption":"comece com plano gratuito","pricing_benefits":[{"text":"Sites ilimitados"},{"text":"Suporte ao cliente premium"},{"text":"Suporte ao cliente premium"},{"text":"Design flex\u00edvel"}],"pricing_button_text":"Adicionar ao site","pricing_button_url":"#demo","_state":"expanded"}],"related_apps_title":"","related_apps_hidden":"1","author":"","image":[],"title":"","job":"","social_networks":[]},"_links":{"self":[{"href":"https:\/\/elfsight.com\/pt\/wp-json\/wp\/v2\/pages\/3701","targetHints":{"allow":["GET"]}}],"collection":[{"href":"https:\/\/elfsight.com\/pt\/wp-json\/wp\/v2\/pages"}],"about":[{"href":"https:\/\/elfsight.com\/pt\/wp-json\/wp\/v2\/types\/page"}],"author":[{"embeddable":true,"href":"https:\/\/elfsight.com\/pt\/wp-json\/wp\/v2\/users\/9"}],"replies":[{"embeddable":true,"href":"https:\/\/elfsight.com\/pt\/wp-json\/wp\/v2\/comments?post=3701"}],"version-history":[{"count":2,"href":"https:\/\/elfsight.com\/pt\/wp-json\/wp\/v2\/pages\/3701\/revisions"}],"predecessor-version":[{"id":11688,"href":"https:\/\/elfsight.com\/pt\/wp-json\/wp\/v2\/pages\/3701\/revisions\/11688"}],"up":[{"embeddable":true,"href":"https:\/\/elfsight.com\/pt\/wp-json\/wp\/v2\/pages\/715"}],"wp:attachment":[{"href":"https:\/\/elfsight.com\/pt\/wp-json\/wp\/v2\/media?parent=3701"}],"curies":[{"name":"wp","href":"https:\/\/api.w.org\/{rel}","templated":true}]}}