{"id":3685,"date":"2024-05-03T06:32:56","date_gmt":"2024-05-03T06:32:56","guid":{"rendered":"https:\/\/elfsight.com\/pt\/?page_id=3685"},"modified":"2025-02-10T10:43:43","modified_gmt":"2025-02-10T10:43:43","slug":"magento","status":"publish","type":"page","link":"https:\/\/elfsight.com\/pt\/contact-form-widget\/magento\/","title":{"rendered":"Contact Form &#8211; Magento"},"content":{"rendered":"<div class=\"application-platform-content-item-description application-platform-content-item\" id=\"description\" data-nav-section=\"description\">\n<h2>Formul\u00e1rio de contato para Magento<\/h2>\nSe voc\u00ea est\u00e1 procurando um formul\u00e1rio de contato personalizado Magento, a extens\u00e3o de contato da Elfsight pode ajudar. \u00c9 uma ferramenta gratuita de extens\u00e3o de formul\u00e1rio de contato personalizado Magento que visa auxili\u00e1-lo em todas as necessidades atuais na obten\u00e7\u00e3o de impress\u00f5es e solicita\u00e7\u00f5es de clientes do seu site. Basta mostrar os elementos cruciais para o preenchimento, escolher o template de sua prefer\u00eancia e customizar a interface para motivar ainda mais seus usu\u00e1rios a deixarem demandas pelos servi\u00e7os de sua empresa. O plugin Form foi desenvolvido para atender todas as suas demandas para obter feedback e estar sempre em contato com sua clientela.\n\n<b>Receba avalia\u00e7\u00f5es, receba solicita\u00e7\u00f5es e envie respostas \u00e0s mensagens que recebe dos clientes do seu site!<\/b>\n<ul>\n \t<li><b>Atualize a aquisi\u00e7\u00e3o de leads<\/b>. Fique pr\u00f3ximo de seus clientes em potencial, provocando-os a enviar mensagens para voc\u00ea por meio da extens\u00e3o de contato a qualquer momento. Um n\u00famero menor de campos levar\u00e1 a uma convers\u00e3o mais alta.<\/li>\n \t<li><b>Descarte spam<\/b>. Tenha apenas contatos org\u00e2nicos aplicando a poderosa prote\u00e7\u00e3o do servi\u00e7o reCAPTCHA do Google contra spam e bots.<\/li>\n \t<li><b>Obtenha feedback dos clientes sem esfor\u00e7o<\/b>. Crie um plug-in de formul\u00e1rio not\u00e1vel para que ele possa ser facilmente encontrado em seu site, motivando seus visitantes a fornecer feedback a qualquer momento que acharem necess\u00e1rio.<\/li>\n<\/ul>\n<\/div><div class=\"application-platform-content-item-features application-platform-content-item\" id=\"features\" data-nav-section=\"features\">\n<h2>Plugin de formul\u00e1rio de contato<\/h2>\nPor que nosso formul\u00e1rio de contato \u00e9 a melhor extens\u00e3o para coletar rea\u00e7\u00f5es de clientes e receber pedidos para sites Magento? Confira nossas vantagens mais importantes:\n<ul>\n \t<li>Defina seus pr\u00f3prios r\u00f3tulos de campo;<\/li>\n \t<li>Etiqueta edit\u00e1vel do bot\u00e3o Enviar;<\/li>\n \t<li>2 layouts predefinidos: inline para ser adicionado ao corpo da p\u00e1gina, e flutuante para acompanhar a rolagem do visitante;<\/li>\n \t<li>Todos os dados inseridos no formul\u00e1rio s\u00e3o salvos em andamento;<\/li>\n \t<li>Funciona e tem uma apar\u00eancia perfeita em dispositivos m\u00f3veis.<\/li>\n<\/ul>\n<a href=\"#demo\">Conhe\u00e7a a lista completa de caracter\u00edsticas em nosso editor<\/a><\/div><div class=\"application-platform-content-item-installation application-platform-content-item\" id=\"installation\" data-nav-section=\"installation\">\n<h2>Como adicionar widget de formul\u00e1rio de contato ao site Magento<\/h2>\nBasta seguir as instru\u00e7\u00f5es abaixo para ativar a extens\u00e3o no Magento.\n<ol>\n \t<li><b>Inicie nosso editor gratuito e comece a formar sua extens\u00e3o de Formul\u00e1rio de Contato personalizada. <\/b>Especifique o layout selecionado e as op\u00e7\u00f5es do widget e salve as corre\u00e7\u00f5es.<\/li>\n \t<li><b>Adquira seu c\u00f3digo exclusivo que aparece no formul\u00e1rio especial nos aplicativos Elfsight. <\/b>Logo ap\u00f3s a cria\u00e7\u00e3o do seu widget, copie o c\u00f3digo individual na caixa exibida e salve-o para futuras ocasi\u00f5es.<\/li>\n \t<li><b>Inicie a utiliza\u00e7\u00e3o da extens\u00e3o no seu site Magento. <\/b>Incorpore o c\u00f3digo que voc\u00ea salvou anteriormente em sua p\u00e1gina e aplique as modifica\u00e7\u00f5es.<\/li>\n \t<li><b>Pronto! A incorpora\u00e7\u00e3o foi realizada com sucesso. <\/b>Visite sua p\u00e1gina para verificar como est\u00e1 o funcionamento da ferramenta.<\/li>\n<\/ol>\nTem alguma d\u00favida ao aplicar o tutorial ou moldar seu formul\u00e1rio? Tente estudar nosso manual completo \u00ab<a href=\"https:\/\/elfsight.com\/tutorials\/how-to-add-contact-form-extension-to-magento\/\" target=\"_blank\" rel=\"noopener noreferrer\">Como integrar o formul\u00e1rio de contato a um site Magento<\/a>\u00bb e aproveite uma segunda chance para fazer isso sozinho. Ou entre em contato com a equipe de suporte com uma descri\u00e7\u00e3o completa do seu problema, e eles ficar\u00e3o felizes em resolv\u00ea-lo.<\/div><div class=\"faq\" data-component=\"FAQ\"> <div class=\"faq-item\">\r\n\t\t\t\t\t<div class=\"faq-item-question\">\r\n\t\t\t\t\t\t<h3 class=\"faq-item-question-text\">Como fa\u00e7o para proteger Dados de formul\u00e1rio Magento na minha p\u00e1gina inicial?<\/h3>\r\n\r\n\t\t\t\t\t\t<div class=\"faq-item-question-icon\"><\/div>\r\n\t\t\t\t\t<\/div>\r\n\r\n\t\t\t\t\t<div class=\"faq-item-answer\">\r\n\t\t\t\t\t\t<div class=\"faq-item-answer-text\">Nosso widget Form Builder \u00e9 incorporado com a ferramenta de seguran\u00e7a reCAPTCHA mais eficaz. Ele foi adicionado para proteger seu formul\u00e1rio e caixa de correio contra spam e bots e garantir um trabalho f\u00e1cil e apenas dados relevantes.<\/div>\r\n\t\t\t\t\t<\/div>\r\n\t\t\t\t<\/div> <div class=\"faq-item\">\r\n\t\t\t\t\t<div class=\"faq-item-question\">\r\n\t\t\t\t\t\t<h3 class=\"faq-item-question-text\">Voc\u00ea tem modelos que suportam formul\u00e1rios de l\u00f3gica condicional\/formul\u00e1rios de m\u00faltiplos campos\/e-mail formul\u00e1rios?<\/h3>\r\n\r\n\t\t\t\t\t\t<div class=\"faq-item-question-icon\"><\/div>\r\n\t\t\t\t\t<\/div>\r\n\r\n\t\t\t\t\t<div class=\"faq-item-answer\">\r\n\t\t\t\t\t\t<div class=\"faq-item-answer-text\">Claro! Tudo o que voc\u00ea precisa fazer \u00e9 fazer login no servi\u00e7o Elfsight Apps, selecionar qualquer modelo relevante e, em seguida, prosseguir com a forma\u00e7\u00e3o de sua ferramenta personalizada.<\/div>\r\n\t\t\t\t\t<\/div>\r\n\t\t\t\t<\/div> <div class=\"faq-item\">\r\n\t\t\t\t\t<div class=\"faq-item-question\">\r\n\t\t\t\t\t\t<h3 class=\"faq-item-question-text\">Como fa\u00e7o para criar um contato ou feedback formul\u00e1rio para o meu site Magento?<\/h3>\r\n\r\n\t\t\t\t\t\t<div class=\"faq-item-question-icon\"><\/div>\r\n\t\t\t\t\t<\/div>\r\n\r\n\t\t\t\t\t<div class=\"faq-item-answer\">\r\n\t\t\t\t\t\t<div class=\"faq-item-answer-text\">Para construir um formul\u00e1rio de contato\/feedback, voc\u00ea deve fazer login no servi\u00e7o Elfsight Apps e implementar todos os ajustes necess\u00e1rios no plugin. Depois de terminar, salve as edi\u00e7\u00f5es e prossiga para o seu site. Pronto.<\/div>\r\n\t\t\t\t\t<\/div>\r\n\t\t\t\t<\/div> <div class=\"faq-item\">\r\n\t\t\t\t\t<div class=\"faq-item-question\">\r\n\t\t\t\t\t\t<h3 class=\"faq-item-question-text\">Existe algum modelo de formul\u00e1rio de contato para o site Magento?<\/h3>\r\n\r\n\t\t\t\t\t\t<div class=\"faq-item-question-icon\"><\/div>\r\n\t\t\t\t\t<\/div>\r\n\r\n\t\t\t\t\t<div class=\"faq-item-answer\">\r\n\t\t\t\t\t\t<div class=\"faq-item-answer-text\">Sim, existe! A equipe da Elfsight criou uma grande cole\u00e7\u00e3o de mais de 300 modelos prontos para uso. E voc\u00ea n\u00e3o ficar\u00e1 desapontado com os <a href=\"https:\/\/elfsight.com\/online-form-builder\/templates\/contact-forms\/\">modelos de formul\u00e1rio de contato<\/a>, com certeza.<\/div>\r\n\t\t\t\t\t<\/div>\r\n\t\t\t\t<\/div> <\/div>","protected":false},"excerpt":{"rendered":"","protected":false},"author":9,"featured_media":0,"parent":715,"menu_order":0,"comment_status":"closed","ping_status":"closed","template":"templates\/template-application-platform.php","meta":{"publish_to_discourse":"","publish_post_category":"","wpdc_auto_publish_overridden":"","wpdc_topic_tags":"","wpdc_pin_topic":"","wpdc_pin_until":"","discourse_post_id":"","discourse_permalink":"","wpdc_publishing_response":"","wpdc_publishing_error":"","footnotes":""},"class_list":["post-3685","page","type-page","status-publish","hentry"],"yoast_head":"<!-- This site is optimized with the Yoast SEO plugin v25.3.1 - https:\/\/yoast.com\/wordpress\/plugins\/seo\/ -->\n<title>Crie e adicione formul\u00e1rio de contato no Magento gratuitamente!<\/title>\n<meta name=\"description\" content=\"Crie uma extens\u00e3o de formul\u00e1rio de contato personalizada para Magento e incorpore em seu site em apenas 2 minutos. Configurador gratuito, suporte com integra\u00e7\u00e3o e mais diversos extras da Elfsight!\" \/>\n<meta name=\"robots\" content=\"index, follow, max-snippet:-1, max-image-preview:large, max-video-preview:-1\" \/>\n<link rel=\"canonical\" href=\"https:\/\/elfsight.com\/pt\/contact-form-widget\/magento\/\" \/>\n<meta property=\"og:locale\" content=\"pt_PT\" \/>\n<meta property=\"og:type\" content=\"article\" \/>\n<meta property=\"og:title\" content=\"Crie e adicione formul\u00e1rio de contato no Magento gratuitamente!\" \/>\n<meta property=\"og:description\" content=\"Crie uma extens\u00e3o de formul\u00e1rio de contato personalizada para Magento e incorpore em seu site em apenas 2 minutos. Configurador gratuito, suporte com integra\u00e7\u00e3o e mais diversos extras da Elfsight!\" \/>\n<meta property=\"og:url\" content=\"https:\/\/elfsight.com\/pt\/contact-form-widget\/magento\/\" \/>\n<meta property=\"og:site_name\" content=\"Elfsight PT\" \/>\n<meta property=\"article:modified_time\" content=\"2025-02-10T10:43:43+00:00\" \/>\n<meta name=\"twitter:card\" content=\"summary_large_image\" \/>\n<meta name=\"twitter:label1\" content=\"Tempo estimado de leitura\" \/>\n\t<meta name=\"twitter:data1\" content=\"4 minutos\" \/>\n<!-- \/ Yoast SEO plugin. -->","yoast_head_json":{"title":"Crie e adicione formul\u00e1rio de contato no Magento gratuitamente!","description":"Crie uma extens\u00e3o de formul\u00e1rio de contato personalizada para Magento e incorpore em seu site em apenas 2 minutos. Configurador gratuito, suporte com integra\u00e7\u00e3o e mais diversos extras da Elfsight!","robots":{"index":"index","follow":"follow","max-snippet":"max-snippet:-1","max-image-preview":"max-image-preview:large","max-video-preview":"max-video-preview:-1"},"canonical":"https:\/\/elfsight.com\/pt\/contact-form-widget\/magento\/","og_locale":"pt_PT","og_type":"article","og_title":"Crie e adicione formul\u00e1rio de contato no Magento gratuitamente!","og_description":"Crie uma extens\u00e3o de formul\u00e1rio de contato personalizada para Magento e incorpore em seu site em apenas 2 minutos. Configurador gratuito, suporte com integra\u00e7\u00e3o e mais diversos extras da Elfsight!","og_url":"https:\/\/elfsight.com\/pt\/contact-form-widget\/magento\/","og_site_name":"Elfsight PT","article_modified_time":"2025-02-10T10:43:43+00:00","twitter_card":"summary_large_image","twitter_misc":{"Tempo estimado de leitura":"4 minutos"},"schema":{"@context":"https:\/\/schema.org","@graph":[{"@type":"WebPage","@id":"https:\/\/elfsight.com\/pt\/contact-form-widget\/magento\/","url":"https:\/\/elfsight.com\/pt\/contact-form-widget\/magento\/","name":"Crie e adicione formul\u00e1rio de contato no Magento gratuitamente!","isPartOf":{"@id":"https:\/\/elfsight.com\/pt\/#website"},"datePublished":"2024-05-03T06:32:56+00:00","dateModified":"2025-02-10T10:43:43+00:00","description":"Crie uma extens\u00e3o de formul\u00e1rio de contato personalizada para Magento e incorpore em seu site em apenas 2 minutos. Configurador gratuito, suporte com integra\u00e7\u00e3o e mais diversos extras da Elfsight!","breadcrumb":{"@id":"https:\/\/elfsight.com\/pt\/contact-form-widget\/magento\/#breadcrumb"},"inLanguage":"pt-PT","potentialAction":[{"@type":"ReadAction","target":["https:\/\/elfsight.com\/pt\/contact-form-widget\/magento\/"]}]},{"@type":"BreadcrumbList","@id":"https:\/\/elfsight.com\/pt\/contact-form-widget\/magento\/#breadcrumb","itemListElement":[{"@type":"ListItem","position":1,"name":"Home","item":"https:\/\/elfsight.com\/pt\/"},{"@type":"ListItem","position":2,"name":"Contact Form","item":"https:\/\/elfsight.com\/pt\/contact-form-widget\/"},{"@type":"ListItem","position":3,"name":"Contact Form &#8211; Magento"}]},{"@type":"WebSite","@id":"https:\/\/elfsight.com\/pt\/#website","url":"https:\/\/elfsight.com\/pt\/","name":"Elfsight PT","description":"Just another Elfsight Sites site","potentialAction":[{"@type":"SearchAction","target":{"@type":"EntryPoint","urlTemplate":"https:\/\/elfsight.com\/pt\/?s={search_term_string}"},"query-input":{"@type":"PropertyValueSpecification","valueRequired":true,"valueName":"search_term_string"}}],"inLanguage":"pt-PT"}]}},"meta_box":{"industry":"","seo_heading":"","heading":"","description":"","cta_heading":"","cta_description":"","application":"714","h1":"Extens\u00e3o de formul\u00e1rio de contato para Magento","h1_caption":"Transforme o tr\u00e1fego do seu site em pedidos e mensagens de futuros clientes","application_category":[],"applications_title":"","applications_request_title":"","applications_request_button_text":"","hero_text":"","hero_video":"","hero_video_schema_markup":"","selling_points_title":"","selling_points_caption":"","selling_points":[],"selling_points_cta_text":"","features_title":"","features":"","ed_cta_examples_text":"","ed_cta_examples_hidden":"","ed_cta_demo_text":"","ed_cta_demo_hidden":"","why_caption":"","why_editor_title":"","why_editor_text":"","why_team_title":"","why_team_text":"","why_service_title":"","why_service_text":"","template_catalog_visible":"0","template_catalog_title":"","template_catalog_text":"","template_catalog_categories_visible":"","demo_title":"Crie sua extens\u00e3o de formul\u00e1rio de contato","demo_caption":"Configure seu Formul\u00e1rio de Contato e adicione-o ao seu site Magento gratuitamente!","default_faq_hidden":"","app_template_category":[],"platform":"58","template_public_id":"","codecanyon_url":"","codecanyon_item_id":"","codecanyon_price":"","pricing_caption":"","pricing_elfsight_apps_hide_column":"","pricing_elfsight_apps_url":"","pricing_codecanyon_price_caption":"","integration_category":[],"integration_request_title":"","integration_request_cta":"","integration_platform":"","integrations":[],"platform_category":[],"video_schema_markup":"","price":"a partir de US$ 0\/m\u00eas","trial":"","benefits":[{"text":"Assist\u00eancia de instala\u00e7\u00e3o gratuita"},{"text":"Atendimento ao cliente eficaz"},{"text":"Garantia de reembolso de 14 dias"},{"text":"Atualiza\u00e7\u00f5es cont\u00ednuas"}],"button_url":"#demo","button_target_blank":"0","button_nofollow":"0","attributes":[{"name":"Instala\u00e7\u00f5es","content":"100,000 - 500,000","_state":"expanded"},{"name":"Responsivo","content":"Sim","_state":"expanded"},{"name":"Navegadores compat\u00edveis","content":"Firefox, Safari, Opera, Chrome, Edge"}],"tags":[],"tags_disable_links":"0","hide_more_platforms":"0","video_object":"","demo_hide_cta":"0","demo_hide_cloud_options":"0","pricing_title":"","pricing":[{"pricing_icon":"platform","pricing_title":"Elfsight Apps","pricing_title_caption":"Software independente de plataforma","pricing_price":"a partir de US$ 0\/m\u00eas","pricing_price_caption":"comece com um plano gratuito","pricing_benefits":[{"text":"Sites ilimitados"},{"text":"Suporte 24 horas por dia, 7 dias por semana"},{"text":"Suporte 24 horas por dia, 7 dias por semana"},{"text":"100% personaliz\u00e1vel"}],"pricing_button_text":"Adicionar ao site","pricing_button_url":"#demo","_state":"expanded"}],"related_apps_title":"","related_apps_hidden":"1","author":"","image":[],"title":"","job":"","social_networks":[]},"_links":{"self":[{"href":"https:\/\/elfsight.com\/pt\/wp-json\/wp\/v2\/pages\/3685","targetHints":{"allow":["GET"]}}],"collection":[{"href":"https:\/\/elfsight.com\/pt\/wp-json\/wp\/v2\/pages"}],"about":[{"href":"https:\/\/elfsight.com\/pt\/wp-json\/wp\/v2\/types\/page"}],"author":[{"embeddable":true,"href":"https:\/\/elfsight.com\/pt\/wp-json\/wp\/v2\/users\/9"}],"replies":[{"embeddable":true,"href":"https:\/\/elfsight.com\/pt\/wp-json\/wp\/v2\/comments?post=3685"}],"version-history":[{"count":3,"href":"https:\/\/elfsight.com\/pt\/wp-json\/wp\/v2\/pages\/3685\/revisions"}],"predecessor-version":[{"id":13826,"href":"https:\/\/elfsight.com\/pt\/wp-json\/wp\/v2\/pages\/3685\/revisions\/13826"}],"up":[{"embeddable":true,"href":"https:\/\/elfsight.com\/pt\/wp-json\/wp\/v2\/pages\/715"}],"wp:attachment":[{"href":"https:\/\/elfsight.com\/pt\/wp-json\/wp\/v2\/media?parent=3685"}],"curies":[{"name":"wp","href":"https:\/\/api.w.org\/{rel}","templated":true}]}}