{"id":3676,"date":"2024-05-03T06:30:29","date_gmt":"2024-05-03T06:30:29","guid":{"rendered":"https:\/\/elfsight.com\/pt\/?page_id=3676"},"modified":"2024-11-13T11:40:47","modified_gmt":"2024-11-13T11:40:47","slug":"bigcommerce","status":"publish","type":"page","link":"https:\/\/elfsight.com\/pt\/before-and-after-slider-widget\/bigcommerce\/","title":{"rendered":"Before and After Slider &#8211; BigCommerce"},"content":{"rendered":"<div class=\"application-platform-content-item-description application-platform-content-item\" id=\"description\" data-nav-section=\"description\"> <h2>Descri\u00e7\u00e3o<\/h2> <p> Antes e depois do Slider da Elfsight permite que voc\u00ea mostre fotos incr\u00edveis de promo\u00e7\u00e3o do seu site. Os usu\u00e1rios ter\u00e3o a oportunidade de ver de uma s\u00f3 vez todas as altera\u00e7\u00f5es que seus produtos ou servi\u00e7os fazem. Basta fazer upload das fotos de antes e depois para o Antes e Depois do Slider para BigCommerce e elas ser\u00e3o mostradas com uma divis\u00f3ria que pode ser movida para permitir a compara\u00e7\u00e3o. Voc\u00ea pode publicar slides ilimitados e escrever legendas e r\u00f3tulos. A orienta\u00e7\u00e3o do divisor oferece duas op\u00e7\u00f5es: horizontal ou vertical, e voc\u00ea pode selecionar a propor\u00e7\u00e3o de imagem mais adequada. Seus usu\u00e1rios n\u00e3o poder\u00e3o deixar de fazer uma compra, uma vez que vejam o resultado real | das suas ofertas! <\/p> <p><b>Adicionar antes &amp; ap\u00f3s o controle deslizante para enfrentar seus desafios de neg\u00f3cios mais rapidamente! <\/b><\/p> <\/div> <div class=\"application-platform-content-item-features application-platform-content-item\" id=\"features\" data-nav-section=\"features\"> <h2>O widget inclui recursos pr\u00e1ticos e r\u00e1pidos, veja alguns deles: <\/h2> <ul><li>Mostrar ilimitado Antes e Depois de conjuntos de imagens<\/li> <li>Escreva legendas com configura\u00e7\u00f5es de formata\u00e7\u00e3o de texto para cada imagem<\/li><li>Dois layouts integrados: Lista e Carrossel<\/li><li>Dire\u00e7\u00e3o horizontal ou vertical da divis\u00f3ria<\/li><li>Clicar e arrastar ou simplesmente passar o mouse para mudar o divisor<\/li><li>Deslizar em dispositivos sens\u00edveis ao toque<\/li><\/ul><p><a href=\"#demo\">Examinar todas as configura\u00e7\u00f5es em 100 demonstra\u00e7\u00f5es funcionais<\/a><\/p> <\/div> <div class=\"application-platform-content-item-installation application-platform-content-item\" id=\"installation\" data-nav-section=\"installation\"> <h2>Como adiciono o Before e After Slider em meu BigCommerce? <\/h2> <div class=\"video-container\"><iframe width=\"720\" height=\"405\" src=\"https:\/\/www.youtube.com\/embed\/6DeXKixgjmQ\" frameborder=\"0\" allowfullscreen=\"\"><\/iframe><\/div><p>Basta aplicar as instru\u00e7\u00f5es abaixo para ativar o aplicativo no BigCommerce.<\/p> <ol><li><b>Abra nossa demonstra\u00e7\u00e3o gratuita e comece a criar seu aplicativo personalizado. <\/b><br> Determine a apar\u00eancia e as op\u00e7\u00f5es adequadas do widget e salve as corre\u00e7\u00f5es. <\/li> <li><b>Receba o c\u00f3digo exclusivo que aparece no formul\u00e1rio especial nas aplica\u00e7\u00f5es Elfsight. <\/b><br> Quando a configura\u00e7\u00e3o do seu aplicativo Before and After Slider for conclu\u00edda, copie o c\u00f3digo exclusivo da janela exibida e salve-o para uso futuro. <\/li> <li><b>Comece a usar a ferramenta no site BigCommerce. <\/b><br> Coloque o c\u00f3digo que voc\u00ea copiou anteriormente em seu site e aplique os ajustes. <\/li> <li><b>Conclu\u00eddo! A integra\u00e7\u00e3o \u00e9 totalmente realizada. <\/b><br> Acesse sua p\u00e1gina para ver o trabalho da ferramenta. <\/li><\/ol><p>Caso tenha d\u00favidas ou encontre alguma dificuldade, entre em contato com nossa equipe de atendimento ao cliente. Nossos consultores ter\u00e3o prazer em ajud\u00e1-lo com todas as d\u00favidas que voc\u00ea possa ter sobre o produto. <\/p> <div class=\"faq\" data-component=\"FAQ\"><div class=\"faq-item\">\r\n\t\t\t\t\t<div class=\"faq-item-question\">\r\n\t\t\t\t\t\t<h3 class=\"faq-item-question-text\">Como adicionar um controle deslizante Antes e Depois ao meu site BigCommerce sem habilidades de codifica\u00e7\u00e3o?<\/h3>\r\n\r\n\t\t\t\t\t\t<div class=\"faq-item-question-icon\"><\/div>\r\n\t\t\t\t\t<\/div>\r\n\r\n\t\t\t\t\t<div class=\"faq-item-answer\">\r\n\t\t\t\t\t\t<div class=\"faq-item-answer-text\"> <p>A Elfsight fornece uma solu\u00e7\u00e3o SaaS que permite que voc\u00ea mesmo crie um widget deslizante Antes e Depois, veja como o processo \u00e9 f\u00e1cil: Trabalhe diretamente no Editor online para criar um widget deslizante Antes e Depois que voc\u00ea gostaria de ver em seu site BigCommerce. Escolha um dos modelos predefinidos e ajuste as configura\u00e7\u00f5es do controle deslizante Antes e Depois, adicione seu conte\u00fado, altere o layout e as cores sem nenhuma habilidade de codifica\u00e7\u00e3o. Salve o controle deslizante Antes e depois e copie seu c\u00f3digo de instala\u00e7\u00e3o, que voc\u00ea pode incluir facilmente em seu site BigCommerce sem a necessidade de comprar uma vers\u00e3o paga. Com nosso editor intuitivo, qualquer usu\u00e1rio da Internet pode criar um widget deslizante antes e depois online e incorpor\u00e1-lo facilmente em seu site BigCommerce. N\u00e3o h\u00e1 necessidade de pagar ou inserir as credenciais do seu cart\u00e3o para acessar o servi\u00e7o. Se voc\u00ea enfrentar qualquer problema em qualquer etapa, n\u00e3o hesite em entrar em contato com nossa equipe de suporte t\u00e9cnico.<\/p> <\/div>\r\n\t\t\t\t\t<\/div>\r\n\t\t\t\t<\/div> <\/div><\/div>","protected":false},"excerpt":{"rendered":"","protected":false},"author":9,"featured_media":0,"parent":1019,"menu_order":0,"comment_status":"closed","ping_status":"closed","template":"templates\/template-application-platform.php","meta":{"publish_to_discourse":"","publish_post_category":"","wpdc_auto_publish_overridden":"","wpdc_topic_tags":"","wpdc_pin_topic":"","wpdc_pin_until":"","discourse_post_id":"","discourse_permalink":"","wpdc_publishing_response":"","wpdc_publishing_error":"","footnotes":""},"class_list":["post-3676","page","type-page","status-publish","hentry"],"yoast_head":"<!-- This site is optimized with the Yoast SEO plugin v25.3.1 - https:\/\/yoast.com\/wordpress\/plugins\/seo\/ -->\n<title>Controle deslizante de imagem antes e depois responsivo para o site BigCommerce<\/title>\n<meta name=\"description\" content=\"Insira um widget flex\u00edvel Antes e Depois Slider em seu site BigCommerce. Utilize uma demonstra\u00e7\u00e3o funcional da Elfsight e crie o seu widget em apenas dois minutos.\" \/>\n<meta name=\"robots\" content=\"index, follow, max-snippet:-1, max-image-preview:large, max-video-preview:-1\" \/>\n<link rel=\"canonical\" href=\"https:\/\/elfsight.com\/pt\/before-and-after-slider-widget\/bigcommerce\/\" \/>\n<meta property=\"og:locale\" content=\"pt_PT\" \/>\n<meta property=\"og:type\" content=\"article\" \/>\n<meta property=\"og:title\" content=\"Controle deslizante de imagem antes e depois responsivo para o site BigCommerce\" \/>\n<meta property=\"og:description\" content=\"Insira um widget flex\u00edvel Antes e Depois Slider em seu site BigCommerce. Utilize uma demonstra\u00e7\u00e3o funcional da Elfsight e crie o seu widget em apenas dois minutos.\" \/>\n<meta property=\"og:url\" content=\"https:\/\/elfsight.com\/pt\/before-and-after-slider-widget\/bigcommerce\/\" \/>\n<meta property=\"og:site_name\" content=\"Elfsight PT\" \/>\n<meta property=\"article:modified_time\" content=\"2024-11-13T11:40:47+00:00\" \/>\n<meta name=\"twitter:card\" content=\"summary_large_image\" \/>\n<meta name=\"twitter:label1\" content=\"Tempo estimado de leitura\" \/>\n\t<meta name=\"twitter:data1\" content=\"2 minutos\" \/>\n<!-- \/ Yoast SEO plugin. -->","yoast_head_json":{"title":"Controle deslizante de imagem antes e depois responsivo para o site BigCommerce","description":"Insira um widget flex\u00edvel Antes e Depois Slider em seu site BigCommerce. Utilize uma demonstra\u00e7\u00e3o funcional da Elfsight e crie o seu widget em apenas dois minutos.","robots":{"index":"index","follow":"follow","max-snippet":"max-snippet:-1","max-image-preview":"max-image-preview:large","max-video-preview":"max-video-preview:-1"},"canonical":"https:\/\/elfsight.com\/pt\/before-and-after-slider-widget\/bigcommerce\/","og_locale":"pt_PT","og_type":"article","og_title":"Controle deslizante de imagem antes e depois responsivo para o site BigCommerce","og_description":"Insira um widget flex\u00edvel Antes e Depois Slider em seu site BigCommerce. Utilize uma demonstra\u00e7\u00e3o funcional da Elfsight e crie o seu widget em apenas dois minutos.","og_url":"https:\/\/elfsight.com\/pt\/before-and-after-slider-widget\/bigcommerce\/","og_site_name":"Elfsight PT","article_modified_time":"2024-11-13T11:40:47+00:00","twitter_card":"summary_large_image","twitter_misc":{"Tempo estimado de leitura":"2 minutos"},"schema":{"@context":"https:\/\/schema.org","@graph":[{"@type":"WebPage","@id":"https:\/\/elfsight.com\/pt\/before-and-after-slider-widget\/bigcommerce\/","url":"https:\/\/elfsight.com\/pt\/before-and-after-slider-widget\/bigcommerce\/","name":"Controle deslizante de imagem antes e depois responsivo para o site BigCommerce","isPartOf":{"@id":"https:\/\/elfsight.com\/pt\/#website"},"datePublished":"2024-05-03T06:30:29+00:00","dateModified":"2024-11-13T11:40:47+00:00","description":"Insira um widget flex\u00edvel Antes e Depois Slider em seu site BigCommerce. Utilize uma demonstra\u00e7\u00e3o funcional da Elfsight e crie o seu widget em apenas dois minutos.","breadcrumb":{"@id":"https:\/\/elfsight.com\/pt\/before-and-after-slider-widget\/bigcommerce\/#breadcrumb"},"inLanguage":"pt-PT","potentialAction":[{"@type":"ReadAction","target":["https:\/\/elfsight.com\/pt\/before-and-after-slider-widget\/bigcommerce\/"]}]},{"@type":"BreadcrumbList","@id":"https:\/\/elfsight.com\/pt\/before-and-after-slider-widget\/bigcommerce\/#breadcrumb","itemListElement":[{"@type":"ListItem","position":1,"name":"Home","item":"https:\/\/elfsight.com\/pt\/"},{"@type":"ListItem","position":2,"name":"Before and After Slider","item":"https:\/\/elfsight.com\/pt\/before-and-after-slider-widget\/"},{"@type":"ListItem","position":3,"name":"Before and After Slider &#8211; BigCommerce"}]},{"@type":"WebSite","@id":"https:\/\/elfsight.com\/pt\/#website","url":"https:\/\/elfsight.com\/pt\/","name":"Elfsight PT","description":"Just another Elfsight Sites site","potentialAction":[{"@type":"SearchAction","target":{"@type":"EntryPoint","urlTemplate":"https:\/\/elfsight.com\/pt\/?s={search_term_string}"},"query-input":{"@type":"PropertyValueSpecification","valueRequired":true,"valueName":"search_term_string"}}],"inLanguage":"pt-PT"}]}},"meta_box":{"industry":"","seo_heading":"","heading":"","description":"","cta_heading":"","cta_description":"","application":"1018","h1":"Antes e depois do controle deslizante para BigCommerce","h1_caption":"Demonstre como seus produtos e servi\u00e7os realmente funcionam e aumente seu lucro","application_category":[],"applications_title":"","applications_request_title":"","applications_request_button_text":"","hero_text":"","hero_video":"","hero_video_schema_markup":"","selling_points_title":"","selling_points_caption":"","selling_points":[],"selling_points_cta_text":"","features_title":"","features":"","ed_cta_examples_text":"","ed_cta_examples_hidden":"","ed_cta_demo_text":"","ed_cta_demo_hidden":"","why_caption":"","why_editor_title":"","why_editor_text":"","why_team_title":"","why_team_text":"","why_service_title":"","why_service_text":"","template_catalog_visible":"","template_catalog_title":"","template_catalog_text":"","template_catalog_categories_visible":"","demo_title":"Crie seu aplicativo Slider Antes e Depois","demo_caption":"Configure seu controle deslizante Antes e Depois e adicione-o ao seu site BigCommerce gratuitamente!","default_faq_hidden":"","app_template_category":[],"platform":"43","template_public_id":"","codecanyon_url":"","codecanyon_item_id":"","codecanyon_price":"","pricing_caption":"","pricing_elfsight_apps_hide_column":"","pricing_elfsight_apps_url":"","pricing_codecanyon_price_caption":"","integration_category":[],"integration_request_title":"","integration_request_cta":"","integration_platform":"","integrations":[],"platform_category":[],"video_schema_markup":"","price":"a partir de US$ 0\/m\u00eas","trial":"","benefits":[{"text":"Ajuda de instala\u00e7\u00e3o gratuita"},{"text":"Atendimento ao cliente profissional"},{"text":"Garantia de devolu\u00e7\u00e3o do dinheiro em 14 dias"},{"text":"Atendimento ao cliente profissional"}],"button_url":"#demo","button_target_blank":"0","button_nofollow":"0","attributes":[{"name":"Instala\u00e7\u00f5es","content":"10,000 - 100,000","_state":"expanded"},{"name":"Responsivo","content":"Sim","_state":"expanded"},{"name":"Navegadores compat\u00edveis","content":"Firefox, Safari, Opera, Chrome, Edge"}],"tags":[],"tags_disable_links":"0","hide_more_platforms":"","video_object":"","demo_hide_cta":"0","demo_hide_cloud_options":"0","pricing_title":"","pricing":[{"pricing_icon":"platform","pricing_title":"Elfsight Apps","pricing_title_caption":"Solu\u00e7\u00e3o digital independente de plataforma que funciona em qualquer site","pricing_price":"a partir de US$ 0\/m\u00eas","pricing_price_caption":"comece com plano gratuito","pricing_benefits":[{"text":"Sites ilimitados"},{"text":"Suporte gratuito ao cliente e bem documentado"},{"text":"Suporte gratuito ao cliente e bem documentado"},{"text":"Totalmente personaliz\u00e1vel"}],"pricing_button_text":"Adicionar ao site","pricing_button_url":"#demo","_state":"expanded"}],"related_apps_title":"","related_apps_hidden":"1","author":"","image":[],"title":"","job":"","social_networks":[]},"_links":{"self":[{"href":"https:\/\/elfsight.com\/pt\/wp-json\/wp\/v2\/pages\/3676","targetHints":{"allow":["GET"]}}],"collection":[{"href":"https:\/\/elfsight.com\/pt\/wp-json\/wp\/v2\/pages"}],"about":[{"href":"https:\/\/elfsight.com\/pt\/wp-json\/wp\/v2\/types\/page"}],"author":[{"embeddable":true,"href":"https:\/\/elfsight.com\/pt\/wp-json\/wp\/v2\/users\/9"}],"replies":[{"embeddable":true,"href":"https:\/\/elfsight.com\/pt\/wp-json\/wp\/v2\/comments?post=3676"}],"version-history":[{"count":2,"href":"https:\/\/elfsight.com\/pt\/wp-json\/wp\/v2\/pages\/3676\/revisions"}],"predecessor-version":[{"id":11661,"href":"https:\/\/elfsight.com\/pt\/wp-json\/wp\/v2\/pages\/3676\/revisions\/11661"}],"up":[{"embeddable":true,"href":"https:\/\/elfsight.com\/pt\/wp-json\/wp\/v2\/pages\/1019"}],"wp:attachment":[{"href":"https:\/\/elfsight.com\/pt\/wp-json\/wp\/v2\/media?parent=3676"}],"curies":[{"name":"wp","href":"https:\/\/api.w.org\/{rel}","templated":true}]}}