{"id":3667,"date":"2024-05-03T06:33:25","date_gmt":"2024-05-03T06:33:25","guid":{"rendered":"https:\/\/elfsight.com\/pt\/?page_id=3667"},"modified":"2024-11-13T12:03:38","modified_gmt":"2024-11-13T12:03:38","slug":"jquery","status":"publish","type":"page","link":"https:\/\/elfsight.com\/pt\/cookie-consent-widget\/jquery\/","title":{"rendered":"Cookie Consent &#8211; jQuery"},"content":{"rendered":"<div class=\"application-platform-content-item-description application-platform-content-item\" id=\"description\" data-nav-section=\"description\"> <h2>Descri\u00e7\u00e3o<\/h2> <p>Usando o plugin Elfsight Cookie, ser\u00e1 absolutamente descomplicado notificar seu p\u00fablico de que seu site usa cookies em uma barra pop-up limpa. O widget permite que voc\u00ea escreva uma mensagem personalizada, inclua um link para a pol\u00edtica de uso do site e adicione bot\u00f5es ativos para obter a aprova\u00e7\u00e3o dos usu\u00e1rios. Voc\u00ea pode optar por exibir a notifica\u00e7\u00e3o na forma de uma barra de p\u00e1gina ou caixa e escolher uma posi\u00e7\u00e3o para ela. Al\u00e9m disso, os elementos pint\u00e1veis \u200b\u200bajudam voc\u00ea a fazer com que pare\u00e7a nativo e se ajuste ao estilo do site.<\/p> <div class=\"faq\" data-component=\"FAQ\"> <div class=\"faq-item\">\r\n\t\t\t\t\t<div class=\"faq-item-question\">\r\n\t\t\t\t\t\t<h3 class=\"faq-item-question-text\">Onde posso inserir consentimento de cookie<\/h3>\r\n\r\n\t\t\t\t\t\t<div class=\"faq-item-question-icon\"><\/div>\r\n\t\t\t\t\t<\/div>\r\n\r\n\t\t\t\t\t<div class=\"faq-item-answer\">\r\n\t\t\t\t\t\t<div class=\"faq-item-answer-text\"> <p>\u00c9 f\u00e1cil incorporar a notifica\u00e7\u00e3o em qualquer p\u00e1gina do site ou em todos eles, dependendo da sua necessidade. Assim que um usu\u00e1rio abrir a p\u00e1gina, o widget aparecer\u00e1.<\/p> <\/div>\r\n\t\t\t\t\t<\/div>\r\n\t\t\t\t<\/div> <div class=\"faq-item\">\r\n\t\t\t\t\t<div class=\"faq-item-question\">\r\n\t\t\t\t\t\t<h3 class=\"faq-item-question-text\">Quais vantagens isso pode me oferecer?<\/h3>\r\n\r\n\t\t\t\t\t\t<div class=\"faq-item-question-icon\"><\/div>\r\n\t\t\t\t\t<\/div>\r\n\r\n\t\t\t\t\t<div class=\"faq-item-answer\">\r\n\t\t\t\t\t\t<div class=\"faq-item-answer-text\"> <p>O widget ajuda voc\u00ea a organizar um an\u00fancio imediato de cookies em um maneira sem codifica\u00e7\u00e3o e muito rapidamente. Possui todos os idiomas europeus mais populares para garantir a melhor experi\u00eancia de usu\u00e1rio aos seus usu\u00e1rios. <\/p> <\/div>\r\n\t\t\t\t\t<\/div>\r\n\t\t\t\t<\/div> <div class=\"faq-item\">\r\n\t\t\t\t\t<div class=\"faq-item-question\">\r\n\t\t\t\t\t\t<h3 class=\"faq-item-question-text\">O que eu preciso para incorporar o consentimento de cookies em meu site jQuery?<\/h3>\r\n\r\n\t\t\t\t\t\t<div class=\"faq-item-question-icon\"><\/div>\r\n\t\t\t\t\t<\/div>\r\n\r\n\t\t\t\t\t<div class=\"faq-item-answer\">\r\n\t\t\t\t\t\t<div class=\"faq-item-answer-text\"> <p>Levar\u00e1 um minuto para que o widget esteja instalado e funcionando. A incorpora\u00e7\u00e3o \u00e9 extremamente r\u00e1pida, gratuita e sem codifica\u00e7\u00e3o. <\/p> <p>O consentimento de cookies da Elfsight pode ser inserido atrav\u00e9s do nosso servi\u00e7o ou atrav\u00e9s do mercado. Aqui voc\u00ea pode ver todos os detalhes sobre ambas as variantes e selecionar a sua.<\/p> <\/div>\r\n\t\t\t\t\t<\/div>\r\n\t\t\t\t<\/div> <\/div> <\/div><div class=\"application-platform-content-item-features application-platform-content-item\" id=\"features\" data-nav-section=\"features\"> <h2>Recursos<\/h2> <p>Para obter uma compreens\u00e3o clara do widget, consulte a lista de seus recursos essenciais. Eles tornam este widget extremamente eficiente para voc\u00ea: <\/p> <ul><li>Selecione apenas an\u00fancio ou solicita\u00e7\u00e3o de consentimento;<\/li> <li>A op\u00e7\u00e3o de escrever uma mensagem de an\u00fancio personalizada com suporte para formata\u00e7\u00e3o e links;<\/li> <li>Mostrar ou ocultar um link para a pol\u00edtica de uso do site e adicionar texto de link personalizado;<\/li> <li>A op\u00e7\u00e3o de selecionar a variante de layout de barra ou caixa da notifica\u00e7\u00e3o;<\/li> <li>A op\u00e7\u00e3o de pintar bot\u00f5es e link.<\/li> <\/ul><p><a href=\"#demo\">Para verificar todos os recursos, veja nossa demonstra\u00e7\u00e3o<\/a><\/p> <\/div><div class=\"application-platform-content-item-installation application-platform-content-item\" id=\"installation\" data-nav-section=\"installation\"> <h2>Veja como introduzir o Cookie Consent em seu site jQuery<\/h2> <p>As a\u00e7\u00f5es a seguir s\u00e3o a \u00fanica coisa que voc\u00ea precisa realizar. <\/p> <ol><li><b>Gere seu pr\u00f3prio plugin de cookie<\/b><br> Com a ajuda de nosso configurador gratuito, obtenha um plugin com layout e caracter\u00edsticas funcionais selecionados. <\/li><li><b>Copie o c\u00f3digo individual para configurar o plugin<\/b><br> Depois de criar o seu widget, voc\u00ea adquirir\u00e1 o c\u00f3digo de instala\u00e7\u00e3o na janela pop-up nos aplicativos Elfsight. Copie-o para uso posterior. <\/li> <li><b>Adicione o plugin em seu site jQuery<\/b><br> Escolha a \u00e1rea onde deseja exibir o plugin e insira o c\u00f3digo salvo l\u00e1. Aplique os resultados. <\/li> <li><b>Parab\u00e9ns! Voc\u00ea acabou de configurar o plugin!<\/b><br> Visite o site para dar uma olhada no seu trabalho. <\/li> <\/ol><p>Ainda inseguro? Ou tem d\u00favidas? Apenas uma \u00fanica solicita\u00e7\u00e3o ao nosso suporte ao cliente resolver\u00e1 qualquer tipo de problema.<\/p> <\/div>","protected":false},"excerpt":{"rendered":"","protected":false},"author":9,"featured_media":0,"parent":618,"menu_order":0,"comment_status":"closed","ping_status":"closed","template":"templates\/template-application-platform.php","meta":{"publish_to_discourse":"","publish_post_category":"","wpdc_auto_publish_overridden":"","wpdc_topic_tags":"","wpdc_pin_topic":"","wpdc_pin_until":"","discourse_post_id":"","discourse_permalink":"","wpdc_publishing_response":"","wpdc_publishing_error":"","footnotes":""},"class_list":["post-3667","page","type-page","status-publish","hentry"],"yoast_head":"<!-- This site is optimized with the Yoast SEO plugin v25.3.1 - https:\/\/yoast.com\/wordpress\/plugins\/seo\/ -->\n<title>Adicionar plugin Cookie Consent ao site jQuery (2025)<\/title>\n<meta name=\"description\" content=\"Com a Elfsight, crie o seu plugin Cookie Consent e mostre-o rapidamente no site jQuery. Oferecemos suporte gratuito ao cliente e mais b\u00f4nus.\" \/>\n<meta name=\"robots\" content=\"index, follow, max-snippet:-1, max-image-preview:large, max-video-preview:-1\" \/>\n<link rel=\"canonical\" href=\"https:\/\/elfsight.com\/pt\/cookie-consent-widget\/jquery\/\" \/>\n<meta property=\"og:locale\" content=\"pt_PT\" \/>\n<meta property=\"og:type\" content=\"article\" \/>\n<meta property=\"og:title\" content=\"Adicionar plugin Cookie Consent ao site jQuery (2025)\" \/>\n<meta property=\"og:description\" content=\"Com a Elfsight, crie o seu plugin Cookie Consent e mostre-o rapidamente no site jQuery. Oferecemos suporte gratuito ao cliente e mais b\u00f4nus.\" \/>\n<meta property=\"og:url\" content=\"https:\/\/elfsight.com\/pt\/cookie-consent-widget\/jquery\/\" \/>\n<meta property=\"og:site_name\" content=\"Elfsight PT\" \/>\n<meta property=\"article:modified_time\" content=\"2024-11-13T12:03:38+00:00\" \/>\n<meta name=\"twitter:card\" content=\"summary_large_image\" \/>\n<meta name=\"twitter:label1\" content=\"Tempo estimado de leitura\" \/>\n\t<meta name=\"twitter:data1\" content=\"2 minutos\" \/>\n<!-- \/ Yoast SEO plugin. -->","yoast_head_json":{"title":"Adicionar plugin Cookie Consent ao site jQuery (2025)","description":"Com a Elfsight, crie o seu plugin Cookie Consent e mostre-o rapidamente no site jQuery. Oferecemos suporte gratuito ao cliente e mais b\u00f4nus.","robots":{"index":"index","follow":"follow","max-snippet":"max-snippet:-1","max-image-preview":"max-image-preview:large","max-video-preview":"max-video-preview:-1"},"canonical":"https:\/\/elfsight.com\/pt\/cookie-consent-widget\/jquery\/","og_locale":"pt_PT","og_type":"article","og_title":"Adicionar plugin Cookie Consent ao site jQuery (2025)","og_description":"Com a Elfsight, crie o seu plugin Cookie Consent e mostre-o rapidamente no site jQuery. Oferecemos suporte gratuito ao cliente e mais b\u00f4nus.","og_url":"https:\/\/elfsight.com\/pt\/cookie-consent-widget\/jquery\/","og_site_name":"Elfsight PT","article_modified_time":"2024-11-13T12:03:38+00:00","twitter_card":"summary_large_image","twitter_misc":{"Tempo estimado de leitura":"2 minutos"},"schema":{"@context":"https:\/\/schema.org","@graph":[{"@type":"WebPage","@id":"https:\/\/elfsight.com\/pt\/cookie-consent-widget\/jquery\/","url":"https:\/\/elfsight.com\/pt\/cookie-consent-widget\/jquery\/","name":"Adicionar plugin Cookie Consent ao site jQuery (2025)","isPartOf":{"@id":"https:\/\/elfsight.com\/pt\/#website"},"datePublished":"2024-05-03T06:33:25+00:00","dateModified":"2024-11-13T12:03:38+00:00","description":"Com a Elfsight, crie o seu plugin Cookie Consent e mostre-o rapidamente no site jQuery. Oferecemos suporte gratuito ao cliente e mais b\u00f4nus.","breadcrumb":{"@id":"https:\/\/elfsight.com\/pt\/cookie-consent-widget\/jquery\/#breadcrumb"},"inLanguage":"pt-PT","potentialAction":[{"@type":"ReadAction","target":["https:\/\/elfsight.com\/pt\/cookie-consent-widget\/jquery\/"]}]},{"@type":"BreadcrumbList","@id":"https:\/\/elfsight.com\/pt\/cookie-consent-widget\/jquery\/#breadcrumb","itemListElement":[{"@type":"ListItem","position":1,"name":"Home","item":"https:\/\/elfsight.com\/pt\/"},{"@type":"ListItem","position":2,"name":"Cookie Consent","item":"https:\/\/elfsight.com\/pt\/cookie-consent-widget\/"},{"@type":"ListItem","position":3,"name":"Cookie Consent &#8211; jQuery"}]},{"@type":"WebSite","@id":"https:\/\/elfsight.com\/pt\/#website","url":"https:\/\/elfsight.com\/pt\/","name":"Elfsight PT","description":"Just another Elfsight Sites site","potentialAction":[{"@type":"SearchAction","target":{"@type":"EntryPoint","urlTemplate":"https:\/\/elfsight.com\/pt\/?s={search_term_string}"},"query-input":{"@type":"PropertyValueSpecification","valueRequired":true,"valueName":"search_term_string"}}],"inLanguage":"pt-PT"}]}},"meta_box":{"industry":"","seo_heading":"","heading":"","description":"","cta_heading":"","cta_description":"","application":"617","h1":"Plug-in de consentimento de cookie jQuery","h1_caption":"Demonstre uma notifica\u00e7\u00e3o r\u00e1pida de cookies com bot\u00e3o de consentimento para seus usu\u00e1rios","application_category":[],"applications_title":"","applications_request_title":"","applications_request_button_text":"","hero_text":"","hero_video":"","hero_video_schema_markup":"","selling_points_title":"","selling_points_caption":"","selling_points":[],"selling_points_cta_text":"","features_title":"","features":"","ed_cta_examples_text":"","ed_cta_examples_hidden":"","ed_cta_demo_text":"","ed_cta_demo_hidden":"","why_caption":"","why_editor_title":"","why_editor_text":"","why_team_title":"","why_team_text":"","why_service_title":"","why_service_text":"","template_catalog_visible":"","template_catalog_title":"","template_catalog_text":"","template_catalog_categories_visible":"","demo_title":"Crie seu plugin de consentimento de cookies","demo_caption":"Configure seu Cookie Consent e adicione-o ao seu site jQuery gratuitamente!","default_faq_hidden":"","app_template_category":[],"platform":"55","template_public_id":"","codecanyon_url":"","codecanyon_item_id":"","codecanyon_price":"","pricing_caption":"","pricing_elfsight_apps_hide_column":"","pricing_elfsight_apps_url":"","pricing_codecanyon_price_caption":"","integration_category":[],"integration_request_title":"","integration_request_cta":"","integration_platform":"","integrations":[],"platform_category":[],"video_schema_markup":"","price":"a partir de US$ 0\/m\u00eas","trial":"","benefits":[{"text":"Ajuda de instala\u00e7\u00e3o gratuita"},{"text":"Suporte excepcional"},{"text":"Garantia de devolu\u00e7\u00e3o do dinheiro em 14 dias"},{"text":"Atualiza\u00e7\u00f5es vital\u00edcias"}],"button_url":"#demo","button_target_blank":"0","button_nofollow":"0","attributes":[{"name":"Instala\u00e7\u00f5es","content":"100,000 - 500,000","_state":"expanded"},{"name":"Responsivo","content":"Sim","_state":"expanded"},{"name":"Navegadores compat\u00edveis","content":"Firefox, Safari, Opera, Chrome, Edge"}],"tags":[],"tags_disable_links":"0","hide_more_platforms":"","video_object":"","demo_hide_cta":"0","demo_hide_cloud_options":"0","pricing_title":"","pricing":[{"pricing_icon":"platform","pricing_title":"Elfsight Apps","pricing_title_caption":"Solu\u00e7\u00e3o digital multiplataforma que se adapta a qualquer site","pricing_price":"a partir de US$ 0\/m\u00eas","pricing_price_caption":"comece com um plano gratuito","pricing_benefits":[{"text":"Dom\u00ednios ilimitados"},{"text":"Suporte 24 horas por dia, 7 dias por semana e pontual"},{"text":"Suporte 24 horas por dia, 7 dias por semana e pontual"},{"text":"100% personaliz\u00e1vel"}],"pricing_button_text":"Adicionar ao site","pricing_button_url":"#demo","_state":"expanded"}],"related_apps_title":"","related_apps_hidden":"1","author":"","image":[],"title":"","job":"","social_networks":[]},"_links":{"self":[{"href":"https:\/\/elfsight.com\/pt\/wp-json\/wp\/v2\/pages\/3667","targetHints":{"allow":["GET"]}}],"collection":[{"href":"https:\/\/elfsight.com\/pt\/wp-json\/wp\/v2\/pages"}],"about":[{"href":"https:\/\/elfsight.com\/pt\/wp-json\/wp\/v2\/types\/page"}],"author":[{"embeddable":true,"href":"https:\/\/elfsight.com\/pt\/wp-json\/wp\/v2\/users\/9"}],"replies":[{"embeddable":true,"href":"https:\/\/elfsight.com\/pt\/wp-json\/wp\/v2\/comments?post=3667"}],"version-history":[{"count":2,"href":"https:\/\/elfsight.com\/pt\/wp-json\/wp\/v2\/pages\/3667\/revisions"}],"predecessor-version":[{"id":11717,"href":"https:\/\/elfsight.com\/pt\/wp-json\/wp\/v2\/pages\/3667\/revisions\/11717"}],"up":[{"embeddable":true,"href":"https:\/\/elfsight.com\/pt\/wp-json\/wp\/v2\/pages\/618"}],"wp:attachment":[{"href":"https:\/\/elfsight.com\/pt\/wp-json\/wp\/v2\/media?parent=3667"}],"curies":[{"name":"wp","href":"https:\/\/api.w.org\/{rel}","templated":true}]}}