{"id":3665,"date":"2024-05-03T06:28:42","date_gmt":"2024-05-03T06:28:42","guid":{"rendered":"https:\/\/elfsight.com\/pt\/?page_id=3665"},"modified":"2024-11-13T11:41:22","modified_gmt":"2024-11-13T11:41:22","slug":"joomla","status":"publish","type":"page","link":"https:\/\/elfsight.com\/pt\/audio-player-widget\/joomla\/","title":{"rendered":"Audio Player &#8211; Joomla"},"content":{"rendered":"<div class=\"application-platform-content-item-description application-platform-content-item\" id=\"description\" data-nav-section=\"description\"> <h2>Descri\u00e7\u00e3o<\/h2> <p>Elfsight Music Player \u00e9 um m\u00f3dulo simples para Joomla que permite transmitir faixas de \u00e1udio diretamente no seu site. A extens\u00e3o de \u00e1udio \u00e9 extremamente ajust\u00e1vel: voc\u00ea pode alterar seu posicionamento, coloc\u00e1-lo em qualquer lugar da p\u00e1gina, dimensionar seu tamanho, recolorir o fundo e outras partes para combin\u00e1-lo com o layout do seu site, empregar tema escuro, demonstrar capas e mostrar ou ocultar quatro outros detalhes do jogador, por exemplo barra de progresso, t\u00edtulo e outros. Carregue quantas faixas quiser para entreter seus usu\u00e1rios, ative a reprodu\u00e7\u00e3o autom\u00e1tica e n\u00e3o tenha d\u00favidas: seu p\u00fablico n\u00e3o sair\u00e1 da sua p\u00e1gina inicial com pressa! <\/p><p><b>Inicie o m\u00f3dulo Elfsight Audio para enfrentar seus desafios de com\u00e9rcio eletr\u00f4nico!<\/b><\/p> <\/div> <div class=\"application-platform-content-item-features application-platform-content-item\" id=\"features\" data-nav-section=\"features\"> <h2>Estude a lista dos recursos mais importantes:<\/h2> <ul><li>Numerosas varia\u00e7\u00f5es de cores<\/li> <li>Tema de cores claras\/escuras<\/li> <li>Design responsivo<\/li> <li>2 layouts dispon\u00edveis<\/li> <li>Possibilidade de anexar imagem de fundo<\/li> <\/ul><p><a href=\"#demo\">Voc\u00ea pode testar a funcionalidade completa do widget na demonstra\u00e7\u00e3o nesta p\u00e1gina<\/a><\/p> <\/div> <div class=\"application-platform-content-item-installation application-platform-content-item\" id=\"installation\" data-nav-section=\"installation\"> <h2>Como adicionar a extens\u00e3o Audio Player no meu site Joomla? <\/h2> <div class=\"video-container\"><iframe width=\"720\" height=\"405\" src=\"https:\/\/www.youtube.com\/embed\/f8HssPqPtJE\" frameborder=\"0\" allowfullscreen=\"\"><\/iframe><\/div><p>Basta seguir as etapas abaixo para come\u00e7ar a usar o m\u00f3dulo.<\/p> <ol><li><b>Use nosso editor gratuito e comece a moldar sua extens\u00e3o personalizada. <\/b><br> Escolha a disposi\u00e7\u00e3o selecionada e as caracter\u00edsticas funcionais da extens\u00e3o e salve todas as corre\u00e7\u00f5es. <\/li> <li><b>Adquira o seu c\u00f3digo exclusivo revelado na caixa das aplica\u00e7\u00f5es Elfsight. <\/b><br> Assim que terminar a configura\u00e7\u00e3o da sua extens\u00e3o, copie o c\u00f3digo pessoal na caixa exibida e guarde-o para futuras necessidades. <\/li> <li><b>Iniciar a aplica\u00e7\u00e3o da extens\u00e3o no site Joomla. <\/b><br> Insira o c\u00f3digo salvo anteriormente em seu site e salve as modifica\u00e7\u00f5es. <\/li> <li><b>Pronto! A configura\u00e7\u00e3o est\u00e1 totalmente conclu\u00edda. <\/b><br> Acesse seu site para revisar o trabalho da extens\u00e3o. <\/li><\/ol><p>Caso tenha d\u00favidas ou tenha algum problema, n\u00e3o hesite em entrar em contato com nossa equipe de atendimento ao cliente. Nossos especialistas est\u00e3o ansiosos para resolver todas as dificuldades que voc\u00ea possa ter no widget. <\/p> <\/div><div class=\"faq\" data-component=\"FAQ\"><div class=\"faq-item\">\r\n\t\t\t\t\t<div class=\"faq-item-question\">\r\n\t\t\t\t\t\t<h3 class=\"faq-item-question-text\">Como posso incorporar um reprodutor de \u00e1udio ao site Joomla?<\/h3>\r\n\r\n\t\t\t\t\t\t<div class=\"faq-item-question-icon\"><\/div>\r\n\t\t\t\t\t<\/div>\r\n\r\n\t\t\t\t\t<div class=\"faq-item-answer\">\r\n\t\t\t\t\t\t<div class=\"faq-item-answer-text\"><p>A constru\u00e7\u00e3o da ferramenta \u00e9 realizado no site da Elfsight e voc\u00ea n\u00e3o precisa aprender a programar. Utilize nossa demonstra\u00e7\u00e3o online para personalizar seu pr\u00f3prio plugin, obter o c\u00f3digo e integr\u00e1-lo ao seu site. <\/p><\/div>\r\n\t\t\t\t\t<\/div>\r\n\t\t\t\t<\/div><div class=\"faq-item\">\r\n\t\t\t\t\t<div class=\"faq-item-question\">\r\n\t\t\t\t\t\t<h3 class=\"faq-item-question-text\">As melhores maneiras de usar a integra\u00e7\u00e3o do reprodutor de m\u00fasica<\/h3>\r\n\r\n\t\t\t\t\t\t<div class=\"faq-item-question-icon\"><\/div>\r\n\t\t\t\t\t<\/div>\r\n\r\n\t\t\t\t\t<div class=\"faq-item-answer\">\r\n\t\t\t\t\t\t<div class=\"faq-item-answer-text\"><p>Temos muitas op\u00e7\u00f5es de personaliza\u00e7\u00e3o: widgets em escala real para inser\u00e7\u00e3o na \u00e1rea de conte\u00fado, plug-ins flutuantes com op\u00e7\u00f5es de rolagem, layouts de rodap\u00e9 do seu site, se\u00e7\u00e3o principal e todos os tipos de op\u00e7\u00f5es verticais para barras laterais e menus. <\/p><\/div>\r\n\t\t\t\t\t<\/div>\r\n\t\t\t\t<\/div><div class=\"faq-item\">\r\n\t\t\t\t\t<div class=\"faq-item-question\">\r\n\t\t\t\t\t\t<h3 class=\"faq-item-question-text\">Posso criar um audiolivro ou uma lista de reprodu\u00e7\u00e3o de medita\u00e7\u00e3o por meio do seu editor?<\/h3>\r\n\r\n\t\t\t\t\t\t<div class=\"faq-item-question-icon\"><\/div>\r\n\t\t\t\t\t<\/div>\r\n\r\n\t\t\t\t\t<div class=\"faq-item-answer\">\r\n\t\t\t\t\t\t<div class=\"faq-item-answer-text\"><p>Voc\u00ea pode fazer altera\u00e7\u00f5es em qualquer widget. Existem muitos layouts dispon\u00edveis no editor, e todos eles podem ser facilmente ajustados conforme sua necessidade. <\/p><\/div>\r\n\t\t\t\t\t<\/div>\r\n\t\t\t\t<\/div><\/div>","protected":false},"excerpt":{"rendered":"","protected":false},"author":9,"featured_media":0,"parent":1079,"menu_order":0,"comment_status":"closed","ping_status":"closed","template":"templates\/template-application-platform.php","meta":{"publish_to_discourse":"","publish_post_category":"","wpdc_auto_publish_overridden":"","wpdc_topic_tags":"","wpdc_pin_topic":"","wpdc_pin_until":"","discourse_post_id":"","discourse_permalink":"","wpdc_publishing_response":"","wpdc_publishing_error":"","footnotes":""},"class_list":["post-3665","page","type-page","status-publish","hentry"],"yoast_head":"<!-- This site is optimized with the Yoast SEO plugin v25.3.1 - https:\/\/yoast.com\/wordpress\/plugins\/seo\/ -->\n<title>Audio Player \u2013 Adicione o aplicativo Music ao site Joomla (r\u00e1pido e gratuito)<\/title>\n<meta name=\"description\" content=\"Incorpore uma extens\u00e3o flex\u00edvel do Music Player em seu Joomla. Use a demonstra\u00e7\u00e3o pr\u00e1tica da Elfsight e crie seu m\u00f3dulo de \u00e1udio personalizado em apenas 2 minutos.\" \/>\n<meta name=\"robots\" content=\"index, follow, max-snippet:-1, max-image-preview:large, max-video-preview:-1\" \/>\n<link rel=\"canonical\" href=\"https:\/\/elfsight.com\/pt\/audio-player-widget\/joomla\/\" \/>\n<meta property=\"og:locale\" content=\"pt_PT\" \/>\n<meta property=\"og:type\" content=\"article\" \/>\n<meta property=\"og:title\" content=\"Audio Player \u2013 Adicione o aplicativo Music ao site Joomla (r\u00e1pido e gratuito)\" \/>\n<meta property=\"og:description\" content=\"Incorpore uma extens\u00e3o flex\u00edvel do Music Player em seu Joomla. Use a demonstra\u00e7\u00e3o pr\u00e1tica da Elfsight e crie seu m\u00f3dulo de \u00e1udio personalizado em apenas 2 minutos.\" \/>\n<meta property=\"og:url\" content=\"https:\/\/elfsight.com\/pt\/audio-player-widget\/joomla\/\" \/>\n<meta property=\"og:site_name\" content=\"Elfsight PT\" \/>\n<meta property=\"article:modified_time\" content=\"2024-11-13T11:41:22+00:00\" \/>\n<meta name=\"twitter:card\" content=\"summary_large_image\" \/>\n<meta name=\"twitter:label1\" content=\"Tempo estimado de leitura\" \/>\n\t<meta name=\"twitter:data1\" content=\"2 minutos\" \/>\n<!-- \/ Yoast SEO plugin. -->","yoast_head_json":{"title":"Audio Player \u2013 Adicione o aplicativo Music ao site Joomla (r\u00e1pido e gratuito)","description":"Incorpore uma extens\u00e3o flex\u00edvel do Music Player em seu Joomla. Use a demonstra\u00e7\u00e3o pr\u00e1tica da Elfsight e crie seu m\u00f3dulo de \u00e1udio personalizado em apenas 2 minutos.","robots":{"index":"index","follow":"follow","max-snippet":"max-snippet:-1","max-image-preview":"max-image-preview:large","max-video-preview":"max-video-preview:-1"},"canonical":"https:\/\/elfsight.com\/pt\/audio-player-widget\/joomla\/","og_locale":"pt_PT","og_type":"article","og_title":"Audio Player \u2013 Adicione o aplicativo Music ao site Joomla (r\u00e1pido e gratuito)","og_description":"Incorpore uma extens\u00e3o flex\u00edvel do Music Player em seu Joomla. Use a demonstra\u00e7\u00e3o pr\u00e1tica da Elfsight e crie seu m\u00f3dulo de \u00e1udio personalizado em apenas 2 minutos.","og_url":"https:\/\/elfsight.com\/pt\/audio-player-widget\/joomla\/","og_site_name":"Elfsight PT","article_modified_time":"2024-11-13T11:41:22+00:00","twitter_card":"summary_large_image","twitter_misc":{"Tempo estimado de leitura":"2 minutos"},"schema":{"@context":"https:\/\/schema.org","@graph":[{"@type":"WebPage","@id":"https:\/\/elfsight.com\/pt\/audio-player-widget\/joomla\/","url":"https:\/\/elfsight.com\/pt\/audio-player-widget\/joomla\/","name":"Audio Player \u2013 Adicione o aplicativo Music ao site Joomla (r\u00e1pido e gratuito)","isPartOf":{"@id":"https:\/\/elfsight.com\/pt\/#website"},"datePublished":"2024-05-03T06:28:42+00:00","dateModified":"2024-11-13T11:41:22+00:00","description":"Incorpore uma extens\u00e3o flex\u00edvel do Music Player em seu Joomla. Use a demonstra\u00e7\u00e3o pr\u00e1tica da Elfsight e crie seu m\u00f3dulo de \u00e1udio personalizado em apenas 2 minutos.","breadcrumb":{"@id":"https:\/\/elfsight.com\/pt\/audio-player-widget\/joomla\/#breadcrumb"},"inLanguage":"pt-PT","potentialAction":[{"@type":"ReadAction","target":["https:\/\/elfsight.com\/pt\/audio-player-widget\/joomla\/"]}]},{"@type":"BreadcrumbList","@id":"https:\/\/elfsight.com\/pt\/audio-player-widget\/joomla\/#breadcrumb","itemListElement":[{"@type":"ListItem","position":1,"name":"Home","item":"https:\/\/elfsight.com\/pt\/"},{"@type":"ListItem","position":2,"name":"Audio Player","item":"https:\/\/elfsight.com\/pt\/audio-player-widget\/"},{"@type":"ListItem","position":3,"name":"Audio Player &#8211; Joomla"}]},{"@type":"WebSite","@id":"https:\/\/elfsight.com\/pt\/#website","url":"https:\/\/elfsight.com\/pt\/","name":"Elfsight PT","description":"Just another Elfsight Sites site","potentialAction":[{"@type":"SearchAction","target":{"@type":"EntryPoint","urlTemplate":"https:\/\/elfsight.com\/pt\/?s={search_term_string}"},"query-input":{"@type":"PropertyValueSpecification","valueRequired":true,"valueName":"search_term_string"}}],"inLanguage":"pt-PT"}]}},"meta_box":{"industry":"","seo_heading":"","heading":"","description":"","cta_heading":"","cta_description":"","application":"1078","h1":"Extens\u00e3o do reprodutor de \u00e1udio Joomla","h1_caption":"Adicione um recurso envolvente ao seu site e atraia mais clientes agradecidos imediatamente","application_category":[],"applications_title":"","applications_request_title":"","applications_request_button_text":"","hero_text":"","hero_video":"","hero_video_schema_markup":"","selling_points_title":"","selling_points_caption":"","selling_points":[],"selling_points_cta_text":"","features_title":"","features":"","ed_cta_examples_text":"","ed_cta_examples_hidden":"","ed_cta_demo_text":"","ed_cta_demo_hidden":"","why_caption":"","why_editor_title":"","why_editor_text":"","why_team_title":"","why_team_text":"","why_service_title":"","why_service_text":"","template_catalog_visible":"","template_catalog_title":"","template_catalog_text":"","template_catalog_categories_visible":"","demo_title":"Crie seu plugin do reprodutor de \u00e1udio","demo_caption":"Configure seu reprodutor de \u00e1udio e adicione-o ao seu site Joomla gratuitamente!","default_faq_hidden":"","app_template_category":[],"platform":"52","template_public_id":"","codecanyon_url":"","codecanyon_item_id":"","codecanyon_price":"","pricing_caption":"","pricing_elfsight_apps_hide_column":"","pricing_elfsight_apps_url":"","pricing_codecanyon_price_caption":"","integration_category":[],"integration_request_title":"","integration_request_cta":"","integration_platform":"","integrations":[],"platform_category":[],"video_schema_markup":"","price":"a partir de US$ 0\/m\u00eas","trial":"","benefits":[{"text":"Assist\u00eancia de instala\u00e7\u00e3o gratuita"},{"text":"Suporte excepcional"},{"text":"Garantia de devolu\u00e7\u00e3o do dinheiro em 14 dias"},{"text":"Atualiza\u00e7\u00f5es gratuitas vital\u00edcias"}],"button_url":"#demo","button_target_blank":"0","button_nofollow":"0","attributes":[{"name":"Instala\u00e7\u00f5es","content":"100,000 - 500,000","_state":"expanded"},{"name":"Responsivo","content":"Sim","_state":"expanded"},{"name":"Navegadores compat\u00edveis","content":"Firefox, Safari, Opera, Chrome, Edge"}],"tags":[],"tags_disable_links":"0","hide_more_platforms":"","video_object":"","demo_hide_cta":"0","demo_hide_cloud_options":"0","pricing_title":"","pricing":[{"pricing_icon":"platform","pricing_title":"Elfsight Apps","pricing_title_caption":"Vers\u00e3o multiplataforma adequada para qualquer site","pricing_price":"a partir de US$ 0\/m\u00eas","pricing_price_caption":"comece com plano gratuito","pricing_benefits":[{"text":"Dom\u00ednios ilimitados"},{"text":"Suporte profissional e bem documentado"},{"text":"Suporte profissional e bem documentado"},{"text":"Oferta por tempo limitado para v\u00e1rios aplicativos"}],"pricing_button_text":"Adicionar ao site","pricing_button_url":"#demo","_state":"expanded"}],"related_apps_title":"","related_apps_hidden":"1","author":"","image":[],"title":"","job":"","social_networks":[]},"_links":{"self":[{"href":"https:\/\/elfsight.com\/pt\/wp-json\/wp\/v2\/pages\/3665","targetHints":{"allow":["GET"]}}],"collection":[{"href":"https:\/\/elfsight.com\/pt\/wp-json\/wp\/v2\/pages"}],"about":[{"href":"https:\/\/elfsight.com\/pt\/wp-json\/wp\/v2\/types\/page"}],"author":[{"embeddable":true,"href":"https:\/\/elfsight.com\/pt\/wp-json\/wp\/v2\/users\/9"}],"replies":[{"embeddable":true,"href":"https:\/\/elfsight.com\/pt\/wp-json\/wp\/v2\/comments?post=3665"}],"version-history":[{"count":2,"href":"https:\/\/elfsight.com\/pt\/wp-json\/wp\/v2\/pages\/3665\/revisions"}],"predecessor-version":[{"id":11624,"href":"https:\/\/elfsight.com\/pt\/wp-json\/wp\/v2\/pages\/3665\/revisions\/11624"}],"up":[{"embeddable":true,"href":"https:\/\/elfsight.com\/pt\/wp-json\/wp\/v2\/pages\/1079"}],"wp:attachment":[{"href":"https:\/\/elfsight.com\/pt\/wp-json\/wp\/v2\/media?parent=3665"}],"curies":[{"name":"wp","href":"https:\/\/api.w.org\/{rel}","templated":true}]}}