{"id":3662,"date":"2024-05-03T06:32:57","date_gmt":"2024-05-03T06:32:57","guid":{"rendered":"https:\/\/elfsight.com\/pt\/?page_id=3662"},"modified":"2024-11-13T12:16:31","modified_gmt":"2024-11-13T12:16:31","slug":"joomla","status":"publish","type":"page","link":"https:\/\/elfsight.com\/pt\/contact-form-widget\/joomla\/","title":{"rendered":"Contact Form &#8211; Joomla"},"content":{"rendered":"<div class=\"application-platform-content-item-description application-platform-content-item\" id=\"description\" data-nav-section=\"description\"><h2>Formul\u00e1rio de contato para Joomla<\/h2><p>Se voc\u00ea est\u00e1 procurando o melhor formul\u00e1rio de contato para Joomla, a extens\u00e3o de contato da Elfsight pode ajudar . \u00c9 um m\u00f3dulo que visa auxili\u00e1-lo em todas as demandas atuais na obten\u00e7\u00e3o de impress\u00f5es e solicita\u00e7\u00f5es dos visitantes do seu site. Basta revelar as partes essenciais para o preenchimento, encontrar o template preferido e projetar a interface para inspirar ainda mais seus visitantes a deixarem demandas pelos servi\u00e7os que sua empresa presta. Nosso plugin de formul\u00e1rio de contato foi projetado para atender a todas as suas necessidades de obter feedback e estar em contato com seus clientes.<\/p><p><b>Receba avalia\u00e7\u00f5es, solicita\u00e7\u00f5es e envie respostas \u00e0s cartas dos visitantes do seu site. !<\/b><\/p><ul><li><b>Atualize a gera\u00e7\u00e3o de leads<\/b>.<br>Esteja pr\u00f3ximo de seus futuros clientes, solicitando que eles se comuniquem com voc\u00ea por meio da extens\u00e3o de contato a qualquer momento . Um n\u00famero menor de linhas levar\u00e1 a uma convers\u00e3o mais alta.<\/li><li><b>Bloqueie spam<\/b>.<br>Preserve apenas comunica\u00e7\u00f5es org\u00e2nicas com a substancial tecnologia reCAPTCHA do Google, que protege contra spam e bots.<\/li> <li><b>Colete o feedback dos clientes com facilidade<\/b>.<br>Crie um plug-in de formul\u00e1rio atraente para que ele possa ser encontrado gratuitamente nas p\u00e1ginas do seu site, incentivando os visitantes a deixar coment\u00e1rios sempre que acharem necess\u00e1rio .<\/li><\/ul><\/div><div class=\"application-platform-content-item-features application-platform-content-item\" id=\"features\" data-nav-section=\"features\"><h2>Plugin de formul\u00e1rio de contato<\/h2><p>O que torna nosso formul\u00e1rio de contato a melhor extens\u00e3o para receber feedback e pedidos de um Site Joomla? Conhe\u00e7a nossas vantagens b\u00e1sicas:<\/p><ul><li>Conjunto m\u00ednimo de campos para enviar um feedback: nome, e-mail, telefone e mensagem;<\/li><li>Fixar uma foto, um logotipo ou uma foto sobre seu formul\u00e1rio;<\/li><li>5 estilos de campo visual inclu\u00eddos: cl\u00e1ssico, plano, material, cl\u00e1ssico arredondado, plano arredondado;<\/li><li>Definir um texto para aparecer ap\u00f3s o envio bem-sucedido da mensagem ;<\/li><li>Design perfeito que se adapta a 99% dos sites prontos para uso.<\/li><\/ul><p><a href=\"#demo\">Teste o conjunto completo de recursos em nosso editor<\/a><\/p><\/div><div class=\"application-platform-content-item-installation application-platform-content-item\" id=\"installation\" data-nav-section=\"installation\"><h2>Como adicionar widget de formul\u00e1rio de contato ao site Joomla<\/h2><div class=\"video-container\"><iframe width=\"720\" height=\"405\" src=\"https:\/\/www.youtube.com\/embed\/p-o048a61jM\" frameborder=\"0\" allowfullscreen=\"\"><\/iframe><\/div><p>Basta executar o diretrizes abaixo para integrar a extens\u00e3o no Joomla.<\/p> <ol><li><b>Use nossa demonstra\u00e7\u00e3o gratuita e comece a formar sua extens\u00e3o de formul\u00e1rio de contato personalizada. <\/b><br> Escolha a apar\u00eancia e os aspectos selecionados do plugin e aplique as modifica\u00e7\u00f5es. <\/li> <li><b>Receba o c\u00f3digo exclusivo apresentado no formul\u00e1rio especial nas aplica\u00e7\u00f5es Elfsight. <\/b><br> Assim que terminar a customiza\u00e7\u00e3o de sua ferramenta pessoal, copie o c\u00f3digo individual na janela exibida e guarde-o para uso futuro. <\/li> <li><b>Iniciar a utiliza\u00e7\u00e3o da ferramenta no site Joomla. <\/b><br> Incorpore o c\u00f3digo salvo anteriormente em sua p\u00e1gina e salve as corre\u00e7\u00f5es. <\/li> <li><b>Conclu\u00eddo! A configura\u00e7\u00e3o est\u00e1 totalmente conclu\u00edda. <\/b><br> Acesse sua p\u00e1gina para ver em a\u00e7\u00e3o o funcionamento da extens\u00e3o. <\/li><\/ol><p>Voc\u00ea tem alguma d\u00favida ao aplicar as instru\u00e7\u00f5es ou criar seu formul\u00e1rio? Voc\u00ea pode achar \u00fatil ler um manual detalhado \u00ab<a href=\"https:\/\/elfsight.com\/tutorials\/how-to-add-contact-form-module-to-joomla\/\" target=\"_blank\" rel=\"noopener noreferrer\">Como exibir o formul\u00e1rio de contato em um site Joomla<\/a>\u00bb e tente integr\u00e1-lo mais uma vez por conta pr\u00f3pria, ou entre em contato com a equipe de suporte da Elfsight com uma explica\u00e7\u00e3o detalhada da sua d\u00favida, e nossa equipe ter\u00e1 prazer em ajuda.<\/p><div class=\"faq\" data-component=\"FAQ\"> <div class=\"faq-item\">\r\n\t\t\t\t\t<div class=\"faq-item-question\">\r\n\t\t\t\t\t\t<h3 class=\"faq-item-question-text\">Como adicionar um Formul\u00e1rio de Contato ao meu site Joomla sem habilidades de codifica\u00e7\u00e3o?<\/h3>\r\n\r\n\t\t\t\t\t\t<div class=\"faq-item-question-icon\"><\/div>\r\n\t\t\t\t\t<\/div>\r\n\r\n\t\t\t\t\t<div class=\"faq-item-answer\">\r\n\t\t\t\t\t\t<div class=\"faq-item-answer-text\"> <p>A Elfsight fornece uma solu\u00e7\u00e3o SaaS que permite que voc\u00ea mesmo crie um widget de Formul\u00e1rio de Contato, veja como \u00e9 f\u00e1cil o processo \u00e9: Trabalhe diretamente no Editor online para criar um widget de Formul\u00e1rio de Contato que voc\u00ea gostaria de ver em seu site Joomla. Escolha um dos modelos predefinidos e ajuste as configura\u00e7\u00f5es do Formul\u00e1rio de Contato, adicione seu conte\u00fado, altere o layout e o esquema de cores sem habilidades de codifica\u00e7\u00e3o. Salve o Formul\u00e1rio de Contato e copie seu c\u00f3digo de instala\u00e7\u00e3o, que voc\u00ea pode incorporar em seu site Joomla sem a necessidade de adquirir um plano pago. Com nosso editor intuitivo, qualquer usu\u00e1rio da Internet pode criar um widget de formul\u00e1rio de contato online e incorpor\u00e1-lo facilmente ao seu site Joomla. N\u00e3o h\u00e1 necessidade de pagar ou inserir as credenciais do seu cart\u00e3o para acessar o servi\u00e7o. Se voc\u00ea enfrentar qualquer problema em qualquer etapa, sinta-se \u00e0 vontade para entrar em contato com nossa equipe de suporte t\u00e9cnico.<\/p> <\/div>\r\n\t\t\t\t\t<\/div>\r\n\t\t\t\t<\/div> <div class=\"faq-item\">\r\n\t\t\t\t\t<div class=\"faq-item-question\">\r\n\t\t\t\t\t\t<h3 class=\"faq-item-question-text\">Voc\u00eas oferecem modelos de formul\u00e1rio de contato para o site Joomla?<\/h3>\r\n\r\n\t\t\t\t\t\t<div class=\"faq-item-question-icon\"><\/div>\r\n\t\t\t\t\t<\/div>\r\n\r\n\t\t\t\t\t<div class=\"faq-item-answer\">\r\n\t\t\t\t\t\t<div class=\"faq-item-answer-text\"><p>Sim, A Elfsight tem mais de 300 modelos prontos para usar para qualquer caso. D\u00ea uma olhada nos <a href=\"https:\/\/elfsight.com\/online-form-builder\/templates\/contact-forms\/\">modelos de formul\u00e1rio de contato<\/a> e escolha o que voc\u00ea mais gosta.<\/p><\/div>\r\n\t\t\t\t\t<\/div>\r\n\t\t\t\t<\/div><\/div> <\/div>","protected":false},"excerpt":{"rendered":"","protected":false},"author":9,"featured_media":0,"parent":715,"menu_order":0,"comment_status":"closed","ping_status":"closed","template":"templates\/template-application-platform.php","meta":{"publish_to_discourse":"","publish_post_category":"","wpdc_auto_publish_overridden":"","wpdc_topic_tags":"","wpdc_pin_topic":"","wpdc_pin_until":"","discourse_post_id":"","discourse_permalink":"","wpdc_publishing_response":"","wpdc_publishing_error":"","footnotes":""},"class_list":["post-3662","page","type-page","status-publish","hentry"],"yoast_head":"<!-- This site is optimized with the Yoast SEO plugin v25.3.1 - https:\/\/yoast.com\/wordpress\/plugins\/seo\/ -->\n<title>Crie e adicione formul\u00e1rio de contato no Joomla gratuitamente!<\/title>\n<meta name=\"description\" content=\"Obtenha sua extens\u00e3o de formul\u00e1rio de contato exclusiva para Joomla e mostre-a em seu site em apenas 3 minutos. Configurador gratuito, suporte com instala\u00e7\u00e3o e outros extras da Elfsight!\" \/>\n<meta name=\"robots\" content=\"index, follow, max-snippet:-1, max-image-preview:large, max-video-preview:-1\" \/>\n<link rel=\"canonical\" href=\"https:\/\/elfsight.com\/pt\/contact-form-widget\/joomla\/\" \/>\n<meta property=\"og:locale\" content=\"pt_PT\" \/>\n<meta property=\"og:type\" content=\"article\" \/>\n<meta property=\"og:title\" content=\"Crie e adicione formul\u00e1rio de contato no Joomla gratuitamente!\" \/>\n<meta property=\"og:description\" content=\"Obtenha sua extens\u00e3o de formul\u00e1rio de contato exclusiva para Joomla e mostre-a em seu site em apenas 3 minutos. Configurador gratuito, suporte com instala\u00e7\u00e3o e outros extras da Elfsight!\" \/>\n<meta property=\"og:url\" content=\"https:\/\/elfsight.com\/pt\/contact-form-widget\/joomla\/\" \/>\n<meta property=\"og:site_name\" content=\"Elfsight PT\" \/>\n<meta property=\"article:modified_time\" content=\"2024-11-13T12:16:31+00:00\" \/>\n<meta name=\"twitter:card\" content=\"summary_large_image\" \/>\n<meta name=\"twitter:label1\" content=\"Tempo estimado de leitura\" \/>\n\t<meta name=\"twitter:data1\" content=\"2 minutos\" \/>\n<!-- \/ Yoast SEO plugin. -->","yoast_head_json":{"title":"Crie e adicione formul\u00e1rio de contato no Joomla gratuitamente!","description":"Obtenha sua extens\u00e3o de formul\u00e1rio de contato exclusiva para Joomla e mostre-a em seu site em apenas 3 minutos. Configurador gratuito, suporte com instala\u00e7\u00e3o e outros extras da Elfsight!","robots":{"index":"index","follow":"follow","max-snippet":"max-snippet:-1","max-image-preview":"max-image-preview:large","max-video-preview":"max-video-preview:-1"},"canonical":"https:\/\/elfsight.com\/pt\/contact-form-widget\/joomla\/","og_locale":"pt_PT","og_type":"article","og_title":"Crie e adicione formul\u00e1rio de contato no Joomla gratuitamente!","og_description":"Obtenha sua extens\u00e3o de formul\u00e1rio de contato exclusiva para Joomla e mostre-a em seu site em apenas 3 minutos. Configurador gratuito, suporte com instala\u00e7\u00e3o e outros extras da Elfsight!","og_url":"https:\/\/elfsight.com\/pt\/contact-form-widget\/joomla\/","og_site_name":"Elfsight PT","article_modified_time":"2024-11-13T12:16:31+00:00","twitter_card":"summary_large_image","twitter_misc":{"Tempo estimado de leitura":"2 minutos"},"schema":{"@context":"https:\/\/schema.org","@graph":[{"@type":"WebPage","@id":"https:\/\/elfsight.com\/pt\/contact-form-widget\/joomla\/","url":"https:\/\/elfsight.com\/pt\/contact-form-widget\/joomla\/","name":"Crie e adicione formul\u00e1rio de contato no Joomla gratuitamente!","isPartOf":{"@id":"https:\/\/elfsight.com\/pt\/#website"},"datePublished":"2024-05-03T06:32:57+00:00","dateModified":"2024-11-13T12:16:31+00:00","description":"Obtenha sua extens\u00e3o de formul\u00e1rio de contato exclusiva para Joomla e mostre-a em seu site em apenas 3 minutos. Configurador gratuito, suporte com instala\u00e7\u00e3o e outros extras da Elfsight!","breadcrumb":{"@id":"https:\/\/elfsight.com\/pt\/contact-form-widget\/joomla\/#breadcrumb"},"inLanguage":"pt-PT","potentialAction":[{"@type":"ReadAction","target":["https:\/\/elfsight.com\/pt\/contact-form-widget\/joomla\/"]}]},{"@type":"BreadcrumbList","@id":"https:\/\/elfsight.com\/pt\/contact-form-widget\/joomla\/#breadcrumb","itemListElement":[{"@type":"ListItem","position":1,"name":"Home","item":"https:\/\/elfsight.com\/pt\/"},{"@type":"ListItem","position":2,"name":"Contact Form","item":"https:\/\/elfsight.com\/pt\/contact-form-widget\/"},{"@type":"ListItem","position":3,"name":"Contact Form &#8211; Joomla"}]},{"@type":"WebSite","@id":"https:\/\/elfsight.com\/pt\/#website","url":"https:\/\/elfsight.com\/pt\/","name":"Elfsight PT","description":"Just another Elfsight Sites site","potentialAction":[{"@type":"SearchAction","target":{"@type":"EntryPoint","urlTemplate":"https:\/\/elfsight.com\/pt\/?s={search_term_string}"},"query-input":{"@type":"PropertyValueSpecification","valueRequired":true,"valueName":"search_term_string"}}],"inLanguage":"pt-PT"}]}},"meta_box":{"industry":"","seo_heading":"","heading":"","description":"","cta_heading":"","cta_description":"","application":"714","h1":"Extens\u00e3o de formul\u00e1rio de contato para Joomla","h1_caption":"A maneira mais r\u00e1pida de se comunicar com clientes do site","application_category":[],"applications_title":"","applications_request_title":"","applications_request_button_text":"","hero_text":"","hero_video":"","hero_video_schema_markup":"","selling_points_title":"","selling_points_caption":"","selling_points":[],"selling_points_cta_text":"","features_title":"","features":"","ed_cta_examples_text":"","ed_cta_examples_hidden":"","ed_cta_demo_text":"","ed_cta_demo_hidden":"","why_caption":"","why_editor_title":"","why_editor_text":"","why_team_title":"","why_team_text":"","why_service_title":"","why_service_text":"","template_catalog_visible":"","template_catalog_title":"","template_catalog_text":"","template_catalog_categories_visible":"","demo_title":"Crie seu plugin de formul\u00e1rio de contato","demo_caption":"Configure seu Formul\u00e1rio de Contato e adicione-o ao seu site Joomla gratuitamente!","default_faq_hidden":"","app_template_category":[],"platform":"52","template_public_id":"","codecanyon_url":"","codecanyon_item_id":"","codecanyon_price":"","pricing_caption":"","pricing_elfsight_apps_hide_column":"","pricing_elfsight_apps_url":"","pricing_codecanyon_price_caption":"","integration_category":[],"integration_request_title":"","integration_request_cta":"","integration_platform":"","integrations":[],"platform_category":[],"video_schema_markup":"","price":"a partir de US$ 0\/m\u00eas","trial":"","benefits":[{"text":"Ajuda de instala\u00e7\u00e3o gratuita"},{"text":"Suporte ao cliente experiente"},{"text":"Garantia de devolu\u00e7\u00e3o do dinheiro em 14 dias"},{"text":"Desenvolvimento cont\u00ednuo"}],"button_url":"#demo","button_target_blank":"0","button_nofollow":"0","attributes":[{"name":"Instala\u00e7\u00f5es","content":"100,000 - 500,000","_state":"expanded"},{"name":"Responsivo","content":"Sim","_state":"expanded"},{"name":"Navegadores compat\u00edveis","content":"Firefox, Safari, Opera, Chrome, Edge"}],"tags":[],"tags_disable_links":"0","hide_more_platforms":"","video_object":"","demo_hide_cta":"0","demo_hide_cloud_options":"0","pricing_title":"","pricing":[{"pricing_icon":"cloud","pricing_title":"Elfsight Apps","pricing_title_caption":"Vers\u00e3o multiplataforma que funciona em qualquer site","pricing_price":"a partir de US$ 0\/m\u00eas","pricing_price_caption":"comece com plano gratuito","pricing_benefits":[{"text":"Dom\u00ednios ilimitados"},{"text":"Suporte ao cliente dedicado e bem documentado"},{"text":"Suporte ao cliente dedicado e bem documentado"},{"text":"\u00d3timo neg\u00f3cio para v\u00e1rios aplicativos"}],"pricing_button_text":"Adicionar ao site","pricing_button_url":"#demo","_state":"expanded"}],"related_apps_title":"","related_apps_hidden":"1","author":"","image":[],"title":"","job":"","social_networks":[]},"_links":{"self":[{"href":"https:\/\/elfsight.com\/pt\/wp-json\/wp\/v2\/pages\/3662","targetHints":{"allow":["GET"]}}],"collection":[{"href":"https:\/\/elfsight.com\/pt\/wp-json\/wp\/v2\/pages"}],"about":[{"href":"https:\/\/elfsight.com\/pt\/wp-json\/wp\/v2\/types\/page"}],"author":[{"embeddable":true,"href":"https:\/\/elfsight.com\/pt\/wp-json\/wp\/v2\/users\/9"}],"replies":[{"embeddable":true,"href":"https:\/\/elfsight.com\/pt\/wp-json\/wp\/v2\/comments?post=3662"}],"version-history":[{"count":2,"href":"https:\/\/elfsight.com\/pt\/wp-json\/wp\/v2\/pages\/3662\/revisions"}],"predecessor-version":[{"id":11691,"href":"https:\/\/elfsight.com\/pt\/wp-json\/wp\/v2\/pages\/3662\/revisions\/11691"}],"up":[{"embeddable":true,"href":"https:\/\/elfsight.com\/pt\/wp-json\/wp\/v2\/pages\/715"}],"wp:attachment":[{"href":"https:\/\/elfsight.com\/pt\/wp-json\/wp\/v2\/media?parent=3662"}],"curies":[{"name":"wp","href":"https:\/\/api.w.org\/{rel}","templated":true}]}}