{"id":3661,"date":"2024-05-03T06:33:26","date_gmt":"2024-05-03T06:33:26","guid":{"rendered":"https:\/\/elfsight.com\/pt\/?page_id=3661"},"modified":"2024-11-13T12:03:38","modified_gmt":"2024-11-13T12:03:38","slug":"joomla","status":"publish","type":"page","link":"https:\/\/elfsight.com\/pt\/cookie-consent-widget\/joomla\/","title":{"rendered":"Cookie Consent &#8211; Joomla"},"content":{"rendered":"<div class=\"application-platform-content-item-description application-platform-content-item\" id=\"description\" data-nav-section=\"description\"> <h2>Descri\u00e7\u00e3o<\/h2> <p>Por meio da extens\u00e3o Cookie da Elfsight, \u00e9 r\u00e1pido e f\u00e1cil notificar o p\u00fablico de que seu site usa cookies , por meio de um belo pop-up. Nosso widget permite que voc\u00ea escreva seu pr\u00f3prio texto, forne\u00e7a um link para a pol\u00edtica de uso do seu site e coloque bot\u00f5es ativos para solicitar aprova\u00e7\u00e3o dos visitantes. Voc\u00ea \u00e9 livre para escolher como exibir o widget: em forma de barra ou caixa responsiva, e indicar a melhor posi\u00e7\u00e3o para ele. Al\u00e9m disso, os elementos pint\u00e1veis \u200b\u200bajudar\u00e3o voc\u00ea a tornar o widget nativo e a corresponder ao conceito de estilo geral do site.<\/p> <div class=\"faq\" data-component=\"FAQ\"> <div class=\"faq-item\">\r\n\t\t\t\t\t<div class=\"faq-item-question\">\r\n\t\t\t\t\t\t<h3 class=\"faq-item-question-text\">Onde posso instalar o Cookie Consent no meu site<\/h3>\r\n\r\n\t\t\t\t\t\t<div class=\"faq-item-question-icon\"><\/div>\r\n\t\t\t\t\t<\/div>\r\n\r\n\t\t\t\t\t<div class=\"faq-item-answer\">\r\n\t\t\t\t\t\t<div class=\"faq-item-answer-text\"> <p>\u00c9 f\u00e1cil mostrar o an\u00fancio em qualquer uma das p\u00e1ginas do seu site ou em todas as suas p\u00e1ginas, dependendo de suas necessidades. Assim que um usu\u00e1rio entrar na p\u00e1gina, uma notifica\u00e7\u00e3o ser\u00e1 exibida. <\/p> <\/div>\r\n\t\t\t\t\t<\/div>\r\n\t\t\t\t<\/div> <div class=\"faq-item\">\r\n\t\t\t\t\t<div class=\"faq-item-question\">\r\n\t\t\t\t\t\t<h3 class=\"faq-item-question-text\">Como posso me beneficiar disso?<\/h3>\r\n\r\n\t\t\t\t\t\t<div class=\"faq-item-question-icon\"><\/div>\r\n\t\t\t\t\t<\/div>\r\n\r\n\t\t\t\t\t<div class=\"faq-item-answer\">\r\n\t\t\t\t\t\t<div class=\"faq-item-answer-text\"> <p>Nosso widget ajuda voc\u00ea a criar um an\u00fancio de cookie imediato, sem codifica\u00e7\u00e3o e muito r\u00e1pido. Ele \u00e9 traduzido para todos os idiomas europeus amplamente difundidos para garantir uma experi\u00eancia de usu\u00e1rio conveniente aos usu\u00e1rios do site.<\/p> <\/div>\r\n\t\t\t\t\t<\/div>\r\n\t\t\t\t<\/div> <div class=\"faq-item\">\r\n\t\t\t\t\t<div class=\"faq-item-question\">\r\n\t\t\t\t\t\t<h3 class=\"faq-item-question-text\">Como fa\u00e7o para incorporar o plugin de cookies ao meu site Joomla?<\/h3>\r\n\r\n\t\t\t\t\t\t<div class=\"faq-item-question-icon\"><\/div>\r\n\t\t\t\t\t<\/div>\r\n\r\n\t\t\t\t\t<div class=\"faq-item-answer\">\r\n\t\t\t\t\t\t<div class=\"faq-item-answer-text\"> <p>\u00c9 apenas levar\u00e1 tr\u00eas minutos do seu tempo para come\u00e7ar a usar o widget. A adi\u00e7\u00e3o \u00e9 muito r\u00e1pida, gratuita e n\u00e3o inclui codifica\u00e7\u00e3o.<\/p> <p>O consentimento de cookies da Elfsight pode ser inserido atrav\u00e9s do nosso servi\u00e7o ou atrav\u00e9s do mercado. Aqui voc\u00ea pode saber mais detalhes sobre ambas as op\u00e7\u00f5es e escolher a sua.<\/p> <\/div>\r\n\t\t\t\t\t<\/div>\r\n\t\t\t\t<\/div> <\/div> <\/div><div class=\"application-platform-content-item-features application-platform-content-item\" id=\"features\" data-nav-section=\"features\"> <h2>Recursos<\/h2> <p>Em ordem para ter uma ideia mais clara do widget, veja a lista de suas caracter\u00edsticas essenciais. Eles tornam nosso widget o mais eficiente poss\u00edvel para sua promo\u00e7\u00e3o:<\/p> <ul><li>Crie uma notifica\u00e7\u00e3o simples ou solicita\u00e7\u00e3o de consentimento; <\/li> <li> Escreva sua pr\u00f3pria mensagem de notifica\u00e7\u00e3o com recursos de formata\u00e7\u00e3o e links; <\/li> <li>Mostrar ou ocultar um link para a pol\u00edtica de cookies com texto de link personalizado; <\/li> <li> Selecione a variante de layout de barra ou caixa do widget; <\/li> <li>A op\u00e7\u00e3o de pintar bot\u00f5es e links. <\/li> <\/ul><p><a href=\"#demo\">Para descobrir mais recursos, veja a demonstra\u00e7\u00e3o ao vivo<\/a><\/p> <\/div><div class=\"application-platform-content-item-installation application-platform-content-item\" id=\"installation\" data-nav-section=\"installation\"> <h2>Aprenda como incorporar o consentimento de cookies ao seu site Joomla<\/h2><div class=\"video-container\"><iframe width=\"720\" height=\"405\" src=\"https:\/\/www.youtube.com\/embed\/paJVEbEG94Q\" frameborder=\"0\" allowfullscreen=\"\"><\/iframe><\/div><p>Basta seguir os seguintes passos descritos abaixo para incorporar a extens\u00e3o no Joomla.<\/p> <ol><li> <b>Use nosso configurador gratuito e comece a criar sua extens\u00e3o exclusiva de consentimento de cookies. <\/b><br> Encontre a interface e as especifica\u00e7\u00f5es preferidas da ferramenta e salve as modifica\u00e7\u00f5es. <\/li> <li><b>Copie o seu c\u00f3digo pessoal que aparece na caixa nas aplica\u00e7\u00f5es Elfsight. <\/b><br> Logo ap\u00f3s a configura\u00e7\u00e3o do seu plugin, copie o c\u00f3digo individual na caixa que aparece e guarde-o para uso posterior. <\/li> <li><b>Entre usando o plugin no site Joomla. <\/b><br> Integre o c\u00f3digo copiado anteriormente em seu site e aplique os ajustes. <\/li> <li><b>A configura\u00e7\u00e3o foi finalizada com sucesso. <\/b><br> Acesse seu site para revisar o trabalho da ferramenta. <\/li><\/ol><p>Ainda tem algo que o deixa inseguro? Ou tendo problemas? Basta enviar uma solicita\u00e7\u00e3o ao nosso suporte ao cliente, resolveremos qualquer tipo de problema. <\/p> <\/div>","protected":false},"excerpt":{"rendered":"","protected":false},"author":9,"featured_media":0,"parent":618,"menu_order":0,"comment_status":"closed","ping_status":"closed","template":"templates\/template-application-platform.php","meta":{"publish_to_discourse":"","publish_post_category":"","wpdc_auto_publish_overridden":"","wpdc_topic_tags":"","wpdc_pin_topic":"","wpdc_pin_until":"","discourse_post_id":"","discourse_permalink":"","wpdc_publishing_response":"","wpdc_publishing_error":"","footnotes":""},"class_list":["post-3661","page","type-page","status-publish","hentry"],"yoast_head":"<!-- This site is optimized with the Yoast SEO plugin v25.3.1 - https:\/\/yoast.com\/wordpress\/plugins\/seo\/ -->\n<title>Adicione a extens\u00e3o Cookie Consent ao site Joomla (gr\u00e1tis e r\u00e1pido)<\/title>\n<meta name=\"description\" content=\"\u00c9 perfeitamente simples criar sua extens\u00e3o Cookie Consent e adicion\u00e1-la ao seu site Joomla. O suporte ao cliente da Elfsight \u00e9 gratuito.\" \/>\n<meta name=\"robots\" content=\"index, follow, max-snippet:-1, max-image-preview:large, max-video-preview:-1\" \/>\n<link rel=\"canonical\" href=\"https:\/\/elfsight.com\/pt\/cookie-consent-widget\/joomla\/\" \/>\n<meta property=\"og:locale\" content=\"pt_PT\" \/>\n<meta property=\"og:type\" content=\"article\" \/>\n<meta property=\"og:title\" content=\"Adicione a extens\u00e3o Cookie Consent ao site Joomla (gr\u00e1tis e r\u00e1pido)\" \/>\n<meta property=\"og:description\" content=\"\u00c9 perfeitamente simples criar sua extens\u00e3o Cookie Consent e adicion\u00e1-la ao seu site Joomla. O suporte ao cliente da Elfsight \u00e9 gratuito.\" \/>\n<meta property=\"og:url\" content=\"https:\/\/elfsight.com\/pt\/cookie-consent-widget\/joomla\/\" \/>\n<meta property=\"og:site_name\" content=\"Elfsight PT\" \/>\n<meta property=\"article:modified_time\" content=\"2024-11-13T12:03:38+00:00\" \/>\n<meta name=\"twitter:card\" content=\"summary_large_image\" \/>\n<meta name=\"twitter:label1\" content=\"Tempo estimado de leitura\" \/>\n\t<meta name=\"twitter:data1\" content=\"2 minutos\" \/>\n<!-- \/ Yoast SEO plugin. -->","yoast_head_json":{"title":"Adicione a extens\u00e3o Cookie Consent ao site Joomla (gr\u00e1tis e r\u00e1pido)","description":"\u00c9 perfeitamente simples criar sua extens\u00e3o Cookie Consent e adicion\u00e1-la ao seu site Joomla. O suporte ao cliente da Elfsight \u00e9 gratuito.","robots":{"index":"index","follow":"follow","max-snippet":"max-snippet:-1","max-image-preview":"max-image-preview:large","max-video-preview":"max-video-preview:-1"},"canonical":"https:\/\/elfsight.com\/pt\/cookie-consent-widget\/joomla\/","og_locale":"pt_PT","og_type":"article","og_title":"Adicione a extens\u00e3o Cookie Consent ao site Joomla (gr\u00e1tis e r\u00e1pido)","og_description":"\u00c9 perfeitamente simples criar sua extens\u00e3o Cookie Consent e adicion\u00e1-la ao seu site Joomla. O suporte ao cliente da Elfsight \u00e9 gratuito.","og_url":"https:\/\/elfsight.com\/pt\/cookie-consent-widget\/joomla\/","og_site_name":"Elfsight PT","article_modified_time":"2024-11-13T12:03:38+00:00","twitter_card":"summary_large_image","twitter_misc":{"Tempo estimado de leitura":"2 minutos"},"schema":{"@context":"https:\/\/schema.org","@graph":[{"@type":"WebPage","@id":"https:\/\/elfsight.com\/pt\/cookie-consent-widget\/joomla\/","url":"https:\/\/elfsight.com\/pt\/cookie-consent-widget\/joomla\/","name":"Adicione a extens\u00e3o Cookie Consent ao site Joomla (gr\u00e1tis e r\u00e1pido)","isPartOf":{"@id":"https:\/\/elfsight.com\/pt\/#website"},"datePublished":"2024-05-03T06:33:26+00:00","dateModified":"2024-11-13T12:03:38+00:00","description":"\u00c9 perfeitamente simples criar sua extens\u00e3o Cookie Consent e adicion\u00e1-la ao seu site Joomla. O suporte ao cliente da Elfsight \u00e9 gratuito.","breadcrumb":{"@id":"https:\/\/elfsight.com\/pt\/cookie-consent-widget\/joomla\/#breadcrumb"},"inLanguage":"pt-PT","potentialAction":[{"@type":"ReadAction","target":["https:\/\/elfsight.com\/pt\/cookie-consent-widget\/joomla\/"]}]},{"@type":"BreadcrumbList","@id":"https:\/\/elfsight.com\/pt\/cookie-consent-widget\/joomla\/#breadcrumb","itemListElement":[{"@type":"ListItem","position":1,"name":"Home","item":"https:\/\/elfsight.com\/pt\/"},{"@type":"ListItem","position":2,"name":"Cookie Consent","item":"https:\/\/elfsight.com\/pt\/cookie-consent-widget\/"},{"@type":"ListItem","position":3,"name":"Cookie Consent &#8211; Joomla"}]},{"@type":"WebSite","@id":"https:\/\/elfsight.com\/pt\/#website","url":"https:\/\/elfsight.com\/pt\/","name":"Elfsight PT","description":"Just another Elfsight Sites site","potentialAction":[{"@type":"SearchAction","target":{"@type":"EntryPoint","urlTemplate":"https:\/\/elfsight.com\/pt\/?s={search_term_string}"},"query-input":{"@type":"PropertyValueSpecification","valueRequired":true,"valueName":"search_term_string"}}],"inLanguage":"pt-PT"}]}},"meta_box":{"industry":"","seo_heading":"","heading":"","description":"","cta_heading":"","cta_description":"","application":"617","h1":"Extens\u00e3o de consentimento de cookie Joomla","h1_caption":"Incorpore uma notifica\u00e7\u00e3o imediata de uso de cookies com bot\u00e3o de consentimento para seus usu\u00e1rios","application_category":[],"applications_title":"","applications_request_title":"","applications_request_button_text":"","hero_text":"","hero_video":"","hero_video_schema_markup":"","selling_points_title":"","selling_points_caption":"","selling_points":[],"selling_points_cta_text":"","features_title":"","features":"","ed_cta_examples_text":"","ed_cta_examples_hidden":"","ed_cta_demo_text":"","ed_cta_demo_hidden":"","why_caption":"","why_editor_title":"","why_editor_text":"","why_team_title":"","why_team_text":"","why_service_title":"","why_service_text":"","template_catalog_visible":"","template_catalog_title":"","template_catalog_text":"","template_catalog_categories_visible":"","demo_title":"Crie seu plugin de consentimento de cookies","demo_caption":"Configure seu consentimento de cookies e adicione-o ao seu site Joomla gratuitamente!","default_faq_hidden":"","app_template_category":[],"platform":"52","template_public_id":"","codecanyon_url":"","codecanyon_item_id":"","codecanyon_price":"","pricing_caption":"","pricing_elfsight_apps_hide_column":"","pricing_elfsight_apps_url":"","pricing_codecanyon_price_caption":"","integration_category":[],"integration_request_title":"","integration_request_cta":"","integration_platform":"","integrations":[],"platform_category":[],"video_schema_markup":"","price":"a partir de US$ 0\/m\u00eas","trial":"","benefits":[{"text":"Ajuda de instala\u00e7\u00e3o gratuita"},{"text":"Suporte premium"},{"text":"Garantia de reembolso de 14 dias"},{"text":"Atualizando constantemente"}],"button_url":"#demo","button_target_blank":"0","button_nofollow":"0","attributes":[{"name":"Instala\u00e7\u00f5es","content":"100,000 - 500,000","_state":"expanded"},{"name":"Responsivo","content":"Sim","_state":"expanded"},{"name":"Navegadores compat\u00edveis","content":"Firefox, Safari, Opera, Chrome, Edge"}],"tags":[],"tags_disable_links":"0","hide_more_platforms":"","video_object":"","demo_hide_cta":"0","demo_hide_cloud_options":"0","pricing_title":"","pricing":[{"pricing_icon":"platform","pricing_title":"Elfsight Apps","pricing_title_caption":"Software multiplataforma que funciona em qualquer site","pricing_price":"a partir de US$ 0\/m\u00eas","pricing_price_caption":"comece com plano gratuito","pricing_benefits":[{"text":"Sites ilimitados"},{"text":"Suporte \u00e0 empresa 24 horas por dia, 7 dias por semana"},{"text":"Suporte \u00e0 empresa 24 horas por dia, 7 dias por semana"},{"text":"Oferta especial para v\u00e1rios aplicativos"}],"pricing_button_text":"Adicionar ao site","pricing_button_url":"#demo","_state":"expanded"}],"related_apps_title":"","related_apps_hidden":"1","author":"","image":[],"title":"","job":"","social_networks":[]},"_links":{"self":[{"href":"https:\/\/elfsight.com\/pt\/wp-json\/wp\/v2\/pages\/3661","targetHints":{"allow":["GET"]}}],"collection":[{"href":"https:\/\/elfsight.com\/pt\/wp-json\/wp\/v2\/pages"}],"about":[{"href":"https:\/\/elfsight.com\/pt\/wp-json\/wp\/v2\/types\/page"}],"author":[{"embeddable":true,"href":"https:\/\/elfsight.com\/pt\/wp-json\/wp\/v2\/users\/9"}],"replies":[{"embeddable":true,"href":"https:\/\/elfsight.com\/pt\/wp-json\/wp\/v2\/comments?post=3661"}],"version-history":[{"count":2,"href":"https:\/\/elfsight.com\/pt\/wp-json\/wp\/v2\/pages\/3661\/revisions"}],"predecessor-version":[{"id":11718,"href":"https:\/\/elfsight.com\/pt\/wp-json\/wp\/v2\/pages\/3661\/revisions\/11718"}],"up":[{"embeddable":true,"href":"https:\/\/elfsight.com\/pt\/wp-json\/wp\/v2\/pages\/618"}],"wp:attachment":[{"href":"https:\/\/elfsight.com\/pt\/wp-json\/wp\/v2\/media?parent=3661"}],"curies":[{"name":"wp","href":"https:\/\/api.w.org\/{rel}","templated":true}]}}