{"id":3659,"date":"2024-05-03T06:28:40","date_gmt":"2024-05-03T06:28:40","guid":{"rendered":"https:\/\/elfsight.com\/pt\/?page_id=3659"},"modified":"2024-11-13T11:41:22","modified_gmt":"2024-11-13T11:41:22","slug":"iframe","status":"publish","type":"page","link":"https:\/\/elfsight.com\/pt\/audio-player-widget\/iframe\/","title":{"rendered":"Audio Player &#8211; iFrame"},"content":{"rendered":"<div class=\"application-platform-content-item-description application-platform-content-item\" id=\"description\" data-nav-section=\"description\"> <h2>Incorpore o reprodutor de \u00e1udio no iFrame com o widget Elfsight<\/h2> <p>O Elfsight Music Player \u00e9 um widget simples para sites iFrame que permite que voc\u00ea transmita faixas de \u00e1udio diretamente em sua p\u00e1gina inicial. A ferramenta \u00e9 extremamente ajust\u00e1vel: voc\u00ea \u00e9 livre para alterar seu posicionamento, coloc\u00e1-lo em qualquer lugar da p\u00e1gina, alterar seu tamanho, repintar o plano de fundo e todas as outras partes para combin\u00e1-lo com o layout do seu site, empregar esquema de cores escuras, exibir capas e demonstrar ou ocultar quatro componentes adicionais do jogador, por exemplo barra de progresso, t\u00edtulo e outros. Carregue quantas faixas desejar para envolver seus visitantes, ative a reprodu\u00e7\u00e3o autom\u00e1tica e n\u00e3o tenha d\u00favidas: seus visitantes n\u00e3o sair\u00e3o do seu site t\u00e3o rapidamente!<\/p> <p><b>Com o widget Elfsight Audio, alcance mais r\u00e1pido crescimento dos neg\u00f3cios e aumento das vendas.<\/b><\/p> <\/div> <div class=\"application-platform-content-item-features application-platform-content-item\" id=\"features\" data-nav-section=\"features\"> <h2>O widget oferece recursos \u00fateis e descomplicados, veja alguns deles: <\/h2> <ul><li>V\u00e1rias varia\u00e7\u00f5es de cores<\/li> <li>Tema de cores claras\/escuras<\/li> <li>Design responsivo<\/li> <li>2 layouts aplic\u00e1veis<\/li> <li>Uma oportunidade para adicionar imagem de fundo<\/li> <\/ul><p><a href=\"#demo\">Basta verificar esta demonstra\u00e7\u00e3o para ver quanto vale o widget<\/a><\/p> <\/div> <div class=\"application-platform-content-item-installation application-platform-content-item\" id=\"installation\" data-nav-section=\"installation\"> <h2>Como posso adicionar o Music Player ao meu site iFrame?<\/h2> <p>Basta seguir as etapas descritas abaixo para integrar a ferramenta.<\/p> <ol><li><b>Empregando nossa demonstra\u00e7\u00e3o gratuita e comece a moldar o seu widget personalizado.<\/b><br> Determine o layout e as op\u00e7\u00f5es adequadas da ferramenta e aplique as modifica\u00e7\u00f5es.<\/li><li><b>Copie o seu c\u00f3digo individual que aparece na caixa da Elfsight Aplicativos<\/b><br> Assim que a configura\u00e7\u00e3o do seu dispositivo for conclu\u00edda, copie o c\u00f3digo pessoal no pop-up que surgir e salve-o para futuras ocasi\u00f5es.<\/li><li><b>Inicie a utiliza\u00e7\u00e3o do \u00e1udio widget em seu site iFrame<\/b><br> Insira o c\u00f3digo copiado recentemente em sua p\u00e1gina inicial e salve as edi\u00e7\u00f5es.<\/li><li><b>A configura\u00e7\u00e3o est\u00e1 totalmente conclu\u00edda<\/b><br> V\u00e1 para seu site para visualizar o funcionamento do widget.<\/li><\/ol> <p>Caso tenha alguma d\u00favida ou se deparar com algum obst\u00e1culo, n\u00e3o tenha medo de procurar ajuda de nossa equipe de suporte. Nosso pessoal est\u00e1 ansioso para ajud\u00e1-lo com todos os problemas que voc\u00ea possa ter com o produto. <\/p> <div class=\"faq\" data-component=\"FAQ\"><div class=\"faq-item\">\r\n\t\t\t\t\t<div class=\"faq-item-question\">\r\n\t\t\t\t\t\t<h3 class=\"faq-item-question-text\">Como posso incorporar um widget iFrame Audio Player no meu site Squarespace sem conhecimentos de codifica\u00e7\u00e3o?<\/h3>\r\n\r\n\t\t\t\t\t\t<div class=\"faq-item-question-icon\"><\/div>\r\n\t\t\t\t\t<\/div>\r\n\r\n\t\t\t\t\t<div class=\"faq-item-answer\">\r\n\t\t\t\t\t\t<div class=\"faq-item-answer-text\"><p>A Elfsight oferece uma solu\u00e7\u00e3o baseada em nuvem que permite aos usu\u00e1rios incorporar um iFrame Audio Player widget por conta pr\u00f3pria, veja como o processo \u00e9 simples:<\/p><ul><li>Acesse o Editor on-line para gerar uma se\u00e7\u00e3o de widget do iFrame Audio Player que voc\u00ea gostaria de integrar ao seu site do Squarespace.<\/li><li>Escolha um de nossos modelos pr\u00e9-concebidos e personalize as configura\u00e7\u00f5es do widget iFrame Audio Player, modifique o layout e o esquema de cores, inclua seu conte\u00fado sem qualquer necessidade de codifica\u00e7\u00e3o.<\/li><li>Salve as configura\u00e7\u00f5es que voc\u00ea configurou para o widget iFrame Audio Player e obtenha o c\u00f3digo do widget para incorpora\u00e7\u00e3o, que pode ser facilmente adicionado ao seu site Squarespace sem nenhum custo.<\/li><\/ul><p>Ao trabalhar no editor amig\u00e1vel, qualquer usu\u00e1rio da Internet pode crie uma se\u00e7\u00e3o de widget iFrame Audio Player e incorpore-a ao site do Squarespace. N\u00e3o h\u00e1 exig\u00eancia de pagamento ou divulga\u00e7\u00e3o dos dados do seu cart\u00e3o para acessar o Editor Elfsight. Se voc\u00ea encontrar alguma dificuldade em qualquer est\u00e1gio, sinta-se \u00e0 vontade para entrar em contato com nosso suporte ao cliente.<\/p><\/div>\r\n\t\t\t\t\t<\/div>\r\n\t\t\t\t<\/div><\/div><\/div>","protected":false},"excerpt":{"rendered":"","protected":false},"author":9,"featured_media":0,"parent":1079,"menu_order":0,"comment_status":"closed","ping_status":"closed","template":"templates\/template-application-platform.php","meta":{"publish_to_discourse":"","publish_post_category":"","wpdc_auto_publish_overridden":"","wpdc_topic_tags":"","wpdc_pin_topic":"","wpdc_pin_until":"","discourse_post_id":"","discourse_permalink":"","wpdc_publishing_response":"","wpdc_publishing_error":"","footnotes":""},"class_list":["post-3659","page","type-page","status-publish","hentry"],"yoast_head":"<!-- This site is optimized with the Yoast SEO plugin v25.3.1 - https:\/\/yoast.com\/wordpress\/plugins\/seo\/ -->\n<title>Audio Player - Adicione Music Player ao site iFrame (gr\u00e1tis e r\u00e1pido)<\/title>\n<meta name=\"description\" content=\"Integre um reprodutor de \u00e1udio impression\u00e1vel em sua p\u00e1gina iFrame. Aplique nossa demonstra\u00e7\u00e3o conveniente e crie seu Music Player personalizado em apenas 2 minutos.\" \/>\n<meta name=\"robots\" content=\"index, follow, max-snippet:-1, max-image-preview:large, max-video-preview:-1\" \/>\n<link rel=\"canonical\" href=\"https:\/\/elfsight.com\/pt\/audio-player-widget\/iframe\/\" \/>\n<meta property=\"og:locale\" content=\"pt_PT\" \/>\n<meta property=\"og:type\" content=\"article\" \/>\n<meta property=\"og:title\" content=\"Audio Player - Adicione Music Player ao site iFrame (gr\u00e1tis e r\u00e1pido)\" \/>\n<meta property=\"og:description\" content=\"Integre um reprodutor de \u00e1udio impression\u00e1vel em sua p\u00e1gina iFrame. Aplique nossa demonstra\u00e7\u00e3o conveniente e crie seu Music Player personalizado em apenas 2 minutos.\" \/>\n<meta property=\"og:url\" content=\"https:\/\/elfsight.com\/pt\/audio-player-widget\/iframe\/\" \/>\n<meta property=\"og:site_name\" content=\"Elfsight PT\" \/>\n<meta property=\"article:modified_time\" content=\"2024-11-13T11:41:22+00:00\" \/>\n<meta name=\"twitter:card\" content=\"summary_large_image\" \/>\n<meta name=\"twitter:label1\" content=\"Tempo estimado de leitura\" \/>\n\t<meta name=\"twitter:data1\" content=\"2 minutos\" \/>\n<!-- \/ Yoast SEO plugin. -->","yoast_head_json":{"title":"Audio Player - Adicione Music Player ao site iFrame (gr\u00e1tis e r\u00e1pido)","description":"Integre um reprodutor de \u00e1udio impression\u00e1vel em sua p\u00e1gina iFrame. Aplique nossa demonstra\u00e7\u00e3o conveniente e crie seu Music Player personalizado em apenas 2 minutos.","robots":{"index":"index","follow":"follow","max-snippet":"max-snippet:-1","max-image-preview":"max-image-preview:large","max-video-preview":"max-video-preview:-1"},"canonical":"https:\/\/elfsight.com\/pt\/audio-player-widget\/iframe\/","og_locale":"pt_PT","og_type":"article","og_title":"Audio Player - Adicione Music Player ao site iFrame (gr\u00e1tis e r\u00e1pido)","og_description":"Integre um reprodutor de \u00e1udio impression\u00e1vel em sua p\u00e1gina iFrame. Aplique nossa demonstra\u00e7\u00e3o conveniente e crie seu Music Player personalizado em apenas 2 minutos.","og_url":"https:\/\/elfsight.com\/pt\/audio-player-widget\/iframe\/","og_site_name":"Elfsight PT","article_modified_time":"2024-11-13T11:41:22+00:00","twitter_card":"summary_large_image","twitter_misc":{"Tempo estimado de leitura":"2 minutos"},"schema":{"@context":"https:\/\/schema.org","@graph":[{"@type":"WebPage","@id":"https:\/\/elfsight.com\/pt\/audio-player-widget\/iframe\/","url":"https:\/\/elfsight.com\/pt\/audio-player-widget\/iframe\/","name":"Audio Player - Adicione Music Player ao site iFrame (gr\u00e1tis e r\u00e1pido)","isPartOf":{"@id":"https:\/\/elfsight.com\/pt\/#website"},"datePublished":"2024-05-03T06:28:40+00:00","dateModified":"2024-11-13T11:41:22+00:00","description":"Integre um reprodutor de \u00e1udio impression\u00e1vel em sua p\u00e1gina iFrame. Aplique nossa demonstra\u00e7\u00e3o conveniente e crie seu Music Player personalizado em apenas 2 minutos.","breadcrumb":{"@id":"https:\/\/elfsight.com\/pt\/audio-player-widget\/iframe\/#breadcrumb"},"inLanguage":"pt-PT","potentialAction":[{"@type":"ReadAction","target":["https:\/\/elfsight.com\/pt\/audio-player-widget\/iframe\/"]}]},{"@type":"BreadcrumbList","@id":"https:\/\/elfsight.com\/pt\/audio-player-widget\/iframe\/#breadcrumb","itemListElement":[{"@type":"ListItem","position":1,"name":"Home","item":"https:\/\/elfsight.com\/pt\/"},{"@type":"ListItem","position":2,"name":"Audio Player","item":"https:\/\/elfsight.com\/pt\/audio-player-widget\/"},{"@type":"ListItem","position":3,"name":"Audio Player &#8211; iFrame"}]},{"@type":"WebSite","@id":"https:\/\/elfsight.com\/pt\/#website","url":"https:\/\/elfsight.com\/pt\/","name":"Elfsight PT","description":"Just another Elfsight Sites site","potentialAction":[{"@type":"SearchAction","target":{"@type":"EntryPoint","urlTemplate":"https:\/\/elfsight.com\/pt\/?s={search_term_string}"},"query-input":{"@type":"PropertyValueSpecification","valueRequired":true,"valueName":"search_term_string"}}],"inLanguage":"pt-PT"}]}},"meta_box":{"industry":"","seo_heading":"","heading":"","description":"","cta_heading":"","cta_description":"","application":"1078","h1":"Widget do reprodutor de \u00e1udio iFrame","h1_caption":"Adicione uma op\u00e7\u00e3o atraente ao seu site e obtenha mais clientes satisfeitos imediatamente","application_category":[],"applications_title":"","applications_request_title":"","applications_request_button_text":"","hero_text":"","hero_video":"","hero_video_schema_markup":"","selling_points_title":"","selling_points_caption":"","selling_points":[],"selling_points_cta_text":"","features_title":"","features":"","ed_cta_examples_text":"","ed_cta_examples_hidden":"","ed_cta_demo_text":"","ed_cta_demo_hidden":"","why_caption":"","why_editor_title":"","why_editor_text":"","why_team_title":"","why_team_text":"","why_service_title":"","why_service_text":"","template_catalog_visible":"","template_catalog_title":"","template_catalog_text":"","template_catalog_categories_visible":"","demo_title":"Crie seu widget de reprodutor de \u00e1udio","demo_caption":"Configure seu reprodutor de \u00e1udio e adicione-o ao seu site iFrame gratuitamente!","default_faq_hidden":"","app_template_category":[],"platform":"4911","template_public_id":"","codecanyon_url":"","codecanyon_item_id":"","codecanyon_price":"","pricing_caption":"","pricing_elfsight_apps_hide_column":"","pricing_elfsight_apps_url":"","pricing_codecanyon_price_caption":"","integration_category":[],"integration_request_title":"","integration_request_cta":"","integration_platform":"","integrations":[],"platform_category":[],"video_schema_markup":"","price":"a partir de US$ 0\/m\u00eas","trial":"","benefits":[{"text":"Ajuda de instala\u00e7\u00e3o gratuita"},{"text":"Suporte excepcional"},{"text":"Garantia de reembolso de 14 dias"},{"text":"Atualiza\u00e7\u00f5es vital\u00edcias"}],"button_url":"#demo","button_target_blank":"0","button_nofollow":"0","attributes":[{"name":"Instala\u00e7\u00f5es","content":"100,000 - 500,000","_state":"expanded"},{"name":"Responsivo","content":"Sim","_state":"expanded"},{"name":"Navegadores compat\u00edveis","content":"Firefox, Chrome, Safari, Edge, Opera"}],"tags":[],"tags_disable_links":"0","hide_more_platforms":"","video_object":"","demo_hide_cta":"0","demo_hide_cloud_options":"0","pricing_title":"","pricing":[{"pricing_icon":"platform","pricing_title":"Elfsight Apps","pricing_title_caption":"Software independente de plataforma que funciona em qualquer site","pricing_price":"a partir de US$ 0\/m\u00eas","pricing_price_caption":"comece com plano gratuito","pricing_benefits":[{"text":"N\u00famero ilimitado de sites"},{"text":"Suporte profissional e pontual"},{"text":"Suporte profissional e pontual"},{"text":"Pre\u00e7o especial para v\u00e1rios aplicativos"}],"pricing_button_text":"Adicionar ao site","pricing_button_url":"#demo","_state":"expanded"}],"related_apps_title":"","related_apps_hidden":"1","author":"","image":[],"title":"","job":"","social_networks":[]},"_links":{"self":[{"href":"https:\/\/elfsight.com\/pt\/wp-json\/wp\/v2\/pages\/3659","targetHints":{"allow":["GET"]}}],"collection":[{"href":"https:\/\/elfsight.com\/pt\/wp-json\/wp\/v2\/pages"}],"about":[{"href":"https:\/\/elfsight.com\/pt\/wp-json\/wp\/v2\/types\/page"}],"author":[{"embeddable":true,"href":"https:\/\/elfsight.com\/pt\/wp-json\/wp\/v2\/users\/9"}],"replies":[{"embeddable":true,"href":"https:\/\/elfsight.com\/pt\/wp-json\/wp\/v2\/comments?post=3659"}],"version-history":[{"count":2,"href":"https:\/\/elfsight.com\/pt\/wp-json\/wp\/v2\/pages\/3659\/revisions"}],"predecessor-version":[{"id":11622,"href":"https:\/\/elfsight.com\/pt\/wp-json\/wp\/v2\/pages\/3659\/revisions\/11622"}],"up":[{"embeddable":true,"href":"https:\/\/elfsight.com\/pt\/wp-json\/wp\/v2\/pages\/1079"}],"wp:attachment":[{"href":"https:\/\/elfsight.com\/pt\/wp-json\/wp\/v2\/media?parent=3659"}],"curies":[{"name":"wp","href":"https:\/\/api.w.org\/{rel}","templated":true}]}}