{"id":3655,"date":"2024-05-03T06:33:12","date_gmt":"2024-05-03T06:33:12","guid":{"rendered":"https:\/\/elfsight.com\/pt\/?page_id=3655"},"modified":"2025-02-12T04:41:36","modified_gmt":"2025-02-12T04:41:36","slug":"iframe","status":"publish","type":"page","link":"https:\/\/elfsight.com\/pt\/cookie-consent-widget\/iframe\/","title":{"rendered":"Cookie Consent &#8211; iFrame"},"content":{"rendered":"\n<div class=\"application-platform-content-item-description application-platform-content-item\" id=\"description\" data-nav-section=\"description\"><h2>Incorpore o consentimento de cookies no iFrame com o widget da Elfsight<\/h2><p>Usando o consentimento de cookies da Elfsight, ser\u00e1 muito simples anunciar aos usu\u00e1rios que seu site usa cookies por meio de um belo pop-up. Nosso widget permite que voc\u00ea insira seu texto, forne\u00e7a um link para a pol\u00edtica de uso do seu site e mostre bot\u00f5es ativos para solicitar permiss\u00e3o aos visitantes. Voc\u00ea \u00e9 livre para demonstrar o widget como uma barra ou caixa e escolher qualquer local na p\u00e1gina. Al\u00e9m disso, os elementos pint\u00e1veis \u200b\u200bajudam voc\u00ea a fazer com que o widget pare\u00e7a consistente e se integre bem ao estilo geral do site.<\/p><p><b>Escolha a maneira mais f\u00e1cil de informar sobre sua pol\u00edtica de cookies!<\/b><\/p> <\/div><div class=\"application-platform-content-item-features application-platform-content-item\" id=\"features\" data-nav-section=\"features\"><h2>Principais recursos do widget Cookie Consent<\/h2><p>Para mais informa\u00e7\u00f5es sobre Cookie Consent, confira a lista de suas op\u00e7\u00f5es mais significativas. Eles tornam nosso widget incrivelmente eficaz para sua promo\u00e7\u00e3o: <\/p> <ul><li>Fa\u00e7a apenas an\u00fancio ou solicita\u00e7\u00e3o de aprova\u00e7\u00e3o; <\/li> <li>A op\u00e7\u00e3o de escrever um texto de notifica\u00e7\u00e3o personalizado com recursos de formata\u00e7\u00e3o e links dispon\u00edveis; <\/li> <li>Revelar ou ocultar um link ativo para sua pol\u00edtica de cookies e adicionar um texto de link personalizado; <\/li> <li>A op\u00e7\u00e3o de escolher o tipo de layout de barra ou caixa da notifica\u00e7\u00e3o; <\/li> <li>A op\u00e7\u00e3o de pintar bot\u00f5es e links. <\/li> <\/ul><p><a href=\"#demo\">Veja todos os recursos na demonstra\u00e7\u00e3o ao vivo<\/a><\/p><\/div><div class=\"application-platform-content-item-installation application-platform-content-item\" id=\"installation\" data-nav-section=\"installation\"><h2>Como adicionar o widget Cookie Consent ao site iFrame<\/h2><p>Para ativar o vidget, basta seguir os passos abaixo. <\/p> <ol><li><b>Construa seu plugin de cookie pessoal<\/b><br> Com a ajuda de nossa demonstra\u00e7\u00e3o gratuita, crie um plugin com apar\u00eancia e funcionalidade preferidas. <\/li><li><b>Adquira o c\u00f3digo pessoal para adicionar o plugin<\/b><br> Depois de gerar o seu widget, voc\u00ea receber\u00e1 o c\u00f3digo de instala\u00e7\u00e3o na notifica\u00e7\u00e3o pop-up nos aplicativos Elfsight. Copie esse c\u00f3digo. <\/li> <li><b>Publique o plugin em seu site iFrame<\/b><br> Encontre a \u00e1rea onde deseja mostrar o plugin e cole o c\u00f3digo copiado l\u00e1. Publique as altera\u00e7\u00f5es. <\/li> <li><b>Parab\u00e9ns! Voc\u00ea acabou de incorporar o widget! <\/b><br> Visite sua loja para ver seu trabalho. <\/li> <\/ol><p>Sinta-se \u00e0 vontade para entrar em contato com nossa equipe de suporte ao cliente se tiver alguma d\u00favida . Estamos prontos para ajud\u00e1-lo com qualquer problema<\/p> <\/div><div class=\"faq\" data-component=\"FAQ\"><div class=\"faq-item\">\r\n\t\t\t\t\t<div class=\"faq-item-question\">\r\n\t\t\t\t\t\t<h3 class=\"faq-item-question-text\">Como posso incorporar um consentimento de cookies ao meu site iFrame?<\/h3>\r\n\r\n\t\t\t\t\t\t<div class=\"faq-item-question-icon\"><\/div>\r\n\t\t\t\t\t<\/div>\r\n\r\n\t\t\t\t\t<div class=\"faq-item-answer\">\r\n\t\t\t\t\t\t<div class=\"faq-item-answer-text\"><p>A confec\u00e7\u00e3o da ferramenta ocorre dentro do site da Elfsight e voc\u00ea n\u00e3o precisa codificar. Aplique nossa demonstra\u00e7\u00e3o ativa para personalizar seu pr\u00f3prio aplicativo, pegue o c\u00f3digo e cole-o em seu site. <\/p><\/div>\r\n\t\t\t\t\t<\/div>\r\n\t\t\t\t<\/div><div class=\"faq-item\">\r\n\t\t\t\t\t<div class=\"faq-item-question\">\r\n\t\t\t\t\t\t<h3 class=\"faq-item-question-text\">As melhores maneiras de usar a integra\u00e7\u00e3o do banner de consentimento de cookies<\/h3>\r\n\r\n\t\t\t\t\t\t<div class=\"faq-item-question-icon\"><\/div>\r\n\t\t\t\t\t<\/div>\r\n\r\n\t\t\t\t\t<div class=\"faq-item-answer\">\r\n\t\t\t\t\t\t<div class=\"faq-item-answer-text\"><p>Forneceremos muitas possibilidades de ajuste: widgets em escala real para inserir no zona de conte\u00fado, plug-ins flutuantes com oportunidades de rolagem, layouts de rodap\u00e9 do seu site, se\u00e7\u00e3o principal e todos os tipos de op\u00e7\u00f5es verticais para barras laterais e menus. <\/p><\/div>\r\n\t\t\t\t\t<\/div>\r\n\t\t\t\t<\/div><div class=\"faq-item\">\r\n\t\t\t\t\t<div class=\"faq-item-question\">\r\n\t\t\t\t\t\t<h3 class=\"faq-item-question-text\">Existe uma op\u00e7\u00e3o para criar um banner superior ou consentimento de cookie flutuante central atrav\u00e9s da ag\u00eancia do editor?<\/h3>\r\n\r\n\t\t\t\t\t\t<div class=\"faq-item-question-icon\"><\/div>\r\n\t\t\t\t\t<\/div>\r\n\r\n\t\t\t\t\t<div class=\"faq-item-answer\">\r\n\t\t\t\t\t\t<div class=\"faq-item-answer-text\"><p>Voc\u00ea pode moldar as modifica\u00e7\u00f5es de qualquer widget . Existem v\u00e1rios layouts \u00e0 sua disposi\u00e7\u00e3o no editor, e todos eles podem ser rapidamente personalizados conforme sua necessidade. <\/p><\/div>\r\n\t\t\t\t\t<\/div>\r\n\t\t\t\t<\/div><\/div>\n","protected":false},"excerpt":{"rendered":"","protected":false},"author":9,"featured_media":0,"parent":618,"menu_order":0,"comment_status":"closed","ping_status":"closed","template":"templates\/template-application-platform.php","meta":{"publish_to_discourse":"","publish_post_category":"","wpdc_auto_publish_overridden":"","wpdc_topic_tags":"","wpdc_pin_topic":"","wpdc_pin_until":"","discourse_post_id":"","discourse_permalink":"","wpdc_publishing_response":"","wpdc_publishing_error":"","footnotes":""},"class_list":["post-3655","page","type-page","status-publish","hentry"],"yoast_head":"<!-- This site is optimized with the Yoast SEO plugin v25.3.1 - https:\/\/yoast.com\/wordpress\/plugins\/seo\/ -->\n<title>Plugin iFrame Cookie Consent para o seu site (gratuito e r\u00e1pido)<\/title>\n<meta name=\"description\" content=\"Com a Elfsight, crie o seu widget Cookie Consent e adicione-o ao site iFrame de forma r\u00e1pida e f\u00e1cil. Temos suporte gratuito ao cliente e outros b\u00f4nus.\" \/>\n<meta name=\"robots\" content=\"index, follow, max-snippet:-1, max-image-preview:large, max-video-preview:-1\" \/>\n<link rel=\"canonical\" href=\"https:\/\/elfsight.com\/pt\/cookie-consent-widget\/iframe\/\" \/>\n<meta property=\"og:locale\" content=\"pt_PT\" \/>\n<meta property=\"og:type\" content=\"article\" \/>\n<meta property=\"og:title\" content=\"Plugin iFrame Cookie Consent para o seu site (gratuito e r\u00e1pido)\" \/>\n<meta property=\"og:description\" content=\"Com a Elfsight, crie o seu widget Cookie Consent e adicione-o ao site iFrame de forma r\u00e1pida e f\u00e1cil. Temos suporte gratuito ao cliente e outros b\u00f4nus.\" \/>\n<meta property=\"og:url\" content=\"https:\/\/elfsight.com\/pt\/cookie-consent-widget\/iframe\/\" \/>\n<meta property=\"og:site_name\" content=\"Elfsight PT\" \/>\n<meta property=\"article:modified_time\" content=\"2025-02-12T04:41:36+00:00\" \/>\n<meta name=\"twitter:card\" content=\"summary_large_image\" \/>\n<meta name=\"twitter:label1\" content=\"Tempo estimado de leitura\" \/>\n\t<meta name=\"twitter:data1\" content=\"3 minutos\" \/>\n<!-- \/ Yoast SEO plugin. -->","yoast_head_json":{"title":"Plugin iFrame Cookie Consent para o seu site (gratuito e r\u00e1pido)","description":"Com a Elfsight, crie o seu widget Cookie Consent e adicione-o ao site iFrame de forma r\u00e1pida e f\u00e1cil. Temos suporte gratuito ao cliente e outros b\u00f4nus.","robots":{"index":"index","follow":"follow","max-snippet":"max-snippet:-1","max-image-preview":"max-image-preview:large","max-video-preview":"max-video-preview:-1"},"canonical":"https:\/\/elfsight.com\/pt\/cookie-consent-widget\/iframe\/","og_locale":"pt_PT","og_type":"article","og_title":"Plugin iFrame Cookie Consent para o seu site (gratuito e r\u00e1pido)","og_description":"Com a Elfsight, crie o seu widget Cookie Consent e adicione-o ao site iFrame de forma r\u00e1pida e f\u00e1cil. Temos suporte gratuito ao cliente e outros b\u00f4nus.","og_url":"https:\/\/elfsight.com\/pt\/cookie-consent-widget\/iframe\/","og_site_name":"Elfsight PT","article_modified_time":"2025-02-12T04:41:36+00:00","twitter_card":"summary_large_image","twitter_misc":{"Tempo estimado de leitura":"3 minutos"},"schema":{"@context":"https:\/\/schema.org","@graph":[{"@type":"WebPage","@id":"https:\/\/elfsight.com\/pt\/cookie-consent-widget\/iframe\/","url":"https:\/\/elfsight.com\/pt\/cookie-consent-widget\/iframe\/","name":"Plugin iFrame Cookie Consent para o seu site (gratuito e r\u00e1pido)","isPartOf":{"@id":"https:\/\/elfsight.com\/pt\/#website"},"datePublished":"2024-05-03T06:33:12+00:00","dateModified":"2025-02-12T04:41:36+00:00","description":"Com a Elfsight, crie o seu widget Cookie Consent e adicione-o ao site iFrame de forma r\u00e1pida e f\u00e1cil. Temos suporte gratuito ao cliente e outros b\u00f4nus.","breadcrumb":{"@id":"https:\/\/elfsight.com\/pt\/cookie-consent-widget\/iframe\/#breadcrumb"},"inLanguage":"pt-PT","potentialAction":[{"@type":"ReadAction","target":["https:\/\/elfsight.com\/pt\/cookie-consent-widget\/iframe\/"]}]},{"@type":"BreadcrumbList","@id":"https:\/\/elfsight.com\/pt\/cookie-consent-widget\/iframe\/#breadcrumb","itemListElement":[{"@type":"ListItem","position":1,"name":"Home","item":"https:\/\/elfsight.com\/pt\/"},{"@type":"ListItem","position":2,"name":"Cookie Consent","item":"https:\/\/elfsight.com\/pt\/cookie-consent-widget\/"},{"@type":"ListItem","position":3,"name":"Cookie Consent &#8211; iFrame"}]},{"@type":"WebSite","@id":"https:\/\/elfsight.com\/pt\/#website","url":"https:\/\/elfsight.com\/pt\/","name":"Elfsight PT","description":"Just another Elfsight Sites site","potentialAction":[{"@type":"SearchAction","target":{"@type":"EntryPoint","urlTemplate":"https:\/\/elfsight.com\/pt\/?s={search_term_string}"},"query-input":{"@type":"PropertyValueSpecification","valueRequired":true,"valueName":"search_term_string"}}],"inLanguage":"pt-PT"}]}},"meta_box":{"industry":"","seo_heading":"","heading":"","description":"","cta_heading":"","cta_description":"","application":"617","h1":"Plug-in de consentimento de cookies iFrame","h1_caption":"Mostrar um an\u00fancio imediato de cookie oferecendo um bot\u00e3o de consentimento para os visitantes do site","application_category":[],"applications_title":"","applications_request_title":"","applications_request_button_text":"","hero_text":"","hero_video":"","hero_video_schema_markup":"","selling_points_title":"","selling_points_caption":"","selling_points":[],"selling_points_cta_text":"","features_title":"","features":"","ed_cta_examples_text":"","ed_cta_examples_hidden":"","ed_cta_demo_text":"","ed_cta_demo_hidden":"","why_caption":"","why_editor_title":"","why_editor_text":"","why_team_title":"","why_team_text":"","why_service_title":"","why_service_text":"","template_catalog_visible":"0","template_catalog_title":"","template_catalog_text":"","template_catalog_categories_visible":"","demo_title":"Crie seu widget de consentimento de cookies","demo_caption":"Configure seu Cookie Consent e adicione-o ao seu site iFrame gratuitamente!","default_faq_hidden":"","app_template_category":[],"platform":"4911","template_public_id":"","codecanyon_url":"","codecanyon_item_id":"","codecanyon_price":"","pricing_caption":"","pricing_elfsight_apps_hide_column":"","pricing_elfsight_apps_url":"","pricing_codecanyon_price_caption":"","integration_category":[],"integration_request_title":"","integration_request_cta":"","integration_platform":"","integrations":[],"platform_category":[],"video_schema_markup":"","price":"a partir de US$ 0\/m\u00eas","trial":"","benefits":[{"text":"Servi\u00e7o de instala\u00e7\u00e3o gratuito"},{"text":"Atendimento ao cliente profissional"},{"text":"Garantia de reembolso de 14 dias"},{"text":"Atualizando constantemente"}],"button_url":"#demo","button_target_blank":"0","button_nofollow":"0","attributes":[{"name":"Instala\u00e7\u00f5es","content":"100,000 - 500,000","_state":"expanded"},{"name":"Responsivo","content":"Sim","_state":"expanded"},{"name":"Navegadores compat\u00edveis","content":"Firefox, Safari, Opera, Chrome, Edge"}],"tags":[],"tags_disable_links":"0","hide_more_platforms":"0","video_object":"","demo_hide_cta":"0","demo_hide_cloud_options":"0","pricing_title":"","pricing":[{"pricing_icon":"platform","pricing_title":"Elfsight Apps","pricing_title_caption":"Vers\u00e3o independente de plataforma que se adapta a qualquer site","pricing_price":"a partir de US$ 0\/m\u00eas","pricing_price_caption":"comece com plano gratuito","pricing_benefits":[{"text":"N\u00famero ilimitado de sites"},{"text":"Suporte premium"},{"text":"Suporte premium"},{"text":"Oferta especial para v\u00e1rios aplicativos"}],"pricing_button_text":"Adicionar ao site","pricing_button_url":"#demo","_state":"expanded"}],"related_apps_title":"","related_apps_hidden":"1","author":"","image":[],"title":"","job":"","social_networks":[]},"_links":{"self":[{"href":"https:\/\/elfsight.com\/pt\/wp-json\/wp\/v2\/pages\/3655","targetHints":{"allow":["GET"]}}],"collection":[{"href":"https:\/\/elfsight.com\/pt\/wp-json\/wp\/v2\/pages"}],"about":[{"href":"https:\/\/elfsight.com\/pt\/wp-json\/wp\/v2\/types\/page"}],"author":[{"embeddable":true,"href":"https:\/\/elfsight.com\/pt\/wp-json\/wp\/v2\/users\/9"}],"replies":[{"embeddable":true,"href":"https:\/\/elfsight.com\/pt\/wp-json\/wp\/v2\/comments?post=3655"}],"version-history":[{"count":3,"href":"https:\/\/elfsight.com\/pt\/wp-json\/wp\/v2\/pages\/3655\/revisions"}],"predecessor-version":[{"id":13921,"href":"https:\/\/elfsight.com\/pt\/wp-json\/wp\/v2\/pages\/3655\/revisions\/13921"}],"up":[{"embeddable":true,"href":"https:\/\/elfsight.com\/pt\/wp-json\/wp\/v2\/pages\/618"}],"wp:attachment":[{"href":"https:\/\/elfsight.com\/pt\/wp-json\/wp\/v2\/media?parent=3655"}],"curies":[{"name":"wp","href":"https:\/\/api.w.org\/{rel}","templated":true}]}}