{"id":3650,"date":"2024-05-03T06:32:58","date_gmt":"2024-05-03T06:32:58","guid":{"rendered":"https:\/\/elfsight.com\/pt\/?page_id=3650"},"modified":"2026-02-03T13:53:25","modified_gmt":"2026-02-03T13:53:25","slug":"html","status":"publish","type":"page","link":"https:\/\/elfsight.com\/pt\/contact-form-widget\/html\/","title":{"rendered":"Contact Form &#8211; HTML"},"content":{"rendered":"<div class=\"application-platform-content-item-description application-platform-content-item\" id=\"description\" data-nav-section=\"description\"><h2>Formul\u00e1rio de contato para HTML<\/h2><p>Se voc\u00ea est\u00e1 procurando um c\u00f3digo de formul\u00e1rio de contato HTML gratuito, o widget Contato da Elfsight pode ajuda. \u00c9 um aplicativo HTML de formul\u00e1rio de contato flutuante cujo objetivo principal \u00e9 auxili\u00e1-lo em todas as demandas atuais na obten\u00e7\u00e3o de impress\u00f5es e solicita\u00e7\u00f5es dos visitantes do seu site. Basta revelar os componentes cruciais para o preenchimento, encontrar o template desejado e personalizar a interface para estimular ainda mais seus visitantes a deixarem solicita\u00e7\u00f5es de servi\u00e7os da sua empresa. Nosso plugin HTML de formul\u00e1rio de contato gratuito \u00e9 composto para atender a todas as suas necessidades de obter feedback e ficar sempre em contato com seu p\u00fablico.<\/p><p><b>Colete depoimentos, receba pedidos e responda \u00e0s perguntas dos usu\u00e1rios do site!<\/b><\/p><ul><li><b>Revise a aquisi\u00e7\u00e3o de leads<\/b>.<br>Fique pr\u00f3ximo de seus futuros clientes, motivando-os a falar com voc\u00ea por meio do widget Contato a qualquer momento. Um n\u00famero menor de campos resultar\u00e1 em uma convers\u00e3o maior. <\/li><li><b>Descarte spam<\/b>.<br>Mantenha apenas comunica\u00e7\u00f5es org\u00e2nicas por meio da prote\u00e7\u00e3o substancial do servi\u00e7o reCAPTCHA do Google contra spam e bots.<\/li><li><b>Obtenha clientes feedback com facilidade<\/b>.<br>Crie um plug-in de formul\u00e1rio percept\u00edvel para que ele possa ser facilmente encontrado nas p\u00e1ginas do seu site, motivando seus clientes a fornecer feedback sempre que acharem necess\u00e1rio.<\/li><\/ul> <\/div><div class=\"application-platform-content-item-features application-platform-content-item\" id=\"features\" data-nav-section=\"features\"><h2>Plugin de formul\u00e1rio de contato<\/h2><p>Por que o formul\u00e1rio de contato da Elfsight \u00e9 o melhor widget para coletar avalia\u00e7\u00f5es e receber consultas sobre HTML? Estude nossas caracter\u00edsticas mais importantes:<\/p><ul><li>Ordene os campos do formul\u00e1rio da maneira que desejar;<\/li><li>Coloque o texto que precisar antes do formul\u00e1rio na legenda;<\/li> <li>Layout inline com ajuste autom\u00e1tico dos campos \u00e0 largura do formul\u00e1rio;<\/li><li>O Google reCAPTCHA est\u00e1 aqui para proteger seu formul\u00e1rio contra spam e bots;<\/li><li>Funciona e fica perfeitamente em dispositivos m\u00f3veis .<\/li><\/ul><p><a href=\"#demo\">Leia toda a lista de caracter\u00edsticas em nosso configurador<\/a><\/p><\/div><div class=\"application-platform-content-item-installation application-platform-content-item\" id=\"installation\" data-nav-section=\"installation\"> <h2>Como criar um widget de formul\u00e1rio de contato para um site HTML<\/h2><div class=\"video-container\">\n<iframe width=\"720\" height=\"405\" src=\"https:\/\/www.youtube.com\/embed\/2YeqWGA_Fww?si=FWxIweZUeH4O5sfi\" frameborder=\"0\" allowfullscreen=\"\"><\/iframe>\n<\/div><p>Aplique um guia da Elfsight para instalar seu pr\u00f3prio widget de contato. N\u00e3o \u00e9 necess\u00e1rio ter conhecimentos de programa\u00e7\u00e3o e a dura\u00e7\u00e3o m\u00e9dia da instala\u00e7\u00e3o n\u00e3o se aproxima apenas dos 80 segundos.<\/p><ol><li><b>Crie o seu formul\u00e1rio de contacto pessoal<\/b>.<br> Com a ajuda do nosso formul\u00e1rio gratuito editor, projete um plugin com layout e capacidades necess\u00e1rias.<\/li><li><b>Receba um c\u00f3digo para adicionar o plugin<\/b>.<br> Ap\u00f3s a cria\u00e7\u00e3o do widget, adquira um c\u00f3digo para o plugin de formul\u00e1rio no formul\u00e1rio exibido janela nas aplica\u00e7\u00f5es Elfsight.<\/li><li><b>Coloque o widget no site HTML<\/b>.<br> Inicie o c\u00f3digo da p\u00e1gina no editor HTML, mostre o widget no local desejado (conte\u00fado, rodap\u00e9 , barra lateral etc.) e salve as altera\u00e7\u00f5es.<\/li><li><b>A instala\u00e7\u00e3o foi conclu\u00edda<\/b>.<br> Entre no site HTML para ver seu formul\u00e1rio.<\/li><\/ol><p>Tem alguma dificuldade ao seguir o tutorial ou criar seu formul\u00e1rio? Recomenda-se usar um guia extenso \u00ab<a href=\"https:\/\/elfsight.com\/tutorials\/how-to-add-contact-form-widget-to-html-website\/\" target=\"_blank\" rel=\"noopener noreferrer\">Como inserir o formul\u00e1rio de contato em um site HTML<\/a>\u00bb e tente exibi-lo novamente ou escreva para nosso centro de suporte dando uma explica\u00e7\u00e3o completa do seu problema, e nossa equipe estar\u00e1 l\u00e1 para aconselhar .<\/p><\/div><div class=\"faq\" data-component=\"FAQ\"><div class=\"faq-item\">\r\n\t\t\t\t\t<div class=\"faq-item-question\">\r\n\t\t\t\t\t\t<h3 class=\"faq-item-question-text\">Como posso proteger as informa\u00e7\u00f5es do formul\u00e1rio de usu\u00e1rio HTML na minha p\u00e1gina inicial?<\/h3>\r\n\r\n\t\t\t\t\t\t<div class=\"faq-item-question-icon\"><\/div>\r\n\t\t\t\t\t<\/div>\r\n\r\n\t\t\t\t\t<div class=\"faq-item-answer\">\r\n\t\t\t\t\t\t<div class=\"faq-item-answer-text\"><p>O widget Elfsight Form Builder foi inserido com um dos servi\u00e7os de seguran\u00e7a reCAPTCHA mais atraentes. Ele existe para proteger seu formul\u00e1rio e caixa de correio contra spam e bots e garantir um trabalho tranquilo e apenas dados relevantes. <\/p><\/div>\r\n\t\t\t\t\t<\/div>\r\n\t\t\t\t<\/div><div class=\"faq-item\">\r\n\t\t\t\t\t<div class=\"faq-item-question\">\r\n\t\t\t\t\t\t<h3 class=\"faq-item-question-text\">Voc\u00eas oferecem modelos que suportam formul\u00e1rios de l\u00f3gica condicional\/formul\u00e1rios de m\u00faltiplos campos\/formul\u00e1rios de e-mail?<\/h3>\r\n\r\n\t\t\t\t\t\t<div class=\"faq-item-question-icon\"><\/div>\r\n\t\t\t\t\t<\/div>\r\n\r\n\t\t\t\t\t<div class=\"faq-item-answer\">\r\n\t\t\t\t\t\t<div class=\"faq-item-answer-text\"><p>Claro! Tudo o que voc\u00ea precisa fazer \u00e9 fazer login nos aplicativos Elfsight, selecionar qualquer modelo adequado e come\u00e7ar a criar sua ferramenta. <\/p><\/div>\r\n\t\t\t\t\t<\/div>\r\n\t\t\t\t<\/div><div class=\"faq-item\">\r\n\t\t\t\t\t<div class=\"faq-item-question\">\r\n\t\t\t\t\t\t<h3 class=\"faq-item-question-text\">Como adiciono um formul\u00e1rio de contato\/feedback ao meu site HTML?<\/h3>\r\n\r\n\t\t\t\t\t\t<div class=\"faq-item-question-icon\"><\/div>\r\n\t\t\t\t\t<\/div>\r\n\r\n\t\t\t\t\t<div class=\"faq-item-answer\">\r\n\t\t\t\t\t\t<div class=\"faq-item-answer-text\"><p>Para compor um formul\u00e1rio de contato ou feedback, voc\u00ea precisa fazer login acesse o site Elfsight Apps e fa\u00e7a todas as modifica\u00e7\u00f5es necess\u00e1rias na ferramenta. Depois de terminar, salve suas modifica\u00e7\u00f5es e acesse seu site. Simples assim. <\/p><\/div>\r\n\t\t\t\t\t<\/div>\r\n\t\t\t\t<\/div><div class=\"faq-item\">\r\n\t\t\t\t\t<div class=\"faq-item-question\">\r\n\t\t\t\t\t\t<h3 class=\"faq-item-question-text\">Voc\u00eas oferecem modelos de formul\u00e1rio de contato para o site HTML?<\/h3>\r\n\r\n\t\t\t\t\t\t<div class=\"faq-item-question-icon\"><\/div>\r\n\t\t\t\t\t<\/div>\r\n\r\n\t\t\t\t\t<div class=\"faq-item-answer\">\r\n\t\t\t\t\t\t<div class=\"faq-item-answer-text\"><p>Sim, a Elfsight tem mais de 300 modelos prontos para uso para qualquer caso. D\u00ea uma olhada nos <a href=\"https:\/\/elfsight.com\/online-form-builder\/templates\/contact-forms\/\">modelos de formul\u00e1rio de contato<\/a> e escolha o que voc\u00ea mais gosta.<\/p><\/div>\r\n\t\t\t\t\t<\/div>\r\n\t\t\t\t<\/div><\/div>","protected":false},"excerpt":{"rendered":"","protected":false},"author":9,"featured_media":0,"parent":715,"menu_order":0,"comment_status":"closed","ping_status":"closed","template":"templates\/template-application-platform.php","meta":{"publish_to_discourse":"","publish_post_category":"","wpdc_auto_publish_overridden":"","wpdc_topic_tags":"","wpdc_pin_topic":"","wpdc_pin_until":"","discourse_post_id":"","discourse_permalink":"","wpdc_publishing_response":"","wpdc_publishing_error":"","footnotes":""},"class_list":["post-3650","page","type-page","status-publish","hentry"],"yoast_head":"<!-- This site is optimized with the Yoast SEO plugin v25.3.1 - https:\/\/yoast.com\/wordpress\/plugins\/seo\/ -->\n<title>Crie e adicione formul\u00e1rio de contato em HTML gratuitamente!<\/title>\n<meta name=\"description\" content=\"Crie seu widget de formul\u00e1rio de contato pessoal para HTML incorporado em seu site em apenas 2 minutos. Demonstra\u00e7\u00e3o gratuita, ajuda para adicionar e muito mais vantagens da Elfsight!\" \/>\n<meta name=\"robots\" content=\"index, follow, max-snippet:-1, max-image-preview:large, max-video-preview:-1\" \/>\n<link rel=\"canonical\" href=\"https:\/\/elfsight.com\/pt\/contact-form-widget\/html\/\" \/>\n<meta property=\"og:locale\" content=\"pt_PT\" \/>\n<meta property=\"og:type\" content=\"article\" \/>\n<meta property=\"og:title\" content=\"Crie e adicione formul\u00e1rio de contato em HTML gratuitamente!\" \/>\n<meta property=\"og:description\" content=\"Crie seu widget de formul\u00e1rio de contato pessoal para HTML incorporado em seu site em apenas 2 minutos. Demonstra\u00e7\u00e3o gratuita, ajuda para adicionar e muito mais vantagens da Elfsight!\" \/>\n<meta property=\"og:url\" content=\"https:\/\/elfsight.com\/pt\/contact-form-widget\/html\/\" \/>\n<meta property=\"og:site_name\" content=\"Elfsight PT\" \/>\n<meta property=\"article:modified_time\" content=\"2026-02-03T13:53:25+00:00\" \/>\n<meta name=\"twitter:card\" content=\"summary_large_image\" \/>\n<meta name=\"twitter:label1\" content=\"Tempo estimado de leitura\" \/>\n\t<meta name=\"twitter:data1\" content=\"4 minutos\" \/>\n<!-- \/ Yoast SEO plugin. -->","yoast_head_json":{"title":"Crie e adicione formul\u00e1rio de contato em HTML gratuitamente!","description":"Crie seu widget de formul\u00e1rio de contato pessoal para HTML incorporado em seu site em apenas 2 minutos. Demonstra\u00e7\u00e3o gratuita, ajuda para adicionar e muito mais vantagens da Elfsight!","robots":{"index":"index","follow":"follow","max-snippet":"max-snippet:-1","max-image-preview":"max-image-preview:large","max-video-preview":"max-video-preview:-1"},"canonical":"https:\/\/elfsight.com\/pt\/contact-form-widget\/html\/","og_locale":"pt_PT","og_type":"article","og_title":"Crie e adicione formul\u00e1rio de contato em HTML gratuitamente!","og_description":"Crie seu widget de formul\u00e1rio de contato pessoal para HTML incorporado em seu site em apenas 2 minutos. Demonstra\u00e7\u00e3o gratuita, ajuda para adicionar e muito mais vantagens da Elfsight!","og_url":"https:\/\/elfsight.com\/pt\/contact-form-widget\/html\/","og_site_name":"Elfsight PT","article_modified_time":"2026-02-03T13:53:25+00:00","twitter_card":"summary_large_image","twitter_misc":{"Tempo estimado de leitura":"4 minutos"},"schema":{"@context":"https:\/\/schema.org","@graph":[{"@type":"WebPage","@id":"https:\/\/elfsight.com\/pt\/contact-form-widget\/html\/","url":"https:\/\/elfsight.com\/pt\/contact-form-widget\/html\/","name":"Crie e adicione formul\u00e1rio de contato em HTML gratuitamente!","isPartOf":{"@id":"https:\/\/elfsight.com\/pt\/#website"},"datePublished":"2024-05-03T06:32:58+00:00","dateModified":"2026-02-03T13:53:25+00:00","description":"Crie seu widget de formul\u00e1rio de contato pessoal para HTML incorporado em seu site em apenas 2 minutos. Demonstra\u00e7\u00e3o gratuita, ajuda para adicionar e muito mais vantagens da Elfsight!","breadcrumb":{"@id":"https:\/\/elfsight.com\/pt\/contact-form-widget\/html\/#breadcrumb"},"inLanguage":"pt-PT","potentialAction":[{"@type":"ReadAction","target":["https:\/\/elfsight.com\/pt\/contact-form-widget\/html\/"]}]},{"@type":"BreadcrumbList","@id":"https:\/\/elfsight.com\/pt\/contact-form-widget\/html\/#breadcrumb","itemListElement":[{"@type":"ListItem","position":1,"name":"Home","item":"https:\/\/elfsight.com\/pt\/"},{"@type":"ListItem","position":2,"name":"Contact Form","item":"https:\/\/elfsight.com\/pt\/contact-form-widget\/"},{"@type":"ListItem","position":3,"name":"Contact Form &#8211; HTML"}]},{"@type":"WebSite","@id":"https:\/\/elfsight.com\/pt\/#website","url":"https:\/\/elfsight.com\/pt\/","name":"Elfsight PT","description":"Just another Elfsight Sites site","potentialAction":[{"@type":"SearchAction","target":{"@type":"EntryPoint","urlTemplate":"https:\/\/elfsight.com\/pt\/?s={search_term_string}"},"query-input":{"@type":"PropertyValueSpecification","valueRequired":true,"valueName":"search_term_string"}}],"inLanguage":"pt-PT"}]}},"meta_box":{"industry":"","seo_heading":"","heading":"","description":"","cta_heading":"","cta_description":"","application":"714","h1":"Widget de formul\u00e1rio de contato para HTML","h1_caption":"Receba feedback de cada cliente do site e desenvolva sua empresa","application_category":[],"applications_title":"","applications_request_title":"","applications_request_button_text":"","hero_text":"","hero_video":"","hero_video_schema_markup":"","selling_points_title":"","selling_points_caption":"","selling_points":[],"selling_points_cta_text":"","features_title":"","features":"","ed_cta_examples_text":"","ed_cta_examples_hidden":"","ed_cta_demo_text":"","ed_cta_demo_hidden":"","why_caption":"","why_editor_title":"","why_editor_text":"","why_team_title":"","why_team_text":"","why_service_title":"","why_service_text":"","template_catalog_visible":"0","template_catalog_title":"","template_catalog_text":"","template_catalog_categories_visible":"","demo_title":"Crie seu widget de formul\u00e1rio de contato","demo_caption":"Configure seu Formul\u00e1rio de Contato e adicione-o ao seu site HTML gratuitamente!","default_faq_hidden":"","app_template_category":[],"platform":"49","template_public_id":"","codecanyon_url":"","codecanyon_item_id":"","codecanyon_price":"","pricing_caption":"","pricing_elfsight_apps_hide_column":"","pricing_elfsight_apps_url":"","pricing_codecanyon_price_caption":"","integration_category":[],"integration_request_title":"","integration_request_cta":"","integration_platform":"","integrations":[],"platform_category":[],"video_schema_markup":"","price":"a partir de US$ 0\/m\u00eas","trial":"","benefits":[{"text":"Ajuda de instala\u00e7\u00e3o gratuita"},{"text":"Suporte ao cliente experiente"},{"text":"Garantia de devolu\u00e7\u00e3o do dinheiro em 14 dias"},{"text":"Atualiza\u00e7\u00f5es cont\u00ednuas"}],"button_url":"#demo","button_target_blank":"0","button_nofollow":"0","attributes":[{"name":"Instala\u00e7\u00f5es","content":"100,000 - 500,000","_state":"expanded"},{"name":"Responsivo","content":"Sim","_state":"expanded"},{"name":"Navegadores compat\u00edveis","content":"Firefox, Safari, Opera, Chrome, Edge"}],"tags":[],"tags_disable_links":"0","hide_more_platforms":"0","video_object":"","demo_hide_cta":"0","demo_hide_cloud_options":"0","pricing_title":"","pricing":[{"pricing_icon":"platform","pricing_title":"Platform-independent solution","pricing_title_caption":"Desenvolvido pelo servi\u00e7o Elfsight Apps","pricing_price":"a partir de US$ 0\/m\u00eas","pricing_price_caption":"comece com plano gratuito","pricing_benefits":[{"text":"Sites ilimitados"},{"text":"Suporte r\u00e1pido da empresa e bem documentado"},{"text":"Suporte r\u00e1pido da empresa e bem documentado"},{"text":"Pre\u00e7o a ser pago para v\u00e1rios aplicativos"}],"pricing_button_text":"Adicionar ao site","pricing_button_url":"#demo","_state":"expanded"}],"related_apps_title":"","related_apps_hidden":"1","author":"","image":[],"title":"","job":"","social_networks":[]},"_links":{"self":[{"href":"https:\/\/elfsight.com\/pt\/wp-json\/wp\/v2\/pages\/3650","targetHints":{"allow":["GET"]}}],"collection":[{"href":"https:\/\/elfsight.com\/pt\/wp-json\/wp\/v2\/pages"}],"about":[{"href":"https:\/\/elfsight.com\/pt\/wp-json\/wp\/v2\/types\/page"}],"author":[{"embeddable":true,"href":"https:\/\/elfsight.com\/pt\/wp-json\/wp\/v2\/users\/9"}],"replies":[{"embeddable":true,"href":"https:\/\/elfsight.com\/pt\/wp-json\/wp\/v2\/comments?post=3650"}],"version-history":[{"count":3,"href":"https:\/\/elfsight.com\/pt\/wp-json\/wp\/v2\/pages\/3650\/revisions"}],"predecessor-version":[{"id":15232,"href":"https:\/\/elfsight.com\/pt\/wp-json\/wp\/v2\/pages\/3650\/revisions\/15232"}],"up":[{"embeddable":true,"href":"https:\/\/elfsight.com\/pt\/wp-json\/wp\/v2\/pages\/715"}],"wp:attachment":[{"href":"https:\/\/elfsight.com\/pt\/wp-json\/wp\/v2\/media?parent=3650"}],"curies":[{"name":"wp","href":"https:\/\/api.w.org\/{rel}","templated":true}]}}