{"id":3647,"date":"2024-05-03T06:28:24","date_gmt":"2024-05-03T06:28:24","guid":{"rendered":"https:\/\/elfsight.com\/pt\/?page_id=3647"},"modified":"2025-02-10T09:18:46","modified_gmt":"2025-02-10T09:18:46","slug":"google-sites","status":"publish","type":"page","link":"https:\/\/elfsight.com\/pt\/audio-player-widget\/google-sites\/","title":{"rendered":"Audio Player &#8211; Google Sites"},"content":{"rendered":"\n<div class=\"application-platform-content-item-description application-platform-content-item\" id=\"description\" data-nav-section=\"description\"> \n<h2>Incorporar o Reprodutor de \u00c1udio no Google Sites com o widget Elfsight<\/h2> \n<p>O widget Elfsight Reprodutor de \u00c1udio \u00e9 feito para a reprodu\u00e7\u00e3o de qualquer tipo de conte\u00fado de \u00e1udio. Compartilhe seus melhores lan\u00e7amentos ou os mais recentes, crie uma biblioteca de \u00e1udio, distribua seus audioprogramas, eduque seus usu\u00e1rios com palestras e podcasts em \u00e1udio.<\/p>\n<p>Aproveitando esta ferramenta simples, voc\u00ea poder\u00e1 criar uma playlist que sua audi\u00eancia certamente n\u00e3o vai perder! Fa\u00e7a o upload de um n\u00famero ilimitado de faixas por URL ou simplesmente do seu dispositivo, fa\u00e7a o loop e embaralhe seus arquivos de \u00e1udio, ative a op\u00e7\u00e3o de reprodu\u00e7\u00e3o autom\u00e1tica para tornar o primeiro contato com o seu site marcante e coloque o player em qualquer lugar que desejar.<\/p>\n<p><b>Melhore a experi\u00eancia de navega\u00e7\u00e3o dos seus visitantes criando uma lista de m\u00fasicas personalizada e definindo o clima da sua audi\u00eancia.<\/b><\/p>\n<\/div> \n\n<div class=\"application-platform-content-item-features application-platform-content-item\" id=\"features\" data-nav-section=\"features\"> \n<h2>Conhe\u00e7a a lista das funcionalidades mais valiosas:<\/h2>\n<ul>\n<li><b>Reprodu\u00e7\u00e3o de qualquer arquivo de \u00e1udio.<\/b> O widget de \u00e1udio da Elfsight permite adicionar v\u00e1rias faixas em qualquer formato popular para conte\u00fado de \u00e1udio.<\/li>\n<li><b>Suporte a diversas fontes.<\/b> Voc\u00ea pode incorporar suas faixas por link ou fazer o upload diretamente do dispositivo ou de servi\u00e7os de nuvem.<\/li>\n<li><b>Loop e embaralhamento das faixas.<\/b> Os usu\u00e1rios podem ajustar a reprodu\u00e7\u00e3o como preferirem: embaralhar as faixas da playlist ou fazer o loop de uma delas.<\/li>\n<li><b>Exibir informa\u00e7\u00f5es do player e da playlist.<\/b> Exiba sua playlist altern\u00e1vel e adicione informa\u00e7\u00f5es sobre ela e as faixas da lista.<\/li>\n<li><b>Habilitar a fun\u00e7\u00e3o de autoplay.<\/b> Ative a op\u00e7\u00e3o de autoplay para que os visitantes ou\u00e7am a m\u00fasica assim que abrirem o seu site.<\/li>\n<\/ul>\n<p><a href=\"#demo\">Confira todas as vantagens do nosso widget no editor diretamente nesta p\u00e1gina<\/a><\/p>\n<\/div> \n\n<div class=\"application-platform-content-item-installation application-platform-content-item\" id=\"installation\" data-nav-section=\"installation\"> \n<h2>Como incorporar o Reprodutor de \u00c1udio no meu site do Google Sites?<\/h2>\n<p>Oferecemos um guia simples para configurar o widget no seu site do Google Sites. Vai levar apenas alguns minutos e n\u00e3o requer conhecimentos de programa\u00e7\u00e3o.<\/p> \n<ol>\n<li><strong>Crie seu widget de Reprodutor de \u00c1udio personalizado<\/strong><br> \nComece com qualquer template no editor, trabalhe com os elementos f\u00e1ceis de usar do editor e personalize o widget de acordo com o estilo e as configura\u00e7\u00f5es desejadas.<\/li>\n\n<li><strong>Obtenha o c\u00f3digo pessoal para incorporar o widget<\/strong><br> \nAssim que terminar de criar o widget, voc\u00ea receber\u00e1 um c\u00f3digo HTML individual no seu painel. Copie o c\u00f3digo que cont\u00e9m todos os detalhes sobre as suas personaliza\u00e7\u00f5es.<\/li> \n<li><strong>Exiba o widget no seu site do Google Sites<\/strong><br> \nSelecione as se\u00e7\u00f5es do seu site onde deseja apresentar o Reprodutor de \u00c1udio e cole o c\u00f3digo l\u00e1. Salve as altera\u00e7\u00f5es.<\/li> \n<\/ol>\n<p>Isso \u00e9 tudo! Agora, verifique como o widget est\u00e1 funcionando no seu site.<\/p>\n\n<p>Caso tenha alguma dificuldade ao incorporar o widget no seu site, n\u00e3o hesite em entrar em contato com o nosso suporte ao cliente. Ficaremos felizes em orient\u00e1-lo sobre como adicionar e gerenciar seu reprodutor.<\/p>\n<\/div>\n\n","protected":false},"excerpt":{"rendered":"","protected":false},"author":9,"featured_media":0,"parent":1079,"menu_order":0,"comment_status":"closed","ping_status":"closed","template":"templates\/template-application-platform.php","meta":{"publish_to_discourse":"","publish_post_category":"","wpdc_auto_publish_overridden":"","wpdc_topic_tags":"","wpdc_pin_topic":"","wpdc_pin_until":"","discourse_post_id":"","discourse_permalink":"","wpdc_publishing_response":"","wpdc_publishing_error":"","footnotes":""},"class_list":["post-3647","page","type-page","status-publish","hentry"],"yoast_head":"<!-- This site is optimized with the Yoast SEO plugin v25.3.1 - https:\/\/yoast.com\/wordpress\/plugins\/seo\/ -->\n<title>Audio Player - Adicione widget de m\u00fasica e \u00e1udio ao Google Sites (gratuito e r\u00e1pido)<\/title>\n<meta name=\"description\" content=\"Incorpore um gadget reprodutor de m\u00fasica responsivo ao seu site do Google Sites. Use a demonstra\u00e7\u00e3o pr\u00e1tica da Elfsight e gere seu widget de m\u00fasica exclusivo em apenas 2 minutos.\" \/>\n<meta name=\"robots\" content=\"index, follow, max-snippet:-1, max-image-preview:large, max-video-preview:-1\" \/>\n<link rel=\"canonical\" href=\"https:\/\/elfsight.com\/pt\/audio-player-widget\/google-sites\/\" \/>\n<meta property=\"og:locale\" content=\"pt_PT\" \/>\n<meta property=\"og:type\" content=\"article\" \/>\n<meta property=\"og:title\" content=\"Audio Player - Adicione widget de m\u00fasica e \u00e1udio ao Google Sites (gratuito e r\u00e1pido)\" \/>\n<meta property=\"og:description\" content=\"Incorpore um gadget reprodutor de m\u00fasica responsivo ao seu site do Google Sites. Use a demonstra\u00e7\u00e3o pr\u00e1tica da Elfsight e gere seu widget de m\u00fasica exclusivo em apenas 2 minutos.\" \/>\n<meta property=\"og:url\" content=\"https:\/\/elfsight.com\/pt\/audio-player-widget\/google-sites\/\" \/>\n<meta property=\"og:site_name\" content=\"Elfsight PT\" \/>\n<meta property=\"article:modified_time\" content=\"2025-02-10T09:18:46+00:00\" \/>\n<meta name=\"twitter:card\" content=\"summary_large_image\" \/>\n<meta name=\"twitter:label1\" content=\"Tempo estimado de leitura\" \/>\n\t<meta name=\"twitter:data1\" content=\"3 minutos\" \/>\n<!-- \/ Yoast SEO plugin. -->","yoast_head_json":{"title":"Audio Player - Adicione widget de m\u00fasica e \u00e1udio ao Google Sites (gratuito e r\u00e1pido)","description":"Incorpore um gadget reprodutor de m\u00fasica responsivo ao seu site do Google Sites. Use a demonstra\u00e7\u00e3o pr\u00e1tica da Elfsight e gere seu widget de m\u00fasica exclusivo em apenas 2 minutos.","robots":{"index":"index","follow":"follow","max-snippet":"max-snippet:-1","max-image-preview":"max-image-preview:large","max-video-preview":"max-video-preview:-1"},"canonical":"https:\/\/elfsight.com\/pt\/audio-player-widget\/google-sites\/","og_locale":"pt_PT","og_type":"article","og_title":"Audio Player - Adicione widget de m\u00fasica e \u00e1udio ao Google Sites (gratuito e r\u00e1pido)","og_description":"Incorpore um gadget reprodutor de m\u00fasica responsivo ao seu site do Google Sites. Use a demonstra\u00e7\u00e3o pr\u00e1tica da Elfsight e gere seu widget de m\u00fasica exclusivo em apenas 2 minutos.","og_url":"https:\/\/elfsight.com\/pt\/audio-player-widget\/google-sites\/","og_site_name":"Elfsight PT","article_modified_time":"2025-02-10T09:18:46+00:00","twitter_card":"summary_large_image","twitter_misc":{"Tempo estimado de leitura":"3 minutos"},"schema":{"@context":"https:\/\/schema.org","@graph":[{"@type":"WebPage","@id":"https:\/\/elfsight.com\/pt\/audio-player-widget\/google-sites\/","url":"https:\/\/elfsight.com\/pt\/audio-player-widget\/google-sites\/","name":"Audio Player - Adicione widget de m\u00fasica e \u00e1udio ao Google Sites (gratuito e r\u00e1pido)","isPartOf":{"@id":"https:\/\/elfsight.com\/pt\/#website"},"datePublished":"2024-05-03T06:28:24+00:00","dateModified":"2025-02-10T09:18:46+00:00","description":"Incorpore um gadget reprodutor de m\u00fasica responsivo ao seu site do Google Sites. Use a demonstra\u00e7\u00e3o pr\u00e1tica da Elfsight e gere seu widget de m\u00fasica exclusivo em apenas 2 minutos.","breadcrumb":{"@id":"https:\/\/elfsight.com\/pt\/audio-player-widget\/google-sites\/#breadcrumb"},"inLanguage":"pt-PT","potentialAction":[{"@type":"ReadAction","target":["https:\/\/elfsight.com\/pt\/audio-player-widget\/google-sites\/"]}]},{"@type":"BreadcrumbList","@id":"https:\/\/elfsight.com\/pt\/audio-player-widget\/google-sites\/#breadcrumb","itemListElement":[{"@type":"ListItem","position":1,"name":"Home","item":"https:\/\/elfsight.com\/pt\/"},{"@type":"ListItem","position":2,"name":"Audio Player","item":"https:\/\/elfsight.com\/pt\/audio-player-widget\/"},{"@type":"ListItem","position":3,"name":"Audio Player &#8211; Google Sites"}]},{"@type":"WebSite","@id":"https:\/\/elfsight.com\/pt\/#website","url":"https:\/\/elfsight.com\/pt\/","name":"Elfsight PT","description":"Just another Elfsight Sites site","potentialAction":[{"@type":"SearchAction","target":{"@type":"EntryPoint","urlTemplate":"https:\/\/elfsight.com\/pt\/?s={search_term_string}"},"query-input":{"@type":"PropertyValueSpecification","valueRequired":true,"valueName":"search_term_string"}}],"inLanguage":"pt-PT"}]}},"meta_box":{"industry":"","seo_heading":"","heading":"","description":"","cta_heading":"","cta_description":"","application":"1078","h1":"Widget do reprodutor de \u00e1udio do Google Sites","h1_caption":"Adicione um recurso de \u00e1udio divertido \u00e0 sua p\u00e1gina da web e obtenha mais clientes satisfeitos imediatamente","application_category":[],"applications_title":"","applications_request_title":"","applications_request_button_text":"","hero_text":"","hero_video":"","hero_video_schema_markup":"","selling_points_title":"","selling_points_caption":"","selling_points":[],"selling_points_cta_text":"","features_title":"","features":"","ed_cta_examples_text":"","ed_cta_examples_hidden":"","ed_cta_demo_text":"","ed_cta_demo_hidden":"","why_caption":"","why_editor_title":"","why_editor_text":"","why_team_title":"","why_team_text":"","why_service_title":"","why_service_text":"","template_catalog_visible":"0","template_catalog_title":"","template_catalog_text":"","template_catalog_categories_visible":"","demo_title":"Crie seu widget de reprodutor de \u00e1udio","demo_caption":"Configure seu reprodutor de \u00e1udio e adicione-o ao seu site do Google Sites gratuitamente!","default_faq_hidden":"","app_template_category":[],"platform":"112","template_public_id":"","codecanyon_url":"","codecanyon_item_id":"","codecanyon_price":"","pricing_caption":"","pricing_elfsight_apps_hide_column":"","pricing_elfsight_apps_url":"","pricing_codecanyon_price_caption":"","integration_category":[],"integration_request_title":"","integration_request_cta":"","integration_platform":"","integrations":[],"platform_category":[],"video_schema_markup":"","price":"a partir de US$ 0\/m\u00eas","trial":"","benefits":[{"text":"Servi\u00e7o de instala\u00e7\u00e3o gratuito"},{"text":"Atendimento ao cliente competente"},{"text":"Garantia de reembolso de 14 dias"},{"text":"Melhorias gratuitas cont\u00ednuas"}],"button_url":"#demo","button_target_blank":"0","button_nofollow":"0","attributes":[{"name":"Instala\u00e7\u00f5es","content":"100,000 - 500,000","_state":"expanded"},{"name":"Responsivo","content":"Melhor para celulares","_state":"expanded"},{"name":"Navegadores compat\u00edveis","content":"Edge, Chrome, Safari, Opera, Firefox"}],"tags":[],"tags_disable_links":"0","hide_more_platforms":"0","video_object":"","demo_hide_cta":"0","demo_hide_cloud_options":"0","pricing_title":"","pricing":[{"pricing_icon":"platform","pricing_title":"Elfsight Apps","pricing_title_caption":"Solu\u00e7\u00e3o digital independente de plataforma","pricing_price":"a partir de US$ 0\/m\u00eas","pricing_price_caption":"comece com plano gratuito","pricing_benefits":[{"text":"N\u00famero ilimitado de dom\u00ednios"},{"text":"Suporte profissional e pontual"},{"text":"Suporte profissional e pontual"},{"text":"Pre\u00e7o especial para v\u00e1rios aplicativos"}],"pricing_button_text":"Adicionar ao site","pricing_button_url":"#demo","_state":"expanded"}],"related_apps_title":"","related_apps_hidden":"1","author":"","image":[],"title":"","job":"","social_networks":[]},"_links":{"self":[{"href":"https:\/\/elfsight.com\/pt\/wp-json\/wp\/v2\/pages\/3647","targetHints":{"allow":["GET"]}}],"collection":[{"href":"https:\/\/elfsight.com\/pt\/wp-json\/wp\/v2\/pages"}],"about":[{"href":"https:\/\/elfsight.com\/pt\/wp-json\/wp\/v2\/types\/page"}],"author":[{"embeddable":true,"href":"https:\/\/elfsight.com\/pt\/wp-json\/wp\/v2\/users\/9"}],"replies":[{"embeddable":true,"href":"https:\/\/elfsight.com\/pt\/wp-json\/wp\/v2\/comments?post=3647"}],"version-history":[{"count":3,"href":"https:\/\/elfsight.com\/pt\/wp-json\/wp\/v2\/pages\/3647\/revisions"}],"predecessor-version":[{"id":13817,"href":"https:\/\/elfsight.com\/pt\/wp-json\/wp\/v2\/pages\/3647\/revisions\/13817"}],"up":[{"embeddable":true,"href":"https:\/\/elfsight.com\/pt\/wp-json\/wp\/v2\/pages\/1079"}],"wp:attachment":[{"href":"https:\/\/elfsight.com\/pt\/wp-json\/wp\/v2\/media?parent=3647"}],"curies":[{"name":"wp","href":"https:\/\/api.w.org\/{rel}","templated":true}]}}