{"id":3644,"date":"2024-05-03T06:32:42","date_gmt":"2024-05-03T06:32:42","guid":{"rendered":"https:\/\/elfsight.com\/pt\/?page_id=3644"},"modified":"2025-02-10T11:07:53","modified_gmt":"2025-02-10T11:07:53","slug":"google-sites","status":"publish","type":"page","link":"https:\/\/elfsight.com\/pt\/contact-form-widget\/google-sites\/","title":{"rendered":"Contact Form &#8211; Google Sites"},"content":{"rendered":"\n<div class=\"application-platform-content-item-description application-platform-content-item\" id=\"description\" data-nav-section=\"description\"> <h2>Formul\u00e1rio de contato para Google Sites<\/h2> <p>Se voc\u00ea est\u00e1 se perguntando como adicionar um formul\u00e1rio de contato ao seu site Google, o O formul\u00e1rio de contato da Elfsight pode ajud\u00e1-lo. \u00c9 uma op\u00e7\u00e3o gratuita e personaliz\u00e1vel que atende a todas as necessidades existentes de recebimento de avalia\u00e7\u00f5es e pedidos de clientes. Basta instalar os elementos necess\u00e1rios para preenchimento, definir o modelo necess\u00e1rio e ajustar a apar\u00eancia para estimular ainda mais seus usu\u00e1rios a escreverem um coment\u00e1rio sobre seus produtos ou neg\u00f3cios. Com este formul\u00e1rio, voc\u00ea pode receber avalia\u00e7\u00f5es, receber pedidos e responder cartas dos usu\u00e1rios do seu site!<\/p><p><b>Com o gadget Fale Conosco, inicie um crescimento mais r\u00e1pido dos neg\u00f3cios e mais vendas<\/b> <\/p> <\/div> <div class=\"application-platform-content-item-features application-platform-content-item\" id=\"features\" data-nav-section=\"features\"> <h2>Plugin de formul\u00e1rio de contato<\/h2> <ul><li>Confira todas as vantagens em nosso editor<\/li><li>N\u00e3o h\u00e1 necessidade de ter experi\u00eancia em programa\u00e7\u00e3o web e tempo m\u00e9dio de instala\u00e7\u00e3o \u00e9 de apenas 70 segundos.<\/li><li>Cabe\u00e7alho do bate-papo com imagem, nome e legenda da p\u00e1gina. <\/li><li>Selecionar a imagem da p\u00e1gina por padr\u00e3o, da cole\u00e7\u00e3o ou enviar uma imagem personalizada<\/li><li>Cinco variantes de tempo de resposta na legenda da janela de bate-papo<\/li><\/ul><p><a href=\"#demo\">Voc\u00ea pode descobrir todas as funcionalidades do widget na demonstra\u00e7\u00e3o aqui<\/a><\/p> <\/div> <div class=\"application-platform-content-item-installation application-platform-content-item\" id=\"installation\" data-nav-section=\"installation\"> <h2>Como adiciono um formul\u00e1rio de contato para meus Google Sites?<\/h2><div class=\"video-container\"><iframe width=\"720\" height=\"405\" src=\"https:\/\/www.youtube.com\/embed\/tTDaSkkc204\" frameborder=\"0\" allowfullscreen=\"\"><\/iframe><\/div><p>Basta seguir as instru\u00e7\u00f5es abaixo para incorporar o gadget de contato.<\/p> <ol><li><b>Use nosso configurador gratuito e comece moldar o seu instrumento personalizado.<\/b><br> Escolha o design selecionado e as caracter\u00edsticas da ferramenta e guarde as modifica\u00e7\u00f5es.<\/li> <li><b>Receba o seu c\u00f3digo individual que aparece no formul\u00e1rio especial nas aplica\u00e7\u00f5es Elfsight.<\/b><br> Assim que a configura\u00e7\u00e3o do seu widget estiver conclu\u00edda, copie o c\u00f3digo individual na janela exibida e salve-o para uso posterior.<\/li> <li><b>Comece a usar o widget Fale Conosco no seu P\u00e1gina inicial do Google Sites. <\/b><br> Adicione o c\u00f3digo que voc\u00ea salvou recentemente em sua p\u00e1gina inicial e salve os ajustes.<\/li> <li><b>A instala\u00e7\u00e3o foi realizada com sucesso.<\/b><br> V\u00e1 para seu site para verificar como a ferramenta est\u00e1 funcionando.<\/li><\/ol> <div class=\"tip-yellow tip\"><b>Devido \u00e0s peculiaridades do funcionamento do Google Sites, o widget pode ter uma apar\u00eancia diferente da demonstra\u00e7\u00e3o on-line. Pedimos desculpas por qualquer inconveniente causado.<\/b><\/div><p>Na condi\u00e7\u00e3o de enfrentar d\u00favidas ou enfrentar algum problema, n\u00e3o tenha medo de procurar ajuda de nossa equipe de suporte. Nossos especialistas ter\u00e3o prazer em ajud\u00e1-lo com todas as d\u00favidas que voc\u00ea possa ter sobre o widget. <\/p> <div class=\"faq\" data-component=\"FAQ\"> <div class=\"faq-item\">\r\n\t\t\t\t\t<div class=\"faq-item-question\">\r\n\t\t\t\t\t\t<h3 class=\"faq-item-question-text\">Como posso adicionar um formul\u00e1rio de contato ao meu site do Google Sites sem conhecimentos de codifica\u00e7\u00e3o?<\/h3>\r\n\r\n\t\t\t\t\t\t<div class=\"faq-item-question-icon\"><\/div>\r\n\t\t\t\t\t<\/div>\r\n\r\n\t\t\t\t\t<div class=\"faq-item-answer\">\r\n\t\t\t\t\t\t<div class=\"faq-item-answer-text\"> <p>A Elfsight fornece uma solu\u00e7\u00e3o SaaS que permite que voc\u00ea mesmo crie um widget de formul\u00e1rio de contato. Veja como \u00e9 f\u00e1cil o processo \u00e9: Trabalhe diretamente no editor on-line para criar um widget de formul\u00e1rio de contato que voc\u00ea gostaria de ver em seu site do Google Sites. Escolha um dos modelos predefinidos e ajuste as configura\u00e7\u00f5es do Formul\u00e1rio de Contato, adicione seu conte\u00fado, altere o layout e o esquema de cores sem nenhuma habilidade de codifica\u00e7\u00e3o. Salve o Formul\u00e1rio de Contato e copie seu c\u00f3digo de instala\u00e7\u00e3o, que voc\u00ea pode incorporar ao seu site do Google Sites sem a necessidade de adquirir um plano pago. Com nosso editor intuitivo, qualquer usu\u00e1rio da Internet pode criar um widget de formul\u00e1rio de contato on-line e incorpor\u00e1-lo facilmente ao site do Google Sites. N\u00e3o h\u00e1 necessidade de pagar ou inserir as credenciais do seu cart\u00e3o para acessar o servi\u00e7o. Se voc\u00ea enfrentar algum problema em qualquer etapa, sinta-se \u00e0 vontade para entrar em contato com nossa equipe de suporte t\u00e9cnico.<\/p> <\/div>\r\n\t\t\t\t\t<\/div>\r\n\t\t\t\t<\/div> <div class=\"faq-item\">\r\n\t\t\t\t\t<div class=\"faq-item-question\">\r\n\t\t\t\t\t\t<h3 class=\"faq-item-question-text\">Voc\u00eas oferecem modelos de formul\u00e1rio de contato para o Google Sites?<\/h3>\r\n\r\n\t\t\t\t\t\t<div class=\"faq-item-question-icon\"><\/div>\r\n\t\t\t\t\t<\/div>\r\n\r\n\t\t\t\t\t<div class=\"faq-item-answer\">\r\n\t\t\t\t\t\t<div class=\"faq-item-answer-text\"><p>Sim, A Elfsight tem mais de 300 modelos prontos para usar para qualquer caso. D\u00ea uma olhada nos <a href=\"https:\/\/elfsight.com\/online-form-builder\/templates\/contact-forms\/\">modelos de formul\u00e1rio de contato<\/a> e escolha o que voc\u00ea mais gosta.<\/p><\/div>\r\n\t\t\t\t\t<\/div>\r\n\t\t\t\t<\/div><\/div> <\/div>\n","protected":false},"excerpt":{"rendered":"","protected":false},"author":9,"featured_media":0,"parent":715,"menu_order":0,"comment_status":"closed","ping_status":"closed","template":"templates\/template-application-platform.php","meta":{"publish_to_discourse":"","publish_post_category":"","wpdc_auto_publish_overridden":"","wpdc_topic_tags":"","wpdc_pin_topic":"","wpdc_pin_until":"","discourse_post_id":"","discourse_permalink":"","wpdc_publishing_response":"","wpdc_publishing_error":"","footnotes":""},"class_list":["post-3644","page","type-page","status-publish","hentry"],"yoast_head":"<!-- This site is optimized with the Yoast SEO plugin v25.3.1 - https:\/\/yoast.com\/wordpress\/plugins\/seo\/ -->\n<title>Crie e adicione formul\u00e1rio de contato no Google Sites gratuitamente!<\/title>\n<meta name=\"description\" content=\"Implemente um formul\u00e1rio de contato responsivo em seus Google Sites e ganhe total confian\u00e7a. Utilize a demonstra\u00e7\u00e3o da Elfsight para criar o seu gadget Contacte-nos personalizado.\" \/>\n<meta name=\"robots\" content=\"index, follow, max-snippet:-1, max-image-preview:large, max-video-preview:-1\" \/>\n<link rel=\"canonical\" href=\"https:\/\/elfsight.com\/pt\/contact-form-widget\/google-sites\/\" \/>\n<meta property=\"og:locale\" content=\"pt_PT\" \/>\n<meta property=\"og:type\" content=\"article\" \/>\n<meta property=\"og:title\" content=\"Crie e adicione formul\u00e1rio de contato no Google Sites gratuitamente!\" \/>\n<meta property=\"og:description\" content=\"Implemente um formul\u00e1rio de contato responsivo em seus Google Sites e ganhe total confian\u00e7a. Utilize a demonstra\u00e7\u00e3o da Elfsight para criar o seu gadget Contacte-nos personalizado.\" \/>\n<meta property=\"og:url\" content=\"https:\/\/elfsight.com\/pt\/contact-form-widget\/google-sites\/\" \/>\n<meta property=\"og:site_name\" content=\"Elfsight PT\" \/>\n<meta property=\"article:modified_time\" content=\"2025-02-10T11:07:53+00:00\" \/>\n<meta name=\"twitter:card\" content=\"summary_large_image\" \/>\n<meta name=\"twitter:label1\" content=\"Tempo estimado de leitura\" \/>\n\t<meta name=\"twitter:data1\" content=\"4 minutos\" \/>\n<!-- \/ Yoast SEO plugin. -->","yoast_head_json":{"title":"Crie e adicione formul\u00e1rio de contato no Google Sites gratuitamente!","description":"Implemente um formul\u00e1rio de contato responsivo em seus Google Sites e ganhe total confian\u00e7a. Utilize a demonstra\u00e7\u00e3o da Elfsight para criar o seu gadget Contacte-nos personalizado.","robots":{"index":"index","follow":"follow","max-snippet":"max-snippet:-1","max-image-preview":"max-image-preview:large","max-video-preview":"max-video-preview:-1"},"canonical":"https:\/\/elfsight.com\/pt\/contact-form-widget\/google-sites\/","og_locale":"pt_PT","og_type":"article","og_title":"Crie e adicione formul\u00e1rio de contato no Google Sites gratuitamente!","og_description":"Implemente um formul\u00e1rio de contato responsivo em seus Google Sites e ganhe total confian\u00e7a. Utilize a demonstra\u00e7\u00e3o da Elfsight para criar o seu gadget Contacte-nos personalizado.","og_url":"https:\/\/elfsight.com\/pt\/contact-form-widget\/google-sites\/","og_site_name":"Elfsight PT","article_modified_time":"2025-02-10T11:07:53+00:00","twitter_card":"summary_large_image","twitter_misc":{"Tempo estimado de leitura":"4 minutos"},"schema":{"@context":"https:\/\/schema.org","@graph":[{"@type":"WebPage","@id":"https:\/\/elfsight.com\/pt\/contact-form-widget\/google-sites\/","url":"https:\/\/elfsight.com\/pt\/contact-form-widget\/google-sites\/","name":"Crie e adicione formul\u00e1rio de contato no Google Sites gratuitamente!","isPartOf":{"@id":"https:\/\/elfsight.com\/pt\/#website"},"datePublished":"2024-05-03T06:32:42+00:00","dateModified":"2025-02-10T11:07:53+00:00","description":"Implemente um formul\u00e1rio de contato responsivo em seus Google Sites e ganhe total confian\u00e7a. Utilize a demonstra\u00e7\u00e3o da Elfsight para criar o seu gadget Contacte-nos personalizado.","breadcrumb":{"@id":"https:\/\/elfsight.com\/pt\/contact-form-widget\/google-sites\/#breadcrumb"},"inLanguage":"pt-PT","potentialAction":[{"@type":"ReadAction","target":["https:\/\/elfsight.com\/pt\/contact-form-widget\/google-sites\/"]}]},{"@type":"BreadcrumbList","@id":"https:\/\/elfsight.com\/pt\/contact-form-widget\/google-sites\/#breadcrumb","itemListElement":[{"@type":"ListItem","position":1,"name":"Home","item":"https:\/\/elfsight.com\/pt\/"},{"@type":"ListItem","position":2,"name":"Contact Form","item":"https:\/\/elfsight.com\/pt\/contact-form-widget\/"},{"@type":"ListItem","position":3,"name":"Contact Form &#8211; Google Sites"}]},{"@type":"WebSite","@id":"https:\/\/elfsight.com\/pt\/#website","url":"https:\/\/elfsight.com\/pt\/","name":"Elfsight PT","description":"Just another Elfsight Sites site","potentialAction":[{"@type":"SearchAction","target":{"@type":"EntryPoint","urlTemplate":"https:\/\/elfsight.com\/pt\/?s={search_term_string}"},"query-input":{"@type":"PropertyValueSpecification","valueRequired":true,"valueName":"search_term_string"}}],"inLanguage":"pt-PT"}]}},"meta_box":{"industry":"","seo_heading":"","heading":"","description":"","cta_heading":"","cta_description":"","application":"714","h1":"Widget Formul\u00e1rio de contato do Google Sites","h1_caption":"Transforme as visitas ao seu site em compras e feedback de potenciais clientes compradores","application_category":[],"applications_title":"","applications_request_title":"","applications_request_button_text":"","hero_text":"","hero_video":"","hero_video_schema_markup":"","selling_points_title":"","selling_points_caption":"","selling_points":[],"selling_points_cta_text":"","features_title":"","features":"","ed_cta_examples_text":"","ed_cta_examples_hidden":"","ed_cta_demo_text":"","ed_cta_demo_hidden":"","why_caption":"","why_editor_title":"","why_editor_text":"","why_team_title":"","why_team_text":"","why_service_title":"","why_service_text":"","template_catalog_visible":"0","template_catalog_title":"","template_catalog_text":"","template_catalog_categories_visible":"","demo_title":"Crie seu widget de formul\u00e1rio de contato","demo_caption":"Configure seu Formul\u00e1rio de Contato e adicione-o ao seu site do Google Sites gratuitamente!","default_faq_hidden":"","app_template_category":[],"platform":"112","template_public_id":"","codecanyon_url":"","codecanyon_item_id":"","codecanyon_price":"","pricing_caption":"","pricing_elfsight_apps_hide_column":"","pricing_elfsight_apps_url":"","pricing_codecanyon_price_caption":"","integration_category":[],"integration_request_title":"","integration_request_cta":"","integration_platform":"","integrations":[],"platform_category":[],"video_schema_markup":"","price":"a partir de US$ 0\/m\u00eas","trial":"","benefits":[{"text":"Servi\u00e7o de instala\u00e7\u00e3o gratuito"},{"text":"Atendimento ao cliente competente"},{"text":"Garantia de reembolso de 14 dias"},{"text":"Desenvolvimento cont\u00ednuo"}],"button_url":"#demo","button_target_blank":"0","button_nofollow":"0","attributes":[{"name":"Instala\u00e7\u00f5es","content":"100,000 - 500,000","_state":"expanded"},{"name":"Responsivo","content":"Totalmente adapt\u00e1vel","_state":"expanded"},{"name":"Navegadores compat\u00edveis","content":" Opera, Firefox, Chrome, Edge, Safari"}],"tags":[],"tags_disable_links":"0","hide_more_platforms":"0","video_object":"","demo_hide_cta":"0","demo_hide_cloud_options":"0","pricing_title":"","pricing":[{"pricing_icon":"platform","pricing_title":"Elfsight Apps","pricing_title_caption":"Software multiplataforma que funciona em qualquer site","pricing_price":"a partir de US$ 0\/m\u00eas","pricing_price_caption":"comece com plano gratuito","pricing_benefits":[{"text":"Sites ilimitados"},{"text":"Suporte dedicado ao cliente"},{"text":"Suporte dedicado ao cliente"},{"text":"Oferta especial para v\u00e1rios aplicativos"}],"pricing_button_text":"Adicionar ao site","pricing_button_url":"#demo","_state":"expanded"}],"related_apps_title":"","related_apps_hidden":"1","author":"","image":[],"title":"","job":"","social_networks":[]},"_links":{"self":[{"href":"https:\/\/elfsight.com\/pt\/wp-json\/wp\/v2\/pages\/3644","targetHints":{"allow":["GET"]}}],"collection":[{"href":"https:\/\/elfsight.com\/pt\/wp-json\/wp\/v2\/pages"}],"about":[{"href":"https:\/\/elfsight.com\/pt\/wp-json\/wp\/v2\/types\/page"}],"author":[{"embeddable":true,"href":"https:\/\/elfsight.com\/pt\/wp-json\/wp\/v2\/users\/9"}],"replies":[{"embeddable":true,"href":"https:\/\/elfsight.com\/pt\/wp-json\/wp\/v2\/comments?post=3644"}],"version-history":[{"count":3,"href":"https:\/\/elfsight.com\/pt\/wp-json\/wp\/v2\/pages\/3644\/revisions"}],"predecessor-version":[{"id":13833,"href":"https:\/\/elfsight.com\/pt\/wp-json\/wp\/v2\/pages\/3644\/revisions\/13833"}],"up":[{"embeddable":true,"href":"https:\/\/elfsight.com\/pt\/wp-json\/wp\/v2\/pages\/715"}],"wp:attachment":[{"href":"https:\/\/elfsight.com\/pt\/wp-json\/wp\/v2\/media?parent=3644"}],"curies":[{"name":"wp","href":"https:\/\/api.w.org\/{rel}","templated":true}]}}