{"id":3642,"date":"2024-05-03T06:33:08","date_gmt":"2024-05-03T06:33:08","guid":{"rendered":"https:\/\/elfsight.com\/pt\/?page_id=3642"},"modified":"2025-02-12T04:48:57","modified_gmt":"2025-02-12T04:48:57","slug":"google-sites","status":"publish","type":"page","link":"https:\/\/elfsight.com\/pt\/cookie-consent-widget\/google-sites\/","title":{"rendered":"Cookie Consent &#8211; Google Sites"},"content":{"rendered":"\n<div class=\"application-platform-content-item-description application-platform-content-item\" id=\"description\" data-nav-section=\"description\"> <h2>Incorpore o consentimento de cookies no Google Sites com o widget Elfsight<\/h2> <p>Usando o Elfsight Cookie Banner para Google Site, ser\u00e1 absolutamente simples anunciar aos seus usu\u00e1rios que seu site usa cookies. O widget permite que voc\u00ea insira seu texto, forne\u00e7a um link para a pol\u00edtica de uso do site e adicione bot\u00f5es ativos para obter a aprova\u00e7\u00e3o dos visitantes. Voc\u00ea pode optar por organizar a notifica\u00e7\u00e3o como uma barra ou caixa responsiva e atribuir sua posi\u00e7\u00e3o a ela. Al\u00e9m disso, os elementos pint\u00e1veis \u200b\u200b\u200b\u200bo ajudar\u00e3o a torn\u00e1-lo consistente e a integrar-se bem ao conceito de estilo do site. <\/p> <p><b>Torne seu site mais eficaz para tarefas de com\u00e9rcio eletr\u00f4nico com o Consentimento de Cookies<\/b><\/p> <\/div> <div class=\"application-platform-content-item-features application-platform-content-item\" id=\"features\" data-nav-section=\"features\"> <h2>Esses s\u00e3o apenas alguns dos v\u00e1rios recursos do widget: <\/h2> <ul><li>Organizar um simples an\u00fancio ou solicita\u00e7\u00e3o de aprova\u00e7\u00e3o; <\/li> <li>A op\u00e7\u00e3o de adicionar um texto de notifica\u00e7\u00e3o personalizado com recursos de formata\u00e7\u00e3o e links dispon\u00edveis; <\/li> <li>Mostrar ou ocultar um link para os termos e condi\u00e7\u00f5es dos cookies e inserir um r\u00f3tulo de link personalizado; <\/li> <li> Escolha o tipo de layout Barra ou Caixa da notifica\u00e7\u00e3o; <\/li> <li>Escolha a cor dos bot\u00f5es e do link. <\/li> <\/ul><p><a href=\"#demo\">Voc\u00ea pode testar todos os recursos do widget na demonstra\u00e7\u00e3o agora mesmo<\/a><\/p> <\/div> <div class=\"application-platform-content-item-installation application-platform-content-item\" id=\"installation\" data-nav-section=\"installation\"> <h2>Como adiciono consentimento de cookies em meus Google Sites?<\/h2><p>Basta seguir as etapas abaixo para inserir o widget. <\/p> <ol><li><b>Abra nosso configurador gratuito e comece a criar seu widget personalizado. <\/b><br> Escolha o design e os aspectos preferidos da ferramenta e aplique as modifica\u00e7\u00f5es. <\/li> <li><b>Receba seu c\u00f3digo individual aparecendo na janela dos aplicativos Elfsight. <\/b><br>Assim que a personaliza\u00e7\u00e3o do seu widget for conclu\u00edda, copie o c\u00f3digo pessoal no pop-up que surgir e salve-o para ocasi\u00f5es futuras. <\/li> <li><b>Comece a usar a notifica\u00e7\u00e3o de cookies no seu site Google. <\/b><br> Insira o c\u00f3digo que voc\u00ea salvou anteriormente em sua p\u00e1gina web e aplique as corre\u00e7\u00f5es. <\/li> <li><b>A instala\u00e7\u00e3o est\u00e1 totalmente conclu\u00edda. <\/b><br> V\u00e1 at\u00e9 sua p\u00e1gina para ver como o plugin est\u00e1 funcionando. <\/li><\/ol> <div class=\"tip-yellow tip\"><b>Devido \u00e0s peculiaridades do funcionamento do Google Sites, o widget pode ter uma apar\u00eancia diferente da demonstra\u00e7\u00e3o on-line. Pedimos desculpas por qualquer inconveniente causado.<\/b><\/div><p>Na condi\u00e7\u00e3o de enfrentar d\u00favidas ou enfrentar algumas complica\u00e7\u00f5es, n\u00e3o hesite em solicitar nossa equipe de suporte. Nosso pessoal deseja ajud\u00e1-lo com todas as d\u00favidas que voc\u00ea possa ter com a ferramenta. <\/p> <div class=\"faq\" data-component=\"FAQ\"><div class=\"faq-item\">\r\n\t\t\t\t\t<div class=\"faq-item-question\">\r\n\t\t\t\t\t\t<h3 class=\"faq-item-question-text\">Como posso adicionar consentimento de cookies ao meu site do Google Sites sem conhecimentos de codifica\u00e7\u00e3o?<\/h3>\r\n\r\n\t\t\t\t\t\t<div class=\"faq-item-question-icon\"><\/div>\r\n\t\t\t\t\t<\/div>\r\n\r\n\t\t\t\t\t<div class=\"faq-item-answer\">\r\n\t\t\t\t\t\t<div class=\"faq-item-answer-text\"> <p>A Elfsight fornece uma solu\u00e7\u00e3o SaaS que permite criar voc\u00ea mesmo um widget de consentimento de cookies. Veja como \u00e9 f\u00e1cil o processo \u00e9: Trabalhe diretamente no Editor on-line para criar um widget de Consentimento de Cookies que voc\u00ea gostaria de ver em seu site do Google Sites. Escolha um dos modelos predefinidos e ajuste as configura\u00e7\u00f5es de consentimento de cookies, adicione seu conte\u00fado, altere o layout e as cores sem nenhuma habilidade de codifica\u00e7\u00e3o. Salve o consentimento de cookies e copie seu c\u00f3digo de instala\u00e7\u00e3o, que voc\u00ea pode adicionar facilmente ao seu site do Google Sites sem adquirir um plano pago. Com nosso editor intuitivo, qualquer usu\u00e1rio da Internet pode criar um widget de consentimento de cookies on-line e incorpor\u00e1-lo facilmente ao site do Google Sites. N\u00e3o h\u00e1 necessidade de pagar ou inserir as credenciais do seu cart\u00e3o para acessar o servi\u00e7o. Se voc\u00ea enfrentar qualquer problema em qualquer etapa, n\u00e3o hesite em entrar em contato com nossa equipe de suporte t\u00e9cnico.<\/p> <\/div>\r\n\t\t\t\t\t<\/div>\r\n\t\t\t\t<\/div> <\/div><\/div>\n\n\n<p><!-- wp:par\u00e1grafo --><\/p>\n<p><!-- \/wp:par\u00e1grafo --><\/p>","protected":false},"excerpt":{"rendered":"","protected":false},"author":9,"featured_media":0,"parent":618,"menu_order":0,"comment_status":"closed","ping_status":"closed","template":"templates\/template-application-platform.php","meta":{"publish_to_discourse":"","publish_post_category":"","wpdc_auto_publish_overridden":"","wpdc_topic_tags":"","wpdc_pin_topic":"","wpdc_pin_until":"","discourse_post_id":"","discourse_permalink":"","wpdc_publishing_response":"","wpdc_publishing_error":"","footnotes":""},"class_list":["post-3642","page","type-page","status-publish","hentry"],"yoast_head":"<!-- This site is optimized with the Yoast SEO plugin v25.3.1 - https:\/\/yoast.com\/wordpress\/plugins\/seo\/ -->\n<title>Consentimento de cookies \u2013 Adicionar widget de cookies ao Google Sites (2025)<\/title>\n<meta name=\"description\" content=\"Adicione um widget de consentimento de cookies responsivo ao seu Google Sites e obtenha total confian\u00e7a. Use a demonstra\u00e7\u00e3o pr\u00e1tica da Elfsight para criar seu recurso personalizado.\" \/>\n<meta name=\"robots\" content=\"index, follow, max-snippet:-1, max-image-preview:large, max-video-preview:-1\" \/>\n<link rel=\"canonical\" href=\"https:\/\/elfsight.com\/pt\/cookie-consent-widget\/google-sites\/\" \/>\n<meta property=\"og:locale\" content=\"pt_PT\" \/>\n<meta property=\"og:type\" content=\"article\" \/>\n<meta property=\"og:title\" content=\"Consentimento de cookies \u2013 Adicionar widget de cookies ao Google Sites (2025)\" \/>\n<meta property=\"og:description\" content=\"Adicione um widget de consentimento de cookies responsivo ao seu Google Sites e obtenha total confian\u00e7a. Use a demonstra\u00e7\u00e3o pr\u00e1tica da Elfsight para criar seu recurso personalizado.\" \/>\n<meta property=\"og:url\" content=\"https:\/\/elfsight.com\/pt\/cookie-consent-widget\/google-sites\/\" \/>\n<meta property=\"og:site_name\" content=\"Elfsight PT\" \/>\n<meta property=\"article:modified_time\" content=\"2025-02-12T04:48:57+00:00\" \/>\n<meta name=\"twitter:card\" content=\"summary_large_image\" \/>\n<meta name=\"twitter:label1\" content=\"Tempo estimado de leitura\" \/>\n\t<meta name=\"twitter:data1\" content=\"4 minutos\" \/>\n<!-- \/ Yoast SEO plugin. -->","yoast_head_json":{"title":"Consentimento de cookies \u2013 Adicionar widget de cookies ao Google Sites (2025)","description":"Adicione um widget de consentimento de cookies responsivo ao seu Google Sites e obtenha total confian\u00e7a. Use a demonstra\u00e7\u00e3o pr\u00e1tica da Elfsight para criar seu recurso personalizado.","robots":{"index":"index","follow":"follow","max-snippet":"max-snippet:-1","max-image-preview":"max-image-preview:large","max-video-preview":"max-video-preview:-1"},"canonical":"https:\/\/elfsight.com\/pt\/cookie-consent-widget\/google-sites\/","og_locale":"pt_PT","og_type":"article","og_title":"Consentimento de cookies \u2013 Adicionar widget de cookies ao Google Sites (2025)","og_description":"Adicione um widget de consentimento de cookies responsivo ao seu Google Sites e obtenha total confian\u00e7a. Use a demonstra\u00e7\u00e3o pr\u00e1tica da Elfsight para criar seu recurso personalizado.","og_url":"https:\/\/elfsight.com\/pt\/cookie-consent-widget\/google-sites\/","og_site_name":"Elfsight PT","article_modified_time":"2025-02-12T04:48:57+00:00","twitter_card":"summary_large_image","twitter_misc":{"Tempo estimado de leitura":"4 minutos"},"schema":{"@context":"https:\/\/schema.org","@graph":[{"@type":"WebPage","@id":"https:\/\/elfsight.com\/pt\/cookie-consent-widget\/google-sites\/","url":"https:\/\/elfsight.com\/pt\/cookie-consent-widget\/google-sites\/","name":"Consentimento de cookies \u2013 Adicionar widget de cookies ao Google Sites (2025)","isPartOf":{"@id":"https:\/\/elfsight.com\/pt\/#website"},"datePublished":"2024-05-03T06:33:08+00:00","dateModified":"2025-02-12T04:48:57+00:00","description":"Adicione um widget de consentimento de cookies responsivo ao seu Google Sites e obtenha total confian\u00e7a. Use a demonstra\u00e7\u00e3o pr\u00e1tica da Elfsight para criar seu recurso personalizado.","breadcrumb":{"@id":"https:\/\/elfsight.com\/pt\/cookie-consent-widget\/google-sites\/#breadcrumb"},"inLanguage":"pt-PT","potentialAction":[{"@type":"ReadAction","target":["https:\/\/elfsight.com\/pt\/cookie-consent-widget\/google-sites\/"]}]},{"@type":"BreadcrumbList","@id":"https:\/\/elfsight.com\/pt\/cookie-consent-widget\/google-sites\/#breadcrumb","itemListElement":[{"@type":"ListItem","position":1,"name":"Home","item":"https:\/\/elfsight.com\/pt\/"},{"@type":"ListItem","position":2,"name":"Cookie Consent","item":"https:\/\/elfsight.com\/pt\/cookie-consent-widget\/"},{"@type":"ListItem","position":3,"name":"Cookie Consent &#8211; Google Sites"}]},{"@type":"WebSite","@id":"https:\/\/elfsight.com\/pt\/#website","url":"https:\/\/elfsight.com\/pt\/","name":"Elfsight PT","description":"Just another Elfsight Sites site","potentialAction":[{"@type":"SearchAction","target":{"@type":"EntryPoint","urlTemplate":"https:\/\/elfsight.com\/pt\/?s={search_term_string}"},"query-input":{"@type":"PropertyValueSpecification","valueRequired":true,"valueName":"search_term_string"}}],"inLanguage":"pt-PT"}]}},"meta_box":{"industry":"","seo_heading":"","heading":"","description":"","cta_heading":"","cta_description":"","application":"617","h1":"Consentimento de cookies do Google Sites","h1_caption":"Organize uma notifica\u00e7\u00e3o r\u00e1pida de cookies com bot\u00e3o de consentimento para os visitantes","application_category":[],"applications_title":"","applications_request_title":"","applications_request_button_text":"","hero_text":"","hero_video":"","hero_video_schema_markup":"","selling_points_title":"","selling_points_caption":"","selling_points":[],"selling_points_cta_text":"","features_title":"","features":"","ed_cta_examples_text":"","ed_cta_examples_hidden":"","ed_cta_demo_text":"","ed_cta_demo_hidden":"","why_caption":"","why_editor_title":"","why_editor_text":"","why_team_title":"","why_team_text":"","why_service_title":"","why_service_text":"","template_catalog_visible":"0","template_catalog_title":"","template_catalog_text":"","template_catalog_categories_visible":"","demo_title":"Crie seu widget de consentimento de cookies","demo_caption":"Configure seu consentimento de cookies e adicione-o ao seu site do Google Sites gratuitamente!","default_faq_hidden":"","app_template_category":[],"platform":"112","template_public_id":"","codecanyon_url":"","codecanyon_item_id":"","codecanyon_price":"","pricing_caption":"","pricing_elfsight_apps_hide_column":"","pricing_elfsight_apps_url":"","pricing_codecanyon_price_caption":"","integration_category":[],"integration_request_title":"","integration_request_cta":"","integration_platform":"","integrations":[],"platform_category":[],"video_schema_markup":"","price":"a partir de US$ 0\/m\u00eas","trial":"","benefits":[{"text":"Servi\u00e7o de instala\u00e7\u00e3o gratuito"},{"text":"Suporte ao cliente experiente"},{"text":"Garantia de devolu\u00e7\u00e3o do dinheiro em 14 dias"},{"text":"Atualizando constantemente"}],"button_url":"#demo","button_target_blank":"0","button_nofollow":"0","attributes":[{"name":"Instala\u00e7\u00f5es","content":"100,000 - 500,000","_state":"expanded"},{"name":"Responsivo","content":"Design adaptativo","_state":"expanded"},{"name":"Navegadores compat\u00edveis","content":"Edge, Safari, Firefox, Chrome, Opera"}],"tags":[],"tags_disable_links":"0","hide_more_platforms":"0","video_object":"","demo_hide_cta":"0","demo_hide_cloud_options":"0","pricing_title":"","pricing":[{"pricing_icon":"platform","pricing_title":"Elfsight Apps","pricing_title_caption":"Software multiplataforma que se adapta a qualquer site","pricing_price":"a partir de US$ 0\/m\u00eas","pricing_price_caption":"comece com plano gratuito","pricing_benefits":[{"text":"Sites ilimitados"},{"text":"Suporte premium e pontual"},{"text":"Suporte premium e pontual"},{"text":"Totalmente personaliz\u00e1vel"}],"pricing_button_text":"Adicionar ao site","pricing_button_url":"#demo","_state":"expanded"}],"related_apps_title":"","related_apps_hidden":"1","author":"","image":[],"title":"","job":"","social_networks":[]},"_links":{"self":[{"href":"https:\/\/elfsight.com\/pt\/wp-json\/wp\/v2\/pages\/3642","targetHints":{"allow":["GET"]}}],"collection":[{"href":"https:\/\/elfsight.com\/pt\/wp-json\/wp\/v2\/pages"}],"about":[{"href":"https:\/\/elfsight.com\/pt\/wp-json\/wp\/v2\/types\/page"}],"author":[{"embeddable":true,"href":"https:\/\/elfsight.com\/pt\/wp-json\/wp\/v2\/users\/9"}],"replies":[{"embeddable":true,"href":"https:\/\/elfsight.com\/pt\/wp-json\/wp\/v2\/comments?post=3642"}],"version-history":[{"count":4,"href":"https:\/\/elfsight.com\/pt\/wp-json\/wp\/v2\/pages\/3642\/revisions"}],"predecessor-version":[{"id":13923,"href":"https:\/\/elfsight.com\/pt\/wp-json\/wp\/v2\/pages\/3642\/revisions\/13923"}],"up":[{"embeddable":true,"href":"https:\/\/elfsight.com\/pt\/wp-json\/wp\/v2\/pages\/618"}],"wp:attachment":[{"href":"https:\/\/elfsight.com\/pt\/wp-json\/wp\/v2\/media?parent=3642"}],"curies":[{"name":"wp","href":"https:\/\/api.w.org\/{rel}","templated":true}]}}