{"id":3638,"date":"2024-05-03T06:32:41","date_gmt":"2024-05-03T06:32:41","guid":{"rendered":"https:\/\/elfsight.com\/pt\/?page_id=3638"},"modified":"2024-11-12T15:32:17","modified_gmt":"2024-11-12T15:32:17","slug":"godaddy","status":"publish","type":"page","link":"https:\/\/elfsight.com\/pt\/contact-form-widget\/godaddy\/","title":{"rendered":"Contact Form &#8211; GoDaddy"},"content":{"rendered":"<div class=\"application-platform-content-item-description application-platform-content-item\" id=\"description\" data-nav-section=\"description\"> <h2>Formul\u00e1rio de contato para GoDaddy<\/h2> <p>Os usu\u00e1rios do construtor de sites Godaddy podem se beneficiar do widget Formul\u00e1rio de contato da Elfsight, que fornece uma maneira f\u00e1cil de criar um formul\u00e1rio \u00fatil para o seu site, onde os visitantes podem deixar coment\u00e1rios ou mensagens para voc\u00ea. Organize seu formul\u00e1rio adicionando qualquer n\u00famero e tipo de campos e defina seu endere\u00e7o de e-mail \u2013 e voc\u00ea estar\u00e1 em contato com seus clientes 24 horas por dia, 7 dias por semana. O Formul\u00e1rio de Contato da Elfsight \u00e9 altamente personaliz\u00e1vel e permite escolher entre tr\u00eas layouts, adicionar uma imagem, alterar o t\u00edtulo, tornar qualquer um dos campos obrigat\u00f3rios e muito mais para criar um formul\u00e1rio de contato atraente e f\u00e1cil de preencher.<\/p> <p> <b>Aumente a gera\u00e7\u00e3o de leads permitindo uma intera\u00e7\u00e3o f\u00e1cil e r\u00e1pida com seus clientes<\/b><\/p> <\/div> <div class=\"application-platform-content-item-features application-platform-content-item\" id=\"features\" data-nav-section=\"features\"> <h2>Plugin de formul\u00e1rio de contato<\/h2> <ul><li>Formul\u00e1rios de v\u00e1rias etapas mostram uma barra de progresso com o n\u00famero total de etapas e o nome da etapa atual<\/li><li>Op\u00e7\u00e3o para espalhar os campos em v\u00e1rias colunas<\/li><li>Novos cen\u00e1rios p\u00f3s-envio: redirecionamento para outra p\u00e1gina por URL ou oculta\u00e7\u00e3o do formul\u00e1rio<\/li><li>Op\u00e7\u00e3o para desativar o recurso de salvar o progresso do preenchimento<\/li><li>Uma escolha de 10 \u00edcones de cabe\u00e7alho <\/li><\/ul><p><a href=\" #demo\">Explore todas as configura\u00e7\u00f5es na demonstra\u00e7\u00e3o completa<\/a><\/p> <\/div> <div class=\"application-platform-content-item-installation application-platform-content-item\" id=\"installation\" data-nav-section=\"installation\"> <h2>Como incorporar o formul\u00e1rio de contato em meu site GoDaddy? <\/h2> <p>Basta aplicar as instru\u00e7\u00f5es abaixo para integrar o plugin. <\/p> <ol><li><b>Execute nosso editor gratuito e comece a criar seu pr\u00f3prio plugin. <\/b><br> Especifique a interface selecionada e a funcionalidade da ferramenta e aplique as modifica\u00e7\u00f5es. <\/li> <li><b>Copie o c\u00f3digo exclusivo exposto na caixa dos aplicativos Elfsight. <\/b><br> Quando a customiza\u00e7\u00e3o do seu plugin estiver conclu\u00edda, copie o c\u00f3digo individual na caixa exibida e guarde-o para uso futuro. <\/li> <li><b>Comece a usar o plug-in no seu site GoDaddy. <\/b><br> Adicione o c\u00f3digo que voc\u00ea copiou antes em sua p\u00e1gina da web e aplique as melhorias. <\/li> <li><b>Conclu\u00eddo! A integra\u00e7\u00e3o \u00e9 totalmente realizada. <\/b><br> Acesse seu site para ver em a\u00e7\u00e3o o desempenho do plug-in. <\/li><\/ol> <p>Caso tenha d\u00favidas ou se depare com alguma complica\u00e7\u00e3o, sinta-se \u00e0 vontade para procurar assist\u00eancia de nossa equipe de atendimento ao cliente. Nosso pessoal deseja ajud\u00e1-lo com todas as d\u00favidas que voc\u00ea possa ter sobre a ferramenta. <\/p> <div class=\"faq\" data-component=\"FAQ\"> <div class=\"faq-item\">\r\n\t\t\t\t\t<div class=\"faq-item-question\">\r\n\t\t\t\t\t\t<h3 class=\"faq-item-question-text\">Como adicionar um Formul\u00e1rio de Contato ao meu site GoDaddy sem habilidades de codifica\u00e7\u00e3o?<\/h3>\r\n\r\n\t\t\t\t\t\t<div class=\"faq-item-question-icon\"><\/div>\r\n\t\t\t\t\t<\/div>\r\n\r\n\t\t\t\t\t<div class=\"faq-item-answer\">\r\n\t\t\t\t\t\t<div class=\"faq-item-answer-text\"> <p>A Elfsight fornece uma solu\u00e7\u00e3o SaaS que permite que voc\u00ea mesmo crie um widget de Formul\u00e1rio de Contato. Veja como \u00e9 f\u00e1cil o processo \u00e9: Trabalhe diretamente no Editor on-line para criar um widget de Formul\u00e1rio de Contato que voc\u00ea gostaria de ver em seu site GoDaddy. Escolha um dos modelos predefinidos e ajuste as configura\u00e7\u00f5es do Formul\u00e1rio de Contato, adicione seu conte\u00fado, altere o layout e o esquema de cores sem nenhuma habilidade de codifica\u00e7\u00e3o. Salve o Formul\u00e1rio de Contato e copie seu c\u00f3digo de instala\u00e7\u00e3o, que voc\u00ea pode simplesmente incorporar em seu site GoDaddy sem a necessidade de adquirir um plano pago. Com nosso editor intuitivo, qualquer usu\u00e1rio da Internet pode criar um widget de formul\u00e1rio de contato on-line e incorpor\u00e1-lo facilmente ao site GoDaddy. N\u00e3o h\u00e1 necessidade de pagar ou inserir as credenciais do seu cart\u00e3o para acessar o servi\u00e7o. Se voc\u00ea enfrentar algum problema em qualquer etapa, n\u00e3o hesite em entrar em contato com nossa equipe de suporte t\u00e9cnico.<\/p> <\/div>\r\n\t\t\t\t\t<\/div>\r\n\t\t\t\t<\/div> <div class=\"faq-item\">\r\n\t\t\t\t\t<div class=\"faq-item-question\">\r\n\t\t\t\t\t\t<h3 class=\"faq-item-question-text\">Existe algum modelo de formul\u00e1rio de contato para o site GoDaddy?<\/h3>\r\n\r\n\t\t\t\t\t\t<div class=\"faq-item-question-icon\"><\/div>\r\n\t\t\t\t\t<\/div>\r\n\r\n\t\t\t\t\t<div class=\"faq-item-answer\">\r\n\t\t\t\t\t\t<div class=\"faq-item-answer-text\"><p>Sim, h\u00e1! A equipe da Elfsight criou uma grande cole\u00e7\u00e3o de mais de 300 modelos prontos para uso. E voc\u00ea n\u00e3o ficar\u00e1 desapontado com os <a href=\"https:\/\/elfsight.com\/online-form-builder\/templates\/contact-forms\/\">modelos de formul\u00e1rio de contato<\/a>, com certeza.<\/p> <\/div>\r\n\t\t\t\t\t<\/div>\r\n\t\t\t\t<\/div><\/div> <\/div>","protected":false},"excerpt":{"rendered":"","protected":false},"author":9,"featured_media":0,"parent":715,"menu_order":0,"comment_status":"closed","ping_status":"closed","template":"templates\/template-application-platform.php","meta":{"publish_to_discourse":"","publish_post_category":"","wpdc_auto_publish_overridden":"","wpdc_topic_tags":"","wpdc_pin_topic":"","wpdc_pin_until":"","discourse_post_id":"","discourse_permalink":"","wpdc_publishing_response":"","wpdc_publishing_error":"","footnotes":""},"class_list":["post-3638","page","type-page","status-publish","hentry"],"yoast_head":"<!-- This site is optimized with the Yoast SEO plugin v25.3.1 - https:\/\/yoast.com\/wordpress\/plugins\/seo\/ -->\n<title>Crie e adicione formul\u00e1rio de contato no GoDaddy gratuitamente!<\/title>\n<meta name=\"description\" content=\"Crie seu plugin de formul\u00e1rio de contato exclusivo para exibi\u00e7\u00e3o do GoDaddy em seu site em apenas 1 minuto. Demonstra\u00e7\u00e3o gratuita, suporte com design!\" \/>\n<meta name=\"robots\" content=\"index, follow, max-snippet:-1, max-image-preview:large, max-video-preview:-1\" \/>\n<link rel=\"canonical\" href=\"https:\/\/elfsight.com\/pt\/contact-form-widget\/godaddy\/\" \/>\n<meta property=\"og:locale\" content=\"pt_PT\" \/>\n<meta property=\"og:type\" content=\"article\" \/>\n<meta property=\"og:title\" content=\"Crie e adicione formul\u00e1rio de contato no GoDaddy gratuitamente!\" \/>\n<meta property=\"og:description\" content=\"Crie seu plugin de formul\u00e1rio de contato exclusivo para exibi\u00e7\u00e3o do GoDaddy em seu site em apenas 1 minuto. Demonstra\u00e7\u00e3o gratuita, suporte com design!\" \/>\n<meta property=\"og:url\" content=\"https:\/\/elfsight.com\/pt\/contact-form-widget\/godaddy\/\" \/>\n<meta property=\"og:site_name\" content=\"Elfsight PT\" \/>\n<meta property=\"article:modified_time\" content=\"2024-11-12T15:32:17+00:00\" \/>\n<meta name=\"twitter:card\" content=\"summary_large_image\" \/>\n<meta name=\"twitter:label1\" content=\"Tempo estimado de leitura\" \/>\n\t<meta name=\"twitter:data1\" content=\"2 minutos\" \/>\n<!-- \/ Yoast SEO plugin. -->","yoast_head_json":{"title":"Crie e adicione formul\u00e1rio de contato no GoDaddy gratuitamente!","description":"Crie seu plugin de formul\u00e1rio de contato exclusivo para exibi\u00e7\u00e3o do GoDaddy em seu site em apenas 1 minuto. Demonstra\u00e7\u00e3o gratuita, suporte com design!","robots":{"index":"index","follow":"follow","max-snippet":"max-snippet:-1","max-image-preview":"max-image-preview:large","max-video-preview":"max-video-preview:-1"},"canonical":"https:\/\/elfsight.com\/pt\/contact-form-widget\/godaddy\/","og_locale":"pt_PT","og_type":"article","og_title":"Crie e adicione formul\u00e1rio de contato no GoDaddy gratuitamente!","og_description":"Crie seu plugin de formul\u00e1rio de contato exclusivo para exibi\u00e7\u00e3o do GoDaddy em seu site em apenas 1 minuto. Demonstra\u00e7\u00e3o gratuita, suporte com design!","og_url":"https:\/\/elfsight.com\/pt\/contact-form-widget\/godaddy\/","og_site_name":"Elfsight PT","article_modified_time":"2024-11-12T15:32:17+00:00","twitter_card":"summary_large_image","twitter_misc":{"Tempo estimado de leitura":"2 minutos"},"schema":{"@context":"https:\/\/schema.org","@graph":[{"@type":"WebPage","@id":"https:\/\/elfsight.com\/pt\/contact-form-widget\/godaddy\/","url":"https:\/\/elfsight.com\/pt\/contact-form-widget\/godaddy\/","name":"Crie e adicione formul\u00e1rio de contato no GoDaddy gratuitamente!","isPartOf":{"@id":"https:\/\/elfsight.com\/pt\/#website"},"datePublished":"2024-05-03T06:32:41+00:00","dateModified":"2024-11-12T15:32:17+00:00","description":"Crie seu plugin de formul\u00e1rio de contato exclusivo para exibi\u00e7\u00e3o do GoDaddy em seu site em apenas 1 minuto. Demonstra\u00e7\u00e3o gratuita, suporte com design!","breadcrumb":{"@id":"https:\/\/elfsight.com\/pt\/contact-form-widget\/godaddy\/#breadcrumb"},"inLanguage":"pt-PT","potentialAction":[{"@type":"ReadAction","target":["https:\/\/elfsight.com\/pt\/contact-form-widget\/godaddy\/"]}]},{"@type":"BreadcrumbList","@id":"https:\/\/elfsight.com\/pt\/contact-form-widget\/godaddy\/#breadcrumb","itemListElement":[{"@type":"ListItem","position":1,"name":"Home","item":"https:\/\/elfsight.com\/pt\/"},{"@type":"ListItem","position":2,"name":"Contact Form","item":"https:\/\/elfsight.com\/pt\/contact-form-widget\/"},{"@type":"ListItem","position":3,"name":"Contact Form &#8211; GoDaddy"}]},{"@type":"WebSite","@id":"https:\/\/elfsight.com\/pt\/#website","url":"https:\/\/elfsight.com\/pt\/","name":"Elfsight PT","description":"Just another Elfsight Sites site","potentialAction":[{"@type":"SearchAction","target":{"@type":"EntryPoint","urlTemplate":"https:\/\/elfsight.com\/pt\/?s={search_term_string}"},"query-input":{"@type":"PropertyValueSpecification","valueRequired":true,"valueName":"search_term_string"}}],"inLanguage":"pt-PT"}]}},"meta_box":{"industry":"","seo_heading":"","heading":"","description":"","cta_heading":"","cta_description":"","application":"714","h1":"Plug-in de formul\u00e1rio de contato GoDaddy","h1_caption":"Transforme as visitas ao seu site em compras e feedback de potenciais clientes compradores","application_category":[],"applications_title":"","applications_request_title":"","applications_request_button_text":"","hero_text":"","hero_video":"","hero_video_schema_markup":"","selling_points_title":"","selling_points_caption":"","selling_points":[],"selling_points_cta_text":"","features_title":"","features":"","ed_cta_examples_text":"","ed_cta_examples_hidden":"","ed_cta_demo_text":"","ed_cta_demo_hidden":"","why_caption":"","why_editor_title":"","why_editor_text":"","why_team_title":"","why_team_text":"","why_service_title":"","why_service_text":"","template_catalog_visible":"","template_catalog_title":"","template_catalog_text":"","template_catalog_categories_visible":"","demo_title":"Crie seu plugin de formul\u00e1rio de contato","demo_caption":"Configure seu Formul\u00e1rio de Contato e adicione-o ao seu site GoDaddy gratuitamente!","default_faq_hidden":"","app_template_category":[],"platform":"4908","template_public_id":"","codecanyon_url":"","codecanyon_item_id":"","codecanyon_price":"","pricing_caption":"","pricing_elfsight_apps_hide_column":"","pricing_elfsight_apps_url":"","pricing_codecanyon_price_caption":"","integration_category":[],"integration_request_title":"","integration_request_cta":"","integration_platform":"","integrations":[],"platform_category":[],"video_schema_markup":"","price":"a partir de US$ 0\/m\u00eas","trial":"","benefits":[{"text":"Assist\u00eancia de instala\u00e7\u00e3o gratuita"},{"text":"Atendimento ao cliente competente"},{"text":"Garantia de devolu\u00e7\u00e3o do dinheiro em 14 dias"},{"text":"Desenvolvimento cont\u00ednuo"}],"button_url":"#demo","button_target_blank":"0","button_nofollow":"0","attributes":[{"name":"Instala\u00e7\u00f5es","content":"100,000 - 500,000","_state":"expanded"},{"name":"Responsivo","content":"Sim","_state":"expanded"},{"name":"Navegadores compat\u00edveis","content":"IE11, Firefox, Safari, Opera, Chrome, Edge"}],"tags":[],"tags_disable_links":"0","hide_more_platforms":"","video_object":"","demo_hide_cta":"0","demo_hide_cloud_options":"0","pricing_title":"","pricing":[{"pricing_icon":"platform","pricing_title":"Elfsight Apps","pricing_title_caption":"Software independente de plataforma","pricing_price":"a partir de US$ 0\/m\u00eas","pricing_price_caption":"comece com plano gratuito","pricing_benefits":[{"text":"Dom\u00ednios ilimitados"},{"text":"Suporte r\u00e1pido e pontual e bem documentado"},{"text":"Suporte r\u00e1pido e pontual e bem documentado"},{"text":"Design flex\u00edvel"}],"pricing_button_text":"Adicionar ao site","pricing_button_url":"#demo","_state":"expanded"}],"related_apps_title":"","related_apps_hidden":"1","author":"","image":[],"title":"","job":"","social_networks":[]},"_links":{"self":[{"href":"https:\/\/elfsight.com\/pt\/wp-json\/wp\/v2\/pages\/3638","targetHints":{"allow":["GET"]}}],"collection":[{"href":"https:\/\/elfsight.com\/pt\/wp-json\/wp\/v2\/pages"}],"about":[{"href":"https:\/\/elfsight.com\/pt\/wp-json\/wp\/v2\/types\/page"}],"author":[{"embeddable":true,"href":"https:\/\/elfsight.com\/pt\/wp-json\/wp\/v2\/users\/9"}],"replies":[{"embeddable":true,"href":"https:\/\/elfsight.com\/pt\/wp-json\/wp\/v2\/comments?post=3638"}],"version-history":[{"count":2,"href":"https:\/\/elfsight.com\/pt\/wp-json\/wp\/v2\/pages\/3638\/revisions"}],"predecessor-version":[{"id":11676,"href":"https:\/\/elfsight.com\/pt\/wp-json\/wp\/v2\/pages\/3638\/revisions\/11676"}],"up":[{"embeddable":true,"href":"https:\/\/elfsight.com\/pt\/wp-json\/wp\/v2\/pages\/715"}],"wp:attachment":[{"href":"https:\/\/elfsight.com\/pt\/wp-json\/wp\/v2\/media?parent=3638"}],"curies":[{"name":"wp","href":"https:\/\/api.w.org\/{rel}","templated":true}]}}