{"id":3632,"date":"2024-05-03T06:32:45","date_gmt":"2024-05-03T06:32:45","guid":{"rendered":"https:\/\/elfsight.com\/pt\/?page_id=3632"},"modified":"2024-11-13T11:45:11","modified_gmt":"2024-11-13T11:45:11","slug":"facebook","status":"publish","type":"page","link":"https:\/\/elfsight.com\/pt\/contact-form-widget\/facebook\/","title":{"rendered":"Contact Form &#8211; Facebook Page"},"content":{"rendered":"<div class=\"application-platform-content-item-description application-platform-content-item\" id=\"description\" data-nav-section=\"description\"><h2>Formul\u00e1rio de contato para p\u00e1gina do Facebook<\/h2><p>A guia Fale conosco no Facebook da Elfsight \u00e9 uma ferramenta poderosa que pode ajud\u00e1-lo a atender todos os seus requisitos principais para obter impress\u00f5es e pedidos de clientes de sua p\u00e1gina. Esteja voc\u00ea se perguntando como criar um formul\u00e1rio em sua p\u00e1gina do Facebook ou simplesmente procurando uma maneira de adicionar um formul\u00e1rio \u00e0 sua p\u00e1gina do Facebook, nossa guia pode ajud\u00e1-lo a incorporar os elementos adicionais para preencher o formul\u00e1rio, definir o layout necess\u00e1rio, e ajuste a apar\u00eancia para inspirar ainda mais seus clientes a enviar uma avalia\u00e7\u00e3o sobre seus servi\u00e7os ou neg\u00f3cios.<\/p><\/div><div class=\"application-platform-content-item-features application-platform-content-item\" id=\"features\" data-nav-section=\"features\"><h2>Plugin de formul\u00e1rio de contato<\/h2><p>O que torna nosso formul\u00e1rio de contato o melhor plugin para coletar impress\u00f5es de clientes e obter consultas para o Facebook? Estude nossas principais caracter\u00edsticas:<\/p><ul><li>Distribui\u00e7\u00e3o de campos em diversas colunas;<\/li><li>Suporte reCAPTCHA invis\u00edvel;<\/li><li>Suporte a v\u00e1rios endere\u00e7os de e-mail;<\/li><li>10 \u00edcones incorporados para bot\u00e3o flutuante;<\/li><li>Formata\u00e7\u00e3o do texto do cabe\u00e7alho: tipo de letra, alinhamento, lista, links dispon\u00edveis.<\/li><\/ul><p><a href=\"#demo\">Experimente o lista completa de recursos em nossa demonstra\u00e7\u00e3o<\/a><\/p><\/div><div class=\"application-platform-content-item-installation application-platform-content-item\" id=\"installation\" data-nav-section=\"installation\"><h2>Como criar a guia Formul\u00e1rio de contato para a p\u00e1gina comercial do Facebook<\/h2><p>Siga nosso tutorial , para integrar o widget de contato \u00e0 sua p\u00e1gina. A dura\u00e7\u00e3o total da instala\u00e7\u00e3o n\u00e3o levar\u00e1 mais do que aproximadamente 70 segundos.<\/p><ul><li><b>Crie seu pr\u00f3prio widget de contato<\/b><br>Usando nosso editor gratuito, crie um plugin com um layout preferido e funcionalidade. <\/li><li><b>Adquira o c\u00f3digo pessoal para adicionar o formul\u00e1rio<\/b><br>Depois de criar o seu widget, obter\u00e1 o seu c\u00f3digo de instala\u00e7\u00e3o a partir da notifica\u00e7\u00e3o que aparece nas aplica\u00e7\u00f5es Elfsight. Copie este c\u00f3digo para uso posterior. <\/li><li><b>Adicione a guia do formul\u00e1rio \u00e0 p\u00e1gina do Facebook<\/b><br> Crie sua guia personalizada do Facebook. Insira o c\u00f3digo que voc\u00ea recebeu nos aplicativos da elfsight na guia. Se voc\u00ea tiver algum problema, basta verificar nosso guia em <a href=\"https:\/\/elfsight.com\/blog\/how-to-add-custom-tab-to-facebook-page\/\" target=\"_blank\" rel=\"noopener noreferrer\">criando uma guia personalizada do Facebook<\/a><\/li><li><b>Conclu\u00eddo!<\/b><br>V\u00e1 para a p\u00e1gina para verificar seu widget.<\/li><\/ul> <p>Encontrou alguma dificuldade ao instalar o plugin? Recomendamos que voc\u00ea leia o guia completo \u00abComo exibir o formul\u00e1rio de contato em uma p\u00e1gina do Facebook\u00bb e tente incorpor\u00e1-lo novamente ou entre em contato com o centro de ajuda da Elfsight para obter ajuda.<\/p><\/div><div class=\"faq\" data-component=\"FAQ\"><div class=\"faq-item\">\r\n\t\t\t\t\t<div class=\"faq-item-question\">\r\n\t\t\t\t\t\t<h3 class=\"faq-item-question-text\">Como fa\u00e7o para preservar os dados do formul\u00e1rio do usu\u00e1rio da p\u00e1gina do Facebook em minhas p\u00e1ginas?<\/h3>\r\n\r\n\t\t\t\t\t\t<div class=\"faq-item-question-icon\"><\/div>\r\n\t\t\t\t\t<\/div>\r\n\r\n\t\t\t\t\t<div class=\"faq-item-answer\">\r\n\t\t\t\t\t\t<div class=\"faq-item-answer-text\"><p>Nosso Form Builder \u00e9 adicionado com um dos servi\u00e7os reCAPTCHA mais eficazes. Foi integrado para preservar seus formul\u00e1rios e caixa de correio contra spam e bots e garantir um trabalho tranquilo e apenas dados lucrativos. <\/p><\/div>\r\n\t\t\t\t\t<\/div>\r\n\t\t\t\t<\/div><div class=\"faq-item\">\r\n\t\t\t\t\t<div class=\"faq-item-question\">\r\n\t\t\t\t\t\t<h3 class=\"faq-item-question-text\">Voc\u00ea tem algum modelo que suporte formul\u00e1rios l\u00f3gicos condicionais\/campos m\u00faltiplos\/formul\u00e1rios de e-mail?<\/h3>\r\n\r\n\t\t\t\t\t\t<div class=\"faq-item-question-icon\"><\/div>\r\n\t\t\t\t\t<\/div>\r\n\r\n\t\t\t\t\t<div class=\"faq-item-answer\">\r\n\t\t\t\t\t\t<div class=\"faq-item-answer-text\"><p>Claro! Tudo o que voc\u00ea precisa fazer \u00e9 fazer login nos aplicativos da Elfsight, escolher qualquer modelo relevante e come\u00e7ar a projetar sua ferramenta personalizada. <\/p><\/div>\r\n\t\t\t\t\t<\/div>\r\n\t\t\t\t<\/div><div class=\"faq-item\">\r\n\t\t\t\t\t<div class=\"faq-item-question\">\r\n\t\t\t\t\t\t<h3 class=\"faq-item-question-text\">De que forma posso incorporar um formul\u00e1rio de contato\/feedback ao site da minha p\u00e1gina do Facebook?<\/h3>\r\n\r\n\t\t\t\t\t\t<div class=\"faq-item-question-icon\"><\/div>\r\n\t\t\t\t\t<\/div>\r\n\r\n\t\t\t\t\t<div class=\"faq-item-answer\">\r\n\t\t\t\t\t\t<div class=\"faq-item-answer-text\"><p>Para construir seu formul\u00e1rio de contato\/feedback, voc\u00ea deve fazer login acesse o site Elfsight Apps e fa\u00e7a todas as altera\u00e7\u00f5es necess\u00e1rias no widget. Depois de terminar, salve os ajustes e prossiga para o site. Voc\u00ea Terminou. <\/p><\/div>\r\n\t\t\t\t\t<\/div>\r\n\t\t\t\t<\/div><div class=\"faq-item\">\r\n\t\t\t\t\t<div class=\"faq-item-question\">\r\n\t\t\t\t\t\t<h3 class=\"faq-item-question-text\">Existe algum modelo de formul\u00e1rio de contato para o site da p\u00e1gina do Facebook?<\/h3>\r\n\r\n\t\t\t\t\t\t<div class=\"faq-item-question-icon\"><\/div>\r\n\t\t\t\t\t<\/div>\r\n\r\n\t\t\t\t\t<div class=\"faq-item-answer\">\r\n\t\t\t\t\t\t<div class=\"faq-item-answer-text\"><p>Sim, existe! A equipe da Elfsight criou uma grande cole\u00e7\u00e3o de mais de 300 modelos prontos para uso. E voc\u00ea n\u00e3o ficar\u00e1 desapontado com os <a href=\"https:\/\/elfsight.com\/online-form-builder\/templates\/contact-forms\/\">modelos de formul\u00e1rio de contato<\/a>, com certeza.<\/p> <\/div>\r\n\t\t\t\t\t<\/div>\r\n\t\t\t\t<\/div><\/div>","protected":false},"excerpt":{"rendered":"","protected":false},"author":9,"featured_media":0,"parent":715,"menu_order":0,"comment_status":"closed","ping_status":"closed","template":"templates\/template-application-platform.php","meta":{"publish_to_discourse":"","publish_post_category":"","wpdc_auto_publish_overridden":"","wpdc_topic_tags":"","wpdc_pin_topic":"","wpdc_pin_until":"","discourse_post_id":"","discourse_permalink":"","wpdc_publishing_response":"","wpdc_publishing_error":"","footnotes":""},"class_list":["post-3632","page","type-page","status-publish","hentry"],"yoast_head":"<!-- This site is optimized with the Yoast SEO plugin v25.3.1 - https:\/\/yoast.com\/wordpress\/plugins\/seo\/ -->\n<title>Crie e adicione formul\u00e1rio de contato no Facebook gratuitamente!<\/title>\n<meta name=\"description\" content=\"Esta \u00e9 uma oportunidade de criar a guia Formul\u00e1rio de contato e adicion\u00e1-la \u00e0 sua p\u00e1gina comercial do Facebook. Obtenha atendimento ao cliente gratuito e outras vantagens da Elfsight.\" \/>\n<meta name=\"robots\" content=\"index, follow, max-snippet:-1, max-image-preview:large, max-video-preview:-1\" \/>\n<link rel=\"canonical\" href=\"https:\/\/elfsight.com\/pt\/contact-form-widget\/facebook\/\" \/>\n<meta property=\"og:locale\" content=\"pt_PT\" \/>\n<meta property=\"og:type\" content=\"article\" \/>\n<meta property=\"og:title\" content=\"Crie e adicione formul\u00e1rio de contato no Facebook gratuitamente!\" \/>\n<meta property=\"og:description\" content=\"Esta \u00e9 uma oportunidade de criar a guia Formul\u00e1rio de contato e adicion\u00e1-la \u00e0 sua p\u00e1gina comercial do Facebook. Obtenha atendimento ao cliente gratuito e outras vantagens da Elfsight.\" \/>\n<meta property=\"og:url\" content=\"https:\/\/elfsight.com\/pt\/contact-form-widget\/facebook\/\" \/>\n<meta property=\"og:site_name\" content=\"Elfsight PT\" \/>\n<meta property=\"article:modified_time\" content=\"2024-11-13T11:45:11+00:00\" \/>\n<meta name=\"twitter:card\" content=\"summary_large_image\" \/>\n<meta name=\"twitter:label1\" content=\"Tempo estimado de leitura\" \/>\n\t<meta name=\"twitter:data1\" content=\"2 minutos\" \/>\n<!-- \/ Yoast SEO plugin. -->","yoast_head_json":{"title":"Crie e adicione formul\u00e1rio de contato no Facebook gratuitamente!","description":"Esta \u00e9 uma oportunidade de criar a guia Formul\u00e1rio de contato e adicion\u00e1-la \u00e0 sua p\u00e1gina comercial do Facebook. Obtenha atendimento ao cliente gratuito e outras vantagens da Elfsight.","robots":{"index":"index","follow":"follow","max-snippet":"max-snippet:-1","max-image-preview":"max-image-preview:large","max-video-preview":"max-video-preview:-1"},"canonical":"https:\/\/elfsight.com\/pt\/contact-form-widget\/facebook\/","og_locale":"pt_PT","og_type":"article","og_title":"Crie e adicione formul\u00e1rio de contato no Facebook gratuitamente!","og_description":"Esta \u00e9 uma oportunidade de criar a guia Formul\u00e1rio de contato e adicion\u00e1-la \u00e0 sua p\u00e1gina comercial do Facebook. Obtenha atendimento ao cliente gratuito e outras vantagens da Elfsight.","og_url":"https:\/\/elfsight.com\/pt\/contact-form-widget\/facebook\/","og_site_name":"Elfsight PT","article_modified_time":"2024-11-13T11:45:11+00:00","twitter_card":"summary_large_image","twitter_misc":{"Tempo estimado de leitura":"2 minutos"},"schema":{"@context":"https:\/\/schema.org","@graph":[{"@type":"WebPage","@id":"https:\/\/elfsight.com\/pt\/contact-form-widget\/facebook\/","url":"https:\/\/elfsight.com\/pt\/contact-form-widget\/facebook\/","name":"Crie e adicione formul\u00e1rio de contato no Facebook gratuitamente!","isPartOf":{"@id":"https:\/\/elfsight.com\/pt\/#website"},"datePublished":"2024-05-03T06:32:45+00:00","dateModified":"2024-11-13T11:45:11+00:00","description":"Esta \u00e9 uma oportunidade de criar a guia Formul\u00e1rio de contato e adicion\u00e1-la \u00e0 sua p\u00e1gina comercial do Facebook. Obtenha atendimento ao cliente gratuito e outras vantagens da Elfsight.","breadcrumb":{"@id":"https:\/\/elfsight.com\/pt\/contact-form-widget\/facebook\/#breadcrumb"},"inLanguage":"pt-PT","potentialAction":[{"@type":"ReadAction","target":["https:\/\/elfsight.com\/pt\/contact-form-widget\/facebook\/"]}]},{"@type":"BreadcrumbList","@id":"https:\/\/elfsight.com\/pt\/contact-form-widget\/facebook\/#breadcrumb","itemListElement":[{"@type":"ListItem","position":1,"name":"Home","item":"https:\/\/elfsight.com\/pt\/"},{"@type":"ListItem","position":2,"name":"Contact Form","item":"https:\/\/elfsight.com\/pt\/contact-form-widget\/"},{"@type":"ListItem","position":3,"name":"Contact Form &#8211; Facebook Page"}]},{"@type":"WebSite","@id":"https:\/\/elfsight.com\/pt\/#website","url":"https:\/\/elfsight.com\/pt\/","name":"Elfsight PT","description":"Just another Elfsight Sites site","potentialAction":[{"@type":"SearchAction","target":{"@type":"EntryPoint","urlTemplate":"https:\/\/elfsight.com\/pt\/?s={search_term_string}"},"query-input":{"@type":"PropertyValueSpecification","valueRequired":true,"valueName":"search_term_string"}}],"inLanguage":"pt-PT"}]}},"meta_box":{"industry":"","seo_heading":"","heading":"","description":"","cta_heading":"","cta_description":"","application":"714","h1":"Formul\u00e1rio de contato para p\u00e1gina do Facebook","h1_caption":"A variante mais r\u00e1pida para contatos com usu\u00e1rios da p\u00e1gina","application_category":[],"applications_title":"","applications_request_title":"","applications_request_button_text":"","hero_text":"","hero_video":"","hero_video_schema_markup":"","selling_points_title":"","selling_points_caption":"","selling_points":[],"selling_points_cta_text":"","features_title":"","features":"","ed_cta_examples_text":"","ed_cta_examples_hidden":"","ed_cta_demo_text":"","ed_cta_demo_hidden":"","why_caption":"","why_editor_title":"","why_editor_text":"","why_team_title":"","why_team_text":"","why_service_title":"","why_service_text":"","template_catalog_visible":"","template_catalog_title":"","template_catalog_text":"","template_catalog_categories_visible":"","demo_title":"Crie seu widget de formul\u00e1rio de contato","demo_caption":"Configure seu Formul\u00e1rio de Contato e adicione-o gratuitamente ao site da sua p\u00e1gina do Facebook!","default_faq_hidden":"","app_template_category":[],"platform":"103","template_public_id":"","codecanyon_url":"","codecanyon_item_id":"","codecanyon_price":"","pricing_caption":"","pricing_elfsight_apps_hide_column":"","pricing_elfsight_apps_url":"","pricing_codecanyon_price_caption":"","integration_category":[],"integration_request_title":"","integration_request_cta":"","integration_platform":"","integrations":[],"platform_category":[],"video_schema_markup":"","price":"a partir de US$ 0\/m\u00eas","trial":"","benefits":[{"text":"Servi\u00e7o de instala\u00e7\u00e3o gratuito"},{"text":"Suporte premium"},{"text":"Garantia de reembolso de 14 dias"},{"text":"Atualiza\u00e7\u00f5es gratuitas vital\u00edcias"}],"button_url":"#demo","button_target_blank":"0","button_nofollow":"0","attributes":[{"name":"Instala\u00e7\u00f5es","content":"100,000 - 500,000","_state":"expanded"},{"name":"Responsivo","content":"Sim","_state":"expanded"},{"name":"Navegadores compat\u00edveis","content":"Safari, Edge, Opera, Firefox, Chrome"}],"tags":[],"tags_disable_links":"0","hide_more_platforms":"","video_object":"","demo_hide_cta":"0","demo_hide_cloud_options":"0","pricing_title":"","pricing":[{"pricing_icon":"platform","pricing_title":"Elfsight Apps","pricing_title_caption":"Vers\u00e3o multiplataforma que se adapta a qualquer site","pricing_price":"a partir de US$ 0\/m\u00eas","pricing_price_caption":"comece com plano gratuito","pricing_benefits":[{"text":"Dom\u00ednios ilimitados"},{"text":"Suporte gratuito \u00e0 empresa"},{"text":"Suporte gratuito \u00e0 empresa"},{"text":"Design flex\u00edvel"}],"pricing_button_text":"Adicionar ao site","pricing_button_url":"#demo","_state":"expanded"}],"related_apps_title":"","related_apps_hidden":"1","author":"","image":[],"title":"","job":"","social_networks":[]},"_links":{"self":[{"href":"https:\/\/elfsight.com\/pt\/wp-json\/wp\/v2\/pages\/3632","targetHints":{"allow":["GET"]}}],"collection":[{"href":"https:\/\/elfsight.com\/pt\/wp-json\/wp\/v2\/pages"}],"about":[{"href":"https:\/\/elfsight.com\/pt\/wp-json\/wp\/v2\/types\/page"}],"author":[{"embeddable":true,"href":"https:\/\/elfsight.com\/pt\/wp-json\/wp\/v2\/users\/9"}],"replies":[{"embeddable":true,"href":"https:\/\/elfsight.com\/pt\/wp-json\/wp\/v2\/comments?post=3632"}],"version-history":[{"count":2,"href":"https:\/\/elfsight.com\/pt\/wp-json\/wp\/v2\/pages\/3632\/revisions"}],"predecessor-version":[{"id":11679,"href":"https:\/\/elfsight.com\/pt\/wp-json\/wp\/v2\/pages\/3632\/revisions\/11679"}],"up":[{"embeddable":true,"href":"https:\/\/elfsight.com\/pt\/wp-json\/wp\/v2\/pages\/715"}],"wp:attachment":[{"href":"https:\/\/elfsight.com\/pt\/wp-json\/wp\/v2\/media?parent=3632"}],"curies":[{"name":"wp","href":"https:\/\/api.w.org\/{rel}","templated":true}]}}