{"id":3630,"date":"2024-05-03T06:33:11","date_gmt":"2024-05-03T06:33:11","guid":{"rendered":"https:\/\/elfsight.com\/pt\/?page_id=3630"},"modified":"2024-11-13T11:45:37","modified_gmt":"2024-11-13T11:45:37","slug":"facebook","status":"publish","type":"page","link":"https:\/\/elfsight.com\/pt\/cookie-consent-widget\/facebook\/","title":{"rendered":"Cookie Consent &#8211; Facebook Page"},"content":{"rendered":"<div class=\"application-platform-content-item-description application-platform-content-item\" id=\"description\" data-nav-section=\"description\"><h2>Descri\u00e7\u00e3o<\/h2><p>Com o widget Cookie Consent da Elfsight, \u00e9 absolutamente simples incorporar uma notifica\u00e7\u00e3o aos visitantes de que a sua p\u00e1gina cont\u00e9m cookies . O widget funciona como uma bela barra pop-up. Ele permite que voc\u00ea escreva sua mensagem, forne\u00e7a um link para a pol\u00edtica de uso da p\u00e1gina e coloque bot\u00f5es ativos para obter permiss\u00e3o dos usu\u00e1rios. Voc\u00ea pode optar por demonstrar o widget na forma de uma barra ou caixa e selecionar uma posi\u00e7\u00e3o para ele. Al\u00e9m disso, as op\u00e7\u00f5es de cores ajudar\u00e3o voc\u00ea a tornar o widget nativo e ajust\u00e1-lo ao conceito de estilo da p\u00e1gina. <\/p><p><b>Fa\u00e7a com que os usu\u00e1rios reconhe\u00e7am os cookies com um widget f\u00e1cil e personaliz\u00e1vel.<\/b><\/p><\/div> <div class=\"application-platform-content-item-features application-platform-content-item\" id=\"features\" data-nav-section=\"features\"><h2>Recursos<\/h2> <p>Verifique todas as fun\u00e7\u00f5es do produto. Voc\u00ea pode gerenci\u00e1-los diretamente no editor e eles o ajudar\u00e3o a moldar o widget especialmente para o seu caso. <\/p><ul><li>Crie apenas um an\u00fancio ou adicione uma solicita\u00e7\u00e3o; <\/li><li> Insira seu pr\u00f3prio texto de an\u00fancio com op\u00e7\u00f5es de formata\u00e7\u00e3o e links; <\/li><li>Revelar ou remover um link para pol\u00edtica de cookies com texto de link personalizado; <\/li><li> Variante de layout de barra ou caixa de sele\u00e7\u00e3o da notifica\u00e7\u00e3o; <\/li><li>Defina a cor dos bot\u00f5es e do link. <\/li><\/ul><p><a href=\"#demo\">Voc\u00ea pode testar todos os recursos do widget diretamente na demonstra\u00e7\u00e3o<\/a><\/p><\/div> <div class=\"application-platform-content-item-installation application-platform-content-item\" id=\"installation\" data-nav-section=\"installation\"> <h2>Como adicionar a guia Consentimento de Cookies \u00e0 p\u00e1gina comercial do Facebook<\/h2><p>Para apresentar o widget, basta seguir estas etapas r\u00e1pidas<\/p><ul><li><b>Gerar seu consentimento de cookies pessoal<\/b><br>Atrav\u00e9s do nosso editor gratuito, crie um plugin com apar\u00eancia e fun\u00e7\u00f5es selecionadas.<\/li><li><b>Receba o c\u00f3digo individual para publicar o plugin<\/b><br>Depois de voc\u00ea tiver gerado o seu widget, voc\u00ea receber\u00e1 um c\u00f3digo individual da notifica\u00e7\u00e3o exibida nos aplicativos Elfsight. Copie-o para uso posterior.<\/li><li><b>Adicione o widget \u00e0 p\u00e1gina do Facebook<\/b><br> Crie sua guia personalizada do Facebook. Insira o c\u00f3digo que voc\u00ea recebeu nos aplicativos da elfsight na guia. Se voc\u00ea tiver algum problema, basta verificar nosso guia em <a href=\"https:\/\/elfsight.com\/blog\/how-to-add-custom-tab-to-facebook-page\/\" target=\"_blank\" rel=\"noopener noreferrer\">criando uma guia personalizada do Facebook<\/a><\/li><li><b>Voc\u00ea executou a instala\u00e7\u00e3o com sucesso<\/b><br>Entre na sua loja para ver seu trabalho.<\/li><\/ul><p>Sinta-se \u00e0 vontade para entrar em contato com nosso servi\u00e7o de suporte se precisar de ajuda ou tiver d\u00favidas. Teremos o maior prazer em ajudar com todas as d\u00favidas. <\/p><\/div><div class=\"faq\" data-component=\"FAQ\"><div class=\"faq-item\">\r\n\t\t\t\t\t<div class=\"faq-item-question\">\r\n\t\t\t\t\t\t<h3 class=\"faq-item-question-text\">De que forma posso incorporar um consentimento de cookies \u00e0 minha p\u00e1gina do Facebook?<\/h3>\r\n\r\n\t\t\t\t\t\t<div class=\"faq-item-question-icon\"><\/div>\r\n\t\t\t\t\t<\/div>\r\n\r\n\t\t\t\t\t<div class=\"faq-item-answer\">\r\n\t\t\t\t\t\t<div class=\"faq-item-answer-text\"><p>A constru\u00e7\u00e3o da ferramenta leva colocado no site da Elfsight e voc\u00ea n\u00e3o precisa codificar. Abra a demonstra\u00e7\u00e3o ativa para moldar seu pr\u00f3prio widget, pegue o c\u00f3digo e insira-o em seu site. <\/p><\/div>\r\n\t\t\t\t\t<\/div>\r\n\t\t\t\t<\/div><div class=\"faq-item\">\r\n\t\t\t\t\t<div class=\"faq-item-question\">\r\n\t\t\t\t\t\t<h3 class=\"faq-item-question-text\">As melhores maneiras de usar a integra\u00e7\u00e3o do banner de consentimento de cookies<\/h3>\r\n\r\n\t\t\t\t\t\t<div class=\"faq-item-question-icon\"><\/div>\r\n\t\t\t\t\t<\/div>\r\n\r\n\t\t\t\t\t<div class=\"faq-item-answer\">\r\n\t\t\t\t\t\t<div class=\"faq-item-answer-text\"><p>Temos uma ampla gama de possibilidades de personaliza\u00e7\u00e3o: widgets em grande escala para adicionar ao conte\u00fado \u00e1rea, plugins flutuantes com oportunidades de rolagem, miniaturas para o rodap\u00e9 do seu site, cabe\u00e7alho e todas as varia\u00e7\u00f5es de oportunidades verticais para barras laterais e menus. <\/p><\/div>\r\n\t\t\t\t\t<\/div>\r\n\t\t\t\t<\/div><div class=\"faq-item\">\r\n\t\t\t\t\t<div class=\"faq-item-question\">\r\n\t\t\t\t\t\t<h3 class=\"faq-item-question-text\">Existe uma op\u00e7\u00e3o para construir uma caixa flutuante ou consentimento de cookie inferior com a ajuda do editor?<\/h3>\r\n\r\n\t\t\t\t\t\t<div class=\"faq-item-question-icon\"><\/div>\r\n\t\t\t\t\t<\/div>\r\n\r\n\t\t\t\t\t<div class=\"faq-item-answer\">\r\n\t\t\t\t\t\t<div class=\"faq-item-answer-text\"><p>Voc\u00ea pode formar varia\u00e7\u00f5es de qualquer widget. Existem v\u00e1rios layouts dispon\u00edveis no editor, e todos eles podem ser facilmente personalizados da maneira que voc\u00ea precisar. <\/p><\/div>\r\n\t\t\t\t\t<\/div>\r\n\t\t\t\t<\/div><\/div>","protected":false},"excerpt":{"rendered":"","protected":false},"author":9,"featured_media":0,"parent":618,"menu_order":0,"comment_status":"closed","ping_status":"closed","template":"templates\/template-application-platform.php","meta":{"publish_to_discourse":"","publish_post_category":"","wpdc_auto_publish_overridden":"","wpdc_topic_tags":"","wpdc_pin_topic":"","wpdc_pin_until":"","discourse_post_id":"","discourse_permalink":"","wpdc_publishing_response":"","wpdc_publishing_error":"","footnotes":""},"class_list":["post-3630","page","type-page","status-publish","hentry"],"yoast_head":"<!-- This site is optimized with the Yoast SEO plugin v25.3.1 - https:\/\/yoast.com\/wordpress\/plugins\/seo\/ -->\n<title>Adicionar consentimento de cookie \u00e0 guia personalizada da p\u00e1gina do Facebook (2025)<\/title>\n<meta name=\"description\" content=\"Com a Elfsight, crie o seu consentimento de cookies e coloque-o na p\u00e1gina do Facebook de forma r\u00e1pida e f\u00e1cil. Oferecemos atendimento gratuito ao cliente e mais b\u00f4nus.\" \/>\n<meta name=\"robots\" content=\"index, follow, max-snippet:-1, max-image-preview:large, max-video-preview:-1\" \/>\n<link rel=\"canonical\" href=\"https:\/\/elfsight.com\/pt\/cookie-consent-widget\/facebook\/\" \/>\n<meta property=\"og:locale\" content=\"pt_PT\" \/>\n<meta property=\"og:type\" content=\"article\" \/>\n<meta property=\"og:title\" content=\"Adicionar consentimento de cookie \u00e0 guia personalizada da p\u00e1gina do Facebook (2025)\" \/>\n<meta property=\"og:description\" content=\"Com a Elfsight, crie o seu consentimento de cookies e coloque-o na p\u00e1gina do Facebook de forma r\u00e1pida e f\u00e1cil. Oferecemos atendimento gratuito ao cliente e mais b\u00f4nus.\" \/>\n<meta property=\"og:url\" content=\"https:\/\/elfsight.com\/pt\/cookie-consent-widget\/facebook\/\" \/>\n<meta property=\"og:site_name\" content=\"Elfsight PT\" \/>\n<meta property=\"article:modified_time\" content=\"2024-11-13T11:45:37+00:00\" \/>\n<meta name=\"twitter:card\" content=\"summary_large_image\" \/>\n<meta name=\"twitter:label1\" content=\"Tempo estimado de leitura\" \/>\n\t<meta name=\"twitter:data1\" content=\"2 minutos\" \/>\n<!-- \/ Yoast SEO plugin. -->","yoast_head_json":{"title":"Adicionar consentimento de cookie \u00e0 guia personalizada da p\u00e1gina do Facebook (2025)","description":"Com a Elfsight, crie o seu consentimento de cookies e coloque-o na p\u00e1gina do Facebook de forma r\u00e1pida e f\u00e1cil. Oferecemos atendimento gratuito ao cliente e mais b\u00f4nus.","robots":{"index":"index","follow":"follow","max-snippet":"max-snippet:-1","max-image-preview":"max-image-preview:large","max-video-preview":"max-video-preview:-1"},"canonical":"https:\/\/elfsight.com\/pt\/cookie-consent-widget\/facebook\/","og_locale":"pt_PT","og_type":"article","og_title":"Adicionar consentimento de cookie \u00e0 guia personalizada da p\u00e1gina do Facebook (2025)","og_description":"Com a Elfsight, crie o seu consentimento de cookies e coloque-o na p\u00e1gina do Facebook de forma r\u00e1pida e f\u00e1cil. Oferecemos atendimento gratuito ao cliente e mais b\u00f4nus.","og_url":"https:\/\/elfsight.com\/pt\/cookie-consent-widget\/facebook\/","og_site_name":"Elfsight PT","article_modified_time":"2024-11-13T11:45:37+00:00","twitter_card":"summary_large_image","twitter_misc":{"Tempo estimado de leitura":"2 minutos"},"schema":{"@context":"https:\/\/schema.org","@graph":[{"@type":"WebPage","@id":"https:\/\/elfsight.com\/pt\/cookie-consent-widget\/facebook\/","url":"https:\/\/elfsight.com\/pt\/cookie-consent-widget\/facebook\/","name":"Adicionar consentimento de cookie \u00e0 guia personalizada da p\u00e1gina do Facebook (2025)","isPartOf":{"@id":"https:\/\/elfsight.com\/pt\/#website"},"datePublished":"2024-05-03T06:33:11+00:00","dateModified":"2024-11-13T11:45:37+00:00","description":"Com a Elfsight, crie o seu consentimento de cookies e coloque-o na p\u00e1gina do Facebook de forma r\u00e1pida e f\u00e1cil. Oferecemos atendimento gratuito ao cliente e mais b\u00f4nus.","breadcrumb":{"@id":"https:\/\/elfsight.com\/pt\/cookie-consent-widget\/facebook\/#breadcrumb"},"inLanguage":"pt-PT","potentialAction":[{"@type":"ReadAction","target":["https:\/\/elfsight.com\/pt\/cookie-consent-widget\/facebook\/"]}]},{"@type":"BreadcrumbList","@id":"https:\/\/elfsight.com\/pt\/cookie-consent-widget\/facebook\/#breadcrumb","itemListElement":[{"@type":"ListItem","position":1,"name":"Home","item":"https:\/\/elfsight.com\/pt\/"},{"@type":"ListItem","position":2,"name":"Cookie Consent","item":"https:\/\/elfsight.com\/pt\/cookie-consent-widget\/"},{"@type":"ListItem","position":3,"name":"Cookie Consent &#8211; Facebook Page"}]},{"@type":"WebSite","@id":"https:\/\/elfsight.com\/pt\/#website","url":"https:\/\/elfsight.com\/pt\/","name":"Elfsight PT","description":"Just another Elfsight Sites site","potentialAction":[{"@type":"SearchAction","target":{"@type":"EntryPoint","urlTemplate":"https:\/\/elfsight.com\/pt\/?s={search_term_string}"},"query-input":{"@type":"PropertyValueSpecification","valueRequired":true,"valueName":"search_term_string"}}],"inLanguage":"pt-PT"}]}},"meta_box":{"industry":"","seo_heading":"","heading":"","description":"","cta_heading":"","cta_description":"","application":"617","h1":"Consentimento de cookies para p\u00e1gina do Facebook","h1_caption":"Demonstrar um an\u00fancio imediato de cookie com bot\u00e3o de permiss\u00e3o","application_category":[],"applications_title":"","applications_request_title":"","applications_request_button_text":"","hero_text":"","hero_video":"","hero_video_schema_markup":"","selling_points_title":"","selling_points_caption":"","selling_points":[],"selling_points_cta_text":"","features_title":"","features":"","ed_cta_examples_text":"","ed_cta_examples_hidden":"","ed_cta_demo_text":"","ed_cta_demo_hidden":"","why_caption":"","why_editor_title":"","why_editor_text":"","why_team_title":"","why_team_text":"","why_service_title":"","why_service_text":"","template_catalog_visible":"","template_catalog_title":"","template_catalog_text":"","template_catalog_categories_visible":"","demo_title":"Crie seu widget de consentimento de cookies","demo_caption":"Configure seu consentimento de cookies e adicione-o gratuitamente ao site da sua p\u00e1gina do Facebook!","default_faq_hidden":"","app_template_category":[],"platform":"103","template_public_id":"","codecanyon_url":"","codecanyon_item_id":"","codecanyon_price":"","pricing_caption":"","pricing_elfsight_apps_hide_column":"","pricing_elfsight_apps_url":"","pricing_codecanyon_price_caption":"","integration_category":[],"integration_request_title":"","integration_request_cta":"","integration_platform":"","integrations":[],"platform_category":[],"video_schema_markup":"","price":"a partir de US$ 0\/m\u00eas","trial":"","benefits":[{"text":"Assist\u00eancia de instala\u00e7\u00e3o gratuita"},{"text":"Atendimento ao cliente profissional"},{"text":"Garantia de reembolso de 14 dias"},{"text":"Desenvolvimento cont\u00ednuo"}],"button_url":"#demo","button_target_blank":"0","button_nofollow":"0","attributes":[{"name":"Instala\u00e7\u00f5es","content":"100,000 - 500,000","_state":"expanded"},{"name":"Responsivo","content":"Sim","_state":"expanded"},{"name":"Navegadores compat\u00edveis","content":"Firefox, Opera, Safari, Chrome, Edge"}],"tags":[],"tags_disable_links":"0","hide_more_platforms":"","video_object":"","demo_hide_cta":"0","demo_hide_cloud_options":"0","pricing_title":"","pricing":[{"pricing_icon":"platform","pricing_title":"Elfsight Apps","pricing_title_caption":"Software multiplataforma","pricing_price":"a partir de US$ 0\/m\u00eas","pricing_price_caption":"comece com plano gratuito","pricing_benefits":[{"text":"Dom\u00ednios ilimitados"},{"text":"Suporte gratuito \u00e0 empresa"},{"text":"Suporte gratuito \u00e0 empresa"},{"text":"Totalmente personaliz\u00e1vel"}],"pricing_button_text":"Adicionar ao site","pricing_button_url":"#demo","_state":"expanded"}],"related_apps_title":"","related_apps_hidden":"1","author":"","image":[],"title":"","job":"","social_networks":[]},"_links":{"self":[{"href":"https:\/\/elfsight.com\/pt\/wp-json\/wp\/v2\/pages\/3630","targetHints":{"allow":["GET"]}}],"collection":[{"href":"https:\/\/elfsight.com\/pt\/wp-json\/wp\/v2\/pages"}],"about":[{"href":"https:\/\/elfsight.com\/pt\/wp-json\/wp\/v2\/types\/page"}],"author":[{"embeddable":true,"href":"https:\/\/elfsight.com\/pt\/wp-json\/wp\/v2\/users\/9"}],"replies":[{"embeddable":true,"href":"https:\/\/elfsight.com\/pt\/wp-json\/wp\/v2\/comments?post=3630"}],"version-history":[{"count":2,"href":"https:\/\/elfsight.com\/pt\/wp-json\/wp\/v2\/pages\/3630\/revisions"}],"predecessor-version":[{"id":11703,"href":"https:\/\/elfsight.com\/pt\/wp-json\/wp\/v2\/pages\/3630\/revisions\/11703"}],"up":[{"embeddable":true,"href":"https:\/\/elfsight.com\/pt\/wp-json\/wp\/v2\/pages\/618"}],"wp:attachment":[{"href":"https:\/\/elfsight.com\/pt\/wp-json\/wp\/v2\/media?parent=3630"}],"curies":[{"name":"wp","href":"https:\/\/api.w.org\/{rel}","templated":true}]}}