{"id":3626,"date":"2024-05-03T06:32:47","date_gmt":"2024-05-03T06:32:47","guid":{"rendered":"https:\/\/elfsight.com\/pt\/?page_id=3626"},"modified":"2024-11-13T12:05:56","modified_gmt":"2024-11-13T12:05:56","slug":"elementor","status":"publish","type":"page","link":"https:\/\/elfsight.com\/pt\/contact-form-widget\/elementor\/","title":{"rendered":"Contact Form &#8211; Elementor"},"content":{"rendered":"<div class=\"application-platform-content-item-description application-platform-content-item\" id=\"description\" data-nav-section=\"description\"><h2>Formul\u00e1rio de contato para Elementor<\/h2><p>O widget de contato da Elfsight para Elementor \u00e9 uma ferramenta vers\u00e1til que pode ajud\u00e1-lo a atender todos os seus requisitos atuais demandas para obten\u00e7\u00e3o de impress\u00f5es e solicita\u00e7\u00f5es dos visitantes do seu site. Se voc\u00ea precisa criar um formul\u00e1rio de contato Elementor gratuitamente ou um formul\u00e1rio de contato WordPress Elementor com recursos adicionais, nosso widget pode ajud\u00e1-lo a mostrar os componentes cruciais para preencher o formul\u00e1rio, encontrar seu modelo preferido e projetar a interface para inspirar seu clientes ainda mais para deixar solicita\u00e7\u00f5es de servi\u00e7os que sua empresa oferece. Nosso plugin de formul\u00e1rio foi projetado para atender a todas as suas necessidades de coletar feedback e manter contato com seus clientes.<\/p><p><b>Colete depoimentos, receba pedidos e responda \u00e0s cartas dos clientes do seu site!<\/b><\/p><p><b>Melhore a aquisi\u00e7\u00e3o de leads<\/b><br>Mantenha-se pr\u00f3ximo de seus prov\u00e1veis \u200b\u200bclientes, permitindo que eles enviem mensagens para voc\u00ea por meio do widget Contato a qualquer momento. Um n\u00famero menor de linhas tende a ter a convers\u00e3o mais alta.<\/p><p><b>Descarte spam<\/b><br>Ofere\u00e7a suporte apenas a contatos org\u00e2nicos com a ferramenta substancial do Google reCAPTCHA, que protege contra spam e bots.<\/p><p><b>Obtenha feedback facilmente<\/b><br>Crie um plug-in de formul\u00e1rio not\u00e1vel para que ele possa ser encontrado gratuitamente nas p\u00e1ginas do seu site, incentivando seus clientes a fornecer feedback sempre que acharem necess\u00e1rio.<\/p><\/div><div class=\"application-platform-content-item-features application-platform-content-item\" id=\"features\" data-nav-section=\"features\"><h2>Recursos do plugin de formul\u00e1rio de contato<\/h2><p>O que torna nosso formul\u00e1rio de contato o melhor plugin para receber coment\u00e1rios e pedidos para WordPress? Confira nossas principais caracter\u00edsticas:<\/p><ul><li>Defina seus pr\u00f3prios r\u00f3tulos de campo;<\/li><li>Coloque qualquer texto que voc\u00ea precisar antes do formul\u00e1rio na legenda;<\/li><li>5 campos visuais estilos inclu\u00eddos: cl\u00e1ssico, plano, material, cl\u00e1ssico arredondado, plano arredondado;<\/li><li>Definir um texto para aparecer ap\u00f3s o envio bem-sucedido da mensagem<\/li><li>Design perfeito que se adapta a 99% dos sites de a caixa;<\/li><\/ul><p><a href=\"#demo\">Experimente todas as caracter\u00edsticas em nosso configurador<\/a><\/p><\/div><div class=\"application-platform-content-item-installation application-platform-content-item\" id=\"installation\" data-nav-section=\"installation\"> <h2>Como criar um formul\u00e1rio de contato para o site Elementor<\/h2><div class=\"video-container\"><iframe width=\"720\" height=\"405\" src=\"https:\/\/www.youtube.com\/embed\/_qhrpfJoLZY\" frameborder=\"0\" allowfullscreen=\"\"><\/iframe><\/div><p>Siga as instru\u00e7\u00f5es da Elfsight para incorporar o plugin de contato ao seu site. Voc\u00ea n\u00e3o precisar\u00e1 de compet\u00eancia em desenvolvimento web e o tempo m\u00e9dio de instala\u00e7\u00e3o \u00e9 inferior a 80 segundos.<\/p><ol><li><b>Crie seu pr\u00f3prio widget de contato<\/b><br> Usando nossa demonstra\u00e7\u00e3o gratuita, configure um plugin com design e funcionalidade personalizados. <\/li><li><b>Copie o c\u00f3digo pessoal para exibir o plugin<\/b><br> Depois de gerar o seu widget, voc\u00ea receber\u00e1 o c\u00f3digo individual da notifica\u00e7\u00e3o exibida nos aplicativos da Elfsight. Copie este c\u00f3digo.<\/li> <li><b>Adicione o plugin ao seu site Elementor<\/b><br> Selecione a \u00e1rea onde voc\u00ea gostaria de exibir o plugin e cole o c\u00f3digo copiado l\u00e1. Publique as edi\u00e7\u00f5es. <\/li> <li><b>Conclu\u00eddo!<\/b><br> Entre na sua loja para verificar seu trabalho.<\/li> <\/ol><p>Ao seguir o tutorial ou configurar seu formul\u00e1rio de contato, voc\u00ea teve algum problema? Deixe a sua consulta no centro de ajuda da Elfsight com uma descri\u00e7\u00e3o completa do seu problema e a nossa equipa ter\u00e1 todo o prazer em ajudar.<\/p><\/div><div class=\"faq\" data-component=\"FAQ\"><div class=\"faq-item\">\r\n\t\t\t\t\t<div class=\"faq-item-question\">\r\n\t\t\t\t\t\t<h3 class=\"faq-item-question-text\"> O Elfsight Forms \u00e9 seguro?<\/h3>\r\n\r\n\t\t\t\t\t\t<div class=\"faq-item-question-icon\"><\/div>\r\n\t\t\t\t\t<\/div>\r\n\r\n\t\t\t\t\t<div class=\"faq-item-answer\">\r\n\t\t\t\t\t\t<div class=\"faq-item-answer-text\"><p>O Elfsight Form Builder est\u00e1 integrado com o mais poderoso servi\u00e7o de seguran\u00e7a reCAPTCHA. Ele est\u00e1 aqui para preservar seu formul\u00e1rio e caixa de correio contra spam e bots e garantir um trabalho tranquilo e apenas dados valiosos. <\/p><\/div>\r\n\t\t\t\t\t<\/div>\r\n\t\t\t\t<\/div><div class=\"faq-item\">\r\n\t\t\t\t\t<div class=\"faq-item-question\">\r\n\t\t\t\t\t\t<h3 class=\"faq-item-question-text\">Existem modelos que suportam formul\u00e1rios de l\u00f3gica condicional\/formul\u00e1rios de m\u00faltiplos campos\/e-mails?<\/h3>\r\n\r\n\t\t\t\t\t\t<div class=\"faq-item-question-icon\"><\/div>\r\n\t\t\t\t\t<\/div>\r\n\r\n\t\t\t\t\t<div class=\"faq-item-answer\">\r\n\t\t\t\t\t\t<div class=\"faq-item-answer-text\"><p>Claro! Tudo o que voc\u00ea precisa fazer \u00e9 fazer login nos aplicativos Elfsight e selecionar qualquer modelo relevante e, em seguida, come\u00e7ar a criar seu widget personalizado. <\/p><\/div>\r\n\t\t\t\t\t<\/div>\r\n\t\t\t\t<\/div><div class=\"faq-item\">\r\n\t\t\t\t\t<div class=\"faq-item-question\">\r\n\t\t\t\t\t\t<h3 class=\"faq-item-question-text\">Qual maneira de criar um formul\u00e1rio de contato ou feedback para meu site Elementor?<\/h3>\r\n\r\n\t\t\t\t\t\t<div class=\"faq-item-question-icon\"><\/div>\r\n\t\t\t\t\t<\/div>\r\n\r\n\t\t\t\t\t<div class=\"faq-item-answer\">\r\n\t\t\t\t\t\t<div class=\"faq-item-answer-text\"><p>Para criar seu formul\u00e1rio de contato ou feedback, voc\u00ea deve fazer login ao site Elfsight Apps e realize todas as altera\u00e7\u00f5es necess\u00e1rias no plugin. Depois de terminar, salve suas edi\u00e7\u00f5es e prossiga para o site. Simples assim. <\/p><\/div>\r\n\t\t\t\t\t<\/div>\r\n\t\t\t\t<\/div><div class=\"faq-item\">\r\n\t\t\t\t\t<div class=\"faq-item-question\">\r\n\t\t\t\t\t\t<h3 class=\"faq-item-question-text\">Como posso adicionar um formul\u00e1rio de contato ao meu site Elementor sem habilidades de codifica\u00e7\u00e3o?<\/h3>\r\n\r\n\t\t\t\t\t\t<div class=\"faq-item-question-icon\"><\/div>\r\n\t\t\t\t\t<\/div>\r\n\r\n\t\t\t\t\t<div class=\"faq-item-answer\">\r\n\t\t\t\t\t\t<div class=\"faq-item-answer-text\"><p>A Elfsight fornece uma solu\u00e7\u00e3o SaaS que permite criar um widget de formul\u00e1rio de contato voc\u00ea mesmo, veja como o processo \u00e9 f\u00e1cil: Trabalhe diretamente no Editor online para criar um widget de Formul\u00e1rio de Contato que voc\u00ea gostaria de ver em seu site Elementor. Escolha um dos modelos predefinidos e ajuste as configura\u00e7\u00f5es do Formul\u00e1rio de Contato, adicione seu conte\u00fado, altere o layout e o esquema de cores sem habilidades de codifica\u00e7\u00e3o. Salve o Formul\u00e1rio de Contato e copie seu c\u00f3digo de instala\u00e7\u00e3o, que voc\u00ea pode simplesmente incorporar em seu site Elementor sem a necessidade de adquirir um plano pago. Com nosso editor intuitivo, qualquer usu\u00e1rio da Internet pode criar um widget de formul\u00e1rio de contato online e incorpor\u00e1-lo facilmente ao seu site Elementor. N\u00e3o h\u00e1 necessidade de pagar ou inserir as credenciais do seu cart\u00e3o para acessar o servi\u00e7o. Se voc\u00ea enfrentar qualquer problema em qualquer etapa, sinta-se \u00e0 vontade para entrar em contato com nossa equipe de suporte t\u00e9cnico.<\/p><\/div>\r\n\t\t\t\t\t<\/div>\r\n\t\t\t\t<\/div><div class=\"faq-item\">\r\n\t\t\t\t\t<div class=\"faq-item-question\">\r\n\t\t\t\t\t\t<h3 class=\"faq-item-question-text\">Voc\u00ea tem algum modelo de formul\u00e1rio de contato pronto para usar para o site Elementor?<\/h3>\r\n\r\n\t\t\t\t\t\t<div class=\"faq-item-question-icon\"><\/div>\r\n\t\t\t\t\t<\/div>\r\n\r\n\t\t\t\t\t<div class=\"faq-item-answer\">\r\n\t\t\t\t\t\t<div class=\"faq-item-answer-text\"><p>Sim, h\u00e1 uma vasta sele\u00e7\u00e3o de mais de 300 modelos para economizar tempo criando um formul\u00e1rio do zero. Confira <a href=\"https:\/\/elfsight.com\/online-form-builder\/templates\/contact-forms\/\">Modelos de formul\u00e1rio de contato<\/a> para qualquer ocasi\u00e3o e encontre aquele que atenda \u00e0s suas expectativas.<\/p><\/div>\r\n\t\t\t\t\t<\/div>\r\n\t\t\t\t<\/div><\/div>","protected":false},"excerpt":{"rendered":"","protected":false},"author":9,"featured_media":0,"parent":715,"menu_order":0,"comment_status":"closed","ping_status":"closed","template":"templates\/template-application-platform.php","meta":{"publish_to_discourse":"","publish_post_category":"","wpdc_auto_publish_overridden":"","wpdc_topic_tags":"","wpdc_pin_topic":"","wpdc_pin_until":"","discourse_post_id":"","discourse_permalink":"","wpdc_publishing_response":"","wpdc_publishing_error":"","footnotes":""},"class_list":["post-3626","page","type-page","status-publish","hentry"],"yoast_head":"<!-- This site is optimized with the Yoast SEO plugin v25.3.1 - https:\/\/yoast.com\/wordpress\/plugins\/seo\/ -->\n<title>Crie e adicione formul\u00e1rio de contato no Elementor gratuitamente!<\/title>\n<meta name=\"description\" content=\"Construa um widget de formul\u00e1rio de contato personalizado para exibi\u00e7\u00e3o Elementor em seu site. Configurador gr\u00e1tis, suporte com integra\u00e7\u00e3o e mais b\u00f4nus!\" \/>\n<meta name=\"robots\" content=\"index, follow, max-snippet:-1, max-image-preview:large, max-video-preview:-1\" \/>\n<link rel=\"canonical\" href=\"https:\/\/elfsight.com\/pt\/contact-form-widget\/elementor\/\" \/>\n<meta property=\"og:locale\" content=\"pt_PT\" \/>\n<meta property=\"og:type\" content=\"article\" \/>\n<meta property=\"og:title\" content=\"Crie e adicione formul\u00e1rio de contato no Elementor gratuitamente!\" \/>\n<meta property=\"og:description\" content=\"Construa um widget de formul\u00e1rio de contato personalizado para exibi\u00e7\u00e3o Elementor em seu site. Configurador gr\u00e1tis, suporte com integra\u00e7\u00e3o e mais b\u00f4nus!\" \/>\n<meta property=\"og:url\" content=\"https:\/\/elfsight.com\/pt\/contact-form-widget\/elementor\/\" \/>\n<meta property=\"og:site_name\" content=\"Elfsight PT\" \/>\n<meta property=\"article:modified_time\" content=\"2024-11-13T12:05:56+00:00\" \/>\n<meta name=\"twitter:card\" content=\"summary_large_image\" \/>\n<meta name=\"twitter:label1\" content=\"Tempo estimado de leitura\" \/>\n\t<meta name=\"twitter:data1\" content=\"2 minutos\" \/>\n<!-- \/ Yoast SEO plugin. -->","yoast_head_json":{"title":"Crie e adicione formul\u00e1rio de contato no Elementor gratuitamente!","description":"Construa um widget de formul\u00e1rio de contato personalizado para exibi\u00e7\u00e3o Elementor em seu site. Configurador gr\u00e1tis, suporte com integra\u00e7\u00e3o e mais b\u00f4nus!","robots":{"index":"index","follow":"follow","max-snippet":"max-snippet:-1","max-image-preview":"max-image-preview:large","max-video-preview":"max-video-preview:-1"},"canonical":"https:\/\/elfsight.com\/pt\/contact-form-widget\/elementor\/","og_locale":"pt_PT","og_type":"article","og_title":"Crie e adicione formul\u00e1rio de contato no Elementor gratuitamente!","og_description":"Construa um widget de formul\u00e1rio de contato personalizado para exibi\u00e7\u00e3o Elementor em seu site. Configurador gr\u00e1tis, suporte com integra\u00e7\u00e3o e mais b\u00f4nus!","og_url":"https:\/\/elfsight.com\/pt\/contact-form-widget\/elementor\/","og_site_name":"Elfsight PT","article_modified_time":"2024-11-13T12:05:56+00:00","twitter_card":"summary_large_image","twitter_misc":{"Tempo estimado de leitura":"2 minutos"},"schema":{"@context":"https:\/\/schema.org","@graph":[{"@type":"WebPage","@id":"https:\/\/elfsight.com\/pt\/contact-form-widget\/elementor\/","url":"https:\/\/elfsight.com\/pt\/contact-form-widget\/elementor\/","name":"Crie e adicione formul\u00e1rio de contato no Elementor gratuitamente!","isPartOf":{"@id":"https:\/\/elfsight.com\/pt\/#website"},"datePublished":"2024-05-03T06:32:47+00:00","dateModified":"2024-11-13T12:05:56+00:00","description":"Construa um widget de formul\u00e1rio de contato personalizado para exibi\u00e7\u00e3o Elementor em seu site. Configurador gr\u00e1tis, suporte com integra\u00e7\u00e3o e mais b\u00f4nus!","breadcrumb":{"@id":"https:\/\/elfsight.com\/pt\/contact-form-widget\/elementor\/#breadcrumb"},"inLanguage":"pt-PT","potentialAction":[{"@type":"ReadAction","target":["https:\/\/elfsight.com\/pt\/contact-form-widget\/elementor\/"]}]},{"@type":"BreadcrumbList","@id":"https:\/\/elfsight.com\/pt\/contact-form-widget\/elementor\/#breadcrumb","itemListElement":[{"@type":"ListItem","position":1,"name":"Home","item":"https:\/\/elfsight.com\/pt\/"},{"@type":"ListItem","position":2,"name":"Contact Form","item":"https:\/\/elfsight.com\/pt\/contact-form-widget\/"},{"@type":"ListItem","position":3,"name":"Contact Form &#8211; Elementor"}]},{"@type":"WebSite","@id":"https:\/\/elfsight.com\/pt\/#website","url":"https:\/\/elfsight.com\/pt\/","name":"Elfsight PT","description":"Just another Elfsight Sites site","potentialAction":[{"@type":"SearchAction","target":{"@type":"EntryPoint","urlTemplate":"https:\/\/elfsight.com\/pt\/?s={search_term_string}"},"query-input":{"@type":"PropertyValueSpecification","valueRequired":true,"valueName":"search_term_string"}}],"inLanguage":"pt-PT"}]}},"meta_box":{"industry":"","seo_heading":"","heading":"","description":"","cta_heading":"","cta_description":"","application":"714","h1":"Widget de formul\u00e1rio de contato Elementor","h1_caption":"Obtenha avalia\u00e7\u00f5es de todos os usu\u00e1rios do site e atualize sua empresa","application_category":[],"applications_title":"","applications_request_title":"","applications_request_button_text":"","hero_text":"","hero_video":"","hero_video_schema_markup":"","selling_points_title":"","selling_points_caption":"","selling_points":[],"selling_points_cta_text":"","features_title":"","features":"","ed_cta_examples_text":"","ed_cta_examples_hidden":"","ed_cta_demo_text":"","ed_cta_demo_hidden":"","why_caption":"","why_editor_title":"","why_editor_text":"","why_team_title":"","why_team_text":"","why_service_title":"","why_service_text":"","template_catalog_visible":"","template_catalog_title":"","template_catalog_text":"","template_catalog_categories_visible":"","demo_title":"Crie seu widget de formul\u00e1rio de contato","demo_caption":"Configure seu Formul\u00e1rio de Contato e adicione-o ao seu site Elementor gratuitamente!","default_faq_hidden":"","app_template_category":[],"platform":"100","template_public_id":"","codecanyon_url":"","codecanyon_item_id":"","codecanyon_price":"","pricing_caption":"","pricing_elfsight_apps_hide_column":"","pricing_elfsight_apps_url":"","pricing_codecanyon_price_caption":"","integration_category":[],"integration_request_title":"","integration_request_cta":"","integration_platform":"","integrations":[],"platform_category":[],"video_schema_markup":"","price":"a partir de US$ 0\/m\u00eas","trial":"","benefits":[{"text":"Ajuda de instala\u00e7\u00e3o gratuita"},{"text":"Suporte excepcional"},{"text":"Garantia de reembolso de 14 dias"},{"text":"Atualiza\u00e7\u00f5es gratuitas cont\u00ednuas"}],"button_url":"#demo","button_target_blank":"0","button_nofollow":"0","attributes":[{"name":"Instala\u00e7\u00f5es","content":"100,000 - 500,000","_state":"expanded"},{"name":"Responsivo","content":"Sim","_state":"expanded"},{"name":"Navegadores compat\u00edveis","content":"Firefox, Safari, Opera, Chrome, Edge"}],"tags":[],"tags_disable_links":"0","hide_more_platforms":"","video_object":"","demo_hide_cta":"0","demo_hide_cloud_options":"0","pricing_title":"","pricing":[{"pricing_icon":"platform","pricing_title":"Elfsight Apps","pricing_title_caption":"Solu\u00e7\u00e3o multiplataforma","pricing_price":"a partir de US$ 0\/m\u00eas","pricing_price_caption":"comece com plano gratuito","pricing_benefits":[{"text":"Sites ilimitados"},{"text":"Suporte dedicado \u00e0 empresa"},{"text":"Suporte dedicado \u00e0 empresa"},{"text":"\u00d3timo neg\u00f3cio para v\u00e1rios aplicativos"}],"pricing_button_text":"Adicionar ao site","pricing_button_url":"#demo","_state":"expanded"}],"related_apps_title":"","related_apps_hidden":"1","author":"","image":[],"title":"","job":"","social_networks":[]},"_links":{"self":[{"href":"https:\/\/elfsight.com\/pt\/wp-json\/wp\/v2\/pages\/3626","targetHints":{"allow":["GET"]}}],"collection":[{"href":"https:\/\/elfsight.com\/pt\/wp-json\/wp\/v2\/pages"}],"about":[{"href":"https:\/\/elfsight.com\/pt\/wp-json\/wp\/v2\/types\/page"}],"author":[{"embeddable":true,"href":"https:\/\/elfsight.com\/pt\/wp-json\/wp\/v2\/users\/9"}],"replies":[{"embeddable":true,"href":"https:\/\/elfsight.com\/pt\/wp-json\/wp\/v2\/comments?post=3626"}],"version-history":[{"count":2,"href":"https:\/\/elfsight.com\/pt\/wp-json\/wp\/v2\/pages\/3626\/revisions"}],"predecessor-version":[{"id":11681,"href":"https:\/\/elfsight.com\/pt\/wp-json\/wp\/v2\/pages\/3626\/revisions\/11681"}],"up":[{"embeddable":true,"href":"https:\/\/elfsight.com\/pt\/wp-json\/wp\/v2\/pages\/715"}],"wp:attachment":[{"href":"https:\/\/elfsight.com\/pt\/wp-json\/wp\/v2\/media?parent=3626"}],"curies":[{"name":"wp","href":"https:\/\/api.w.org\/{rel}","templated":true}]}}