{"id":3624,"date":"2024-05-03T06:33:13","date_gmt":"2024-05-03T06:33:13","guid":{"rendered":"https:\/\/elfsight.com\/pt\/?page_id=3624"},"modified":"2024-11-13T11:52:07","modified_gmt":"2024-11-13T11:52:07","slug":"elementor","status":"publish","type":"page","link":"https:\/\/elfsight.com\/pt\/cookie-consent-widget\/elementor\/","title":{"rendered":"Cookie Consent &#8211; Elementor"},"content":{"rendered":"<div class=\"application-platform-content-item-description application-platform-content-item\" id=\"description\" data-nav-section=\"description\"><h2>Incorporar consentimento de cookies no Elementor com o widget Elfsight<\/h2><p>Com o widget Elfsight Cookie Consent, voc\u00ea achar\u00e1 perfeitamente f\u00e1cil crie uma notifica\u00e7\u00e3o para seus visualizadores de que seu site aplica cookies. O widget permite adicionar sua pr\u00f3pria mensagem, um link para os termos e condi\u00e7\u00f5es de uso do site e bot\u00f5es ativos para receber aprova\u00e7\u00e3o dos usu\u00e1rios. Voc\u00ea \u00e9 livre para optar por demonstrar a notifica\u00e7\u00e3o na forma de uma barra ou caixa e indicar um local na p\u00e1gina. Al\u00e9m disso, as op\u00e7\u00f5es de cores ajudam a tornar o widget consistente e integr\u00e1-lo bem ao estilo do site.<\/p> <div class=\"faq\" data-component=\"FAQ\"><div class=\"faq-item\">\r\n\t\t\t\t\t<div class=\"faq-item-question\">\r\n\t\t\t\t\t\t<h3 class=\"faq-item-question-text\">Como posso incorporar um consentimento de cookie ao Site Elementor?<\/h3>\r\n\r\n\t\t\t\t\t\t<div class=\"faq-item-question-icon\"><\/div>\r\n\t\t\t\t\t<\/div>\r\n\r\n\t\t\t\t\t<div class=\"faq-item-answer\">\r\n\t\t\t\t\t\t<div class=\"faq-item-answer-text\"><p>A constru\u00e7\u00e3o do widget ocorre dentro do site da Elfsight e voc\u00ea n\u00e3o precisa aprender a codificar. Use nossa demonstra\u00e7\u00e3o online para personalizar seu plugin, obter o c\u00f3digo e incorpor\u00e1-lo ao seu site. <\/p><\/div>\r\n\t\t\t\t\t<\/div>\r\n\t\t\t\t<\/div><div class=\"faq-item\">\r\n\t\t\t\t\t<div class=\"faq-item-question\">\r\n\t\t\t\t\t\t<h3 class=\"faq-item-question-text\">Os melhores exemplos de uso de integra\u00e7\u00e3o de banner de consentimento de cookies<\/h3>\r\n\r\n\t\t\t\t\t\t<div class=\"faq-item-question-icon\"><\/div>\r\n\t\t\t\t\t<\/div>\r\n\r\n\t\t\t\t\t<div class=\"faq-item-answer\">\r\n\t\t\t\t\t\t<div class=\"faq-item-answer-text\"><p>Temos in\u00fameras oportunidades de personaliza\u00e7\u00e3o: widgets em tamanho real para adicionar \u00e0 se\u00e7\u00e3o de conte\u00fado, plug-ins flutuantes para oportunidades de rolagem, miniaturas para rodap\u00e9, cabe\u00e7alho e todas as varia\u00e7\u00f5es de possibilidades verticais para barras laterais e menus. <\/p><\/div>\r\n\t\t\t\t\t<\/div>\r\n\t\t\t\t<\/div><div class=\"faq-item\">\r\n\t\t\t\t\t<div class=\"faq-item-question\">\r\n\t\t\t\t\t\t<h3 class=\"faq-item-question-text\">Posso criar um banner superior ou consentimento de cookie flutuante por meio do editor?<\/h3>\r\n\r\n\t\t\t\t\t\t<div class=\"faq-item-question-icon\"><\/div>\r\n\t\t\t\t\t<\/div>\r\n\r\n\t\t\t\t\t<div class=\"faq-item-answer\">\r\n\t\t\t\t\t\t<div class=\"faq-item-answer-text\"><p>Voc\u00ea \u00e9 livre para criar varia\u00e7\u00f5es de qualquer widget. Existem muitos layouts \u00e0 sua disposi\u00e7\u00e3o no editor, e todos eles podem ser ajustados rapidamente conforme sua necessidade. <\/p><\/div>\r\n\t\t\t\t\t<\/div>\r\n\t\t\t\t<\/div><\/div><\/div><div class=\"application-platform-content-item-features application-platform-content-item\" id=\"features\" data-nav-section=\"features\"><h2>Principais recursos do widget Cookie Consent<\/h2><p>Tenha uma ideia melhor do widget &#8211; examine a lista de suas caracter\u00edsticas principais. Eles tornam nosso widget o mais ben\u00e9fico poss\u00edvel para o seu site: <\/p><ul><li>Selecione apenas an\u00fancio ou solicita\u00e7\u00e3o de consentimento; <\/li> <li> Defina sua pr\u00f3pria mensagem de an\u00fancio com formata\u00e7\u00e3o e links; <\/li> <li>Mostrar ou ocultar um link ativo para a pol\u00edtica de cookies com r\u00f3tulo de link personalizado; <\/li> <li> Escolha o tipo de layout Barra ou Caixa da notifica\u00e7\u00e3o; <\/li> <li>Defina a cor dos bot\u00f5es e links. <\/li> <\/ul><p><a href=\"#demo\">Nossa demonstra\u00e7\u00e3o revelar\u00e1 todos os recursos para voc\u00ea<\/a><\/p><\/div><div class=\"application-platform-content-item-installation application-platform-content-item\" id=\"installation\" data-nav-section=\"installation\"><h2>Aprenda como adicionar o widget Cookie Consent ao seu site Elementor<\/h2><div class=\"video-container\"><iframe width=\"720\" height=\"405\" src=\"https:\/\/www.youtube.com\/embed\/8K9I03Ju2fY\" frameborder=\"0\" allowfullscreen=\"\"><\/iframe><\/div><p> Algumas a\u00e7\u00f5es f\u00e1ceis s\u00e3o a \u00fanica coisa que voc\u00ea precisa estabelecer. <\/p><ol><li><b>Crie seu plugin de cookies personalizado<\/b><br> Por meio de nossa demonstra\u00e7\u00e3o gratuita, configure um plugin com layout e fun\u00e7\u00f5es personalizadas. <\/li><li><b>Adquira o c\u00f3digo individual para exibir o plugin<\/b><br> Depois de criar seu widget, voc\u00ea obter\u00e1 seu c\u00f3digo pessoal na janela pop-up nos aplicativos Elfsight. Copie este c\u00f3digo para uso posterior. <\/li> <li><b> O plugin em seu site Elementor<\/b><br> Escolha a \u00e1rea onde deseja exibir o plugin e cole o c\u00f3digo salvo l\u00e1. Salve as altera\u00e7\u00f5es. <\/li> <li><b>A instala\u00e7\u00e3o est\u00e1 conclu\u00edda<\/b><br> Visite sua loja para ver seu trabalho. <\/li> <\/ol><p>Ainda tem algo que o deixa inseguro? Ou enfrentando problemas? Basta enviar uma solicita\u00e7\u00e3o ao nosso atendimento ao cliente. Resolveremos todos os problemas. <\/p><\/div>","protected":false},"excerpt":{"rendered":"","protected":false},"author":9,"featured_media":0,"parent":618,"menu_order":0,"comment_status":"closed","ping_status":"closed","template":"templates\/template-application-platform.php","meta":{"publish_to_discourse":"","publish_post_category":"","wpdc_auto_publish_overridden":"","wpdc_topic_tags":"","wpdc_pin_topic":"","wpdc_pin_until":"","discourse_post_id":"","discourse_permalink":"","wpdc_publishing_response":"","wpdc_publishing_error":"","footnotes":""},"class_list":["post-3624","page","type-page","status-publish","hentry"],"yoast_head":"<!-- This site is optimized with the Yoast SEO plugin v25.3.1 - https:\/\/yoast.com\/wordpress\/plugins\/seo\/ -->\n<title>Adicione o widget Cookie Consent ao site Elementor (em 2 minutos)<\/title>\n<meta name=\"description\" content=\"Com a Elfsight, crie seu widget de consentimento de cookies e mostre-o em seu site Elementor. Oferecemos atendimento gratuito ao cliente e outros b\u00f4nus.\" \/>\n<meta name=\"robots\" content=\"index, follow, max-snippet:-1, max-image-preview:large, max-video-preview:-1\" \/>\n<link rel=\"canonical\" href=\"https:\/\/elfsight.com\/pt\/cookie-consent-widget\/elementor\/\" \/>\n<meta property=\"og:locale\" content=\"pt_PT\" \/>\n<meta property=\"og:type\" content=\"article\" \/>\n<meta property=\"og:title\" content=\"Adicione o widget Cookie Consent ao site Elementor (em 2 minutos)\" \/>\n<meta property=\"og:description\" content=\"Com a Elfsight, crie seu widget de consentimento de cookies e mostre-o em seu site Elementor. Oferecemos atendimento gratuito ao cliente e outros b\u00f4nus.\" \/>\n<meta property=\"og:url\" content=\"https:\/\/elfsight.com\/pt\/cookie-consent-widget\/elementor\/\" \/>\n<meta property=\"og:site_name\" content=\"Elfsight PT\" \/>\n<meta property=\"article:modified_time\" content=\"2024-11-13T11:52:07+00:00\" \/>\n<meta name=\"twitter:card\" content=\"summary_large_image\" \/>\n<meta name=\"twitter:label1\" content=\"Tempo estimado de leitura\" \/>\n\t<meta name=\"twitter:data1\" content=\"2 minutos\" \/>\n<!-- \/ Yoast SEO plugin. -->","yoast_head_json":{"title":"Adicione o widget Cookie Consent ao site Elementor (em 2 minutos)","description":"Com a Elfsight, crie seu widget de consentimento de cookies e mostre-o em seu site Elementor. Oferecemos atendimento gratuito ao cliente e outros b\u00f4nus.","robots":{"index":"index","follow":"follow","max-snippet":"max-snippet:-1","max-image-preview":"max-image-preview:large","max-video-preview":"max-video-preview:-1"},"canonical":"https:\/\/elfsight.com\/pt\/cookie-consent-widget\/elementor\/","og_locale":"pt_PT","og_type":"article","og_title":"Adicione o widget Cookie Consent ao site Elementor (em 2 minutos)","og_description":"Com a Elfsight, crie seu widget de consentimento de cookies e mostre-o em seu site Elementor. Oferecemos atendimento gratuito ao cliente e outros b\u00f4nus.","og_url":"https:\/\/elfsight.com\/pt\/cookie-consent-widget\/elementor\/","og_site_name":"Elfsight PT","article_modified_time":"2024-11-13T11:52:07+00:00","twitter_card":"summary_large_image","twitter_misc":{"Tempo estimado de leitura":"2 minutos"},"schema":{"@context":"https:\/\/schema.org","@graph":[{"@type":"WebPage","@id":"https:\/\/elfsight.com\/pt\/cookie-consent-widget\/elementor\/","url":"https:\/\/elfsight.com\/pt\/cookie-consent-widget\/elementor\/","name":"Adicione o widget Cookie Consent ao site Elementor (em 2 minutos)","isPartOf":{"@id":"https:\/\/elfsight.com\/pt\/#website"},"datePublished":"2024-05-03T06:33:13+00:00","dateModified":"2024-11-13T11:52:07+00:00","description":"Com a Elfsight, crie seu widget de consentimento de cookies e mostre-o em seu site Elementor. Oferecemos atendimento gratuito ao cliente e outros b\u00f4nus.","breadcrumb":{"@id":"https:\/\/elfsight.com\/pt\/cookie-consent-widget\/elementor\/#breadcrumb"},"inLanguage":"pt-PT","potentialAction":[{"@type":"ReadAction","target":["https:\/\/elfsight.com\/pt\/cookie-consent-widget\/elementor\/"]}]},{"@type":"BreadcrumbList","@id":"https:\/\/elfsight.com\/pt\/cookie-consent-widget\/elementor\/#breadcrumb","itemListElement":[{"@type":"ListItem","position":1,"name":"Home","item":"https:\/\/elfsight.com\/pt\/"},{"@type":"ListItem","position":2,"name":"Cookie Consent","item":"https:\/\/elfsight.com\/pt\/cookie-consent-widget\/"},{"@type":"ListItem","position":3,"name":"Cookie Consent &#8211; Elementor"}]},{"@type":"WebSite","@id":"https:\/\/elfsight.com\/pt\/#website","url":"https:\/\/elfsight.com\/pt\/","name":"Elfsight PT","description":"Just another Elfsight Sites site","potentialAction":[{"@type":"SearchAction","target":{"@type":"EntryPoint","urlTemplate":"https:\/\/elfsight.com\/pt\/?s={search_term_string}"},"query-input":{"@type":"PropertyValueSpecification","valueRequired":true,"valueName":"search_term_string"}}],"inLanguage":"pt-PT"}]}},"meta_box":{"industry":"","seo_heading":"","heading":"","description":"","cta_heading":"","cta_description":"","application":"617","h1":"Consentimento de cookies Elementor","h1_caption":"Crie um an\u00fancio r\u00e1pido de uso de cookies com bot\u00e3o de consentimento para visitantes do site","application_category":[],"applications_title":"","applications_request_title":"","applications_request_button_text":"","hero_text":"","hero_video":"","hero_video_schema_markup":"","selling_points_title":"","selling_points_caption":"","selling_points":[],"selling_points_cta_text":"","features_title":"","features":"","ed_cta_examples_text":"","ed_cta_examples_hidden":"","ed_cta_demo_text":"","ed_cta_demo_hidden":"","why_caption":"","why_editor_title":"","why_editor_text":"","why_team_title":"","why_team_text":"","why_service_title":"","why_service_text":"","template_catalog_visible":"","template_catalog_title":"","template_catalog_text":"","template_catalog_categories_visible":"","demo_title":"Crie seu widget de consentimento de cookies","demo_caption":"Configure seu consentimento de cookie e adicione-o ao seu site Elementor gratuitamente!","default_faq_hidden":"","app_template_category":[],"platform":"100","template_public_id":"","codecanyon_url":"","codecanyon_item_id":"","codecanyon_price":"","pricing_caption":"","pricing_elfsight_apps_hide_column":"","pricing_elfsight_apps_url":"","pricing_codecanyon_price_caption":"","integration_category":[],"integration_request_title":"","integration_request_cta":"","integration_platform":"","integrations":[],"platform_category":[],"video_schema_markup":"","price":"a partir de US$ 0\/m\u00eas","trial":"","benefits":[{"text":"Ajuda de instala\u00e7\u00e3o gratuita"},{"text":"Suporte excepcional"},{"text":"Garantia de reembolso de 14 dias"},{"text":"Atualiza\u00e7\u00f5es vital\u00edcias"}],"button_url":"#demo","button_target_blank":"0","button_nofollow":"0","attributes":[{"name":"Instala\u00e7\u00f5es","content":"100,000 - 500,000","_state":"expanded"},{"name":"Responsivo","content":"Sim","_state":"expanded"},{"name":"Navegadores compat\u00edveis","content":"Firefox, Safari, Opera, Chrome, Edge"}],"tags":[],"tags_disable_links":"0","hide_more_platforms":"","video_object":"","demo_hide_cta":"0","demo_hide_cloud_options":"0","pricing_title":"","pricing":[{"pricing_icon":"platform","pricing_title":"Elfsight Apps","pricing_title_caption":"Solu\u00e7\u00e3o digital independente de plataforma","pricing_price":"a partir de US$ 0\/m\u00eas","pricing_price_caption":"comece com plano gratuito","pricing_benefits":[{"text":"Sites ilimitados"},{"text":"Suporte r\u00e1pido"},{"text":"Suporte r\u00e1pido"},{"text":"Oferta especial para v\u00e1rios aplicativos"}],"pricing_button_text":"Adicionar ao site","pricing_button_url":"#demo","_state":"expanded"}],"related_apps_title":"","related_apps_hidden":"1","author":"","image":[],"title":"","job":"","social_networks":[]},"_links":{"self":[{"href":"https:\/\/elfsight.com\/pt\/wp-json\/wp\/v2\/pages\/3624","targetHints":{"allow":["GET"]}}],"collection":[{"href":"https:\/\/elfsight.com\/pt\/wp-json\/wp\/v2\/pages"}],"about":[{"href":"https:\/\/elfsight.com\/pt\/wp-json\/wp\/v2\/types\/page"}],"author":[{"embeddable":true,"href":"https:\/\/elfsight.com\/pt\/wp-json\/wp\/v2\/users\/9"}],"replies":[{"embeddable":true,"href":"https:\/\/elfsight.com\/pt\/wp-json\/wp\/v2\/comments?post=3624"}],"version-history":[{"count":2,"href":"https:\/\/elfsight.com\/pt\/wp-json\/wp\/v2\/pages\/3624\/revisions"}],"predecessor-version":[{"id":11705,"href":"https:\/\/elfsight.com\/pt\/wp-json\/wp\/v2\/pages\/3624\/revisions\/11705"}],"up":[{"embeddable":true,"href":"https:\/\/elfsight.com\/pt\/wp-json\/wp\/v2\/pages\/618"}],"wp:attachment":[{"href":"https:\/\/elfsight.com\/pt\/wp-json\/wp\/v2\/media?parent=3624"}],"curies":[{"name":"wp","href":"https:\/\/api.w.org\/{rel}","templated":true}]}}