{"id":3623,"date":"2024-05-03T06:28:45","date_gmt":"2024-05-03T06:28:45","guid":{"rendered":"https:\/\/elfsight.com\/pt\/?page_id=3623"},"modified":"2025-02-10T07:12:30","modified_gmt":"2025-02-10T07:12:30","slug":"drupal","status":"publish","type":"page","link":"https:\/\/elfsight.com\/pt\/audio-player-widget\/drupal\/","title":{"rendered":"Audio Player &#8211; Drupal"},"content":{"rendered":"\n<div class=\"application-platform-content-item-description application-platform-content-item\" id=\"description\" data-nav-section=\"description\"> <h2>Descri\u00e7\u00e3o<\/h2> <p>Elfsight Music Player \u00e9 uma ferramenta simples para sites Drupal que permite reproduzir faixas de \u00e1udio diretamente no seu site. O plugin \u00e9 extremamente personaliz\u00e1vel: voc\u00ea pode alterar sua posi\u00e7\u00e3o, colocando-o em qualquer lugar da p\u00e1gina, alterar seu tamanho, repintar o fundo e todas as outras partes para mistur\u00e1-lo com o estilo do seu site, empregar esquema de cores escuras, mostrar capas e demonstrar ou ocultar 4 elementos adicionais do jogador, por exemplo barra de progresso, t\u00edtulo e outros. Inclua quantas faixas desejar para encantar seus usu\u00e1rios, ative a op\u00e7\u00e3o de reprodu\u00e7\u00e3o autom\u00e1tica e n\u00e3o tenha d\u00favidas: seus visitantes n\u00e3o sair\u00e3o do seu site imediatamente!<\/p> <p><b>Torne seu site mais eficaz para e- objetivos de com\u00e9rcio com o m\u00f3dulo Elfsight Audio<\/b><\/p> <\/div> <div class=\"application-platform-content-item-features application-platform-content-item\" id=\"features\" data-nav-section=\"features\"> <h2>Oferecemos recursos f\u00e1ceis e poderosos, confira alguns deles: <\/h2> <ul><li>V\u00e1rias altera\u00e7\u00f5es de cores<\/li> <li>Esquema de cores claras\/escuras<\/li> <li>Design responsivo<\/li> <li>Dois layouts dispon\u00edveis<\/li> <li>Uma oportunidade de usar imagem de fundo<\/li> <\/ul><p><a href=\"#demo\">Voc\u00ea pode testar como o widget funciona usando a demonstra\u00e7\u00e3o<\/a><\/p> <\/div> <div class=\"application-platform-content-item-installation application-platform-content-item\" id=\"installation\" data-nav-section=\"installation\"> <h2>Como incorporar o reprodutor de \u00e1udio no meu site Drupal? <\/h2> <div class=\"video-container\"><iframe width=\"720\" height=\"405\" src=\"https:\/\/www.youtube.com\/embed\/QLsJXosBMXw\" frameborder=\"0\" allowfullscreen=\"\"><\/iframe><\/div><p>Basta aplicar as instru\u00e7\u00f5es abaixo para integrar o m\u00f3dulo. <\/p> <ol><li><b>Gerencie nosso editor gratuito e comece a criar seu m\u00f3dulo personalizado. <\/b><br> Escolha o layout selecionado e as especifica\u00e7\u00f5es do m\u00f3dulo e salve todas as modifica\u00e7\u00f5es. <\/li> <li><b>Receba o seu c\u00f3digo pessoal que aparece no formul\u00e1rio especial nas aplica\u00e7\u00f5es Elfsight. <\/b><br> Logo ap\u00f3s o estabelecimento do seu m\u00f3dulo, copie o seu c\u00f3digo no pop-up exibido e guarde-o para uso futuro. <\/li> <li><b>Inicie a utiliza\u00e7\u00e3o do m\u00f3dulo em seu site Drupal. <\/b><br> Insira o c\u00f3digo que voc\u00ea salvou anteriormente em seu site e salve as edi\u00e7\u00f5es. <\/li> <li><b>Pronto! A incorpora\u00e7\u00e3o foi realizada com sucesso. <\/b><br> Acesse seu site para ver como o m\u00f3dulo est\u00e1 funcionando. <\/li><\/ol><p>Caso tenha d\u00favidas ou enfrente quaisquer complica\u00e7\u00f5es, sinta-se \u00e0 vontade para entrar em contato com nossa equipe de atendimento ao cliente. Nossos consultores est\u00e3o ansiosos para ajud\u00e1-lo com todas as d\u00favidas que voc\u00ea possa ter sobre a ferramenta.<\/p> <\/div>\n","protected":false},"excerpt":{"rendered":"","protected":false},"author":9,"featured_media":0,"parent":1079,"menu_order":0,"comment_status":"closed","ping_status":"closed","template":"templates\/template-application-platform.php","meta":{"publish_to_discourse":"","publish_post_category":"","wpdc_auto_publish_overridden":"","wpdc_topic_tags":"","wpdc_pin_topic":"","wpdc_pin_until":"","discourse_post_id":"","discourse_permalink":"","wpdc_publishing_response":"","wpdc_publishing_error":"","footnotes":""},"class_list":["post-3623","page","type-page","status-publish","hentry"],"yoast_head":"<!-- This site is optimized with the Yoast SEO plugin v25.3.1 - https:\/\/yoast.com\/wordpress\/plugins\/seo\/ -->\n<title>Reprodutor de \u00e1udio \u2014 Adicione aplicativo de m\u00fasica ao site Drupal (r\u00e1pido e gratuito)<\/title>\n<meta name=\"description\" content=\"Incorpore um widget reprodutor de \u00e1udio flex\u00edvel em seu site Drupal. Use a demonstra\u00e7\u00e3o pr\u00e1tica e crie seu widget personalizado em apenas alguns minutos.\" \/>\n<meta name=\"robots\" content=\"index, follow, max-snippet:-1, max-image-preview:large, max-video-preview:-1\" \/>\n<link rel=\"canonical\" href=\"https:\/\/elfsight.com\/pt\/audio-player-widget\/drupal\/\" \/>\n<meta property=\"og:locale\" content=\"pt_PT\" \/>\n<meta property=\"og:type\" content=\"article\" \/>\n<meta property=\"og:title\" content=\"Reprodutor de \u00e1udio \u2014 Adicione aplicativo de m\u00fasica ao site Drupal (r\u00e1pido e gratuito)\" \/>\n<meta property=\"og:description\" content=\"Incorpore um widget reprodutor de \u00e1udio flex\u00edvel em seu site Drupal. Use a demonstra\u00e7\u00e3o pr\u00e1tica e crie seu widget personalizado em apenas alguns minutos.\" \/>\n<meta property=\"og:url\" content=\"https:\/\/elfsight.com\/pt\/audio-player-widget\/drupal\/\" \/>\n<meta property=\"og:site_name\" content=\"Elfsight PT\" \/>\n<meta property=\"article:modified_time\" content=\"2025-02-10T07:12:30+00:00\" \/>\n<meta name=\"twitter:card\" content=\"summary_large_image\" \/>\n<meta name=\"twitter:label1\" content=\"Tempo estimado de leitura\" \/>\n\t<meta name=\"twitter:data1\" content=\"2 minutos\" \/>\n<!-- \/ Yoast SEO plugin. -->","yoast_head_json":{"title":"Reprodutor de \u00e1udio \u2014 Adicione aplicativo de m\u00fasica ao site Drupal (r\u00e1pido e gratuito)","description":"Incorpore um widget reprodutor de \u00e1udio flex\u00edvel em seu site Drupal. Use a demonstra\u00e7\u00e3o pr\u00e1tica e crie seu widget personalizado em apenas alguns minutos.","robots":{"index":"index","follow":"follow","max-snippet":"max-snippet:-1","max-image-preview":"max-image-preview:large","max-video-preview":"max-video-preview:-1"},"canonical":"https:\/\/elfsight.com\/pt\/audio-player-widget\/drupal\/","og_locale":"pt_PT","og_type":"article","og_title":"Reprodutor de \u00e1udio \u2014 Adicione aplicativo de m\u00fasica ao site Drupal (r\u00e1pido e gratuito)","og_description":"Incorpore um widget reprodutor de \u00e1udio flex\u00edvel em seu site Drupal. Use a demonstra\u00e7\u00e3o pr\u00e1tica e crie seu widget personalizado em apenas alguns minutos.","og_url":"https:\/\/elfsight.com\/pt\/audio-player-widget\/drupal\/","og_site_name":"Elfsight PT","article_modified_time":"2025-02-10T07:12:30+00:00","twitter_card":"summary_large_image","twitter_misc":{"Tempo estimado de leitura":"2 minutos"},"schema":{"@context":"https:\/\/schema.org","@graph":[{"@type":"WebPage","@id":"https:\/\/elfsight.com\/pt\/audio-player-widget\/drupal\/","url":"https:\/\/elfsight.com\/pt\/audio-player-widget\/drupal\/","name":"Reprodutor de \u00e1udio \u2014 Adicione aplicativo de m\u00fasica ao site Drupal (r\u00e1pido e gratuito)","isPartOf":{"@id":"https:\/\/elfsight.com\/pt\/#website"},"datePublished":"2024-05-03T06:28:45+00:00","dateModified":"2025-02-10T07:12:30+00:00","description":"Incorpore um widget reprodutor de \u00e1udio flex\u00edvel em seu site Drupal. Use a demonstra\u00e7\u00e3o pr\u00e1tica e crie seu widget personalizado em apenas alguns minutos.","breadcrumb":{"@id":"https:\/\/elfsight.com\/pt\/audio-player-widget\/drupal\/#breadcrumb"},"inLanguage":"pt-PT","potentialAction":[{"@type":"ReadAction","target":["https:\/\/elfsight.com\/pt\/audio-player-widget\/drupal\/"]}]},{"@type":"BreadcrumbList","@id":"https:\/\/elfsight.com\/pt\/audio-player-widget\/drupal\/#breadcrumb","itemListElement":[{"@type":"ListItem","position":1,"name":"Home","item":"https:\/\/elfsight.com\/pt\/"},{"@type":"ListItem","position":2,"name":"Audio Player","item":"https:\/\/elfsight.com\/pt\/audio-player-widget\/"},{"@type":"ListItem","position":3,"name":"Audio Player &#8211; Drupal"}]},{"@type":"WebSite","@id":"https:\/\/elfsight.com\/pt\/#website","url":"https:\/\/elfsight.com\/pt\/","name":"Elfsight PT","description":"Just another Elfsight Sites site","potentialAction":[{"@type":"SearchAction","target":{"@type":"EntryPoint","urlTemplate":"https:\/\/elfsight.com\/pt\/?s={search_term_string}"},"query-input":{"@type":"PropertyValueSpecification","valueRequired":true,"valueName":"search_term_string"}}],"inLanguage":"pt-PT"}]}},"meta_box":{"industry":"","seo_heading":"","heading":"","description":"","cta_heading":"","cta_description":"","application":"1078","h1":"M\u00f3dulo reprodutor de \u00e1udio Drupal","h1_caption":"Implemente uma op\u00e7\u00e3o envolvente em seu site e obtenha clientes mais satisfeitos com um clique","application_category":[],"applications_title":"","applications_request_title":"","applications_request_button_text":"","hero_text":"","hero_video":"","hero_video_schema_markup":"","selling_points_title":"","selling_points_caption":"","selling_points":[],"selling_points_cta_text":"","features_title":"","features":"","ed_cta_examples_text":"","ed_cta_examples_hidden":"","ed_cta_demo_text":"","ed_cta_demo_hidden":"","why_caption":"","why_editor_title":"","why_editor_text":"","why_team_title":"","why_team_text":"","why_service_title":"","why_service_text":"","template_catalog_visible":"0","template_catalog_title":"","template_catalog_text":"","template_catalog_categories_visible":"","demo_title":"Crie seu m\u00f3dulo Audio Player","demo_caption":"Configure seu reprodutor de \u00e1udio e adicione-o ao seu site Drupal gratuitamente!","default_faq_hidden":"","app_template_category":[],"platform":"4905","template_public_id":"","codecanyon_url":"","codecanyon_item_id":"","codecanyon_price":"","pricing_caption":"","pricing_elfsight_apps_hide_column":"","pricing_elfsight_apps_url":"","pricing_codecanyon_price_caption":"","integration_category":[],"integration_request_title":"","integration_request_cta":"","integration_platform":"","integrations":[],"platform_category":[],"video_schema_markup":"","price":"a partir de US$ 0\/m\u00eas","trial":"","benefits":[{"text":"Assist\u00eancia de instala\u00e7\u00e3o gratuita"},{"text":"Atendimento ao cliente eficaz"},{"text":"Garantia de reembolso de 14 dias"},{"text":"Atualizando constantemente"}],"button_url":"#demo","button_target_blank":"0","button_nofollow":"0","attributes":[{"name":"Instala\u00e7\u00f5es","content":"100,000 - 500,000","_state":"expanded"},{"name":"Responsivo","content":"Sim","_state":"expanded"},{"name":"Navegadores compat\u00edveis","content":"Firefox, Safari, Opera, Chrome, Edge"}],"tags":[],"tags_disable_links":"0","hide_more_platforms":"0","video_object":"","demo_hide_cta":"0","demo_hide_cloud_options":"0","pricing_title":"","pricing":[{"pricing_icon":"platform","pricing_title":"Elfsight Apps","pricing_title_caption":"Solu\u00e7\u00e3o digital multiplataforma","pricing_price":"a partir de US$ 0\/m\u00eas","pricing_price_caption":"comece com plano gratuito","pricing_benefits":[{"text":"Dom\u00ednios ilimitados"},{"text":"Suporte r\u00e1pido ao cliente"},{"text":"Suporte r\u00e1pido ao cliente"},{"text":"Oferta especial para v\u00e1rios aplicativos"}],"pricing_button_text":"Adicionar ao site","pricing_button_url":"#demo","_state":"expanded"}],"related_apps_title":"","related_apps_hidden":"1","author":"","image":[],"title":"","job":"","social_networks":[]},"_links":{"self":[{"href":"https:\/\/elfsight.com\/pt\/wp-json\/wp\/v2\/pages\/3623","targetHints":{"allow":["GET"]}}],"collection":[{"href":"https:\/\/elfsight.com\/pt\/wp-json\/wp\/v2\/pages"}],"about":[{"href":"https:\/\/elfsight.com\/pt\/wp-json\/wp\/v2\/types\/page"}],"author":[{"embeddable":true,"href":"https:\/\/elfsight.com\/pt\/wp-json\/wp\/v2\/users\/9"}],"replies":[{"embeddable":true,"href":"https:\/\/elfsight.com\/pt\/wp-json\/wp\/v2\/comments?post=3623"}],"version-history":[{"count":3,"href":"https:\/\/elfsight.com\/pt\/wp-json\/wp\/v2\/pages\/3623\/revisions"}],"predecessor-version":[{"id":13807,"href":"https:\/\/elfsight.com\/pt\/wp-json\/wp\/v2\/pages\/3623\/revisions\/13807"}],"up":[{"embeddable":true,"href":"https:\/\/elfsight.com\/pt\/wp-json\/wp\/v2\/pages\/1079"}],"wp:attachment":[{"href":"https:\/\/elfsight.com\/pt\/wp-json\/wp\/v2\/media?parent=3623"}],"curies":[{"name":"wp","href":"https:\/\/api.w.org\/{rel}","templated":true}]}}