{"id":3620,"date":"2024-05-03T06:32:59","date_gmt":"2024-05-03T06:32:59","guid":{"rendered":"https:\/\/elfsight.com\/pt\/?page_id=3620"},"modified":"2024-11-13T12:16:31","modified_gmt":"2024-11-13T12:16:31","slug":"drupal","status":"publish","type":"page","link":"https:\/\/elfsight.com\/pt\/contact-form-widget\/drupal\/","title":{"rendered":"Contact Form &#8211; Drupal"},"content":{"rendered":"<div class=\"application-platform-content-item-description application-platform-content-item\" id=\"description\" data-nav-section=\"description\"><h2>Formul\u00e1rio de contato para Drupal<\/h2><p>O m\u00f3dulo Elfsight Contact para Drupal \u00e9 um plugin que visa ajud\u00e1-lo em todas as demandas cont\u00ednuas na obten\u00e7\u00e3o impress\u00f5es e solicita\u00e7\u00f5es de clientes em seu site. Demonstre as pe\u00e7as necess\u00e1rias para preenchimento, encontre o template desejado e personalize a interface para motivar ainda mais seus clientes a deixarem solicita\u00e7\u00f5es de servi\u00e7os de sua empresa. O plugin Form foi desenvolvido para atender a todas as suas demandas para coletar feedback e estar sempre em contato com seus clientes.<\/p><ul><li><b>Atualize a gera\u00e7\u00e3o de leads<\/b>.<br>Fique por perto seus clientes em potencial provocando-os a se comunicarem com voc\u00ea por meio do m\u00f3dulo Contato a qualquer momento. Um n\u00famero menor de campos levar\u00e1 \u00e0 convers\u00e3o m\u00e1xima.<\/li><li><b>Ponha fim ao spam<\/b>.<br>Preserve apenas conversas org\u00e2nicas com o servi\u00e7o Google reCAPTCHA altamente eficaz, protegendo contra spam e bots. <\/li><li><b>Receba feedback facilmente<\/b>.<br>Crie um plug-in de formul\u00e1rio percept\u00edvel para que ele possa ser facilmente encontrado nas p\u00e1ginas do seu site, inspirando seus usu\u00e1rios a fornecer feedback a qualquer momento que acharem necess\u00e1rio .<\/li><\/ul><\/div><div class=\"application-platform-content-item-features application-platform-content-item\" id=\"features\" data-nav-section=\"features\"><h2>Recursos do plugin de formul\u00e1rio de contato<\/h2><p>Por que o formul\u00e1rio de contato da Elfsight \u00e9 o melhor m\u00f3dulo para obter impress\u00f5es do usu\u00e1rio e receber encomendar para Drupal? Confira nossas principais caracter\u00edsticas:<\/p><ul><li>Escolha os campos a serem obrigat\u00f3rios;<\/li><li>Defina o t\u00edtulo acima do formul\u00e1rio;<\/li><li>2 layouts predefinidos: inline para ser adicionados ao corpo da p\u00e1gina e flutuando para seguir a rolagem do visitante;<\/li><li>Todos os dados inseridos no formul\u00e1rio s\u00e3o salvos em andamento;<\/li><li>Design perfeito que se adapta a 99% dos sites prontos para uso .<\/li><\/ul><p><a href=\"#demo\">Descubra todas as caracter\u00edsticas em nossa demonstra\u00e7\u00e3o<\/a><\/p><\/div><div class=\"application-platform-content-item-installation application-platform-content-item\" id=\"installation\" data-nav-section=\"installation\"><h2> Como adicionar o widget Formul\u00e1rio de Contato ao site Drupal<\/h2><div class=\"video-container\"><iframe width=\"720\" height=\"405\" src=\"https:\/\/www.youtube.com\/embed\/90HeQ2FiP14\" frameborder=\"0\" allowfullscreen=\"\"><\/iframe><\/div><p>Basta seguir as orienta\u00e7\u00f5es abaixo para inserir o m\u00f3dulo no Drupal.<\/p> <ol><li><b>Inicie nosso configurador gratuito e comece a construir seu m\u00f3dulo personalizado. <\/b><br> Especifique o layout e os recursos adequados da ferramenta e aplique as edi\u00e7\u00f5es. <\/li> <li><b>Obtenha seu c\u00f3digo pessoal mostrado na janela dos aplicativos Elfsight. <\/b><br> Logo ap\u00f3s a configura\u00e7\u00e3o da sua ferramenta pessoal, copie o c\u00f3digo individual no pop-up exibido e salve-o para uso futuro. <\/li> <li><b>Comece a usar a ferramenta Formul\u00e1rio de contato em seu site Drupal. <\/b><br> Coloque o c\u00f3digo que voc\u00ea salvou antes em sua p\u00e1gina e aplique as melhorias. <\/li> <li><b>Conclu\u00eddo! A incorpora\u00e7\u00e3o foi realizada com sucesso. <\/b><br> Visite seu site para ver em a\u00e7\u00e3o o desempenho do m\u00f3dulo. <\/li><\/ol><p>Encontrou alguma coisa ao aplicar o manual ou configurar seu formul\u00e1rio de contato? Voc\u00ea pode tentar uma instru\u00e7\u00e3o abrangente \u00ab<a href=\"https:\/\/elfsight.com\/tutorials\/how-to-add-contact-form-module-to-drupal\/\" target=\"_blank\" rel=\"noopener noreferrer\">Como instalar o formul\u00e1rio de contato em um site Drupal<\/a>\u00bb e aproveite uma segunda chance para instal\u00e1-lo novamente por conta pr\u00f3pria ou deixe sua central de ajuda com uma explica\u00e7\u00e3o completa do seu problema, e nossa equipe ter\u00e1 prazer em responder \u00e0s suas perguntas. perguntas.<\/p><div class=\"faq\" data-component=\"FAQ\"> <div class=\"faq-item\">\r\n\t\t\t\t\t<div class=\"faq-item-question\">\r\n\t\t\t\t\t\t<h3 class=\"faq-item-question-text\">Como posso adicionar um Formul\u00e1rio de Contato ao meu site Drupal sem habilidades de codifica\u00e7\u00e3o?<\/h3>\r\n\r\n\t\t\t\t\t\t<div class=\"faq-item-question-icon\"><\/div>\r\n\t\t\t\t\t<\/div>\r\n\r\n\t\t\t\t\t<div class=\"faq-item-answer\">\r\n\t\t\t\t\t\t<div class=\"faq-item-answer-text\"> <p>A Elfsight fornece uma solu\u00e7\u00e3o SaaS que permite que voc\u00ea mesmo crie um widget de Formul\u00e1rio de Contato, veja como O processo \u00e9 f\u00e1cil: Trabalhe diretamente no Editor online para criar um widget de Formul\u00e1rio de Contato que voc\u00ea gostaria de ver em seu site Drupal. Escolha um dos modelos predefinidos e ajuste as configura\u00e7\u00f5es do Formul\u00e1rio de Contato, adicione seu conte\u00fado, altere o layout e o esquema de cores sem habilidades de codifica\u00e7\u00e3o. Salve o Formul\u00e1rio de Contato e copie seu c\u00f3digo de instala\u00e7\u00e3o, que voc\u00ea pode simplesmente incorporar em seu site Drupal sem a necessidade de adquirir uma assinatura paga. Com nosso editor intuitivo, qualquer usu\u00e1rio da Internet pode criar um widget de formul\u00e1rio de contato online e incorpor\u00e1-lo facilmente ao seu site Drupal. N\u00e3o h\u00e1 necessidade de pagar ou inserir as credenciais do seu cart\u00e3o para acessar o servi\u00e7o. Se voc\u00ea enfrentar algum problema em qualquer etapa, sinta-se \u00e0 vontade para entrar em contato com nossa equipe de suporte t\u00e9cnico.<\/p> <\/div>\r\n\t\t\t\t\t<\/div>\r\n\t\t\t\t<\/div><div class=\"faq-item\">\r\n\t\t\t\t\t<div class=\"faq-item-question\">\r\n\t\t\t\t\t\t<h3 class=\"faq-item-question-text\">Voc\u00eas oferecem modelos de formul\u00e1rio de contato para o site Drupal?<\/h3>\r\n\r\n\t\t\t\t\t\t<div class=\"faq-item-question-icon\"><\/div>\r\n\t\t\t\t\t<\/div>\r\n\r\n\t\t\t\t\t<div class=\"faq-item-answer\">\r\n\t\t\t\t\t\t<div class=\"faq-item-answer-text\"><p>Sim, A Elfsight tem mais de 300 modelos prontos para usar para qualquer caso. D\u00ea uma olhada nos <a href=\"https:\/\/elfsight.com\/online-form-builder\/templates\/contact-forms\/\">modelos de formul\u00e1rio de contato<\/a> e escolha o que voc\u00ea mais gosta.<\/p><\/div>\r\n\t\t\t\t\t<\/div>\r\n\t\t\t\t<\/div> <\/div> <\/div>","protected":false},"excerpt":{"rendered":"","protected":false},"author":9,"featured_media":0,"parent":715,"menu_order":0,"comment_status":"closed","ping_status":"closed","template":"templates\/template-application-platform.php","meta":{"publish_to_discourse":"","publish_post_category":"","wpdc_auto_publish_overridden":"","wpdc_topic_tags":"","wpdc_pin_topic":"","wpdc_pin_until":"","discourse_post_id":"","discourse_permalink":"","wpdc_publishing_response":"","wpdc_publishing_error":"","footnotes":""},"class_list":["post-3620","page","type-page","status-publish","hentry"],"yoast_head":"<!-- This site is optimized with the Yoast SEO plugin v25.3.1 - https:\/\/yoast.com\/wordpress\/plugins\/seo\/ -->\n<title>Crie e adicione formul\u00e1rio de contato no Drupal gratuitamente!<\/title>\n<meta name=\"description\" content=\"Crie seu m\u00f3dulo de formul\u00e1rio de contato para Drupal e integre-o ao seu site em apenas 1 minuto. Editor gratuito, suporte para ajustes e mais b\u00f4nus da Elfsight!\" \/>\n<meta name=\"robots\" content=\"index, follow, max-snippet:-1, max-image-preview:large, max-video-preview:-1\" \/>\n<link rel=\"canonical\" href=\"https:\/\/elfsight.com\/pt\/contact-form-widget\/drupal\/\" \/>\n<meta property=\"og:locale\" content=\"pt_PT\" \/>\n<meta property=\"og:type\" content=\"article\" \/>\n<meta property=\"og:title\" content=\"Crie e adicione formul\u00e1rio de contato no Drupal gratuitamente!\" \/>\n<meta property=\"og:description\" content=\"Crie seu m\u00f3dulo de formul\u00e1rio de contato para Drupal e integre-o ao seu site em apenas 1 minuto. Editor gratuito, suporte para ajustes e mais b\u00f4nus da Elfsight!\" \/>\n<meta property=\"og:url\" content=\"https:\/\/elfsight.com\/pt\/contact-form-widget\/drupal\/\" \/>\n<meta property=\"og:site_name\" content=\"Elfsight PT\" \/>\n<meta property=\"article:modified_time\" content=\"2024-11-13T12:16:31+00:00\" \/>\n<meta name=\"twitter:card\" content=\"summary_large_image\" \/>\n<meta name=\"twitter:label1\" content=\"Tempo estimado de leitura\" \/>\n\t<meta name=\"twitter:data1\" content=\"2 minutos\" \/>\n<!-- \/ Yoast SEO plugin. -->","yoast_head_json":{"title":"Crie e adicione formul\u00e1rio de contato no Drupal gratuitamente!","description":"Crie seu m\u00f3dulo de formul\u00e1rio de contato para Drupal e integre-o ao seu site em apenas 1 minuto. Editor gratuito, suporte para ajustes e mais b\u00f4nus da Elfsight!","robots":{"index":"index","follow":"follow","max-snippet":"max-snippet:-1","max-image-preview":"max-image-preview:large","max-video-preview":"max-video-preview:-1"},"canonical":"https:\/\/elfsight.com\/pt\/contact-form-widget\/drupal\/","og_locale":"pt_PT","og_type":"article","og_title":"Crie e adicione formul\u00e1rio de contato no Drupal gratuitamente!","og_description":"Crie seu m\u00f3dulo de formul\u00e1rio de contato para Drupal e integre-o ao seu site em apenas 1 minuto. Editor gratuito, suporte para ajustes e mais b\u00f4nus da Elfsight!","og_url":"https:\/\/elfsight.com\/pt\/contact-form-widget\/drupal\/","og_site_name":"Elfsight PT","article_modified_time":"2024-11-13T12:16:31+00:00","twitter_card":"summary_large_image","twitter_misc":{"Tempo estimado de leitura":"2 minutos"},"schema":{"@context":"https:\/\/schema.org","@graph":[{"@type":"WebPage","@id":"https:\/\/elfsight.com\/pt\/contact-form-widget\/drupal\/","url":"https:\/\/elfsight.com\/pt\/contact-form-widget\/drupal\/","name":"Crie e adicione formul\u00e1rio de contato no Drupal gratuitamente!","isPartOf":{"@id":"https:\/\/elfsight.com\/pt\/#website"},"datePublished":"2024-05-03T06:32:59+00:00","dateModified":"2024-11-13T12:16:31+00:00","description":"Crie seu m\u00f3dulo de formul\u00e1rio de contato para Drupal e integre-o ao seu site em apenas 1 minuto. Editor gratuito, suporte para ajustes e mais b\u00f4nus da Elfsight!","breadcrumb":{"@id":"https:\/\/elfsight.com\/pt\/contact-form-widget\/drupal\/#breadcrumb"},"inLanguage":"pt-PT","potentialAction":[{"@type":"ReadAction","target":["https:\/\/elfsight.com\/pt\/contact-form-widget\/drupal\/"]}]},{"@type":"BreadcrumbList","@id":"https:\/\/elfsight.com\/pt\/contact-form-widget\/drupal\/#breadcrumb","itemListElement":[{"@type":"ListItem","position":1,"name":"Home","item":"https:\/\/elfsight.com\/pt\/"},{"@type":"ListItem","position":2,"name":"Contact Form","item":"https:\/\/elfsight.com\/pt\/contact-form-widget\/"},{"@type":"ListItem","position":3,"name":"Contact Form &#8211; Drupal"}]},{"@type":"WebSite","@id":"https:\/\/elfsight.com\/pt\/#website","url":"https:\/\/elfsight.com\/pt\/","name":"Elfsight PT","description":"Just another Elfsight Sites site","potentialAction":[{"@type":"SearchAction","target":{"@type":"EntryPoint","urlTemplate":"https:\/\/elfsight.com\/pt\/?s={search_term_string}"},"query-input":{"@type":"PropertyValueSpecification","valueRequired":true,"valueName":"search_term_string"}}],"inLanguage":"pt-PT"}]}},"meta_box":{"industry":"","seo_heading":"","heading":"","description":"","cta_heading":"","cta_description":"","application":"714","h1":"M\u00f3dulo Formul\u00e1rio de Contato para Drupal","h1_caption":"Transforme as visitas ao seu site em compras e contatos de prov\u00e1veis \u200b\u200bclientes","application_category":[],"applications_title":"","applications_request_title":"","applications_request_button_text":"","hero_text":"","hero_video":"","hero_video_schema_markup":"","selling_points_title":"","selling_points_caption":"","selling_points":[],"selling_points_cta_text":"","features_title":"","features":"","ed_cta_examples_text":"","ed_cta_examples_hidden":"","ed_cta_demo_text":"","ed_cta_demo_hidden":"","why_caption":"","why_editor_title":"","why_editor_text":"","why_team_title":"","why_team_text":"","why_service_title":"","why_service_text":"","template_catalog_visible":"","template_catalog_title":"","template_catalog_text":"","template_catalog_categories_visible":"","demo_title":"Crie seu m\u00f3dulo Formul\u00e1rio de Contato","demo_caption":"Configure seu Formul\u00e1rio de Contato e adicione-o ao seu site Drupal gratuitamente!","default_faq_hidden":"","app_template_category":[],"platform":"4905","template_public_id":"","codecanyon_url":"","codecanyon_item_id":"","codecanyon_price":"","pricing_caption":"","pricing_elfsight_apps_hide_column":"","pricing_elfsight_apps_url":"","pricing_codecanyon_price_caption":"","integration_category":[],"integration_request_title":"","integration_request_cta":"","integration_platform":"","integrations":[],"platform_category":[],"video_schema_markup":"","price":"a partir de US$ 0\/m\u00eas","trial":"","benefits":[{"text":"Ajuda de instala\u00e7\u00e3o gratuita"},{"text":"Suporte premium"},{"text":"Garantia de devolu\u00e7\u00e3o do dinheiro em 14 dias"},{"text":"Futuras melhorias gratuitas"}],"button_url":"#demo","button_target_blank":"0","button_nofollow":"0","attributes":[{"name":"Instala\u00e7\u00f5es","content":"100,000 - 500,000","_state":"expanded"},{"name":"Responsivo","content":"Sim","_state":"expanded"},{"name":"Navegadores compat\u00edveis","content":"Firefox, Safari, Opera, Chrome, Edge"}],"tags":[],"tags_disable_links":"0","hide_more_platforms":"","video_object":"","demo_hide_cta":"0","demo_hide_cloud_options":"0","pricing_title":"","pricing":[{"pricing_icon":"cloud","pricing_title":"Elfsight Apps","pricing_title_caption":"Solu\u00e7\u00e3o digital independente de plataforma adequada para qualquer site","pricing_price":"a partir de US$ 0\/m\u00eas","pricing_price_caption":"comece com plano gratuito","pricing_benefits":[{"text":"Sites ilimitados"},{"text":"Suporte r\u00e1pido e pontual e bem documentado"},{"text":"Suporte r\u00e1pido e pontual e bem documentado"},{"text":"Pre\u00e7o especial para v\u00e1rios aplicativos"}],"pricing_button_text":"Adicionar ao site","pricing_button_url":"#demo","_state":"expanded"}],"related_apps_title":"","related_apps_hidden":"1","author":"","image":[],"title":"","job":"","social_networks":[]},"_links":{"self":[{"href":"https:\/\/elfsight.com\/pt\/wp-json\/wp\/v2\/pages\/3620","targetHints":{"allow":["GET"]}}],"collection":[{"href":"https:\/\/elfsight.com\/pt\/wp-json\/wp\/v2\/pages"}],"about":[{"href":"https:\/\/elfsight.com\/pt\/wp-json\/wp\/v2\/types\/page"}],"author":[{"embeddable":true,"href":"https:\/\/elfsight.com\/pt\/wp-json\/wp\/v2\/users\/9"}],"replies":[{"embeddable":true,"href":"https:\/\/elfsight.com\/pt\/wp-json\/wp\/v2\/comments?post=3620"}],"version-history":[{"count":2,"href":"https:\/\/elfsight.com\/pt\/wp-json\/wp\/v2\/pages\/3620\/revisions"}],"predecessor-version":[{"id":11693,"href":"https:\/\/elfsight.com\/pt\/wp-json\/wp\/v2\/pages\/3620\/revisions\/11693"}],"up":[{"embeddable":true,"href":"https:\/\/elfsight.com\/pt\/wp-json\/wp\/v2\/pages\/715"}],"wp:attachment":[{"href":"https:\/\/elfsight.com\/pt\/wp-json\/wp\/v2\/media?parent=3620"}],"curies":[{"name":"wp","href":"https:\/\/api.w.org\/{rel}","templated":true}]}}