{"id":3619,"date":"2024-05-03T06:33:27","date_gmt":"2024-05-03T06:33:27","guid":{"rendered":"https:\/\/elfsight.com\/pt\/?page_id=3619"},"modified":"2025-02-12T04:39:01","modified_gmt":"2025-02-12T04:39:01","slug":"drupal","status":"publish","type":"page","link":"https:\/\/elfsight.com\/pt\/cookie-consent-widget\/drupal\/","title":{"rendered":"Cookie Consent &#8211; Drupal"},"content":{"rendered":"\n<div class=\"application-platform-content-item-description application-platform-content-item\" id=\"description\" data-nav-section=\"description\"> <h2>Descri\u00e7\u00e3o<\/h2> <p>Usando o m\u00f3dulo Elfsight Cookie, ser\u00e1 muito f\u00e1cil notificar os espectadores de que seu site usa cookies mostrando um janela pop-up moderada. O widget permite adicionar sua pr\u00f3pria mensagem, colocar um link para a pol\u00edtica de uso do site e colocar bot\u00f5es ativos para obter consentimento dos usu\u00e1rios. Voc\u00ea pode optar por organizar o widget na forma de uma barra de p\u00e1gina ou caixa responsiva e escolher qualquer local para ele. Al\u00e9m disso, os elementos pint\u00e1veis \u200b\u200bajudar\u00e3o voc\u00ea a fazer com que o widget pare\u00e7a nativo e se integre bem ao conceito de estilo do site.<\/p> <div class=\"faq\" data-component=\"FAQ\"> <div class=\"faq-item\">\r\n\t\t\t\t\t<div class=\"faq-item-question\">\r\n\t\t\t\t\t\t<h3 class=\"faq-item-question-text\">Onde no meu site posso incorporar o widget<\/h3>\r\n\r\n\t\t\t\t\t\t<div class=\"faq-item-question-icon\"><\/div>\r\n\t\t\t\t\t<\/div>\r\n\r\n\t\t\t\t\t<div class=\"faq-item-answer\">\r\n\t\t\t\t\t\t<div class=\"faq-item-answer-text\"> <p>Voc\u00ea pode coloque o plugin em qualquer uma das p\u00e1ginas do site e tamb\u00e9m em todas as p\u00e1ginas, depende do que voc\u00ea precisa. Assim que uma pessoa entrar na p\u00e1gina, um an\u00fancio de cookie aparecer\u00e1. <\/p> <\/div>\r\n\t\t\t\t\t<\/div>\r\n\t\t\t\t<\/div><div class=\"faq-item\">\r\n\t\t\t\t\t<div class=\"faq-item-question\">\r\n\t\t\t\t\t\t<h3 class=\"faq-item-question-text\">Quais benef\u00edcios isso me traz?<\/h3>\r\n\r\n\t\t\t\t\t\t<div class=\"faq-item-question-icon\"><\/div>\r\n\t\t\t\t\t<\/div>\r\n\r\n\t\t\t\t\t<div class=\"faq-item-answer\">\r\n\t\t\t\t\t\t<div class=\"faq-item-answer-text\"> <p>O widget ajuda voc\u00ea a mostrar uma notifica\u00e7\u00e3o imediata de cookies, sem codifica\u00e7\u00e3o e com m\u00e1xima rapidez. Possui todos os idiomas europeus mais difundidos para fornecer a melhor experi\u00eancia de usu\u00e1rio aos usu\u00e1rios do seu site. <\/p> <\/div>\r\n\t\t\t\t\t<\/div>\r\n\t\t\t\t<\/div> <div class=\"faq-item\">\r\n\t\t\t\t\t<div class=\"faq-item-question\">\r\n\t\t\t\t\t\t<h3 class=\"faq-item-question-text\">O que preciso para instalar o Cookie Consent no meu site Drupal?<\/h3>\r\n\r\n\t\t\t\t\t\t<div class=\"faq-item-question-icon\"><\/div>\r\n\t\t\t\t\t<\/div>\r\n\r\n\t\t\t\t\t<div class=\"faq-item-answer\">\r\n\t\t\t\t\t\t<div class=\"faq-item-answer-text\"> <p>A ativa\u00e7\u00e3o levar\u00e1 apenas alguns minutos. \u00c9 realmente r\u00e1pido, gratuito e sem codifica\u00e7\u00e3o. <\/p> <p>O widget pode ser configurado atrav\u00e9s do nosso servi\u00e7o ou atrav\u00e9s do marketplace. Aqui voc\u00ea pode ver mais informa\u00e7\u00f5es sobre as duas variantes e selecionar a sua.<\/p> <\/div>\r\n\t\t\t\t\t<\/div>\r\n\t\t\t\t<\/div> <\/div> <\/div> <div class=\"application-platform-content-item-features application-platform-content-item\" id=\"features\" data-nav-section=\"features\"> <h2>Recursos<\/h2> <p>Para Para ter uma compreens\u00e3o completa do Cookie Consent, veja a lista de seus recursos mais destacados. Eles tornam nosso widget incrivelmente ben\u00e9fico para voc\u00ea:<\/p> <ul><li>Selecione o tipo de an\u00fancio ou solicita\u00e7\u00e3o de consentimento;<\/li> <li>Defina um texto de an\u00fancio personalizado que suporte op\u00e7\u00f5es de formata\u00e7\u00e3o e links;<\/li> <li>Exiba ou desative um link para a pol\u00edtica de cookies e insira um texto de link personalizado;<\/li> <li>Selecione a variante de layout de barra ou caixa do widget;<\/li> <li>Defina a cor dos bot\u00f5es e do link.<\/li> <\/ul><p><a href=\"#demo\">Saiba mais recursos em nossa demonstra\u00e7\u00e3o ao vivo<\/a><\/p> <\/div> <div class=\"application-platform-content-item-installation application-platform-content-item\" id=\"installation\" data-nav-section=\"installation\"> <h2>Descubra como adicionar o consentimento de cookies ao seu site Drupal<\/h2><div class=\"video-container\"><iframe width=\"720\" height=\"405\" src=\"https:\/\/www.youtube.com\/embed\/VgPOMLXPJb4\" frameborder=\"0\" allowfullscreen=\"\"><\/iframe><\/div><p>Basta seguir algumas etapas apresentadas abaixo para adicionar o m\u00f3dulo no Drupal.<\/p> <ol><li><b>Utilize nosso editor gratuito e comece a formar seu m\u00f3dulo customizado. <\/b><br> Determine a interface personalizada e as caracter\u00edsticas funcionais do m\u00f3dulo Cookie Consent e aplique as corre\u00e7\u00f5es. <\/li> <li><b>Copie o c\u00f3digo individual que aparece na caixa nas aplica\u00e7\u00f5es Elfsight. <\/b><br> Quando a configura\u00e7\u00e3o da sua ferramenta for conclu\u00edda, copie o c\u00f3digo exclusivo da janela que aparece e salve-o para uso posterior. <\/li> <li><b>Iniciar a utiliza\u00e7\u00e3o do m\u00f3dulo no site Drupal. <\/b><br> Insira o c\u00f3digo que voc\u00ea copiou anteriormente em seu site e aplique as corre\u00e7\u00f5es. <\/li> <li><b>Conclu\u00eddo! A incorpora\u00e7\u00e3o \u00e9 totalmente executada. <\/b><br> Acesse seu site para ver como a ferramenta funciona. <\/li><\/ol><p>Ainda n\u00e3o tem certeza? Ou trope\u00e7ou em alguma coisa? Apenas uma \u00fanica solicita\u00e7\u00e3o ao nosso atendimento ao cliente resolver\u00e1 todos os problemas. <\/p> <\/div>\n","protected":false},"excerpt":{"rendered":"","protected":false},"author":9,"featured_media":0,"parent":618,"menu_order":0,"comment_status":"closed","ping_status":"closed","template":"templates\/template-application-platform.php","meta":{"publish_to_discourse":"","publish_post_category":"","wpdc_auto_publish_overridden":"","wpdc_topic_tags":"","wpdc_pin_topic":"","wpdc_pin_until":"","discourse_post_id":"","discourse_permalink":"","wpdc_publishing_response":"","wpdc_publishing_error":"","footnotes":""},"class_list":["post-3619","page","type-page","status-publish","hentry"],"yoast_head":"<!-- This site is optimized with the Yoast SEO plugin v25.3.1 - https:\/\/yoast.com\/wordpress\/plugins\/seo\/ -->\n<title>Adicione o m\u00f3dulo Cookie Consent ao site Drupal (em 2 minutos)<\/title>\n<meta name=\"description\" content=\"N\u00e3o \u00e9 dif\u00edcil construir seu m\u00f3dulo de consentimento de cookies e public\u00e1-lo em seu site Drupal. O suporte ao cliente da Elfsight \u00e9 gratuito.\" \/>\n<meta name=\"robots\" content=\"index, follow, max-snippet:-1, max-image-preview:large, max-video-preview:-1\" \/>\n<link rel=\"canonical\" href=\"https:\/\/elfsight.com\/pt\/cookie-consent-widget\/drupal\/\" \/>\n<meta property=\"og:locale\" content=\"pt_PT\" \/>\n<meta property=\"og:type\" content=\"article\" \/>\n<meta property=\"og:title\" content=\"Adicione o m\u00f3dulo Cookie Consent ao site Drupal (em 2 minutos)\" \/>\n<meta property=\"og:description\" content=\"N\u00e3o \u00e9 dif\u00edcil construir seu m\u00f3dulo de consentimento de cookies e public\u00e1-lo em seu site Drupal. O suporte ao cliente da Elfsight \u00e9 gratuito.\" \/>\n<meta property=\"og:url\" content=\"https:\/\/elfsight.com\/pt\/cookie-consent-widget\/drupal\/\" \/>\n<meta property=\"og:site_name\" content=\"Elfsight PT\" \/>\n<meta property=\"article:modified_time\" content=\"2025-02-12T04:39:01+00:00\" \/>\n<meta name=\"twitter:card\" content=\"summary_large_image\" \/>\n<meta name=\"twitter:label1\" content=\"Tempo estimado de leitura\" \/>\n\t<meta name=\"twitter:data1\" content=\"3 minutos\" \/>\n<!-- \/ Yoast SEO plugin. -->","yoast_head_json":{"title":"Adicione o m\u00f3dulo Cookie Consent ao site Drupal (em 2 minutos)","description":"N\u00e3o \u00e9 dif\u00edcil construir seu m\u00f3dulo de consentimento de cookies e public\u00e1-lo em seu site Drupal. O suporte ao cliente da Elfsight \u00e9 gratuito.","robots":{"index":"index","follow":"follow","max-snippet":"max-snippet:-1","max-image-preview":"max-image-preview:large","max-video-preview":"max-video-preview:-1"},"canonical":"https:\/\/elfsight.com\/pt\/cookie-consent-widget\/drupal\/","og_locale":"pt_PT","og_type":"article","og_title":"Adicione o m\u00f3dulo Cookie Consent ao site Drupal (em 2 minutos)","og_description":"N\u00e3o \u00e9 dif\u00edcil construir seu m\u00f3dulo de consentimento de cookies e public\u00e1-lo em seu site Drupal. O suporte ao cliente da Elfsight \u00e9 gratuito.","og_url":"https:\/\/elfsight.com\/pt\/cookie-consent-widget\/drupal\/","og_site_name":"Elfsight PT","article_modified_time":"2025-02-12T04:39:01+00:00","twitter_card":"summary_large_image","twitter_misc":{"Tempo estimado de leitura":"3 minutos"},"schema":{"@context":"https:\/\/schema.org","@graph":[{"@type":"WebPage","@id":"https:\/\/elfsight.com\/pt\/cookie-consent-widget\/drupal\/","url":"https:\/\/elfsight.com\/pt\/cookie-consent-widget\/drupal\/","name":"Adicione o m\u00f3dulo Cookie Consent ao site Drupal (em 2 minutos)","isPartOf":{"@id":"https:\/\/elfsight.com\/pt\/#website"},"datePublished":"2024-05-03T06:33:27+00:00","dateModified":"2025-02-12T04:39:01+00:00","description":"N\u00e3o \u00e9 dif\u00edcil construir seu m\u00f3dulo de consentimento de cookies e public\u00e1-lo em seu site Drupal. O suporte ao cliente da Elfsight \u00e9 gratuito.","breadcrumb":{"@id":"https:\/\/elfsight.com\/pt\/cookie-consent-widget\/drupal\/#breadcrumb"},"inLanguage":"pt-PT","potentialAction":[{"@type":"ReadAction","target":["https:\/\/elfsight.com\/pt\/cookie-consent-widget\/drupal\/"]}]},{"@type":"BreadcrumbList","@id":"https:\/\/elfsight.com\/pt\/cookie-consent-widget\/drupal\/#breadcrumb","itemListElement":[{"@type":"ListItem","position":1,"name":"Home","item":"https:\/\/elfsight.com\/pt\/"},{"@type":"ListItem","position":2,"name":"Cookie Consent","item":"https:\/\/elfsight.com\/pt\/cookie-consent-widget\/"},{"@type":"ListItem","position":3,"name":"Cookie Consent &#8211; Drupal"}]},{"@type":"WebSite","@id":"https:\/\/elfsight.com\/pt\/#website","url":"https:\/\/elfsight.com\/pt\/","name":"Elfsight PT","description":"Just another Elfsight Sites site","potentialAction":[{"@type":"SearchAction","target":{"@type":"EntryPoint","urlTemplate":"https:\/\/elfsight.com\/pt\/?s={search_term_string}"},"query-input":{"@type":"PropertyValueSpecification","valueRequired":true,"valueName":"search_term_string"}}],"inLanguage":"pt-PT"}]}},"meta_box":{"industry":"","seo_heading":"","heading":"","description":"","cta_heading":"","cta_description":"","application":"617","h1":"M\u00f3dulo de consentimento de cookies Drupal","h1_caption":"Crie uma notifica\u00e7\u00e3o imediata de uso de cookies com bot\u00e3o de permiss\u00e3o para os visitantes do seu site","application_category":[],"applications_title":"","applications_request_title":"","applications_request_button_text":"","hero_text":"","hero_video":"","hero_video_schema_markup":"","selling_points_title":"","selling_points_caption":"","selling_points":[],"selling_points_cta_text":"","features_title":"","features":"","ed_cta_examples_text":"","ed_cta_examples_hidden":"","ed_cta_demo_text":"","ed_cta_demo_hidden":"","why_caption":"","why_editor_title":"","why_editor_text":"","why_team_title":"","why_team_text":"","why_service_title":"","why_service_text":"","template_catalog_visible":"0","template_catalog_title":"","template_catalog_text":"","template_catalog_categories_visible":"","demo_title":"Crie seu m\u00f3dulo de consentimento de cookies","demo_caption":"Configure seu consentimento de cookies e adicione-o ao seu site Drupal gratuitamente!","default_faq_hidden":"","app_template_category":[],"platform":"4905","template_public_id":"","codecanyon_url":"","codecanyon_item_id":"","codecanyon_price":"","pricing_caption":"","pricing_elfsight_apps_hide_column":"","pricing_elfsight_apps_url":"","pricing_codecanyon_price_caption":"","integration_category":[],"integration_request_title":"","integration_request_cta":"","integration_platform":"","integrations":[],"platform_category":[],"video_schema_markup":"","price":"a partir de US$ 0\/m\u00eas","trial":"","benefits":[{"text":"Servi\u00e7o de instala\u00e7\u00e3o gratuito"},{"text":"Atendimento ao cliente competente"},{"text":"Garantia de devolu\u00e7\u00e3o do dinheiro em 14 dias"},{"text":"Atualiza\u00e7\u00f5es futuras"}],"button_url":"#demo","button_target_blank":"0","button_nofollow":"0","attributes":[{"name":"Instala\u00e7\u00f5es","content":"100,000 - 500,000","_state":"expanded"},{"name":"Responsivo","content":"Sim","_state":"expanded"},{"name":"Navegadores compat\u00edveis","content":"Firefox, Safari, Opera, Chrome, Edge"}],"tags":[],"tags_disable_links":"0","hide_more_platforms":"0","video_object":"","demo_hide_cta":"0","demo_hide_cloud_options":"0","pricing_title":"","pricing":[{"pricing_icon":"platform","pricing_title":"Elfsight Apps","pricing_title_caption":"Software multiplataforma adequado para qualquer site","pricing_price":"a partir de US$ 0\/m\u00eas","pricing_price_caption":"comece com plano gratuito","pricing_benefits":[{"text":"Dom\u00ednios ilimitados"},{"text":"Suporte premium e pontual"},{"text":"Suporte premium e pontual"},{"text":"Oferta especial para v\u00e1rios aplicativos"}],"pricing_button_text":"Adicionar ao site","pricing_button_url":"#demo","_state":"expanded"}],"related_apps_title":"","related_apps_hidden":"1","author":"","image":[],"title":"","job":"","social_networks":[]},"_links":{"self":[{"href":"https:\/\/elfsight.com\/pt\/wp-json\/wp\/v2\/pages\/3619","targetHints":{"allow":["GET"]}}],"collection":[{"href":"https:\/\/elfsight.com\/pt\/wp-json\/wp\/v2\/pages"}],"about":[{"href":"https:\/\/elfsight.com\/pt\/wp-json\/wp\/v2\/types\/page"}],"author":[{"embeddable":true,"href":"https:\/\/elfsight.com\/pt\/wp-json\/wp\/v2\/users\/9"}],"replies":[{"embeddable":true,"href":"https:\/\/elfsight.com\/pt\/wp-json\/wp\/v2\/comments?post=3619"}],"version-history":[{"count":3,"href":"https:\/\/elfsight.com\/pt\/wp-json\/wp\/v2\/pages\/3619\/revisions"}],"predecessor-version":[{"id":13920,"href":"https:\/\/elfsight.com\/pt\/wp-json\/wp\/v2\/pages\/3619\/revisions\/13920"}],"up":[{"embeddable":true,"href":"https:\/\/elfsight.com\/pt\/wp-json\/wp\/v2\/pages\/618"}],"wp:attachment":[{"href":"https:\/\/elfsight.com\/pt\/wp-json\/wp\/v2\/media?parent=3619"}],"curies":[{"name":"wp","href":"https:\/\/api.w.org\/{rel}","templated":true}]}}