{"id":3617,"date":"2024-05-03T06:28:46","date_gmt":"2024-05-03T06:28:46","guid":{"rendered":"https:\/\/elfsight.com\/pt\/?page_id=3617"},"modified":"2025-02-10T07:10:46","modified_gmt":"2025-02-10T07:10:46","slug":"blogger","status":"publish","type":"page","link":"https:\/\/elfsight.com\/pt\/audio-player-widget\/blogger\/","title":{"rendered":"Audio Player &#8211; Blogger"},"content":{"rendered":"\n<div class=\"application-platform-content-item-description application-platform-content-item\" id=\"description\" data-nav-section=\"description\"> <h2>Descri\u00e7\u00e3o<\/h2> <p>O Elfsight Audio Player \u00e9 um widget simples para sites do Blogger que oferece a oportunidade de transmitir faixas de \u00e1udio diretamente no seu site. A ferramenta \u00e9 extremamente customiz\u00e1vel: voc\u00ea pode alterar seu posicionamento, colocando-a em qualquer lugar da p\u00e1gina, dimensionar seu tamanho, fazer sobre o fundo e todas as outras partes para combin\u00e1-la com o design do seu site, usar tema escuro, exibir imagens e exibir ou ocultar outros 4 detalhes do jogador, como barra de progresso, t\u00edtulo e outros. Inclua quantas faixas desejar para encantar seus usu\u00e1rios, ative a op\u00e7\u00e3o de reprodu\u00e7\u00e3o autom\u00e1tica e n\u00e3o hesite &#8211; seus visitantes n\u00e3o sair\u00e3o de sua p\u00e1gina com pressa!<\/p><p><b>Aproveite ao m\u00e1ximo Widget Elfsight Music para atingir seus objetivos de com\u00e9rcio eletr\u00f4nico com mais efici\u00eancia!<\/b><\/p> <\/div> <div class=\"application-platform-content-item-features application-platform-content-item\" id=\"features\" data-nav-section=\"features\"> <h2>Estes s\u00e3o apenas alguns dos valiosos recursos do widget:<\/h2> <ul><li>Numerosas varia\u00e7\u00f5es de cores<\/li> <li>Tema de cores claras\/escuras<\/li> <li>Design responsivo<\/li> <li>Dois layouts prontos para uso<\/li> <li>Possibilidade para adicionar imagem de fundo<\/li> <\/ul><p><a href=\"#demo\">Voc\u00ea pode conferir todos os recursos do widget na demonstra\u00e7\u00e3o nesta p\u00e1gina<\/a><\/p> <\/div> <div class=\"application-platform-content-item-installation application-platform-content-item\" id=\"installation\" data-nav-section=\"installation\"> <h2>Como posso adicionar o Elfsight Music Player ao meu site do Blogger?<\/h2> <div class=\"video-container\"><iframe width=\"720\" height=\"405\" src=\"https:\/\/www.youtube.com\/embed\/ZZxJiM2rCf4\" frameborder=\"0\" allowfullscreen=\"\"><\/iframe><\/div><p>Basta seguir v\u00e1rias etapas descritas abaixo para incorporar o widget. <\/p> <ol><li><b>Use nossa demonstra\u00e7\u00e3o gratuita e comece a criar seu widget personalizado.<\/b><br> Especifique a apar\u00eancia e os aspectos desej\u00e1veis \u200b\u200bda ferramenta e salve as corre\u00e7\u00f5es.<\/li> <li><b>Adquira o c\u00f3digo pessoal que aparece no formul\u00e1rio especial nas aplica\u00e7\u00f5es Elfsight<\/b><br> Ap\u00f3s terminar a gera\u00e7\u00e3o da sua ferramenta pessoal, copie o c\u00f3digo exclusivo da janela que aparece e guarde-o para utiliza\u00e7\u00e3o posterior. <\/li> <li><b>Comece a utilizar o widget de \u00e1udio na p\u00e1gina inicial do Blogger<\/b><br> Insira o c\u00f3digo salvo anteriormente em sua p\u00e1gina e aplique as modifica\u00e7\u00f5es.<\/li> <li><b> A instala\u00e7\u00e3o foi finalizada com sucesso<\/b><br> Acesse seu site para verificar o funcionamento do widget.<\/li> <\/ol> <p>Supondo que voc\u00ea tenha d\u00favidas ou encontre alguma dificuldade, n\u00e3o hesite em entre em contato com nossa equipe de suporte. Nosso pessoal ficar\u00e1 feliz em resolver todos os problemas que voc\u00ea possa ter com a ferramenta. <\/p> <\/div>\n","protected":false},"excerpt":{"rendered":"","protected":false},"author":9,"featured_media":0,"parent":1079,"menu_order":0,"comment_status":"closed","ping_status":"closed","template":"templates\/template-application-platform.php","meta":{"publish_to_discourse":"","publish_post_category":"","wpdc_auto_publish_overridden":"","wpdc_topic_tags":"","wpdc_pin_topic":"","wpdc_pin_until":"","discourse_post_id":"","discourse_permalink":"","wpdc_publishing_response":"","wpdc_publishing_error":"","footnotes":""},"class_list":["post-3617","page","type-page","status-publish","hentry"],"yoast_head":"<!-- This site is optimized with the Yoast SEO plugin v25.3.1 - https:\/\/yoast.com\/wordpress\/plugins\/seo\/ -->\n<title>Music Player - Adicionar widget de \u00e1udio ao site do Blogger (r\u00e1pido e gratuito)<\/title>\n<meta name=\"description\" content=\"Implemente um reprodutor de \u00e1udio responsivo em seu site do Blogger. Use a demonstra\u00e7\u00e3o \u00fatil e crie seu widget de m\u00fasica personalizado em apenas 2 minutos.\" \/>\n<meta name=\"robots\" content=\"index, follow, max-snippet:-1, max-image-preview:large, max-video-preview:-1\" \/>\n<link rel=\"canonical\" href=\"https:\/\/elfsight.com\/pt\/audio-player-widget\/blogger\/\" \/>\n<meta property=\"og:locale\" content=\"pt_PT\" \/>\n<meta property=\"og:type\" content=\"article\" \/>\n<meta property=\"og:title\" content=\"Music Player - Adicionar widget de \u00e1udio ao site do Blogger (r\u00e1pido e gratuito)\" \/>\n<meta property=\"og:description\" content=\"Implemente um reprodutor de \u00e1udio responsivo em seu site do Blogger. Use a demonstra\u00e7\u00e3o \u00fatil e crie seu widget de m\u00fasica personalizado em apenas 2 minutos.\" \/>\n<meta property=\"og:url\" content=\"https:\/\/elfsight.com\/pt\/audio-player-widget\/blogger\/\" \/>\n<meta property=\"og:site_name\" content=\"Elfsight PT\" \/>\n<meta property=\"article:modified_time\" content=\"2025-02-10T07:10:46+00:00\" \/>\n<meta name=\"twitter:card\" content=\"summary_large_image\" \/>\n<meta name=\"twitter:label1\" content=\"Tempo estimado de leitura\" \/>\n\t<meta name=\"twitter:data1\" content=\"2 minutos\" \/>\n<!-- \/ Yoast SEO plugin. -->","yoast_head_json":{"title":"Music Player - Adicionar widget de \u00e1udio ao site do Blogger (r\u00e1pido e gratuito)","description":"Implemente um reprodutor de \u00e1udio responsivo em seu site do Blogger. Use a demonstra\u00e7\u00e3o \u00fatil e crie seu widget de m\u00fasica personalizado em apenas 2 minutos.","robots":{"index":"index","follow":"follow","max-snippet":"max-snippet:-1","max-image-preview":"max-image-preview:large","max-video-preview":"max-video-preview:-1"},"canonical":"https:\/\/elfsight.com\/pt\/audio-player-widget\/blogger\/","og_locale":"pt_PT","og_type":"article","og_title":"Music Player - Adicionar widget de \u00e1udio ao site do Blogger (r\u00e1pido e gratuito)","og_description":"Implemente um reprodutor de \u00e1udio responsivo em seu site do Blogger. Use a demonstra\u00e7\u00e3o \u00fatil e crie seu widget de m\u00fasica personalizado em apenas 2 minutos.","og_url":"https:\/\/elfsight.com\/pt\/audio-player-widget\/blogger\/","og_site_name":"Elfsight PT","article_modified_time":"2025-02-10T07:10:46+00:00","twitter_card":"summary_large_image","twitter_misc":{"Tempo estimado de leitura":"2 minutos"},"schema":{"@context":"https:\/\/schema.org","@graph":[{"@type":"WebPage","@id":"https:\/\/elfsight.com\/pt\/audio-player-widget\/blogger\/","url":"https:\/\/elfsight.com\/pt\/audio-player-widget\/blogger\/","name":"Music Player - Adicionar widget de \u00e1udio ao site do Blogger (r\u00e1pido e gratuito)","isPartOf":{"@id":"https:\/\/elfsight.com\/pt\/#website"},"datePublished":"2024-05-03T06:28:46+00:00","dateModified":"2025-02-10T07:10:46+00:00","description":"Implemente um reprodutor de \u00e1udio responsivo em seu site do Blogger. Use a demonstra\u00e7\u00e3o \u00fatil e crie seu widget de m\u00fasica personalizado em apenas 2 minutos.","breadcrumb":{"@id":"https:\/\/elfsight.com\/pt\/audio-player-widget\/blogger\/#breadcrumb"},"inLanguage":"pt-PT","potentialAction":[{"@type":"ReadAction","target":["https:\/\/elfsight.com\/pt\/audio-player-widget\/blogger\/"]}]},{"@type":"BreadcrumbList","@id":"https:\/\/elfsight.com\/pt\/audio-player-widget\/blogger\/#breadcrumb","itemListElement":[{"@type":"ListItem","position":1,"name":"Home","item":"https:\/\/elfsight.com\/pt\/"},{"@type":"ListItem","position":2,"name":"Audio Player","item":"https:\/\/elfsight.com\/pt\/audio-player-widget\/"},{"@type":"ListItem","position":3,"name":"Audio Player &#8211; Blogger"}]},{"@type":"WebSite","@id":"https:\/\/elfsight.com\/pt\/#website","url":"https:\/\/elfsight.com\/pt\/","name":"Elfsight PT","description":"Just another Elfsight Sites site","potentialAction":[{"@type":"SearchAction","target":{"@type":"EntryPoint","urlTemplate":"https:\/\/elfsight.com\/pt\/?s={search_term_string}"},"query-input":{"@type":"PropertyValueSpecification","valueRequired":true,"valueName":"search_term_string"}}],"inLanguage":"pt-PT"}]}},"meta_box":{"industry":"","seo_heading":"","heading":"","description":"","cta_heading":"","cta_description":"","application":"1078","h1":"Widget do reprodutor de \u00e1udio do Blogger","h1_caption":"Insira um recurso interessante em sua p\u00e1gina inicial e atraia mais clientes satisfeitos rapidamente","application_category":[],"applications_title":"","applications_request_title":"","applications_request_button_text":"","hero_text":"","hero_video":"","hero_video_schema_markup":"","selling_points_title":"","selling_points_caption":"","selling_points":[],"selling_points_cta_text":"","features_title":"","features":"","ed_cta_examples_text":"","ed_cta_examples_hidden":"","ed_cta_demo_text":"","ed_cta_demo_hidden":"","why_caption":"","why_editor_title":"","why_editor_text":"","why_team_title":"","why_team_text":"","why_service_title":"","why_service_text":"","template_catalog_visible":"0","template_catalog_title":"","template_catalog_text":"","template_catalog_categories_visible":"","demo_title":"Crie seu widget de reprodutor de \u00e1udio","demo_caption":"Configure seu reprodutor de \u00e1udio e adicione-o ao site do Blogger gratuitamente!","default_faq_hidden":"","app_template_category":[],"platform":"46","template_public_id":"","codecanyon_url":"","codecanyon_item_id":"","codecanyon_price":"","pricing_caption":"","pricing_elfsight_apps_hide_column":"","pricing_elfsight_apps_url":"","pricing_codecanyon_price_caption":"","integration_category":[],"integration_request_title":"","integration_request_cta":"","integration_platform":"","integrations":[],"platform_category":[],"video_schema_markup":"","price":"a partir de US$ 0\/m\u00eas","trial":"","benefits":[{"text":"Assist\u00eancia de instala\u00e7\u00e3o gratuita"},{"text":"Atendimento ao cliente competente"},{"text":"Garantia de devolu\u00e7\u00e3o do dinheiro em 14 dias"},{"text":"Atualiza\u00e7\u00f5es cont\u00ednuas"}],"button_url":"#demo","button_target_blank":"0","button_nofollow":"0","attributes":[{"name":"Instala\u00e7\u00f5es","content":"100,000 - 500,000","_state":"expanded"},{"name":"Responsivo","content":"Sim","_state":"expanded"},{"name":"Navegadores compat\u00edveis","content":"Firefox, Safari, Opera, Chrome, Edge"}],"tags":[],"tags_disable_links":"0","hide_more_platforms":"0","video_object":"","demo_hide_cta":"0","demo_hide_cloud_options":"0","pricing_title":"","pricing":[{"pricing_icon":"platform","pricing_title":"Elfsight Apps","pricing_title_caption":"Software multiplataforma que funciona em qualquer site","pricing_price":"a partir de US$ 0\/m\u00eas","pricing_price_caption":"comece com um plano gratuito","pricing_benefits":[{"text":"Dom\u00ednios ilimitados"},{"text":"Suporte profissional e pontual e bem documentado"},{"text":"Suporte profissional e pontual e bem documentado"},{"text":"Totalmente personaliz\u00e1vel"}],"pricing_button_text":"Adicionar ao site","pricing_button_url":"#demo","_state":"expanded"}],"related_apps_title":"","related_apps_hidden":"1","author":"","image":[],"title":"","job":"","social_networks":[]},"_links":{"self":[{"href":"https:\/\/elfsight.com\/pt\/wp-json\/wp\/v2\/pages\/3617","targetHints":{"allow":["GET"]}}],"collection":[{"href":"https:\/\/elfsight.com\/pt\/wp-json\/wp\/v2\/pages"}],"about":[{"href":"https:\/\/elfsight.com\/pt\/wp-json\/wp\/v2\/types\/page"}],"author":[{"embeddable":true,"href":"https:\/\/elfsight.com\/pt\/wp-json\/wp\/v2\/users\/9"}],"replies":[{"embeddable":true,"href":"https:\/\/elfsight.com\/pt\/wp-json\/wp\/v2\/comments?post=3617"}],"version-history":[{"count":3,"href":"https:\/\/elfsight.com\/pt\/wp-json\/wp\/v2\/pages\/3617\/revisions"}],"predecessor-version":[{"id":13806,"href":"https:\/\/elfsight.com\/pt\/wp-json\/wp\/v2\/pages\/3617\/revisions\/13806"}],"up":[{"embeddable":true,"href":"https:\/\/elfsight.com\/pt\/wp-json\/wp\/v2\/pages\/1079"}],"wp:attachment":[{"href":"https:\/\/elfsight.com\/pt\/wp-json\/wp\/v2\/media?parent=3617"}],"curies":[{"name":"wp","href":"https:\/\/api.w.org\/{rel}","templated":true}]}}