{"id":3612,"date":"2024-05-03T06:33:28","date_gmt":"2024-05-03T06:33:28","guid":{"rendered":"https:\/\/elfsight.com\/pt\/?page_id=3612"},"modified":"2024-11-13T12:03:46","modified_gmt":"2024-11-13T12:03:46","slug":"blogger","status":"publish","type":"page","link":"https:\/\/elfsight.com\/pt\/cookie-consent-widget\/blogger\/","title":{"rendered":"Cookie Consent &#8211; Blogger"},"content":{"rendered":"<div class=\"application-platform-content-item-description application-platform-content-item\" id=\"description\" data-nav-section=\"description\"> <h2>Descri\u00e7\u00e3o<\/h2> <p>Com a ajuda do widget Cookie da Elfsight, ser\u00e1 extremamente simples notificar o seu p\u00fablico que o seu site utiliza cookies por meio de uma barra pop-up moderada. Este widget permite mostrar sua pr\u00f3pria mensagem, fornecer um link para a pol\u00edtica de uso do site e colocar bot\u00f5es ativos para solicitar aprova\u00e7\u00e3o dos usu\u00e1rios. Voc\u00ea \u00e9 livre para mostrar o widget na forma de uma barra ou caixa responsiva e escolher sua posi\u00e7\u00e3o na p\u00e1gina. Al\u00e9m disso, a op\u00e7\u00e3o de pintar os elementos da interface o ajudar\u00e1 a fazer com que pare\u00e7a nativo e se integre bem ao conceito de estilo do site. <\/p> <div class=\"faq\" data-component=\"FAQ\"> <div class=\"faq-item\">\r\n\t\t\t\t\t<div class=\"faq-item-question\">\r\n\t\t\t\t\t\t<h3 class=\"faq-item-question-text\">Onde posso adicionar o widget no meu site<\/h3>\r\n\r\n\t\t\t\t\t\t<div class=\"faq-item-question-icon\"><\/div>\r\n\t\t\t\t\t<\/div>\r\n\r\n\t\t\t\t\t<div class=\"faq-item-answer\">\r\n\t\t\t\t\t\t<div class=\"faq-item-answer-text\"> <p>Voc\u00ea pode exibir o plugin em qualquer p\u00e1gina do seu site, bem como em todas as p\u00e1ginas, dependendo de suas necessidades . Imediatamente ap\u00f3s uma pessoa entrar na p\u00e1gina, um an\u00fancio de cookie ser\u00e1 demonstrado.<\/p> <\/div>\r\n\t\t\t\t\t<\/div>\r\n\t\t\t\t<\/div> <div class=\"faq-item\">\r\n\t\t\t\t\t<div class=\"faq-item-question\">\r\n\t\t\t\t\t\t<h3 class=\"faq-item-question-text\">Quais s\u00e3o as vantagens de ter o widget para mim?<\/h3>\r\n\r\n\t\t\t\t\t\t<div class=\"faq-item-question-icon\"><\/div>\r\n\t\t\t\t\t<\/div>\r\n\r\n\t\t\t\t\t<div class=\"faq-item-answer\">\r\n\t\t\t\t\t\t<div class=\"faq-item-answer-text\"> <p>Nosso widget ajuda voc\u00ea a revelar um an\u00fancio instant\u00e2neo de cookies sem codifica\u00e7\u00e3o e com a m\u00e1xima rapidez. Ele \u00e9 traduzido para todos os idiomas europeus populares para garantir uma experi\u00eancia f\u00e1cil aos seus usu\u00e1rios.<\/p> <\/div>\r\n\t\t\t\t\t<\/div>\r\n\t\t\t\t<\/div><div class=\"faq-item\">\r\n\t\t\t\t\t<div class=\"faq-item-question\">\r\n\t\t\t\t\t\t<h3 class=\"faq-item-question-text\">Como posso incorporar o widget Cookie ao meu site do Blogger?<\/h3>\r\n\r\n\t\t\t\t\t\t<div class=\"faq-item-question-icon\"><\/div>\r\n\t\t\t\t\t<\/div>\r\n\r\n\t\t\t\t\t<div class=\"faq-item-answer\">\r\n\t\t\t\t\t\t<div class=\"faq-item-answer-text\"> <p>Vai demorar apenas um alguns minutos para que o widget esteja instalado e funcionando. A incorpora\u00e7\u00e3o \u00e9 extremamente r\u00e1pida e sem codifica\u00e7\u00e3o. <\/p> <p>Voc\u00ea pode incorporar o widget \u00e0 p\u00e1gina da web atrav\u00e9s do nosso servi\u00e7o. Basta aplicar o guia a seguir nesta p\u00e1gina.<\/p><\/div>\r\n\t\t\t\t\t<\/div>\r\n\t\t\t\t<\/div> <\/div><\/div><div class=\"application-platform-content-item-features application-platform-content-item\" id=\"features\" data-nav-section=\"features\"> <h2>Recursos<\/h2> <p>Para ter uma melhor percep\u00e7\u00e3o do o widget, aqui est\u00e1 a lista de suas principais caracter\u00edsticas. Eles tornam o widget extremamente eficiente para voc\u00ea: <\/p> <ul><li>Mostrar apenas uma notifica\u00e7\u00e3o ou adicionar solicita\u00e7\u00e3o de aprova\u00e7\u00e3o; <\/li> <li>A op\u00e7\u00e3o de definir uma mensagem de notifica\u00e7\u00e3o personalizada com suporte a recursos de formata\u00e7\u00e3o e links; <\/li> <li>Exibir ou desativar um link ativo para os termos e condi\u00e7\u00f5es de cookies e adicionar texto de link personalizado; <\/li> <li> Escolha o tipo de layout Barra ou Caixa da notifica\u00e7\u00e3o; <\/li> <li>Escolha a cor dos bot\u00f5es e do link. <\/li> <\/ul><p><a href=\"#demo\">Nossa demonstra\u00e7\u00e3o revelar\u00e1 mais recursos para voc\u00ea<\/a><\/p> <\/div> <div class=\"application-platform-content-item-installation application-platform-content-item\" id=\"installation\" data-nav-section=\"installation\"> <h2>Veja como adicionar o consentimento de cookies ao seu site do Blogger<\/h2><div class=\"viseo-container\"><iframe width=\"720\" height=\"405\" src=\"https:\/\/www.youtube.com\/embed\/ltXYPZLkBJY\" frameborder=\"0\" allowfullscreen=\"\"><\/iframe><\/div><p>As a\u00e7\u00f5es abaixo s\u00e3o a \u00fanica coisa que voc\u00ea precisa integrar. <\/p> <ol><li><b>Crie seu widget de cookie pessoal<\/b><br> Por meio de nossa demonstra\u00e7\u00e3o gratuita, crie um plugin com um layout preferido e caracter\u00edsticas funcionais.<\/li><li> <b>Receba o c\u00f3digo individual para integrar o plugin<\/b><br> Depois de configurar o seu widget, voc\u00ea obter\u00e1 o c\u00f3digo de instala\u00e7\u00e3o na notifica\u00e7\u00e3o exibida nos aplicativos da Elfsight. Copie este c\u00f3digo.<\/li> <li><b>Publique o plugin no seu site do Blogger<\/b><br> Escolha a \u00e1rea onde deseja revelar o plugin e adicione o c\u00f3digo salvo l\u00e1. Salve as edi\u00e7\u00f5es.<\/li> <li><b>Parab\u00e9ns! Voc\u00ea acabou de adicionar o widget!<\/b><br> Entre no seu site para dar uma olhada no seu plugin.<\/li> <\/ol><p>Ainda n\u00e3o consegue tomar uma decis\u00e3o? Ou tem d\u00favidas? Apenas uma \u00fanica solicita\u00e7\u00e3o \u00e0 nossa equipe de suporte resolver\u00e1 qualquer d\u00favida. <\/p> <\/div>","protected":false},"excerpt":{"rendered":"","protected":false},"author":9,"featured_media":0,"parent":618,"menu_order":0,"comment_status":"closed","ping_status":"closed","template":"templates\/template-application-platform.php","meta":{"publish_to_discourse":"","publish_post_category":"","wpdc_auto_publish_overridden":"","wpdc_topic_tags":"","wpdc_pin_topic":"","wpdc_pin_until":"","discourse_post_id":"","discourse_permalink":"","wpdc_publishing_response":"","wpdc_publishing_error":"","footnotes":""},"class_list":["post-3612","page","type-page","status-publish","hentry"],"yoast_head":"<!-- This site is optimized with the Yoast SEO plugin v25.3.1 - https:\/\/yoast.com\/wordpress\/plugins\/seo\/ -->\n<title>Adicionar widget de consentimento de cookies ao site do Blogger (2025)<\/title>\n<meta name=\"description\" content=\"Com a Elfsight, produza o seu consentimento de cookies e adicione-o ao seu site do Blogger de forma r\u00e1pida e f\u00e1cil. Oferecemos atendimento gratuito ao cliente e mais b\u00f4nus.\" \/>\n<meta name=\"robots\" content=\"index, follow, max-snippet:-1, max-image-preview:large, max-video-preview:-1\" \/>\n<link rel=\"canonical\" href=\"https:\/\/elfsight.com\/pt\/cookie-consent-widget\/blogger\/\" \/>\n<meta property=\"og:locale\" content=\"pt_PT\" \/>\n<meta property=\"og:type\" content=\"article\" \/>\n<meta property=\"og:title\" content=\"Adicionar widget de consentimento de cookies ao site do Blogger (2025)\" \/>\n<meta property=\"og:description\" content=\"Com a Elfsight, produza o seu consentimento de cookies e adicione-o ao seu site do Blogger de forma r\u00e1pida e f\u00e1cil. Oferecemos atendimento gratuito ao cliente e mais b\u00f4nus.\" \/>\n<meta property=\"og:url\" content=\"https:\/\/elfsight.com\/pt\/cookie-consent-widget\/blogger\/\" \/>\n<meta property=\"og:site_name\" content=\"Elfsight PT\" \/>\n<meta property=\"article:modified_time\" content=\"2024-11-13T12:03:46+00:00\" \/>\n<meta name=\"twitter:card\" content=\"summary_large_image\" \/>\n<meta name=\"twitter:label1\" content=\"Tempo estimado de leitura\" \/>\n\t<meta name=\"twitter:data1\" content=\"2 minutos\" \/>\n<!-- \/ Yoast SEO plugin. -->","yoast_head_json":{"title":"Adicionar widget de consentimento de cookies ao site do Blogger (2025)","description":"Com a Elfsight, produza o seu consentimento de cookies e adicione-o ao seu site do Blogger de forma r\u00e1pida e f\u00e1cil. Oferecemos atendimento gratuito ao cliente e mais b\u00f4nus.","robots":{"index":"index","follow":"follow","max-snippet":"max-snippet:-1","max-image-preview":"max-image-preview:large","max-video-preview":"max-video-preview:-1"},"canonical":"https:\/\/elfsight.com\/pt\/cookie-consent-widget\/blogger\/","og_locale":"pt_PT","og_type":"article","og_title":"Adicionar widget de consentimento de cookies ao site do Blogger (2025)","og_description":"Com a Elfsight, produza o seu consentimento de cookies e adicione-o ao seu site do Blogger de forma r\u00e1pida e f\u00e1cil. Oferecemos atendimento gratuito ao cliente e mais b\u00f4nus.","og_url":"https:\/\/elfsight.com\/pt\/cookie-consent-widget\/blogger\/","og_site_name":"Elfsight PT","article_modified_time":"2024-11-13T12:03:46+00:00","twitter_card":"summary_large_image","twitter_misc":{"Tempo estimado de leitura":"2 minutos"},"schema":{"@context":"https:\/\/schema.org","@graph":[{"@type":"WebPage","@id":"https:\/\/elfsight.com\/pt\/cookie-consent-widget\/blogger\/","url":"https:\/\/elfsight.com\/pt\/cookie-consent-widget\/blogger\/","name":"Adicionar widget de consentimento de cookies ao site do Blogger (2025)","isPartOf":{"@id":"https:\/\/elfsight.com\/pt\/#website"},"datePublished":"2024-05-03T06:33:28+00:00","dateModified":"2024-11-13T12:03:46+00:00","description":"Com a Elfsight, produza o seu consentimento de cookies e adicione-o ao seu site do Blogger de forma r\u00e1pida e f\u00e1cil. Oferecemos atendimento gratuito ao cliente e mais b\u00f4nus.","breadcrumb":{"@id":"https:\/\/elfsight.com\/pt\/cookie-consent-widget\/blogger\/#breadcrumb"},"inLanguage":"pt-PT","potentialAction":[{"@type":"ReadAction","target":["https:\/\/elfsight.com\/pt\/cookie-consent-widget\/blogger\/"]}]},{"@type":"BreadcrumbList","@id":"https:\/\/elfsight.com\/pt\/cookie-consent-widget\/blogger\/#breadcrumb","itemListElement":[{"@type":"ListItem","position":1,"name":"Home","item":"https:\/\/elfsight.com\/pt\/"},{"@type":"ListItem","position":2,"name":"Cookie Consent","item":"https:\/\/elfsight.com\/pt\/cookie-consent-widget\/"},{"@type":"ListItem","position":3,"name":"Cookie Consent &#8211; Blogger"}]},{"@type":"WebSite","@id":"https:\/\/elfsight.com\/pt\/#website","url":"https:\/\/elfsight.com\/pt\/","name":"Elfsight PT","description":"Just another Elfsight Sites site","potentialAction":[{"@type":"SearchAction","target":{"@type":"EntryPoint","urlTemplate":"https:\/\/elfsight.com\/pt\/?s={search_term_string}"},"query-input":{"@type":"PropertyValueSpecification","valueRequired":true,"valueName":"search_term_string"}}],"inLanguage":"pt-PT"}]}},"meta_box":{"industry":"","seo_heading":"","heading":"","description":"","cta_heading":"","cta_description":"","application":"617","h1":"Widget de consentimento de cookies do Blogger","h1_caption":"Incorpore um an\u00fancio instant\u00e2neo de uso de cookies com bot\u00e3o de consentimento para os usu\u00e1rios","application_category":[],"applications_title":"","applications_request_title":"","applications_request_button_text":"","hero_text":"","hero_video":"","hero_video_schema_markup":"","selling_points_title":"","selling_points_caption":"","selling_points":[],"selling_points_cta_text":"","features_title":"","features":"","ed_cta_examples_text":"","ed_cta_examples_hidden":"","ed_cta_demo_text":"","ed_cta_demo_hidden":"","why_caption":"","why_editor_title":"","why_editor_text":"","why_team_title":"","why_team_text":"","why_service_title":"","why_service_text":"","template_catalog_visible":"","template_catalog_title":"","template_catalog_text":"","template_catalog_categories_visible":"","demo_title":"Crie seu widget de consentimento de cookies","demo_caption":"Configure seu consentimento de cookies e adicione-o ao site do Blogger gratuitamente!","default_faq_hidden":"","app_template_category":[],"platform":"46","template_public_id":"","codecanyon_url":"","codecanyon_item_id":"","codecanyon_price":"","pricing_caption":"","pricing_elfsight_apps_hide_column":"","pricing_elfsight_apps_url":"","pricing_codecanyon_price_caption":"","integration_category":[],"integration_request_title":"","integration_request_cta":"","integration_platform":"","integrations":[],"platform_category":[],"video_schema_markup":"","price":"a partir de US$ 0\/m\u00eas","trial":"","benefits":[{"text":"Assist\u00eancia de instala\u00e7\u00e3o gratuita"},{"text":"Atendimento ao cliente competente"},{"text":"Garantia de devolu\u00e7\u00e3o do dinheiro em 14 dias"},{"text":"Atualiza\u00e7\u00f5es gratuitas cont\u00ednuas"}],"button_url":"#demo","button_target_blank":"0","button_nofollow":"0","attributes":[{"name":"Instala\u00e7\u00f5es","content":"100,000 - 500,000","_state":"expanded"},{"name":"Responsivo","content":"Sim","_state":"expanded"},{"name":"Navegadores compat\u00edveis","content":"Firefox, Safari, Opera, Chrome, Edge"}],"tags":[],"tags_disable_links":"0","hide_more_platforms":"","video_object":"","demo_hide_cta":"0","demo_hide_cloud_options":"0","pricing_title":"","pricing":[{"pricing_icon":"platform","pricing_title":"Elfsight Apps","pricing_title_caption":"Solu\u00e7\u00e3o multiplataforma","pricing_price":"a partir de US$ 0\/m\u00eas","pricing_price_caption":"comece com um plano gratuito","pricing_benefits":[{"text":"Dom\u00ednios ilimitados"},{"text":"Suporte dedicado, pontual e bem documentado"},{"text":"Suporte dedicado, pontual e bem documentado"},{"text":"100% personaliz\u00e1vel"}],"pricing_button_text":"Adicionar ao site","pricing_button_url":"#demo","_state":"expanded"}],"related_apps_title":"","related_apps_hidden":"1","author":"","image":[],"title":"","job":"","social_networks":[]},"_links":{"self":[{"href":"https:\/\/elfsight.com\/pt\/wp-json\/wp\/v2\/pages\/3612","targetHints":{"allow":["GET"]}}],"collection":[{"href":"https:\/\/elfsight.com\/pt\/wp-json\/wp\/v2\/pages"}],"about":[{"href":"https:\/\/elfsight.com\/pt\/wp-json\/wp\/v2\/types\/page"}],"author":[{"embeddable":true,"href":"https:\/\/elfsight.com\/pt\/wp-json\/wp\/v2\/users\/9"}],"replies":[{"embeddable":true,"href":"https:\/\/elfsight.com\/pt\/wp-json\/wp\/v2\/comments?post=3612"}],"version-history":[{"count":2,"href":"https:\/\/elfsight.com\/pt\/wp-json\/wp\/v2\/pages\/3612\/revisions"}],"predecessor-version":[{"id":11720,"href":"https:\/\/elfsight.com\/pt\/wp-json\/wp\/v2\/pages\/3612\/revisions\/11720"}],"up":[{"embeddable":true,"href":"https:\/\/elfsight.com\/pt\/wp-json\/wp\/v2\/pages\/618"}],"wp:attachment":[{"href":"https:\/\/elfsight.com\/pt\/wp-json\/wp\/v2\/media?parent=3612"}],"curies":[{"name":"wp","href":"https:\/\/api.w.org\/{rel}","templated":true}]}}