{"id":3608,"date":"2024-05-03T06:33:01","date_gmt":"2024-05-03T06:33:01","guid":{"rendered":"https:\/\/elfsight.com\/pt\/?page_id=3608"},"modified":"2024-11-13T12:16:40","modified_gmt":"2024-11-13T12:16:40","slug":"bigcommerce","status":"publish","type":"page","link":"https:\/\/elfsight.com\/pt\/contact-form-widget\/bigcommerce\/","title":{"rendered":"Contact Form &#8211; BigCommerce"},"content":{"rendered":"<div class=\"application-platform-content-item-description application-platform-content-item\" id=\"description\" data-nav-section=\"description\"><h2>Formul\u00e1rio de contato para BigCommerce<\/h2><p>Nosso aplicativo de formul\u00e1rio de contato BigCommerce foi projetado para atender a todos os seus principais requisitos para receber feedback e consultas de usu\u00e1rios do seu site. Voc\u00ea pode exibir os elementos necess\u00e1rios para o preenchimento do formul\u00e1rio, escolher o modelo desejado e personalizar o design para incentivar ainda mais seus usu\u00e1rios a escreverem suas impress\u00f5es sobre seus servi\u00e7os ou neg\u00f3cios.<\/p><p><b>Receba feedback, atenda solicita\u00e7\u00f5es e responda \u00e0s d\u00favidas dos clientes do seu site!<\/b><\/p><ul><li><b>Aumente o n\u00famero de prov\u00e1veis \u200b\u200bcompradores<\/b>.<br>Garanta contato cont\u00ednuo com futuros clientes 24 horas por dia. 7 por meio de um formul\u00e1rio f\u00e1cil em seu site e tenha mais usu\u00e1rios que desejam fazer pedidos.<\/li><li><b>Colete mais impress\u00f5es sobre produtos ou servi\u00e7os<\/b>.<br>O feedback de seus clientes \u00e9 muito importante para a melhoria do neg\u00f3cio. Gra\u00e7as ao nosso formul\u00e1rio de contato dispon\u00edvel, voc\u00ea poder\u00e1 obter mais feedback do seu site!<\/li><li><b>Desenvolva a comunica\u00e7\u00e3o com o cliente<\/b>.<br>Usando modelos convenientes, interface adapt\u00e1vel e individual Com mensagens de agradecimento, voc\u00ea mostra aos seus clientes o valor que eles t\u00eam para sua empresa.<\/li><\/ul><\/div><div class=\"application-platform-content-item-features application-platform-content-item\" id=\"features\" data-nav-section=\"features\"><h2>Recursos do plugin de formul\u00e1rio de contato<\/h2><p>Por que o formul\u00e1rio de contato da Elfsight \u00e9 o melhor aplicativo para obter as rea\u00e7\u00f5es dos clientes e receber perguntas em um site do BigCommerce? Confira nossas principais caracter\u00edsticas:<\/p><ul><li>Definir seus pr\u00f3prios r\u00f3tulos de campo;<\/li><li>Definir qualquer largura de formul\u00e1rio;<\/li><li>Layout inline com ajuste autom\u00e1tico de campos \u00e0 largura do o formul\u00e1rio;<\/li><li>O Google reCAPTCHA est\u00e1 aqui para proteger seu formul\u00e1rio contra spam e bots;<\/li><li>Design perfeito que se adapta a 99% dos sites prontos para uso.<\/li><\/ul> <p><a href=\"#demo\">Experimente a lista completa de vantagens em nosso editor<\/a><\/p><\/div><div class=\"application-platform-content-item-installation application-platform-content-item\" id=\"installation\" data-nav-section=\"installation\"><h2>Como adicionar o aplicativo Formul\u00e1rio de Contato ao Site do BigCommerce<\/h2><div class=\"video-container\"><iframe width=\"720\" height=\"405\" src=\"https:\/\/www.youtube.com\/embed\/-YlnfP49OpU\" frameborder=\"0\" allowfullscreen=\"\"><\/iframe><\/div><p>Basta seguir as orienta\u00e7\u00f5es abaixo para come\u00e7ar a usar o widget no BigCommerce.<\/p> <ol><li><b>Inicie nosso configurador gratuito e comece a moldar seu aplicativo exclusivo. <\/b><br> Determine o formul\u00e1rio preferido e os par\u00e2metros do widget Formul\u00e1rio de contato e salve as edi\u00e7\u00f5es. <\/li> <li><b>Copie o seu c\u00f3digo pessoal que aparece na janela das aplica\u00e7\u00f5es Elfsight. <\/b><br> Quando a personaliza\u00e7\u00e3o do seu aplicativo pessoal estiver conclu\u00edda, copie o c\u00f3digo exclusivo na janela exibida e salve-o para futuras ocasi\u00f5es. <\/li> <li><b>Iniciar a utiliza\u00e7\u00e3o do widget no site BigCommerce. <\/b><br> Insira o c\u00f3digo copiado recentemente em sua p\u00e1gina e salve os ajustes. <\/li> <li><b>A instala\u00e7\u00e3o foi realizada com sucesso. <\/b><br> Acesse sua p\u00e1gina para ver em a\u00e7\u00e3o o funcionamento do plugin do aplicativo. <\/li><\/ol><p>Voc\u00ea teve algum problema ao aplicar as instru\u00e7\u00f5es ou instalar seu formul\u00e1rio? \u00c9 altamente recomend\u00e1vel estudar um manual detalhado \u00ab<a href=\"https:\/\/elfsight.com\/tutorials\/how-to-add-contact-form-app-to-bigcommerce\/\" target=\"_blank\" rel=\"noopener noreferrer\">Como adicionar um formul\u00e1rio de contato a um site do BigCommerce<\/a>\u00bb e aproveite uma segunda chance para incorpor\u00e1-lo voc\u00ea mesmo ou entre em contato com o centro de suporte da Elfsight com uma descri\u00e7\u00e3o completa do seu problema, e nossa equipe ter\u00e1 prazer em aconselhar.<\/p><div class=\"faq\" data-component=\"FAQ\"> <div class=\"faq-item\">\r\n\t\t\t\t\t<div class=\"faq-item-question\">\r\n\t\t\t\t\t\t<h3 class=\"faq-item-question-text\">Como posso adicionar um formul\u00e1rio de contato ao meu site BigCommerce sem habilidades de codifica\u00e7\u00e3o?<\/h3>\r\n\r\n\t\t\t\t\t\t<div class=\"faq-item-question-icon\"><\/div>\r\n\t\t\t\t\t<\/div>\r\n\r\n\t\t\t\t\t<div class=\"faq-item-answer\">\r\n\t\t\t\t\t\t<div class=\"faq-item-answer-text\"> <p>A Elfsight fornece uma solu\u00e7\u00e3o SaaS que permite que voc\u00ea mesmo crie um widget de formul\u00e1rio de contato, veja como o processo \u00e9 f\u00e1cil : trabalhe diretamente no editor online para criar um widget de formul\u00e1rio de contato que voc\u00ea gostaria de ver em seu site BigCommerce. Escolha um dos modelos predefinidos e ajuste as configura\u00e7\u00f5es do Formul\u00e1rio de Contato, adicione seu conte\u00fado, altere o layout e o esquema de cores sem habilidades de codifica\u00e7\u00e3o. Salve o Formul\u00e1rio de Contato e copie seu c\u00f3digo de instala\u00e7\u00e3o, para que voc\u00ea possa adicion\u00e1-lo facilmente ao seu site BigCommerce, sem a necessidade de adquirir um plano pago. Com nosso editor intuitivo, qualquer usu\u00e1rio da Internet pode criar um widget de formul\u00e1rio de contato online e incorpor\u00e1-lo facilmente ao seu site BigCommerce. N\u00e3o h\u00e1 necessidade de pagar ou inserir as credenciais do seu cart\u00e3o para acessar o servi\u00e7o. Se voc\u00ea enfrentar qualquer problema em qualquer etapa, sinta-se \u00e0 vontade para entrar em contato com nossa equipe de suporte t\u00e9cnico.<\/p> <\/div>\r\n\t\t\t\t\t<\/div>\r\n\t\t\t\t<\/div> <div class=\"faq-item\">\r\n\t\t\t\t\t<div class=\"faq-item-question\">\r\n\t\t\t\t\t\t<h3 class=\"faq-item-question-text\">Existe algum modelo de formul\u00e1rio de contato para o site BigCommerce?<\/h3>\r\n\r\n\t\t\t\t\t\t<div class=\"faq-item-question-icon\"><\/div>\r\n\t\t\t\t\t<\/div>\r\n\r\n\t\t\t\t\t<div class=\"faq-item-answer\">\r\n\t\t\t\t\t\t<div class=\"faq-item-answer-text\"><p>Sim, h\u00e1! A equipe da Elfsight criou uma grande cole\u00e7\u00e3o de mais de 300 modelos prontos para uso. E voc\u00ea n\u00e3o ficar\u00e1 desapontado com os <a href=\"https:\/\/elfsight.com\/online-form-builder\/templates\/contact-forms\/\">modelos de formul\u00e1rio de contato<\/a>, com certeza.<\/p> <\/div>\r\n\t\t\t\t\t<\/div>\r\n\t\t\t\t<\/div><\/div> <\/div>","protected":false},"excerpt":{"rendered":"","protected":false},"author":9,"featured_media":0,"parent":715,"menu_order":0,"comment_status":"closed","ping_status":"closed","template":"templates\/template-application-platform.php","meta":{"publish_to_discourse":"","publish_post_category":"","wpdc_auto_publish_overridden":"","wpdc_topic_tags":"","wpdc_pin_topic":"","wpdc_pin_until":"","discourse_post_id":"","discourse_permalink":"","wpdc_publishing_response":"","wpdc_publishing_error":"","footnotes":""},"class_list":["post-3608","page","type-page","status-publish","hentry"],"yoast_head":"<!-- This site is optimized with the Yoast SEO plugin v25.3.1 - https:\/\/yoast.com\/wordpress\/plugins\/seo\/ -->\n<title>Crie e adicione formul\u00e1rio de contato no BigCommerce gratuitamente!<\/title>\n<meta name=\"description\" content=\"Crie seu aplicativo de formul\u00e1rio de contato pessoal para BigCommerce e exiba-o em seu site em apenas 1 minuto. Demonstra\u00e7\u00e3o gratuita, ajuda com configura\u00e7\u00e3o e mais extras da Elfsight!\" \/>\n<meta name=\"robots\" content=\"index, follow, max-snippet:-1, max-image-preview:large, max-video-preview:-1\" \/>\n<link rel=\"canonical\" href=\"https:\/\/elfsight.com\/pt\/contact-form-widget\/bigcommerce\/\" \/>\n<meta property=\"og:locale\" content=\"pt_PT\" \/>\n<meta property=\"og:type\" content=\"article\" \/>\n<meta property=\"og:title\" content=\"Crie e adicione formul\u00e1rio de contato no BigCommerce gratuitamente!\" \/>\n<meta property=\"og:description\" content=\"Crie seu aplicativo de formul\u00e1rio de contato pessoal para BigCommerce e exiba-o em seu site em apenas 1 minuto. Demonstra\u00e7\u00e3o gratuita, ajuda com configura\u00e7\u00e3o e mais extras da Elfsight!\" \/>\n<meta property=\"og:url\" content=\"https:\/\/elfsight.com\/pt\/contact-form-widget\/bigcommerce\/\" \/>\n<meta property=\"og:site_name\" content=\"Elfsight PT\" \/>\n<meta property=\"article:modified_time\" content=\"2024-11-13T12:16:40+00:00\" \/>\n<meta name=\"twitter:card\" content=\"summary_large_image\" \/>\n<meta name=\"twitter:label1\" content=\"Tempo estimado de leitura\" \/>\n\t<meta name=\"twitter:data1\" content=\"2 minutos\" \/>\n<!-- \/ Yoast SEO plugin. -->","yoast_head_json":{"title":"Crie e adicione formul\u00e1rio de contato no BigCommerce gratuitamente!","description":"Crie seu aplicativo de formul\u00e1rio de contato pessoal para BigCommerce e exiba-o em seu site em apenas 1 minuto. Demonstra\u00e7\u00e3o gratuita, ajuda com configura\u00e7\u00e3o e mais extras da Elfsight!","robots":{"index":"index","follow":"follow","max-snippet":"max-snippet:-1","max-image-preview":"max-image-preview:large","max-video-preview":"max-video-preview:-1"},"canonical":"https:\/\/elfsight.com\/pt\/contact-form-widget\/bigcommerce\/","og_locale":"pt_PT","og_type":"article","og_title":"Crie e adicione formul\u00e1rio de contato no BigCommerce gratuitamente!","og_description":"Crie seu aplicativo de formul\u00e1rio de contato pessoal para BigCommerce e exiba-o em seu site em apenas 1 minuto. Demonstra\u00e7\u00e3o gratuita, ajuda com configura\u00e7\u00e3o e mais extras da Elfsight!","og_url":"https:\/\/elfsight.com\/pt\/contact-form-widget\/bigcommerce\/","og_site_name":"Elfsight PT","article_modified_time":"2024-11-13T12:16:40+00:00","twitter_card":"summary_large_image","twitter_misc":{"Tempo estimado de leitura":"2 minutos"},"schema":{"@context":"https:\/\/schema.org","@graph":[{"@type":"WebPage","@id":"https:\/\/elfsight.com\/pt\/contact-form-widget\/bigcommerce\/","url":"https:\/\/elfsight.com\/pt\/contact-form-widget\/bigcommerce\/","name":"Crie e adicione formul\u00e1rio de contato no BigCommerce gratuitamente!","isPartOf":{"@id":"https:\/\/elfsight.com\/pt\/#website"},"datePublished":"2024-05-03T06:33:01+00:00","dateModified":"2024-11-13T12:16:40+00:00","description":"Crie seu aplicativo de formul\u00e1rio de contato pessoal para BigCommerce e exiba-o em seu site em apenas 1 minuto. Demonstra\u00e7\u00e3o gratuita, ajuda com configura\u00e7\u00e3o e mais extras da Elfsight!","breadcrumb":{"@id":"https:\/\/elfsight.com\/pt\/contact-form-widget\/bigcommerce\/#breadcrumb"},"inLanguage":"pt-PT","potentialAction":[{"@type":"ReadAction","target":["https:\/\/elfsight.com\/pt\/contact-form-widget\/bigcommerce\/"]}]},{"@type":"BreadcrumbList","@id":"https:\/\/elfsight.com\/pt\/contact-form-widget\/bigcommerce\/#breadcrumb","itemListElement":[{"@type":"ListItem","position":1,"name":"Home","item":"https:\/\/elfsight.com\/pt\/"},{"@type":"ListItem","position":2,"name":"Contact Form","item":"https:\/\/elfsight.com\/pt\/contact-form-widget\/"},{"@type":"ListItem","position":3,"name":"Contact Form &#8211; BigCommerce"}]},{"@type":"WebSite","@id":"https:\/\/elfsight.com\/pt\/#website","url":"https:\/\/elfsight.com\/pt\/","name":"Elfsight PT","description":"Just another Elfsight Sites site","potentialAction":[{"@type":"SearchAction","target":{"@type":"EntryPoint","urlTemplate":"https:\/\/elfsight.com\/pt\/?s={search_term_string}"},"query-input":{"@type":"PropertyValueSpecification","valueRequired":true,"valueName":"search_term_string"}}],"inLanguage":"pt-PT"}]}},"meta_box":{"industry":"","seo_heading":"","heading":"","description":"","cta_heading":"","cta_description":"","application":"714","h1":"Aplicativo de formul\u00e1rio de contato para BigCommerce","h1_caption":"Obtenha impress\u00f5es de todos os usu\u00e1rios do site e atualize seu neg\u00f3cio","application_category":[],"applications_title":"","applications_request_title":"","applications_request_button_text":"","hero_text":"","hero_video":"","hero_video_schema_markup":"","selling_points_title":"","selling_points_caption":"","selling_points":[],"selling_points_cta_text":"","features_title":"","features":"","ed_cta_examples_text":"","ed_cta_examples_hidden":"","ed_cta_demo_text":"","ed_cta_demo_hidden":"","why_caption":"","why_editor_title":"","why_editor_text":"","why_team_title":"","why_team_text":"","why_service_title":"","why_service_text":"","template_catalog_visible":"","template_catalog_title":"","template_catalog_text":"","template_catalog_categories_visible":"","demo_title":"Crie seu aplicativo de formul\u00e1rio de contato","demo_caption":"Configure seu Formul\u00e1rio de Contato e adicione-o ao seu site BigCommerce gratuitamente!","default_faq_hidden":"","app_template_category":[],"platform":"43","template_public_id":"","codecanyon_url":"","codecanyon_item_id":"","codecanyon_price":"","pricing_caption":"","pricing_elfsight_apps_hide_column":"","pricing_elfsight_apps_url":"","pricing_codecanyon_price_caption":"","integration_category":[],"integration_request_title":"","integration_request_cta":"","integration_platform":"","integrations":[],"platform_category":[],"video_schema_markup":"","price":"a partir de US$ 0\/m\u00eas","trial":"","benefits":[{"text":"Servi\u00e7o de instala\u00e7\u00e3o gratuito"},{"text":"Atendimento ao cliente eficaz"},{"text":"Garantia de reembolso de 14 dias"},{"text":"Melhorias cont\u00ednuas"}],"button_url":"#demo","button_target_blank":"0","button_nofollow":"0","attributes":[{"name":"Instala\u00e7\u00f5es","content":"100,000 - 500,000","_state":"expanded"},{"name":"Responsivo","content":"Sim","_state":"expanded"},{"name":"Navegadores compat\u00edveis","content":"Firefox, Safari, Opera, Chrome, Edge"}],"tags":[],"tags_disable_links":"0","hide_more_platforms":"","video_object":"","demo_hide_cta":"0","demo_hide_cloud_options":"0","pricing_title":"","pricing":[{"pricing_icon":"cloud","pricing_title":"Elfsight Apps","pricing_title_caption":"Vers\u00e3o independente de plataforma","pricing_price":"a partir de US$ 0\/m\u00eas","pricing_price_caption":"comece com um plano gratuito","pricing_benefits":[{"text":"Sites ilimitados"},{"text":"Suporte premium e bem documentado"},{"text":"Suporte premium e bem documentado"},{"text":"Totalmente personaliz\u00e1vel"}],"pricing_button_text":"Adicionar ao site","pricing_button_url":"#demo","_state":"expanded"}],"related_apps_title":"","related_apps_hidden":"1","author":"","image":[],"title":"","job":"","social_networks":[]},"_links":{"self":[{"href":"https:\/\/elfsight.com\/pt\/wp-json\/wp\/v2\/pages\/3608","targetHints":{"allow":["GET"]}}],"collection":[{"href":"https:\/\/elfsight.com\/pt\/wp-json\/wp\/v2\/pages"}],"about":[{"href":"https:\/\/elfsight.com\/pt\/wp-json\/wp\/v2\/types\/page"}],"author":[{"embeddable":true,"href":"https:\/\/elfsight.com\/pt\/wp-json\/wp\/v2\/users\/9"}],"replies":[{"embeddable":true,"href":"https:\/\/elfsight.com\/pt\/wp-json\/wp\/v2\/comments?post=3608"}],"version-history":[{"count":2,"href":"https:\/\/elfsight.com\/pt\/wp-json\/wp\/v2\/pages\/3608\/revisions"}],"predecessor-version":[{"id":11695,"href":"https:\/\/elfsight.com\/pt\/wp-json\/wp\/v2\/pages\/3608\/revisions\/11695"}],"up":[{"embeddable":true,"href":"https:\/\/elfsight.com\/pt\/wp-json\/wp\/v2\/pages\/715"}],"wp:attachment":[{"href":"https:\/\/elfsight.com\/pt\/wp-json\/wp\/v2\/media?parent=3608"}],"curies":[{"name":"wp","href":"https:\/\/api.w.org\/{rel}","templated":true}]}}