{"id":3595,"date":"2024-05-03T06:26:43","date_gmt":"2024-05-03T06:26:43","guid":{"rendered":"https:\/\/elfsight.com\/pt\/?page_id=3595"},"modified":"2025-02-11T13:26:55","modified_gmt":"2025-02-11T13:26:55","slug":"wordpress","status":"publish","type":"page","link":"https:\/\/elfsight.com\/pt\/all-in-one-chat-widget\/wordpress\/","title":{"rendered":"All-in-One Chat &#8211; WordPress"},"content":{"rendered":"\n<div class=\"application-platform-content-item-description application-platform-content-item\" id=\"description\" data-nav-section=\"description\"> <h2>Incorpore o bate-papo tudo-em-um no WordPress com o widget Elfsight<\/h2> <p>O melhor bate-papo ao vivo tudo-em-um de Elfsight \u00e9 uma das possibilidades mais \u00fateis para os usu\u00e1rios entrarem em contato com voc\u00ea e obterem suporte seu. Voc\u00ea poder\u00e1 ficar dispon\u00edvel ao vivo em todos os mensageiros favoritos. Incorpore o plug-in em seu site e configure-o para aparecer em p\u00e1ginas espec\u00edficas ou para grupos separados de visitantes, escolha gatilhos para iniciar bate-papo, defina seu texto de boas-vindas, escolha \u00edcones e outros recursos. Usando o plugin instalado e funcionando, voc\u00ea entrar\u00e1 em contato com os visitantes a qualquer hora e de qualquer lugar. <\/p> <p><b>Todos os mensageiros mais proeminentes como Telegram, Facebook, Viber, WhatsApp e muito mais em um para a intera\u00e7\u00e3o m\u00e1xima suficiente e pr\u00e1tica com seu p\u00fablico!<\/b><\/p> <p><b> b&gt;Centralize as solicita\u00e7\u00f5es dos seus clientes<\/b><br>Ao combinar todos os canais de mensagens conhecidos no plug-in da caixa de bate-papo, voc\u00ea poder\u00e1 lidar com in\u00fameras tarefas em um s\u00f3 lugar, aumentando a satisfa\u00e7\u00e3o do cliente.<\/p><p><b>Ferramenta profundamente personaliz\u00e1vel<\/b><br>Discord, Line, Viber, Telegram, WhatsApp, Facebook Messenger, &#8211; voc\u00ea pode us\u00e1-los todos juntos ou escolher aqueles que atendem \u00e0s suas necessidades, adaptando suas cores , tamanho e muito mais.<\/p><p><b>Mantenha uma conversa em tempo real<\/b><br>Ao incorporar o widget de chat ao vivo nas p\u00e1ginas do seu site, voc\u00ea conhecer\u00e1 melhor o seu p\u00fablico, fornecendo-lhes informa\u00e7\u00f5es o servi\u00e7o de alta qualidade e oferecendo servi\u00e7os mais direcionados.<\/p><\/div> <div class=\"application-platform-content-item-features application-platform-content-item\" id=\"features\" data-nav-section=\"features\"> <h2>Estes s\u00e3o apenas alguns dos recursos avan\u00e7ados do widget: <\/h2> <ul><li>Integrar Plugin de mensagens All-in-One Live Chat em sua p\u00e1gina para conversar com os visitantes. <\/li><li>3 tipos de posi\u00e7\u00e3o de bate-papo: bal\u00e3o flutuante, bal\u00e3o incorporado e janela de bate-papo incorporada. <\/li><li>Uma cole\u00e7\u00e3o de \u00edcones de bolha para voc\u00ea escolher. <\/li><li>T\u00edtulo de bate-papo flex\u00edvel com logotipo, nome e subt\u00edtulo da p\u00e1gina.<\/li><li>Escolher a imagem da p\u00e1gina por padr\u00e3o, da nossa biblioteca ou enviar sua pr\u00f3pria imagem. <\/li><\/ul><p><a href=\"#demo\">Basta experimentar esta demonstra\u00e7\u00e3o para ver como funciona<\/a><\/p><div class=\"faq\" data-component=\"FAQ\"><div class=\"faq-item\">\r\n\t\t\t\t\t<div class=\"faq-item-question\">\r\n\t\t\t\t\t\t<h3 class=\"faq-item-question-text\">Como adicionar o Caixa de bate-papo multifuncional para uma p\u00e1gina do WordPress?<\/h3>\r\n\r\n\t\t\t\t\t\t<div class=\"faq-item-question-icon\"><\/div>\r\n\t\t\t\t\t<\/div>\r\n\r\n\t\t\t\t\t<div class=\"faq-item-answer\">\r\n\t\t\t\t\t\t<div class=\"faq-item-answer-text\"><p>A instala\u00e7\u00e3o leva cerca de alguns segundos. Al\u00e9m disso, voc\u00ea n\u00e3o precisa ter conhecimento em programa\u00e7\u00e3o web. <\/p><ol><li>Modifique o widget para WordPress no configurador gratuito e veja as modifica\u00e7\u00f5es ao vivo. <\/li> <li>Obtenha seu c\u00f3digo de instala\u00e7\u00e3o pessoal. <\/li> <li>Insira o c\u00f3digo no local necess\u00e1rio no backend do site. <\/li> <li>Trabalho fant\u00e1stico! A configura\u00e7\u00e3o do plugin de chat no WordPress est\u00e1 conclu\u00edda! <\/li><\/ol><p>Enfrentando algum problema ao colocar o plugin no WordPress ou configurar o bate-papo do All-in-One? Voc\u00ea pode descobrir o guia detalhado <a href=\"https:\/\/elfsight.com\/tutorials\/how-to-add-live-chat-to-website\/#how-to-add-live-chat-to-wordpress\">nesta p\u00e1gina<\/a>. <\/p><\/div>\r\n\t\t\t\t\t<\/div>\r\n\t\t\t\t<\/div><div class=\"faq-item\">\r\n\t\t\t\t\t<div class=\"faq-item-question\">\r\n\t\t\t\t\t\t<h3 class=\"faq-item-question-text\">Posso ver como o widget ficar\u00e1 no meu site?<\/h3>\r\n\r\n\t\t\t\t\t\t<div class=\"faq-item-question-icon\"><\/div>\r\n\t\t\t\t\t<\/div>\r\n\r\n\t\t\t\t\t<div class=\"faq-item-answer\">\r\n\t\t\t\t\t\t<div class=\"faq-item-answer-text\"><p>Certamente! Ao produzir o plug-in de bate-papo do WordPress no <a href=\"https:\/\/elfsight.com\/all-in-one-chat-widget\/#demo\">editor on-line<\/a>, voc\u00ea considerar\u00e1 todas as altera\u00e7\u00f5es em o certo. Sua caixa de bate-papo ser\u00e1 id\u00eantica \u00e0 que voc\u00ea ter\u00e1 em seu site WordPress. <\/p><\/div>\r\n\t\t\t\t\t<\/div>\r\n\t\t\t\t<\/div><div class=\"faq-item\">\r\n\t\t\t\t\t<div class=\"faq-item-question\">\r\n\t\t\t\t\t\t<h3 class=\"faq-item-question-text\">Quais outros widgets s\u00e3o essenciais para um site WordPress?<\/h3>\r\n\r\n\t\t\t\t\t\t<div class=\"faq-item-question-icon\"><\/div>\r\n\t\t\t\t\t<\/div>\r\n\r\n\t\t\t\t\t<div class=\"faq-item-answer\">\r\n\t\t\t\t\t\t<div class=\"faq-item-answer-text\"><p>O WordPress \u00e9 uma plataforma maravilhosa tanto para iniciantes quanto para desenvolvedores web profissionais. Al\u00e9m disso, \u00e9 ideal para qualquer tipo de site: de blogs a grandes mercados.<\/p><p>Voc\u00ea pode encontrar muitas ferramentas \u00fateis para sites WordPress na Elfsight: <a href=\"https:\/\/elfsight.com\/whatsapp-chat-widget\/wordpress\/\">bot\u00e3o WhatsApp Chat<\/a> facilitar\u00e1 a comunica\u00e7\u00e3o com o suporte ao cliente, com <a href=\"https:\/\/elfsight.com\/facebook-chat-widget\/wordpress\/\"> Bate-papo do Facebook<\/a> voc\u00ea aumentar\u00e1 as vendas, o <a href=\"https:\/\/elfsight.com\/google-reviews-widget\/wordpress\/\">Google Reviews<\/a> provar\u00e1 que voc\u00ea \u00e9 confi\u00e1vel. <a href=\"https:\/\/elfsight.com\/testimonials-slider-widget\/wordpress\/\">Controle deslizante de depoimentos<\/a> ser\u00e1 \u00fatil para mostrar as cota\u00e7\u00f5es de seus clientes e <a href=\"https:\/\/elfsight.com\/youtube-channel-plugin-yottie\/wordpress\/\">Galeria do YouTube<\/a> ser\u00e1 \u00f3tima para encontrar v\u00eddeos \u00fateis e an\u00e1lises de v\u00eddeos.<\/p><\/div>\r\n\t\t\t\t\t<\/div>\r\n\t\t\t\t<\/div><\/div><\/div> <div class=\"application-platform-content-item-installation application-platform-content-item\" id=\"installation\" data-nav-section=\"installation\"> <h2>Como posso adicionar o plugin de chat ao vivo ao meu site WordPress?<\/h2> <div class=\"video-description\"><iframe width=\"720\" height=\"405\" src=\"https:\/\/www.youtube.com\/embed\/utblbU9lyGE\" frameborder=\"0\" allowfullscreen=\"\"><\/iframe><\/div><p>Basta seguir as instru\u00e7\u00f5es abaixo para ativar o widget. <\/p> <ol><li><b>Execute nosso configurador gratuito e comece a trabalhar com seu plugin personalizado.<\/b><br> Escolha o design e os aspectos preferidos do widget e aplique todas as corre\u00e7\u00f5es.<\/li> <li><b>Receba o c\u00f3digo exclusivo que aparece na janela dos aplicativos Elfsight. <\/b><br> Quando a configura\u00e7\u00e3o do seu widget terminar, copie o c\u00f3digo exclusivo na caixa exibida e salve-o para uso posterior.<\/li> <li><b>Comece a usar o plugin no seu Site WordPress. <\/b><br> Insira o c\u00f3digo salvo recentemente em sua p\u00e1gina e salve as modifica\u00e7\u00f5es.<\/li> <li><b>A instala\u00e7\u00e3o est\u00e1 totalmente conclu\u00edda.<\/b><br> Visite seu site para ver em a\u00e7\u00e3o como est\u00e1 o desempenho do Chat Box.<\/li><\/ol><p>Na condi\u00e7\u00e3o de enfrentar d\u00favidas ou enfrentar qualquer complica\u00e7\u00e3o, n\u00e3o tenha medo de procurar ajuda de nossa equipe de atendimento ao cliente. Nosso pessoal ficar\u00e1 feliz em resolver todas as d\u00favidas que voc\u00ea possa ter com o plugin. <\/p> <\/div><div class=\"faq\" data-component=\"FAQ\"><div class=\"faq-item\">\r\n\t\t\t\t\t<div class=\"faq-item-question\">\r\n\t\t\t\t\t\t<h3 class=\"faq-item-question-text\">Como posso incorporar um Live Chat ao WordPress?<\/h3>\r\n\r\n\t\t\t\t\t\t<div class=\"faq-item-question-icon\"><\/div>\r\n\t\t\t\t\t<\/div>\r\n\r\n\t\t\t\t\t<div class=\"faq-item-answer\">\r\n\t\t\t\t\t\t<div class=\"faq-item-answer-text\"><p>A cria\u00e7\u00e3o da ferramenta ocorre dentro o site da Elfsight e n\u00e3o h\u00e1 necessidade de codificar. Use a demonstra\u00e7\u00e3o ativa para personalizar seu widget pessoal, adquirir o c\u00f3digo e adicion\u00e1-lo ao seu site. <\/p><\/div>\r\n\t\t\t\t\t<\/div>\r\n\t\t\t\t<\/div><div class=\"faq-item\">\r\n\t\t\t\t\t<div class=\"faq-item-question\">\r\n\t\t\t\t\t\t<h3 class=\"faq-item-question-text\">Os melhores exemplos de uso de integra\u00e7\u00e3o de chat ao vivo<\/h3>\r\n\r\n\t\t\t\t\t\t<div class=\"faq-item-question-icon\"><\/div>\r\n\t\t\t\t\t<\/div>\r\n\r\n\t\t\t\t\t<div class=\"faq-item-answer\">\r\n\t\t\t\t\t\t<div class=\"faq-item-answer-text\"><p>Oferecemos in\u00fameras possibilidades de personaliza\u00e7\u00e3o: widgets em grande escala para adicionar \u00e0 zona de conte\u00fado, flutuantes widgets com op\u00e7\u00f5es de rolagem, miniaturas para o rodap\u00e9 do seu site, se\u00e7\u00e3o principal e todos os tipos de possibilidades verticais para barras laterais e menus do site. <\/p><\/div>\r\n\t\t\t\t\t<\/div>\r\n\t\t\t\t<\/div><div class=\"faq-item\">\r\n\t\t\t\t\t<div class=\"faq-item-question\">\r\n\t\t\t\t\t\t<h3 class=\"faq-item-question-text\">Existe a op\u00e7\u00e3o de criar um chat ao vivo de venda ou reserva com a ajuda do editor?<\/h3>\r\n\r\n\t\t\t\t\t\t<div class=\"faq-item-question-icon\"><\/div>\r\n\t\t\t\t\t<\/div>\r\n\r\n\t\t\t\t\t<div class=\"faq-item-answer\">\r\n\t\t\t\t\t\t<div class=\"faq-item-answer-text\"><p>Voc\u00ea pode criar altera\u00e7\u00f5es em qualquer widget. Existem muitos layouts dispon\u00edveis no editor, e todos eles podem ser facilmente customizados conforme sua necessidade. <\/p><\/div>\r\n\t\t\t\t\t<\/div>\r\n\t\t\t\t<\/div><\/div>\n","protected":false},"excerpt":{"rendered":"","protected":false},"author":9,"featured_media":0,"parent":1097,"menu_order":0,"comment_status":"closed","ping_status":"closed","template":"templates\/template-application-platform.php","meta":{"publish_to_discourse":"","publish_post_category":"","wpdc_auto_publish_overridden":"","wpdc_topic_tags":"","wpdc_pin_topic":"","wpdc_pin_until":"","discourse_post_id":"","discourse_permalink":"","wpdc_publishing_response":"","wpdc_publishing_error":"","footnotes":""},"class_list":["post-3595","page","type-page","status-publish","hentry"],"yoast_head":"<!-- This site is optimized with the Yoast SEO plugin v25.3.1 - https:\/\/yoast.com\/wordpress\/plugins\/seo\/ -->\n<title>Live Chat \u2013 Adicione o widget Chat Box a sites WordPress (gratuito e f\u00e1cil)<\/title>\n<meta name=\"description\" content=\"Adicione seu All-in-One Live Chat ao site WordPress em alguns minutos. Use nossa demonstra\u00e7\u00e3o pr\u00e1tica para moldar facilmente seu plugin exclusivo de bate-papo online.\" \/>\n<meta name=\"robots\" content=\"index, follow, max-snippet:-1, max-image-preview:large, max-video-preview:-1\" \/>\n<link rel=\"canonical\" href=\"https:\/\/elfsight.com\/pt\/all-in-one-chat-widget\/wordpress\/\" \/>\n<meta property=\"og:locale\" content=\"pt_PT\" \/>\n<meta property=\"og:type\" content=\"article\" \/>\n<meta property=\"og:title\" content=\"Live Chat \u2013 Adicione o widget Chat Box a sites WordPress (gratuito e f\u00e1cil)\" \/>\n<meta property=\"og:description\" content=\"Adicione seu All-in-One Live Chat ao site WordPress em alguns minutos. Use nossa demonstra\u00e7\u00e3o pr\u00e1tica para moldar facilmente seu plugin exclusivo de bate-papo online.\" \/>\n<meta property=\"og:url\" content=\"https:\/\/elfsight.com\/pt\/all-in-one-chat-widget\/wordpress\/\" \/>\n<meta property=\"og:site_name\" content=\"Elfsight PT\" \/>\n<meta property=\"article:modified_time\" content=\"2025-02-11T13:26:55+00:00\" \/>\n<meta name=\"twitter:card\" content=\"summary_large_image\" \/>\n<meta name=\"twitter:label1\" content=\"Tempo estimado de leitura\" \/>\n\t<meta name=\"twitter:data1\" content=\"5 minutos\" \/>\n<!-- \/ Yoast SEO plugin. -->","yoast_head_json":{"title":"Live Chat \u2013 Adicione o widget Chat Box a sites WordPress (gratuito e f\u00e1cil)","description":"Adicione seu All-in-One Live Chat ao site WordPress em alguns minutos. Use nossa demonstra\u00e7\u00e3o pr\u00e1tica para moldar facilmente seu plugin exclusivo de bate-papo online.","robots":{"index":"index","follow":"follow","max-snippet":"max-snippet:-1","max-image-preview":"max-image-preview:large","max-video-preview":"max-video-preview:-1"},"canonical":"https:\/\/elfsight.com\/pt\/all-in-one-chat-widget\/wordpress\/","og_locale":"pt_PT","og_type":"article","og_title":"Live Chat \u2013 Adicione o widget Chat Box a sites WordPress (gratuito e f\u00e1cil)","og_description":"Adicione seu All-in-One Live Chat ao site WordPress em alguns minutos. Use nossa demonstra\u00e7\u00e3o pr\u00e1tica para moldar facilmente seu plugin exclusivo de bate-papo online.","og_url":"https:\/\/elfsight.com\/pt\/all-in-one-chat-widget\/wordpress\/","og_site_name":"Elfsight PT","article_modified_time":"2025-02-11T13:26:55+00:00","twitter_card":"summary_large_image","twitter_misc":{"Tempo estimado de leitura":"5 minutos"},"schema":{"@context":"https:\/\/schema.org","@graph":[{"@type":"WebPage","@id":"https:\/\/elfsight.com\/pt\/all-in-one-chat-widget\/wordpress\/","url":"https:\/\/elfsight.com\/pt\/all-in-one-chat-widget\/wordpress\/","name":"Live Chat \u2013 Adicione o widget Chat Box a sites WordPress (gratuito e f\u00e1cil)","isPartOf":{"@id":"https:\/\/elfsight.com\/pt\/#website"},"datePublished":"2024-05-03T06:26:43+00:00","dateModified":"2025-02-11T13:26:55+00:00","description":"Adicione seu All-in-One Live Chat ao site WordPress em alguns minutos. Use nossa demonstra\u00e7\u00e3o pr\u00e1tica para moldar facilmente seu plugin exclusivo de bate-papo online.","breadcrumb":{"@id":"https:\/\/elfsight.com\/pt\/all-in-one-chat-widget\/wordpress\/#breadcrumb"},"inLanguage":"pt-PT","potentialAction":[{"@type":"ReadAction","target":["https:\/\/elfsight.com\/pt\/all-in-one-chat-widget\/wordpress\/"]}]},{"@type":"BreadcrumbList","@id":"https:\/\/elfsight.com\/pt\/all-in-one-chat-widget\/wordpress\/#breadcrumb","itemListElement":[{"@type":"ListItem","position":1,"name":"Home","item":"https:\/\/elfsight.com\/pt\/"},{"@type":"ListItem","position":2,"name":"All-in-One Chat","item":"https:\/\/elfsight.com\/pt\/all-in-one-chat-widget\/"},{"@type":"ListItem","position":3,"name":"All-in-One Chat &#8211; WordPress"}]},{"@type":"WebSite","@id":"https:\/\/elfsight.com\/pt\/#website","url":"https:\/\/elfsight.com\/pt\/","name":"Elfsight PT","description":"Just another Elfsight Sites site","potentialAction":[{"@type":"SearchAction","target":{"@type":"EntryPoint","urlTemplate":"https:\/\/elfsight.com\/pt\/?s={search_term_string}"},"query-input":{"@type":"PropertyValueSpecification","valueRequired":true,"valueName":"search_term_string"}}],"inLanguage":"pt-PT"}]}},"meta_box":{"industry":"","seo_heading":"","heading":"","description":"","cta_heading":"","cta_description":"","application":"1096","h1":"Plug-in de bate-papo ao vivo para WordPress","h1_caption":"Com uma comunica\u00e7\u00e3o mais r\u00e1pida e personalizada, deixe mais clientes satisfeitos","application_category":[],"applications_title":"","applications_request_title":"","applications_request_button_text":"","hero_text":"","hero_video":"","hero_video_schema_markup":"","selling_points_title":"","selling_points_caption":"","selling_points":[],"selling_points_cta_text":"","features_title":"","features":"","ed_cta_examples_text":"","ed_cta_examples_hidden":"","ed_cta_demo_text":"","ed_cta_demo_hidden":"","why_caption":"","why_editor_title":"","why_editor_text":"","why_team_title":"","why_team_text":"","why_service_title":"","why_service_text":"","template_catalog_visible":"0","template_catalog_title":"","template_catalog_text":"","template_catalog_categories_visible":"","demo_title":"Crie seu plugin de bate-papo multifuncional","demo_caption":"Configure seu All-in-One Chat e adicione-o ao seu site WordPress gratuitamente!","default_faq_hidden":"","app_template_category":[],"platform":"34","template_public_id":"","codecanyon_url":"","codecanyon_item_id":"","codecanyon_price":"","pricing_caption":"","pricing_elfsight_apps_hide_column":"","pricing_elfsight_apps_url":"","pricing_codecanyon_price_caption":"","integration_category":[],"integration_request_title":"","integration_request_cta":"","integration_platform":"","integrations":[],"platform_category":[],"video_schema_markup":"","price":"a partir de US$ 0\/m\u00eas","trial":"","benefits":[{"text":"Assist\u00eancia de instala\u00e7\u00e3o gratuita"},{"text":"Suporte premium"},{"text":"Garantia de reembolso de 14 dias"},{"text":"Atualiza\u00e7\u00f5es gratuitas regulares"}],"button_url":"#demo","button_target_blank":"0","button_nofollow":"0","attributes":[{"name":"Instala\u00e7\u00f5es","content":"100,000 - 500,000","_state":"expanded"},{"name":"Responsivo","content":"Sim","_state":"expanded"},{"name":"Navegadores compat\u00edveis","content":"Firefox, Safari, Opera, Chrome, Edge"}],"tags":[],"tags_disable_links":"0","hide_more_platforms":"0","video_object":"","demo_hide_cta":"0","demo_hide_cloud_options":"0","pricing_title":"","pricing":[{"pricing_icon":"platform","pricing_title":"Elfsight Apps","pricing_title_caption":"Software multiplataforma","pricing_price":"a partir de US$ 0\/m\u00eas","pricing_price_caption":"comece com plano gratuito","pricing_benefits":[{"text":"Dom\u00ednios ilimitados"},{"text":"Suporte profissional e pontual"},{"text":"Suporte profissional e pontual"},{"text":"Oferta especial para v\u00e1rios aplicativos"}],"pricing_button_text":"Adicionar ao site","pricing_button_url":"#demo","_state":"expanded"}],"related_apps_title":"","related_apps_hidden":"1","author":"","image":[],"title":"","job":"","social_networks":[]},"_links":{"self":[{"href":"https:\/\/elfsight.com\/pt\/wp-json\/wp\/v2\/pages\/3595","targetHints":{"allow":["GET"]}}],"collection":[{"href":"https:\/\/elfsight.com\/pt\/wp-json\/wp\/v2\/pages"}],"about":[{"href":"https:\/\/elfsight.com\/pt\/wp-json\/wp\/v2\/types\/page"}],"author":[{"embeddable":true,"href":"https:\/\/elfsight.com\/pt\/wp-json\/wp\/v2\/users\/9"}],"replies":[{"embeddable":true,"href":"https:\/\/elfsight.com\/pt\/wp-json\/wp\/v2\/comments?post=3595"}],"version-history":[{"count":3,"href":"https:\/\/elfsight.com\/pt\/wp-json\/wp\/v2\/pages\/3595\/revisions"}],"predecessor-version":[{"id":13915,"href":"https:\/\/elfsight.com\/pt\/wp-json\/wp\/v2\/pages\/3595\/revisions\/13915"}],"up":[{"embeddable":true,"href":"https:\/\/elfsight.com\/pt\/wp-json\/wp\/v2\/pages\/1097"}],"wp:attachment":[{"href":"https:\/\/elfsight.com\/pt\/wp-json\/wp\/v2\/media?parent=3595"}],"curies":[{"name":"wp","href":"https:\/\/api.w.org\/{rel}","templated":true}]}}