{"id":3591,"date":"2024-05-03T06:27:36","date_gmt":"2024-05-03T06:27:36","guid":{"rendered":"https:\/\/elfsight.com\/pt\/?page_id=3591"},"modified":"2025-02-28T13:56:13","modified_gmt":"2025-02-28T13:56:13","slug":"wordpress","status":"publish","type":"page","link":"https:\/\/elfsight.com\/pt\/amazon-reviews-widget\/wordpress\/","title":{"rendered":"Amazon Reviews &#8211; WordPress"},"content":{"rendered":"\n<div class=\"application-platform-content-item-description application-platform-content-item\" id=\"description\" data-nav-section=\"description\"><h2>Incorpore avalia\u00e7\u00f5es da Amazon no WordPress com o widget Elfsight<\/h2><p>O plug-in Elfsight Amazon \u00e9 o m\u00e9todo mais pr\u00e1tico para moldar a reputa\u00e7\u00e3o da sua marca, demonstrando a opini\u00e3o de clientes reais sobre sua produ\u00e7\u00e3o. Revele apenas os coment\u00e1rios melhores ou mais significativos e organize-os da maneira que desejar. Re\u00fana provas sociais demonstrando aos visitantes do seu site que voc\u00ea tem credibilidade.<\/p><p><b>Fa\u00e7a com que os usu\u00e1rios postem novos coment\u00e1rios sobre sua empresa e melhore as conversas com os clientes!<\/b><\/p><\/div><div class=\"application-platform-content-item-features application-platform-content-item\" id=\"features\" data-nav-section=\"features\"><h2>Principais recursos do widget Reviews from Amazon<\/h2><p>Para ter uma percep\u00e7\u00e3o mais clara do plugin, veja a lista de seus recursos essenciais. Eles tornam o widget mais eficaz para sua promo\u00e7\u00e3o:<\/p><ul><li>Tr\u00eas filtros dispon\u00edveis: por tipo, exclus\u00e3o por e quantidade de coment\u00e1rios para exibi\u00e7\u00e3o;<\/li><li>4 layouts predefinidos: Lista, Grade, Alvenaria e Slider;<\/li><li>Cabe\u00e7alho totalmente flex\u00edvel do widget;<\/li><li>O bot\u00e3o para solicitar uma revis\u00e3o direciona os usu\u00e1rios para sua p\u00e1gina Amazon;<\/li><li>6 flex\u00edvel elementos da interface: nome e foto do autor, recomenda\u00e7\u00e3o, data, \u00edcone da Amazon e classifica\u00e7\u00e3o por estrelas;<\/li><li>Dois cen\u00e1rios poss\u00edveis ap\u00f3s a rejei\u00e7\u00e3o da solicita\u00e7\u00e3o de revis\u00e3o: revelar uma mensagem de texto ou ocultar o bot\u00e3o;<\/li><\/ul><p><a href=\"#demo\">Conhe\u00e7a todos os recursos em nossa demonstra\u00e7\u00e3o ao vivo<\/a><\/p><\/div><div class=\"application-platform-content-item-installation application-platform-content-item\" id=\"installation\" data-nav-section=\"installation\"><h2>Como adicionar Plug-in Reviews from Amazon para site WordPress<\/h2><p>Essas diversas a\u00e7\u00f5es s\u00e3o a \u00fanica coisa que voc\u00ea precisa para estabelecer.<\/p><ol><li><b>Realize nosso teste gratuito editor e comece a criar seu plugin personalizado do Reviews from Amazon. <\/b><br> Escolha a apar\u00eancia e o desempenho desejados do plugin e salve todas as modifica\u00e7\u00f5es. <\/li> <li><b>Obtenha o seu c\u00f3digo exclusivo que \u00e9 mostrado no formul\u00e1rio especial nas aplica\u00e7\u00f5es Elfsight. <\/b><br> Assim que a configura\u00e7\u00e3o do seu plugin pessoal for conclu\u00edda, copie o seu c\u00f3digo na janela que aparece e guarde-o para uso posterior. <\/li> <li><b>Comece a usar o plugin no site WordPress. <\/b><br> Coloque o c\u00f3digo copiado recentemente em seu site e aplique as melhorias. <\/li> <li><b>Pronto! A integra\u00e7\u00e3o foi realizada com sucesso. <\/b><br> Visite seu site para ver o desempenho do plugin. <\/li><\/ol><p>Ainda n\u00e3o consegue decidir? Ou tem perguntas a fazer? Basta enviar uma solicita\u00e7\u00e3o ao nosso atendimento ao cliente e resolveremos qualquer problema.<\/p><\/div><div class=\"faq\" data-component=\"FAQ\"><div class=\"faq-item\">\r\n\t\t\t\t\t<div class=\"faq-item-question\">\r\n\t\t\t\t\t\t<h3 class=\"faq-item-question-text\">Como posso incorporar avalia\u00e7\u00f5es de clientes da Amazon em meu site WordPress?<\/h3>\r\n\r\n\t\t\t\t\t\t<div class=\"faq-item-question-icon\"><\/div>\r\n\t\t\t\t\t<\/div>\r\n\r\n\t\t\t\t\t<div class=\"faq-item-answer\">\r\n\t\t\t\t\t\t<div class=\"faq-item-answer-text\"><p>Basta formar seu widget, modificar seu estilo e salvar suas altera\u00e7\u00f5es. Copie o c\u00f3digo do plugin que voc\u00ea acabou de formar e introduza-o no layout que voc\u00ea possui atualmente. <\/p><\/div>\r\n\t\t\t\t\t<\/div>\r\n\t\t\t\t<\/div><div class=\"faq-item\">\r\n\t\t\t\t\t<div class=\"faq-item-question\">\r\n\t\t\t\t\t\t<h3 class=\"faq-item-question-text\">Como obtenho avalia\u00e7\u00f5es de clientes da Amazon sobre p\u00e1ginas de produtos?<\/h3>\r\n\r\n\t\t\t\t\t\t<div class=\"faq-item-question-icon\"><\/div>\r\n\t\t\t\t\t<\/div>\r\n\r\n\t\t\t\t\t<div class=\"faq-item-answer\">\r\n\t\t\t\t\t\t<div class=\"faq-item-answer-text\"><p>Tudo o que voc\u00ea precisa fazer \u00e9 usar o bot\u00e3o CTA. Ao pressionar o bot\u00e3o o p\u00fablico do site ter\u00e1 acesso direto ao seu perfil. <\/p><\/div>\r\n\t\t\t\t\t<\/div>\r\n\t\t\t\t<\/div><div class=\"faq-item\">\r\n\t\t\t\t\t<div class=\"faq-item-question\">\r\n\t\t\t\t\t\t<h3 class=\"faq-item-question-text\">De que maneira posso criar um modelo de extens\u00e3o\/selo de classifica\u00e7\u00e3o da Amazon?<\/h3>\r\n\r\n\t\t\t\t\t\t<div class=\"faq-item-question-icon\"><\/div>\r\n\t\t\t\t\t<\/div>\r\n\r\n\t\t\t\t\t<div class=\"faq-item-answer\">\r\n\t\t\t\t\t\t<div class=\"faq-item-answer-text\"><p>Veja todas as etapas da diretriz simples abaixo: <\/p><ol><li>Inicie o editor Elfsight e comece a moldar seu plugin personalizado. <\/li> <li>Personalize os recursos do widget e clique para salvar as edi\u00e7\u00f5es necess\u00e1rias. <\/li><li>Adquira seu c\u00f3digo exclusivo mostrado na janela. <\/li> <li>Implemente o c\u00f3digo do plugin em sua p\u00e1gina e pressione o bot\u00e3o \u201cSalvar\u201d. <\/li><li> Voc\u00ea integrou um novo plugin ao seu site. <\/li><\/div>\r\n\t\t\t\t\t<\/div>\r\n\t\t\t\t<\/div><\/div><\/ol>\n","protected":false},"excerpt":{"rendered":"","protected":false},"author":9,"featured_media":0,"parent":752,"menu_order":0,"comment_status":"closed","ping_status":"closed","template":"templates\/template-application-platform.php","meta":{"publish_to_discourse":"","publish_post_category":"","wpdc_auto_publish_overridden":"","wpdc_topic_tags":"","wpdc_pin_topic":"","wpdc_pin_until":"","discourse_post_id":"","discourse_permalink":"","wpdc_publishing_response":"","wpdc_publishing_error":"","footnotes":""},"class_list":["post-3591","page","type-page","status-publish","hentry"],"yoast_head":"<!-- This site is optimized with the Yoast SEO plugin v25.3.1 - https:\/\/yoast.com\/wordpress\/plugins\/seo\/ -->\n<title>Avalia\u00e7\u00f5es da Amazon | Adicionar plugin Amazon no site WordPress [2025]<\/title>\n<meta name=\"description\" content=\"Crie de forma simples e r\u00e1pida seu plugin Reviews from Amazon e coloque-o no site WordPress. Aumente a confian\u00e7a dos clientes com os widgets da Elfsight!\" \/>\n<meta name=\"robots\" content=\"index, follow, max-snippet:-1, max-image-preview:large, max-video-preview:-1\" \/>\n<link rel=\"canonical\" href=\"https:\/\/elfsight.com\/pt\/amazon-reviews-widget\/wordpress\/\" \/>\n<meta property=\"og:locale\" content=\"pt_PT\" \/>\n<meta property=\"og:type\" content=\"article\" \/>\n<meta property=\"og:title\" content=\"Avalia\u00e7\u00f5es da Amazon | Adicionar plugin Amazon no site WordPress [2025]\" \/>\n<meta property=\"og:description\" content=\"Crie de forma simples e r\u00e1pida seu plugin Reviews from Amazon e coloque-o no site WordPress. Aumente a confian\u00e7a dos clientes com os widgets da Elfsight!\" \/>\n<meta property=\"og:url\" content=\"https:\/\/elfsight.com\/pt\/amazon-reviews-widget\/wordpress\/\" \/>\n<meta property=\"og:site_name\" content=\"Elfsight PT\" \/>\n<meta property=\"article:modified_time\" content=\"2025-02-28T13:56:13+00:00\" \/>\n<meta name=\"twitter:card\" content=\"summary_large_image\" \/>\n<meta name=\"twitter:label1\" content=\"Tempo estimado de leitura\" \/>\n\t<meta name=\"twitter:data1\" content=\"3 minutos\" \/>\n<!-- \/ Yoast SEO plugin. -->","yoast_head_json":{"title":"Avalia\u00e7\u00f5es da Amazon | Adicionar plugin Amazon no site WordPress [2025]","description":"Crie de forma simples e r\u00e1pida seu plugin Reviews from Amazon e coloque-o no site WordPress. Aumente a confian\u00e7a dos clientes com os widgets da Elfsight!","robots":{"index":"index","follow":"follow","max-snippet":"max-snippet:-1","max-image-preview":"max-image-preview:large","max-video-preview":"max-video-preview:-1"},"canonical":"https:\/\/elfsight.com\/pt\/amazon-reviews-widget\/wordpress\/","og_locale":"pt_PT","og_type":"article","og_title":"Avalia\u00e7\u00f5es da Amazon | Adicionar plugin Amazon no site WordPress [2025]","og_description":"Crie de forma simples e r\u00e1pida seu plugin Reviews from Amazon e coloque-o no site WordPress. Aumente a confian\u00e7a dos clientes com os widgets da Elfsight!","og_url":"https:\/\/elfsight.com\/pt\/amazon-reviews-widget\/wordpress\/","og_site_name":"Elfsight PT","article_modified_time":"2025-02-28T13:56:13+00:00","twitter_card":"summary_large_image","twitter_misc":{"Tempo estimado de leitura":"3 minutos"},"schema":{"@context":"https:\/\/schema.org","@graph":[{"@type":"WebPage","@id":"https:\/\/elfsight.com\/pt\/amazon-reviews-widget\/wordpress\/","url":"https:\/\/elfsight.com\/pt\/amazon-reviews-widget\/wordpress\/","name":"Avalia\u00e7\u00f5es da Amazon | Adicionar plugin Amazon no site WordPress [2025]","isPartOf":{"@id":"https:\/\/elfsight.com\/pt\/#website"},"datePublished":"2024-05-03T06:27:36+00:00","dateModified":"2025-02-28T13:56:13+00:00","description":"Crie de forma simples e r\u00e1pida seu plugin Reviews from Amazon e coloque-o no site WordPress. Aumente a confian\u00e7a dos clientes com os widgets da Elfsight!","breadcrumb":{"@id":"https:\/\/elfsight.com\/pt\/amazon-reviews-widget\/wordpress\/#breadcrumb"},"inLanguage":"pt-PT","potentialAction":[{"@type":"ReadAction","target":["https:\/\/elfsight.com\/pt\/amazon-reviews-widget\/wordpress\/"]}]},{"@type":"BreadcrumbList","@id":"https:\/\/elfsight.com\/pt\/amazon-reviews-widget\/wordpress\/#breadcrumb","itemListElement":[{"@type":"ListItem","position":1,"name":"Home","item":"https:\/\/elfsight.com\/pt\/"},{"@type":"ListItem","position":2,"name":"Amazon Reviews","item":"https:\/\/elfsight.com\/pt\/amazon-reviews-widget\/"},{"@type":"ListItem","position":3,"name":"Amazon Reviews &#8211; WordPress"}]},{"@type":"WebSite","@id":"https:\/\/elfsight.com\/pt\/#website","url":"https:\/\/elfsight.com\/pt\/","name":"Elfsight PT","description":"Just another Elfsight Sites site","potentialAction":[{"@type":"SearchAction","target":{"@type":"EntryPoint","urlTemplate":"https:\/\/elfsight.com\/pt\/?s={search_term_string}"},"query-input":{"@type":"PropertyValueSpecification","valueRequired":true,"valueName":"search_term_string"}}],"inLanguage":"pt-PT"}]}},"meta_box":{"industry":"","seo_heading":"","heading":"","description":"","cta_heading":"","cta_description":"","application":"751","h1":"Plug-in Reviews from Amazon para WordPress","h1_caption":"Exiba coment\u00e1rios sobre sua marca da Amazon em sua p\u00e1gina da web","application_category":[],"applications_title":"","applications_request_title":"","applications_request_button_text":"","hero_text":"","hero_video":"","hero_video_schema_markup":"","selling_points_title":"","selling_points_caption":"","selling_points":[],"selling_points_cta_text":"","features_title":"","features":"","ed_cta_examples_text":"","ed_cta_examples_hidden":"","ed_cta_demo_text":"","ed_cta_demo_hidden":"","why_caption":"","why_editor_title":"","why_editor_text":"","why_team_title":"","why_team_text":"","why_service_title":"","why_service_text":"","template_catalog_visible":"0","template_catalog_title":"","template_catalog_text":"","template_catalog_categories_visible":"","demo_title":"Crie seu plugin Reviews from Amazon","demo_caption":"Configure suas avalia\u00e7\u00f5es da Amazon e adicione-as ao seu site WordPress gratuitamente!","default_faq_hidden":"","app_template_category":[],"platform":"34","template_public_id":"","codecanyon_url":"","codecanyon_item_id":"","codecanyon_price":"","pricing_caption":"","pricing_elfsight_apps_hide_column":"","pricing_elfsight_apps_url":"","pricing_codecanyon_price_caption":"","integration_category":[],"integration_request_title":"","integration_request_cta":"","integration_platform":"","integrations":[],"platform_category":[],"video_schema_markup":"","price":"a partir de US$ 0\/m\u00eas","trial":"","benefits":[{"text":"Ajuda de instala\u00e7\u00e3o gratuita"},{"text":"Suporte excepcional"},{"text":"Garantia de devolu\u00e7\u00e3o do dinheiro em 14 dias"},{"text":"Atualizando constantemente"}],"button_url":"#demo","button_target_blank":"0","button_nofollow":"0","attributes":[{"name":"Instala\u00e7\u00f5es","content":"10,000 - 100,000","_state":"expanded"},{"name":"Responsivo","content":"Sim","_state":"expanded"},{"name":"Navegadores compat\u00edveis","content":"Firefox, Safari, Opera, Chrome, Edge"}],"tags":[],"tags_disable_links":"0","hide_more_platforms":"0","video_object":"","demo_hide_cta":"0","demo_hide_cloud_options":"0","pricing_title":"","pricing":[{"pricing_icon":"platform","pricing_title":"Elfsight Apps","pricing_title_caption":"Solu\u00e7\u00e3o digital multiplataforma que se adapta a qualquer site","pricing_price":"a partir de US$ 0\/m\u00eas","pricing_price_caption":"comece com plano gratuito","pricing_benefits":[{"text":"Dom\u00ednios ilimitados"},{"text":"Suporte 24 horas por dia, 7 dias por semana"},{"text":"Suporte 24 horas por dia, 7 dias por semana"},{"text":"\u00d3timo neg\u00f3cio para v\u00e1rios aplicativos"}],"pricing_button_text":"Adicionar ao site","pricing_button_url":"#demo","_state":"expanded"}],"related_apps_title":"","related_apps_hidden":"1","author":"","image":[],"title":"","job":"","social_networks":[]},"_links":{"self":[{"href":"https:\/\/elfsight.com\/pt\/wp-json\/wp\/v2\/pages\/3591","targetHints":{"allow":["GET"]}}],"collection":[{"href":"https:\/\/elfsight.com\/pt\/wp-json\/wp\/v2\/pages"}],"about":[{"href":"https:\/\/elfsight.com\/pt\/wp-json\/wp\/v2\/types\/page"}],"author":[{"embeddable":true,"href":"https:\/\/elfsight.com\/pt\/wp-json\/wp\/v2\/users\/9"}],"replies":[{"embeddable":true,"href":"https:\/\/elfsight.com\/pt\/wp-json\/wp\/v2\/comments?post=3591"}],"version-history":[{"count":4,"href":"https:\/\/elfsight.com\/pt\/wp-json\/wp\/v2\/pages\/3591\/revisions"}],"predecessor-version":[{"id":14131,"href":"https:\/\/elfsight.com\/pt\/wp-json\/wp\/v2\/pages\/3591\/revisions\/14131"}],"up":[{"embeddable":true,"href":"https:\/\/elfsight.com\/pt\/wp-json\/wp\/v2\/pages\/752"}],"wp:attachment":[{"href":"https:\/\/elfsight.com\/pt\/wp-json\/wp\/v2\/media?parent=3591"}],"curies":[{"name":"wp","href":"https:\/\/api.w.org\/{rel}","templated":true}]}}