{"id":3587,"date":"2024-05-03T06:26:42","date_gmt":"2024-05-03T06:26:42","guid":{"rendered":"https:\/\/elfsight.com\/pt\/?page_id=3587"},"modified":"2025-02-11T13:28:21","modified_gmt":"2025-02-11T13:28:21","slug":"woocommerce","status":"publish","type":"page","link":"https:\/\/elfsight.com\/pt\/all-in-one-chat-widget\/woocommerce\/","title":{"rendered":"All-in-One Chat &#8211; WooCommerce"},"content":{"rendered":"\n<div class=\"application-platform-content-item-description application-platform-content-item\" id=\"description\" data-nav-section=\"description\"> <h2>Descri\u00e7\u00e3o<\/h2> <p>O chat ao vivo completo da Elfsight \u00e9 uma das maneiras mais r\u00e1pidas para os clientes do site entrarem em contato com voc\u00ea e obtenha suporte seu. Voc\u00ea poder\u00e1 ficar dispon\u00edvel ao vivo em todos os mensageiros mais usados, sem parar. Incorpore o plugin em sua p\u00e1gina e ele pode ser ativado em p\u00e1ginas selecionadas ou para grupos separados de visitantes, defina iniciadores de bate-papo, crie seu texto de boas-vindas, defina \u00edcones e muito mais. Usando o plugin na p\u00e1gina voc\u00ea permanecer\u00e1 acess\u00edvel \u00e0s pessoas em todos os momentos e em qualquer local. <\/p> <p><b>Todos os mensageiros conhecidos como Facebook, Viber, Telegram, WhatsApp e muito mais em um para a intera\u00e7\u00e3o mais atraente e conveniente com os clientes!<\/b><\/p> <p><b> b&gt;Consolide as demandas de seus clientes<\/b><br>Ao mesclar todos os canais de comunica\u00e7\u00e3o conhecidos no plug-in responsivo da caixa de bate-papo, voc\u00ea poder\u00e1 resolver v\u00e1rias tarefas em um s\u00f3 lugar, melhorando a satisfa\u00e7\u00e3o do cliente.<\/p><p><b>Ferramenta profundamente personaliz\u00e1vel<\/b><br>WhatsApp, Viber, Facebook Messenger, Discord, Telegram, Line, &#8211; voc\u00ea pode aplic\u00e1-los todos juntos ou escolher aqueles que atendem \u00e0s suas necessidades, adaptando suas cores, tamanho e muito mais.<\/b><p><b>Mantenha uma comunica\u00e7\u00e3o em tempo real<\/b><br>Ao colocar o widget de chat ao vivo em seu site, voc\u00ea conhecer\u00e1 melhor seus visitantes, proporcionando-lhes a servi\u00e7o l\u00edder de classe e oferecendo servi\u00e7os mais direcionados.<\/b><\/div> <div class=\"application-platform-content-item-features application-platform-content-item\" id=\"features\" data-nav-section=\"features\"> <h2>Os recursos de widget mais populares incluem<\/h2> <ul><li>Adicionar tudo-em- Um plugin de chat online em sua p\u00e1gina para conversar com os usu\u00e1rios. <\/li><li>Tr\u00eas variantes de posi\u00e7\u00e3o de bate-papo: bal\u00e3o flutuante, bal\u00e3o incorporado e janela de bate-papo incorporada. <\/li><li>Uma cole\u00e7\u00e3o de \u00edcones de bolha para voc\u00ea selecionar. <\/li><li>T\u00edtulo de bate-papo flex\u00edvel com imagem, nome e legenda da p\u00e1gina.<\/li><li>Definir a imagem da p\u00e1gina por padr\u00e3o, da cole\u00e7\u00e3o ou fazer upload de uma imagem personalizada. <\/li><\/ul><p><a href=\"#demo\">Basta experimentar esta demonstra\u00e7\u00e3o para ter uma ideia completa<\/a><\/p> <\/div> <div class=\"application-platform-content-item-installation application-platform-content-item\" id=\"installation\" data-nav-section=\"installation\"> <h2>Como posso adicionar o plugin All in One Chat ao meu site WooCommerce?<\/h2> <p>Basta seguir as diretrizes abaixo para integrar o plugin. <\/p> <ol><li><b>Aplicando nosso configurador gratuito, comece a formar seu plugin personalizado. <\/b><br> Escolha o layout e as especifica\u00e7\u00f5es adequadas do widget e salve as corre\u00e7\u00f5es.<\/li> <li><b>Adquira seu c\u00f3digo pessoal que aparece na caixa dos aplicativos Elfsight. <\/b><br> Assim que a configura\u00e7\u00e3o do seu widget terminar, copie o c\u00f3digo pessoal da caixa exibida e guarde-o para uso posterior.<\/li> <li><b>Comece a usar o plugin no WooCommerce p\u00e1gina inicial.<\/b><br> Adicione o c\u00f3digo copiado anteriormente em sua p\u00e1gina e aplique as modifica\u00e7\u00f5es.<\/li> <li><b>Pronto! A integra\u00e7\u00e3o \u00e9 totalmente realizada.<\/b><br> Acesse seu site para inspecionar como est\u00e1 o funcionamento do Chat Box.<\/li><\/ol> <p>Caso voc\u00ea encontre alguma complica\u00e7\u00e3o, sinta-se \u00e0 vontade para entrar em contato com nosso cliente equipe de servi\u00e7o. Nosso pessoal deseja ajud\u00e1-lo com todos os problemas que voc\u00ea possa ter com o widget. <\/p> <\/div><div class=\"faq\" data-component=\"FAQ\"><div class=\"faq-item\">\r\n\t\t\t\t\t<div class=\"faq-item-question\">\r\n\t\t\t\t\t\t<h3 class=\"faq-item-question-text\">Como posso incorporar um chat ao vivo ao site WooCommerce?<\/h3>\r\n\r\n\t\t\t\t\t\t<div class=\"faq-item-question-icon\"><\/div>\r\n\t\t\t\t\t<\/div>\r\n\r\n\t\t\t\t\t<div class=\"faq-item-answer\">\r\n\t\t\t\t\t\t<div class=\"faq-item-answer-text\"><p>A base da ferramenta ocorre nas p\u00e1ginas da Elfsight e n\u00e3o h\u00e1 necessidade de aprender a programar. Acesse nossa demonstra\u00e7\u00e3o ao vivo para formar seu plugin pessoal, adquirir o c\u00f3digo e integr\u00e1-lo ao seu site. <\/p><\/div>\r\n\t\t\t\t\t<\/div>\r\n\t\t\t\t<\/div><div class=\"faq-item\">\r\n\t\t\t\t\t<div class=\"faq-item-question\">\r\n\t\t\t\t\t\t<h3 class=\"faq-item-question-text\">Os melhores exemplos de uso da integra\u00e7\u00e3o de chat ao vivo<\/h3>\r\n\r\n\t\t\t\t\t\t<div class=\"faq-item-question-icon\"><\/div>\r\n\t\t\t\t\t<\/div>\r\n\r\n\t\t\t\t\t<div class=\"faq-item-answer\">\r\n\t\t\t\t\t\t<div class=\"faq-item-answer-text\"><p>Oferecemos in\u00fameras oportunidades de personaliza\u00e7\u00e3o: widgets completos para incorporar na se\u00e7\u00e3o de conte\u00fado, flutuantes plug-ins com oportunidades de rolagem, miniaturas para rodap\u00e9, se\u00e7\u00e3o principal e todos os tipos de oportunidades verticais para barras laterais e menus de sites. <\/p><\/div>\r\n\t\t\t\t\t<\/div>\r\n\t\t\t\t<\/div><div class=\"faq-item\">\r\n\t\t\t\t\t<div class=\"faq-item-question\">\r\n\t\t\t\t\t\t<h3 class=\"faq-item-question-text\">Como fa\u00e7o para criar um Feedback ou Onboarding Live Chat com a ajuda do editor?<\/h3>\r\n\r\n\t\t\t\t\t\t<div class=\"faq-item-question-icon\"><\/div>\r\n\t\t\t\t\t<\/div>\r\n\r\n\t\t\t\t\t<div class=\"faq-item-answer\">\r\n\t\t\t\t\t\t<div class=\"faq-item-answer-text\"><p>Voc\u00ea pode criar varia\u00e7\u00f5es de qualquer widget. H\u00e1 uma s\u00e9rie de layouts \u00e0 sua disposi\u00e7\u00e3o no editor, e todos eles podem ser ajustados rapidamente da maneira que voc\u00ea precisar. <\/p><\/div>\r\n\t\t\t\t\t<\/div>\r\n\t\t\t\t<\/div><\/div>\n","protected":false},"excerpt":{"rendered":"","protected":false},"author":9,"featured_media":0,"parent":1097,"menu_order":0,"comment_status":"closed","ping_status":"closed","template":"templates\/template-application-platform.php","meta":{"publish_to_discourse":"","publish_post_category":"","wpdc_auto_publish_overridden":"","wpdc_topic_tags":"","wpdc_pin_topic":"","wpdc_pin_until":"","discourse_post_id":"","discourse_permalink":"","wpdc_publishing_response":"","wpdc_publishing_error":"","footnotes":""},"class_list":["post-3587","page","type-page","status-publish","hentry"],"yoast_head":"<!-- This site is optimized with the Yoast SEO plugin v25.3.1 - https:\/\/yoast.com\/wordpress\/plugins\/seo\/ -->\n<title>Live Chat \u2013 Adicione plugin de chat para sites WooCommerce (gratuito e r\u00e1pido)<\/title>\n<meta name=\"description\" content=\"Implemente seu plugin All-in-One Live Chat no WooCommerce em 1-2-3. Use nossa demonstra\u00e7\u00e3o ativa para criar sua caixa de bate-papo online exclusiva sem esfor\u00e7o.\" \/>\n<meta name=\"robots\" content=\"index, follow, max-snippet:-1, max-image-preview:large, max-video-preview:-1\" \/>\n<link rel=\"canonical\" href=\"https:\/\/elfsight.com\/pt\/all-in-one-chat-widget\/woocommerce\/\" \/>\n<meta property=\"og:locale\" content=\"pt_PT\" \/>\n<meta property=\"og:type\" content=\"article\" \/>\n<meta property=\"og:title\" content=\"Live Chat \u2013 Adicione plugin de chat para sites WooCommerce (gratuito e r\u00e1pido)\" \/>\n<meta property=\"og:description\" content=\"Implemente seu plugin All-in-One Live Chat no WooCommerce em 1-2-3. Use nossa demonstra\u00e7\u00e3o ativa para criar sua caixa de bate-papo online exclusiva sem esfor\u00e7o.\" \/>\n<meta property=\"og:url\" content=\"https:\/\/elfsight.com\/pt\/all-in-one-chat-widget\/woocommerce\/\" \/>\n<meta property=\"og:site_name\" content=\"Elfsight PT\" \/>\n<meta property=\"article:modified_time\" content=\"2025-02-11T13:28:21+00:00\" \/>\n<meta name=\"twitter:card\" content=\"summary_large_image\" \/>\n<meta name=\"twitter:label1\" content=\"Tempo estimado de leitura\" \/>\n\t<meta name=\"twitter:data1\" content=\"4 minutos\" \/>\n<!-- \/ Yoast SEO plugin. -->","yoast_head_json":{"title":"Live Chat \u2013 Adicione plugin de chat para sites WooCommerce (gratuito e r\u00e1pido)","description":"Implemente seu plugin All-in-One Live Chat no WooCommerce em 1-2-3. Use nossa demonstra\u00e7\u00e3o ativa para criar sua caixa de bate-papo online exclusiva sem esfor\u00e7o.","robots":{"index":"index","follow":"follow","max-snippet":"max-snippet:-1","max-image-preview":"max-image-preview:large","max-video-preview":"max-video-preview:-1"},"canonical":"https:\/\/elfsight.com\/pt\/all-in-one-chat-widget\/woocommerce\/","og_locale":"pt_PT","og_type":"article","og_title":"Live Chat \u2013 Adicione plugin de chat para sites WooCommerce (gratuito e r\u00e1pido)","og_description":"Implemente seu plugin All-in-One Live Chat no WooCommerce em 1-2-3. Use nossa demonstra\u00e7\u00e3o ativa para criar sua caixa de bate-papo online exclusiva sem esfor\u00e7o.","og_url":"https:\/\/elfsight.com\/pt\/all-in-one-chat-widget\/woocommerce\/","og_site_name":"Elfsight PT","article_modified_time":"2025-02-11T13:28:21+00:00","twitter_card":"summary_large_image","twitter_misc":{"Tempo estimado de leitura":"4 minutos"},"schema":{"@context":"https:\/\/schema.org","@graph":[{"@type":"WebPage","@id":"https:\/\/elfsight.com\/pt\/all-in-one-chat-widget\/woocommerce\/","url":"https:\/\/elfsight.com\/pt\/all-in-one-chat-widget\/woocommerce\/","name":"Live Chat \u2013 Adicione plugin de chat para sites WooCommerce (gratuito e r\u00e1pido)","isPartOf":{"@id":"https:\/\/elfsight.com\/pt\/#website"},"datePublished":"2024-05-03T06:26:42+00:00","dateModified":"2025-02-11T13:28:21+00:00","description":"Implemente seu plugin All-in-One Live Chat no WooCommerce em 1-2-3. Use nossa demonstra\u00e7\u00e3o ativa para criar sua caixa de bate-papo online exclusiva sem esfor\u00e7o.","breadcrumb":{"@id":"https:\/\/elfsight.com\/pt\/all-in-one-chat-widget\/woocommerce\/#breadcrumb"},"inLanguage":"pt-PT","potentialAction":[{"@type":"ReadAction","target":["https:\/\/elfsight.com\/pt\/all-in-one-chat-widget\/woocommerce\/"]}]},{"@type":"BreadcrumbList","@id":"https:\/\/elfsight.com\/pt\/all-in-one-chat-widget\/woocommerce\/#breadcrumb","itemListElement":[{"@type":"ListItem","position":1,"name":"Home","item":"https:\/\/elfsight.com\/pt\/"},{"@type":"ListItem","position":2,"name":"All-in-One Chat","item":"https:\/\/elfsight.com\/pt\/all-in-one-chat-widget\/"},{"@type":"ListItem","position":3,"name":"All-in-One Chat &#8211; WooCommerce"}]},{"@type":"WebSite","@id":"https:\/\/elfsight.com\/pt\/#website","url":"https:\/\/elfsight.com\/pt\/","name":"Elfsight PT","description":"Just another Elfsight Sites site","potentialAction":[{"@type":"SearchAction","target":{"@type":"EntryPoint","urlTemplate":"https:\/\/elfsight.com\/pt\/?s={search_term_string}"},"query-input":{"@type":"PropertyValueSpecification","valueRequired":true,"valueName":"search_term_string"}}],"inLanguage":"pt-PT"}]}},"meta_box":{"industry":"","seo_heading":"","heading":"","description":"","cta_heading":"","cta_description":"","application":"1096","h1":"Plug-in de bate-papo ao vivo WooCommerce","h1_caption":"Ter uma conex\u00e3o mais r\u00e1pida e personalizada deixa mais clientes satisfeitos","application_category":[],"applications_title":"","applications_request_title":"","applications_request_button_text":"","hero_text":"","hero_video":"","hero_video_schema_markup":"","selling_points_title":"","selling_points_caption":"","selling_points":[],"selling_points_cta_text":"","features_title":"","features":"","ed_cta_examples_text":"","ed_cta_examples_hidden":"","ed_cta_demo_text":"","ed_cta_demo_hidden":"","why_caption":"","why_editor_title":"","why_editor_text":"","why_team_title":"","why_team_text":"","why_service_title":"","why_service_text":"","template_catalog_visible":"0","template_catalog_title":"","template_catalog_text":"","template_catalog_categories_visible":"","demo_title":"Crie seu aplicativo de bate-papo multifuncional","demo_caption":"Configure seu bate-papo multifuncional e adicione-o ao seu site WooCommerce gratuitamente!","default_faq_hidden":"","app_template_category":[],"platform":"4920","template_public_id":"","codecanyon_url":"","codecanyon_item_id":"","codecanyon_price":"","pricing_caption":"","pricing_elfsight_apps_hide_column":"","pricing_elfsight_apps_url":"","pricing_codecanyon_price_caption":"","integration_category":[],"integration_request_title":"","integration_request_cta":"","integration_platform":"","integrations":[],"platform_category":[],"video_schema_markup":"","price":"a partir de US$ 0\/m\u00eas","trial":"","benefits":[{"text":"Ajuda de instala\u00e7\u00e3o gratuita"},{"text":"Suporte excepcional"},{"text":"Garantia de devolu\u00e7\u00e3o do dinheiro em 14 dias"},{"text":"Desenvolvimento cont\u00ednuo"}],"button_url":"#demo","button_target_blank":"0","button_nofollow":"0","attributes":[{"name":"Instala\u00e7\u00f5es","content":"100,000 - 500,000","_state":"expanded"},{"name":"Responsivo","content":"Sim","_state":"expanded"},{"name":"Navegadores compat\u00edveis","content":"Firefox, Safari, Opera, Chrome, Edge"}],"tags":[],"tags_disable_links":"0","hide_more_platforms":"0","video_object":"","demo_hide_cta":"0","demo_hide_cloud_options":"0","pricing_title":"","pricing":[{"pricing_icon":"platform","pricing_title":"Elfsight Apps","pricing_title_caption":"Solu\u00e7\u00e3o independente de plataforma que funciona em qualquer site","pricing_price":"a partir de US$ 0\/m\u00eas","pricing_price_caption":"comece com um plano gratuito","pricing_benefits":[{"text":"Sites ilimitados"},{"text":"Suporte premium e pontual"},{"text":"Suporte premium e pontual"},{"text":"100% personaliz\u00e1vel"}],"pricing_button_text":"Adicionar ao site","pricing_button_url":"#demo","_state":"expanded"}],"related_apps_title":"","related_apps_hidden":"1","author":"","image":[],"title":"","job":"","social_networks":[]},"_links":{"self":[{"href":"https:\/\/elfsight.com\/pt\/wp-json\/wp\/v2\/pages\/3587","targetHints":{"allow":["GET"]}}],"collection":[{"href":"https:\/\/elfsight.com\/pt\/wp-json\/wp\/v2\/pages"}],"about":[{"href":"https:\/\/elfsight.com\/pt\/wp-json\/wp\/v2\/types\/page"}],"author":[{"embeddable":true,"href":"https:\/\/elfsight.com\/pt\/wp-json\/wp\/v2\/users\/9"}],"replies":[{"embeddable":true,"href":"https:\/\/elfsight.com\/pt\/wp-json\/wp\/v2\/comments?post=3587"}],"version-history":[{"count":3,"href":"https:\/\/elfsight.com\/pt\/wp-json\/wp\/v2\/pages\/3587\/revisions"}],"predecessor-version":[{"id":13916,"href":"https:\/\/elfsight.com\/pt\/wp-json\/wp\/v2\/pages\/3587\/revisions\/13916"}],"up":[{"embeddable":true,"href":"https:\/\/elfsight.com\/pt\/wp-json\/wp\/v2\/pages\/1097"}],"wp:attachment":[{"href":"https:\/\/elfsight.com\/pt\/wp-json\/wp\/v2\/media?parent=3587"}],"curies":[{"name":"wp","href":"https:\/\/api.w.org\/{rel}","templated":true}]}}