{"id":3586,"date":"2024-05-03T06:27:07","date_gmt":"2024-05-03T06:27:07","guid":{"rendered":"https:\/\/elfsight.com\/pt\/?page_id=3586"},"modified":"2025-01-31T15:29:55","modified_gmt":"2025-01-31T15:29:55","slug":"woocommerce","status":"publish","type":"page","link":"https:\/\/elfsight.com\/pt\/all-in-one-reviews-widget\/woocommerce\/","title":{"rendered":"All-in-One Reviews &#8211; WooCommerce"},"content":{"rendered":"\n<div class=\"application-platform-content-item-description application-platform-content-item\" id=\"description\" data-nav-section=\"description\"> <h2>Descri\u00e7\u00e3o<\/h2> <p>Elfsight All-in-One Reviews \u00e9 um plugin f\u00e1cil de usar para WooCommerce que oferece uma oportunidade de mostrar todos os coment\u00e1rios sobre suas ofertas diretamente em sua p\u00e1gina da web em todos os sites de coment\u00e1rios mais usados. Empregando nosso widget, voc\u00ea conseguir\u00e1 usar filtros para ocultar depoimentos indesejados, exibir sua avalia\u00e7\u00e3o e n\u00fameros de sua p\u00e1gina em qualquer plataforma de avalia\u00e7\u00f5es, adicionar informa\u00e7\u00f5es sobre os autores das avalia\u00e7\u00f5es e adicionar um bot\u00e3o de call to action atraente que ir\u00e1 motivar visitantes do site escrevam novos coment\u00e1rios. Nosso widget pode ajud\u00e1-lo a demonstrar sua excelente prova social na p\u00e1gina da web e come\u00e7ar a adquirir mais novas compras. <\/p> <p><b> vendas apresentando sua excelente avalia\u00e7\u00e3o<\/b><\/p> <\/div> <div class=\"application-platform-content-item-features application-platform-content-item\" id=\"features\" data-nav-section=\"features\"> <h2>O widget possui recursos poderosos e descomplicados, veja alguns deles: <\/h2> <ul><li>Cabe\u00e7alho altern\u00e1vel do plug-in<\/li><li>Uma op\u00e7\u00e3o para mostrar o bot\u00e3o &#8220;Escrever avalia\u00e7\u00e3o&#8221; para atrair usu\u00e1rios para sua p\u00e1gina<\/li><li>Um estilo admir\u00e1vel \u00e9 apenas um clique<\/li><li>Elementos pint\u00e1veis \u200b\u200bda interface<\/li><li>M\u00e1ximo de detalhes para constru\u00e7\u00e3o de confian\u00e7a<\/li><\/ul><p><a href=\"#demo\">Voc\u00ea pode descobrir o recursos completos do widget na demonstra\u00e7\u00e3o aqui<\/a><\/p> <\/div> <div class=\"application-platform-content-item-installation application-platform-content-item\" id=\"installation\" data-nav-section=\"installation\"> <h2>Como adiciono avalia\u00e7\u00f5es completas em meu site WooCommerce? <\/h2> <p>Basta seguir as orienta\u00e7\u00f5es abaixo para ativar o widget. <\/p> <ol><li><b>Use nossa demonstra\u00e7\u00e3o gratuita e comece a criar seu pr\u00f3prio plugin. <\/b><br> Escolha o layout selecionado e os par\u00e2metros do widget e salve as modifica\u00e7\u00f5es. <\/li> <li><b>Adquira o c\u00f3digo individual exposto na janela dos aplicativos Elfsight. <\/b><br> Quando a configura\u00e7\u00e3o da sua ferramenta pessoal estiver conclu\u00edda, copie o c\u00f3digo pessoal no pop-up exibido e guarde-o para uso posterior. <\/li> <li><b>Comece a usar a ferramenta no site WooCommerce. <\/b><br> Insira o c\u00f3digo que voc\u00ea copiou anteriormente em seu site e salve as modifica\u00e7\u00f5es. <\/li> <li><b>A instala\u00e7\u00e3o foi realizada com sucesso. <\/b><br> Acesse sua p\u00e1gina da web para verificar o desempenho da ferramenta. <\/li><\/ol> <p>Caso voc\u00ea tenha algum problema, sinta-se \u00e0 vontade para entrar em contato com nossa equipe de atendimento ao cliente. Nossos consultores est\u00e3o ansiosos para ajud\u00e1-lo com todas as d\u00favidas que voc\u00ea possa ter sobre o widget. <\/p> <div class=\"faq\" data-component=\"FAQ\"> <div class=\"faq-item\">\r\n\t\t\t\t\t<div class=\"faq-item-question\">\r\n\t\t\t\t\t\t<h3 class=\"faq-item-question-text\">Como posso adicionar avalia\u00e7\u00f5es tudo-em-um ao meu site WooCommerce sem conhecimentos de codifica\u00e7\u00e3o?<\/h3>\r\n\r\n\t\t\t\t\t\t<div class=\"faq-item-question-icon\"><\/div>\r\n\t\t\t\t\t<\/div>\r\n\r\n\t\t\t\t\t<div class=\"faq-item-answer\">\r\n\t\t\t\t\t\t<div class=\"faq-item-answer-text\"> <p>A Elfsight fornece uma solu\u00e7\u00e3o SaaS que permite criar um site tudo-em-um Widget de avalia\u00e7\u00f5es voc\u00ea mesmo, veja como o processo \u00e9 f\u00e1cil: Trabalhe diretamente no editor on-line para criar um widget de avalia\u00e7\u00f5es tudo-em-um que voc\u00ea gostaria de ver em seu site WooCommerce. Escolha um dos modelos predefinidos e ajuste as configura\u00e7\u00f5es das Revis\u00f5es Multifuncionais, adicione seu conte\u00fado, altere o layout e o esquema de cores sem nenhuma habilidade de codifica\u00e7\u00e3o. Salve as an\u00e1lises multifuncionais e copie seu c\u00f3digo de instala\u00e7\u00e3o, que voc\u00ea pode colar facilmente em seu site WooCommerce sem comprar uma vers\u00e3o paga. Com nosso editor intuitivo, qualquer usu\u00e1rio da Internet pode criar um widget de avalia\u00e7\u00f5es completas on-line e incorpor\u00e1-lo facilmente em seu site WooCommerce. N\u00e3o h\u00e1 necessidade de pagar ou inserir as credenciais do seu cart\u00e3o para acessar o servi\u00e7o. Se voc\u00ea enfrentar qualquer problema em qualquer etapa, n\u00e3o hesite em entrar em contato com nossa equipe de suporte t\u00e9cnico.<\/p> <\/div>\r\n\t\t\t\t\t<\/div>\r\n\t\t\t\t<\/div> <\/div> <\/div>\n","protected":false},"excerpt":{"rendered":"","protected":false},"author":9,"featured_media":0,"parent":366,"menu_order":0,"comment_status":"closed","ping_status":"closed","template":"templates\/template-application-platform.php","meta":{"publish_to_discourse":"","publish_post_category":"","wpdc_auto_publish_overridden":"","wpdc_topic_tags":"","wpdc_pin_topic":"","wpdc_pin_until":"","discourse_post_id":"","discourse_permalink":"","wpdc_publishing_response":"","wpdc_publishing_error":"","footnotes":""},"class_list":["post-3586","page","type-page","status-publish","hentry"],"yoast_head":"<!-- This site is optimized with the Yoast SEO plugin v25.3.1 - https:\/\/yoast.com\/wordpress\/plugins\/seo\/ -->\n<title>Adicione o plugin All-in-One Reviews ao seu site WooCommerce<\/title>\n<meta name=\"description\" content=\"Adicione um aplicativo de avalia\u00e7\u00f5es responsivo ao seu site WooCommerce e obtenha confian\u00e7a total. Utilize a demonstra\u00e7\u00e3o pr\u00e1tica da Elfsight para criar seu recurso exclusivo.\" \/>\n<meta name=\"robots\" content=\"index, follow, max-snippet:-1, max-image-preview:large, max-video-preview:-1\" \/>\n<link rel=\"canonical\" href=\"https:\/\/elfsight.com\/pt\/all-in-one-reviews-widget\/woocommerce\/\" \/>\n<meta property=\"og:locale\" content=\"pt_PT\" \/>\n<meta property=\"og:type\" content=\"article\" \/>\n<meta property=\"og:title\" content=\"Adicione o plugin All-in-One Reviews ao seu site WooCommerce\" \/>\n<meta property=\"og:description\" content=\"Adicione um aplicativo de avalia\u00e7\u00f5es responsivo ao seu site WooCommerce e obtenha confian\u00e7a total. Utilize a demonstra\u00e7\u00e3o pr\u00e1tica da Elfsight para criar seu recurso exclusivo.\" \/>\n<meta property=\"og:url\" content=\"https:\/\/elfsight.com\/pt\/all-in-one-reviews-widget\/woocommerce\/\" \/>\n<meta property=\"og:site_name\" content=\"Elfsight PT\" \/>\n<meta property=\"article:modified_time\" content=\"2025-01-31T15:29:55+00:00\" \/>\n<meta name=\"twitter:card\" content=\"summary_large_image\" \/>\n<meta name=\"twitter:label1\" content=\"Tempo estimado de leitura\" \/>\n\t<meta name=\"twitter:data1\" content=\"3 minutos\" \/>\n<!-- \/ Yoast SEO plugin. -->","yoast_head_json":{"title":"Adicione o plugin All-in-One Reviews ao seu site WooCommerce","description":"Adicione um aplicativo de avalia\u00e7\u00f5es responsivo ao seu site WooCommerce e obtenha confian\u00e7a total. Utilize a demonstra\u00e7\u00e3o pr\u00e1tica da Elfsight para criar seu recurso exclusivo.","robots":{"index":"index","follow":"follow","max-snippet":"max-snippet:-1","max-image-preview":"max-image-preview:large","max-video-preview":"max-video-preview:-1"},"canonical":"https:\/\/elfsight.com\/pt\/all-in-one-reviews-widget\/woocommerce\/","og_locale":"pt_PT","og_type":"article","og_title":"Adicione o plugin All-in-One Reviews ao seu site WooCommerce","og_description":"Adicione um aplicativo de avalia\u00e7\u00f5es responsivo ao seu site WooCommerce e obtenha confian\u00e7a total. Utilize a demonstra\u00e7\u00e3o pr\u00e1tica da Elfsight para criar seu recurso exclusivo.","og_url":"https:\/\/elfsight.com\/pt\/all-in-one-reviews-widget\/woocommerce\/","og_site_name":"Elfsight PT","article_modified_time":"2025-01-31T15:29:55+00:00","twitter_card":"summary_large_image","twitter_misc":{"Tempo estimado de leitura":"3 minutos"},"schema":{"@context":"https:\/\/schema.org","@graph":[{"@type":"WebPage","@id":"https:\/\/elfsight.com\/pt\/all-in-one-reviews-widget\/woocommerce\/","url":"https:\/\/elfsight.com\/pt\/all-in-one-reviews-widget\/woocommerce\/","name":"Adicione o plugin All-in-One Reviews ao seu site WooCommerce","isPartOf":{"@id":"https:\/\/elfsight.com\/pt\/#website"},"datePublished":"2024-05-03T06:27:07+00:00","dateModified":"2025-01-31T15:29:55+00:00","description":"Adicione um aplicativo de avalia\u00e7\u00f5es responsivo ao seu site WooCommerce e obtenha confian\u00e7a total. Utilize a demonstra\u00e7\u00e3o pr\u00e1tica da Elfsight para criar seu recurso exclusivo.","breadcrumb":{"@id":"https:\/\/elfsight.com\/pt\/all-in-one-reviews-widget\/woocommerce\/#breadcrumb"},"inLanguage":"pt-PT","potentialAction":[{"@type":"ReadAction","target":["https:\/\/elfsight.com\/pt\/all-in-one-reviews-widget\/woocommerce\/"]}]},{"@type":"BreadcrumbList","@id":"https:\/\/elfsight.com\/pt\/all-in-one-reviews-widget\/woocommerce\/#breadcrumb","itemListElement":[{"@type":"ListItem","position":1,"name":"Home","item":"https:\/\/elfsight.com\/pt\/"},{"@type":"ListItem","position":2,"name":"All-in-One Reviews","item":"https:\/\/elfsight.com\/pt\/all-in-one-reviews-widget\/"},{"@type":"ListItem","position":3,"name":"All-in-One Reviews &#8211; WooCommerce"}]},{"@type":"WebSite","@id":"https:\/\/elfsight.com\/pt\/#website","url":"https:\/\/elfsight.com\/pt\/","name":"Elfsight PT","description":"Just another Elfsight Sites site","potentialAction":[{"@type":"SearchAction","target":{"@type":"EntryPoint","urlTemplate":"https:\/\/elfsight.com\/pt\/?s={search_term_string}"},"query-input":{"@type":"PropertyValueSpecification","valueRequired":true,"valueName":"search_term_string"}}],"inLanguage":"pt-PT"}]}},"meta_box":{"industry":"","seo_heading":"","heading":"","description":"","cta_heading":"","cta_description":"","application":"364","h1":"Plug-in de avalia\u00e7\u00f5es multifuncionais WooCommerce","h1_caption":"Aumente a confian\u00e7a mostrando avalia\u00e7\u00f5es de usu\u00e1rios reais com dados do autor","application_category":[],"applications_title":"","applications_request_title":"","applications_request_button_text":"","hero_text":"","hero_video":"","hero_video_schema_markup":"","selling_points_title":"","selling_points_caption":"","selling_points":[],"selling_points_cta_text":"","features_title":"","features":"","ed_cta_examples_text":"","ed_cta_examples_hidden":"","ed_cta_demo_text":"","ed_cta_demo_hidden":"","why_caption":"","why_editor_title":"","why_editor_text":"","why_team_title":"","why_team_text":"","why_service_title":"","why_service_text":"","template_catalog_visible":"0","template_catalog_title":"","template_catalog_text":"","template_catalog_categories_visible":"","demo_title":"Crie seu aplicativo All-in-One Reviews","demo_caption":"Configure suas an\u00e1lises multifuncionais e adicione-as ao seu site WooCommerce gratuitamente!","default_faq_hidden":"","app_template_category":[],"platform":"4920","template_public_id":"","codecanyon_url":"","codecanyon_item_id":"","codecanyon_price":"","pricing_caption":"","pricing_elfsight_apps_hide_column":"","pricing_elfsight_apps_url":"","pricing_codecanyon_price_caption":"","integration_category":[],"integration_request_title":"","integration_request_cta":"","integration_platform":"","integrations":[],"platform_category":[],"video_schema_markup":"","price":"a partir de US$ 0\/m\u00eas","trial":"","benefits":[{"text":"Atendimento ao cliente eficaz"},{"text":"Ajuda de instala\u00e7\u00e3o gratuita"},{"text":"Garantia de devolu\u00e7\u00e3o do dinheiro em 14 dias"},{"text":"Atualizando constantemente"}],"button_url":"#demo","button_target_blank":"0","button_nofollow":"0","attributes":[{"name":"Instala\u00e7\u00f5es","content":"100,000 - 500,000","_state":"expanded"},{"name":"Responsivo","content":"Sim","_state":"expanded"},{"name":"Navegadores compat\u00edveis","content":"Firefox, Safari, Opera, Chrome, Edge"}],"tags":[],"tags_disable_links":"0","hide_more_platforms":"","video_object":"","demo_hide_cta":"0","demo_hide_cloud_options":"0","pricing_title":"","pricing":[{"pricing_icon":"platform","pricing_title":"Elfsight Apps","pricing_title_caption":"Software multiplataforma que funciona em qualquer site","pricing_price":"a partir de US$ 0\/m\u00eas","pricing_price_caption":"comece com um plano gratuito","pricing_benefits":[{"text":"Dom\u00ednios ilimitados"},{"text":"Suporte profissional e bem documentado"},{"text":"Suporte profissional e bem documentado"},{"text":"Design flex\u00edvel"}],"pricing_button_text":"Adicionar ao site","pricing_button_url":"#demo","_state":"expanded"}],"related_apps_title":"","related_apps_hidden":"1","author":"","image":[],"title":"","job":"","social_networks":[]},"_links":{"self":[{"href":"https:\/\/elfsight.com\/pt\/wp-json\/wp\/v2\/pages\/3586","targetHints":{"allow":["GET"]}}],"collection":[{"href":"https:\/\/elfsight.com\/pt\/wp-json\/wp\/v2\/pages"}],"about":[{"href":"https:\/\/elfsight.com\/pt\/wp-json\/wp\/v2\/types\/page"}],"author":[{"embeddable":true,"href":"https:\/\/elfsight.com\/pt\/wp-json\/wp\/v2\/users\/9"}],"replies":[{"embeddable":true,"href":"https:\/\/elfsight.com\/pt\/wp-json\/wp\/v2\/comments?post=3586"}],"version-history":[{"count":3,"href":"https:\/\/elfsight.com\/pt\/wp-json\/wp\/v2\/pages\/3586\/revisions"}],"predecessor-version":[{"id":13745,"href":"https:\/\/elfsight.com\/pt\/wp-json\/wp\/v2\/pages\/3586\/revisions\/13745"}],"up":[{"embeddable":true,"href":"https:\/\/elfsight.com\/pt\/wp-json\/wp\/v2\/pages\/366"}],"wp:attachment":[{"href":"https:\/\/elfsight.com\/pt\/wp-json\/wp\/v2\/media?parent=3586"}],"curies":[{"name":"wp","href":"https:\/\/api.w.org\/{rel}","templated":true}]}}