{"id":3578,"date":"2024-05-03T06:27:09","date_gmt":"2024-05-03T06:27:09","guid":{"rendered":"https:\/\/elfsight.com\/pt\/?page_id=3578"},"modified":"2024-11-13T11:23:56","modified_gmt":"2024-11-13T11:23:56","slug":"wix","status":"publish","type":"page","link":"https:\/\/elfsight.com\/pt\/all-in-one-reviews-widget\/wix\/","title":{"rendered":"All-in-One Reviews &#8211; Wix"},"content":{"rendered":"<div class=\"application-platform-content-item-description application-platform-content-item\" id=\"description\" data-nav-section=\"description\"> <h2>Descri\u00e7\u00e3o<\/h2> <p>Elfsight All-in-One Reviews \u00e9 um aplicativo \u00fatil para Wix que oferece a possibilidade de demonstrar todos os depoimentos sobre sua empresa diretamente em sua p\u00e1gina da web em todos os sites de avalia\u00e7\u00e3o populares. Empregando nossa ferramenta, voc\u00ea conseguir\u00e1 usar filtros para ocultar coment\u00e1rios indesejados, demonstrar sua classifica\u00e7\u00e3o e n\u00fameros de sua p\u00e1gina em qualquer plataforma de avalia\u00e7\u00e3o de neg\u00f3cios, adicionar informa\u00e7\u00f5es sobre os criadores dos depoimentos e adicionar um bot\u00e3o CTA atraente que motivar\u00e1 os usu\u00e1rios a postar seu coment\u00e1rio. Nossa ferramenta existe para ajud\u00e1-lo a exibir sua impressionante prova social em sua p\u00e1gina da web e come\u00e7ar a obter mais novas compras. <\/p> <p><b>Aumente as vendas apresentando sua avalia\u00e7\u00e3o not\u00e1vel<\/b><\/p> <\/div> <div class=\"application-platform-content-item-features application-platform-content-item\" id=\"features\" data-nav-section=\"features\"> <h2>Oferecemos recursos valiosos e r\u00e1pidos, confira alguns deles : <\/h2> <ul><li>Uma op\u00e7\u00e3o para ativar\/desativar o cabe\u00e7alho do aplicativo<\/li><li>Revise o bot\u00e3o &#8220;Escrever avalia\u00e7\u00e3o&#8221; para atrair usu\u00e1rios para sua p\u00e1gina<\/li><li>Admir\u00e1vel o estilo est\u00e1 a um clique de dist\u00e2ncia<\/li><li>Componentes pint\u00e1veis \u200b\u200bda interface do widget<\/li><li>M\u00e1ximo de detalhes para constru\u00e7\u00e3o de confian\u00e7a<\/li><\/ul><p><a href=\"#demo\"> Voc\u00ea pode ver quando o widget \u00e9 oferecido com a ajuda da demonstra\u00e7\u00e3o<\/a><\/p> <\/div> <div class=\"application-platform-content-item-installation application-platform-content-item\" id=\"installation\" data-nav-section=\"installation\"> <h2>Como posso adicionar avalia\u00e7\u00f5es completas em meu site Wix p\u00e1gina? <\/h2> <p>Basta seguir as instru\u00e7\u00f5es abaixo para adicionar o widget. <\/p> <ol><li><b>Inicie nosso editor gratuito e comece a criar seu aplicativo personalizado. <\/b><br> Determine a interface personalizada e os par\u00e2metros da ferramenta e aplique as edi\u00e7\u00f5es. <\/li> <li><b>Adquira o seu c\u00f3digo individual mostrado na caixa nas aplica\u00e7\u00f5es Elfsight. <\/b><br> Ap\u00f3s a conclus\u00e3o da cria\u00e7\u00e3o da sua ferramenta, copie o c\u00f3digo exclusivo da caixa exibida e guarde-o para uso futuro. <\/li> <li><b>Iniciar a utiliza\u00e7\u00e3o do widget no site Wix. <\/b><br> Adicione o c\u00f3digo que voc\u00ea salvou recentemente em sua p\u00e1gina da web e salve as edi\u00e7\u00f5es. <\/li> <li><b>A instala\u00e7\u00e3o foi realizada com sucesso. <\/b><br> Acesse seu site para ver o funcionamento da ferramenta. <\/li><\/ol> <p>Caso tenha d\u00favidas ou encontre algum problema, n\u00e3o tenha medo de solicitar nossa equipe de atendimento ao cliente. Nossos especialistas desejam resolver todos os problemas que voc\u00ea possa ter com o produto. <\/p> <div class=\"faq\" data-component=\"FAQ\"> <div class=\"faq-item\">\r\n\t\t\t\t\t<div class=\"faq-item-question\">\r\n\t\t\t\t\t\t<h3 class=\"faq-item-question-text\">Como posso adicionar Avalia\u00e7\u00f5es All-in-one ao meu site Wix sem habilidades de codifica\u00e7\u00e3o?<\/h3>\r\n\r\n\t\t\t\t\t\t<div class=\"faq-item-question-icon\"><\/div>\r\n\t\t\t\t\t<\/div>\r\n\r\n\t\t\t\t\t<div class=\"faq-item-answer\">\r\n\t\t\t\t\t\t<div class=\"faq-item-answer-text\"> <p>A Elfsight fornece uma solu\u00e7\u00e3o SaaS que permite criar uma All-in-one Widget de Avalia\u00e7\u00f5es voc\u00ea mesmo, veja como o processo \u00e9 f\u00e1cil: Trabalhe diretamente no Editor on-line para criar um widget de Avalia\u00e7\u00f5es Tudo-em-um que voc\u00ea gostaria de ver em seu site Wix. Escolha um dos modelos predefinidos e ajuste as configura\u00e7\u00f5es das Revis\u00f5es Multifuncionais, adicione seu conte\u00fado, altere o layout e as cores sem habilidades de codifica\u00e7\u00e3o. Salve as Revis\u00f5es do Multifuncional e copie seu c\u00f3digo de instala\u00e7\u00e3o, que voc\u00ea pode colar em seu site Wix sem a necessidade de comprar uma assinatura paga. Com nosso editor intuitivo, qualquer usu\u00e1rio da Internet pode criar um widget de Avalia\u00e7\u00f5es Tudo-em-um online e incorpor\u00e1-lo facilmente ao seu site Wix. N\u00e3o h\u00e1 necessidade de pagar ou inserir as credenciais do seu cart\u00e3o para acessar o servi\u00e7o. Se voc\u00ea enfrentar qualquer problema em qualquer etapa, n\u00e3o hesite em entrar em contato com nossa equipe de suporte t\u00e9cnico.<\/p> <\/div>\r\n\t\t\t\t\t<\/div>\r\n\t\t\t\t<\/div> <\/div> <\/div>","protected":false},"excerpt":{"rendered":"","protected":false},"author":9,"featured_media":0,"parent":366,"menu_order":0,"comment_status":"closed","ping_status":"closed","template":"templates\/template-application-platform.php","meta":{"publish_to_discourse":"","publish_post_category":"","wpdc_auto_publish_overridden":"","wpdc_topic_tags":"","wpdc_pin_topic":"","wpdc_pin_until":"","discourse_post_id":"","discourse_permalink":"","wpdc_publishing_response":"","wpdc_publishing_error":"","footnotes":""},"class_list":["post-3578","page","type-page","status-publish","hentry"],"yoast_head":"<!-- This site is optimized with the Yoast SEO plugin v25.3.1 - https:\/\/yoast.com\/wordpress\/plugins\/seo\/ -->\n<title>Adicione um aplicativo All-in-One Reviews responsivo ao seu site Wix<\/title>\n<meta name=\"description\" content=\"Adicione uma extens\u00e3o de coment\u00e1rios responsiva ao seu site Wix e ganhe total confian\u00e7a. Use a demonstra\u00e7\u00e3o pr\u00e1tica da Elfsight para criar sua ferramenta exclusiva em menos de tr\u00eas minutos.\" \/>\n<meta name=\"robots\" content=\"index, follow, max-snippet:-1, max-image-preview:large, max-video-preview:-1\" \/>\n<link rel=\"canonical\" href=\"https:\/\/elfsight.com\/pt\/all-in-one-reviews-widget\/wix\/\" \/>\n<meta property=\"og:locale\" content=\"pt_PT\" \/>\n<meta property=\"og:type\" content=\"article\" \/>\n<meta property=\"og:title\" content=\"Adicione um aplicativo All-in-One Reviews responsivo ao seu site Wix\" \/>\n<meta property=\"og:description\" content=\"Adicione uma extens\u00e3o de coment\u00e1rios responsiva ao seu site Wix e ganhe total confian\u00e7a. Use a demonstra\u00e7\u00e3o pr\u00e1tica da Elfsight para criar sua ferramenta exclusiva em menos de tr\u00eas minutos.\" \/>\n<meta property=\"og:url\" content=\"https:\/\/elfsight.com\/pt\/all-in-one-reviews-widget\/wix\/\" \/>\n<meta property=\"og:site_name\" content=\"Elfsight PT\" \/>\n<meta property=\"article:modified_time\" content=\"2024-11-13T11:23:56+00:00\" \/>\n<meta name=\"twitter:card\" content=\"summary_large_image\" \/>\n<meta name=\"twitter:label1\" content=\"Tempo estimado de leitura\" \/>\n\t<meta name=\"twitter:data1\" content=\"2 minutos\" \/>\n<!-- \/ Yoast SEO plugin. -->","yoast_head_json":{"title":"Adicione um aplicativo All-in-One Reviews responsivo ao seu site Wix","description":"Adicione uma extens\u00e3o de coment\u00e1rios responsiva ao seu site Wix e ganhe total confian\u00e7a. Use a demonstra\u00e7\u00e3o pr\u00e1tica da Elfsight para criar sua ferramenta exclusiva em menos de tr\u00eas minutos.","robots":{"index":"index","follow":"follow","max-snippet":"max-snippet:-1","max-image-preview":"max-image-preview:large","max-video-preview":"max-video-preview:-1"},"canonical":"https:\/\/elfsight.com\/pt\/all-in-one-reviews-widget\/wix\/","og_locale":"pt_PT","og_type":"article","og_title":"Adicione um aplicativo All-in-One Reviews responsivo ao seu site Wix","og_description":"Adicione uma extens\u00e3o de coment\u00e1rios responsiva ao seu site Wix e ganhe total confian\u00e7a. Use a demonstra\u00e7\u00e3o pr\u00e1tica da Elfsight para criar sua ferramenta exclusiva em menos de tr\u00eas minutos.","og_url":"https:\/\/elfsight.com\/pt\/all-in-one-reviews-widget\/wix\/","og_site_name":"Elfsight PT","article_modified_time":"2024-11-13T11:23:56+00:00","twitter_card":"summary_large_image","twitter_misc":{"Tempo estimado de leitura":"2 minutos"},"schema":{"@context":"https:\/\/schema.org","@graph":[{"@type":"WebPage","@id":"https:\/\/elfsight.com\/pt\/all-in-one-reviews-widget\/wix\/","url":"https:\/\/elfsight.com\/pt\/all-in-one-reviews-widget\/wix\/","name":"Adicione um aplicativo All-in-One Reviews responsivo ao seu site Wix","isPartOf":{"@id":"https:\/\/elfsight.com\/pt\/#website"},"datePublished":"2024-05-03T06:27:09+00:00","dateModified":"2024-11-13T11:23:56+00:00","description":"Adicione uma extens\u00e3o de coment\u00e1rios responsiva ao seu site Wix e ganhe total confian\u00e7a. Use a demonstra\u00e7\u00e3o pr\u00e1tica da Elfsight para criar sua ferramenta exclusiva em menos de tr\u00eas minutos.","breadcrumb":{"@id":"https:\/\/elfsight.com\/pt\/all-in-one-reviews-widget\/wix\/#breadcrumb"},"inLanguage":"pt-PT","potentialAction":[{"@type":"ReadAction","target":["https:\/\/elfsight.com\/pt\/all-in-one-reviews-widget\/wix\/"]}]},{"@type":"BreadcrumbList","@id":"https:\/\/elfsight.com\/pt\/all-in-one-reviews-widget\/wix\/#breadcrumb","itemListElement":[{"@type":"ListItem","position":1,"name":"Home","item":"https:\/\/elfsight.com\/pt\/"},{"@type":"ListItem","position":2,"name":"All-in-One Reviews","item":"https:\/\/elfsight.com\/pt\/all-in-one-reviews-widget\/"},{"@type":"ListItem","position":3,"name":"All-in-One Reviews &#8211; Wix"}]},{"@type":"WebSite","@id":"https:\/\/elfsight.com\/pt\/#website","url":"https:\/\/elfsight.com\/pt\/","name":"Elfsight PT","description":"Just another Elfsight Sites site","potentialAction":[{"@type":"SearchAction","target":{"@type":"EntryPoint","urlTemplate":"https:\/\/elfsight.com\/pt\/?s={search_term_string}"},"query-input":{"@type":"PropertyValueSpecification","valueRequired":true,"valueName":"search_term_string"}}],"inLanguage":"pt-PT"}]}},"meta_box":{"industry":"","seo_heading":"","heading":"","description":"","cta_heading":"","cta_description":"","application":"364","h1":"Aplicativo Wix All-in-One Reviews","h1_caption":"Aumente a confian\u00e7a mostrando avalia\u00e7\u00f5es de usu\u00e1rios reais com informa\u00e7\u00f5es do autor","application_category":[],"applications_title":"","applications_request_title":"","applications_request_button_text":"","hero_text":"","hero_video":"","hero_video_schema_markup":"","selling_points_title":"","selling_points_caption":"","selling_points":[],"selling_points_cta_text":"","features_title":"","features":"","ed_cta_examples_text":"","ed_cta_examples_hidden":"","ed_cta_demo_text":"","ed_cta_demo_hidden":"","why_caption":"","why_editor_title":"","why_editor_text":"","why_team_title":"","why_team_text":"","why_service_title":"","why_service_text":"","template_catalog_visible":"","template_catalog_title":"","template_catalog_text":"","template_catalog_categories_visible":"","demo_title":"Crie seu aplicativo All-in-One Reviews","demo_caption":"Configure suas an\u00e1lises multifuncionais e adicione-as ao seu site Wix gratuitamente!","default_faq_hidden":"","app_template_category":[],"platform":"37","template_public_id":"","codecanyon_url":"","codecanyon_item_id":"","codecanyon_price":"","pricing_caption":"","pricing_elfsight_apps_hide_column":"","pricing_elfsight_apps_url":"","pricing_codecanyon_price_caption":"","integration_category":[],"integration_request_title":"","integration_request_cta":"","integration_platform":"","integrations":[],"platform_category":[],"video_schema_markup":"","price":"a partir de US$ 0\/m\u00eas","trial":"","benefits":[{"text":"Ajuda de instala\u00e7\u00e3o gratuita"},{"text":"Suporte experiente"},{"text":"Garantia de devolu\u00e7\u00e3o do dinheiro em 14 dias"},{"text":"Melhorias futuras"}],"button_url":"#demo","button_target_blank":"0","button_nofollow":"0","attributes":[{"name":"Instala\u00e7\u00f5es","content":"100,000 - 500,000","_state":"expanded"},{"name":"Responsivo","content":"Sim","_state":"expanded"},{"name":"Navegadores compat\u00edveis","content":"Opera, Chrome, Firefox, Edge, Safari"}],"tags":[],"tags_disable_links":"0","hide_more_platforms":"","video_object":"","demo_hide_cta":"0","demo_hide_cloud_options":"0","pricing_title":"","pricing":[{"pricing_icon":"platform","pricing_title":"Elfsight Apps","pricing_title_caption":"Solu\u00e7\u00e3o digital multiplataforma","pricing_price":"a partir de US$ 0\/m\u00eas","pricing_price_caption":"comece com plano gratuito","pricing_benefits":[{"text":"Sites ilimitados"},{"text":"Suporte r\u00e1pido"},{"text":"Suporte r\u00e1pido"},{"text":"100% personaliz\u00e1vel"}],"pricing_button_text":"Adicionar ao site","pricing_button_url":"#demo","_state":"expanded"}],"related_apps_title":"","related_apps_hidden":"1","author":"","image":[],"title":"","job":"","social_networks":[]},"_links":{"self":[{"href":"https:\/\/elfsight.com\/pt\/wp-json\/wp\/v2\/pages\/3578","targetHints":{"allow":["GET"]}}],"collection":[{"href":"https:\/\/elfsight.com\/pt\/wp-json\/wp\/v2\/pages"}],"about":[{"href":"https:\/\/elfsight.com\/pt\/wp-json\/wp\/v2\/types\/page"}],"author":[{"embeddable":true,"href":"https:\/\/elfsight.com\/pt\/wp-json\/wp\/v2\/users\/9"}],"replies":[{"embeddable":true,"href":"https:\/\/elfsight.com\/pt\/wp-json\/wp\/v2\/comments?post=3578"}],"version-history":[{"count":2,"href":"https:\/\/elfsight.com\/pt\/wp-json\/wp\/v2\/pages\/3578\/revisions"}],"predecessor-version":[{"id":11563,"href":"https:\/\/elfsight.com\/pt\/wp-json\/wp\/v2\/pages\/3578\/revisions\/11563"}],"up":[{"embeddable":true,"href":"https:\/\/elfsight.com\/pt\/wp-json\/wp\/v2\/pages\/366"}],"wp:attachment":[{"href":"https:\/\/elfsight.com\/pt\/wp-json\/wp\/v2\/media?parent=3578"}],"curies":[{"name":"wp","href":"https:\/\/api.w.org\/{rel}","templated":true}]}}