{"id":3572,"date":"2024-05-03T06:26:45","date_gmt":"2024-05-03T06:26:45","guid":{"rendered":"https:\/\/elfsight.com\/pt\/?page_id=3572"},"modified":"2025-02-11T13:23:20","modified_gmt":"2025-02-11T13:23:20","slug":"weebly","status":"publish","type":"page","link":"https:\/\/elfsight.com\/pt\/all-in-one-chat-widget\/weebly\/","title":{"rendered":"All-in-One Chat &#8211; Weebly"},"content":{"rendered":"\n<div class=\"application-platform-content-item-description application-platform-content-item\" id=\"description\" data-nav-section=\"description\"> <h2>Descri\u00e7\u00e3o<\/h2> <p>O aplicativo All-in-One Online Chat da Elfsight \u00e9 uma das maneiras mais r\u00e1pidas de os usu\u00e1rios entrarem em contato com voc\u00ea e obtenha suporte seu. Voc\u00ea ficar\u00e1 dispon\u00edvel ao vivo em todos os chats mais usados \u200b\u200b24 horas por dia, 7 dias por semana. Integre o aplicativo ao seu site e ele pode ser configurado para aparecer em p\u00e1ginas selecionadas ou para determinadas categorias de p\u00fablico, escolher iniciadores de chat, definir sua mensagem de boas-vindas, definir \u00edcones e outros recursos. Usando o widget ativo voc\u00ea estar\u00e1 conectado para pessoas a qualquer momento e em qualquer local.<\/p> <p><b>Todos os mensageiros mais populares como WhatsApp, Facebook, Telegram, Viber e muito mais em um para o mais eficiente e intera\u00e7\u00e3o confort\u00e1vel com os clientes! <\/b><\/p> <p><b>Consolide as solicita\u00e7\u00f5es dos seus clientes<\/b><br>Ao mesclar todos os canais de comunica\u00e7\u00e3o proeminentes em nosso aplicativo Chat box, voc\u00ea poder\u00e1 lidar com in\u00fameras tarefas em um \u00fanico local , aumentando a satisfa\u00e7\u00e3o do cliente.<\/p><p><b>Ferramenta altamente personaliz\u00e1vel<\/b><br>Line, Viber, Discord, Telegram, Facebook Messenger, WhatsApp, &#8211; voc\u00ea pode us\u00e1-los todos juntos ou escolher o aqueles que atendem \u00e0s suas necessidades, ajustando suas cores, tamanho e muito mais.<\/b><p><b>Ofere\u00e7a uma conversa em tempo real<\/b><br>Ao colocar o plugin de chat ao vivo nas p\u00e1ginas do seu site, voc\u00ea se familiarizar\u00e1 com seus visitantes mais rapidamente, fornecendo-lhes um servi\u00e7o de primeira linha e prestando servi\u00e7os com mais conhecimento.<\/b><\/div> <div class=\"application-platform-content-item-features application-platform-content-item\" id=\"features\" data-nav-section=\"features\"> <h2>Essas s\u00e3o apenas algumas das muitas recursos do widget: <\/h2> <ul><li>Adicione o mensageiro All-in-One Online Chat Box em seu site para conversar com os visitantes. <\/li><li>Tr\u00eas tipos de posi\u00e7\u00e3o de bate-papo: bal\u00e3o flutuante, bal\u00e3o incorporado e janela de bate-papo incorporada. <\/li><li>Uma biblioteca de \u00edcones de bolhas para voc\u00ea escolher. <\/li><li>Cabe\u00e7alho de bate-papo flex\u00edvel com logotipo, nome e legenda da p\u00e1gina.<\/li><li>Escolha a imagem da p\u00e1gina por padr\u00e3o, na biblioteca ou carregue uma imagem personalizada. <\/li><\/ul><p><a href=\"#demo\">Experimente todas as configura\u00e7\u00f5es na demonstra\u00e7\u00e3o 100% funcional<\/a><\/p> <\/div> <div class=\"application-platform-content-item-installation application-platform-content-item\" id=\"installation\" data-nav-section=\"installation\"> <h2>Como fa\u00e7o para incorporar o aplicativo Live Chat ao meu site do Weebly? <\/h2> <div class=\"video-container\"><iframe width=\"720\" height=\"405\" src=\"https:\/\/www.youtube.com\/embed\/Rqc0bbNNi8Q\" frameborder=\"0\" allowfullscreen=\"\"><\/iframe><\/div><p>Basta seguir as etapas apresentadas abaixo para come\u00e7ar a trabalhar com a ferramenta. <\/p> <ol><li><b>Realize nosso configurador gratuito e comece a formar seu aplicativo personalizado. <\/b><br> Encontre a apar\u00eancia e o desempenho desejados do widget e aplique todas as corre\u00e7\u00f5es. <\/li> <li><b>Receba o seu c\u00f3digo pessoal que aparece na caixa das aplica\u00e7\u00f5es Elfsight. <\/b><br> Quando a cria\u00e7\u00e3o do seu widget for conclu\u00edda, copie o seu c\u00f3digo no pop-up que aparece e salve-o para uso posterior. <\/li> <li><b>Iniciar a utiliza\u00e7\u00e3o do aplicativo na p\u00e1gina do Weebly. <\/b><br> Insira o c\u00f3digo copiado anteriormente em seu site e salve as melhorias. <\/li> <li><b>A instala\u00e7\u00e3o foi realizada com sucesso. <\/b><br> Abra seu site para ver o funcionamento do aplicativo Live Chat.<\/li><\/ol><p>Se voc\u00ea tiver alguma dificuldade, sinta-se \u00e0 vontade para entrar em contato com nossa equipe de atendimento ao cliente. Nossos consultores est\u00e3o ansiosos para resolver todas as d\u00favidas que voc\u00ea possa ter com a ferramenta. <\/p> <\/div><div class=\"faq\" data-component=\"FAQ\"><div class=\"faq-item\">\r\n\t\t\t\t\t<div class=\"faq-item-question\">\r\n\t\t\t\t\t\t<h3 class=\"faq-item-question-text\">De que forma adiciono um Live Chat ao meu site Weebly?<\/h3>\r\n\r\n\t\t\t\t\t\t<div class=\"faq-item-question-icon\"><\/div>\r\n\t\t\t\t\t<\/div>\r\n\r\n\t\t\t\t\t<div class=\"faq-item-answer\">\r\n\t\t\t\t\t\t<div class=\"faq-item-answer-text\"><p>A cria\u00e7\u00e3o do widget acontece nas p\u00e1ginas da Elfsight e n\u00e3o h\u00e1 necessidade de aprender codifica\u00e7\u00e3o. V\u00e1 para a demonstra\u00e7\u00e3o ao vivo para ajustar seu pr\u00f3prio plugin, obter o c\u00f3digo e integr\u00e1-lo ao seu site. <\/p><\/div>\r\n\t\t\t\t\t<\/div>\r\n\t\t\t\t<\/div><div class=\"faq-item\">\r\n\t\t\t\t\t<div class=\"faq-item-question\">\r\n\t\t\t\t\t\t<h3 class=\"faq-item-question-text\">As melhores maneiras de usar a integra\u00e7\u00e3o do Live Chat<\/h3>\r\n\r\n\t\t\t\t\t\t<div class=\"faq-item-question-icon\"><\/div>\r\n\t\t\t\t\t<\/div>\r\n\r\n\t\t\t\t\t<div class=\"faq-item-answer\">\r\n\t\t\t\t\t\t<div class=\"faq-item-answer-text\"><p>Temos muitas op\u00e7\u00f5es de personaliza\u00e7\u00e3o: widgets completos para inserir na se\u00e7\u00e3o de conte\u00fado, widgets flutuantes para op\u00e7\u00f5es de rolagem, miniaturas para o rodap\u00e9, se\u00e7\u00e3o principal e todas as varia\u00e7\u00f5es de oportunidades verticais para barras laterais e menus do site. <\/p><\/div>\r\n\t\t\t\t\t<\/div>\r\n\t\t\t\t<\/div><div class=\"faq-item\">\r\n\t\t\t\t\t<div class=\"faq-item-question\">\r\n\t\t\t\t\t\t<h3 class=\"faq-item-question-text\">Posso criar um chat ao vivo de suporte ou feedback atrav\u00e9s da ag\u00eancia do seu editor?<\/h3>\r\n\r\n\t\t\t\t\t\t<div class=\"faq-item-question-icon\"><\/div>\r\n\t\t\t\t\t<\/div>\r\n\r\n\t\t\t\t\t<div class=\"faq-item-answer\">\r\n\t\t\t\t\t\t<div class=\"faq-item-answer-text\"><p>Voc\u00ea pode fazer altera\u00e7\u00f5es em qualquer widget. Existem v\u00e1rios layouts dispon\u00edveis no editor e todos eles podem ser personalizados rapidamente conforme sua necessidade. <\/p><\/div>\r\n\t\t\t\t\t<\/div>\r\n\t\t\t\t<\/div><\/div>\n","protected":false},"excerpt":{"rendered":"","protected":false},"author":9,"featured_media":0,"parent":1097,"menu_order":0,"comment_status":"closed","ping_status":"closed","template":"templates\/template-application-platform.php","meta":{"publish_to_discourse":"","publish_post_category":"","wpdc_auto_publish_overridden":"","wpdc_topic_tags":"","wpdc_pin_topic":"","wpdc_pin_until":"","discourse_post_id":"","discourse_permalink":"","wpdc_publishing_response":"","wpdc_publishing_error":"","footnotes":""},"class_list":["post-3572","page","type-page","status-publish","hentry"],"yoast_head":"<!-- This site is optimized with the Yoast SEO plugin v25.3.1 - https:\/\/yoast.com\/wordpress\/plugins\/seo\/ -->\n<title>Bate-papo ao vivo \u2013 adicione widget de bate-papo online aos sites do Weebly (gratuito e f\u00e1cil)<\/title>\n<meta name=\"description\" content=\"Adicione seu aplicativo All-in-One Live Chat ao Weebly no 1-2-3. Use nossa demonstra\u00e7\u00e3o ativa para criar seu aplicativo de bate-papo online exclusivo com rapidez e sem codifica\u00e7\u00e3o.\" \/>\n<meta name=\"robots\" content=\"index, follow, max-snippet:-1, max-image-preview:large, max-video-preview:-1\" \/>\n<link rel=\"canonical\" href=\"https:\/\/elfsight.com\/pt\/all-in-one-chat-widget\/weebly\/\" \/>\n<meta property=\"og:locale\" content=\"pt_PT\" \/>\n<meta property=\"og:type\" content=\"article\" \/>\n<meta property=\"og:title\" content=\"Bate-papo ao vivo \u2013 adicione widget de bate-papo online aos sites do Weebly (gratuito e f\u00e1cil)\" \/>\n<meta property=\"og:description\" content=\"Adicione seu aplicativo All-in-One Live Chat ao Weebly no 1-2-3. Use nossa demonstra\u00e7\u00e3o ativa para criar seu aplicativo de bate-papo online exclusivo com rapidez e sem codifica\u00e7\u00e3o.\" \/>\n<meta property=\"og:url\" content=\"https:\/\/elfsight.com\/pt\/all-in-one-chat-widget\/weebly\/\" \/>\n<meta property=\"og:site_name\" content=\"Elfsight PT\" \/>\n<meta property=\"article:modified_time\" content=\"2025-02-11T13:23:20+00:00\" \/>\n<meta name=\"twitter:card\" content=\"summary_large_image\" \/>\n<meta name=\"twitter:label1\" content=\"Tempo estimado de leitura\" \/>\n\t<meta name=\"twitter:data1\" content=\"4 minutos\" \/>\n<!-- \/ Yoast SEO plugin. -->","yoast_head_json":{"title":"Bate-papo ao vivo \u2013 adicione widget de bate-papo online aos sites do Weebly (gratuito e f\u00e1cil)","description":"Adicione seu aplicativo All-in-One Live Chat ao Weebly no 1-2-3. Use nossa demonstra\u00e7\u00e3o ativa para criar seu aplicativo de bate-papo online exclusivo com rapidez e sem codifica\u00e7\u00e3o.","robots":{"index":"index","follow":"follow","max-snippet":"max-snippet:-1","max-image-preview":"max-image-preview:large","max-video-preview":"max-video-preview:-1"},"canonical":"https:\/\/elfsight.com\/pt\/all-in-one-chat-widget\/weebly\/","og_locale":"pt_PT","og_type":"article","og_title":"Bate-papo ao vivo \u2013 adicione widget de bate-papo online aos sites do Weebly (gratuito e f\u00e1cil)","og_description":"Adicione seu aplicativo All-in-One Live Chat ao Weebly no 1-2-3. Use nossa demonstra\u00e7\u00e3o ativa para criar seu aplicativo de bate-papo online exclusivo com rapidez e sem codifica\u00e7\u00e3o.","og_url":"https:\/\/elfsight.com\/pt\/all-in-one-chat-widget\/weebly\/","og_site_name":"Elfsight PT","article_modified_time":"2025-02-11T13:23:20+00:00","twitter_card":"summary_large_image","twitter_misc":{"Tempo estimado de leitura":"4 minutos"},"schema":{"@context":"https:\/\/schema.org","@graph":[{"@type":"WebPage","@id":"https:\/\/elfsight.com\/pt\/all-in-one-chat-widget\/weebly\/","url":"https:\/\/elfsight.com\/pt\/all-in-one-chat-widget\/weebly\/","name":"Bate-papo ao vivo \u2013 adicione widget de bate-papo online aos sites do Weebly (gratuito e f\u00e1cil)","isPartOf":{"@id":"https:\/\/elfsight.com\/pt\/#website"},"datePublished":"2024-05-03T06:26:45+00:00","dateModified":"2025-02-11T13:23:20+00:00","description":"Adicione seu aplicativo All-in-One Live Chat ao Weebly no 1-2-3. Use nossa demonstra\u00e7\u00e3o ativa para criar seu aplicativo de bate-papo online exclusivo com rapidez e sem codifica\u00e7\u00e3o.","breadcrumb":{"@id":"https:\/\/elfsight.com\/pt\/all-in-one-chat-widget\/weebly\/#breadcrumb"},"inLanguage":"pt-PT","potentialAction":[{"@type":"ReadAction","target":["https:\/\/elfsight.com\/pt\/all-in-one-chat-widget\/weebly\/"]}]},{"@type":"BreadcrumbList","@id":"https:\/\/elfsight.com\/pt\/all-in-one-chat-widget\/weebly\/#breadcrumb","itemListElement":[{"@type":"ListItem","position":1,"name":"Home","item":"https:\/\/elfsight.com\/pt\/"},{"@type":"ListItem","position":2,"name":"All-in-One Chat","item":"https:\/\/elfsight.com\/pt\/all-in-one-chat-widget\/"},{"@type":"ListItem","position":3,"name":"All-in-One Chat &#8211; Weebly"}]},{"@type":"WebSite","@id":"https:\/\/elfsight.com\/pt\/#website","url":"https:\/\/elfsight.com\/pt\/","name":"Elfsight PT","description":"Just another Elfsight Sites site","potentialAction":[{"@type":"SearchAction","target":{"@type":"EntryPoint","urlTemplate":"https:\/\/elfsight.com\/pt\/?s={search_term_string}"},"query-input":{"@type":"PropertyValueSpecification","valueRequired":true,"valueName":"search_term_string"}}],"inLanguage":"pt-PT"}]}},"meta_box":{"industry":"","seo_heading":"","heading":"","description":"","cta_heading":"","cta_description":"","application":"1096","h1":"Aplicativo de bate-papo ao vivo do Weebly","h1_caption":"Ter uma comunica\u00e7\u00e3o mais r\u00e1pida e individualizada deixa mais clientes satisfeitos","application_category":[],"applications_title":"","applications_request_title":"","applications_request_button_text":"","hero_text":"","hero_video":"","hero_video_schema_markup":"","selling_points_title":"","selling_points_caption":"","selling_points":[],"selling_points_cta_text":"","features_title":"","features":"","ed_cta_examples_text":"","ed_cta_examples_hidden":"","ed_cta_demo_text":"","ed_cta_demo_hidden":"","why_caption":"","why_editor_title":"","why_editor_text":"","why_team_title":"","why_team_text":"","why_service_title":"","why_service_text":"","template_catalog_visible":"0","template_catalog_title":"","template_catalog_text":"","template_catalog_categories_visible":"","demo_title":"Crie seu aplicativo de bate-papo multifuncional","demo_caption":"Configure seu bate-papo multifuncional e adicione-o ao seu site do Weebly gratuitamente!","default_faq_hidden":"","app_template_category":[],"platform":"73","template_public_id":"","codecanyon_url":"","codecanyon_item_id":"","codecanyon_price":"","pricing_caption":"","pricing_elfsight_apps_hide_column":"","pricing_elfsight_apps_url":"","pricing_codecanyon_price_caption":"","integration_category":[],"integration_request_title":"","integration_request_cta":"","integration_platform":"","integrations":[],"platform_category":[],"video_schema_markup":"","price":"a partir de US$ 0\/m\u00eas","trial":"","benefits":[{"text":"Assist\u00eancia de instala\u00e7\u00e3o gratuita"},{"text":"Suporte premium"},{"text":"Garantia de devolu\u00e7\u00e3o do dinheiro em 14 dias"},{"text":"Atualizando constantemente"}],"button_url":"#demo","button_target_blank":"0","button_nofollow":"0","attributes":[{"name":"Instala\u00e7\u00f5es","content":"100,000 - 500,000","_state":"expanded"},{"name":"Responsivo","content":"Sim","_state":"expanded"},{"name":"Navegadores compat\u00edveis","content":"Firefox, Safari, Opera, Chrome, Edge"}],"tags":[],"tags_disable_links":"0","hide_more_platforms":"0","video_object":"","demo_hide_cta":"0","demo_hide_cloud_options":"0","pricing_title":"","pricing":[{"pricing_icon":"platform","pricing_title":"Elfsight Apps","pricing_title_caption":"Software multiplataforma","pricing_price":"a partir de US$ 0\/m\u00eas","pricing_price_caption":"comece com um plano gratuito","pricing_benefits":[{"text":"Dom\u00ednios ilimitados"},{"text":"Suporte r\u00e1pido ao cliente"},{"text":"Suporte r\u00e1pido ao cliente"},{"text":"Design flex\u00edvel"}],"pricing_button_text":"Adicionar ao site","pricing_button_url":"#demo","_state":"expanded"}],"related_apps_title":"","related_apps_hidden":"1","author":"","image":[],"title":"","job":"","social_networks":[]},"_links":{"self":[{"href":"https:\/\/elfsight.com\/pt\/wp-json\/wp\/v2\/pages\/3572","targetHints":{"allow":["GET"]}}],"collection":[{"href":"https:\/\/elfsight.com\/pt\/wp-json\/wp\/v2\/pages"}],"about":[{"href":"https:\/\/elfsight.com\/pt\/wp-json\/wp\/v2\/types\/page"}],"author":[{"embeddable":true,"href":"https:\/\/elfsight.com\/pt\/wp-json\/wp\/v2\/users\/9"}],"replies":[{"embeddable":true,"href":"https:\/\/elfsight.com\/pt\/wp-json\/wp\/v2\/comments?post=3572"}],"version-history":[{"count":3,"href":"https:\/\/elfsight.com\/pt\/wp-json\/wp\/v2\/pages\/3572\/revisions"}],"predecessor-version":[{"id":13912,"href":"https:\/\/elfsight.com\/pt\/wp-json\/wp\/v2\/pages\/3572\/revisions\/13912"}],"up":[{"embeddable":true,"href":"https:\/\/elfsight.com\/pt\/wp-json\/wp\/v2\/pages\/1097"}],"wp:attachment":[{"href":"https:\/\/elfsight.com\/pt\/wp-json\/wp\/v2\/media?parent=3572"}],"curies":[{"name":"wp","href":"https:\/\/api.w.org\/{rel}","templated":true}]}}