{"id":3567,"date":"2024-05-03T06:27:38","date_gmt":"2024-05-03T06:27:38","guid":{"rendered":"https:\/\/elfsight.com\/pt\/?page_id=3567"},"modified":"2025-01-17T13:33:34","modified_gmt":"2025-01-17T13:33:34","slug":"weebly","status":"publish","type":"page","link":"https:\/\/elfsight.com\/pt\/amazon-reviews-widget\/weebly\/","title":{"rendered":"Amazon Reviews &#8211; Weebly"},"content":{"rendered":"\n<div class=\"application-platform-content-item-description application-platform-content-item\" id=\"description\" data-nav-section=\"description\"><h2>Descri\u00e7\u00e3o<\/h2><p>Nosso aplicativo Amazon \u00e9 o m\u00e9todo mais pr\u00e1tico para melhorar a representa\u00e7\u00e3o de sua marca, mostrando avalia\u00e7\u00f5es de visitantes reais sobre suas mercadorias . Revele apenas os pensamentos melhores ou mais significativos e organize-os da maneira que voc\u00ea precisa. Obtenha prova social demonstrando aos seus clientes que voc\u00ea tem credibilidade.<\/p><p><b>Fa\u00e7a com que os usu\u00e1rios postem novos coment\u00e1rios sobre sua empresa e melhore as conversas com os clientes!<\/b><\/p><\/div><div class=\"application-platform-content-item-features application-platform-content-item\" id=\"features\" data-nav-section=\"features\"><h2>Recursos<\/h2><p>Para conhecer melhor as Avalia\u00e7\u00f5es da Amazon, examine a lista de seus principais recursos. Eles tornam o widget realmente ben\u00e9fico para voc\u00ea:<\/p><ul><li>3 filtros dispon\u00edveis: por tipo, exclus\u00e3o por e quantidade de avalia\u00e7\u00f5es para exibi\u00e7\u00e3o;<\/li><li>4 layouts predefinidos: Lista, Grade , Masonry e Slider;<\/li><li>Uma op\u00e7\u00e3o para ligar\/desligar o cabe\u00e7alho do widget;<\/li><li>O bot\u00e3o ativo para postar mais uma avalia\u00e7\u00e3o leva os usu\u00e1rios \u00e0 sua p\u00e1gina da Amazon;<\/li><li>6 elementos ajust\u00e1veis \u200b\u200bdas resenhas: nome do autor e foto, recomenda\u00e7\u00e3o, data de sa\u00edda, \u00edcone da Amazon e classifica\u00e7\u00e3o por estrelas;<\/li><li>Duas op\u00e7\u00f5es de cen\u00e1rios de nega\u00e7\u00e3o de solicita\u00e7\u00e3o de revis\u00e3o: revelar sua mensagem ou remova o bot\u00e3o;<\/li><\/ul><p><a href=\"#demo\">A demonstra\u00e7\u00e3o abrir\u00e1 mais recursos para voc\u00ea<\/a><\/p><\/div><div class=\"application-platform-content-item-instala\u00e7\u00e3o application-platform-content-item\" id=\"instala\u00e7\u00e3o\" data-nav-section=\"instala\u00e7\u00e3o\"><h2>Como adicionar o aplicativo Reviews from Amazon ao site do Weebly<\/h2><p>As etapas abaixo s\u00e3o a \u00fanica coisa que voc\u00ea precisa para que n\u00e3o haja codifica\u00e7\u00e3o.<\/p><ol><li><b>Gerencie nosso configurador gratuito e comece a criar seu aplicativo personalizado. <\/b><br> Escolha o design e as caracter\u00edsticas preferidas do aplicativo e aplique todas as edi\u00e7\u00f5es. <\/li> <li><b>Obtenha seu c\u00f3digo exclusivo que aparece na caixa dos aplicativos Elfsight. <\/b><br> Ap\u00f3s a configura\u00e7\u00e3o do seu aplicativo, copie seu c\u00f3digo na janela que aparece e salve-o para uso posterior. <\/li> <li><b>Inicie o uso do aplicativo em seu site do Weebly. <\/b><br> Insira o c\u00f3digo copiado anteriormente em sua p\u00e1gina e salve as melhorias. <\/li> <li><b>Conclu\u00eddo! A configura\u00e7\u00e3o est\u00e1 totalmente conclu\u00edda. <\/b><br> Abra sua p\u00e1gina da web para observar o funcionamento do aplicativo. <\/li><\/ol><p>Ainda n\u00e3o consegue tomar uma decis\u00e3o? Ou tendo problemas? Basta enviar um pedido \u00e0 nossa equipa de apoio ao cliente.<\/p><div class=\"faq\" data-component=\"FAQ\"> <div class=\"faq-item\">\r\n\t\t\t\t\t<div class=\"faq-item-question\">\r\n\t\t\t\t\t\t<h3 class=\"faq-item-question-text\">Como posso adicionar Reviews from Amazon ao meu site Weebly sem conhecimentos de codifica\u00e7\u00e3o?<\/h3>\r\n\r\n\t\t\t\t\t\t<div class=\"faq-item-question-icon\"><\/div>\r\n\t\t\t\t\t<\/div>\r\n\r\n\t\t\t\t\t<div class=\"faq-item-answer\">\r\n\t\t\t\t\t\t<div class=\"faq-item-answer-text\"> <p>A Elfsight fornece uma solu\u00e7\u00e3o SaaS que lhe permite criar voc\u00ea mesmo um widget Reviews from Amazon, veja como o processo \u00e9 f\u00e1cil: Trabalhe diretamente no Editor on-line para criar um widget Reviews from Amazon que voc\u00ea gostaria de ver em seu site do Weebly. Escolha um dos modelos predefinidos e ajuste as configura\u00e7\u00f5es do Reviews from Amazon, adicione seu conte\u00fado, altere o layout e as cores sem nenhuma habilidade de codifica\u00e7\u00e3o. Salve as avalia\u00e7\u00f5es da Amazon e copie seu c\u00f3digo de instala\u00e7\u00e3o, que voc\u00ea pode incluir facilmente em seu site do Weebly sem comprar uma assinatura paga. Com nosso editor intuitivo, qualquer usu\u00e1rio da Internet pode criar um widget Reviews from Amazon online e incorpor\u00e1-lo facilmente ao seu site do Weebly. N\u00e3o h\u00e1 necessidade de pagar ou inserir as credenciais do seu cart\u00e3o para acessar o servi\u00e7o. Se voc\u00ea enfrentar qualquer problema em qualquer etapa, n\u00e3o hesite em entrar em contato com nossa equipe de suporte t\u00e9cnico.<\/p> <\/div>\r\n\t\t\t\t\t<\/div>\r\n\t\t\t\t<\/div> <\/div> <\/div>\n","protected":false},"excerpt":{"rendered":"","protected":false},"author":9,"featured_media":0,"parent":752,"menu_order":0,"comment_status":"closed","ping_status":"closed","template":"templates\/template-application-platform.php","meta":{"publish_to_discourse":"","publish_post_category":"","wpdc_auto_publish_overridden":"","wpdc_topic_tags":"","wpdc_pin_topic":"","wpdc_pin_until":"","discourse_post_id":"","discourse_permalink":"","wpdc_publishing_response":"","wpdc_publishing_error":"","footnotes":""},"class_list":["post-3567","page","type-page","status-publish","hentry"],"yoast_head":"<!-- This site is optimized with the Yoast SEO plugin v25.3.1 - https:\/\/yoast.com\/wordpress\/plugins\/seo\/ -->\n<title>Avalia\u00e7\u00f5es da Amazon | Adicione o aplicativo Amazon no site do Weebly (gratuito e r\u00e1pido)<\/title>\n<meta name=\"description\" content=\"\u00c9 muito f\u00e1cil criar seu aplicativo Reviews from Amazon e coloc\u00e1-lo em seu site do Weebly. O atendimento ao cliente da Elfsight \u00e9 gratuito.\" \/>\n<meta name=\"robots\" content=\"index, follow, max-snippet:-1, max-image-preview:large, max-video-preview:-1\" \/>\n<link rel=\"canonical\" href=\"https:\/\/elfsight.com\/pt\/amazon-reviews-widget\/weebly\/\" \/>\n<meta property=\"og:locale\" content=\"pt_PT\" \/>\n<meta property=\"og:type\" content=\"article\" \/>\n<meta property=\"og:title\" content=\"Avalia\u00e7\u00f5es da Amazon | Adicione o aplicativo Amazon no site do Weebly (gratuito e r\u00e1pido)\" \/>\n<meta property=\"og:description\" content=\"\u00c9 muito f\u00e1cil criar seu aplicativo Reviews from Amazon e coloc\u00e1-lo em seu site do Weebly. O atendimento ao cliente da Elfsight \u00e9 gratuito.\" \/>\n<meta property=\"og:url\" content=\"https:\/\/elfsight.com\/pt\/amazon-reviews-widget\/weebly\/\" \/>\n<meta property=\"og:site_name\" content=\"Elfsight PT\" \/>\n<meta property=\"article:modified_time\" content=\"2025-01-17T13:33:34+00:00\" \/>\n<meta name=\"twitter:card\" content=\"summary_large_image\" \/>\n<meta name=\"twitter:label1\" content=\"Tempo estimado de leitura\" \/>\n\t<meta name=\"twitter:data1\" content=\"3 minutos\" \/>\n<!-- \/ Yoast SEO plugin. -->","yoast_head_json":{"title":"Avalia\u00e7\u00f5es da Amazon | Adicione o aplicativo Amazon no site do Weebly (gratuito e r\u00e1pido)","description":"\u00c9 muito f\u00e1cil criar seu aplicativo Reviews from Amazon e coloc\u00e1-lo em seu site do Weebly. O atendimento ao cliente da Elfsight \u00e9 gratuito.","robots":{"index":"index","follow":"follow","max-snippet":"max-snippet:-1","max-image-preview":"max-image-preview:large","max-video-preview":"max-video-preview:-1"},"canonical":"https:\/\/elfsight.com\/pt\/amazon-reviews-widget\/weebly\/","og_locale":"pt_PT","og_type":"article","og_title":"Avalia\u00e7\u00f5es da Amazon | Adicione o aplicativo Amazon no site do Weebly (gratuito e r\u00e1pido)","og_description":"\u00c9 muito f\u00e1cil criar seu aplicativo Reviews from Amazon e coloc\u00e1-lo em seu site do Weebly. O atendimento ao cliente da Elfsight \u00e9 gratuito.","og_url":"https:\/\/elfsight.com\/pt\/amazon-reviews-widget\/weebly\/","og_site_name":"Elfsight PT","article_modified_time":"2025-01-17T13:33:34+00:00","twitter_card":"summary_large_image","twitter_misc":{"Tempo estimado de leitura":"3 minutos"},"schema":{"@context":"https:\/\/schema.org","@graph":[{"@type":"WebPage","@id":"https:\/\/elfsight.com\/pt\/amazon-reviews-widget\/weebly\/","url":"https:\/\/elfsight.com\/pt\/amazon-reviews-widget\/weebly\/","name":"Avalia\u00e7\u00f5es da Amazon | Adicione o aplicativo Amazon no site do Weebly (gratuito e r\u00e1pido)","isPartOf":{"@id":"https:\/\/elfsight.com\/pt\/#website"},"datePublished":"2024-05-03T06:27:38+00:00","dateModified":"2025-01-17T13:33:34+00:00","description":"\u00c9 muito f\u00e1cil criar seu aplicativo Reviews from Amazon e coloc\u00e1-lo em seu site do Weebly. O atendimento ao cliente da Elfsight \u00e9 gratuito.","breadcrumb":{"@id":"https:\/\/elfsight.com\/pt\/amazon-reviews-widget\/weebly\/#breadcrumb"},"inLanguage":"pt-PT","potentialAction":[{"@type":"ReadAction","target":["https:\/\/elfsight.com\/pt\/amazon-reviews-widget\/weebly\/"]}]},{"@type":"BreadcrumbList","@id":"https:\/\/elfsight.com\/pt\/amazon-reviews-widget\/weebly\/#breadcrumb","itemListElement":[{"@type":"ListItem","position":1,"name":"Home","item":"https:\/\/elfsight.com\/pt\/"},{"@type":"ListItem","position":2,"name":"Amazon Reviews","item":"https:\/\/elfsight.com\/pt\/amazon-reviews-widget\/"},{"@type":"ListItem","position":3,"name":"Amazon Reviews &#8211; Weebly"}]},{"@type":"WebSite","@id":"https:\/\/elfsight.com\/pt\/#website","url":"https:\/\/elfsight.com\/pt\/","name":"Elfsight PT","description":"Just another Elfsight Sites site","potentialAction":[{"@type":"SearchAction","target":{"@type":"EntryPoint","urlTemplate":"https:\/\/elfsight.com\/pt\/?s={search_term_string}"},"query-input":{"@type":"PropertyValueSpecification","valueRequired":true,"valueName":"search_term_string"}}],"inLanguage":"pt-PT"}]}},"meta_box":{"industry":"","seo_heading":"","heading":"","description":"","cta_heading":"","cta_description":"","application":"751","h1":"Aplicativo Reviews from Amazon para Weebly","h1_caption":"Exiba avalia\u00e7\u00f5es sobre seus produtos da Amazon em seu site","application_category":[],"applications_title":"","applications_request_title":"","applications_request_button_text":"","hero_text":"","hero_video":"","hero_video_schema_markup":"","selling_points_title":"","selling_points_caption":"","selling_points":[],"selling_points_cta_text":"","features_title":"","features":"","ed_cta_examples_text":"","ed_cta_examples_hidden":"","ed_cta_demo_text":"","ed_cta_demo_hidden":"","why_caption":"","why_editor_title":"","why_editor_text":"","why_team_title":"","why_team_text":"","why_service_title":"","why_service_text":"","template_catalog_visible":"0","template_catalog_title":"","template_catalog_text":"","template_catalog_categories_visible":"","demo_title":"Crie seu aplicativo Reviews from Amazon","demo_caption":"Configure suas avalia\u00e7\u00f5es da Amazon e adicione-as ao seu site do Weebly gratuitamente!","default_faq_hidden":"","app_template_category":[],"platform":"73","template_public_id":"","codecanyon_url":"","codecanyon_item_id":"","codecanyon_price":"","pricing_caption":"","pricing_elfsight_apps_hide_column":"","pricing_elfsight_apps_url":"","pricing_codecanyon_price_caption":"","integration_category":[],"integration_request_title":"","integration_request_cta":"","integration_platform":"","integrations":[],"platform_category":[],"video_schema_markup":"","price":"a partir de US$ 0\/m\u00eas","trial":"","benefits":[{"text":"Assist\u00eancia de instala\u00e7\u00e3o gratuita"},{"text":"Atendimento ao cliente eficaz"},{"text":"Garantia de devolu\u00e7\u00e3o do dinheiro em 14 dias"},{"text":"Atualiza\u00e7\u00f5es cont\u00ednuas"}],"button_url":"#demo","button_target_blank":"0","button_nofollow":"0","attributes":[{"name":"Instala\u00e7\u00f5es","content":"10,000 - 100,000","_state":"expanded"},{"name":"Responsivo","content":"Sim","_state":"expanded"},{"name":"Navegadores compat\u00edveis","content":"Firefox, Safari, Opera, Chrome, Edge"}],"tags":[],"tags_disable_links":"0","hide_more_platforms":"","video_object":"","demo_hide_cta":"0","demo_hide_cloud_options":"0","pricing_title":"","pricing":[{"pricing_icon":"platform","pricing_title":"Elfsight Apps","pricing_title_caption":"Solu\u00e7\u00e3o digital multiplataforma que se adapta a qualquer site","pricing_price":"a partir de US$ 0\/m\u00eas","pricing_price_caption":"comece com um plano gratuito","pricing_benefits":[{"text":"Dom\u00ednios ilimitados"},{"text":"Suporte r\u00e1pido"},{"text":"Suporte r\u00e1pido"},{"text":"Design flex\u00edvel"}],"pricing_button_text":"Adicionar ao site","pricing_button_url":"#demo","_state":"expanded"}],"related_apps_title":"","related_apps_hidden":"1","author":"","image":[],"title":"","job":"","social_networks":[]},"_links":{"self":[{"href":"https:\/\/elfsight.com\/pt\/wp-json\/wp\/v2\/pages\/3567","targetHints":{"allow":["GET"]}}],"collection":[{"href":"https:\/\/elfsight.com\/pt\/wp-json\/wp\/v2\/pages"}],"about":[{"href":"https:\/\/elfsight.com\/pt\/wp-json\/wp\/v2\/types\/page"}],"author":[{"embeddable":true,"href":"https:\/\/elfsight.com\/pt\/wp-json\/wp\/v2\/users\/9"}],"replies":[{"embeddable":true,"href":"https:\/\/elfsight.com\/pt\/wp-json\/wp\/v2\/comments?post=3567"}],"version-history":[{"count":3,"href":"https:\/\/elfsight.com\/pt\/wp-json\/wp\/v2\/pages\/3567\/revisions"}],"predecessor-version":[{"id":13591,"href":"https:\/\/elfsight.com\/pt\/wp-json\/wp\/v2\/pages\/3567\/revisions\/13591"}],"up":[{"embeddable":true,"href":"https:\/\/elfsight.com\/pt\/wp-json\/wp\/v2\/pages\/752"}],"wp:attachment":[{"href":"https:\/\/elfsight.com\/pt\/wp-json\/wp\/v2\/media?parent=3567"}],"curies":[{"name":"wp","href":"https:\/\/api.w.org\/{rel}","templated":true}]}}