{"id":3562,"date":"2024-05-03T06:27:11","date_gmt":"2024-05-03T06:27:11","guid":{"rendered":"https:\/\/elfsight.com\/pt\/?page_id=3562"},"modified":"2024-11-13T11:23:56","modified_gmt":"2024-11-13T11:23:56","slug":"webnode","status":"publish","type":"page","link":"https:\/\/elfsight.com\/pt\/all-in-one-reviews-widget\/webnode\/","title":{"rendered":"All-in-One Reviews &#8211; Webnode"},"content":{"rendered":"<div class=\"application-platform-content-item-description application-platform-content-item\" id=\"description\" data-nav-section=\"description\"> <h2>Descri\u00e7\u00e3o<\/h2> <p>Elfsight All-in-One Reviews \u00e9 um widget \u00fatil para Webnode que oferece a oportunidade de exibir todos os coment\u00e1rios sobre sua empresa diretamente em seu site, em todos os sites populares de avalia\u00e7\u00e3o de empresas. Empregando nossa ferramenta, voc\u00ea ter\u00e1 a oportunidade de utilizar filtros para ocultar os depoimentos indesejados, exibir sua classifica\u00e7\u00e3o por estrelas e n\u00famero de seu perfil em qualquer site de avalia\u00e7\u00f5es de neg\u00f3cios, anexar informa\u00e7\u00f5es sobre os criadores dos depoimentos e anexar um bot\u00e3o CTA fascinante que ir\u00e1 levar os usu\u00e1rios a postar novos coment\u00e1rios. Nosso widget Avalia\u00e7\u00f5es pode ajud\u00e1-lo a exibir sua impressionante prova social na p\u00e1gina da web e come\u00e7ar a adquirir mais vendas. <\/p> <p><b> vendas exibindo sua grande avalia\u00e7\u00e3o<\/b><\/p> <\/div> <div class=\"application-platform-content-item-features application-platform-content-item\" id=\"features\" data-nav-section=\"features\"> <h2>Encontre abaixo os recursos essenciais do widget: <\/h2> <ul><li>Cabe\u00e7alho altern\u00e1vel do widget<\/li><li>Revise o bot\u00e3o &#8220;Escrever avalia\u00e7\u00e3o&#8221; para atrair usu\u00e1rios para sua p\u00e1gina<\/li><li>Um estilo admir\u00e1vel est\u00e1 a um clique de dist\u00e2ncia<\/li><li> Elementos pint\u00e1veis \u200b\u200bda interface do widget<\/li><li>M\u00e1ximo de detalhes para constru\u00e7\u00e3o de confian\u00e7a<\/li><\/ul><p><a href=\"#demo\">Voc\u00ea pode descobrir todos os recursos do widget na demonstra\u00e7\u00e3o abaixo<\/a><\/p> <\/div> <div class=\"application-platform-content-item-installation application-platform-content-item\" id=\"installation\" data-nav-section=\"installation\"> <h2>Como incorporo avalia\u00e7\u00f5es completas em meu site Webnode? <\/h2> <p>Basta seguir as etapas descritas abaixo para incorporar o widget. <\/p> <ol><li><b>Gerencie nosso configurador gratuito e comece a moldar seu widget personalizado. <\/b><br> Escolha o design e as op\u00e7\u00f5es preferidas do plugin e salve as corre\u00e7\u00f5es. <\/li> <li><b>Adquira o seu c\u00f3digo exclusivo revelado na janela dos aplicativos Elfsight. <\/b><br> Logo ap\u00f3s a conclus\u00e3o do estabelecimento do seu plugin, copie o c\u00f3digo exclusivo no pop-up que surgir e guarde-o para uso futuro. <\/li> <li><b>Iniciar a utiliza\u00e7\u00e3o do plugin na p\u00e1gina inicial do Webnode. <\/b><br> Adicione o c\u00f3digo copiado recentemente ao seu site e salve as edi\u00e7\u00f5es. <\/li> <li><b>A configura\u00e7\u00e3o foi conclu\u00edda com sucesso. <\/b><br> Visite seu site para examinar como o widget est\u00e1 funcionando. <\/li><\/ol> <p>Se voc\u00ea tiver alguma dificuldade, n\u00e3o hesite em entrar em contato com nossa equipe de suporte. Nossos consultores ter\u00e3o prazer em ajud\u00e1-lo com todas as d\u00favidas que voc\u00ea possa ter com o plugin. <\/p> <div class=\"faq\" data-component=\"FAQ\"> <div class=\"faq-item\">\r\n\t\t\t\t\t<div class=\"faq-item-question\">\r\n\t\t\t\t\t\t<h3 class=\"faq-item-question-text\">Como adicionar avalia\u00e7\u00f5es completas ao meu site Webnode sem habilidades de codifica\u00e7\u00e3o?<\/h3>\r\n\r\n\t\t\t\t\t\t<div class=\"faq-item-question-icon\"><\/div>\r\n\t\t\t\t\t<\/div>\r\n\r\n\t\t\t\t\t<div class=\"faq-item-answer\">\r\n\t\t\t\t\t\t<div class=\"faq-item-answer-text\"> <p>A Elfsight fornece uma solu\u00e7\u00e3o SaaS que permite criar avalia\u00e7\u00f5es completas widget voc\u00ea mesmo, veja como o processo \u00e9 f\u00e1cil: Trabalhe diretamente no Editor on-line para criar um widget de Avalia\u00e7\u00f5es Tudo-em-um que voc\u00ea gostaria de ver em seu site Webnode. Escolha um dos modelos predefinidos e ajuste as configura\u00e7\u00f5es das Revis\u00f5es Multifuncionais, adicione seu conte\u00fado, altere o layout e as cores sem nenhuma habilidade de codifica\u00e7\u00e3o. Salve as Revis\u00f5es do All-in-one e copie seu c\u00f3digo de instala\u00e7\u00e3o, que voc\u00ea pode adicionar em seu site Webnode sem comprar uma assinatura paga. Com nosso editor intuitivo, qualquer usu\u00e1rio da Internet pode criar um widget de avalia\u00e7\u00f5es completas on-line e incorpor\u00e1-lo facilmente ao seu site Webnode. N\u00e3o h\u00e1 necessidade de pagar ou inserir as credenciais do seu cart\u00e3o para acessar o servi\u00e7o. Se voc\u00ea enfrentar qualquer problema em qualquer etapa, n\u00e3o hesite em entrar em contato com nossa equipe de suporte t\u00e9cnico.<\/p> <\/div>\r\n\t\t\t\t\t<\/div>\r\n\t\t\t\t<\/div> <\/div> <\/div>","protected":false},"excerpt":{"rendered":"","protected":false},"author":9,"featured_media":0,"parent":366,"menu_order":0,"comment_status":"closed","ping_status":"closed","template":"templates\/template-application-platform.php","meta":{"publish_to_discourse":"","publish_post_category":"","wpdc_auto_publish_overridden":"","wpdc_topic_tags":"","wpdc_pin_topic":"","wpdc_pin_until":"","discourse_post_id":"","discourse_permalink":"","wpdc_publishing_response":"","wpdc_publishing_error":"","footnotes":""},"class_list":["post-3562","page","type-page","status-publish","hentry"],"yoast_head":"<!-- This site is optimized with the Yoast SEO plugin v25.3.1 - https:\/\/yoast.com\/wordpress\/plugins\/seo\/ -->\n<title>Adicione um widget All-in-One Reviews responsivo ao seu site Webnode<\/title>\n<meta name=\"description\" content=\"Implemente um aplicativo All-in-One Reviews responsivo em sua p\u00e1gina Webnode e obtenha total confian\u00e7a. Aplique a demonstra\u00e7\u00e3o \u00fatil da Elfsight para obter seu recurso.\" \/>\n<meta name=\"robots\" content=\"index, follow, max-snippet:-1, max-image-preview:large, max-video-preview:-1\" \/>\n<link rel=\"canonical\" href=\"https:\/\/elfsight.com\/pt\/all-in-one-reviews-widget\/webnode\/\" \/>\n<meta property=\"og:locale\" content=\"pt_PT\" \/>\n<meta property=\"og:type\" content=\"article\" \/>\n<meta property=\"og:title\" content=\"Adicione um widget All-in-One Reviews responsivo ao seu site Webnode\" \/>\n<meta property=\"og:description\" content=\"Implemente um aplicativo All-in-One Reviews responsivo em sua p\u00e1gina Webnode e obtenha total confian\u00e7a. Aplique a demonstra\u00e7\u00e3o \u00fatil da Elfsight para obter seu recurso.\" \/>\n<meta property=\"og:url\" content=\"https:\/\/elfsight.com\/pt\/all-in-one-reviews-widget\/webnode\/\" \/>\n<meta property=\"og:site_name\" content=\"Elfsight PT\" \/>\n<meta property=\"article:modified_time\" content=\"2024-11-13T11:23:56+00:00\" \/>\n<meta name=\"twitter:card\" content=\"summary_large_image\" \/>\n<meta name=\"twitter:label1\" content=\"Tempo estimado de leitura\" \/>\n\t<meta name=\"twitter:data1\" content=\"2 minutos\" \/>\n<!-- \/ Yoast SEO plugin. -->","yoast_head_json":{"title":"Adicione um widget All-in-One Reviews responsivo ao seu site Webnode","description":"Implemente um aplicativo All-in-One Reviews responsivo em sua p\u00e1gina Webnode e obtenha total confian\u00e7a. Aplique a demonstra\u00e7\u00e3o \u00fatil da Elfsight para obter seu recurso.","robots":{"index":"index","follow":"follow","max-snippet":"max-snippet:-1","max-image-preview":"max-image-preview:large","max-video-preview":"max-video-preview:-1"},"canonical":"https:\/\/elfsight.com\/pt\/all-in-one-reviews-widget\/webnode\/","og_locale":"pt_PT","og_type":"article","og_title":"Adicione um widget All-in-One Reviews responsivo ao seu site Webnode","og_description":"Implemente um aplicativo All-in-One Reviews responsivo em sua p\u00e1gina Webnode e obtenha total confian\u00e7a. Aplique a demonstra\u00e7\u00e3o \u00fatil da Elfsight para obter seu recurso.","og_url":"https:\/\/elfsight.com\/pt\/all-in-one-reviews-widget\/webnode\/","og_site_name":"Elfsight PT","article_modified_time":"2024-11-13T11:23:56+00:00","twitter_card":"summary_large_image","twitter_misc":{"Tempo estimado de leitura":"2 minutos"},"schema":{"@context":"https:\/\/schema.org","@graph":[{"@type":"WebPage","@id":"https:\/\/elfsight.com\/pt\/all-in-one-reviews-widget\/webnode\/","url":"https:\/\/elfsight.com\/pt\/all-in-one-reviews-widget\/webnode\/","name":"Adicione um widget All-in-One Reviews responsivo ao seu site Webnode","isPartOf":{"@id":"https:\/\/elfsight.com\/pt\/#website"},"datePublished":"2024-05-03T06:27:11+00:00","dateModified":"2024-11-13T11:23:56+00:00","description":"Implemente um aplicativo All-in-One Reviews responsivo em sua p\u00e1gina Webnode e obtenha total confian\u00e7a. Aplique a demonstra\u00e7\u00e3o \u00fatil da Elfsight para obter seu recurso.","breadcrumb":{"@id":"https:\/\/elfsight.com\/pt\/all-in-one-reviews-widget\/webnode\/#breadcrumb"},"inLanguage":"pt-PT","potentialAction":[{"@type":"ReadAction","target":["https:\/\/elfsight.com\/pt\/all-in-one-reviews-widget\/webnode\/"]}]},{"@type":"BreadcrumbList","@id":"https:\/\/elfsight.com\/pt\/all-in-one-reviews-widget\/webnode\/#breadcrumb","itemListElement":[{"@type":"ListItem","position":1,"name":"Home","item":"https:\/\/elfsight.com\/pt\/"},{"@type":"ListItem","position":2,"name":"All-in-One Reviews","item":"https:\/\/elfsight.com\/pt\/all-in-one-reviews-widget\/"},{"@type":"ListItem","position":3,"name":"All-in-One Reviews &#8211; Webnode"}]},{"@type":"WebSite","@id":"https:\/\/elfsight.com\/pt\/#website","url":"https:\/\/elfsight.com\/pt\/","name":"Elfsight PT","description":"Just another Elfsight Sites site","potentialAction":[{"@type":"SearchAction","target":{"@type":"EntryPoint","urlTemplate":"https:\/\/elfsight.com\/pt\/?s={search_term_string}"},"query-input":{"@type":"PropertyValueSpecification","valueRequired":true,"valueName":"search_term_string"}}],"inLanguage":"pt-PT"}]}},"meta_box":{"industry":"","seo_heading":"","heading":"","description":"","cta_heading":"","cta_description":"","application":"364","h1":"Widget de avalia\u00e7\u00f5es multifuncionais Webnode","h1_caption":"Aumente a confian\u00e7a demonstrando avalia\u00e7\u00f5es de usu\u00e1rios reais com dados do autor","application_category":[],"applications_title":"","applications_request_title":"","applications_request_button_text":"","hero_text":"","hero_video":"","hero_video_schema_markup":"","selling_points_title":"","selling_points_caption":"","selling_points":[],"selling_points_cta_text":"","features_title":"","features":"","ed_cta_examples_text":"","ed_cta_examples_hidden":"","ed_cta_demo_text":"","ed_cta_demo_hidden":"","why_caption":"","why_editor_title":"","why_editor_text":"","why_team_title":"","why_team_text":"","why_service_title":"","why_service_text":"","template_catalog_visible":"","template_catalog_title":"","template_catalog_text":"","template_catalog_categories_visible":"","demo_title":"Crie seu widget de avalia\u00e7\u00f5es multifuncionais","demo_caption":"Configure suas avalia\u00e7\u00f5es multifuncionais e adicione-as ao seu site Webnode gratuitamente!","default_faq_hidden":"","app_template_category":[],"platform":"4917","template_public_id":"","codecanyon_url":"","codecanyon_item_id":"","codecanyon_price":"","pricing_caption":"","pricing_elfsight_apps_hide_column":"","pricing_elfsight_apps_url":"","pricing_codecanyon_price_caption":"","integration_category":[],"integration_request_title":"","integration_request_cta":"","integration_platform":"","integrations":[],"platform_category":[],"video_schema_markup":"","price":"a partir de US$ 0\/m\u00eas","trial":"","benefits":[{"text":"Ajuda de instala\u00e7\u00e3o gratuita"},{"text":"Atendimento ao cliente profissional"},{"text":"Garantia de devolu\u00e7\u00e3o do dinheiro em 14 dias"},{"text":"Desenvolvimento cont\u00ednuo"}],"button_url":"#demo","button_target_blank":"0","button_nofollow":"0","attributes":[{"name":"Instala\u00e7\u00f5es","content":"100,000 - 500,000","_state":"expanded"},{"name":"Responsivo","content":"Sim","_state":"expanded"},{"name":"Navegadores compat\u00edveis","content":"Firefox, Safari, Opera, Chrome, Edge"}],"tags":[],"tags_disable_links":"0","hide_more_platforms":"","video_object":"","demo_hide_cta":"0","demo_hide_cloud_options":"0","pricing_title":"","pricing":[{"pricing_icon":"platform","pricing_title":"Elfsight Apps","pricing_title_caption":"Vers\u00e3o multiplataforma adequada para qualquer site","pricing_price":"a partir de US$ 0\/m\u00eas","pricing_price_caption":"comece com plano gratuito","pricing_benefits":[{"text":"Dom\u00ednios ilimitados"},{"text":"Suporte r\u00e1pido da empresa e bem documentado"},{"text":"Suporte r\u00e1pido da empresa e bem documentado"},{"text":"\u00d3timo neg\u00f3cio para v\u00e1rios aplicativos"}],"pricing_button_text":"Adicionar ao site","pricing_button_url":"#demo","_state":"expanded"}],"related_apps_title":"","related_apps_hidden":"1","author":"","image":[],"title":"","job":"","social_networks":[]},"_links":{"self":[{"href":"https:\/\/elfsight.com\/pt\/wp-json\/wp\/v2\/pages\/3562","targetHints":{"allow":["GET"]}}],"collection":[{"href":"https:\/\/elfsight.com\/pt\/wp-json\/wp\/v2\/pages"}],"about":[{"href":"https:\/\/elfsight.com\/pt\/wp-json\/wp\/v2\/types\/page"}],"author":[{"embeddable":true,"href":"https:\/\/elfsight.com\/pt\/wp-json\/wp\/v2\/users\/9"}],"replies":[{"embeddable":true,"href":"https:\/\/elfsight.com\/pt\/wp-json\/wp\/v2\/comments?post=3562"}],"version-history":[{"count":2,"href":"https:\/\/elfsight.com\/pt\/wp-json\/wp\/v2\/pages\/3562\/revisions"}],"predecessor-version":[{"id":11565,"href":"https:\/\/elfsight.com\/pt\/wp-json\/wp\/v2\/pages\/3562\/revisions\/11565"}],"up":[{"embeddable":true,"href":"https:\/\/elfsight.com\/pt\/wp-json\/wp\/v2\/pages\/366"}],"wp:attachment":[{"href":"https:\/\/elfsight.com\/pt\/wp-json\/wp\/v2\/media?parent=3562"}],"curies":[{"name":"wp","href":"https:\/\/api.w.org\/{rel}","templated":true}]}}