{"id":3559,"date":"2024-05-03T06:27:39","date_gmt":"2024-05-03T06:27:39","guid":{"rendered":"https:\/\/elfsight.com\/pt\/?page_id=3559"},"modified":"2025-01-17T13:32:26","modified_gmt":"2025-01-17T13:32:26","slug":"webnode","status":"publish","type":"page","link":"https:\/\/elfsight.com\/pt\/amazon-reviews-widget\/webnode\/","title":{"rendered":"Amazon Reviews &#8211; Webnode"},"content":{"rendered":"\n<div class=\"application-platform-content-item-description application-platform-content-item\" id=\"description\" data-nav-section=\"description\"><h2>Descri\u00e7\u00e3o<\/h2><p>O widget Elfsight Amazon \u00e9 o m\u00e9todo mais simples para melhorar a representa\u00e7\u00e3o da sua marca, expressando coment\u00e1rios de visitantes reais sobre os seus produtos . Exiba apenas os melhores ou mais significativos pontos de vista e organize-os da maneira que voc\u00ea precisa. Obtenha prova social mostrando aos visitantes do seu site que voc\u00ea \u00e9 confi\u00e1vel.<\/p><p><b>Inspire os usu\u00e1rios a postar novos coment\u00e1rios sobre seus produtos e incentive conversas com os clientes!<\/b><\/p><\/div> <div class=\"application-platform-content-item-features application-platform-content-item\" id=\"features\" data-nav-section=\"features\"><h2>Recursos<\/h2><p>Para obter uma melhor percep\u00e7\u00e3o do widget, verifique a lista de suas caracter\u00edsticas essenciais. Eles tornam nosso widget incrivelmente eficaz para sua promo\u00e7\u00e3o:<\/p><ul><li>3 filtros prontos para uso: por tipo, exclus\u00e3o por e quantidade de coment\u00e1rios para exibi\u00e7\u00e3o;<\/li><li>4 variantes de layouts: Lista, Grade, Alvenaria e Slider;<\/li><li>Uma oportunidade de ativar\/desativar o cabe\u00e7alho do widget;<\/li><li>O bot\u00e3o de solicita\u00e7\u00e3o de revis\u00e3o leva as pessoas \u00e0 p\u00e1gina da Amazon;<\/li><li>6 elementos personaliz\u00e1veis \u200b\u200bdas resenhas: nome do autor e foto, texto da recomenda\u00e7\u00e3o, data da postagem, \u00edcone da Amazon e classifica\u00e7\u00e3o por estrelas;<\/li><li>Duas variantes de cen\u00e1rios ap\u00f3s a nega\u00e7\u00e3o da solicita\u00e7\u00e3o de revis\u00e3o : exibe uma mensagem personalizada ou oculta o bot\u00e3o;<\/li><\/ul><p><a href=\"#demo\">Descubra uma lista completa de recursos na demonstra\u00e7\u00e3o<\/a><\/p><\/div> <div class=\"application-platform-content-item-installation application-platform-content-item\" id=\"installation\" data-nav-section=\"installation\"><h2>Como adicionar Reviews from Amazon ao site Webnode<\/h2><p>As etapas abaixo s\u00e3o a \u00fanica coisa que voc\u00ea precisa para configurar Reviews from Amazon em seu site. Levar\u00e1 apenas tr\u00eas minutos e voc\u00ea n\u00e3o precisa se preocupar com a codifica\u00e7\u00e3o.<\/p><ol><li><b>Crie seu pr\u00f3prio plugin da Amazon<\/b><br>Gerenciando nosso editor gratuito, d\u00ea forma um plugin com uma interface e funcionalidade prefer\u00edveis.<\/li><li><b>Copie o c\u00f3digo individual para integrar o plugin<\/b><br>Depois de configurar seu widget, voc\u00ea adquirir\u00e1 o c\u00f3digo exclusivo do que aparece notifica\u00e7\u00e3o nas aplica\u00e7\u00f5es Elfsight. Copie este c\u00f3digo.<\/li><li><b>O plugin em seu site Webnode<\/b><br>Selecione a \u00e1rea onde voc\u00ea planeja adicionar o plugin e insira o c\u00f3digo copiado l\u00e1. Publique as altera\u00e7\u00f5es.<\/li><li><b>A integra\u00e7\u00e3o foi bem-sucedida!<\/b><br>Entre no seu site para ver seu trabalho.<\/li><\/ol><p>Ainda tem alguma d\u00favida? Ou tem d\u00favidas? Basta enviar uma solicita\u00e7\u00e3o para nossa equipe de suporte ao cliente. Eles ir\u00e3o ajud\u00e1-lo com qualquer problema que ocorra.<\/p><div class=\"faq\" data-component=\"FAQ\"> <div class=\"faq-item\">\r\n\t\t\t\t\t<div class=\"faq-item-question\">\r\n\t\t\t\t\t\t<h3 class=\"faq-item-question-text\">Como adicionar Reviews from Amazon ao meu site Webnode sem conhecimentos de codifica\u00e7\u00e3o?<\/h3>\r\n\r\n\t\t\t\t\t\t<div class=\"faq-item-question-icon\"><\/div>\r\n\t\t\t\t\t<\/div>\r\n\r\n\t\t\t\t\t<div class=\"faq-item-answer\">\r\n\t\t\t\t\t\t<div class=\"faq-item-answer-text\"> <p>A Elfsight fornece uma solu\u00e7\u00e3o SaaS que lhe permite criar uma Amazon Widget de avalia\u00e7\u00f5es voc\u00ea mesmo, veja como o processo \u00e9 f\u00e1cil: Trabalhe diretamente no editor online para criar um widget de avalia\u00e7\u00f5es da Amazon que voc\u00ea gostaria de ver em seu site Webnode. Escolha um dos modelos predefinidos e ajuste as configura\u00e7\u00f5es do Reviews from Amazon, adicione seu conte\u00fado, altere o layout e as cores sem nenhuma habilidade de codifica\u00e7\u00e3o. Salve o Reviews from Amazon e copie seu c\u00f3digo de instala\u00e7\u00e3o, que voc\u00ea pode incluir facilmente em seu site Webnode, sem a necessidade de comprar uma assinatura paga. Com nosso editor intuitivo, qualquer usu\u00e1rio da Internet pode criar um widget Reviews from Amazon online e incorpor\u00e1-lo facilmente ao seu site Webnode. N\u00e3o h\u00e1 necessidade de pagar ou inserir as credenciais do seu cart\u00e3o para acessar o servi\u00e7o. Se voc\u00ea enfrentar qualquer problema em qualquer etapa, n\u00e3o hesite em entrar em contato com nossa equipe de suporte t\u00e9cnico.<\/p> <\/div>\r\n\t\t\t\t\t<\/div>\r\n\t\t\t\t<\/div> <\/div> <\/div>\n","protected":false},"excerpt":{"rendered":"","protected":false},"author":9,"featured_media":0,"parent":752,"menu_order":0,"comment_status":"closed","ping_status":"closed","template":"templates\/template-application-platform.php","meta":{"publish_to_discourse":"","publish_post_category":"","wpdc_auto_publish_overridden":"","wpdc_topic_tags":"","wpdc_pin_topic":"","wpdc_pin_until":"","discourse_post_id":"","discourse_permalink":"","wpdc_publishing_response":"","wpdc_publishing_error":"","footnotes":""},"class_list":["post-3559","page","type-page","status-publish","hentry"],"yoast_head":"<!-- This site is optimized with the Yoast SEO plugin v25.3.1 - https:\/\/yoast.com\/wordpress\/plugins\/seo\/ -->\n<title>Incorporar avalia\u00e7\u00f5es da Amazon no site Webnode (gr\u00e1tis e r\u00e1pido)<\/title>\n<meta name=\"description\" content=\"\u00c9 muito f\u00e1cil criar suas avalia\u00e7\u00f5es da Amazon e adicion\u00e1-las ao seu site Webnode. O suporte ao cliente da Elfsight \u00e9 gratuito e r\u00e1pido.\" \/>\n<meta name=\"robots\" content=\"index, follow, max-snippet:-1, max-image-preview:large, max-video-preview:-1\" \/>\n<link rel=\"canonical\" href=\"https:\/\/elfsight.com\/pt\/amazon-reviews-widget\/webnode\/\" \/>\n<meta property=\"og:locale\" content=\"pt_PT\" \/>\n<meta property=\"og:type\" content=\"article\" \/>\n<meta property=\"og:title\" content=\"Incorporar avalia\u00e7\u00f5es da Amazon no site Webnode (gr\u00e1tis e r\u00e1pido)\" \/>\n<meta property=\"og:description\" content=\"\u00c9 muito f\u00e1cil criar suas avalia\u00e7\u00f5es da Amazon e adicion\u00e1-las ao seu site Webnode. O suporte ao cliente da Elfsight \u00e9 gratuito e r\u00e1pido.\" \/>\n<meta property=\"og:url\" content=\"https:\/\/elfsight.com\/pt\/amazon-reviews-widget\/webnode\/\" \/>\n<meta property=\"og:site_name\" content=\"Elfsight PT\" \/>\n<meta property=\"article:modified_time\" content=\"2025-01-17T13:32:26+00:00\" \/>\n<meta name=\"twitter:card\" content=\"summary_large_image\" \/>\n<meta name=\"twitter:label1\" content=\"Tempo estimado de leitura\" \/>\n\t<meta name=\"twitter:data1\" content=\"3 minutos\" \/>\n<!-- \/ Yoast SEO plugin. -->","yoast_head_json":{"title":"Incorporar avalia\u00e7\u00f5es da Amazon no site Webnode (gr\u00e1tis e r\u00e1pido)","description":"\u00c9 muito f\u00e1cil criar suas avalia\u00e7\u00f5es da Amazon e adicion\u00e1-las ao seu site Webnode. O suporte ao cliente da Elfsight \u00e9 gratuito e r\u00e1pido.","robots":{"index":"index","follow":"follow","max-snippet":"max-snippet:-1","max-image-preview":"max-image-preview:large","max-video-preview":"max-video-preview:-1"},"canonical":"https:\/\/elfsight.com\/pt\/amazon-reviews-widget\/webnode\/","og_locale":"pt_PT","og_type":"article","og_title":"Incorporar avalia\u00e7\u00f5es da Amazon no site Webnode (gr\u00e1tis e r\u00e1pido)","og_description":"\u00c9 muito f\u00e1cil criar suas avalia\u00e7\u00f5es da Amazon e adicion\u00e1-las ao seu site Webnode. O suporte ao cliente da Elfsight \u00e9 gratuito e r\u00e1pido.","og_url":"https:\/\/elfsight.com\/pt\/amazon-reviews-widget\/webnode\/","og_site_name":"Elfsight PT","article_modified_time":"2025-01-17T13:32:26+00:00","twitter_card":"summary_large_image","twitter_misc":{"Tempo estimado de leitura":"3 minutos"},"schema":{"@context":"https:\/\/schema.org","@graph":[{"@type":"WebPage","@id":"https:\/\/elfsight.com\/pt\/amazon-reviews-widget\/webnode\/","url":"https:\/\/elfsight.com\/pt\/amazon-reviews-widget\/webnode\/","name":"Incorporar avalia\u00e7\u00f5es da Amazon no site Webnode (gr\u00e1tis e r\u00e1pido)","isPartOf":{"@id":"https:\/\/elfsight.com\/pt\/#website"},"datePublished":"2024-05-03T06:27:39+00:00","dateModified":"2025-01-17T13:32:26+00:00","description":"\u00c9 muito f\u00e1cil criar suas avalia\u00e7\u00f5es da Amazon e adicion\u00e1-las ao seu site Webnode. O suporte ao cliente da Elfsight \u00e9 gratuito e r\u00e1pido.","breadcrumb":{"@id":"https:\/\/elfsight.com\/pt\/amazon-reviews-widget\/webnode\/#breadcrumb"},"inLanguage":"pt-PT","potentialAction":[{"@type":"ReadAction","target":["https:\/\/elfsight.com\/pt\/amazon-reviews-widget\/webnode\/"]}]},{"@type":"BreadcrumbList","@id":"https:\/\/elfsight.com\/pt\/amazon-reviews-widget\/webnode\/#breadcrumb","itemListElement":[{"@type":"ListItem","position":1,"name":"Home","item":"https:\/\/elfsight.com\/pt\/"},{"@type":"ListItem","position":2,"name":"Amazon Reviews","item":"https:\/\/elfsight.com\/pt\/amazon-reviews-widget\/"},{"@type":"ListItem","position":3,"name":"Amazon Reviews &#8211; Webnode"}]},{"@type":"WebSite","@id":"https:\/\/elfsight.com\/pt\/#website","url":"https:\/\/elfsight.com\/pt\/","name":"Elfsight PT","description":"Just another Elfsight Sites site","potentialAction":[{"@type":"SearchAction","target":{"@type":"EntryPoint","urlTemplate":"https:\/\/elfsight.com\/pt\/?s={search_term_string}"},"query-input":{"@type":"PropertyValueSpecification","valueRequired":true,"valueName":"search_term_string"}}],"inLanguage":"pt-PT"}]}},"meta_box":{"industry":"","seo_heading":"","heading":"","description":"","cta_heading":"","cta_description":"","application":"751","h1":"Avalia\u00e7\u00f5es da Amazon para Webnode","h1_caption":"Exiba coment\u00e1rios sobre seus produtos da Amazon em seu site","application_category":[],"applications_title":"","applications_request_title":"","applications_request_button_text":"","hero_text":"","hero_video":"","hero_video_schema_markup":"","selling_points_title":"","selling_points_caption":"","selling_points":[],"selling_points_cta_text":"","features_title":"","features":"","ed_cta_examples_text":"","ed_cta_examples_hidden":"","ed_cta_demo_text":"","ed_cta_demo_hidden":"","why_caption":"","why_editor_title":"","why_editor_text":"","why_team_title":"","why_team_text":"","why_service_title":"","why_service_text":"","template_catalog_visible":"0","template_catalog_title":"","template_catalog_text":"","template_catalog_categories_visible":"","demo_title":"Crie seu widget Reviews from Amazon","demo_caption":"Configure seu Reviews from Amazon e adicione-o ao seu site Webnode gratuitamente!","default_faq_hidden":"","app_template_category":[],"platform":"4917","template_public_id":"","codecanyon_url":"","codecanyon_item_id":"","codecanyon_price":"","pricing_caption":"","pricing_elfsight_apps_hide_column":"","pricing_elfsight_apps_url":"","pricing_codecanyon_price_caption":"","integration_category":[],"integration_request_title":"","integration_request_cta":"","integration_platform":"","integrations":[],"platform_category":[],"video_schema_markup":"","price":"a partir de US$ 0\/m\u00eas","trial":"","benefits":[{"text":"Servi\u00e7o de instala\u00e7\u00e3o gratuito"},{"text":"Atendimento ao cliente profissional"},{"text":"Garantia de devolu\u00e7\u00e3o do dinheiro em 14 dias"},{"text":"Desenvolvimento cont\u00ednuo"}],"button_url":"#demo","button_target_blank":"0","button_nofollow":"0","attributes":[{"name":"Instala\u00e7\u00f5es","content":"10,000 - 100,000","_state":"expanded"},{"name":"Responsivo","content":"Sim","_state":"expanded"},{"name":"Navegadores compat\u00edveis","content":"Firefox, Safari, Opera, Chrome, Edge"}],"tags":[],"tags_disable_links":"0","hide_more_platforms":"","video_object":"","demo_hide_cta":"0","demo_hide_cloud_options":"0","pricing_title":"","pricing":[{"pricing_icon":"platform","pricing_title":"Elfsight Apps","pricing_title_caption":"Solu\u00e7\u00e3o independente de plataforma que funciona em qualquer site","pricing_price":"a partir de US$ 0\/m\u00eas","pricing_price_caption":"comece com plano gratuito","pricing_benefits":[{"text":"Dom\u00ednios ilimitados"},{"text":"Suporte dedicado da empresa e bem documentado"},{"text":"Suporte dedicado da empresa e bem documentado"},{"text":"Oferta especial para v\u00e1rios aplicativos"}],"pricing_button_text":"Adicionar ao site","pricing_button_url":"#demo","_state":"expanded"}],"related_apps_title":"","related_apps_hidden":"1","author":"","image":[],"title":"","job":"","social_networks":[]},"_links":{"self":[{"href":"https:\/\/elfsight.com\/pt\/wp-json\/wp\/v2\/pages\/3559","targetHints":{"allow":["GET"]}}],"collection":[{"href":"https:\/\/elfsight.com\/pt\/wp-json\/wp\/v2\/pages"}],"about":[{"href":"https:\/\/elfsight.com\/pt\/wp-json\/wp\/v2\/types\/page"}],"author":[{"embeddable":true,"href":"https:\/\/elfsight.com\/pt\/wp-json\/wp\/v2\/users\/9"}],"replies":[{"embeddable":true,"href":"https:\/\/elfsight.com\/pt\/wp-json\/wp\/v2\/comments?post=3559"}],"version-history":[{"count":3,"href":"https:\/\/elfsight.com\/pt\/wp-json\/wp\/v2\/pages\/3559\/revisions"}],"predecessor-version":[{"id":13590,"href":"https:\/\/elfsight.com\/pt\/wp-json\/wp\/v2\/pages\/3559\/revisions\/13590"}],"up":[{"embeddable":true,"href":"https:\/\/elfsight.com\/pt\/wp-json\/wp\/v2\/pages\/752"}],"wp:attachment":[{"href":"https:\/\/elfsight.com\/pt\/wp-json\/wp\/v2\/media?parent=3559"}],"curies":[{"name":"wp","href":"https:\/\/api.w.org\/{rel}","templated":true}]}}