{"id":3556,"date":"2024-05-03T06:26:47","date_gmt":"2024-05-03T06:26:47","guid":{"rendered":"https:\/\/elfsight.com\/pt\/?page_id=3556"},"modified":"2025-02-11T13:16:47","modified_gmt":"2025-02-11T13:16:47","slug":"webflow","status":"publish","type":"page","link":"https:\/\/elfsight.com\/pt\/all-in-one-chat-widget\/webflow\/","title":{"rendered":"All-in-One Chat &#8211; Webflow"},"content":{"rendered":"\n<div class=\"application-platform-content-item-description application-platform-content-item\" id=\"description\" data-nav-section=\"description\"> <h2>Incorpore o bate-papo tudo-em-um no Webflow com o widget da Elfsight<\/h2> <p>Caixa de bate-papo tudo-em-um da Elfsight \u00e9 uma das ferramentas mais r\u00e1pidas para os usu\u00e1rios entrarem em contato com voc\u00ea e obterem suporte seu. Voc\u00ea poder\u00e1 ficar dispon\u00edvel online em todos os chats mais utilizados sem parar. Integre o widget em seu site e configure-o para aparecer em p\u00e1ginas espec\u00edficas ou para determinadas categorias de visitantes, escolha ativadores de in\u00edcio de chat, escreva seu texto de boas-vindas, selecione \u00edcones e muito mais. Com o widget instalado e funcionando, voc\u00ea estar\u00e1 conectado \u00e0s pessoas a qualquer hora e em qualquer lugar. <\/p> <p><b>Obtenha mais leads por meio de contato direto<\/b><\/p> <\/div> <div class=\"application-platform-content-item-features application-platform-content-item\" id=\"features\" data-nav-section=\"features\"> <h2>Conhe\u00e7a a lista dos melhores recursos: <\/h2> <ul><li>Integre o mensageiro All-in-One Live Chat em seu site para conversar com os usu\u00e1rios. <\/li><li>3 tipos de posi\u00e7\u00e3o de bate-papo: bal\u00e3o flutuante, bal\u00e3o incorporado e janela de bate-papo incorporada. <\/li><li>Uma biblioteca de \u00edcones de bolhas para voc\u00ea escolher. <\/li><li>T\u00edtulo male\u00e1vel do bate-papo com imagem, nome e legenda da p\u00e1gina.<\/li><li>Definir a imagem da p\u00e1gina por padr\u00e3o, de nossa biblioteca ou fazer upload de uma imagem personalizada. <\/li><\/ul><div class=\"faq\" data-component=\"FAQ\"><div class=\"faq-item\">\r\n\t\t\t\t\t<div class=\"faq-item-question\">\r\n\t\t\t\t\t\t<h3 class=\"faq-item-question-text\">Como adicionar a caixa de bate-papo multifuncional a uma p\u00e1gina do Webflow?<\/h3>\r\n\r\n\t\t\t\t\t\t<div class=\"faq-item-question-icon\"><\/div>\r\n\t\t\t\t\t<\/div>\r\n\r\n\t\t\t\t\t<div class=\"faq-item-answer\">\r\n\t\t\t\t\t\t<div class=\"faq-item-answer-text\"><p>A adi\u00e7\u00e3o da caixa de bate-papo ao site levar\u00e1 cerca de 90 segundos. Al\u00e9m disso, voc\u00ea n\u00e3o precisa ter nenhum conhecimento em programa\u00e7\u00e3o web. <\/p><ol><li>Personalize o widget Webflow Chat no configurador ao vivo gratuito. <\/li> <li>Clique no c\u00f3digo para copi\u00e1-lo. <\/li> <li>Adicione o c\u00f3digo ao local necess\u00e1rio no modelo do site. <\/li> <li>\u00c9 isso! O widget de bate-papo agora est\u00e1 ativo no Webflow!<\/li><\/ol><p>Est\u00e1 tendo problemas para incorporar o widget de bate-papo no Webflow ou configur\u00e1-lo? Voc\u00ea pode descobrir o guia completo nesta p\u00e1gina. <\/p><p><a href=\"#demo\">Experimente esta demonstra\u00e7\u00e3o para ver como funciona<\/a><\/p> <\/div>\r\n\t\t\t\t\t<\/div>\r\n\t\t\t\t<\/div><div class=\"faq-item\">\r\n\t\t\t\t\t<div class=\"faq-item-question\">\r\n\t\t\t\t\t\t<h3 class=\"faq-item-question-text\">Posso ver como ficar\u00e1 o widget no meu site?<\/h3>\r\n\r\n\t\t\t\t\t\t<div class=\"faq-item-question-icon\"><\/div>\r\n\t\t\t\t\t<\/div>\r\n\r\n\t\t\t\t\t<div class=\"faq-item-answer\">\r\n\t\t\t\t\t\t<div class=\"faq-item-answer-text\"><p>Definitivamente! Ao criar o widget de bate-papo Webflow no <a href=\"https:\/\/elfsight.com\/all-in-one-chat-widget\/#demo\">construtor on-line gratuito<\/a>, voc\u00ea considerar\u00e1 todas as revis\u00f5es em o certo. Sua caixa de bate-papo ser\u00e1 exatamente igual \u00e0 que voc\u00ea adicionar\u00e1 ao seu site Webflow. <\/p><\/div>\r\n\t\t\t\t\t<\/div>\r\n\t\t\t\t<\/div><div class=\"faq-item\">\r\n\t\t\t\t\t<div class=\"faq-item-question\">\r\n\t\t\t\t\t\t<h3 class=\"faq-item-question-text\">Quais outros widgets s\u00e3o essenciais para um site Webflow?<\/h3>\r\n\r\n\t\t\t\t\t\t<div class=\"faq-item-question-icon\"><\/div>\r\n\t\t\t\t\t<\/div>\r\n\r\n\t\t\t\t\t<div class=\"faq-item-answer\">\r\n\t\t\t\t\t\t<div class=\"faq-item-answer-text\"><p>Webflow \u00e9 uma plataforma que promove as ideias da filosofia sem codifica\u00e7\u00e3o. Com a ajuda deste construtor de sites, voc\u00ea pode criar um site para praticamente qualquer caso: desde um portf\u00f3lio at\u00e9 uma pequena loja de com\u00e9rcio eletr\u00f4nico. <\/p><p>A Elfsight ir\u00e1 ajud\u00e1-lo a melhorar a funcionalidade do seu site Webflow com as seguintes ferramentas: <a href=\"https:\/\/elfsight.com\/online-form-builder\/webflow\/\">Form Builder<\/a>, <a href=\"https:\/\/elfsight.com\/cookie-consent-widget\/webflow\/\">Banner de consentimento de cookies<\/a>, <a href=\"https:\/\/elfsight.com\/popup-widget\/webflow\/\">Widget pop-up<\/a>, <a href=\"https:\/\/elfsight.com\/instagram-feed-instashow\/webflow\/\">Feed do Instagram<\/a> e <a href=\"https:\/\/elfsight.com\/slider-widget\/webflow\/\">Controle deslizante<\/a>. Basta escolher o que voc\u00ea gosta e come\u00e7ar a lucrar imediatamente!<\/p><\/div>\r\n\t\t\t\t\t<\/div>\r\n\t\t\t\t<\/div><\/div><\/div> <div class=\"application-platform-content-item-installation application-platform-content-item\" id=\"installation\" data-nav-section=\"installation\"> <h2>Como adiciono o widget de chat ao vivo ao meu site Webflow?<\/h2><div class=\"video-container\"><iframe width=\"720\" height=\"405\" src=\"https:\/\/www.youtube.com\/embed\/ScRcsa8EdGI\" frameborder=\"0\" allowfullscreen=\"\"><\/iframe><\/div><p>Basta aplicar as instru\u00e7\u00f5es abaixo para come\u00e7ar a usar a ferramenta.<\/p> <ol><li><b>Ao iniciar nossa demonstra\u00e7\u00e3o gratuita, comece a moldar seu widget personalizado. <\/b><br> Especifique o layout selecionado e as caracter\u00edsticas funcionais do plugin e aplique as edi\u00e7\u00f5es. <\/li> <li><b>Receba o c\u00f3digo \u00fanico revelado na janela das Apps Elfsight. <\/b><br> Quando a gera\u00e7\u00e3o do seu plugin pessoal estiver conclu\u00edda, copie o c\u00f3digo pessoal no pop-up que aparece e guarde-o para futuras ocasi\u00f5es. <\/li> <li><b>Entre usando o widget na p\u00e1gina Webflow. <\/b><br> Cole o c\u00f3digo copiado recentemente em sua p\u00e1gina e aplique os ajustes. <\/li> <li><b>A configura\u00e7\u00e3o foi realizada com sucesso.<\/b><br> Visite sua p\u00e1gina da web para ver como est\u00e1 funcionando a caixa de bate-papo on-line.<\/li><\/ol> <p>Na condi\u00e7\u00e3o de Ao enfrentar d\u00favidas ou superar alguns obst\u00e1culos, sinta-se \u00e0 vontade para entrar em contato com nossa equipe de atendimento ao cliente. Nosso pessoal ter\u00e1 o maior prazer em ajud\u00e1-lo com todas as dificuldades que voc\u00ea possa ter com a ferramenta. <\/p> <\/div>\n","protected":false},"excerpt":{"rendered":"","protected":false},"author":9,"featured_media":0,"parent":1097,"menu_order":0,"comment_status":"closed","ping_status":"closed","template":"templates\/template-application-platform.php","meta":{"publish_to_discourse":"","publish_post_category":"","wpdc_auto_publish_overridden":"","wpdc_topic_tags":"","wpdc_pin_topic":"","wpdc_pin_until":"","discourse_post_id":"","discourse_permalink":"","wpdc_publishing_response":"","wpdc_publishing_error":"","footnotes":""},"class_list":["post-3556","page","type-page","status-publish","hentry"],"yoast_head":"<!-- This site is optimized with the Yoast SEO plugin v25.3.1 - https:\/\/yoast.com\/wordpress\/plugins\/seo\/ -->\n<title>Bate-papo ao vivo - adicione widget de bate-papo online a sites Webflow (gratuito e f\u00e1cil)<\/title>\n<meta name=\"description\" content=\"Incorpore seu widget All-in-One Live Chat no site Webflow rapidamente. Use nossa demonstra\u00e7\u00e3o pr\u00e1tica para construir sua caixa de bate-papo online exclusiva com facilidade e sem codifica\u00e7\u00e3o.\" \/>\n<meta name=\"robots\" content=\"index, follow, max-snippet:-1, max-image-preview:large, max-video-preview:-1\" \/>\n<link rel=\"canonical\" href=\"https:\/\/elfsight.com\/pt\/all-in-one-chat-widget\/webflow\/\" \/>\n<meta property=\"og:locale\" content=\"pt_PT\" \/>\n<meta property=\"og:type\" content=\"article\" \/>\n<meta property=\"og:title\" content=\"Bate-papo ao vivo - adicione widget de bate-papo online a sites Webflow (gratuito e f\u00e1cil)\" \/>\n<meta property=\"og:description\" content=\"Incorpore seu widget All-in-One Live Chat no site Webflow rapidamente. Use nossa demonstra\u00e7\u00e3o pr\u00e1tica para construir sua caixa de bate-papo online exclusiva com facilidade e sem codifica\u00e7\u00e3o.\" \/>\n<meta property=\"og:url\" content=\"https:\/\/elfsight.com\/pt\/all-in-one-chat-widget\/webflow\/\" \/>\n<meta property=\"og:site_name\" content=\"Elfsight PT\" \/>\n<meta property=\"article:modified_time\" content=\"2025-02-11T13:16:47+00:00\" \/>\n<meta name=\"twitter:card\" content=\"summary_large_image\" \/>\n<meta name=\"twitter:label1\" content=\"Tempo estimado de leitura\" \/>\n\t<meta name=\"twitter:data1\" content=\"4 minutos\" \/>\n<!-- \/ Yoast SEO plugin. -->","yoast_head_json":{"title":"Bate-papo ao vivo - adicione widget de bate-papo online a sites Webflow (gratuito e f\u00e1cil)","description":"Incorpore seu widget All-in-One Live Chat no site Webflow rapidamente. Use nossa demonstra\u00e7\u00e3o pr\u00e1tica para construir sua caixa de bate-papo online exclusiva com facilidade e sem codifica\u00e7\u00e3o.","robots":{"index":"index","follow":"follow","max-snippet":"max-snippet:-1","max-image-preview":"max-image-preview:large","max-video-preview":"max-video-preview:-1"},"canonical":"https:\/\/elfsight.com\/pt\/all-in-one-chat-widget\/webflow\/","og_locale":"pt_PT","og_type":"article","og_title":"Bate-papo ao vivo - adicione widget de bate-papo online a sites Webflow (gratuito e f\u00e1cil)","og_description":"Incorpore seu widget All-in-One Live Chat no site Webflow rapidamente. Use nossa demonstra\u00e7\u00e3o pr\u00e1tica para construir sua caixa de bate-papo online exclusiva com facilidade e sem codifica\u00e7\u00e3o.","og_url":"https:\/\/elfsight.com\/pt\/all-in-one-chat-widget\/webflow\/","og_site_name":"Elfsight PT","article_modified_time":"2025-02-11T13:16:47+00:00","twitter_card":"summary_large_image","twitter_misc":{"Tempo estimado de leitura":"4 minutos"},"schema":{"@context":"https:\/\/schema.org","@graph":[{"@type":"WebPage","@id":"https:\/\/elfsight.com\/pt\/all-in-one-chat-widget\/webflow\/","url":"https:\/\/elfsight.com\/pt\/all-in-one-chat-widget\/webflow\/","name":"Bate-papo ao vivo - adicione widget de bate-papo online a sites Webflow (gratuito e f\u00e1cil)","isPartOf":{"@id":"https:\/\/elfsight.com\/pt\/#website"},"datePublished":"2024-05-03T06:26:47+00:00","dateModified":"2025-02-11T13:16:47+00:00","description":"Incorpore seu widget All-in-One Live Chat no site Webflow rapidamente. Use nossa demonstra\u00e7\u00e3o pr\u00e1tica para construir sua caixa de bate-papo online exclusiva com facilidade e sem codifica\u00e7\u00e3o.","breadcrumb":{"@id":"https:\/\/elfsight.com\/pt\/all-in-one-chat-widget\/webflow\/#breadcrumb"},"inLanguage":"pt-PT","potentialAction":[{"@type":"ReadAction","target":["https:\/\/elfsight.com\/pt\/all-in-one-chat-widget\/webflow\/"]}]},{"@type":"BreadcrumbList","@id":"https:\/\/elfsight.com\/pt\/all-in-one-chat-widget\/webflow\/#breadcrumb","itemListElement":[{"@type":"ListItem","position":1,"name":"Home","item":"https:\/\/elfsight.com\/pt\/"},{"@type":"ListItem","position":2,"name":"All-in-One Chat","item":"https:\/\/elfsight.com\/pt\/all-in-one-chat-widget\/"},{"@type":"ListItem","position":3,"name":"All-in-One Chat &#8211; Webflow"}]},{"@type":"WebSite","@id":"https:\/\/elfsight.com\/pt\/#website","url":"https:\/\/elfsight.com\/pt\/","name":"Elfsight PT","description":"Just another Elfsight Sites site","potentialAction":[{"@type":"SearchAction","target":{"@type":"EntryPoint","urlTemplate":"https:\/\/elfsight.com\/pt\/?s={search_term_string}"},"query-input":{"@type":"PropertyValueSpecification","valueRequired":true,"valueName":"search_term_string"}}],"inLanguage":"pt-PT"}]}},"meta_box":{"industry":"","seo_heading":"","heading":"","description":"","cta_heading":"","cta_description":"","application":"1096","h1":"Widget de bate-papo ao vivo do Webflow","h1_caption":"Gra\u00e7as a uma comunica\u00e7\u00e3o r\u00e1pida e mais direcionada, deixe mais clientes satisfeitos","application_category":[],"applications_title":"","applications_request_title":"","applications_request_button_text":"","hero_text":"","hero_video":"","hero_video_schema_markup":"","selling_points_title":"","selling_points_caption":"","selling_points":[],"selling_points_cta_text":"","features_title":"","features":"","ed_cta_examples_text":"","ed_cta_examples_hidden":"","ed_cta_demo_text":"","ed_cta_demo_hidden":"","why_caption":"","why_editor_title":"","why_editor_text":"","why_team_title":"","why_team_text":"","why_service_title":"","why_service_text":"","template_catalog_visible":"0","template_catalog_title":"","template_catalog_text":"","template_catalog_categories_visible":"","demo_title":"Crie seu widget de bate-papo multifuncional","demo_caption":"Configure seu bate-papo multifuncional e adicione-o ao seu site Webflow gratuitamente!","default_faq_hidden":"","app_template_category":[],"platform":"70","template_public_id":"","codecanyon_url":"","codecanyon_item_id":"","codecanyon_price":"","pricing_caption":"","pricing_elfsight_apps_hide_column":"","pricing_elfsight_apps_url":"","pricing_codecanyon_price_caption":"","integration_category":[],"integration_request_title":"","integration_request_cta":"","integration_platform":"","integrations":[],"platform_category":[],"video_schema_markup":"","price":"a partir de US$ 0\/m\u00eas","trial":"","benefits":[{"text":"Assist\u00eancia de instala\u00e7\u00e3o gratuita"},{"text":"Atendimento ao cliente eficaz"},{"text":"Garantia de reembolso de 14 dias"},{"text":"Atualizando constantemente"}],"button_url":"#demo","button_target_blank":"0","button_nofollow":"0","attributes":[{"name":"Instala\u00e7\u00f5es","content":"100,000 - 500,000","_state":"expanded"},{"name":"Responsivo","content":"Sim","_state":"expanded"},{"name":"Navegadores compat\u00edveis","content":"Opera, Firefox, Edge, Safari, Chrome"}],"tags":[],"tags_disable_links":"0","hide_more_platforms":"0","video_object":"","demo_hide_cta":"0","demo_hide_cloud_options":"0","pricing_title":"","pricing":[{"pricing_icon":"platform","pricing_title":"Elfsight Apps","pricing_title_caption":"Software multiplataforma","pricing_price":"a partir de US$ 0\/m\u00eas","pricing_price_caption":"comece com plano gratuito","pricing_benefits":[{"text":"N\u00famero ilimitado de dom\u00ednios"},{"text":"Suporte r\u00e1pido e pontual"},{"text":"Suporte r\u00e1pido e pontual"},{"text":"Oferta especial para v\u00e1rios aplicativos"}],"pricing_button_text":"Adicionar ao site","pricing_button_url":"#demo","_state":"expanded"}],"related_apps_title":"","related_apps_hidden":"1","author":"","image":[],"title":"","job":"","social_networks":[]},"_links":{"self":[{"href":"https:\/\/elfsight.com\/pt\/wp-json\/wp\/v2\/pages\/3556","targetHints":{"allow":["GET"]}}],"collection":[{"href":"https:\/\/elfsight.com\/pt\/wp-json\/wp\/v2\/pages"}],"about":[{"href":"https:\/\/elfsight.com\/pt\/wp-json\/wp\/v2\/types\/page"}],"author":[{"embeddable":true,"href":"https:\/\/elfsight.com\/pt\/wp-json\/wp\/v2\/users\/9"}],"replies":[{"embeddable":true,"href":"https:\/\/elfsight.com\/pt\/wp-json\/wp\/v2\/comments?post=3556"}],"version-history":[{"count":3,"href":"https:\/\/elfsight.com\/pt\/wp-json\/wp\/v2\/pages\/3556\/revisions"}],"predecessor-version":[{"id":13909,"href":"https:\/\/elfsight.com\/pt\/wp-json\/wp\/v2\/pages\/3556\/revisions\/13909"}],"up":[{"embeddable":true,"href":"https:\/\/elfsight.com\/pt\/wp-json\/wp\/v2\/pages\/1097"}],"wp:attachment":[{"href":"https:\/\/elfsight.com\/pt\/wp-json\/wp\/v2\/media?parent=3556"}],"curies":[{"name":"wp","href":"https:\/\/api.w.org\/{rel}","templated":true}]}}