{"id":3548,"date":"2024-05-03T06:26:48","date_gmt":"2024-05-03T06:26:48","guid":{"rendered":"https:\/\/elfsight.com\/pt\/?page_id=3548"},"modified":"2025-02-11T13:11:26","modified_gmt":"2025-02-11T13:11:26","slug":"squarespace","status":"publish","type":"page","link":"https:\/\/elfsight.com\/pt\/all-in-one-chat-widget\/squarespace\/","title":{"rendered":"All-in-One Chat &#8211; Squarespace"},"content":{"rendered":"\n<div class=\"application-platform-content-item-description application-platform-content-item\" id=\"description\" data-nav-section=\"description\"> <h2>Incorpore o bate-papo multifuncional no Squarespace com o widget Elfsight<\/h2> <p>O widget de bate-papo multifuncional da Elfsight \u00e9 uma das possibilidades mais r\u00e1pidas para as pessoas entrarem em contato com voc\u00ea e obterem respostas \u00e0s suas d\u00favidas. Fique dispon\u00edvel online em todos os chats mais utilizados. Incorpore o plugin em seu site e ele pode aparecer em p\u00e1ginas selecionadas ou para categorias separadas de p\u00fablico, escolha iniciadores de bate-papo, redija seu texto de boas-vindas, selecione \u00edcones e outros recursos. Com o plugin ativo voc\u00ea estar\u00e1 acess\u00edvel aos visitantes a qualquer hora e em qualquer local. <\/p> <p><b>Aumentar o n\u00famero de leads por meio de contatos individuais<\/b><\/p> <\/div> <div class=\"application-platform-content-item-features application-platform-content-item\" id=\"features\" data-nav-section=\"features\"> <h2>Aqui est\u00e3o os recursos essenciais do widget: <\/h2> <ul><li>Adicione o mensageiro de caixa de bate-papo multifuncional ao seu site para conversar com os usu\u00e1rios. <\/li><li>Tr\u00eas variantes de posi\u00e7\u00e3o de bate-papo: bal\u00e3o flutuante, bal\u00e3o incorporado e janela de bate-papo incorporada. <\/li><li>Uma biblioteca de \u00edcones de bolhas para voc\u00ea escolher. <\/li><li>T\u00edtulo de bate-papo flex\u00edvel com logotipo, nome e legenda da p\u00e1gina<\/li><li>Escolher a imagem da p\u00e1gina por padr\u00e3o, da nossa biblioteca ou enviar sua pr\u00f3pria imagem. <\/li><\/ul><p><a href=\"#demo\">Experimente esta demonstra\u00e7\u00e3o para ver quanto vale o widget<\/a><\/p> <div class=\"faq\" data-component=\"FAQ\"><div class=\"faq-item\">\r\n\t\t\t\t\t<div class=\"faq-item-question\">\r\n\t\t\t\t\t\t<h3 class=\"faq-item-question-text\">Como fazer adicionar a caixa All-in-One Chat a uma p\u00e1gina do Squarespace?<\/h3>\r\n\r\n\t\t\t\t\t\t<div class=\"faq-item-question-icon\"><\/div>\r\n\t\t\t\t\t<\/div>\r\n\r\n\t\t\t\t\t<div class=\"faq-item-answer\">\r\n\t\t\t\t\t\t<div class=\"faq-item-answer-text\"><p>Adicionar ao site leva apenas alguns segundos. Al\u00e9m disso, voc\u00ea n\u00e3o precisa ter nenhuma habilidade de codifica\u00e7\u00e3o. <\/p><ol><li>Personalize o widget Squarespace no configurador ao vivo gratuito. <\/li> <li>Copie seu c\u00f3digo de instala\u00e7\u00e3o. <\/li> <li>Cole o c\u00f3digo no local necess\u00e1rio no backend do site. <\/li> <li>Trabalho fant\u00e1stico! A instala\u00e7\u00e3o do plugin de chat no Squarespace est\u00e1 conclu\u00edda! <\/li><\/ol><p>Est\u00e1 tendo problemas para inserir o plugin no Squarespace ou formatar o bate-papo do All-in-One? Voc\u00ea pode encontrar o guia detalhado <a href=\"https:\/\/elfsight.com\/tutorials\/how-to-add-live-chat-to-website\/#how-to-add-live-chat-to-squarespace\">nesta p\u00e1gina<\/a>. <\/p><\/div>\r\n\t\t\t\t\t<\/div>\r\n\t\t\t\t<\/div><div class=\"faq-item\">\r\n\t\t\t\t\t<div class=\"faq-item-question\">\r\n\t\t\t\t\t\t<h3 class=\"faq-item-question-text\">Existe uma chance de ver como o widget ficar\u00e1 em um site?<\/h3>\r\n\r\n\t\t\t\t\t\t<div class=\"faq-item-question-icon\"><\/div>\r\n\t\t\t\t\t<\/div>\r\n\r\n\t\t\t\t\t<div class=\"faq-item-answer\">\r\n\t\t\t\t\t\t<div class=\"faq-item-answer-text\"><p>Certamente! No processo de cria\u00e7\u00e3o do plugin de bate-papo do Squarespace no <a href=\"https:\/\/elfsight.com\/all-in-one-chat-widget\/#demo\">editor ao vivo<\/a>, voc\u00ea ver\u00e1 todos os mudan\u00e7as na parte direita dele. A caixa de bate-papo ser\u00e1 id\u00eantica \u00e0 que voc\u00ea ter\u00e1 em um site do Squarespace. <\/p><\/div>\r\n\t\t\t\t\t<\/div>\r\n\t\t\t\t<\/div><div class=\"faq-item\">\r\n\t\t\t\t\t<div class=\"faq-item-question\">\r\n\t\t\t\t\t\t<h3 class=\"faq-item-question-text\">Quais outros widgets s\u00e3o essenciais para um site do Squarespace?<\/h3>\r\n\r\n\t\t\t\t\t\t<div class=\"faq-item-question-icon\"><\/div>\r\n\t\t\t\t\t<\/div>\r\n\r\n\t\t\t\t\t<div class=\"faq-item-answer\">\r\n\t\t\t\t\t\t<div class=\"faq-item-answer-text\"><p>O Squarespace \u00e9 uma plataforma incr\u00edvel para construir praticamente qualquer tipo de site: do blog ao portf\u00f3lio. Os sites de com\u00e9rcio eletr\u00f4nico s\u00e3o muito populares entre os usu\u00e1rios do Squarespace, e voc\u00ea pode encontrar muitas ferramentas para sua loja online oferecidas pela Elfsight.<\/p><p>Por exemplo, o Google Reviews aumentar\u00e1 a confian\u00e7a em sua marca, o bot\u00e3o WhatsApp Chat aumentar\u00e1 agilize a comunica\u00e7\u00e3o com seus usu\u00e1rios. <a href=\"https:\/\/elfsight.com\/countdown-timer-widget\/squarespace\/\">Contador regressivo<\/a> aumentar\u00e1 o interesse em uma venda incr\u00edvel, <a href=\"https:\/\/elfsight.com\/event-calendar-widget\/squarespace\/\">Widget de calend\u00e1rio<\/a> ir\u00e1 listar seus lindos eventos e, finalmente, <a href=\"https:\/\/elfsight.com\/qr-code-widget\/squarespace\/\">QR c\u00f3digo<\/a> levar\u00e1 a qualquer p\u00e1gina com informa\u00e7\u00f5es detalhadas.<\/p><\/div>\r\n\t\t\t\t\t<\/div>\r\n\t\t\t\t<\/div><\/div><\/div> <div class=\"application-platform-content-item-installation application-platform-content-item\" id=\"installation\" data-nav-section=\"installation\"> <h2>Como fa\u00e7o para incorporar o plug-in de chat ao vivo no meu Site do Squarespace? <\/h2> <div class=\"video-container\"><iframe width=\"720\" height=\"405\" src=\"https:\/\/www.youtube.com\/embed\/zBgvDOtNfSg\" frameborder=\"0\" allowfullscreen=\"\"><\/iframe><\/div><p>Basta seguir as diretrizes abaixo para integrar o widget.<\/p> <ol><li><b>Ao iniciar nosso configurador gratuito, comece a criar seu widget personalizado.<\/b><br> Encontre a apar\u00eancia e as caracter\u00edsticas personalizadas do widget e salve as modifica\u00e7\u00f5es.<\/li> <li><b>Obtenha seu c\u00f3digo exclusivo aparecendo na caixa dos aplicativos da Elfsight.<\/b><br> Certo ap\u00f3s a configura\u00e7\u00e3o da sua ferramenta pessoal, copie o c\u00f3digo individual na caixa exibida e guarde-o para ocasi\u00f5es futuras.<\/li> <li><b>Comece a usar a ferramenta na sua p\u00e1gina do Squarespace.<\/b><br> Adicione o c\u00f3digo salvo recentemente em seu site e aplique os ajustes.<\/li> <li><b>Pronto! A incorpora\u00e7\u00e3o foi totalmente realizada.<\/b><br> Acesse seu site para avaliar o desempenho da caixa de bate-papo on-line.<\/li><\/ol> <p>Na condi\u00e7\u00e3o de lidar com d\u00favidas ou encontrar alguma dificuldade, fa\u00e7a n\u00e3o tenha medo de escrever para nossa equipe de atendimento ao cliente. Nosso pessoal ter\u00e1 prazer em resolver todas as dificuldades que voc\u00ea possa ter com o widget.<\/p> <\/div>\n","protected":false},"excerpt":{"rendered":"","protected":false},"author":9,"featured_media":0,"parent":1097,"menu_order":0,"comment_status":"closed","ping_status":"closed","template":"templates\/template-application-platform.php","meta":{"publish_to_discourse":"","publish_post_category":"","wpdc_auto_publish_overridden":"","wpdc_topic_tags":"","wpdc_pin_topic":"","wpdc_pin_until":"","discourse_post_id":"","discourse_permalink":"","wpdc_publishing_response":"","wpdc_publishing_error":"","footnotes":""},"class_list":["post-3548","page","type-page","status-publish","hentry"],"yoast_head":"<!-- This site is optimized with the Yoast SEO plugin v25.3.1 - https:\/\/yoast.com\/wordpress\/plugins\/seo\/ -->\n<title>Widget de bate-papo ao vivo | Bate-papo on-line para sites do Squarespace (gratuito e f\u00e1cil)<\/title>\n<meta name=\"description\" content=\"Adicione seu plugin All-in-One Live Chat na p\u00e1gina inicial do Squarespace rapidamente. Utilize nossa demonstra\u00e7\u00e3o ao vivo para construir sua caixa de bate-papo online com facilidade e sem codifica\u00e7\u00e3o.\" \/>\n<meta name=\"robots\" content=\"index, follow, max-snippet:-1, max-image-preview:large, max-video-preview:-1\" \/>\n<link rel=\"canonical\" href=\"https:\/\/elfsight.com\/pt\/all-in-one-chat-widget\/squarespace\/\" \/>\n<meta property=\"og:locale\" content=\"pt_PT\" \/>\n<meta property=\"og:type\" content=\"article\" \/>\n<meta property=\"og:title\" content=\"Widget de bate-papo ao vivo | Bate-papo on-line para sites do Squarespace (gratuito e f\u00e1cil)\" \/>\n<meta property=\"og:description\" content=\"Adicione seu plugin All-in-One Live Chat na p\u00e1gina inicial do Squarespace rapidamente. Utilize nossa demonstra\u00e7\u00e3o ao vivo para construir sua caixa de bate-papo online com facilidade e sem codifica\u00e7\u00e3o.\" \/>\n<meta property=\"og:url\" content=\"https:\/\/elfsight.com\/pt\/all-in-one-chat-widget\/squarespace\/\" \/>\n<meta property=\"og:site_name\" content=\"Elfsight PT\" \/>\n<meta property=\"article:modified_time\" content=\"2025-02-11T13:11:26+00:00\" \/>\n<meta name=\"twitter:card\" content=\"summary_large_image\" \/>\n<meta name=\"twitter:label1\" content=\"Tempo estimado de leitura\" \/>\n\t<meta name=\"twitter:data1\" content=\"4 minutos\" \/>\n<!-- \/ Yoast SEO plugin. -->","yoast_head_json":{"title":"Widget de bate-papo ao vivo | Bate-papo on-line para sites do Squarespace (gratuito e f\u00e1cil)","description":"Adicione seu plugin All-in-One Live Chat na p\u00e1gina inicial do Squarespace rapidamente. Utilize nossa demonstra\u00e7\u00e3o ao vivo para construir sua caixa de bate-papo online com facilidade e sem codifica\u00e7\u00e3o.","robots":{"index":"index","follow":"follow","max-snippet":"max-snippet:-1","max-image-preview":"max-image-preview:large","max-video-preview":"max-video-preview:-1"},"canonical":"https:\/\/elfsight.com\/pt\/all-in-one-chat-widget\/squarespace\/","og_locale":"pt_PT","og_type":"article","og_title":"Widget de bate-papo ao vivo | Bate-papo on-line para sites do Squarespace (gratuito e f\u00e1cil)","og_description":"Adicione seu plugin All-in-One Live Chat na p\u00e1gina inicial do Squarespace rapidamente. Utilize nossa demonstra\u00e7\u00e3o ao vivo para construir sua caixa de bate-papo online com facilidade e sem codifica\u00e7\u00e3o.","og_url":"https:\/\/elfsight.com\/pt\/all-in-one-chat-widget\/squarespace\/","og_site_name":"Elfsight PT","article_modified_time":"2025-02-11T13:11:26+00:00","twitter_card":"summary_large_image","twitter_misc":{"Tempo estimado de leitura":"4 minutos"},"schema":{"@context":"https:\/\/schema.org","@graph":[{"@type":"WebPage","@id":"https:\/\/elfsight.com\/pt\/all-in-one-chat-widget\/squarespace\/","url":"https:\/\/elfsight.com\/pt\/all-in-one-chat-widget\/squarespace\/","name":"Widget de bate-papo ao vivo | Bate-papo on-line para sites do Squarespace (gratuito e f\u00e1cil)","isPartOf":{"@id":"https:\/\/elfsight.com\/pt\/#website"},"datePublished":"2024-05-03T06:26:48+00:00","dateModified":"2025-02-11T13:11:26+00:00","description":"Adicione seu plugin All-in-One Live Chat na p\u00e1gina inicial do Squarespace rapidamente. Utilize nossa demonstra\u00e7\u00e3o ao vivo para construir sua caixa de bate-papo online com facilidade e sem codifica\u00e7\u00e3o.","breadcrumb":{"@id":"https:\/\/elfsight.com\/pt\/all-in-one-chat-widget\/squarespace\/#breadcrumb"},"inLanguage":"pt-PT","potentialAction":[{"@type":"ReadAction","target":["https:\/\/elfsight.com\/pt\/all-in-one-chat-widget\/squarespace\/"]}]},{"@type":"BreadcrumbList","@id":"https:\/\/elfsight.com\/pt\/all-in-one-chat-widget\/squarespace\/#breadcrumb","itemListElement":[{"@type":"ListItem","position":1,"name":"Home","item":"https:\/\/elfsight.com\/pt\/"},{"@type":"ListItem","position":2,"name":"All-in-One Chat","item":"https:\/\/elfsight.com\/pt\/all-in-one-chat-widget\/"},{"@type":"ListItem","position":3,"name":"All-in-One Chat &#8211; Squarespace"}]},{"@type":"WebSite","@id":"https:\/\/elfsight.com\/pt\/#website","url":"https:\/\/elfsight.com\/pt\/","name":"Elfsight PT","description":"Just another Elfsight Sites site","potentialAction":[{"@type":"SearchAction","target":{"@type":"EntryPoint","urlTemplate":"https:\/\/elfsight.com\/pt\/?s={search_term_string}"},"query-input":{"@type":"PropertyValueSpecification","valueRequired":true,"valueName":"search_term_string"}}],"inLanguage":"pt-PT"}]}},"meta_box":{"industry":"","seo_heading":"","heading":"","description":"","cta_heading":"","cta_description":"","application":"1096","h1":"Plug-in de bate-papo ao vivo do Squarespace","h1_caption":"Organizar uma comunica\u00e7\u00e3o r\u00e1pida e mais individualizada deixa mais clientes satisfeitos","application_category":[],"applications_title":"","applications_request_title":"","applications_request_button_text":"","hero_text":"","hero_video":"","hero_video_schema_markup":"","selling_points_title":"","selling_points_caption":"","selling_points":[],"selling_points_cta_text":"","features_title":"","features":"","ed_cta_examples_text":"","ed_cta_examples_hidden":"","ed_cta_demo_text":"","ed_cta_demo_hidden":"","why_caption":"","why_editor_title":"","why_editor_text":"","why_team_title":"","why_team_text":"","why_service_title":"","why_service_text":"","template_catalog_visible":"0","template_catalog_title":"","template_catalog_text":"","template_catalog_categories_visible":"","demo_title":"Crie seu plugin de bate-papo multifuncional","demo_caption":"Configure seu All-in-One Chat e adicione-o ao seu site do Squarespace gratuitamente!","default_faq_hidden":"","app_template_category":[],"platform":"67","template_public_id":"","codecanyon_url":"","codecanyon_item_id":"","codecanyon_price":"","pricing_caption":"","pricing_elfsight_apps_hide_column":"","pricing_elfsight_apps_url":"","pricing_codecanyon_price_caption":"","integration_category":[],"integration_request_title":"","integration_request_cta":"","integration_platform":"","integrations":[],"platform_category":[],"video_schema_markup":"","price":"a partir de US$ 0\/m\u00eas","trial":"","benefits":[{"text":"Ajuda de instala\u00e7\u00e3o gratuita"},{"text":"Suporte premium"},{"text":"Garantia de reembolso de 14 dias"},{"text":"Atualiza\u00e7\u00f5es regulares"}],"button_url":"#demo","button_target_blank":"0","button_nofollow":"0","attributes":[{"name":"Instala\u00e7\u00f5es","content":"100,000 - 500,000","_state":"expanded"},{"name":"Responsivo","content":"Sim","_state":"expanded"},{"name":"Navegadores compat\u00edveis","content":"Firefox, Safari, Opera, Chrome, Edge"}],"tags":[],"tags_disable_links":"0","hide_more_platforms":"0","video_object":"","demo_hide_cta":"0","demo_hide_cloud_options":"0","pricing_title":"","pricing":[{"pricing_icon":"platform","pricing_title":"Elfsight Apps","pricing_title_caption":"Solu\u00e7\u00e3o independente de plataforma que funciona em qualquer site","pricing_price":"a partir de US$ 0\/m\u00eas","pricing_price_caption":"comece com plano gratuito","pricing_benefits":[{"text":"Sites ilimitados"},{"text":"Suporte premium da empresa e bem documentado"},{"text":"Suporte premium da empresa e bem documentado"},{"text":"Design flex\u00edvel"}],"pricing_button_text":"Adicionar ao site","pricing_button_url":"#demo","_state":"expanded"}],"related_apps_title":"","related_apps_hidden":"1","author":"","image":[],"title":"","job":"","social_networks":[]},"_links":{"self":[{"href":"https:\/\/elfsight.com\/pt\/wp-json\/wp\/v2\/pages\/3548","targetHints":{"allow":["GET"]}}],"collection":[{"href":"https:\/\/elfsight.com\/pt\/wp-json\/wp\/v2\/pages"}],"about":[{"href":"https:\/\/elfsight.com\/pt\/wp-json\/wp\/v2\/types\/page"}],"author":[{"embeddable":true,"href":"https:\/\/elfsight.com\/pt\/wp-json\/wp\/v2\/users\/9"}],"replies":[{"embeddable":true,"href":"https:\/\/elfsight.com\/pt\/wp-json\/wp\/v2\/comments?post=3548"}],"version-history":[{"count":3,"href":"https:\/\/elfsight.com\/pt\/wp-json\/wp\/v2\/pages\/3548\/revisions"}],"predecessor-version":[{"id":13907,"href":"https:\/\/elfsight.com\/pt\/wp-json\/wp\/v2\/pages\/3548\/revisions\/13907"}],"up":[{"embeddable":true,"href":"https:\/\/elfsight.com\/pt\/wp-json\/wp\/v2\/pages\/1097"}],"wp:attachment":[{"href":"https:\/\/elfsight.com\/pt\/wp-json\/wp\/v2\/media?parent=3548"}],"curies":[{"name":"wp","href":"https:\/\/api.w.org\/{rel}","templated":true}]}}