{"id":3546,"date":"2024-05-03T06:27:13","date_gmt":"2024-05-03T06:27:13","guid":{"rendered":"https:\/\/elfsight.com\/pt\/?page_id=3546"},"modified":"2024-11-13T11:24:06","modified_gmt":"2024-11-13T11:24:06","slug":"squarespace","status":"publish","type":"page","link":"https:\/\/elfsight.com\/pt\/all-in-one-reviews-widget\/squarespace\/","title":{"rendered":"All-in-One Reviews &#8211; Squarespace"},"content":{"rendered":"<div class=\"application-platform-content-item-description application-platform-content-item\" id=\"description\" data-nav-section=\"description\"> <h2>Incorpore avalia\u00e7\u00f5es completas no Squarespace com o widget Elfsight<\/h2> <p>As avalia\u00e7\u00f5es completas da Elfsight s\u00e3o um plugin \u00fatil para Squarespace que oferece a oportunidade de mostrar todos os depoimentos sobre sua empresa diretamente em sua p\u00e1gina da web em todas as plataformas de avalia\u00e7\u00e3o populares. Aplicando nossa ferramenta, voc\u00ea ter\u00e1 a oportunidade de utilizar filtros para ocultar coment\u00e1rios indesejados, expor sua classifica\u00e7\u00e3o por estrelas e n\u00fameros de seu perfil em qualquer site de avalia\u00e7\u00f5es de neg\u00f3cios, adicionar informa\u00e7\u00f5es sobre os criadores dos coment\u00e1rios e adicionar uma frase de chamariz atraente. bot\u00e3o que inspirar\u00e1 os usu\u00e1rios a postar uma nova avalia\u00e7\u00e3o. O widget Elfsight Reviews existe para ajud\u00e1-lo a revelar sua excelente prova social em seu site e come\u00e7ar a adquirir mais novas compras. <\/p> <p><b>Aumente as vendas expondo sua excelente classifica\u00e7\u00e3o<\/b><\/p> <\/div> <div class=\"application-platform-content-item-features application-platform-content-item\" id=\"features\" data-nav-section=\"features\"> <h2>O widget possui recursos poderosos e r\u00e1pidos. Aqui est\u00e3o alguns deles: <\/h2> <ul><li>Cabe\u00e7alho altern\u00e1vel do plugin<\/li><li>Uma op\u00e7\u00e3o para adicionar um bot\u00e3o de solicita\u00e7\u00e3o para redirecionar em sua p\u00e1gina<\/li><li>Um estilo excelente est\u00e1 a apenas um clique de dist\u00e2ncia <\/li><li>Elementos pint\u00e1veis \u200b\u200bda interface do widget<\/li><li>M\u00e1ximo de detalhes para constru\u00e7\u00e3o de confian\u00e7a<\/li><\/ul><p><a href=\"#demo\">Voc\u00ea pode explorar como o widget funciona com a ajuda da demonstra\u00e7\u00e3o<\/a><\/p> <\/div> <div class=\"application-platform-content-item-installation application-platform-content-item\" id=\"installation\" data-nav-section=\"installation\"> <h2>Como adiciono Avalia\u00e7\u00f5es All-in-One ao meu site do Squarespace? <\/h2> <p>Basta seguir as etapas abaixo para incorporar a ferramenta. <\/p> <ol><li><b>Use nosso editor gratuito e comece a construir seu pr\u00f3prio instrumento. <\/b><br> Determine a forma e os aspectos desej\u00e1veis \u200b\u200bdo plugin e salve as edi\u00e7\u00f5es. <\/li> <li><b>Adquira o c\u00f3digo pessoal que aparece no formul\u00e1rio especial nas aplica\u00e7\u00f5es Elfsight. <\/b><br> Quando a configura\u00e7\u00e3o do seu plugin pessoal for conclu\u00edda, copie o c\u00f3digo pessoal da caixa exibida e salve-o para uso posterior. <\/li> <li><b>Comece a usar o widget na p\u00e1gina do Squarespace. <\/b><br> Insira o c\u00f3digo salvo anteriormente em sua p\u00e1gina inicial e salve as melhorias. <\/li> <li><b>A instala\u00e7\u00e3o foi realizada com sucesso. <\/b><br> Acesse sua p\u00e1gina da web para ver em a\u00e7\u00e3o o desempenho do widget. <\/li><\/ol> <p>Na condi\u00e7\u00e3o de enfrentar d\u00favidas ou enfrentar quaisquer obst\u00e1culos, n\u00e3o hesite em entrar em contato com nossa equipe de atendimento ao cliente. Nossos especialistas est\u00e3o ansiosos para resolver todos os problemas que voc\u00ea possa ter com o produto. <\/p><div class=\"faq\" data-component=\"FAQ\"> <div class=\"faq-item\">\r\n\t\t\t\t\t<div class=\"faq-item-question\">\r\n\t\t\t\t\t\t<h3 class=\"faq-item-question-text\">Como adicionar avalia\u00e7\u00f5es completas ao meu site Squarespace sem habilidades de codifica\u00e7\u00e3o?<\/h3>\r\n\r\n\t\t\t\t\t\t<div class=\"faq-item-question-icon\"><\/div>\r\n\t\t\t\t\t<\/div>\r\n\r\n\t\t\t\t\t<div class=\"faq-item-answer\">\r\n\t\t\t\t\t\t<div class=\"faq-item-answer-text\"> <p>A Elfsight fornece uma solu\u00e7\u00e3o SaaS que permite criar avalia\u00e7\u00f5es completas widget voc\u00ea mesmo, veja como o processo \u00e9 f\u00e1cil: Trabalhe diretamente no Editor on-line para criar um widget de Avalia\u00e7\u00f5es completas que voc\u00ea gostaria de ver em seu site do Squarespace. Escolha um dos modelos predefinidos e ajuste as configura\u00e7\u00f5es das Revis\u00f5es Multifuncionais, adicione seu conte\u00fado, altere o layout e as cores sem nenhuma habilidade de codifica\u00e7\u00e3o. Salve as Revis\u00f5es Multifuncionais e copie seu c\u00f3digo de instala\u00e7\u00e3o, que voc\u00ea pode incluir em seu site do Squarespace sem comprar uma assinatura paga. Com nosso editor intuitivo, qualquer usu\u00e1rio da Internet pode criar um widget de Avalia\u00e7\u00f5es completas on-line e incorpor\u00e1-lo facilmente ao site do Squarespace. N\u00e3o h\u00e1 necessidade de pagar ou inserir as credenciais do seu cart\u00e3o para acessar o servi\u00e7o. Se voc\u00ea enfrentar qualquer problema em qualquer etapa, n\u00e3o hesite em entrar em contato com nossa equipe de suporte t\u00e9cnico.<\/p> <\/div>\r\n\t\t\t\t\t<\/div>\r\n\t\t\t\t<\/div> <\/div> <\/div>","protected":false},"excerpt":{"rendered":"","protected":false},"author":9,"featured_media":0,"parent":366,"menu_order":0,"comment_status":"closed","ping_status":"closed","template":"templates\/template-application-platform.php","meta":{"publish_to_discourse":"","publish_post_category":"","wpdc_auto_publish_overridden":"","wpdc_topic_tags":"","wpdc_pin_topic":"","wpdc_pin_until":"","discourse_post_id":"","discourse_permalink":"","wpdc_publishing_response":"","wpdc_publishing_error":"","footnotes":""},"class_list":["post-3546","page","type-page","status-publish","hentry"],"yoast_head":"<!-- This site is optimized with the Yoast SEO plugin v25.3.1 - https:\/\/yoast.com\/wordpress\/plugins\/seo\/ -->\n<title>Adicione um widget All-in-One Reviews responsivo ao seu site do Squarespace<\/title>\n<meta name=\"description\" content=\"Incorpore um plugin de Avalia\u00e7\u00f5es responsivo ao seu site Squarespace e ganhe total confian\u00e7a. Utilize a demonstra\u00e7\u00e3o f\u00e1cil de usar da Elfsight para criar sua ferramenta personalizada.\" \/>\n<meta name=\"robots\" content=\"index, follow, max-snippet:-1, max-image-preview:large, max-video-preview:-1\" \/>\n<link rel=\"canonical\" href=\"https:\/\/elfsight.com\/pt\/all-in-one-reviews-widget\/squarespace\/\" \/>\n<meta property=\"og:locale\" content=\"pt_PT\" \/>\n<meta property=\"og:type\" content=\"article\" \/>\n<meta property=\"og:title\" content=\"Adicione um widget All-in-One Reviews responsivo ao seu site do Squarespace\" \/>\n<meta property=\"og:description\" content=\"Incorpore um plugin de Avalia\u00e7\u00f5es responsivo ao seu site Squarespace e ganhe total confian\u00e7a. Utilize a demonstra\u00e7\u00e3o f\u00e1cil de usar da Elfsight para criar sua ferramenta personalizada.\" \/>\n<meta property=\"og:url\" content=\"https:\/\/elfsight.com\/pt\/all-in-one-reviews-widget\/squarespace\/\" \/>\n<meta property=\"og:site_name\" content=\"Elfsight PT\" \/>\n<meta property=\"article:modified_time\" content=\"2024-11-13T11:24:06+00:00\" \/>\n<meta name=\"twitter:card\" content=\"summary_large_image\" \/>\n<meta name=\"twitter:label1\" content=\"Tempo estimado de leitura\" \/>\n\t<meta name=\"twitter:data1\" content=\"2 minutos\" \/>\n<!-- \/ Yoast SEO plugin. -->","yoast_head_json":{"title":"Adicione um widget All-in-One Reviews responsivo ao seu site do Squarespace","description":"Incorpore um plugin de Avalia\u00e7\u00f5es responsivo ao seu site Squarespace e ganhe total confian\u00e7a. Utilize a demonstra\u00e7\u00e3o f\u00e1cil de usar da Elfsight para criar sua ferramenta personalizada.","robots":{"index":"index","follow":"follow","max-snippet":"max-snippet:-1","max-image-preview":"max-image-preview:large","max-video-preview":"max-video-preview:-1"},"canonical":"https:\/\/elfsight.com\/pt\/all-in-one-reviews-widget\/squarespace\/","og_locale":"pt_PT","og_type":"article","og_title":"Adicione um widget All-in-One Reviews responsivo ao seu site do Squarespace","og_description":"Incorpore um plugin de Avalia\u00e7\u00f5es responsivo ao seu site Squarespace e ganhe total confian\u00e7a. Utilize a demonstra\u00e7\u00e3o f\u00e1cil de usar da Elfsight para criar sua ferramenta personalizada.","og_url":"https:\/\/elfsight.com\/pt\/all-in-one-reviews-widget\/squarespace\/","og_site_name":"Elfsight PT","article_modified_time":"2024-11-13T11:24:06+00:00","twitter_card":"summary_large_image","twitter_misc":{"Tempo estimado de leitura":"2 minutos"},"schema":{"@context":"https:\/\/schema.org","@graph":[{"@type":"WebPage","@id":"https:\/\/elfsight.com\/pt\/all-in-one-reviews-widget\/squarespace\/","url":"https:\/\/elfsight.com\/pt\/all-in-one-reviews-widget\/squarespace\/","name":"Adicione um widget All-in-One Reviews responsivo ao seu site do Squarespace","isPartOf":{"@id":"https:\/\/elfsight.com\/pt\/#website"},"datePublished":"2024-05-03T06:27:13+00:00","dateModified":"2024-11-13T11:24:06+00:00","description":"Incorpore um plugin de Avalia\u00e7\u00f5es responsivo ao seu site Squarespace e ganhe total confian\u00e7a. Utilize a demonstra\u00e7\u00e3o f\u00e1cil de usar da Elfsight para criar sua ferramenta personalizada.","breadcrumb":{"@id":"https:\/\/elfsight.com\/pt\/all-in-one-reviews-widget\/squarespace\/#breadcrumb"},"inLanguage":"pt-PT","potentialAction":[{"@type":"ReadAction","target":["https:\/\/elfsight.com\/pt\/all-in-one-reviews-widget\/squarespace\/"]}]},{"@type":"BreadcrumbList","@id":"https:\/\/elfsight.com\/pt\/all-in-one-reviews-widget\/squarespace\/#breadcrumb","itemListElement":[{"@type":"ListItem","position":1,"name":"Home","item":"https:\/\/elfsight.com\/pt\/"},{"@type":"ListItem","position":2,"name":"All-in-One Reviews","item":"https:\/\/elfsight.com\/pt\/all-in-one-reviews-widget\/"},{"@type":"ListItem","position":3,"name":"All-in-One Reviews &#8211; Squarespace"}]},{"@type":"WebSite","@id":"https:\/\/elfsight.com\/pt\/#website","url":"https:\/\/elfsight.com\/pt\/","name":"Elfsight PT","description":"Just another Elfsight Sites site","potentialAction":[{"@type":"SearchAction","target":{"@type":"EntryPoint","urlTemplate":"https:\/\/elfsight.com\/pt\/?s={search_term_string}"},"query-input":{"@type":"PropertyValueSpecification","valueRequired":true,"valueName":"search_term_string"}}],"inLanguage":"pt-PT"}]}},"meta_box":{"industry":"","seo_heading":"","heading":"","description":"","cta_heading":"","cta_description":"","application":"364","h1":"Plug-in de avalia\u00e7\u00f5es multifuncionais do Squarespace","h1_caption":"Fortale\u00e7a a confian\u00e7a exibindo avalia\u00e7\u00f5es de pessoas reais com dados do autor","application_category":[],"applications_title":"","applications_request_title":"","applications_request_button_text":"","hero_text":"","hero_video":"","hero_video_schema_markup":"","selling_points_title":"","selling_points_caption":"","selling_points":[],"selling_points_cta_text":"","features_title":"","features":"","ed_cta_examples_text":"","ed_cta_examples_hidden":"","ed_cta_demo_text":"","ed_cta_demo_hidden":"","why_caption":"","why_editor_title":"","why_editor_text":"","why_team_title":"","why_team_text":"","why_service_title":"","why_service_text":"","template_catalog_visible":"","template_catalog_title":"","template_catalog_text":"","template_catalog_categories_visible":"","demo_title":"Crie seu plugin All-in-One Reviews","demo_caption":"Configure suas avalia\u00e7\u00f5es multifuncionais e adicione-as ao seu site do Squarespace gratuitamente!","default_faq_hidden":"","app_template_category":[],"platform":"67","template_public_id":"","codecanyon_url":"","codecanyon_item_id":"","codecanyon_price":"","pricing_caption":"","pricing_elfsight_apps_hide_column":"","pricing_elfsight_apps_url":"","pricing_codecanyon_price_caption":"","integration_category":[],"integration_request_title":"","integration_request_cta":"","integration_platform":"","integrations":[],"platform_category":[],"video_schema_markup":"","price":"a partir de US$ 0\/m\u00eas","trial":"","benefits":[{"text":"Ajuda de instala\u00e7\u00e3o gratuita"},{"text":"Suporte ao cliente experiente"},{"text":"Garantia de devolu\u00e7\u00e3o do dinheiro em 14 dias"},{"text":"Atualiza\u00e7\u00f5es regulares"}],"button_url":"#demo","button_target_blank":"0","button_nofollow":"0","attributes":[{"name":"Instala\u00e7\u00f5es","content":"100,000 - 500,000","_state":"expanded"},{"name":"Responsivo","content":"Sim","_state":"expanded"},{"name":"Navegadores compat\u00edveis","content":"Firefox, Safari, Opera, Chrome, Edge"}],"tags":[],"tags_disable_links":"0","hide_more_platforms":"","video_object":"","demo_hide_cta":"0","demo_hide_cloud_options":"0","pricing_title":"","pricing":[{"pricing_icon":"platform","pricing_title":"Elfsight Apps","pricing_title_caption":"Software multiplataforma que funciona em qualquer site","pricing_price":"a partir de US$ 0\/m\u00eas","pricing_price_caption":"comece com um plano gratuito","pricing_benefits":[{"text":"Sites ilimitados"},{"text":"Suporte ao cliente premium e bem documentado"},{"text":"Suporte ao cliente premium e bem documentado"},{"text":"Design flex\u00edvel"}],"pricing_button_text":"Adicionar ao site","pricing_button_url":"#demo","_state":"expanded"}],"related_apps_title":"","related_apps_hidden":"1","author":"","image":[],"title":"","job":"","social_networks":[]},"_links":{"self":[{"href":"https:\/\/elfsight.com\/pt\/wp-json\/wp\/v2\/pages\/3546","targetHints":{"allow":["GET"]}}],"collection":[{"href":"https:\/\/elfsight.com\/pt\/wp-json\/wp\/v2\/pages"}],"about":[{"href":"https:\/\/elfsight.com\/pt\/wp-json\/wp\/v2\/types\/page"}],"author":[{"embeddable":true,"href":"https:\/\/elfsight.com\/pt\/wp-json\/wp\/v2\/users\/9"}],"replies":[{"embeddable":true,"href":"https:\/\/elfsight.com\/pt\/wp-json\/wp\/v2\/comments?post=3546"}],"version-history":[{"count":2,"href":"https:\/\/elfsight.com\/pt\/wp-json\/wp\/v2\/pages\/3546\/revisions"}],"predecessor-version":[{"id":11567,"href":"https:\/\/elfsight.com\/pt\/wp-json\/wp\/v2\/pages\/3546\/revisions\/11567"}],"up":[{"embeddable":true,"href":"https:\/\/elfsight.com\/pt\/wp-json\/wp\/v2\/pages\/366"}],"wp:attachment":[{"href":"https:\/\/elfsight.com\/pt\/wp-json\/wp\/v2\/media?parent=3546"}],"curies":[{"name":"wp","href":"https:\/\/api.w.org\/{rel}","templated":true}]}}