{"id":3541,"date":"2024-05-03T06:25:59","date_gmt":"2024-05-03T06:25:59","guid":{"rendered":"https:\/\/elfsight.com\/pt\/?page_id=3541"},"modified":"2025-12-18T15:39:10","modified_gmt":"2025-12-18T15:39:10","slug":"shopify","status":"publish","type":"page","link":"https:\/\/elfsight.com\/pt\/age-verification-widget\/shopify\/","title":{"rendered":"Age Verification &#8211; Shopify"},"content":{"rendered":"<div class=\"application-platform-content-item-description application-platform-content-item\" id=\"description\" data-nav-section=\"description\"> <h2>Incorpore a verifica\u00e7\u00e3o de idade no Shopify com o widget Elfsight<\/h2> <p>Este widget ser\u00e1 a maneira mais pr\u00e1tica de configurar uma janela imediata, que solicita a idade de um visitante do site. Ele torna o material com idade limitada acess\u00edvel para usu\u00e1rios maiores de idade e o protege do p\u00fablico menor de idade. Existem op\u00e7\u00f5es para especificar a idade, selecionar o m\u00e9todo de verifica\u00e7\u00e3o, adicionar o pop-up em cada uma ou apenas em p\u00e1ginas espec\u00edficas e escolher a a\u00e7\u00e3o ap\u00f3s a nega\u00e7\u00e3o do acesso. O visual \u00e9 flex\u00edvel, com detalhes pint\u00e1veis \u200b\u200be a op\u00e7\u00e3o de adicionar imagens personalizadas. <\/p> <div class=\"faq\" data-component=\"FAQ\"> <div class=\"faq-item\">\r\n\t\t\t\t\t<div class=\"faq-item-question\">\r\n\t\t\t\t\t\t<h3 class=\"faq-item-question-text\">Onde no meu site posso integrar o widget<\/h3>\r\n\r\n\t\t\t\t\t\t<div class=\"faq-item-question-icon\"><\/div>\r\n\t\t\t\t\t<\/div>\r\n\r\n\t\t\t\t\t<div class=\"faq-item-answer\">\r\n\t\t\t\t\t\t<div class=\"faq-item-answer-text\"> <p>Voc\u00ea pode optar por incorporar o pop-up de verifica\u00e7\u00e3o em cada p\u00e1gina ou escolher as p\u00e1ginas para integr\u00e1-lo. Al\u00e9m disso, voc\u00ea pode usar a op\u00e7\u00e3o de excluir as p\u00e1ginas onde voc\u00ea n\u00e3o deseja. <\/p> <\/div>\r\n\t\t\t\t\t<\/div>\r\n\t\t\t\t<\/div> <div class=\"faq-item\">\r\n\t\t\t\t\t<div class=\"faq-item-question\">\r\n\t\t\t\t\t\t<h3 class=\"faq-item-question-text\">Quais vantagens isso me trar\u00e1?<\/h3>\r\n\r\n\t\t\t\t\t\t<div class=\"faq-item-question-icon\"><\/div>\r\n\t\t\t\t\t<\/div>\r\n\r\n\t\t\t\t\t<div class=\"faq-item-answer\">\r\n\t\t\t\t\t\t<div class=\"faq-item-answer-text\"> <p>Com a ajuda do nosso widget, \u00e9 absolutamente f\u00e1cil e r\u00e1pido configurar uma janela de verifica\u00e7\u00e3o de idade e tornar seu conte\u00fado inacess\u00edvel para menores de idade Usu\u00e1rios. Assim, voc\u00ea ter\u00e1 a certeza de que seu site est\u00e1 de acordo com a legisla\u00e7\u00e3o. Al\u00e9m disso, isso lhe dar\u00e1 mais visitantes-alvo e clientes potenciais v\u00e1lidos. <\/p> <\/div>\r\n\t\t\t\t\t<\/div>\r\n\t\t\t\t<\/div> <div class=\"faq-item\">\r\n\t\t\t\t\t<div class=\"faq-item-question\">\r\n\t\t\t\t\t\t<h3 class=\"faq-item-question-text\">O que preciso para obter o widget de verifica\u00e7\u00e3o de idade no meu site da Shopify?<\/h3>\r\n\r\n\t\t\t\t\t\t<div class=\"faq-item-question-icon\"><\/div>\r\n\t\t\t\t\t<\/div>\r\n\r\n\t\t\t\t\t<div class=\"faq-item-answer\">\r\n\t\t\t\t\t\t<div class=\"faq-item-answer-text\"> <p>Leva dois minutos do seu tempo para incorporar o widget. A integra\u00e7\u00e3o \u00e9 extremamente r\u00e1pida, gratuita e sem codifica\u00e7\u00e3o. <\/p> <p>A verifica\u00e7\u00e3o de idade da Elfsight pode ser introduzida atrav\u00e9s do nosso servi\u00e7o ou no mercado. Aqui voc\u00ea pode comparar mais detalhes as duas op\u00e7\u00f5es e escolher a sua.<\/p> <\/div>\r\n\t\t\t\t\t<\/div>\r\n\t\t\t\t<\/div> <\/div> <\/div> <div class=\"application-platform-content-item-features application-platform-content-item\" id=\"features\" data-nav-section=\"features\"> <h2>Principais recursos do widget Verifica\u00e7\u00e3o de idade<\/h2> <p>Para ter uma melhor percep\u00e7\u00e3o do widget, voc\u00ea pode dar uma olhada na lista das caracter\u00edsticas principais. Eles tornam o widget incrivelmente eficaz para voc\u00ea: <\/p> <ul><li>Escolha um dos tipos de verifica\u00e7\u00e3o: solicitando a data de nascimento completa, apenas o ano de nascimento ou uma pergunta com op\u00e7\u00f5es Sim e N\u00e3o; <\/li><li>Escolha lembrar dos usu\u00e1rios por qualquer per\u00edodo de tempo; <\/li><li>Dois cen\u00e1rios poss\u00edveis para visitantes dissuadidos: exibir um texto personalizado ou redirecionar um usu\u00e1rio para qualquer endere\u00e7o; <\/li><li>Adicione qualquer imagem para mostrar na janela de verifica\u00e7\u00e3o; <\/li><li>Demonstre informa\u00e7\u00f5es extras com links abaixo do bot\u00e3o de verifica\u00e7\u00e3o. <\/li><\/ul><p><a href=\"#demo\">Nossa demonstra\u00e7\u00e3o ao vivo mostrar\u00e1 todos os recursos para voc\u00ea<\/a><\/p> <\/div><div class=\"application-platform-content-item-installation application-platform-content-item\" id=\"installation\" data-nav-section=\"installation\"> <h2>Vamos verificar como introduzir o aplicativo Age Verification em sua loja Shopify. \u00c9 incrivelmente f\u00e1cil.<\/h2> <div class=\"video-container\">\n<iframe width=\"720\" height=\"405\" src=\"https:\/\/www.youtube.com\/embed\/HoyI5ybafJE?si=omOJ_TNxmSGHDny8\" frameborder=\"0\" allowfullscreen=\"\"><\/iframe>\n<\/div><p>As etapas abaixo s\u00e3o a \u00fanica coisa que voc\u00ea precisa fazer para configurar o widget. <\/p> <ol><li><b>Utilize nosso configurador gratuito e comece a criar seu pr\u00f3prio aplicativo. <\/b><br> Especifique a organiza\u00e7\u00e3o e as caracter\u00edsticas adequadas do aplicativo e aplique todas as edi\u00e7\u00f5es. <\/li> <li><b>Receba o seu c\u00f3digo exclusivo que aparece na caixa das aplica\u00e7\u00f5es Elfsight. <\/b><br> Assim que a gera\u00e7\u00e3o do seu aplicativo pessoal for conclu\u00edda, copie o c\u00f3digo da janela exibida e salve-o para uso posterior. <\/li> <li><b>Comece a usar o aplicativo na sua p\u00e1gina da Shopify.<\/b><br> Incorpore o c\u00f3digo copiado anteriormente em seu site e aplique as edi\u00e7\u00f5es.<\/li> <li><b>A instala\u00e7\u00e3o est\u00e1 totalmente realizada.<\/b><br> Acesse seu site para ver o funcionamento do aplicativo.<\/li><\/ol><p>Ainda tem alguma d\u00favida? Ou tem d\u00favidas? Apenas uma \u00fanica solicita\u00e7\u00e3o ao nosso atendimento ao cliente resolver\u00e1 todos os problemas.<\/p> <\/div>","protected":false},"excerpt":{"rendered":"","protected":false},"author":9,"featured_media":0,"parent":524,"menu_order":0,"comment_status":"closed","ping_status":"closed","template":"templates\/template-application-platform.php","meta":{"publish_to_discourse":"","publish_post_category":"","wpdc_auto_publish_overridden":"","wpdc_topic_tags":"","wpdc_pin_topic":"","wpdc_pin_until":"","discourse_post_id":"","discourse_permalink":"","wpdc_publishing_response":"","wpdc_publishing_error":"","footnotes":""},"class_list":["post-3541","page","type-page","status-publish","hentry"],"yoast_head":"<!-- This site is optimized with the Yoast SEO plugin v25.3.1 - https:\/\/yoast.com\/wordpress\/plugins\/seo\/ -->\n<title>Adicione o aplicativo Age Verification ao site Shopify (r\u00e1pido e gratuito)<\/title>\n<meta name=\"description\" content=\"Com a Elfsight, crie seu aplicativo Age Verification e adicione-o ao seu site Shopify com facilidade. Temos suporte gratuito ao cliente e mais b\u00f4nus.\" \/>\n<meta name=\"robots\" content=\"index, follow, max-snippet:-1, max-image-preview:large, max-video-preview:-1\" \/>\n<link rel=\"canonical\" href=\"https:\/\/elfsight.com\/pt\/age-verification-widget\/shopify\/\" \/>\n<meta property=\"og:locale\" content=\"pt_PT\" \/>\n<meta property=\"og:type\" content=\"article\" \/>\n<meta property=\"og:title\" content=\"Adicione o aplicativo Age Verification ao site Shopify (r\u00e1pido e gratuito)\" \/>\n<meta property=\"og:description\" content=\"Com a Elfsight, crie seu aplicativo Age Verification e adicione-o ao seu site Shopify com facilidade. Temos suporte gratuito ao cliente e mais b\u00f4nus.\" \/>\n<meta property=\"og:url\" content=\"https:\/\/elfsight.com\/pt\/age-verification-widget\/shopify\/\" \/>\n<meta property=\"og:site_name\" content=\"Elfsight PT\" \/>\n<meta property=\"article:modified_time\" content=\"2025-12-18T15:39:10+00:00\" \/>\n<meta name=\"twitter:card\" content=\"summary_large_image\" \/>\n<meta name=\"twitter:label1\" content=\"Tempo estimado de leitura\" \/>\n\t<meta name=\"twitter:data1\" content=\"3 minutos\" \/>\n<!-- \/ Yoast SEO plugin. -->","yoast_head_json":{"title":"Adicione o aplicativo Age Verification ao site Shopify (r\u00e1pido e gratuito)","description":"Com a Elfsight, crie seu aplicativo Age Verification e adicione-o ao seu site Shopify com facilidade. Temos suporte gratuito ao cliente e mais b\u00f4nus.","robots":{"index":"index","follow":"follow","max-snippet":"max-snippet:-1","max-image-preview":"max-image-preview:large","max-video-preview":"max-video-preview:-1"},"canonical":"https:\/\/elfsight.com\/pt\/age-verification-widget\/shopify\/","og_locale":"pt_PT","og_type":"article","og_title":"Adicione o aplicativo Age Verification ao site Shopify (r\u00e1pido e gratuito)","og_description":"Com a Elfsight, crie seu aplicativo Age Verification e adicione-o ao seu site Shopify com facilidade. Temos suporte gratuito ao cliente e mais b\u00f4nus.","og_url":"https:\/\/elfsight.com\/pt\/age-verification-widget\/shopify\/","og_site_name":"Elfsight PT","article_modified_time":"2025-12-18T15:39:10+00:00","twitter_card":"summary_large_image","twitter_misc":{"Tempo estimado de leitura":"3 minutos"},"schema":{"@context":"https:\/\/schema.org","@graph":[{"@type":"WebPage","@id":"https:\/\/elfsight.com\/pt\/age-verification-widget\/shopify\/","url":"https:\/\/elfsight.com\/pt\/age-verification-widget\/shopify\/","name":"Adicione o aplicativo Age Verification ao site Shopify (r\u00e1pido e gratuito)","isPartOf":{"@id":"https:\/\/elfsight.com\/pt\/#website"},"datePublished":"2024-05-03T06:25:59+00:00","dateModified":"2025-12-18T15:39:10+00:00","description":"Com a Elfsight, crie seu aplicativo Age Verification e adicione-o ao seu site Shopify com facilidade. Temos suporte gratuito ao cliente e mais b\u00f4nus.","breadcrumb":{"@id":"https:\/\/elfsight.com\/pt\/age-verification-widget\/shopify\/#breadcrumb"},"inLanguage":"pt-PT","potentialAction":[{"@type":"ReadAction","target":["https:\/\/elfsight.com\/pt\/age-verification-widget\/shopify\/"]}]},{"@type":"BreadcrumbList","@id":"https:\/\/elfsight.com\/pt\/age-verification-widget\/shopify\/#breadcrumb","itemListElement":[{"@type":"ListItem","position":1,"name":"Home","item":"https:\/\/elfsight.com\/pt\/"},{"@type":"ListItem","position":2,"name":"Age Verification","item":"https:\/\/elfsight.com\/pt\/age-verification-widget\/"},{"@type":"ListItem","position":3,"name":"Age Verification &#8211; Shopify"}]},{"@type":"WebSite","@id":"https:\/\/elfsight.com\/pt\/#website","url":"https:\/\/elfsight.com\/pt\/","name":"Elfsight PT","description":"Just another Elfsight Sites site","potentialAction":[{"@type":"SearchAction","target":{"@type":"EntryPoint","urlTemplate":"https:\/\/elfsight.com\/pt\/?s={search_term_string}"},"query-input":{"@type":"PropertyValueSpecification","valueRequired":true,"valueName":"search_term_string"}}],"inLanguage":"pt-PT"}]}},"meta_box":{"industry":"","seo_heading":"","heading":"","description":"","cta_heading":"","cta_description":"","application":"523","h1":"Aplicativo de verifica\u00e7\u00e3o de idade do Shopify","h1_caption":"Sua ferramenta mais r\u00e1pida para criar uma janela de verifica\u00e7\u00e3o de idade em seu site","application_category":[],"applications_title":"","applications_request_title":"","applications_request_button_text":"","hero_text":"","hero_video":"","hero_video_schema_markup":"","selling_points_title":"","selling_points_caption":"","selling_points":[],"selling_points_cta_text":"","features_title":"","features":"","ed_cta_examples_text":"","ed_cta_examples_hidden":"","ed_cta_demo_text":"","ed_cta_demo_hidden":"","why_caption":"","why_editor_title":"","why_editor_text":"","why_team_title":"","why_team_text":"","why_service_title":"","why_service_text":"","template_catalog_visible":"0","template_catalog_title":"","template_catalog_text":"","template_catalog_categories_visible":"","demo_title":"Crie seu aplicativo de verifica\u00e7\u00e3o de idade","demo_caption":"Configure sua verifica\u00e7\u00e3o de idade e adicione-a ao seu site Shopify gratuitamente!","default_faq_hidden":"","app_template_category":[],"platform":"64","template_public_id":"","codecanyon_url":"","codecanyon_item_id":"","codecanyon_price":"","pricing_caption":"","pricing_elfsight_apps_hide_column":"","pricing_elfsight_apps_url":"","pricing_codecanyon_price_caption":"","integration_category":[],"integration_request_title":"","integration_request_cta":"","integration_platform":"","integrations":[],"platform_category":[],"video_schema_markup":"","price":"a partir de US$ 0\/m\u00eas","trial":"","benefits":[{"text":"Servi\u00e7o de instala\u00e7\u00e3o gratuito"},{"text":"Suporte premium"},{"text":"Garantia de devolu\u00e7\u00e3o do dinheiro em 14 dias"},{"text":"Atualiza\u00e7\u00f5es gratuitas cont\u00ednuas"}],"button_url":"#demo","button_target_blank":"0","button_nofollow":"0","attributes":[{"name":"Instala\u00e7\u00f5es","content":"10,000 - 100,000","_state":"expanded"},{"name":"Responsivo","content":"Sim","_state":"expanded"},{"name":"Navegadores compat\u00edveis","content":"Firefox, Safari, Opera, Chrome, Edge"}],"tags":[],"tags_disable_links":"0","hide_more_platforms":"0","video_object":"","demo_hide_cta":"0","demo_hide_cloud_options":"0","pricing_title":"","pricing":[{"pricing_icon":"cloud","pricing_title":"Elfsight Apps","pricing_title_caption":"Vers\u00e3o multiplataforma que funciona em qualquer site","pricing_price":"a partir de US$ 0\/m\u00eas","pricing_price_caption":"comece com plano gratuito","pricing_benefits":[{"text":"Sites ilimitados"},{"text":"Suporte premium"},{"text":"Suporte premium"},{"text":"Oferta especial para v\u00e1rios aplicativos"}],"pricing_button_text":"Adicionar ao site","pricing_button_url":"#demo","_state":"expanded"}],"related_apps_title":"","related_apps_hidden":"1","author":"","image":[],"title":"","job":"","social_networks":[]},"_links":{"self":[{"href":"https:\/\/elfsight.com\/pt\/wp-json\/wp\/v2\/pages\/3541","targetHints":{"allow":["GET"]}}],"collection":[{"href":"https:\/\/elfsight.com\/pt\/wp-json\/wp\/v2\/pages"}],"about":[{"href":"https:\/\/elfsight.com\/pt\/wp-json\/wp\/v2\/types\/page"}],"author":[{"embeddable":true,"href":"https:\/\/elfsight.com\/pt\/wp-json\/wp\/v2\/users\/9"}],"replies":[{"embeddable":true,"href":"https:\/\/elfsight.com\/pt\/wp-json\/wp\/v2\/comments?post=3541"}],"version-history":[{"count":3,"href":"https:\/\/elfsight.com\/pt\/wp-json\/wp\/v2\/pages\/3541\/revisions"}],"predecessor-version":[{"id":15188,"href":"https:\/\/elfsight.com\/pt\/wp-json\/wp\/v2\/pages\/3541\/revisions\/15188"}],"up":[{"embeddable":true,"href":"https:\/\/elfsight.com\/pt\/wp-json\/wp\/v2\/pages\/524"}],"wp:attachment":[{"href":"https:\/\/elfsight.com\/pt\/wp-json\/wp\/v2\/media?parent=3541"}],"curies":[{"name":"wp","href":"https:\/\/api.w.org\/{rel}","templated":true}]}}