{"id":3536,"date":"2024-05-03T06:27:42","date_gmt":"2024-05-03T06:27:42","guid":{"rendered":"https:\/\/elfsight.com\/pt\/?page_id=3536"},"modified":"2025-01-17T13:29:36","modified_gmt":"2025-01-17T13:29:36","slug":"shopify","status":"publish","type":"page","link":"https:\/\/elfsight.com\/pt\/amazon-reviews-widget\/shopify\/","title":{"rendered":"Amazon Reviews &#8211; Shopify"},"content":{"rendered":"\n<div class=\"application-platform-content-item-description application-platform-content-item\" id=\"description\" data-nav-section=\"description\">\n<h2>Incorpore avalia\u00e7\u00f5es da Amazon no Shopify com o widget Elfsight<\/h2>\n<p>O plugin Elfsight Amazon \u00e9 a maneira mais simples de formar a imagem da sua marca demonstrando coment\u00e1rios reais de visitantes sobre sua produ\u00e7\u00e3o. Mostre apenas as rea\u00e7\u00f5es melhores ou mais significativas e organize-as da maneira que voc\u00ea precisa. Re\u00fana provas sociais mostrando aos visitantes do seu site que voc\u00ea tem credibilidade.<\/p>\n<p><b>Motive os usu\u00e1rios a escreverem novos coment\u00e1rios sobre seus produtos e incentive conversas com os clientes!<\/b><\/p>\n<\/div>\n\n<div class=\"application-platform-content-item-features application-platform-content-item\" id=\"features\" data-nav-section=\"features\">\n<h2>Principais recursos do widget Reviews from Amazon<\/h2>\n<p>Para entender melhor o widget, veja a lista de seus principais recursos. Eles tornam nosso widget incrivelmente eficaz para sua loja:<\/p>\n<ul>\n    <li>3 op\u00e7\u00f5es de filtros: por tipo, exclus\u00e3o por e quantidade de avalia\u00e7\u00f5es;<\/li>\n    <li>4 op\u00e7\u00f5es de layouts: Lista, Grade, Alvenaria e Slider;<\/li>\n    <li>Cabe\u00e7alho altern\u00e1vel do widget;<\/li>\n    <li>O bot\u00e3o para solicitar uma revis\u00e3o direciona as pessoas para a p\u00e1gina da Amazon;<\/li>\n    <li>6 elementos ajust\u00e1veis das avalia\u00e7\u00f5es: nome e foto do autor, recomenda\u00e7\u00e3o, data de sa\u00edda, \u00edcone da Amazon e classifica\u00e7\u00e3o por estrelas;<\/li>\n    <li>Duas variantes de cen\u00e1rios ap\u00f3s rejei\u00e7\u00e3o da solicita\u00e7\u00e3o de revis\u00e3o: revelar sua mensagem ou ocultar o bot\u00e3o;<\/li>\n<\/ul>\n<p><a href=\"#demo\">Para explorar mais recursos, veja a demonstra\u00e7\u00e3o ao vivo<\/a><\/p>\n<\/div>\n\n<div class=\"application-platform-content-item-installation application-platform-content-item\" id=\"installation\" data-nav-section=\"installation\">\n<h2>Como adicionar o Aplicativo Reviews from Amazon ao site do Shopify<\/h2>\n\n<p>As etapas a seguir s\u00e3o a \u00fanica coisa que voc\u00ea precisa seguir para integrar o plugin.<\/p>\n<ol>\n    <li><b>Use nosso editor gratuito e comece a moldar seu aplicativo personalizado.<\/b><br> Encontre o layout personalizado e as especifica\u00e7\u00f5es do aplicativo e aplique todas as edi\u00e7\u00f5es.<\/li>\n    <li><b>Copie o seu c\u00f3digo individual que aparece na caixa nas aplica\u00e7\u00f5es Elfsight.<\/b><br> Logo ap\u00f3s a personaliza\u00e7\u00e3o do seu aplicativo pessoal, copie o c\u00f3digo exclusivo na janela que surgir e salve-o para uso futuro.<\/li>\n    <li><b>Comece a usar o aplicativo em seu site da Shopify.<\/b><br> Implemente o c\u00f3digo que voc\u00ea copiou anteriormente em sua p\u00e1gina web e aplique as corre\u00e7\u00f5es.<\/li>\n    <li><b>Conclu\u00eddo! A configura\u00e7\u00e3o foi realizada com sucesso.<\/b><br> Acesse seu site para dar uma olhada no funcionamento do aplicativo.<\/li>\n<\/ol>\n<p>Ainda n\u00e3o tem certeza? Ou est\u00e1 com alguma d\u00favida? Apenas uma \u00fanica solicita\u00e7\u00e3o \u00e0 nossa equipe de suporte resolver\u00e1 qualquer tipo de problema.<\/p>\n<\/div>\n\n<div class=\"faq\" data-component=\"FAQ\">\n<div class=\"faq-item\">\r\n\t\t\t\t\t<div class=\"faq-item-question\">\r\n\t\t\t\t\t\t<h3 class=\"faq-item-question-text\">Como fa\u00e7o para incorporar avalia\u00e7\u00f5es de clientes da Amazon em meu site do Shopify?<\/h3>\r\n\r\n\t\t\t\t\t\t<div class=\"faq-item-question-icon\"><\/div>\r\n\t\t\t\t\t<\/div>\r\n\r\n\t\t\t\t\t<div class=\"faq-item-answer\">\r\n\t\t\t\t\t\t<div class=\"faq-item-answer-text\">\n<p>Basta criar seu widget, modificar seu design e salvar suas altera\u00e7\u00f5es. Copie o c\u00f3digo do plugin que voc\u00ea acabou de criar e adicione-o ao layout que voc\u00ea possui atualmente.<\/p>\n<\/div>\r\n\t\t\t\t\t<\/div>\r\n\t\t\t\t<\/div>\n\n<div class=\"faq-item\">\r\n\t\t\t\t\t<div class=\"faq-item-question\">\r\n\t\t\t\t\t\t<h3 class=\"faq-item-question-text\">Como obter avalia\u00e7\u00f5es de usu\u00e1rios da Amazon para p\u00e1ginas de produtos?<\/h3>\r\n\r\n\t\t\t\t\t\t<div class=\"faq-item-question-icon\"><\/div>\r\n\t\t\t\t\t<\/div>\r\n\r\n\t\t\t\t\t<div class=\"faq-item-answer\">\r\n\t\t\t\t\t\t<div class=\"faq-item-answer-text\">\n<p>Tudo o que voc\u00ea precisa fazer \u00e9 usar o bot\u00e3o Escrever uma avalia\u00e7\u00e3o. Ao clicar nele, o p\u00fablico do site ter\u00e1 acesso imediato ao seu perfil.<\/p>\n<\/div>\r\n\t\t\t\t\t<\/div>\r\n\t\t\t\t<\/div>\n\n<div class=\"faq-item\">\r\n\t\t\t\t\t<div class=\"faq-item-question\">\r\n\t\t\t\t\t\t<h3 class=\"faq-item-question-text\">Como fa\u00e7o para formar um modelo de extens\u00e3o\/selo de classifica\u00e7\u00e3o do Shopify?<\/h3>\r\n\r\n\t\t\t\t\t\t<div class=\"faq-item-question-icon\"><\/div>\r\n\t\t\t\t\t<\/div>\r\n\r\n\t\t\t\t\t<div class=\"faq-item-answer\">\r\n\t\t\t\t\t\t<div class=\"faq-item-answer-text\">\n<p>Conhe\u00e7a os pontos das instru\u00e7\u00f5es claras abaixo:<\/p>\n<ol>\n    <li>Gerencie nossa demonstra\u00e7\u00e3o e comece a criar seu pr\u00f3prio aplicativo.<\/li>\n    <li>Personalize as op\u00e7\u00f5es do plugin e clique para salvar as corre\u00e7\u00f5es essenciais.<\/li>\n    <li>Copie o c\u00f3digo exclusivo revelado na notifica\u00e7\u00e3o.<\/li>\n    <li>Cole o c\u00f3digo do widget na sua p\u00e1gina inicial e salve a p\u00e1gina.<\/li>\n    <li>Voc\u00ea instalou o aplicativo no site com sucesso.<\/li>\n<\/ol>\n<\/div>\r\n\t\t\t\t\t<\/div>\r\n\t\t\t\t<\/div>\n<\/div>\n","protected":false},"excerpt":{"rendered":"","protected":false},"author":9,"featured_media":0,"parent":752,"menu_order":0,"comment_status":"closed","ping_status":"closed","template":"templates\/template-application-platform.php","meta":{"publish_to_discourse":"","publish_post_category":"","wpdc_auto_publish_overridden":"","wpdc_topic_tags":"","wpdc_pin_topic":"","wpdc_pin_until":"","discourse_post_id":"","discourse_permalink":"","wpdc_publishing_response":"","wpdc_publishing_error":"","footnotes":""},"class_list":["post-3536","page","type-page","status-publish","hentry"],"yoast_head":"<!-- This site is optimized with the Yoast SEO plugin v25.3.1 - https:\/\/yoast.com\/wordpress\/plugins\/seo\/ -->\n<title>Avalia\u00e7\u00f5es da Amazon | Adicione o aplicativo Amazon no site Shopify (gratuito e r\u00e1pido)<\/title>\n<meta name=\"description\" content=\"\u00c9 perfeitamente simples criar seu aplicativo Reviews from Amazon e coloc\u00e1-lo no site do Shopify. O atendimento ao cliente da Elfsight \u00e9 gratuito.\" \/>\n<meta name=\"robots\" content=\"index, follow, max-snippet:-1, max-image-preview:large, max-video-preview:-1\" \/>\n<link rel=\"canonical\" href=\"https:\/\/elfsight.com\/pt\/amazon-reviews-widget\/shopify\/\" \/>\n<meta property=\"og:locale\" content=\"pt_PT\" \/>\n<meta property=\"og:type\" content=\"article\" \/>\n<meta property=\"og:title\" content=\"Avalia\u00e7\u00f5es da Amazon | Adicione o aplicativo Amazon no site Shopify (gratuito e r\u00e1pido)\" \/>\n<meta property=\"og:description\" content=\"\u00c9 perfeitamente simples criar seu aplicativo Reviews from Amazon e coloc\u00e1-lo no site do Shopify. O atendimento ao cliente da Elfsight \u00e9 gratuito.\" \/>\n<meta property=\"og:url\" content=\"https:\/\/elfsight.com\/pt\/amazon-reviews-widget\/shopify\/\" \/>\n<meta property=\"og:site_name\" content=\"Elfsight PT\" \/>\n<meta property=\"article:modified_time\" content=\"2025-01-17T13:29:36+00:00\" \/>\n<meta name=\"twitter:card\" content=\"summary_large_image\" \/>\n<meta name=\"twitter:label1\" content=\"Tempo estimado de leitura\" \/>\n\t<meta name=\"twitter:data1\" content=\"3 minutos\" \/>\n<!-- \/ Yoast SEO plugin. -->","yoast_head_json":{"title":"Avalia\u00e7\u00f5es da Amazon | Adicione o aplicativo Amazon no site Shopify (gratuito e r\u00e1pido)","description":"\u00c9 perfeitamente simples criar seu aplicativo Reviews from Amazon e coloc\u00e1-lo no site do Shopify. O atendimento ao cliente da Elfsight \u00e9 gratuito.","robots":{"index":"index","follow":"follow","max-snippet":"max-snippet:-1","max-image-preview":"max-image-preview:large","max-video-preview":"max-video-preview:-1"},"canonical":"https:\/\/elfsight.com\/pt\/amazon-reviews-widget\/shopify\/","og_locale":"pt_PT","og_type":"article","og_title":"Avalia\u00e7\u00f5es da Amazon | Adicione o aplicativo Amazon no site Shopify (gratuito e r\u00e1pido)","og_description":"\u00c9 perfeitamente simples criar seu aplicativo Reviews from Amazon e coloc\u00e1-lo no site do Shopify. O atendimento ao cliente da Elfsight \u00e9 gratuito.","og_url":"https:\/\/elfsight.com\/pt\/amazon-reviews-widget\/shopify\/","og_site_name":"Elfsight PT","article_modified_time":"2025-01-17T13:29:36+00:00","twitter_card":"summary_large_image","twitter_misc":{"Tempo estimado de leitura":"3 minutos"},"schema":{"@context":"https:\/\/schema.org","@graph":[{"@type":"WebPage","@id":"https:\/\/elfsight.com\/pt\/amazon-reviews-widget\/shopify\/","url":"https:\/\/elfsight.com\/pt\/amazon-reviews-widget\/shopify\/","name":"Avalia\u00e7\u00f5es da Amazon | Adicione o aplicativo Amazon no site Shopify (gratuito e r\u00e1pido)","isPartOf":{"@id":"https:\/\/elfsight.com\/pt\/#website"},"datePublished":"2024-05-03T06:27:42+00:00","dateModified":"2025-01-17T13:29:36+00:00","description":"\u00c9 perfeitamente simples criar seu aplicativo Reviews from Amazon e coloc\u00e1-lo no site do Shopify. O atendimento ao cliente da Elfsight \u00e9 gratuito.","breadcrumb":{"@id":"https:\/\/elfsight.com\/pt\/amazon-reviews-widget\/shopify\/#breadcrumb"},"inLanguage":"pt-PT","potentialAction":[{"@type":"ReadAction","target":["https:\/\/elfsight.com\/pt\/amazon-reviews-widget\/shopify\/"]}]},{"@type":"BreadcrumbList","@id":"https:\/\/elfsight.com\/pt\/amazon-reviews-widget\/shopify\/#breadcrumb","itemListElement":[{"@type":"ListItem","position":1,"name":"Home","item":"https:\/\/elfsight.com\/pt\/"},{"@type":"ListItem","position":2,"name":"Amazon Reviews","item":"https:\/\/elfsight.com\/pt\/amazon-reviews-widget\/"},{"@type":"ListItem","position":3,"name":"Amazon Reviews &#8211; Shopify"}]},{"@type":"WebSite","@id":"https:\/\/elfsight.com\/pt\/#website","url":"https:\/\/elfsight.com\/pt\/","name":"Elfsight PT","description":"Just another Elfsight Sites site","potentialAction":[{"@type":"SearchAction","target":{"@type":"EntryPoint","urlTemplate":"https:\/\/elfsight.com\/pt\/?s={search_term_string}"},"query-input":{"@type":"PropertyValueSpecification","valueRequired":true,"valueName":"search_term_string"}}],"inLanguage":"pt-PT"}]}},"meta_box":{"industry":"","seo_heading":"","heading":"","description":"","cta_heading":"","cta_description":"","application":"751","h1":"Aplicativo Reviews from Amazon para Shopify","h1_caption":"Demonstre avalia\u00e7\u00f5es sobre seus produtos da Amazon diretamente em sua p\u00e1gina da web","application_category":[],"applications_title":"","applications_request_title":"","applications_request_button_text":"","hero_text":"","hero_video":"","hero_video_schema_markup":"","selling_points_title":"","selling_points_caption":"","selling_points":[],"selling_points_cta_text":"","features_title":"","features":"","ed_cta_examples_text":"","ed_cta_examples_hidden":"","ed_cta_demo_text":"","ed_cta_demo_hidden":"","why_caption":"","why_editor_title":"","why_editor_text":"","why_team_title":"","why_team_text":"","why_service_title":"","why_service_text":"","template_catalog_visible":"0","template_catalog_title":"","template_catalog_text":"","template_catalog_categories_visible":"","demo_title":"Crie seu aplicativo Reviews from Amazon","demo_caption":"Configure suas avalia\u00e7\u00f5es da Amazon e adicione-as ao seu site do Shopify gratuitamente!","default_faq_hidden":"","app_template_category":[],"platform":"64","template_public_id":"","codecanyon_url":"","codecanyon_item_id":"","codecanyon_price":"","pricing_caption":"","pricing_elfsight_apps_hide_column":"","pricing_elfsight_apps_url":"","pricing_codecanyon_price_caption":"","integration_category":[],"integration_request_title":"","integration_request_cta":"","integration_platform":"","integrations":[],"platform_category":[],"video_schema_markup":"","price":"a partir de US$ 0\/m\u00eas","trial":"","benefits":[{"text":"Servi\u00e7o de instala\u00e7\u00e3o gratuito"},{"text":"Suporte premium"},{"text":"Garantia de devolu\u00e7\u00e3o do dinheiro em 14 dias"},{"text":"Atualiza\u00e7\u00f5es gratuitas cont\u00ednuas"}],"button_url":"#demo","button_target_blank":"0","button_nofollow":"0","attributes":[{"name":"Instala\u00e7\u00f5es","content":"10,000 - 100,000","_state":"expanded"},{"name":"Responsivo","content":"Sim","_state":"expanded"},{"name":"Navegadores compat\u00edveis","content":"Firefox, Safari, Opera, Chrome, Edge"}],"tags":[],"tags_disable_links":"0","hide_more_platforms":"","video_object":"","demo_hide_cta":"0","demo_hide_cloud_options":"0","pricing_title":"","pricing":[{"pricing_icon":"cloud","pricing_title":"Elfsight Apps","pricing_title_caption":"Vers\u00e3o multiplataforma que funciona em qualquer site","pricing_price":"a partir de US$ 0\/m\u00eas","pricing_price_caption":"comece com plano gratuito","pricing_benefits":[{"text":"Sites ilimitados"},{"text":"Suporte premium"},{"text":"Suporte premium"},{"text":"Oferta especial para v\u00e1rios aplicativos"}],"pricing_button_text":"Adicionar ao site","pricing_button_url":"#demo","_state":"expanded"}],"related_apps_title":"","related_apps_hidden":"1","author":"","image":[],"title":"","job":"","social_networks":[]},"_links":{"self":[{"href":"https:\/\/elfsight.com\/pt\/wp-json\/wp\/v2\/pages\/3536","targetHints":{"allow":["GET"]}}],"collection":[{"href":"https:\/\/elfsight.com\/pt\/wp-json\/wp\/v2\/pages"}],"about":[{"href":"https:\/\/elfsight.com\/pt\/wp-json\/wp\/v2\/types\/page"}],"author":[{"embeddable":true,"href":"https:\/\/elfsight.com\/pt\/wp-json\/wp\/v2\/users\/9"}],"replies":[{"embeddable":true,"href":"https:\/\/elfsight.com\/pt\/wp-json\/wp\/v2\/comments?post=3536"}],"version-history":[{"count":4,"href":"https:\/\/elfsight.com\/pt\/wp-json\/wp\/v2\/pages\/3536\/revisions"}],"predecessor-version":[{"id":13587,"href":"https:\/\/elfsight.com\/pt\/wp-json\/wp\/v2\/pages\/3536\/revisions\/13587"}],"up":[{"embeddable":true,"href":"https:\/\/elfsight.com\/pt\/wp-json\/wp\/v2\/pages\/752"}],"wp:attachment":[{"href":"https:\/\/elfsight.com\/pt\/wp-json\/wp\/v2\/media?parent=3536"}],"curies":[{"name":"wp","href":"https:\/\/api.w.org\/{rel}","templated":true}]}}