{"id":3532,"date":"2024-05-03T06:26:50","date_gmt":"2024-05-03T06:26:50","guid":{"rendered":"https:\/\/elfsight.com\/pt\/?page_id=3532"},"modified":"2025-02-11T13:06:50","modified_gmt":"2025-02-11T13:06:50","slug":"opencart","status":"publish","type":"page","link":"https:\/\/elfsight.com\/pt\/all-in-one-chat-widget\/opencart\/","title":{"rendered":"All-in-One Chat &#8211; OpenCart"},"content":{"rendered":"\n<div class=\"application-platform-content-item-description application-platform-content-item\" id=\"description\" data-nav-section=\"description\"> <h2>Descri\u00e7\u00e3o<\/h2> <p>O m\u00f3dulo Elfsight Live Chat \u00e9 uma das possibilidades mais r\u00e1pidas para as pessoas entrarem em contacto consigo e obterem respostas \u00e0s suas quest\u00f5es. Voc\u00ea poder\u00e1 ficar dispon\u00edvel ao vivo em todos os chats favoritos sem parar. Incorpore a extens\u00e3o ao seu site e ela s\u00f3 poder\u00e1 ficar ativa em p\u00e1ginas espec\u00edficas ou para determinados grupos de p\u00fablico, escolha gatilhos para iniciar chat, escreva sua mensagem de boas-vindas, selecione \u00edcones e muito mais. Usando o widget ativo, voc\u00ea permanecer\u00e1 acess\u00edvel \u00e0s pessoas a qualquer momento e de qualquer lugar. <\/p> <p><b>Mantenha acesso f\u00e1cil e resposta r\u00e1pida, aumentando as vendas por meio de consultoria<\/b><\/p> <\/div> <div class=\"application-platform-content-item-features application-platform-content-item\" id=\"features\" data-nav-section=\"features\"> <h2>Os recursos b\u00e1sicos da extens\u00e3o cont\u00e9m<\/h2> <ul><li>Incorpore o m\u00f3dulo de mensagens All-in-One Live Chat em seu site para conversar com os usu\u00e1rios. <\/li><li>Tr\u00eas tipos de posi\u00e7\u00e3o de bate-papo: bal\u00e3o flutuante, bal\u00e3o incorporado e janela de bate-papo incorporada. <\/li><li>Uma biblioteca de \u00edcones de bolhas para voc\u00ea escolher. <\/li><li>T\u00edtulo male\u00e1vel do bate-papo com imagem, nome e subt\u00edtulo da p\u00e1gina.<\/li><li>Definir a imagem da p\u00e1gina por padr\u00e3o, de nossa cole\u00e7\u00e3o ou enviar uma imagem personalizada. <\/li><\/ul><p><a href=\"#demo\">Voc\u00ea pode sentir se o widget \u00e9 para voc\u00ea experimentar a demonstra\u00e7\u00e3o<\/a><\/p> <div class=\"faq\" data-component=\"FAQ\"><div class=\"faq-item\">\r\n\t\t\t\t\t<div class=\"faq-item-question\">\r\n\t\t\t\t\t\t<h3 class=\"faq-item-question-text\">Como adicionar a caixa de bate-papo multifuncional a uma p\u00e1gina do Opencart?<\/h3>\r\n\r\n\t\t\t\t\t\t<div class=\"faq-item-question-icon\"><\/div>\r\n\t\t\t\t\t<\/div>\r\n\r\n\t\t\t\t\t<div class=\"faq-item-answer\">\r\n\t\t\t\t\t\t<div class=\"faq-item-answer-text\"><p>Adicionar o plug-in de bate-papo ao site leva apenas cerca de 90 segundos. Al\u00e9m disso, voc\u00ea n\u00e3o precisa ter conhecimento em programa\u00e7\u00e3o web. <\/p><ol><li>Ajuste a extens\u00e3o para Opencart no configurador live gratuito. <\/li> <li>Copie seu c\u00f3digo de instala\u00e7\u00e3o. <\/li> <li>Incorpore o c\u00f3digo no local necess\u00e1rio no modelo do site. <\/li> <li>Entendi! A configura\u00e7\u00e3o do plugin de chat no Opencart est\u00e1 conclu\u00edda! <\/li><\/ol><p>Est\u00e1 tendo problemas ao colocar a extens\u00e3o no Opencart ou configurar seu bate-papo multifuncional? Voc\u00ea pode encontrar o guia detalhado sobre como adicionar um m\u00f3dulo de bate-papo <a href=\"https:\/\/elfsight.com\/tutorials\/how-to-add-live-chat-to-website\/#how-to-add-live-chat-to-opencart\">nesta p\u00e1gina<\/a>. <\/p><\/div>\r\n\t\t\t\t\t<\/div>\r\n\t\t\t\t<\/div><div class=\"faq-item\">\r\n\t\t\t\t\t<div class=\"faq-item-question\">\r\n\t\t\t\t\t\t<h3 class=\"faq-item-question-text\">Tenho a chance de ver como a extens\u00e3o ficar\u00e1 em um site?<\/h3>\r\n\r\n\t\t\t\t\t\t<div class=\"faq-item-question-icon\"><\/div>\r\n\t\t\t\t\t<\/div>\r\n\r\n\t\t\t\t\t<div class=\"faq-item-answer\">\r\n\t\t\t\t\t\t<div class=\"faq-item-answer-text\"><p>Certamente! Ao formar o plugin de bate-papo Opencart no <a href=\"https:\/\/elfsight.com\/all-in-one-chat-widget\/#demo\">construtor de widget online<\/a>, voc\u00ea ver\u00e1 todas as revis\u00f5es na parte direita do editor. Sua caixa de bate-papo ser\u00e1 exatamente igual \u00e0 do site Opencart. <\/p><\/div>\r\n\t\t\t\t\t<\/div>\r\n\t\t\t\t<\/div><div class=\"faq-item\">\r\n\t\t\t\t\t<div class=\"faq-item-question\">\r\n\t\t\t\t\t\t<h3 class=\"faq-item-question-text\">Quais outros m\u00f3dulos s\u00e3o necess\u00e1rios para um site Opencart?<\/h3>\r\n\r\n\t\t\t\t\t\t<div class=\"faq-item-question-icon\"><\/div>\r\n\t\t\t\t\t<\/div>\r\n\r\n\t\t\t\t\t<div class=\"faq-item-answer\">\r\n\t\t\t\t\t\t<div class=\"faq-item-answer-text\"><p>Opencart \u00e9 um sistema de carrinho de compras gratuito. Pode ser \u00fatil para quem deseja aumentar as vendas e as taxas de convers\u00e3o com a ajuda de uma loja online. Existem v\u00e1rios widgets Elfsight diferentes que podem ser interessantes para os usu\u00e1rios do Opencart.<\/p><p>Por exemplo, <a href=\"https:\/\/elfsight.com\/whatsapp-chat-widget\/opencart\/\">WhatsApp O bate-papo<\/a> \u00e9 incr\u00edvel para receber mensagens do site Opencart atrav\u00e9s do mensageiro mais popular do mundo, <a href=\"https:\/\/elfsight.com\/instagram-feed-instashow\/opencart\/\">Feed do Instagram<\/a> serve para trazer sua linda galeria para o site, o bot\u00e3o <a href=\"https:\/\/elfsight.com\/facebook-chat-widget\/opencart\/\">Facebook Messenger<\/a> \u00e9 \u00f3timo para conversar com os usu\u00e1rios. Al\u00e9m disso, h\u00e1 uma oportunidade de apresentar \u00f3timos depoimentos de seus clientes com o <a href=\"https:\/\/elfsight.com\/google-reviews-widget\/opencart\/\">Google Reviews<\/a> e exibir fotos incr\u00edveis de seus itens com um <a href=\"https:\/\/elfsight.com\/slider-widget\/opencart\/\">controle deslizante<\/a>.<\/p><\/div>\r\n\t\t\t\t\t<\/div>\r\n\t\t\t\t<\/div><\/div><\/div> <div class=\"application-platform-content-item-installation  application-platform-content-item\" id=\"installation \" data-nav-section=\"installation \"> <h2>Como adicionar a extens\u00e3o Live Chat \u00e0 minha p\u00e1gina OpenCart?<\/h2> <p>Basta seguir as diretrizes abaixo para come\u00e7ar a usar o m\u00f3dulo.<\/p> <ol><li><b>Inicie nosso configurador gratuito e comece a criar sua extens\u00e3o personalizada.<\/b><br> Escolha a forma e as caracter\u00edsticas preferidas do m\u00f3dulo e salve todas as edi\u00e7\u00f5es.<\/li> <li><b>Obtenha seu c\u00f3digo exclusivo demonstrado no caixa nas aplica\u00e7\u00f5es Elfsight.<\/b><br> Logo ap\u00f3s terminar a gera\u00e7\u00e3o do seu m\u00f3dulo pessoal, copie o seu c\u00f3digo no pop-up que aparece e guarde-o para futuras ocasi\u00f5es.<\/li> <li><b>Inicie a aplica\u00e7\u00e3o do a extens\u00e3o no site OpenCart.<\/b><br> Insira o c\u00f3digo salvo anteriormente em seu site e salve os ajustes.<\/li> <li><b>Pronto! A incorpora\u00e7\u00e3o est\u00e1 totalmente realizada.<\/b><br> Abra seu site para ver como o m\u00f3dulo est\u00e1 funcionando.<\/li><\/ol><p>Caso tenha d\u00favidas ou enfrente alguns problemas, n\u00e3o hesite em abordar nosso equipe de suporte. Nossos consultores ter\u00e3o prazer em ajud\u00e1-lo com todas as d\u00favidas que voc\u00ea possa ter sobre o plugin. <\/p> <\/div>\n","protected":false},"excerpt":{"rendered":"","protected":false},"author":9,"featured_media":0,"parent":1097,"menu_order":0,"comment_status":"closed","ping_status":"closed","template":"templates\/template-application-platform.php","meta":{"publish_to_discourse":"","publish_post_category":"","wpdc_auto_publish_overridden":"","wpdc_topic_tags":"","wpdc_pin_topic":"","wpdc_pin_until":"","discourse_post_id":"","discourse_permalink":"","wpdc_publishing_response":"","wpdc_publishing_error":"","footnotes":""},"class_list":["post-3532","page","type-page","status-publish","hentry"],"yoast_head":"<!-- This site is optimized with the Yoast SEO plugin v25.3.1 - https:\/\/yoast.com\/wordpress\/plugins\/seo\/ -->\n<title>Bate-papo ao vivo - Adicione bate-papo online a sites OpenCart (f\u00e1cil e gratuito)<\/title>\n<meta name=\"description\" content=\"Adicione sua extens\u00e3o All-in-One Live Chat na p\u00e1gina OpenCart rapidamente. Utilize nossa demonstra\u00e7\u00e3o ao vivo para criar seu m\u00f3dulo de bate-papo exclusivo sem esfor\u00e7o.\" \/>\n<meta name=\"robots\" content=\"index, follow, max-snippet:-1, max-image-preview:large, max-video-preview:-1\" \/>\n<link rel=\"canonical\" href=\"https:\/\/elfsight.com\/pt\/all-in-one-chat-widget\/opencart\/\" \/>\n<meta property=\"og:locale\" content=\"pt_PT\" \/>\n<meta property=\"og:type\" content=\"article\" \/>\n<meta property=\"og:title\" content=\"Bate-papo ao vivo - Adicione bate-papo online a sites OpenCart (f\u00e1cil e gratuito)\" \/>\n<meta property=\"og:description\" content=\"Adicione sua extens\u00e3o All-in-One Live Chat na p\u00e1gina OpenCart rapidamente. Utilize nossa demonstra\u00e7\u00e3o ao vivo para criar seu m\u00f3dulo de bate-papo exclusivo sem esfor\u00e7o.\" \/>\n<meta property=\"og:url\" content=\"https:\/\/elfsight.com\/pt\/all-in-one-chat-widget\/opencart\/\" \/>\n<meta property=\"og:site_name\" content=\"Elfsight PT\" \/>\n<meta property=\"article:modified_time\" content=\"2025-02-11T13:06:50+00:00\" \/>\n<meta name=\"twitter:card\" content=\"summary_large_image\" \/>\n<meta name=\"twitter:label1\" content=\"Tempo estimado de leitura\" \/>\n\t<meta name=\"twitter:data1\" content=\"4 minutos\" \/>\n<!-- \/ Yoast SEO plugin. -->","yoast_head_json":{"title":"Bate-papo ao vivo - Adicione bate-papo online a sites OpenCart (f\u00e1cil e gratuito)","description":"Adicione sua extens\u00e3o All-in-One Live Chat na p\u00e1gina OpenCart rapidamente. Utilize nossa demonstra\u00e7\u00e3o ao vivo para criar seu m\u00f3dulo de bate-papo exclusivo sem esfor\u00e7o.","robots":{"index":"index","follow":"follow","max-snippet":"max-snippet:-1","max-image-preview":"max-image-preview:large","max-video-preview":"max-video-preview:-1"},"canonical":"https:\/\/elfsight.com\/pt\/all-in-one-chat-widget\/opencart\/","og_locale":"pt_PT","og_type":"article","og_title":"Bate-papo ao vivo - Adicione bate-papo online a sites OpenCart (f\u00e1cil e gratuito)","og_description":"Adicione sua extens\u00e3o All-in-One Live Chat na p\u00e1gina OpenCart rapidamente. Utilize nossa demonstra\u00e7\u00e3o ao vivo para criar seu m\u00f3dulo de bate-papo exclusivo sem esfor\u00e7o.","og_url":"https:\/\/elfsight.com\/pt\/all-in-one-chat-widget\/opencart\/","og_site_name":"Elfsight PT","article_modified_time":"2025-02-11T13:06:50+00:00","twitter_card":"summary_large_image","twitter_misc":{"Tempo estimado de leitura":"4 minutos"},"schema":{"@context":"https:\/\/schema.org","@graph":[{"@type":"WebPage","@id":"https:\/\/elfsight.com\/pt\/all-in-one-chat-widget\/opencart\/","url":"https:\/\/elfsight.com\/pt\/all-in-one-chat-widget\/opencart\/","name":"Bate-papo ao vivo - Adicione bate-papo online a sites OpenCart (f\u00e1cil e gratuito)","isPartOf":{"@id":"https:\/\/elfsight.com\/pt\/#website"},"datePublished":"2024-05-03T06:26:50+00:00","dateModified":"2025-02-11T13:06:50+00:00","description":"Adicione sua extens\u00e3o All-in-One Live Chat na p\u00e1gina OpenCart rapidamente. Utilize nossa demonstra\u00e7\u00e3o ao vivo para criar seu m\u00f3dulo de bate-papo exclusivo sem esfor\u00e7o.","breadcrumb":{"@id":"https:\/\/elfsight.com\/pt\/all-in-one-chat-widget\/opencart\/#breadcrumb"},"inLanguage":"pt-PT","potentialAction":[{"@type":"ReadAction","target":["https:\/\/elfsight.com\/pt\/all-in-one-chat-widget\/opencart\/"]}]},{"@type":"BreadcrumbList","@id":"https:\/\/elfsight.com\/pt\/all-in-one-chat-widget\/opencart\/#breadcrumb","itemListElement":[{"@type":"ListItem","position":1,"name":"Home","item":"https:\/\/elfsight.com\/pt\/"},{"@type":"ListItem","position":2,"name":"All-in-One Chat","item":"https:\/\/elfsight.com\/pt\/all-in-one-chat-widget\/"},{"@type":"ListItem","position":3,"name":"All-in-One Chat &#8211; OpenCart"}]},{"@type":"WebSite","@id":"https:\/\/elfsight.com\/pt\/#website","url":"https:\/\/elfsight.com\/pt\/","name":"Elfsight PT","description":"Just another Elfsight Sites site","potentialAction":[{"@type":"SearchAction","target":{"@type":"EntryPoint","urlTemplate":"https:\/\/elfsight.com\/pt\/?s={search_term_string}"},"query-input":{"@type":"PropertyValueSpecification","valueRequired":true,"valueName":"search_term_string"}}],"inLanguage":"pt-PT"}]}},"meta_box":{"industry":"","seo_heading":"","heading":"","description":"","cta_heading":"","cta_description":"","application":"1096","h1":"Extens\u00e3o de chat ao vivo OpenCart","h1_caption":"Com uma comunica\u00e7\u00e3o mais r\u00e1pida e individual, deixe mais gente feliz","application_category":[],"applications_title":"","applications_request_title":"","applications_request_button_text":"","hero_text":"","hero_video":"","hero_video_schema_markup":"","selling_points_title":"","selling_points_caption":"","selling_points":[],"selling_points_cta_text":"","features_title":"","features":"","ed_cta_examples_text":"","ed_cta_examples_hidden":"","ed_cta_demo_text":"","ed_cta_demo_hidden":"","why_caption":"","why_editor_title":"","why_editor_text":"","why_team_title":"","why_team_text":"","why_service_title":"","why_service_text":"","template_catalog_visible":"0","template_catalog_title":"","template_catalog_text":"","template_catalog_categories_visible":"","demo_title":"Crie sua extens\u00e3o de bate-papo multifuncional","demo_caption":"Configure seu All-in-One Chat e adicione-o ao seu site OpenCart gratuitamente!","default_faq_hidden":"","app_template_category":[],"platform":"61","template_public_id":"","codecanyon_url":"","codecanyon_item_id":"","codecanyon_price":"","pricing_caption":"","pricing_elfsight_apps_hide_column":"","pricing_elfsight_apps_url":"","pricing_codecanyon_price_caption":"","integration_category":[],"integration_request_title":"","integration_request_cta":"","integration_platform":"","integrations":[],"platform_category":[],"video_schema_markup":"","price":"a partir de US$ 0\/m\u00eas","trial":"","benefits":[{"text":"Ajuda de instala\u00e7\u00e3o gratuita"},{"text":"Suporte excepcional"},{"text":"Garantia de reembolso de 14 dias"},{"text":"Atualiza\u00e7\u00f5es gratuitas cont\u00ednuas"}],"button_url":"#demo","button_target_blank":"0","button_nofollow":"0","attributes":[{"name":"Instala\u00e7\u00f5es","content":"100,000 - 500,000","_state":"expanded"},{"name":"Responsivo","content":"Sim","_state":"expanded"},{"name":"Navegadores compat\u00edveis","content":"Chrome, Firefox, Opera, Safari, Edge"}],"tags":[],"tags_disable_links":"0","hide_more_platforms":"0","video_object":"","demo_hide_cta":"0","demo_hide_cloud_options":"0","pricing_title":"","pricing":[{"pricing_icon":"platform","pricing_title":"Elfsight Apps","pricing_title_caption":"Vers\u00e3o multiplataforma que funciona em qualquer site","pricing_price":"a partir de US$ 0\/m\u00eas","pricing_price_caption":"comece com plano gratuito","pricing_benefits":[{"text":"Sites ilimitados"},{"text":"Suporte gratuito e pontual"},{"text":"Suporte gratuito e pontual"},{"text":"Design flex\u00edvel"}],"pricing_button_text":"Adicionar ao site","pricing_button_url":"#demo","_state":"expanded"}],"related_apps_title":"","related_apps_hidden":"1","author":"","image":[],"title":"","job":"","social_networks":[]},"_links":{"self":[{"href":"https:\/\/elfsight.com\/pt\/wp-json\/wp\/v2\/pages\/3532","targetHints":{"allow":["GET"]}}],"collection":[{"href":"https:\/\/elfsight.com\/pt\/wp-json\/wp\/v2\/pages"}],"about":[{"href":"https:\/\/elfsight.com\/pt\/wp-json\/wp\/v2\/types\/page"}],"author":[{"embeddable":true,"href":"https:\/\/elfsight.com\/pt\/wp-json\/wp\/v2\/users\/9"}],"replies":[{"embeddable":true,"href":"https:\/\/elfsight.com\/pt\/wp-json\/wp\/v2\/comments?post=3532"}],"version-history":[{"count":3,"href":"https:\/\/elfsight.com\/pt\/wp-json\/wp\/v2\/pages\/3532\/revisions"}],"predecessor-version":[{"id":13903,"href":"https:\/\/elfsight.com\/pt\/wp-json\/wp\/v2\/pages\/3532\/revisions\/13903"}],"up":[{"embeddable":true,"href":"https:\/\/elfsight.com\/pt\/wp-json\/wp\/v2\/pages\/1097"}],"wp:attachment":[{"href":"https:\/\/elfsight.com\/pt\/wp-json\/wp\/v2\/media?parent=3532"}],"curies":[{"name":"wp","href":"https:\/\/api.w.org\/{rel}","templated":true}]}}