{"id":3527,"date":"2024-05-03T06:27:43","date_gmt":"2024-05-03T06:27:43","guid":{"rendered":"https:\/\/elfsight.com\/pt\/?page_id=3527"},"modified":"2025-01-17T13:27:03","modified_gmt":"2025-01-17T13:27:03","slug":"opencart","status":"publish","type":"page","link":"https:\/\/elfsight.com\/pt\/amazon-reviews-widget\/opencart\/","title":{"rendered":"Amazon Reviews &#8211; OpenCart"},"content":{"rendered":"\n<div class=\"application-platform-content-item-description application-platform-content-item\" id=\"description\" data-nav-section=\"description\"><h2>Descri\u00e7\u00e3o<\/h2><p>A extens\u00e3o Elfsight Amazon \u00e9 o m\u00e9todo mais f\u00e1cil de moldar a reputa\u00e7\u00e3o da sua empresa, mostrando avalia\u00e7\u00f5es de clientes reais sobre os seus produtos . Ostente apenas as rea\u00e7\u00f5es melhores ou mais significativas e organize-as da maneira que desejar. Re\u00fana provas sociais mostrando aos seus clientes que voc\u00ea tem credibilidade.<\/p><p><b>Inspire os usu\u00e1rios a escrever novos coment\u00e1rios sobre sua marca e incentive conversas com os clientes!<\/b><\/p><\/div><div class=\"application-platform-content-item-features application-platform-content-item\" id=\"features\" data-nav-section=\"features\"><h2>Recursos<\/h2><p>Para ter uma ideia completa do widget, verifique a lista das fun\u00e7\u00f5es prim\u00e1rias. Eles tornam este widget m\u00e1ximo eficaz para o seu site:<\/p><ul><li>Tr\u00eas filtros predefinidos: por tipo, exclus\u00e3o por e quantidade de coment\u00e1rios para exibi\u00e7\u00e3o;<\/li><li>4 op\u00e7\u00f5es de layouts: Lista , Grid, Masonry e Slider;<\/li><li>Cabe\u00e7alho altern\u00e1vel do widget;<\/li><li>O bot\u00e3o de solicita\u00e7\u00e3o de revis\u00e3o leva os usu\u00e1rios \u00e0 sua p\u00e1gina da Amazon;<\/li><li>Seis elementos flex\u00edveis do interface: nome e foto do autor, texto de recomenda\u00e7\u00e3o, data de postagem, \u00edcone da Amazon e classifica\u00e7\u00e3o por estrelas;<\/li><li>Dois cen\u00e1rios poss\u00edveis ap\u00f3s a nega\u00e7\u00e3o da solicita\u00e7\u00e3o de revis\u00e3o: revelar sua mensagem ou remover o bot\u00e3o;<\/li><\/ul><p><a href=\"#demo\">A demonstra\u00e7\u00e3o ao vivo abrir\u00e1 todos os recursos para voc\u00ea<\/a><\/p><\/div><div class=\"application-platform-content-item-installation application-platform-content-item\" id=\"installation\" data-nav-section=\"installation\"><h2>Como adicionar avalia\u00e7\u00f5es da Amazon extens\u00e3o para o site OpenCart<\/h2><p>As etapas abaixo s\u00e3o a \u00fanica coisa que voc\u00ea precisa seguir para adicionar o widget ao seu site.<\/p><ol><li><b>Abra nossa demonstra\u00e7\u00e3o gratuita e comece a moldar seu extens\u00e3o personalizada. <\/b><br> Determine o layout e a funcionalidade preferidos da extens\u00e3o e aplique todas as edi\u00e7\u00f5es. <\/li> <li><b>Receba seu c\u00f3digo exclusivo mostrado na janela dos aplicativos Elfsight. <\/b><br> Quando a personaliza\u00e7\u00e3o da sua extens\u00e3o Reviews estiver conclu\u00edda, copie o c\u00f3digo exclusivo no pop-up que aparece e guarde-o para necessidades futuras. <\/li> <li><b>Iniciar o uso da extens\u00e3o no site OpenCart. <\/b><br> Coloque o c\u00f3digo copiado anteriormente em sua p\u00e1gina web e salve as modifica\u00e7\u00f5es. <\/li> <li><b>A instala\u00e7\u00e3o foi finalizada com sucesso. <\/b><br> Acesse seu site para ver o desempenho da extens\u00e3o. <\/li><\/ol><p>Ainda tem d\u00favidas? Ou alguma d\u00favida? Apenas um \u00fanico pedido ao nosso servi\u00e7o de apoio ao cliente resolver\u00e1 todos os problemas.<\/p><div class=\"faq\" data-component=\"FAQ\"> <div class=\"faq-item\">\r\n\t\t\t\t\t<div class=\"faq-item-question\">\r\n\t\t\t\t\t\t<h3 class=\"faq-item-question-text\">Como adicionar Reviews from Amazon ao meu site OpenCart sem conhecimentos de codifica\u00e7\u00e3o?<\/h3>\r\n\r\n\t\t\t\t\t\t<div class=\"faq-item-question-icon\"><\/div>\r\n\t\t\t\t\t<\/div>\r\n\r\n\t\t\t\t\t<div class=\"faq-item-answer\">\r\n\t\t\t\t\t\t<div class=\"faq-item-answer-text\"> <p>A Elfsight fornece uma solu\u00e7\u00e3o SaaS que permite voc\u00ea mesmo cria um widget Reviews from Amazon, veja como o processo \u00e9 f\u00e1cil: Trabalhe diretamente no Editor online para criar um widget Reviews from Amazon que voc\u00ea gostaria de ver em seu site OpenCart. Escolha um dos modelos predefinidos e ajuste as configura\u00e7\u00f5es do Reviews from Amazon, adicione seu conte\u00fado, altere o layout e as cores sem habilidades de codifica\u00e7\u00e3o. Salve o Reviews from Amazon e copie seu c\u00f3digo de instala\u00e7\u00e3o, que voc\u00ea pode colar facilmente em seu site OpenCart, sem a necessidade de comprar um plano pago. Com nosso editor intuitivo, qualquer usu\u00e1rio da Internet pode criar um widget Reviews from Amazon online e incorpor\u00e1-lo facilmente ao seu site OpenCart. N\u00e3o h\u00e1 necessidade de pagar ou inserir as credenciais do seu cart\u00e3o para acessar o servi\u00e7o. Se voc\u00ea enfrentar qualquer problema em qualquer etapa, n\u00e3o hesite em entrar em contato com nossa equipe de suporte t\u00e9cnico.<\/p> <\/div>\r\n\t\t\t\t\t<\/div>\r\n\t\t\t\t<\/div> <\/div> <\/div>\n","protected":false},"excerpt":{"rendered":"","protected":false},"author":9,"featured_media":0,"parent":752,"menu_order":0,"comment_status":"closed","ping_status":"closed","template":"templates\/template-application-platform.php","meta":{"publish_to_discourse":"","publish_post_category":"","wpdc_auto_publish_overridden":"","wpdc_topic_tags":"","wpdc_pin_topic":"","wpdc_pin_until":"","discourse_post_id":"","discourse_permalink":"","wpdc_publishing_response":"","wpdc_publishing_error":"","footnotes":""},"class_list":["post-3527","page","type-page","status-publish","hentry"],"yoast_head":"<!-- This site is optimized with the Yoast SEO plugin v25.3.1 - https:\/\/yoast.com\/wordpress\/plugins\/seo\/ -->\n<title>Avalia\u00e7\u00f5es da Amazon | Incorporar widget Amazon no site OpenCart<\/title>\n<meta name=\"description\" content=\"Com a Elfsight, crie sua extens\u00e3o Reviews from Amazon e mostre-a no site OpenCart com facilidade. Oferecemos atendimento gratuito ao cliente e outros b\u00f4nus.\" \/>\n<meta name=\"robots\" content=\"index, follow, max-snippet:-1, max-image-preview:large, max-video-preview:-1\" \/>\n<link rel=\"canonical\" href=\"https:\/\/elfsight.com\/pt\/amazon-reviews-widget\/opencart\/\" \/>\n<meta property=\"og:locale\" content=\"pt_PT\" \/>\n<meta property=\"og:type\" content=\"article\" \/>\n<meta property=\"og:title\" content=\"Avalia\u00e7\u00f5es da Amazon | Incorporar widget Amazon no site OpenCart\" \/>\n<meta property=\"og:description\" content=\"Com a Elfsight, crie sua extens\u00e3o Reviews from Amazon e mostre-a no site OpenCart com facilidade. Oferecemos atendimento gratuito ao cliente e outros b\u00f4nus.\" \/>\n<meta property=\"og:url\" content=\"https:\/\/elfsight.com\/pt\/amazon-reviews-widget\/opencart\/\" \/>\n<meta property=\"og:site_name\" content=\"Elfsight PT\" \/>\n<meta property=\"article:modified_time\" content=\"2025-01-17T13:27:03+00:00\" \/>\n<meta name=\"twitter:card\" content=\"summary_large_image\" \/>\n<meta name=\"twitter:label1\" content=\"Tempo estimado de leitura\" \/>\n\t<meta name=\"twitter:data1\" content=\"3 minutos\" \/>\n<!-- \/ Yoast SEO plugin. -->","yoast_head_json":{"title":"Avalia\u00e7\u00f5es da Amazon | Incorporar widget Amazon no site OpenCart","description":"Com a Elfsight, crie sua extens\u00e3o Reviews from Amazon e mostre-a no site OpenCart com facilidade. Oferecemos atendimento gratuito ao cliente e outros b\u00f4nus.","robots":{"index":"index","follow":"follow","max-snippet":"max-snippet:-1","max-image-preview":"max-image-preview:large","max-video-preview":"max-video-preview:-1"},"canonical":"https:\/\/elfsight.com\/pt\/amazon-reviews-widget\/opencart\/","og_locale":"pt_PT","og_type":"article","og_title":"Avalia\u00e7\u00f5es da Amazon | Incorporar widget Amazon no site OpenCart","og_description":"Com a Elfsight, crie sua extens\u00e3o Reviews from Amazon e mostre-a no site OpenCart com facilidade. Oferecemos atendimento gratuito ao cliente e outros b\u00f4nus.","og_url":"https:\/\/elfsight.com\/pt\/amazon-reviews-widget\/opencart\/","og_site_name":"Elfsight PT","article_modified_time":"2025-01-17T13:27:03+00:00","twitter_card":"summary_large_image","twitter_misc":{"Tempo estimado de leitura":"3 minutos"},"schema":{"@context":"https:\/\/schema.org","@graph":[{"@type":"WebPage","@id":"https:\/\/elfsight.com\/pt\/amazon-reviews-widget\/opencart\/","url":"https:\/\/elfsight.com\/pt\/amazon-reviews-widget\/opencart\/","name":"Avalia\u00e7\u00f5es da Amazon | Incorporar widget Amazon no site OpenCart","isPartOf":{"@id":"https:\/\/elfsight.com\/pt\/#website"},"datePublished":"2024-05-03T06:27:43+00:00","dateModified":"2025-01-17T13:27:03+00:00","description":"Com a Elfsight, crie sua extens\u00e3o Reviews from Amazon e mostre-a no site OpenCart com facilidade. Oferecemos atendimento gratuito ao cliente e outros b\u00f4nus.","breadcrumb":{"@id":"https:\/\/elfsight.com\/pt\/amazon-reviews-widget\/opencart\/#breadcrumb"},"inLanguage":"pt-PT","potentialAction":[{"@type":"ReadAction","target":["https:\/\/elfsight.com\/pt\/amazon-reviews-widget\/opencart\/"]}]},{"@type":"BreadcrumbList","@id":"https:\/\/elfsight.com\/pt\/amazon-reviews-widget\/opencart\/#breadcrumb","itemListElement":[{"@type":"ListItem","position":1,"name":"Home","item":"https:\/\/elfsight.com\/pt\/"},{"@type":"ListItem","position":2,"name":"Amazon Reviews","item":"https:\/\/elfsight.com\/pt\/amazon-reviews-widget\/"},{"@type":"ListItem","position":3,"name":"Amazon Reviews &#8211; OpenCart"}]},{"@type":"WebSite","@id":"https:\/\/elfsight.com\/pt\/#website","url":"https:\/\/elfsight.com\/pt\/","name":"Elfsight PT","description":"Just another Elfsight Sites site","potentialAction":[{"@type":"SearchAction","target":{"@type":"EntryPoint","urlTemplate":"https:\/\/elfsight.com\/pt\/?s={search_term_string}"},"query-input":{"@type":"PropertyValueSpecification","valueRequired":true,"valueName":"search_term_string"}}],"inLanguage":"pt-PT"}]}},"meta_box":{"industry":"","seo_heading":"","heading":"","description":"","cta_heading":"","cta_description":"","application":"751","h1":"Extens\u00e3o Reviews from Amazon para OpenCart","h1_caption":"Demonstre avalia\u00e7\u00f5es sobre seus produtos da Amazon em sua p\u00e1gina da web","application_category":[],"applications_title":"","applications_request_title":"","applications_request_button_text":"","hero_text":"","hero_video":"","hero_video_schema_markup":"","selling_points_title":"","selling_points_caption":"","selling_points":[],"selling_points_cta_text":"","features_title":"","features":"","ed_cta_examples_text":"","ed_cta_examples_hidden":"","ed_cta_demo_text":"","ed_cta_demo_hidden":"","why_caption":"","why_editor_title":"","why_editor_text":"","why_team_title":"","why_team_text":"","why_service_title":"","why_service_text":"","template_catalog_visible":"0","template_catalog_title":"","template_catalog_text":"","template_catalog_categories_visible":"","demo_title":"Crie sua extens\u00e3o Reviews from Amazon","demo_caption":"Configure suas avalia\u00e7\u00f5es da Amazon e adicione-as ao seu site OpenCart gratuitamente!","default_faq_hidden":"","app_template_category":[],"platform":"61","template_public_id":"","codecanyon_url":"","codecanyon_item_id":"","codecanyon_price":"","pricing_caption":"","pricing_elfsight_apps_hide_column":"","pricing_elfsight_apps_url":"","pricing_codecanyon_price_caption":"","integration_category":[],"integration_request_title":"","integration_request_cta":"","integration_platform":"","integrations":[],"platform_category":[],"video_schema_markup":"","price":"a partir de US$ 0\/m\u00eas","trial":"","benefits":[{"text":"Assist\u00eancia de instala\u00e7\u00e3o gratuita"},{"text":"Suporte ao cliente experiente"},{"text":"Garantia de reembolso de 14 dias"},{"text":"Atualiza\u00e7\u00f5es gratuitas cont\u00ednuas"}],"button_url":"#demo","button_target_blank":"0","button_nofollow":"0","attributes":[{"name":"Instala\u00e7\u00f5es","content":"10,000 - 100,000","_state":"expanded"},{"name":"Responsivo","content":"Sim","_state":"expanded"},{"name":"Navegadores compat\u00edveis","content":"Opera, Edge, Chrome, Safari, Firefox"}],"tags":[],"tags_disable_links":"0","hide_more_platforms":"","video_object":"","demo_hide_cta":"0","demo_hide_cloud_options":"0","pricing_title":"","pricing":[{"pricing_icon":"platform","pricing_title":"Elfsight Apps","pricing_title_caption":"Software multiplataforma que se adapta a qualquer site","pricing_price":"a partir de US$ 0\/m\u00eas","pricing_price_caption":"comece com plano gratuito","pricing_benefits":[{"text":"Sites ilimitados"},{"text":"Suporte premium"},{"text":"Suporte premium"},{"text":"Totalmente personaliz\u00e1vel"}],"pricing_button_text":"Adicionar ao site","pricing_button_url":"#demo","_state":"expanded"}],"related_apps_title":"","related_apps_hidden":"1","author":"","image":[],"title":"","job":"","social_networks":[]},"_links":{"self":[{"href":"https:\/\/elfsight.com\/pt\/wp-json\/wp\/v2\/pages\/3527","targetHints":{"allow":["GET"]}}],"collection":[{"href":"https:\/\/elfsight.com\/pt\/wp-json\/wp\/v2\/pages"}],"about":[{"href":"https:\/\/elfsight.com\/pt\/wp-json\/wp\/v2\/types\/page"}],"author":[{"embeddable":true,"href":"https:\/\/elfsight.com\/pt\/wp-json\/wp\/v2\/users\/9"}],"replies":[{"embeddable":true,"href":"https:\/\/elfsight.com\/pt\/wp-json\/wp\/v2\/comments?post=3527"}],"version-history":[{"count":3,"href":"https:\/\/elfsight.com\/pt\/wp-json\/wp\/v2\/pages\/3527\/revisions"}],"predecessor-version":[{"id":13584,"href":"https:\/\/elfsight.com\/pt\/wp-json\/wp\/v2\/pages\/3527\/revisions\/13584"}],"up":[{"embeddable":true,"href":"https:\/\/elfsight.com\/pt\/wp-json\/wp\/v2\/pages\/752"}],"wp:attachment":[{"href":"https:\/\/elfsight.com\/pt\/wp-json\/wp\/v2\/media?parent=3527"}],"curies":[{"name":"wp","href":"https:\/\/api.w.org\/{rel}","templated":true}]}}