{"id":3517,"date":"2024-05-03T06:26:02","date_gmt":"2024-05-03T06:26:02","guid":{"rendered":"https:\/\/elfsight.com\/pt\/?page_id=3517"},"modified":"2024-11-13T12:04:12","modified_gmt":"2024-11-13T12:04:12","slug":"magento","status":"publish","type":"page","link":"https:\/\/elfsight.com\/pt\/age-verification-widget\/magento\/","title":{"rendered":"Age Verification &#8211; Magento"},"content":{"rendered":"<div class=\"application-platform-content-item-description application-platform-content-item\" id=\"description\" data-nav-section=\"description\"> <h2>Descri\u00e7\u00e3o<\/h2> <p>Nosso widget se tornar\u00e1 a melhor maneira de criar uma janela imediata que verifica a idade de um usu\u00e1rio. O widget tornar\u00e1 seu conte\u00fado sens\u00edvel \u00e0 idade acess\u00edvel para usu\u00e1rios maiores de idade e o ocultar\u00e1 para espectadores menores de idade. O widget permite definir um limite de idade exigido, escolher o formato de verifica\u00e7\u00e3o, apresentar o pop-up em todos os sites ou apenas em p\u00e1ginas espec\u00edficas e escolher a a\u00e7\u00e3o de acesso negado. A apar\u00eancia \u00e9 flex\u00edvel, incluindo detalhes pint\u00e1veis \u200b\u200be a op\u00e7\u00e3o de adicionar imagens personalizadas. <\/p> <div class=\"faq\" data-component=\"FAQ\"> <div class=\"faq-item\">\r\n\t\t\t\t\t<div class=\"faq-item-question\">\r\n\t\t\t\t\t\t<h3 class=\"faq-item-question-text\">Onde posso publicar este plugin<\/h3>\r\n\r\n\t\t\t\t\t\t<div class=\"faq-item-question-icon\"><\/div>\r\n\t\t\t\t\t<\/div>\r\n\r\n\t\t\t\t\t<div class=\"faq-item-answer\">\r\n\t\t\t\t\t\t<div class=\"faq-item-answer-text\"> <p>Voc\u00ea pode mostrar a janela de controle de idade em todas as p\u00e1ginas do site ou indicar p\u00e1ginas espec\u00edficas onde incorpor\u00e1-lo. Al\u00e9m disso, voc\u00ea pode usar o recurso de exclus\u00e3o de p\u00e1ginas onde n\u00e3o \u00e9 necess\u00e1rio. <\/p> <\/div>\r\n\t\t\t\t\t<\/div>\r\n\t\t\t\t<\/div> <div class=\"faq-item\">\r\n\t\t\t\t\t<div class=\"faq-item-question\">\r\n\t\t\t\t\t\t<h3 class=\"faq-item-question-text\">Quais benef\u00edcios isso pode me proporcionar?<\/h3>\r\n\r\n\t\t\t\t\t\t<div class=\"faq-item-question-icon\"><\/div>\r\n\t\t\t\t\t<\/div>\r\n\r\n\t\t\t\t\t<div class=\"faq-item-answer\">\r\n\t\t\t\t\t\t<div class=\"faq-item-answer-text\"> <p>Com a ajuda do nosso widget, \u00e9 extremamente simples e r\u00e1pido criar um pop-up de verifica\u00e7\u00e3o de idade e dissuadir usu\u00e1rios menores de idade. Isso ajudar\u00e1 a garantir que seu site atenda aos requisitos legais. Mais do que isso, lhe dar\u00e1 um novo p\u00fablico-alvo e clientes v\u00e1lidos. <\/p> <\/div>\r\n\t\t\t\t\t<\/div>\r\n\t\t\t\t<\/div> <div class=\"faq-item\">\r\n\t\t\t\t\t<div class=\"faq-item-question\">\r\n\t\t\t\t\t\t<h3 class=\"faq-item-question-text\">Como posso adicionar verifica\u00e7\u00e3o de idade ao Magento?<\/h3>\r\n\r\n\t\t\t\t\t\t<div class=\"faq-item-question-icon\"><\/div>\r\n\t\t\t\t\t<\/div>\r\n\r\n\t\t\t\t\t<div class=\"faq-item-answer\">\r\n\t\t\t\t\t\t<div class=\"faq-item-answer-text\"> <p>Leva alguns minutos do seu tempo para come\u00e7ar a usar o widget. O processo \u00e9 muito r\u00e1pido, gratuito e n\u00e3o envolve codifica\u00e7\u00e3o. <\/p> <p>A verifica\u00e7\u00e3o de idade da Elfsight pode ser configurada no nosso servi\u00e7o ou atrav\u00e9s do mercado. Voc\u00ea pode ler mais sobre ambas as op\u00e7\u00f5es e decidir qual \u00e9 a sua.<\/p> <\/div>\r\n\t\t\t\t\t<\/div>\r\n\t\t\t\t<\/div> <\/div> <\/div> <div class=\"application-platform-content-item-features application-platform-content-item\" id=\"features\" data-nav-section=\"features\"> <h2>Recursos<\/h2> <p>Para moldar para conhecer melhor o widget, descubra a lista das fun\u00e7\u00f5es mais destacadas. Eles tornam o widget incrivelmente eficiente para o seu neg\u00f3cio: <\/p> <ul><li>Selecione um dos m\u00e9todos de verifica\u00e7\u00e3o: solicita\u00e7\u00e3o da data de nascimento completa, apenas o ano de nascimento ou uma pergunta oferecendo op\u00e7\u00f5es de Sim e N\u00e3o;<\/li><li>A op\u00e7\u00e3o de lembrar um visitante por qualquer per\u00edodo de tempo;<\/li><li>Dois cen\u00e1rios ap\u00f3s a nega\u00e7\u00e3o de acesso: mostrar um texto ou direcionar um usu\u00e1rio para qualquer endere\u00e7o;<\/li><li>Adicionar qualquer imagem para exibi\u00e7\u00e3o no pop-up de verifica\u00e7\u00e3o;<\/li><li>Demonstre detalhes extras e links abaixo do bot\u00e3o de verifica\u00e7\u00e3o.<\/li><\/ul><p><a href=\"#demo\">Nossa demonstra\u00e7\u00e3o demonstrar\u00e1 mais recursos para voc\u00ea<\/a><\/p> <\/div> <div class=\"application-platform-content-item-installation application-platform-content-item\" id=\"installation\" data-nav-section=\"installation\"> <h2>Vamos ver como incorporar o widget de verifica\u00e7\u00e3o de idade ao seu site Magento<\/h2> <p> Algumas dicas r\u00e1pidas etapas \u00e9 a \u00fanica coisa que voc\u00ea precisa fazer. <\/p> <ol><li><b>Abra nosso editor gratuito e comece a moldar sua extens\u00e3o personalizada. <\/b><br> Especifique a forma e os recursos preferidos da extens\u00e3o e aplique todas as edi\u00e7\u00f5es. <\/li> <li><b>Receba o c\u00f3digo individual mostrado na janela dos aplicativos Elfsight. <\/b><br> Assim que a gera\u00e7\u00e3o de sua extens\u00e3o pessoal terminar, copie seu c\u00f3digo da janela que aparece e salve-o para uso posterior. <\/li> <li><b>Iniciar a utiliza\u00e7\u00e3o da extens\u00e3o no site Magento. <\/b><br> Coloque o c\u00f3digo que voc\u00ea copiou anteriormente em seu site e salve as modifica\u00e7\u00f5es. <\/li> <li><b>Conclu\u00eddo! A incorpora\u00e7\u00e3o \u00e9 totalmente executada. <\/b><br> Acesse seu site para observar o desempenho da extens\u00e3o. <\/li><\/ol><p>Ainda duvida de alguma coisa? Ou enfrentando problemas? Basta enviar o seu pedido para o nosso servi\u00e7o de apoio ao cliente, iremos ajud\u00e1-lo em qualquer assunto. <\/p> <\/div>","protected":false},"excerpt":{"rendered":"","protected":false},"author":9,"featured_media":0,"parent":524,"menu_order":0,"comment_status":"closed","ping_status":"closed","template":"templates\/template-application-platform.php","meta":{"publish_to_discourse":"","publish_post_category":"","wpdc_auto_publish_overridden":"","wpdc_topic_tags":"","wpdc_pin_topic":"","wpdc_pin_until":"","discourse_post_id":"","discourse_permalink":"","wpdc_publishing_response":"","wpdc_publishing_error":"","footnotes":""},"class_list":["post-3517","page","type-page","status-publish","hentry"],"yoast_head":"<!-- This site is optimized with the Yoast SEO plugin v25.3.1 - https:\/\/yoast.com\/wordpress\/plugins\/seo\/ -->\n<title>Adicionar extens\u00e3o de verifica\u00e7\u00e3o de idade ao site Magento (r\u00e1pido e gratuito)<\/title>\n<meta name=\"description\" content=\"Com a Elfsight, construa a sua extens\u00e3o Age Verification e insira-a rapidamente no seu site Magento. Temos suporte gratuito ao cliente e mais b\u00f4nus.\" \/>\n<meta name=\"robots\" content=\"index, follow, max-snippet:-1, max-image-preview:large, max-video-preview:-1\" \/>\n<link rel=\"canonical\" href=\"https:\/\/elfsight.com\/pt\/age-verification-widget\/magento\/\" \/>\n<meta property=\"og:locale\" content=\"pt_PT\" \/>\n<meta property=\"og:type\" content=\"article\" \/>\n<meta property=\"og:title\" content=\"Adicionar extens\u00e3o de verifica\u00e7\u00e3o de idade ao site Magento (r\u00e1pido e gratuito)\" \/>\n<meta property=\"og:description\" content=\"Com a Elfsight, construa a sua extens\u00e3o Age Verification e insira-a rapidamente no seu site Magento. Temos suporte gratuito ao cliente e mais b\u00f4nus.\" \/>\n<meta property=\"og:url\" content=\"https:\/\/elfsight.com\/pt\/age-verification-widget\/magento\/\" \/>\n<meta property=\"og:site_name\" content=\"Elfsight PT\" \/>\n<meta property=\"article:modified_time\" content=\"2024-11-13T12:04:12+00:00\" \/>\n<meta name=\"twitter:card\" content=\"summary_large_image\" \/>\n<meta name=\"twitter:label1\" content=\"Tempo estimado de leitura\" \/>\n\t<meta name=\"twitter:data1\" content=\"2 minutos\" \/>\n<!-- \/ Yoast SEO plugin. -->","yoast_head_json":{"title":"Adicionar extens\u00e3o de verifica\u00e7\u00e3o de idade ao site Magento (r\u00e1pido e gratuito)","description":"Com a Elfsight, construa a sua extens\u00e3o Age Verification e insira-a rapidamente no seu site Magento. Temos suporte gratuito ao cliente e mais b\u00f4nus.","robots":{"index":"index","follow":"follow","max-snippet":"max-snippet:-1","max-image-preview":"max-image-preview:large","max-video-preview":"max-video-preview:-1"},"canonical":"https:\/\/elfsight.com\/pt\/age-verification-widget\/magento\/","og_locale":"pt_PT","og_type":"article","og_title":"Adicionar extens\u00e3o de verifica\u00e7\u00e3o de idade ao site Magento (r\u00e1pido e gratuito)","og_description":"Com a Elfsight, construa a sua extens\u00e3o Age Verification e insira-a rapidamente no seu site Magento. Temos suporte gratuito ao cliente e mais b\u00f4nus.","og_url":"https:\/\/elfsight.com\/pt\/age-verification-widget\/magento\/","og_site_name":"Elfsight PT","article_modified_time":"2024-11-13T12:04:12+00:00","twitter_card":"summary_large_image","twitter_misc":{"Tempo estimado de leitura":"2 minutos"},"schema":{"@context":"https:\/\/schema.org","@graph":[{"@type":"WebPage","@id":"https:\/\/elfsight.com\/pt\/age-verification-widget\/magento\/","url":"https:\/\/elfsight.com\/pt\/age-verification-widget\/magento\/","name":"Adicionar extens\u00e3o de verifica\u00e7\u00e3o de idade ao site Magento (r\u00e1pido e gratuito)","isPartOf":{"@id":"https:\/\/elfsight.com\/pt\/#website"},"datePublished":"2024-05-03T06:26:02+00:00","dateModified":"2024-11-13T12:04:12+00:00","description":"Com a Elfsight, construa a sua extens\u00e3o Age Verification e insira-a rapidamente no seu site Magento. Temos suporte gratuito ao cliente e mais b\u00f4nus.","breadcrumb":{"@id":"https:\/\/elfsight.com\/pt\/age-verification-widget\/magento\/#breadcrumb"},"inLanguage":"pt-PT","potentialAction":[{"@type":"ReadAction","target":["https:\/\/elfsight.com\/pt\/age-verification-widget\/magento\/"]}]},{"@type":"BreadcrumbList","@id":"https:\/\/elfsight.com\/pt\/age-verification-widget\/magento\/#breadcrumb","itemListElement":[{"@type":"ListItem","position":1,"name":"Home","item":"https:\/\/elfsight.com\/pt\/"},{"@type":"ListItem","position":2,"name":"Age Verification","item":"https:\/\/elfsight.com\/pt\/age-verification-widget\/"},{"@type":"ListItem","position":3,"name":"Age Verification &#8211; Magento"}]},{"@type":"WebSite","@id":"https:\/\/elfsight.com\/pt\/#website","url":"https:\/\/elfsight.com\/pt\/","name":"Elfsight PT","description":"Just another Elfsight Sites site","potentialAction":[{"@type":"SearchAction","target":{"@type":"EntryPoint","urlTemplate":"https:\/\/elfsight.com\/pt\/?s={search_term_string}"},"query-input":{"@type":"PropertyValueSpecification","valueRequired":true,"valueName":"search_term_string"}}],"inLanguage":"pt-PT"}]}},"meta_box":{"industry":"","seo_heading":"","heading":"","description":"","cta_heading":"","cta_description":"","application":"523","h1":"Extens\u00e3o de verifica\u00e7\u00e3o de idade Magento","h1_caption":"Aproveite a ferramenta mais r\u00e1pida para organizar pop-ups de verifica\u00e7\u00e3o de idade em seu site","application_category":[],"applications_title":"","applications_request_title":"","applications_request_button_text":"","hero_text":"","hero_video":"","hero_video_schema_markup":"","selling_points_title":"","selling_points_caption":"","selling_points":[],"selling_points_cta_text":"","features_title":"","features":"","ed_cta_examples_text":"","ed_cta_examples_hidden":"","ed_cta_demo_text":"","ed_cta_demo_hidden":"","why_caption":"","why_editor_title":"","why_editor_text":"","why_team_title":"","why_team_text":"","why_service_title":"","why_service_text":"","template_catalog_visible":"","template_catalog_title":"","template_catalog_text":"","template_catalog_categories_visible":"","demo_title":"Crie sua extens\u00e3o de verifica\u00e7\u00e3o de idade","demo_caption":"Configure sua verifica\u00e7\u00e3o de idade e adicione-a ao seu site Magento gratuitamente!","default_faq_hidden":"","app_template_category":[],"platform":"58","template_public_id":"","codecanyon_url":"","codecanyon_item_id":"","codecanyon_price":"","pricing_caption":"","pricing_elfsight_apps_hide_column":"","pricing_elfsight_apps_url":"","pricing_codecanyon_price_caption":"","integration_category":[],"integration_request_title":"","integration_request_cta":"","integration_platform":"","integrations":[],"platform_category":[],"video_schema_markup":"","price":"a partir de US$ 0\/m\u00eas","trial":"","benefits":[{"text":"Assist\u00eancia de instala\u00e7\u00e3o gratuita"},{"text":"Atendimento ao cliente competente"},{"text":"Garantia de reembolso de 14 dias"},{"text":"Atualiza\u00e7\u00f5es gratuitas regulares"}],"button_url":"#demo","button_target_blank":"0","button_nofollow":"0","attributes":[{"name":"Instala\u00e7\u00f5es","content":"10,000 - 100,000","_state":"expanded"},{"name":"Responsivo","content":"Sim","_state":"expanded"},{"name":"Navegadores compat\u00edveis","content":"Firefox, Safari, Opera, Chrome, Edge"}],"tags":[],"tags_disable_links":"0","hide_more_platforms":"","video_object":"","demo_hide_cta":"0","demo_hide_cloud_options":"0","pricing_title":"","pricing":[{"pricing_icon":"platform","pricing_title":"Elfsight Apps","pricing_title_caption":"Solu\u00e7\u00e3o digital multiplataforma","pricing_price":"a partir de US$ 0\/m\u00eas","pricing_price_caption":"comece com um plano gratuito","pricing_benefits":[{"text":"Sites ilimitados"},{"text":"Suporte ao cliente premium e bem documentado"},{"text":"Suporte ao cliente premium e bem documentado"},{"text":"Design flex\u00edvel"}],"pricing_button_text":"Adicionar ao site","pricing_button_url":"#demo","_state":"expanded"}],"related_apps_title":"","related_apps_hidden":"1","author":"","image":[],"title":"","job":"","social_networks":[]},"_links":{"self":[{"href":"https:\/\/elfsight.com\/pt\/wp-json\/wp\/v2\/pages\/3517","targetHints":{"allow":["GET"]}}],"collection":[{"href":"https:\/\/elfsight.com\/pt\/wp-json\/wp\/v2\/pages"}],"about":[{"href":"https:\/\/elfsight.com\/pt\/wp-json\/wp\/v2\/types\/page"}],"author":[{"embeddable":true,"href":"https:\/\/elfsight.com\/pt\/wp-json\/wp\/v2\/users\/9"}],"replies":[{"embeddable":true,"href":"https:\/\/elfsight.com\/pt\/wp-json\/wp\/v2\/comments?post=3517"}],"version-history":[{"count":2,"href":"https:\/\/elfsight.com\/pt\/wp-json\/wp\/v2\/pages\/3517\/revisions"}],"predecessor-version":[{"id":11519,"href":"https:\/\/elfsight.com\/pt\/wp-json\/wp\/v2\/pages\/3517\/revisions\/11519"}],"up":[{"embeddable":true,"href":"https:\/\/elfsight.com\/pt\/wp-json\/wp\/v2\/pages\/524"}],"wp:attachment":[{"href":"https:\/\/elfsight.com\/pt\/wp-json\/wp\/v2\/media?parent=3517"}],"curies":[{"name":"wp","href":"https:\/\/api.w.org\/{rel}","templated":true}]}}