{"id":3516,"date":"2024-05-03T06:26:53","date_gmt":"2024-05-03T06:26:53","guid":{"rendered":"https:\/\/elfsight.com\/pt\/?page_id=3516"},"modified":"2025-02-11T13:02:13","modified_gmt":"2025-02-11T13:02:13","slug":"magento","status":"publish","type":"page","link":"https:\/\/elfsight.com\/pt\/all-in-one-chat-widget\/magento\/","title":{"rendered":"All-in-One Chat &#8211; Magento"},"content":{"rendered":"\n<div class=\"application-platform-content-item-description application-platform-content-item\" id=\"description\" data-nav-section=\"description\"> <h2>Descri\u00e7\u00e3o<\/h2> <p>O plugin Elfsight Live Chat \u00e9 uma das possibilidades mais convenientes para os visitantes do site entrarem em contato com voc\u00ea e obterem suporte de voc\u00ea. Voc\u00ea ficar\u00e1 dispon\u00edvel ao vivo em todos os mensageiros mais usados \u200b\u200b24 horas por dia, 7 dias por semana. Incorpore a ferramenta em seu site e ela poder\u00e1 ser ativada em p\u00e1ginas espec\u00edficas ou para determinadas categorias de p\u00fablico, escolha ativadores de in\u00edcio de chat, defina seu pr\u00f3prio texto de boas-vindas, defina \u00edcones e outros recursos. Com a ajuda do widget ativo, voc\u00ea permanecer\u00e1 acess\u00edvel aos visitantes a qualquer momento e de qualquer lugar.<\/p> <p><b>Todos os mensageiros favoritos, como Facebook, WhatsApp, Viber, Telegram e muito mais, em um s\u00f3 para o intera\u00e7\u00e3o mais atraente e pr\u00e1tica com seu p\u00fablico!<\/b><\/p> <p><b>Centralize as demandas de seus clientes<\/b><br>Ao combinar todos os canais de mensagens conhecidos na extens\u00e3o responsiva da caixa de bate-papo, voc\u00ea&#8217; voc\u00ea poder\u00e1 resolver v\u00e1rias tarefas em um s\u00f3 lugar, aumentando a satisfa\u00e7\u00e3o do cliente.<\/p><p><b>Ferramenta extremamente personaliz\u00e1vel<\/b><br>Telegram, Discord, Line, Facebook Messenger, WhatsApp, Viber, &#8211; voc\u00ea voc\u00ea pode aplic\u00e1-los todos juntos ou escolher aqueles que atendem \u00e0s suas necessidades, modificando suas cores, tamanhos e muito mais.<\/b><p><b>Ofere\u00e7a uma comunica\u00e7\u00e3o em tempo real<\/b><br>Ao incorporar Com o plug-in de chat ao vivo nas p\u00e1ginas do seu site, voc\u00ea conhecer\u00e1 melhor seus visitantes, fornecendo-lhes um servi\u00e7o de primeira classe e prestando servi\u00e7os mais direcionados.<\/b><\/div> <div class=\"application-platform-content-item-features application-platform-content-item\" id=\"features\" data-nav-section=\"features\"> <h2>Confira a lista dos recursos mais poderosos: <\/h2> <ul><li>Adicione o plugin All-in-One Chat messenger em sua p\u00e1gina para conversar com os visitantes. <\/li><li>3 variantes de posi\u00e7\u00e3o de bate-papo: bal\u00e3o flutuante, bal\u00e3o incorporado e janela de bate-papo incorporada. <\/li><li>Uma biblioteca de \u00edcones de bolhas para voc\u00ea escolher. <\/li><li>T\u00edtulo de bate-papo flex\u00edvel com imagem, nome e legenda da p\u00e1gina.<\/li><li>Selecionando a imagem da p\u00e1gina por padr\u00e3o, de nossa cole\u00e7\u00e3o ou enviando sua pr\u00f3pria imagem. <\/li><\/ul><p><a href=\"#demo\">Examine todas as configura\u00e7\u00f5es na demonstra\u00e7\u00e3o completa<\/a><\/p> <\/div> <div class=\"application-platform-content-item-installation application-platform-content-item\" id=\"installation\" data-nav-section=\"installation\"> <h2>Como incorporar a extens\u00e3o Live Chat em meu site Magento?<\/h2> <p>Basta seguir as orienta\u00e7\u00f5es abaixo para integrar o plugin.<\/p> <ol><li><b>Inicie nosso editor gratuito e comece a criar sua extens\u00e3o personalizada.<\/b><br> Encontre a forma preferida e as especifica\u00e7\u00f5es do plugin e salve todas as corre\u00e7\u00f5es.<\/li> <li><b>Receba seu c\u00f3digo pessoal revelado na caixa dos aplicativos Elfsight. <\/b><br> Assim que a configura\u00e7\u00e3o do seu plugin pessoal terminar, copie o c\u00f3digo exclusivo na caixa exibida e salve-o para uso posterior.<\/li> <li><b>Comece a usar a extens\u00e3o em P\u00e1gina Magento.<\/b><br> Integre o c\u00f3digo copiado recentemente em sua p\u00e1gina web e aplique os ajustes.<\/li> <li><b>Pronto! A integra\u00e7\u00e3o foi realizada com sucesso.<\/b><br> Abra sua p\u00e1gina da web para ver o desempenho do plug-in de bate-papo.<\/li><\/ol><p>Supondo que voc\u00ea tenha algum problema, n\u00e3o hesite em recorrer para nossa equipe de atendimento ao cliente. Nossos especialistas ter\u00e3o prazer em resolver todas as d\u00favidas que voc\u00ea possa ter com a ferramenta.<\/p> <div class=\"faq\" data-component=\"FAQ\"><div class=\"faq-item\">\r\n\t\t\t\t\t<div class=\"faq-item-question\">\r\n\t\t\t\t\t\t<h3 class=\"faq-item-question-text\">Como posso adicionar o bate-papo tudo-em-um ao meu site Magento sem habilidades de codifica\u00e7\u00e3o?<\/h3>\r\n\r\n\t\t\t\t\t\t<div class=\"faq-item-question-icon\"><\/div>\r\n\t\t\t\t\t<\/div>\r\n\r\n\t\t\t\t\t<div class=\"faq-item-answer\">\r\n\t\t\t\t\t\t<div class=\"faq-item-answer-text\">&lt; A Elfsight fornece uma solu\u00e7\u00e3o SaaS que lhe permite criar voc\u00ea mesmo um widget de Chat Tudo-em-um. Veja como o processo \u00e9 f\u00e1cil: Trabalhe diretamente no Editor online para criar um widget de Chat Tudo-em-um que gostaria de ver no seu site Magento. Escolha um dos modelos predefinidos e ajuste as configura\u00e7\u00f5es do bate-papo multifuncional, adicione seu conte\u00fado, altere o layout e as cores sem nenhuma habilidade de codifica\u00e7\u00e3o. Salve o All-in-one Chat e copie seu c\u00f3digo de instala\u00e7\u00e3o, para que voc\u00ea possa adicion\u00e1-lo facilmente ao seu site Magento sem comprar um plano pago. Com nosso editor intuitivo, qualquer usu\u00e1rio da Internet pode criar um widget de bate-papo completo on-line e incorpor\u00e1-lo facilmente ao seu site Magento. N\u00e3o h\u00e1 necessidade de pagar ou inserir as credenciais do seu cart\u00e3o para acessar o servi\u00e7o. Se voc\u00ea enfrentar qualquer problema em qualquer etapa, n\u00e3o hesite em entrar em contato com nossa equipe de suporte t\u00e9cnico.<\/p><\/div>\r\n\t\t\t\t\t<\/div>\r\n\t\t\t\t<\/div><\/div><\/div>\n","protected":false},"excerpt":{"rendered":"","protected":false},"author":9,"featured_media":0,"parent":1097,"menu_order":0,"comment_status":"closed","ping_status":"closed","template":"templates\/template-application-platform.php","meta":{"publish_to_discourse":"","publish_post_category":"","wpdc_auto_publish_overridden":"","wpdc_topic_tags":"","wpdc_pin_topic":"","wpdc_pin_until":"","discourse_post_id":"","discourse_permalink":"","wpdc_publishing_response":"","wpdc_publishing_error":"","footnotes":""},"class_list":["post-3516","page","type-page","status-publish","hentry"],"yoast_head":"<!-- This site is optimized with the Yoast SEO plugin v25.3.1 - https:\/\/yoast.com\/wordpress\/plugins\/seo\/ -->\n<title>Live Chat \u2013 Adicione o widget Chat Box aos sites Magento (gratuito e f\u00e1cil)<\/title>\n<meta name=\"description\" content=\"Adicione sua extens\u00e3o All-in-One Live Chat ao site Magento no 1-2-3. Aplique nossa demonstra\u00e7\u00e3o ativa para criar seu plugin de bate-papo exclusivo sem esfor\u00e7o.\" \/>\n<meta name=\"robots\" content=\"index, follow, max-snippet:-1, max-image-preview:large, max-video-preview:-1\" \/>\n<link rel=\"canonical\" href=\"https:\/\/elfsight.com\/pt\/all-in-one-chat-widget\/magento\/\" \/>\n<meta property=\"og:locale\" content=\"pt_PT\" \/>\n<meta property=\"og:type\" content=\"article\" \/>\n<meta property=\"og:title\" content=\"Live Chat \u2013 Adicione o widget Chat Box aos sites Magento (gratuito e f\u00e1cil)\" \/>\n<meta property=\"og:description\" content=\"Adicione sua extens\u00e3o All-in-One Live Chat ao site Magento no 1-2-3. Aplique nossa demonstra\u00e7\u00e3o ativa para criar seu plugin de bate-papo exclusivo sem esfor\u00e7o.\" \/>\n<meta property=\"og:url\" content=\"https:\/\/elfsight.com\/pt\/all-in-one-chat-widget\/magento\/\" \/>\n<meta property=\"og:site_name\" content=\"Elfsight PT\" \/>\n<meta property=\"article:modified_time\" content=\"2025-02-11T13:02:13+00:00\" \/>\n<meta name=\"twitter:card\" content=\"summary_large_image\" \/>\n<meta name=\"twitter:label1\" content=\"Tempo estimado de leitura\" \/>\n\t<meta name=\"twitter:data1\" content=\"3 minutos\" \/>\n<!-- \/ Yoast SEO plugin. -->","yoast_head_json":{"title":"Live Chat \u2013 Adicione o widget Chat Box aos sites Magento (gratuito e f\u00e1cil)","description":"Adicione sua extens\u00e3o All-in-One Live Chat ao site Magento no 1-2-3. Aplique nossa demonstra\u00e7\u00e3o ativa para criar seu plugin de bate-papo exclusivo sem esfor\u00e7o.","robots":{"index":"index","follow":"follow","max-snippet":"max-snippet:-1","max-image-preview":"max-image-preview:large","max-video-preview":"max-video-preview:-1"},"canonical":"https:\/\/elfsight.com\/pt\/all-in-one-chat-widget\/magento\/","og_locale":"pt_PT","og_type":"article","og_title":"Live Chat \u2013 Adicione o widget Chat Box aos sites Magento (gratuito e f\u00e1cil)","og_description":"Adicione sua extens\u00e3o All-in-One Live Chat ao site Magento no 1-2-3. Aplique nossa demonstra\u00e7\u00e3o ativa para criar seu plugin de bate-papo exclusivo sem esfor\u00e7o.","og_url":"https:\/\/elfsight.com\/pt\/all-in-one-chat-widget\/magento\/","og_site_name":"Elfsight PT","article_modified_time":"2025-02-11T13:02:13+00:00","twitter_card":"summary_large_image","twitter_misc":{"Tempo estimado de leitura":"3 minutos"},"schema":{"@context":"https:\/\/schema.org","@graph":[{"@type":"WebPage","@id":"https:\/\/elfsight.com\/pt\/all-in-one-chat-widget\/magento\/","url":"https:\/\/elfsight.com\/pt\/all-in-one-chat-widget\/magento\/","name":"Live Chat \u2013 Adicione o widget Chat Box aos sites Magento (gratuito e f\u00e1cil)","isPartOf":{"@id":"https:\/\/elfsight.com\/pt\/#website"},"datePublished":"2024-05-03T06:26:53+00:00","dateModified":"2025-02-11T13:02:13+00:00","description":"Adicione sua extens\u00e3o All-in-One Live Chat ao site Magento no 1-2-3. Aplique nossa demonstra\u00e7\u00e3o ativa para criar seu plugin de bate-papo exclusivo sem esfor\u00e7o.","breadcrumb":{"@id":"https:\/\/elfsight.com\/pt\/all-in-one-chat-widget\/magento\/#breadcrumb"},"inLanguage":"pt-PT","potentialAction":[{"@type":"ReadAction","target":["https:\/\/elfsight.com\/pt\/all-in-one-chat-widget\/magento\/"]}]},{"@type":"BreadcrumbList","@id":"https:\/\/elfsight.com\/pt\/all-in-one-chat-widget\/magento\/#breadcrumb","itemListElement":[{"@type":"ListItem","position":1,"name":"Home","item":"https:\/\/elfsight.com\/pt\/"},{"@type":"ListItem","position":2,"name":"All-in-One Chat","item":"https:\/\/elfsight.com\/pt\/all-in-one-chat-widget\/"},{"@type":"ListItem","position":3,"name":"All-in-One Chat &#8211; Magento"}]},{"@type":"WebSite","@id":"https:\/\/elfsight.com\/pt\/#website","url":"https:\/\/elfsight.com\/pt\/","name":"Elfsight PT","description":"Just another Elfsight Sites site","potentialAction":[{"@type":"SearchAction","target":{"@type":"EntryPoint","urlTemplate":"https:\/\/elfsight.com\/pt\/?s={search_term_string}"},"query-input":{"@type":"PropertyValueSpecification","valueRequired":true,"valueName":"search_term_string"}}],"inLanguage":"pt-PT"}]}},"meta_box":{"industry":"","seo_heading":"","heading":"","description":"","cta_heading":"","cta_description":"","application":"1096","h1":"Extens\u00e3o de chat ao vivo Magento","h1_caption":"Gra\u00e7as a uma comunica\u00e7\u00e3o mais r\u00e1pida e direcionada, deixe mais clientes satisfeitos","application_category":[],"applications_title":"","applications_request_title":"","applications_request_button_text":"","hero_text":"","hero_video":"","hero_video_schema_markup":"","selling_points_title":"","selling_points_caption":"","selling_points":[],"selling_points_cta_text":"","features_title":"","features":"","ed_cta_examples_text":"","ed_cta_examples_hidden":"","ed_cta_demo_text":"","ed_cta_demo_hidden":"","why_caption":"","why_editor_title":"","why_editor_text":"","why_team_title":"","why_team_text":"","why_service_title":"","why_service_text":"","template_catalog_visible":"0","template_catalog_title":"","template_catalog_text":"","template_catalog_categories_visible":"","demo_title":"Crie sua extens\u00e3o de bate-papo multifuncional","demo_caption":"Configure seu All-in-One Chat e adicione-o ao seu site Magento gratuitamente!","default_faq_hidden":"","app_template_category":[],"platform":"58","template_public_id":"","codecanyon_url":"","codecanyon_item_id":"","codecanyon_price":"","pricing_caption":"","pricing_elfsight_apps_hide_column":"","pricing_elfsight_apps_url":"","pricing_codecanyon_price_caption":"","integration_category":[],"integration_request_title":"","integration_request_cta":"","integration_platform":"","integrations":[],"platform_category":[],"video_schema_markup":"","price":"a partir de US$ 0\/m\u00eas","trial":"","benefits":[{"text":"Ajuda de instala\u00e7\u00e3o gratuita"},{"text":"Atendimento ao cliente eficaz"},{"text":"Garantia de reembolso de 14 dias"},{"text":"Atualizando constantemente"}],"button_url":"#demo","button_target_blank":"0","button_nofollow":"0","attributes":[{"name":"Instala\u00e7\u00f5es","content":"100,000 - 500,000","_state":"expanded"},{"name":"Responsivo","content":"Sim","_state":"expanded"},{"name":"Navegadores compat\u00edveis","content":"Firefox, Safari, Opera, Chrome, Edge"}],"tags":[],"tags_disable_links":"0","hide_more_platforms":"0","video_object":"","demo_hide_cta":"0","demo_hide_cloud_options":"0","pricing_title":"","pricing":[{"pricing_icon":"platform","pricing_title":"Elfsight Apps","pricing_title_caption":"Vers\u00e3o independente de plataforma que funciona em qualquer site","pricing_price":"a partir de US$ 0\/m\u00eas","pricing_price_caption":"comece com um plano gratuito","pricing_benefits":[{"text":"Sites ilimitados"},{"text":"Suporte profissional da empresa e bem documentado"},{"text":"Suporte profissional da empresa e bem documentado"},{"text":"Design flex\u00edvel"}],"pricing_button_text":"Adicionar ao site","pricing_button_url":"#demo","_state":"expanded"}],"related_apps_title":"","related_apps_hidden":"1","author":"","image":[],"title":"","job":"","social_networks":[]},"_links":{"self":[{"href":"https:\/\/elfsight.com\/pt\/wp-json\/wp\/v2\/pages\/3516","targetHints":{"allow":["GET"]}}],"collection":[{"href":"https:\/\/elfsight.com\/pt\/wp-json\/wp\/v2\/pages"}],"about":[{"href":"https:\/\/elfsight.com\/pt\/wp-json\/wp\/v2\/types\/page"}],"author":[{"embeddable":true,"href":"https:\/\/elfsight.com\/pt\/wp-json\/wp\/v2\/users\/9"}],"replies":[{"embeddable":true,"href":"https:\/\/elfsight.com\/pt\/wp-json\/wp\/v2\/comments?post=3516"}],"version-history":[{"count":3,"href":"https:\/\/elfsight.com\/pt\/wp-json\/wp\/v2\/pages\/3516\/revisions"}],"predecessor-version":[{"id":13900,"href":"https:\/\/elfsight.com\/pt\/wp-json\/wp\/v2\/pages\/3516\/revisions\/13900"}],"up":[{"embeddable":true,"href":"https:\/\/elfsight.com\/pt\/wp-json\/wp\/v2\/pages\/1097"}],"wp:attachment":[{"href":"https:\/\/elfsight.com\/pt\/wp-json\/wp\/v2\/media?parent=3516"}],"curies":[{"name":"wp","href":"https:\/\/api.w.org\/{rel}","templated":true}]}}