{"id":3514,"date":"2024-05-03T06:27:18","date_gmt":"2024-05-03T06:27:18","guid":{"rendered":"https:\/\/elfsight.com\/pt\/?page_id=3514"},"modified":"2024-11-13T11:24:14","modified_gmt":"2024-11-13T11:24:14","slug":"magento","status":"publish","type":"page","link":"https:\/\/elfsight.com\/pt\/all-in-one-reviews-widget\/magento\/","title":{"rendered":"All-in-One Reviews &#8211; Magento"},"content":{"rendered":"<div class=\"application-platform-content-item-description application-platform-content-item\" id=\"description\" data-nav-section=\"description\"> <h2>Descri\u00e7\u00e3o<\/h2> <p>Elfsight All-in-One Reviews \u00e9 uma extens\u00e3o \u00fatil para Magento que lhe d\u00e1 a oportunidade de demonstrar todas as avalia\u00e7\u00f5es de suas ofertas diretamente em seu site, em todos os sites de avalia\u00e7\u00f5es mais usados. Aplicando nosso plug-in, voc\u00ea ter\u00e1 a oportunidade de usar filtros para ocultar coment\u00e1rios indesejados, expor sua classifica\u00e7\u00e3o por estrelas e n\u00fameros de sua p\u00e1gina em qualquer site de avalia\u00e7\u00f5es, adicionar informa\u00e7\u00f5es sobre os criadores dos depoimentos e adicionar um bot\u00e3o de call to action atraente isso inspirar\u00e1 os visitantes do site a escrever seus coment\u00e1rios. A ferramenta Elfsight Reviews pode ajud\u00e1-lo a demonstrar sua impressionante prova social em seu site e come\u00e7ar a adquirir mais vendas. <\/p> <p><b>Aumente as vendas demonstrando a avalia\u00e7\u00e3o do seu cliente<\/b><\/p> <\/div> <div class=\"application-platform-content-item-features application-platform-content-item\" id=\"features\" data-nav-section=\"features\"> <h2>Encontre abaixo os recursos b\u00e1sicos da extens\u00e3o: <\/h2> <ul><li>Cabe\u00e7alho altern\u00e1vel da extens\u00e3o<\/li><li>Uma op\u00e7\u00e3o para mostrar o bot\u00e3o de solicita\u00e7\u00e3o para levar os usu\u00e1rios \u00e0 sua p\u00e1gina<\/li><li>O estilo excepcional est\u00e1 a um clique de dist\u00e2ncia<\/li><li>Componentes pint\u00e1veis \u200b\u200bda interface do widget<\/li><li>M\u00e1ximo de detalhes para aumentar a confian\u00e7a<\/li><\/ul><p><a href=\"#demo\">Voc\u00ea pode descobrir todos os recursos do widget em a demonstra\u00e7\u00e3o abaixo<\/a><\/p> <\/div> <div class=\"application-platform-content-item-installation application-platform-content-item\" id=\"installation\" data-nav-section=\"installation\"> <h2>Como incorporar avalia\u00e7\u00f5es multifuncionais em meu site Magento? <\/h2> <p>Basta seguir algumas etapas abaixo para integrar o widget. <\/p> <ol><li><b>Abra nosso configurador gratuito e comece a formar sua extens\u00e3o personalizada. <\/b><br> Encontre o layout personalizado e os recursos da extens\u00e3o e salve todas as modifica\u00e7\u00f5es. <\/li> <li><b>Adquira o c\u00f3digo exclusivo que aparece na caixa dos aplicativos Elfsight. <\/b><br> Assim que terminar a gera\u00e7\u00e3o do seu ramal pessoal, copie o c\u00f3digo exclusivo na caixa exibida e guarde-o para uso posterior. <\/li> <li><b>Comece a usar a extens\u00e3o no seu site Magento. <\/b><br> Coloque o c\u00f3digo salvo recentemente em sua p\u00e1gina e salve os ajustes. <\/li> <li><b>Conclu\u00eddo! A integra\u00e7\u00e3o foi finalizada com sucesso. <\/b><br> Abra seu site para ver o desempenho da extens\u00e3o. <\/li><\/ol><p>Caso tenha d\u00favidas ou tenha alguma complica\u00e7\u00e3o, n\u00e3o hesite em escrever para nossa equipe de suporte. Nossos consultores ter\u00e3o prazer em resolver todos os problemas que voc\u00ea possa ter com o produto. <\/p> <div class=\"faq\" data-component=\"FAQ\"> <div class=\"faq-item\">\r\n\t\t\t\t\t<div class=\"faq-item-question\">\r\n\t\t\t\t\t\t<h3 class=\"faq-item-question-text\">Como posso adicionar Avalia\u00e7\u00f5es All-in-one ao meu site Magento sem conhecimentos de codifica\u00e7\u00e3o?<\/h3>\r\n\r\n\t\t\t\t\t\t<div class=\"faq-item-question-icon\"><\/div>\r\n\t\t\t\t\t<\/div>\r\n\r\n\t\t\t\t\t<div class=\"faq-item-answer\">\r\n\t\t\t\t\t\t<div class=\"faq-item-answer-text\"> <p>A Elfsight fornece uma solu\u00e7\u00e3o SaaS que lhe permite criar uma All-in-one Widget de avalia\u00e7\u00f5es voc\u00ea mesmo, veja como o processo \u00e9 f\u00e1cil: Trabalhe diretamente no Editor on-line para criar um widget de avalia\u00e7\u00f5es tudo-em-um que voc\u00ea gostaria de ver em seu site Magento. Escolha um dos modelos predefinidos e ajuste as configura\u00e7\u00f5es das Revis\u00f5es Multifuncionais, adicione seu conte\u00fado, altere o layout e o esquema de cores sem nenhuma habilidade de codifica\u00e7\u00e3o. Salve as Revis\u00f5es Multifuncionais e copie seu c\u00f3digo de instala\u00e7\u00e3o, que voc\u00ea pode incluir facilmente em seu site Magento, sem a necessidade de adquirir um plano pago. Com nosso editor intuitivo, qualquer usu\u00e1rio da Internet pode criar um widget de avalia\u00e7\u00f5es completas on-line e incorpor\u00e1-lo facilmente em seu site Magento. N\u00e3o h\u00e1 necessidade de pagar ou inserir as credenciais do seu cart\u00e3o para acessar o servi\u00e7o. Se voc\u00ea enfrentar qualquer problema em qualquer etapa, n\u00e3o hesite em entrar em contato com nossa equipe de suporte t\u00e9cnico.<\/p> <\/div>\r\n\t\t\t\t\t<\/div>\r\n\t\t\t\t<\/div> <\/div> <\/div>","protected":false},"excerpt":{"rendered":"","protected":false},"author":9,"featured_media":0,"parent":366,"menu_order":0,"comment_status":"closed","ping_status":"closed","template":"templates\/template-application-platform.php","meta":{"publish_to_discourse":"","publish_post_category":"","wpdc_auto_publish_overridden":"","wpdc_topic_tags":"","wpdc_pin_topic":"","wpdc_pin_until":"","discourse_post_id":"","discourse_permalink":"","wpdc_publishing_response":"","wpdc_publishing_error":"","footnotes":""},"class_list":["post-3514","page","type-page","status-publish","hentry"],"yoast_head":"<!-- This site is optimized with the Yoast SEO plugin v25.3.1 - https:\/\/yoast.com\/wordpress\/plugins\/seo\/ -->\n<title>Adicione uma extens\u00e3o All-in-One Reviews responsiva ao seu site Magento<\/title>\n<meta name=\"description\" content=\"Implemente um plugin de avalia\u00e7\u00f5es responsivo em seu site Magento e ganhe total confian\u00e7a. Utilize a demonstra\u00e7\u00e3o f\u00e1cil de usar da Elfsight para moldar seu recurso personalizado.\" \/>\n<meta name=\"robots\" content=\"index, follow, max-snippet:-1, max-image-preview:large, max-video-preview:-1\" \/>\n<link rel=\"canonical\" href=\"https:\/\/elfsight.com\/pt\/all-in-one-reviews-widget\/magento\/\" \/>\n<meta property=\"og:locale\" content=\"pt_PT\" \/>\n<meta property=\"og:type\" content=\"article\" \/>\n<meta property=\"og:title\" content=\"Adicione uma extens\u00e3o All-in-One Reviews responsiva ao seu site Magento\" \/>\n<meta property=\"og:description\" content=\"Implemente um plugin de avalia\u00e7\u00f5es responsivo em seu site Magento e ganhe total confian\u00e7a. Utilize a demonstra\u00e7\u00e3o f\u00e1cil de usar da Elfsight para moldar seu recurso personalizado.\" \/>\n<meta property=\"og:url\" content=\"https:\/\/elfsight.com\/pt\/all-in-one-reviews-widget\/magento\/\" \/>\n<meta property=\"og:site_name\" content=\"Elfsight PT\" \/>\n<meta property=\"article:modified_time\" content=\"2024-11-13T11:24:14+00:00\" \/>\n<meta name=\"twitter:card\" content=\"summary_large_image\" \/>\n<meta name=\"twitter:label1\" content=\"Tempo estimado de leitura\" \/>\n\t<meta name=\"twitter:data1\" content=\"2 minutos\" \/>\n<!-- \/ Yoast SEO plugin. -->","yoast_head_json":{"title":"Adicione uma extens\u00e3o All-in-One Reviews responsiva ao seu site Magento","description":"Implemente um plugin de avalia\u00e7\u00f5es responsivo em seu site Magento e ganhe total confian\u00e7a. Utilize a demonstra\u00e7\u00e3o f\u00e1cil de usar da Elfsight para moldar seu recurso personalizado.","robots":{"index":"index","follow":"follow","max-snippet":"max-snippet:-1","max-image-preview":"max-image-preview:large","max-video-preview":"max-video-preview:-1"},"canonical":"https:\/\/elfsight.com\/pt\/all-in-one-reviews-widget\/magento\/","og_locale":"pt_PT","og_type":"article","og_title":"Adicione uma extens\u00e3o All-in-One Reviews responsiva ao seu site Magento","og_description":"Implemente um plugin de avalia\u00e7\u00f5es responsivo em seu site Magento e ganhe total confian\u00e7a. Utilize a demonstra\u00e7\u00e3o f\u00e1cil de usar da Elfsight para moldar seu recurso personalizado.","og_url":"https:\/\/elfsight.com\/pt\/all-in-one-reviews-widget\/magento\/","og_site_name":"Elfsight PT","article_modified_time":"2024-11-13T11:24:14+00:00","twitter_card":"summary_large_image","twitter_misc":{"Tempo estimado de leitura":"2 minutos"},"schema":{"@context":"https:\/\/schema.org","@graph":[{"@type":"WebPage","@id":"https:\/\/elfsight.com\/pt\/all-in-one-reviews-widget\/magento\/","url":"https:\/\/elfsight.com\/pt\/all-in-one-reviews-widget\/magento\/","name":"Adicione uma extens\u00e3o All-in-One Reviews responsiva ao seu site Magento","isPartOf":{"@id":"https:\/\/elfsight.com\/pt\/#website"},"datePublished":"2024-05-03T06:27:18+00:00","dateModified":"2024-11-13T11:24:14+00:00","description":"Implemente um plugin de avalia\u00e7\u00f5es responsivo em seu site Magento e ganhe total confian\u00e7a. Utilize a demonstra\u00e7\u00e3o f\u00e1cil de usar da Elfsight para moldar seu recurso personalizado.","breadcrumb":{"@id":"https:\/\/elfsight.com\/pt\/all-in-one-reviews-widget\/magento\/#breadcrumb"},"inLanguage":"pt-PT","potentialAction":[{"@type":"ReadAction","target":["https:\/\/elfsight.com\/pt\/all-in-one-reviews-widget\/magento\/"]}]},{"@type":"BreadcrumbList","@id":"https:\/\/elfsight.com\/pt\/all-in-one-reviews-widget\/magento\/#breadcrumb","itemListElement":[{"@type":"ListItem","position":1,"name":"Home","item":"https:\/\/elfsight.com\/pt\/"},{"@type":"ListItem","position":2,"name":"All-in-One Reviews","item":"https:\/\/elfsight.com\/pt\/all-in-one-reviews-widget\/"},{"@type":"ListItem","position":3,"name":"All-in-One Reviews &#8211; Magento"}]},{"@type":"WebSite","@id":"https:\/\/elfsight.com\/pt\/#website","url":"https:\/\/elfsight.com\/pt\/","name":"Elfsight PT","description":"Just another Elfsight Sites site","potentialAction":[{"@type":"SearchAction","target":{"@type":"EntryPoint","urlTemplate":"https:\/\/elfsight.com\/pt\/?s={search_term_string}"},"query-input":{"@type":"PropertyValueSpecification","valueRequired":true,"valueName":"search_term_string"}}],"inLanguage":"pt-PT"}]}},"meta_box":{"industry":"","seo_heading":"","heading":"","description":"","cta_heading":"","cta_description":"","application":"364","h1":"Extens\u00e3o Magento All-in-One Reviews","h1_caption":"Aumente a confian\u00e7a revelando avalia\u00e7\u00f5es de visitantes reais com informa\u00e7\u00f5es do autor","application_category":[],"applications_title":"","applications_request_title":"","applications_request_button_text":"","hero_text":"","hero_video":"","hero_video_schema_markup":"","selling_points_title":"","selling_points_caption":"","selling_points":[],"selling_points_cta_text":"","features_title":"","features":"","ed_cta_examples_text":"","ed_cta_examples_hidden":"","ed_cta_demo_text":"","ed_cta_demo_hidden":"","why_caption":"","why_editor_title":"","why_editor_text":"","why_team_title":"","why_team_text":"","why_service_title":"","why_service_text":"","template_catalog_visible":"","template_catalog_title":"","template_catalog_text":"","template_catalog_categories_visible":"","demo_title":"Crie sua extens\u00e3o de avalia\u00e7\u00f5es multifuncionais","demo_caption":"Configure suas an\u00e1lises multifuncionais e adicione-as ao seu site Magento gratuitamente!","default_faq_hidden":"","app_template_category":[],"platform":"58","template_public_id":"","codecanyon_url":"","codecanyon_item_id":"","codecanyon_price":"","pricing_caption":"","pricing_elfsight_apps_hide_column":"","pricing_elfsight_apps_url":"","pricing_codecanyon_price_caption":"","integration_category":[],"integration_request_title":"","integration_request_cta":"","integration_platform":"","integrations":[],"platform_category":[],"video_schema_markup":"","price":"a partir de US$ 0\/m\u00eas","trial":"","benefits":[{"text":"Assist\u00eancia de instala\u00e7\u00e3o gratuita"},{"text":"Atendimento ao cliente eficaz"},{"text":"Garantia de devolu\u00e7\u00e3o do dinheiro em 14 dias"},{"text":"Atualiza\u00e7\u00f5es cont\u00ednuas"}],"button_url":"#demo","button_target_blank":"0","button_nofollow":"0","attributes":[{"name":"Instala\u00e7\u00f5es","content":"100,000 - 500,000","_state":"expanded"},{"name":"Responsivo","content":"Sim","_state":"expanded"},{"name":"Navegadores compat\u00edveis","content":"Firefox, Safari, Opera, Chrome, Edge"}],"tags":[],"tags_disable_links":"0","hide_more_platforms":"","video_object":"","demo_hide_cta":"0","demo_hide_cloud_options":"0","pricing_title":"","pricing":[{"pricing_icon":"platform","pricing_title":"Elfsight Apps","pricing_title_caption":"Solu\u00e7\u00e3o multiplataforma adequada para qualquer site","pricing_price":"a partir de US$ 0\/m\u00eas","pricing_price_caption":"comece com um plano gratuito","pricing_benefits":[{"text":"Dom\u00ednios ilimitados"},{"text":"Suporte gratuito ao cliente e bem documentado"},{"text":"Suporte gratuito ao cliente e bem documentado"},{"text":"Design flex\u00edvel"}],"pricing_button_text":"Adicionar ao site","pricing_button_url":"#demo","_state":"expanded"}],"related_apps_title":"","related_apps_hidden":"1","author":"","image":[],"title":"","job":"","social_networks":[]},"_links":{"self":[{"href":"https:\/\/elfsight.com\/pt\/wp-json\/wp\/v2\/pages\/3514","targetHints":{"allow":["GET"]}}],"collection":[{"href":"https:\/\/elfsight.com\/pt\/wp-json\/wp\/v2\/pages"}],"about":[{"href":"https:\/\/elfsight.com\/pt\/wp-json\/wp\/v2\/types\/page"}],"author":[{"embeddable":true,"href":"https:\/\/elfsight.com\/pt\/wp-json\/wp\/v2\/users\/9"}],"replies":[{"embeddable":true,"href":"https:\/\/elfsight.com\/pt\/wp-json\/wp\/v2\/comments?post=3514"}],"version-history":[{"count":2,"href":"https:\/\/elfsight.com\/pt\/wp-json\/wp\/v2\/pages\/3514\/revisions"}],"predecessor-version":[{"id":11572,"href":"https:\/\/elfsight.com\/pt\/wp-json\/wp\/v2\/pages\/3514\/revisions\/11572"}],"up":[{"embeddable":true,"href":"https:\/\/elfsight.com\/pt\/wp-json\/wp\/v2\/pages\/366"}],"wp:attachment":[{"href":"https:\/\/elfsight.com\/pt\/wp-json\/wp\/v2\/media?parent=3514"}],"curies":[{"name":"wp","href":"https:\/\/api.w.org\/{rel}","templated":true}]}}