{"id":3512,"date":"2024-05-03T06:27:46","date_gmt":"2024-05-03T06:27:46","guid":{"rendered":"https:\/\/elfsight.com\/pt\/?page_id=3512"},"modified":"2025-01-17T13:25:15","modified_gmt":"2025-01-17T13:25:15","slug":"magento","status":"publish","type":"page","link":"https:\/\/elfsight.com\/pt\/amazon-reviews-widget\/magento\/","title":{"rendered":"Amazon Reviews &#8211; Magento"},"content":{"rendered":"\n<div class=\"application-platform-content-item-description application-platform-content-item\" id=\"description\" data-nav-section=\"description\"><h2>Descri\u00e7\u00e3o<\/h2><p>Nosso plugin Amazon \u00e9 o m\u00e9todo mais simples para formar a imagem da sua empresa, mostrando a opini\u00e3o real dos visitantes sobre suas mercadorias . Mostre apenas as avalia\u00e7\u00f5es melhores ou mais significativas e organize-as da maneira que voc\u00ea precisa. Obtenha provas sociais demonstrando aos visitantes do seu site que voc\u00ea \u00e9 confi\u00e1vel.<\/p><p><b>Fa\u00e7a com que os usu\u00e1rios escrevam novos coment\u00e1rios sobre seus produtos e incentive conversas com os clientes!<\/b><\/p><\/div> <div class=\"application-platform-content-item-features application-platform-content-item\" id=\"features\" data-nav-section=\"features\"><h2>Recursos<\/h2><p>Para entender melhor o plugin Reviews from Amazon, veja a lista de suas principais caracter\u00edsticas. Eles tornam o widget o mais ben\u00e9fico para voc\u00ea:<\/p><ul><li>Tr\u00eas filtros prontos para uso: por tipo, exclus\u00e3o por e quantidade de avalia\u00e7\u00f5es para exibi\u00e7\u00e3o;<\/li><li>4 layouts predefinidos : Lista, Grade, Alvenaria e Slider;<\/li><li>Cabe\u00e7alho altern\u00e1vel do widget;<\/li><li>O bot\u00e3o de solicita\u00e7\u00e3o de revis\u00e3o leva os usu\u00e1rios \u00e0 sua p\u00e1gina da Amazon;<\/li><li>Seis elementos ajust\u00e1veis do widget: nome e foto do autor, recomenda\u00e7\u00e3o, data da postagem, \u00edcone da Amazon e classifica\u00e7\u00e3o por estrelas;<\/li><li>Duas alternativas de cen\u00e1rios de rejei\u00e7\u00e3o de solicita\u00e7\u00e3o de revis\u00e3o: mostrar uma mensagem de texto ou ocultar o bot\u00e3o;<\/li><\/ul><p><a href=\"#demo\">Para descobrir mais recursos, veja a demonstra\u00e7\u00e3o ao vivo<\/a><\/p><\/div><div class=\"application-platform-content-item-installation application-platform-content-item\" id=\"installation\" data-nav-section=\"installation\"><h2>Como para adicionar a extens\u00e3o Amazon ao site Magento<\/h2><p>Essas v\u00e1rias etapas s\u00e3o a \u00fanica coisa que voc\u00ea precisa para incorporar.<\/p><ol><li><b>Use nosso editor gratuito e comece a moldar seu arquivo personalizado extens\u00e3o. <\/b><br> Encontre a apar\u00eancia e as op\u00e7\u00f5es preferidas da extens\u00e3o Reviews e aplique todas as corre\u00e7\u00f5es. <\/li> <li><b>Obtenha seu c\u00f3digo exclusivo demonstrado na janela dos aplicativos Elfsight. <\/b><br> Quando a configura\u00e7\u00e3o do seu ramal pessoal terminar, copie o c\u00f3digo individual no pop-up que aparece e salve-o para futuras ocasi\u00f5es. <\/li> <li><b>Iniciar a aplica\u00e7\u00e3o da extens\u00e3o na p\u00e1gina web do Magento. <\/b><br> Incorpore o c\u00f3digo que voc\u00ea salvou antes em seu site e salve as melhorias. <\/li> <li><b>A instala\u00e7\u00e3o foi totalmente conclu\u00edda. <\/b><br> Acesse seu site para ver em a\u00e7\u00e3o o desempenho da extens\u00e3o. <\/li><\/ol><p>Ainda n\u00e3o consegue decidir? Ou trope\u00e7ou em alguma coisa? Nosso departamento de suporte ao cliente resolver\u00e1 qualquer problema.<\/p><\/div><div class=\"faq\" data-component=\"FAQ\"><div class=\"faq-item\">\r\n\t\t\t\t\t<div class=\"faq-item-question\">\r\n\t\t\t\t\t\t<h3 class=\"faq-item-question-text\">Posso usar avalia\u00e7\u00f5es de clientes da Amazon em meu site Magento?<\/h3>\r\n\r\n\t\t\t\t\t\t<div class=\"faq-item-question-icon\"><\/div>\r\n\t\t\t\t\t<\/div>\r\n\r\n\t\t\t\t\t<div class=\"faq-item-answer\">\r\n\t\t\t\t\t\t<div class=\"faq-item-answer-text\"><p>Basta projetar sua ferramenta , modifique seu design e salve seus ajustes. Copie o seu c\u00f3digo tamb\u00e9m e adicione-o ao layout que voc\u00ea est\u00e1 usando. <\/p><\/div>\r\n\t\t\t\t\t<\/div>\r\n\t\t\t\t<\/div><div class=\"faq-item\">\r\n\t\t\t\t\t<div class=\"faq-item-question\">\r\n\t\t\t\t\t\t<h3 class=\"faq-item-question-text\">Como fa\u00e7o para coletar avalia\u00e7\u00f5es de clientes da Amazon para minhas p\u00e1ginas de produtos?<\/h3>\r\n\r\n\t\t\t\t\t\t<div class=\"faq-item-question-icon\"><\/div>\r\n\t\t\t\t\t<\/div>\r\n\r\n\t\t\t\t\t<div class=\"faq-item-answer\">\r\n\t\t\t\t\t\t<div class=\"faq-item-answer-text\"><p>Voc\u00ea pode fazer isso facilmente atrav\u00e9s do bot\u00e3o CTA da ag\u00eancia. Ao clicar nele os usu\u00e1rios ser\u00e3o transferidos diretamente para o seu perfil. <\/p><\/div>\r\n\t\t\t\t\t<\/div>\r\n\t\t\t\t<\/div><div class=\"faq-item\">\r\n\t\t\t\t\t<div class=\"faq-item-question\">\r\n\t\t\t\t\t\t<h3 class=\"faq-item-question-text\">Como posso moldar meu modelo de widget\/crach\u00e1 de classifica\u00e7\u00e3o da Amazon?<\/h3>\r\n\r\n\t\t\t\t\t\t<div class=\"faq-item-question-icon\"><\/div>\r\n\t\t\t\t\t<\/div>\r\n\r\n\t\t\t\t\t<div class=\"faq-item-answer\">\r\n\t\t\t\t\t\t<div class=\"faq-item-answer-text\"><p>Conclua as etapas do tutorial simples: <\/p><ol><li>Executar Configurador Elfsight e comece a criar seu pr\u00f3prio widget. <\/li> <li>Modifique as caracter\u00edsticas funcionais do widget e salve as melhorias necess\u00e1rias. <\/li><li>Obtenha o c\u00f3digo individual que aparece na notifica\u00e7\u00e3o. <\/li> <li>Cole o c\u00f3digo do aplicativo em sua p\u00e1gina da web e pressione o bot\u00e3o \u201cSalvar\u201d. <\/li><li>Parab\u00e9ns! Voc\u00ea implementou sem problemas um novo plugin no site. <\/li><\/div>\r\n\t\t\t\t\t<\/div>\r\n\t\t\t\t<\/div><div class=\"faq-item\">\r\n\t\t\t\t\t<div class=\"faq-item-question\">\r\n\t\t\t\t\t\t<h3 class=\"faq-item-question-text\">Como posso adicionar Reviews from Amazon ao meu site Magento sem conhecimentos de codifica\u00e7\u00e3o?<\/h3>\r\n\r\n\t\t\t\t\t\t<div class=\"faq-item-question-icon\"><\/div>\r\n\t\t\t\t\t<\/div>\r\n\r\n\t\t\t\t\t<div class=\"faq-item-answer\">\r\n\t\t\t\t\t\t<div class=\"faq-item-answer-text\"><p>A Elfsight fornece uma solu\u00e7\u00e3o SaaS que lhe permite criar voc\u00ea mesmo um widget Reviews from Amazon, veja como \u00e9 f\u00e1cil o processo \u00e9: Trabalhe diretamente no Editor online para criar um widget Reviews from Amazon que voc\u00ea gostaria de ver em seu site Magento. Escolha um dos modelos predefinidos e ajuste as configura\u00e7\u00f5es do Reviews from Amazon, adicione seu conte\u00fado, altere o layout e o esquema de cores sem nenhuma habilidade de codifica\u00e7\u00e3o. Salve o Reviews from Amazon e copie seu c\u00f3digo de instala\u00e7\u00e3o, que voc\u00ea pode colar facilmente em seu site Magento sem a necessidade de comprar uma assinatura paga. Com nosso editor intuitivo, qualquer usu\u00e1rio da Internet pode criar um widget Reviews from Amazon online e incorpor\u00e1-lo facilmente em seu site Magento. N\u00e3o h\u00e1 necessidade de pagar ou inserir as credenciais do seu cart\u00e3o para acessar o servi\u00e7o. Se voc\u00ea enfrentar qualquer problema em qualquer etapa, n\u00e3o hesite em entrar em contato com nossa equipe de suporte t\u00e9cnico.<\/p><\/div>\r\n\t\t\t\t\t<\/div>\r\n\t\t\t\t<\/div><\/div>\n","protected":false},"excerpt":{"rendered":"","protected":false},"author":9,"featured_media":0,"parent":752,"menu_order":0,"comment_status":"closed","ping_status":"closed","template":"templates\/template-application-platform.php","meta":{"publish_to_discourse":"","publish_post_category":"","wpdc_auto_publish_overridden":"","wpdc_topic_tags":"","wpdc_pin_topic":"","wpdc_pin_until":"","discourse_post_id":"","discourse_permalink":"","wpdc_publishing_response":"","wpdc_publishing_error":"","footnotes":""},"class_list":["post-3512","page","type-page","status-publish","hentry"],"yoast_head":"<!-- This site is optimized with the Yoast SEO plugin v25.3.1 - https:\/\/yoast.com\/wordpress\/plugins\/seo\/ -->\n<title>Avalia\u00e7\u00f5es da Amazon | Incorporar extens\u00e3o Amazon no site Magento<\/title>\n<meta name=\"description\" content=\"Crie seu plugin Amazon e exiba-o no site Magento de forma r\u00e1pida e gratuita. Aumente a confian\u00e7a dos clientes com a ajuda dos widgets da Elfsight!\" \/>\n<meta name=\"robots\" content=\"index, follow, max-snippet:-1, max-image-preview:large, max-video-preview:-1\" \/>\n<link rel=\"canonical\" href=\"https:\/\/elfsight.com\/pt\/amazon-reviews-widget\/magento\/\" \/>\n<meta property=\"og:locale\" content=\"pt_PT\" \/>\n<meta property=\"og:type\" content=\"article\" \/>\n<meta property=\"og:title\" content=\"Avalia\u00e7\u00f5es da Amazon | Incorporar extens\u00e3o Amazon no site Magento\" \/>\n<meta property=\"og:description\" content=\"Crie seu plugin Amazon e exiba-o no site Magento de forma r\u00e1pida e gratuita. Aumente a confian\u00e7a dos clientes com a ajuda dos widgets da Elfsight!\" \/>\n<meta property=\"og:url\" content=\"https:\/\/elfsight.com\/pt\/amazon-reviews-widget\/magento\/\" \/>\n<meta property=\"og:site_name\" content=\"Elfsight PT\" \/>\n<meta property=\"article:modified_time\" content=\"2025-01-17T13:25:15+00:00\" \/>\n<meta name=\"twitter:card\" content=\"summary_large_image\" \/>\n<meta name=\"twitter:label1\" content=\"Tempo estimado de leitura\" \/>\n\t<meta name=\"twitter:data1\" content=\"4 minutos\" \/>\n<!-- \/ Yoast SEO plugin. -->","yoast_head_json":{"title":"Avalia\u00e7\u00f5es da Amazon | Incorporar extens\u00e3o Amazon no site Magento","description":"Crie seu plugin Amazon e exiba-o no site Magento de forma r\u00e1pida e gratuita. Aumente a confian\u00e7a dos clientes com a ajuda dos widgets da Elfsight!","robots":{"index":"index","follow":"follow","max-snippet":"max-snippet:-1","max-image-preview":"max-image-preview:large","max-video-preview":"max-video-preview:-1"},"canonical":"https:\/\/elfsight.com\/pt\/amazon-reviews-widget\/magento\/","og_locale":"pt_PT","og_type":"article","og_title":"Avalia\u00e7\u00f5es da Amazon | Incorporar extens\u00e3o Amazon no site Magento","og_description":"Crie seu plugin Amazon e exiba-o no site Magento de forma r\u00e1pida e gratuita. Aumente a confian\u00e7a dos clientes com a ajuda dos widgets da Elfsight!","og_url":"https:\/\/elfsight.com\/pt\/amazon-reviews-widget\/magento\/","og_site_name":"Elfsight PT","article_modified_time":"2025-01-17T13:25:15+00:00","twitter_card":"summary_large_image","twitter_misc":{"Tempo estimado de leitura":"4 minutos"},"schema":{"@context":"https:\/\/schema.org","@graph":[{"@type":"WebPage","@id":"https:\/\/elfsight.com\/pt\/amazon-reviews-widget\/magento\/","url":"https:\/\/elfsight.com\/pt\/amazon-reviews-widget\/magento\/","name":"Avalia\u00e7\u00f5es da Amazon | Incorporar extens\u00e3o Amazon no site Magento","isPartOf":{"@id":"https:\/\/elfsight.com\/pt\/#website"},"datePublished":"2024-05-03T06:27:46+00:00","dateModified":"2025-01-17T13:25:15+00:00","description":"Crie seu plugin Amazon e exiba-o no site Magento de forma r\u00e1pida e gratuita. Aumente a confian\u00e7a dos clientes com a ajuda dos widgets da Elfsight!","breadcrumb":{"@id":"https:\/\/elfsight.com\/pt\/amazon-reviews-widget\/magento\/#breadcrumb"},"inLanguage":"pt-PT","potentialAction":[{"@type":"ReadAction","target":["https:\/\/elfsight.com\/pt\/amazon-reviews-widget\/magento\/"]}]},{"@type":"BreadcrumbList","@id":"https:\/\/elfsight.com\/pt\/amazon-reviews-widget\/magento\/#breadcrumb","itemListElement":[{"@type":"ListItem","position":1,"name":"Home","item":"https:\/\/elfsight.com\/pt\/"},{"@type":"ListItem","position":2,"name":"Amazon Reviews","item":"https:\/\/elfsight.com\/pt\/amazon-reviews-widget\/"},{"@type":"ListItem","position":3,"name":"Amazon Reviews &#8211; Magento"}]},{"@type":"WebSite","@id":"https:\/\/elfsight.com\/pt\/#website","url":"https:\/\/elfsight.com\/pt\/","name":"Elfsight PT","description":"Just another Elfsight Sites site","potentialAction":[{"@type":"SearchAction","target":{"@type":"EntryPoint","urlTemplate":"https:\/\/elfsight.com\/pt\/?s={search_term_string}"},"query-input":{"@type":"PropertyValueSpecification","valueRequired":true,"valueName":"search_term_string"}}],"inLanguage":"pt-PT"}]}},"meta_box":{"industry":"","seo_heading":"","heading":"","description":"","cta_heading":"","cta_description":"","application":"751","h1":"Extens\u00e3o Reviews from Amazon para Magento","h1_caption":"Demonstre avalia\u00e7\u00f5es sobre sua marca na Amazon diretamente em sua p\u00e1gina da web","application_category":[],"applications_title":"","applications_request_title":"","applications_request_button_text":"","hero_text":"","hero_video":"","hero_video_schema_markup":"","selling_points_title":"","selling_points_caption":"","selling_points":[],"selling_points_cta_text":"","features_title":"","features":"","ed_cta_examples_text":"","ed_cta_examples_hidden":"","ed_cta_demo_text":"","ed_cta_demo_hidden":"","why_caption":"","why_editor_title":"","why_editor_text":"","why_team_title":"","why_team_text":"","why_service_title":"","why_service_text":"","template_catalog_visible":"0","template_catalog_title":"","template_catalog_text":"","template_catalog_categories_visible":"","demo_title":"Crie sua extens\u00e3o Reviews from Amazon","demo_caption":"Configure suas avalia\u00e7\u00f5es da Amazon e adicione-as ao seu site Magento gratuitamente!","default_faq_hidden":"","app_template_category":[],"platform":"58","template_public_id":"","codecanyon_url":"","codecanyon_item_id":"","codecanyon_price":"","pricing_caption":"","pricing_elfsight_apps_hide_column":"","pricing_elfsight_apps_url":"","pricing_codecanyon_price_caption":"","integration_category":[],"integration_request_title":"","integration_request_cta":"","integration_platform":"","integrations":[],"platform_category":[],"video_schema_markup":"","price":"a partir de US$ 0\/m\u00eas","trial":"","benefits":[{"text":"Assist\u00eancia de instala\u00e7\u00e3o gratuita"},{"text":"Suporte ao cliente experiente"},{"text":"Garantia de reembolso de 14 dias"},{"text":"Desenvolvimento cont\u00ednuo"}],"button_url":"#demo","button_target_blank":"0","button_nofollow":"0","attributes":[{"name":"Instala\u00e7\u00f5es","content":"10,000 - 100,000","_state":"expanded"},{"name":"Responsivo","content":"Sim","_state":"expanded"},{"name":"Navegadores compat\u00edveis","content":"Firefox, Safari, Opera, Chrome, Edge"}],"tags":[],"tags_disable_links":"0","hide_more_platforms":"","video_object":"","demo_hide_cta":"0","demo_hide_cloud_options":"0","pricing_title":"","pricing":[{"pricing_icon":"platform","pricing_title":"Elfsight Apps","pricing_title_caption":"Software multiplataforma adequado para qualquer site","pricing_price":"a partir de US$ 0\/m\u00eas","pricing_price_caption":"comece com um plano gratuito","pricing_benefits":[{"text":"Dom\u00ednios ilimitados"},{"text":"Suporte profissional"},{"text":"Suporte profissional"},{"text":"Design flex\u00edvel"}],"pricing_button_text":"Adicionar ao site","pricing_button_url":"#demo","_state":"expanded"}],"related_apps_title":"","related_apps_hidden":"1","author":"","image":[],"title":"","job":"","social_networks":[]},"_links":{"self":[{"href":"https:\/\/elfsight.com\/pt\/wp-json\/wp\/v2\/pages\/3512","targetHints":{"allow":["GET"]}}],"collection":[{"href":"https:\/\/elfsight.com\/pt\/wp-json\/wp\/v2\/pages"}],"about":[{"href":"https:\/\/elfsight.com\/pt\/wp-json\/wp\/v2\/types\/page"}],"author":[{"embeddable":true,"href":"https:\/\/elfsight.com\/pt\/wp-json\/wp\/v2\/users\/9"}],"replies":[{"embeddable":true,"href":"https:\/\/elfsight.com\/pt\/wp-json\/wp\/v2\/comments?post=3512"}],"version-history":[{"count":3,"href":"https:\/\/elfsight.com\/pt\/wp-json\/wp\/v2\/pages\/3512\/revisions"}],"predecessor-version":[{"id":13582,"href":"https:\/\/elfsight.com\/pt\/wp-json\/wp\/v2\/pages\/3512\/revisions\/13582"}],"up":[{"embeddable":true,"href":"https:\/\/elfsight.com\/pt\/wp-json\/wp\/v2\/pages\/752"}],"wp:attachment":[{"href":"https:\/\/elfsight.com\/pt\/wp-json\/wp\/v2\/media?parent=3512"}],"curies":[{"name":"wp","href":"https:\/\/api.w.org\/{rel}","templated":true}]}}