{"id":3500,"date":"2024-05-03T06:26:55","date_gmt":"2024-05-03T06:26:55","guid":{"rendered":"https:\/\/elfsight.com\/pt\/?page_id=3500"},"modified":"2025-02-11T12:22:21","modified_gmt":"2025-02-11T12:22:21","slug":"jquery","status":"publish","type":"page","link":"https:\/\/elfsight.com\/pt\/all-in-one-chat-widget\/jquery\/","title":{"rendered":"All-in-One Chat &#8211; jQuery"},"content":{"rendered":"\n<div class=\"application-platform-content-item-description application-platform-content-item\" id=\"description\" data-nav-section=\"description\"> <h2>Descri\u00e7\u00e3o<\/h2> <p>A caixa de bate-papo multifuncional da Elfsight \u00e9 uma das possibilidades mais r\u00e1pidas para as pessoas entrarem em contato com voc\u00ea e obter ajuda de voc\u00ea. Fique dispon\u00edvel ao vivo em todos os mensageiros favoritos sem parar. Adicione o widget ao seu site e ele pode ser configurado para aparecer em p\u00e1ginas selecionadas ou para categorias separadas de p\u00fablico, atribuir ativadores de in\u00edcio de bate-papo, redigir sua mensagem de boas-vindas, escolher \u00edcones e muito mais. Com a ajuda do widget do site voc\u00ea estar\u00e1 acess\u00edvel aos visitantes a qualquer momento e de qualquer lugar. <\/p> <p><b>Todos os mensageiros conhecidos como Viber, WhatsApp, Facebook, Telegram e muito mais em um para a intera\u00e7\u00e3o mais eficiente e confort\u00e1vel com os clientes!<\/b><\/p> <p><b>Centralize as demandas dos seus clientes<\/b><br>Ao combinar todos os canais de mensagens proeminentes no plug-in da caixa de bate-papo, voc\u00ea ter\u00e1 a chance de resolver v\u00e1rias tarefas em um \u00fanico local, aumentando a satisfa\u00e7\u00e3o do cliente.<\/p><p> <b>Ferramenta altamente personaliz\u00e1vel<\/b><br>Viber, WhatsApp, Line, Facebook Messenger, Discord, Telegram &#8211; voc\u00ea pode us\u00e1-los todos de uma vez ou escolher aqueles que atendem \u00e0s suas necessidades, adaptando suas cores, tamanho e muito mais.<\/b><p><b>Ofere\u00e7a comunica\u00e7\u00e3o em tempo real<\/b><br>Ao incorporar o widget de chat ao vivo em seu site, voc\u00ea conhecer\u00e1 melhor seu p\u00fablico, concedendo-lhes com o servi\u00e7o de alta classe e criando servi\u00e7os com mais conhecimento.<\/b><\/div> <div class=\"application-platform-content-item-features application-platform-content-item\" id=\"features\" data-nav-section=\"features\"> <h2>Explore a lista dos recursos mais valiosos: <\/h2> <ul><li> Incorpore a caixa de mensagens de chat ao vivo All-in-One em sua p\u00e1gina para conversar com os usu\u00e1rios. <\/li><li>Tr\u00eas variantes de posi\u00e7\u00e3o de bate-papo: bal\u00e3o flutuante, bal\u00e3o incorporado e janela de bate-papo incorporada. <\/li><li>Uma biblioteca de \u00edcones de bolhas para voc\u00ea escolher. <\/li><li>T\u00edtulo de bate-papo flex\u00edvel com imagem, nome e legenda da p\u00e1gina.<\/li><li>Escolha a imagem da p\u00e1gina por padr\u00e3o, da cole\u00e7\u00e3o ou carregue uma imagem personalizada.<\/li><\/ul><p><a href=\"#demo\">Teste todos os recursos de personaliza\u00e7\u00e3o em uma demonstra\u00e7\u00e3o completa<\/a><\/p> <\/div> <div class=\"application-platform-content-item-installation application-platform-content-item\" id=\"installation\" data-nav-section=\"installation\"> <h2>Como posso adicionar o Live Chat Box ao meu site jQuery?<\/h2> <p>Basta seguir algumas etapas abaixo para inserir o widget. <\/p> <ol><li><b>Usando nossa demonstra\u00e7\u00e3o gratuita, comece a criar seu instrumento personalizado. <\/b><br> Escolha a apar\u00eancia desej\u00e1vel e as caracter\u00edsticas funcionais da ferramenta e aplique as edi\u00e7\u00f5es.<\/li> <li><b>Receba seu c\u00f3digo exclusivo que aparece no formul\u00e1rio especial nos aplicativos Elfsight.<\/b><br> Logo ap\u00f3s a cria\u00e7\u00e3o do seu widget pessoal, copie o c\u00f3digo exclusivo da caixa que surgiu e salve-o para uso posterior.<\/li> <li><b>Comece a usar o plugin em seu site jQuery.<\/b><br> Adicione o c\u00f3digo da caixa de bate-papo que voc\u00ea copiou recentemente em sua p\u00e1gina inicial e aplique as melhorias.<\/li> <li><b>Pronto! A integra\u00e7\u00e3o foi realizada com sucesso.<\/b><br> Visite seu site para examinar o funcionamento do widget.<\/li><\/ol> <p>Se tiver alguma dificuldade, n\u00e3o tenha medo de procurar ajuda de nosso equipe de atendimento ao consumidor. Nosso pessoal ficar\u00e1 feliz em resolver todos os problemas que voc\u00ea possa ter com o widget. <\/p> <\/div><div class=\"faq\" data-component=\"FAQ\"><div class=\"faq-item\">\r\n\t\t\t\t\t<div class=\"faq-item-question\">\r\n\t\t\t\t\t\t<h3 class=\"faq-item-question-text\">Como posso incorporar um Live Chat ao meu site jQuery?<\/h3>\r\n\r\n\t\t\t\t\t\t<div class=\"faq-item-question-icon\"><\/div>\r\n\t\t\t\t\t<\/div>\r\n\r\n\t\t\t\t\t<div class=\"faq-item-answer\">\r\n\t\t\t\t\t\t<div class=\"faq-item-answer-text\"><p>A cria\u00e7\u00e3o da ferramenta leva coloque nas p\u00e1ginas da Elfsight e voc\u00ea n\u00e3o precisa aprender a programar. Utilize nossa demonstra\u00e7\u00e3o online para personalizar sua pr\u00f3pria ferramenta, obter o c\u00f3digo e incorpor\u00e1-lo ao seu site. <\/p><\/div>\r\n\t\t\t\t\t<\/div>\r\n\t\t\t\t<\/div><div class=\"faq-item\">\r\n\t\t\t\t\t<div class=\"faq-item-question\">\r\n\t\t\t\t\t\t<h3 class=\"faq-item-question-text\">Os melhores exemplos de uso de integra\u00e7\u00e3o de chat ao vivo<\/h3>\r\n\r\n\t\t\t\t\t\t<div class=\"faq-item-question-icon\"><\/div>\r\n\t\t\t\t\t<\/div>\r\n\r\n\t\t\t\t\t<div class=\"faq-item-answer\">\r\n\t\t\t\t\t\t<div class=\"faq-item-answer-text\"><p>Forneceremos muitas op\u00e7\u00f5es de personaliza\u00e7\u00e3o: widgets completos para inser\u00e7\u00e3o na \u00e1rea de conte\u00fado , plug-ins flutuantes para op\u00e7\u00f5es de rolagem, miniaturas para o rodap\u00e9 do seu site, se\u00e7\u00e3o principal e todos os tipos de op\u00e7\u00f5es verticais para barras laterais e menus do site. <\/p><\/div>\r\n\t\t\t\t\t<\/div>\r\n\t\t\t\t<\/div><div class=\"faq-item\">\r\n\t\t\t\t\t<div class=\"faq-item-question\">\r\n\t\t\t\t\t\t<h3 class=\"faq-item-question-text\">Posso criar um bate-papo ao vivo de ajuda ou feedback atrav\u00e9s da ag\u00eancia do editor?<\/h3>\r\n\r\n\t\t\t\t\t\t<div class=\"faq-item-question-icon\"><\/div>\r\n\t\t\t\t\t<\/div>\r\n\r\n\t\t\t\t\t<div class=\"faq-item-answer\">\r\n\t\t\t\t\t\t<div class=\"faq-item-answer-text\"><p>Voc\u00ea pode criar varia\u00e7\u00f5es de qualquer widget. Existem v\u00e1rios layouts \u00e0 sua disposi\u00e7\u00e3o no editor, e todos eles podem ser facilmente customizados do jeito que voc\u00ea precisa. <\/p><\/div>\r\n\t\t\t\t\t<\/div>\r\n\t\t\t\t<\/div><\/div>\n","protected":false},"excerpt":{"rendered":"","protected":false},"author":9,"featured_media":0,"parent":1097,"menu_order":0,"comment_status":"closed","ping_status":"closed","template":"templates\/template-application-platform.php","meta":{"publish_to_discourse":"","publish_post_category":"","wpdc_auto_publish_overridden":"","wpdc_topic_tags":"","wpdc_pin_topic":"","wpdc_pin_until":"","discourse_post_id":"","discourse_permalink":"","wpdc_publishing_response":"","wpdc_publishing_error":"","footnotes":""},"class_list":["post-3500","page","type-page","status-publish","hentry"],"yoast_head":"<!-- This site is optimized with the Yoast SEO plugin v25.3.1 - https:\/\/yoast.com\/wordpress\/plugins\/seo\/ -->\n<title>Live Chat \u2013 Adicione o plugin Chat Box ao site jQuery (gratuito e f\u00e1cil)<\/title>\n<meta name=\"description\" content=\"Adicione seu plug-in All-in-One Live Chat Box ao site jQuery no 1-2-3. Use nossa demonstra\u00e7\u00e3o ao vivo para moldar seu widget exclusivo sem esfor\u00e7o e sem codifica\u00e7\u00e3o.\" \/>\n<meta name=\"robots\" content=\"index, follow, max-snippet:-1, max-image-preview:large, max-video-preview:-1\" \/>\n<link rel=\"canonical\" href=\"https:\/\/elfsight.com\/pt\/all-in-one-chat-widget\/jquery\/\" \/>\n<meta property=\"og:locale\" content=\"pt_PT\" \/>\n<meta property=\"og:type\" content=\"article\" \/>\n<meta property=\"og:title\" content=\"Live Chat \u2013 Adicione o plugin Chat Box ao site jQuery (gratuito e f\u00e1cil)\" \/>\n<meta property=\"og:description\" content=\"Adicione seu plug-in All-in-One Live Chat Box ao site jQuery no 1-2-3. Use nossa demonstra\u00e7\u00e3o ao vivo para moldar seu widget exclusivo sem esfor\u00e7o e sem codifica\u00e7\u00e3o.\" \/>\n<meta property=\"og:url\" content=\"https:\/\/elfsight.com\/pt\/all-in-one-chat-widget\/jquery\/\" \/>\n<meta property=\"og:site_name\" content=\"Elfsight PT\" \/>\n<meta property=\"article:modified_time\" content=\"2025-02-11T12:22:21+00:00\" \/>\n<meta name=\"twitter:card\" content=\"summary_large_image\" \/>\n<meta name=\"twitter:label1\" content=\"Tempo estimado de leitura\" \/>\n\t<meta name=\"twitter:data1\" content=\"4 minutos\" \/>\n<!-- \/ Yoast SEO plugin. -->","yoast_head_json":{"title":"Live Chat \u2013 Adicione o plugin Chat Box ao site jQuery (gratuito e f\u00e1cil)","description":"Adicione seu plug-in All-in-One Live Chat Box ao site jQuery no 1-2-3. Use nossa demonstra\u00e7\u00e3o ao vivo para moldar seu widget exclusivo sem esfor\u00e7o e sem codifica\u00e7\u00e3o.","robots":{"index":"index","follow":"follow","max-snippet":"max-snippet:-1","max-image-preview":"max-image-preview:large","max-video-preview":"max-video-preview:-1"},"canonical":"https:\/\/elfsight.com\/pt\/all-in-one-chat-widget\/jquery\/","og_locale":"pt_PT","og_type":"article","og_title":"Live Chat \u2013 Adicione o plugin Chat Box ao site jQuery (gratuito e f\u00e1cil)","og_description":"Adicione seu plug-in All-in-One Live Chat Box ao site jQuery no 1-2-3. Use nossa demonstra\u00e7\u00e3o ao vivo para moldar seu widget exclusivo sem esfor\u00e7o e sem codifica\u00e7\u00e3o.","og_url":"https:\/\/elfsight.com\/pt\/all-in-one-chat-widget\/jquery\/","og_site_name":"Elfsight PT","article_modified_time":"2025-02-11T12:22:21+00:00","twitter_card":"summary_large_image","twitter_misc":{"Tempo estimado de leitura":"4 minutos"},"schema":{"@context":"https:\/\/schema.org","@graph":[{"@type":"WebPage","@id":"https:\/\/elfsight.com\/pt\/all-in-one-chat-widget\/jquery\/","url":"https:\/\/elfsight.com\/pt\/all-in-one-chat-widget\/jquery\/","name":"Live Chat \u2013 Adicione o plugin Chat Box ao site jQuery (gratuito e f\u00e1cil)","isPartOf":{"@id":"https:\/\/elfsight.com\/pt\/#website"},"datePublished":"2024-05-03T06:26:55+00:00","dateModified":"2025-02-11T12:22:21+00:00","description":"Adicione seu plug-in All-in-One Live Chat Box ao site jQuery no 1-2-3. Use nossa demonstra\u00e7\u00e3o ao vivo para moldar seu widget exclusivo sem esfor\u00e7o e sem codifica\u00e7\u00e3o.","breadcrumb":{"@id":"https:\/\/elfsight.com\/pt\/all-in-one-chat-widget\/jquery\/#breadcrumb"},"inLanguage":"pt-PT","potentialAction":[{"@type":"ReadAction","target":["https:\/\/elfsight.com\/pt\/all-in-one-chat-widget\/jquery\/"]}]},{"@type":"BreadcrumbList","@id":"https:\/\/elfsight.com\/pt\/all-in-one-chat-widget\/jquery\/#breadcrumb","itemListElement":[{"@type":"ListItem","position":1,"name":"Home","item":"https:\/\/elfsight.com\/pt\/"},{"@type":"ListItem","position":2,"name":"All-in-One Chat","item":"https:\/\/elfsight.com\/pt\/all-in-one-chat-widget\/"},{"@type":"ListItem","position":3,"name":"All-in-One Chat &#8211; jQuery"}]},{"@type":"WebSite","@id":"https:\/\/elfsight.com\/pt\/#website","url":"https:\/\/elfsight.com\/pt\/","name":"Elfsight PT","description":"Just another Elfsight Sites site","potentialAction":[{"@type":"SearchAction","target":{"@type":"EntryPoint","urlTemplate":"https:\/\/elfsight.com\/pt\/?s={search_term_string}"},"query-input":{"@type":"PropertyValueSpecification","valueRequired":true,"valueName":"search_term_string"}}],"inLanguage":"pt-PT"}]}},"meta_box":{"industry":"","seo_heading":"","heading":"","description":"","cta_heading":"","cta_description":"","application":"1096","h1":"Plug-in de bate-papo ao vivo jQuery","h1_caption":"Gra\u00e7as a uma conex\u00e3o mais r\u00e1pida e personalizada, deixe mais pessoas satisfeitas","application_category":[],"applications_title":"","applications_request_title":"","applications_request_button_text":"","hero_text":"","hero_video":"","hero_video_schema_markup":"","selling_points_title":"","selling_points_caption":"","selling_points":[],"selling_points_cta_text":"","features_title":"","features":"","ed_cta_examples_text":"","ed_cta_examples_hidden":"","ed_cta_demo_text":"","ed_cta_demo_hidden":"","why_caption":"","why_editor_title":"","why_editor_text":"","why_team_title":"","why_team_text":"","why_service_title":"","why_service_text":"","template_catalog_visible":"0","template_catalog_title":"","template_catalog_text":"","template_catalog_categories_visible":"","demo_title":"Crie seu plugin de bate-papo multifuncional","demo_caption":"Configure seu All-in-One Chat e adicione-o ao seu site jQuery gratuitamente!","default_faq_hidden":"","app_template_category":[],"platform":"55","template_public_id":"","codecanyon_url":"","codecanyon_item_id":"","codecanyon_price":"","pricing_caption":"","pricing_elfsight_apps_hide_column":"","pricing_elfsight_apps_url":"","pricing_codecanyon_price_caption":"","integration_category":[],"integration_request_title":"","integration_request_cta":"","integration_platform":"","integrations":[],"platform_category":[],"video_schema_markup":"","price":"a partir de US$ 0\/m\u00eas","trial":"","benefits":[{"text":"Assist\u00eancia de instala\u00e7\u00e3o gratuita"},{"text":"Suporte excepcional"},{"text":"Garantia de reembolso de 14 dias"},{"text":"Atualizando constantemente"}],"button_url":"#demo","button_target_blank":"0","button_nofollow":"0","attributes":[{"name":"Instala\u00e7\u00f5es","content":"100,000 - 500,000","_state":"expanded"},{"name":"Responsivo","content":"Sim","_state":"expanded"},{"name":"Navegadores compat\u00edveis","content":"Firefox, Safari, Opera, Chrome, Edge"}],"tags":[],"tags_disable_links":"0","hide_more_platforms":"0","video_object":"","demo_hide_cta":"0","demo_hide_cloud_options":"0","pricing_title":"","pricing":[{"pricing_icon":"platform","pricing_title":"Elfsight Apps","pricing_title_caption":"Solu\u00e7\u00e3o digital independente de plataforma","pricing_price":"a partir de US$ 0\/m\u00eas","pricing_price_caption":"comece com um plano gratuito","pricing_benefits":[{"text":"Dom\u00ednios ilimitados"},{"text":"Suporte gratuito ao cliente e bem documentado"},{"text":"Suporte gratuito ao cliente e bem documentado"},{"text":"Totalmente personaliz\u00e1vel"}],"pricing_button_text":"Adicionar ao site","pricing_button_url":"#demo","_state":"expanded"}],"related_apps_title":"","related_apps_hidden":"1","author":"","image":[],"title":"","job":"","social_networks":[]},"_links":{"self":[{"href":"https:\/\/elfsight.com\/pt\/wp-json\/wp\/v2\/pages\/3500","targetHints":{"allow":["GET"]}}],"collection":[{"href":"https:\/\/elfsight.com\/pt\/wp-json\/wp\/v2\/pages"}],"about":[{"href":"https:\/\/elfsight.com\/pt\/wp-json\/wp\/v2\/types\/page"}],"author":[{"embeddable":true,"href":"https:\/\/elfsight.com\/pt\/wp-json\/wp\/v2\/users\/9"}],"replies":[{"embeddable":true,"href":"https:\/\/elfsight.com\/pt\/wp-json\/wp\/v2\/comments?post=3500"}],"version-history":[{"count":3,"href":"https:\/\/elfsight.com\/pt\/wp-json\/wp\/v2\/pages\/3500\/revisions"}],"predecessor-version":[{"id":13897,"href":"https:\/\/elfsight.com\/pt\/wp-json\/wp\/v2\/pages\/3500\/revisions\/13897"}],"up":[{"embeddable":true,"href":"https:\/\/elfsight.com\/pt\/wp-json\/wp\/v2\/pages\/1097"}],"wp:attachment":[{"href":"https:\/\/elfsight.com\/pt\/wp-json\/wp\/v2\/media?parent=3500"}],"curies":[{"name":"wp","href":"https:\/\/api.w.org\/{rel}","templated":true}]}}