{"id":3498,"date":"2024-05-03T06:27:21","date_gmt":"2024-05-03T06:27:21","guid":{"rendered":"https:\/\/elfsight.com\/pt\/?page_id=3498"},"modified":"2024-11-13T11:24:23","modified_gmt":"2024-11-13T11:24:23","slug":"jquery","status":"publish","type":"page","link":"https:\/\/elfsight.com\/pt\/all-in-one-reviews-widget\/jquery\/","title":{"rendered":"All-in-One Reviews &#8211; jQuery"},"content":{"rendered":"<div class=\"application-platform-content-item-description application-platform-content-item\" id=\"description\" data-nav-section=\"description\"> <h2>Descri\u00e7\u00e3o<\/h2> <p>Elfsight All-in-One Reviews \u00e9 um plugin f\u00e1cil de usar para jQuery que oferece uma possibilidade de revelar todos os depoimentos sobre o seu neg\u00f3cio diretamente na sua p\u00e1gina da web, em todos os sites de avalia\u00e7\u00e3o populares. Usando nosso widget, voc\u00ea ter\u00e1 a oportunidade de usar filtros para ocultar os coment\u00e1rios indesejados, expor sua classifica\u00e7\u00e3o e classifica\u00e7\u00e3o num\u00e9rica de sua conta em qualquer p\u00e1gina da web de coment\u00e1rios de neg\u00f3cios, juntar informa\u00e7\u00f5es sobre os autores dos coment\u00e1rios e juntar-se a um bot\u00e3o CTA fascinante que ir\u00e1 inspire os usu\u00e1rios a escrever seus coment\u00e1rios. O widget Elfsight existe para ajud\u00e1-lo a exibir sua impressionante prova social em sua p\u00e1gina da web e come\u00e7ar a fazer mais compras. <\/p> <p><b>Avalia\u00e7\u00f5es do Facebook, Amazon, Airbnb, Google e muitos outros sites de avalia\u00e7\u00e3o de neg\u00f3cios em uma ferramenta para m\u00e1xima taxa de convers\u00e3o e confian\u00e7a do cliente!<\/b><\/p> <p><b>Aumente o n\u00famero de vendas usando prova social<\/b><br>Por meio do plug-in de Avalia\u00e7\u00f5es, voc\u00ea poder\u00e1 revelar suas melhores avalia\u00e7\u00f5es da Amazon, Airbnb, Google, Facebook e outros sites de avalia\u00e7\u00e3o de neg\u00f3cios mais importantes, obtendo mais novos clientes.<\/p><p><b>Obtenha mais avalia\u00e7\u00f5es<\/b><br>Convidar o bot\u00e3o \u201cDeixe uma avalia\u00e7\u00e3o\u201d motivar\u00e1 mais pessoas a clicarem para compartilhar sua opini\u00e3o sobre seus produtos e servi\u00e7os, o que resultar\u00e1 em estimativa mais alta poss\u00edvel do cliente.<\/b><p><b>Minimize as avalia\u00e7\u00f5es negativas<\/b><br>O widget Avalia\u00e7\u00f5es do cliente apresenta diversas op\u00e7\u00f5es de filtragem que oferecem a oportunidade de mostrar as avalia\u00e7\u00f5es negativas, demonstrando apenas os benef\u00edcios uns.<\/b><\/div> <div class=\"application-platform-content-item-features application-platform-content-item\" id=\"features\" data-nav-section=\"features\"> <h2>Encontre abaixo os principais recursos do plug-in: <\/h2> <ul><li>Cabe\u00e7alho altern\u00e1vel do widget<\/li><li>Uma op\u00e7\u00e3o para mostrar o bot\u00e3o de solicita\u00e7\u00e3o para atrair usu\u00e1rios para sua p\u00e1gina<\/li><li>Um estilo excelente est\u00e1 a apenas um clique de dist\u00e2ncia<\/li><li>Componentes da interface que podem ser pintados<\/li><li>M\u00e1ximo de detalhes para maior confian\u00e7a build<\/li><\/ul><p><a href=\"#demo\">Teste todas as configura\u00e7\u00f5es em uma demonstra\u00e7\u00e3o totalmente funcional<\/a><\/p> <\/div> <div class=\"application-platform-content-item-installation application-platform-content-item\" id=\"installation\" data-nav-section=\"installation\"> <h2>Como incorporo avalia\u00e7\u00f5es multifuncionais em minha p\u00e1gina da web jQuery? <\/h2> <p>Basta seguir algumas etapas descritas abaixo para ativar o plugin. <\/p> <ol><li><b>Abra nossa demonstra\u00e7\u00e3o gratuita e comece a criar seu widget personalizado. <\/b><br> Escolha o desenho selecionado e as op\u00e7\u00f5es da ferramenta e aplique as corre\u00e7\u00f5es. <\/li> <li><b>Receba o seu c\u00f3digo pessoal revelado na caixa das aplica\u00e7\u00f5es Elfsight. <\/b><br> Ap\u00f3s a configura\u00e7\u00e3o do seu widget pessoal, copie o c\u00f3digo individual na janela exibida e salve-o para uso futuro. <\/li> <li><b>Insira sobre como usar a ferramenta na p\u00e1gina inicial do jQuery. <\/b><br> Implemente o c\u00f3digo que voc\u00ea copiou anteriormente em sua p\u00e1gina da web e aplique as modifica\u00e7\u00f5es. <\/li> <li><b>A configura\u00e7\u00e3o foi totalmente executada. <\/b><br> Visite seu site para ver como o plugin est\u00e1 funcionando. <\/li><\/ol> <p>Na condi\u00e7\u00e3o de enfrentar d\u00favidas ou enfrentar alguns problemas, n\u00e3o tenha medo de escrever para nossa equipe de atendimento ao cliente. Nosso pessoal ficar\u00e1 feliz em ajud\u00e1-lo com todas as d\u00favidas que voc\u00ea possa ter sobre o produto. <\/p> <div class=\"faq\" data-component=\"FAQ\"> <div class=\"faq-item\">\r\n\t\t\t\t\t<div class=\"faq-item-question\">\r\n\t\t\t\t\t\t<h3 class=\"faq-item-question-text\">Como adicionar avalia\u00e7\u00f5es completas ao meu site jQuery sem habilidades de codifica\u00e7\u00e3o?<\/h3>\r\n\r\n\t\t\t\t\t\t<div class=\"faq-item-question-icon\"><\/div>\r\n\t\t\t\t\t<\/div>\r\n\r\n\t\t\t\t\t<div class=\"faq-item-answer\">\r\n\t\t\t\t\t\t<div class=\"faq-item-answer-text\"> <p>A Elfsight fornece uma solu\u00e7\u00e3o SaaS que permite criar avalia\u00e7\u00f5es completas widget voc\u00ea mesmo, veja como o processo \u00e9 f\u00e1cil: Trabalhe diretamente no Editor on-line para criar um widget de Avalia\u00e7\u00f5es tudo-em-um que voc\u00ea gostaria de ver em seu site jQuery. Escolha um dos modelos predefinidos e ajuste as configura\u00e7\u00f5es das Revis\u00f5es Multifuncionais, adicione seu conte\u00fado, altere o layout e o esquema de cores sem habilidades de codifica\u00e7\u00e3o. Salve as an\u00e1lises multifuncionais e copie seu c\u00f3digo de instala\u00e7\u00e3o, que voc\u00ea pode adicionar facilmente ao seu site jQuery sem a necessidade de comprar uma assinatura paga. Com nosso editor intuitivo, qualquer usu\u00e1rio da Internet pode criar um widget All-in-one Reviews on-line e incorpor\u00e1-lo facilmente em seu site jQuery. N\u00e3o h\u00e1 necessidade de pagar ou inserir as credenciais do seu cart\u00e3o para acessar o servi\u00e7o. Se voc\u00ea enfrentar qualquer problema em qualquer etapa, n\u00e3o hesite em entrar em contato com nossa equipe de suporte t\u00e9cnico.<\/p> <\/div>\r\n\t\t\t\t\t<\/div>\r\n\t\t\t\t<\/div> <\/div> <\/div>","protected":false},"excerpt":{"rendered":"","protected":false},"author":9,"featured_media":0,"parent":366,"menu_order":0,"comment_status":"closed","ping_status":"closed","template":"templates\/template-application-platform.php","meta":{"publish_to_discourse":"","publish_post_category":"","wpdc_auto_publish_overridden":"","wpdc_topic_tags":"","wpdc_pin_topic":"","wpdc_pin_until":"","discourse_post_id":"","discourse_permalink":"","wpdc_publishing_response":"","wpdc_publishing_error":"","footnotes":""},"class_list":["post-3498","page","type-page","status-publish","hentry"],"yoast_head":"<!-- This site is optimized with the Yoast SEO plugin v25.3.1 - https:\/\/yoast.com\/wordpress\/plugins\/seo\/ -->\n<title>Adicione um widget All-in-One Reviews responsivo ao seu site jQuery<\/title>\n<meta name=\"description\" content=\"Incorpore um plugin de coment\u00e1rios responsivo em seu site jQuery e obtenha total confian\u00e7a. Use a demonstra\u00e7\u00e3o pr\u00e1tica da Elfsight para criar seu recurso exclusivo.\" \/>\n<meta name=\"robots\" content=\"index, follow, max-snippet:-1, max-image-preview:large, max-video-preview:-1\" \/>\n<link rel=\"canonical\" href=\"https:\/\/elfsight.com\/pt\/all-in-one-reviews-widget\/jquery\/\" \/>\n<meta property=\"og:locale\" content=\"pt_PT\" \/>\n<meta property=\"og:type\" content=\"article\" \/>\n<meta property=\"og:title\" content=\"Adicione um widget All-in-One Reviews responsivo ao seu site jQuery\" \/>\n<meta property=\"og:description\" content=\"Incorpore um plugin de coment\u00e1rios responsivo em seu site jQuery e obtenha total confian\u00e7a. Use a demonstra\u00e7\u00e3o pr\u00e1tica da Elfsight para criar seu recurso exclusivo.\" \/>\n<meta property=\"og:url\" content=\"https:\/\/elfsight.com\/pt\/all-in-one-reviews-widget\/jquery\/\" \/>\n<meta property=\"og:site_name\" content=\"Elfsight PT\" \/>\n<meta property=\"article:modified_time\" content=\"2024-11-13T11:24:23+00:00\" \/>\n<meta name=\"twitter:card\" content=\"summary_large_image\" \/>\n<meta name=\"twitter:label1\" content=\"Tempo estimado de leitura\" \/>\n\t<meta name=\"twitter:data1\" content=\"2 minutos\" \/>\n<!-- \/ Yoast SEO plugin. -->","yoast_head_json":{"title":"Adicione um widget All-in-One Reviews responsivo ao seu site jQuery","description":"Incorpore um plugin de coment\u00e1rios responsivo em seu site jQuery e obtenha total confian\u00e7a. Use a demonstra\u00e7\u00e3o pr\u00e1tica da Elfsight para criar seu recurso exclusivo.","robots":{"index":"index","follow":"follow","max-snippet":"max-snippet:-1","max-image-preview":"max-image-preview:large","max-video-preview":"max-video-preview:-1"},"canonical":"https:\/\/elfsight.com\/pt\/all-in-one-reviews-widget\/jquery\/","og_locale":"pt_PT","og_type":"article","og_title":"Adicione um widget All-in-One Reviews responsivo ao seu site jQuery","og_description":"Incorpore um plugin de coment\u00e1rios responsivo em seu site jQuery e obtenha total confian\u00e7a. Use a demonstra\u00e7\u00e3o pr\u00e1tica da Elfsight para criar seu recurso exclusivo.","og_url":"https:\/\/elfsight.com\/pt\/all-in-one-reviews-widget\/jquery\/","og_site_name":"Elfsight PT","article_modified_time":"2024-11-13T11:24:23+00:00","twitter_card":"summary_large_image","twitter_misc":{"Tempo estimado de leitura":"2 minutos"},"schema":{"@context":"https:\/\/schema.org","@graph":[{"@type":"WebPage","@id":"https:\/\/elfsight.com\/pt\/all-in-one-reviews-widget\/jquery\/","url":"https:\/\/elfsight.com\/pt\/all-in-one-reviews-widget\/jquery\/","name":"Adicione um widget All-in-One Reviews responsivo ao seu site jQuery","isPartOf":{"@id":"https:\/\/elfsight.com\/pt\/#website"},"datePublished":"2024-05-03T06:27:21+00:00","dateModified":"2024-11-13T11:24:23+00:00","description":"Incorpore um plugin de coment\u00e1rios responsivo em seu site jQuery e obtenha total confian\u00e7a. Use a demonstra\u00e7\u00e3o pr\u00e1tica da Elfsight para criar seu recurso exclusivo.","breadcrumb":{"@id":"https:\/\/elfsight.com\/pt\/all-in-one-reviews-widget\/jquery\/#breadcrumb"},"inLanguage":"pt-PT","potentialAction":[{"@type":"ReadAction","target":["https:\/\/elfsight.com\/pt\/all-in-one-reviews-widget\/jquery\/"]}]},{"@type":"BreadcrumbList","@id":"https:\/\/elfsight.com\/pt\/all-in-one-reviews-widget\/jquery\/#breadcrumb","itemListElement":[{"@type":"ListItem","position":1,"name":"Home","item":"https:\/\/elfsight.com\/pt\/"},{"@type":"ListItem","position":2,"name":"All-in-One Reviews","item":"https:\/\/elfsight.com\/pt\/all-in-one-reviews-widget\/"},{"@type":"ListItem","position":3,"name":"All-in-One Reviews &#8211; jQuery"}]},{"@type":"WebSite","@id":"https:\/\/elfsight.com\/pt\/#website","url":"https:\/\/elfsight.com\/pt\/","name":"Elfsight PT","description":"Just another Elfsight Sites site","potentialAction":[{"@type":"SearchAction","target":{"@type":"EntryPoint","urlTemplate":"https:\/\/elfsight.com\/pt\/?s={search_term_string}"},"query-input":{"@type":"PropertyValueSpecification","valueRequired":true,"valueName":"search_term_string"}}],"inLanguage":"pt-PT"}]}},"meta_box":{"industry":"","seo_heading":"","heading":"","description":"","cta_heading":"","cta_description":"","application":"364","h1":"Plug-in jQuery All-in-One Reviews","h1_caption":"Aumente a confian\u00e7a mostrando coment\u00e1rios de pessoas reais com informa\u00e7\u00f5es do autor","application_category":[],"applications_title":"","applications_request_title":"","applications_request_button_text":"","hero_text":"","hero_video":"","hero_video_schema_markup":"","selling_points_title":"","selling_points_caption":"","selling_points":[],"selling_points_cta_text":"","features_title":"","features":"","ed_cta_examples_text":"","ed_cta_examples_hidden":"","ed_cta_demo_text":"","ed_cta_demo_hidden":"","why_caption":"","why_editor_title":"","why_editor_text":"","why_team_title":"","why_team_text":"","why_service_title":"","why_service_text":"","template_catalog_visible":"","template_catalog_title":"","template_catalog_text":"","template_catalog_categories_visible":"","demo_title":"Crie seu plugin All-in-One Reviews","demo_caption":"Configure suas an\u00e1lises multifuncionais e adicione-as ao seu site jQuery gratuitamente!","default_faq_hidden":"","app_template_category":[],"platform":"55","template_public_id":"","codecanyon_url":"","codecanyon_item_id":"","codecanyon_price":"","pricing_caption":"","pricing_elfsight_apps_hide_column":"","pricing_elfsight_apps_url":"","pricing_codecanyon_price_caption":"","integration_category":[],"integration_request_title":"","integration_request_cta":"","integration_platform":"","integrations":[],"platform_category":[],"video_schema_markup":"","price":"a partir de US$ 0\/m\u00eas","trial":"","benefits":[{"text":"Ajuda de instala\u00e7\u00e3o gratuita"},{"text":"Suporte ao cliente experiente"},{"text":"Garantia de devolu\u00e7\u00e3o do dinheiro em 14 dias"},{"text":"Atualiza\u00e7\u00f5es regulares"}],"button_url":"#demo","button_target_blank":"0","button_nofollow":"0","attributes":[{"name":"Instala\u00e7\u00f5es","content":"100,000 - 500,000","_state":"expanded"},{"name":"Responsivo","content":"Sim","_state":"expanded"},{"name":"Navegadores compat\u00edveis","content":"Firefox, Safari, Opera, Chrome, Edge"}],"tags":[],"tags_disable_links":"0","hide_more_platforms":"","video_object":"","demo_hide_cta":"0","demo_hide_cloud_options":"0","pricing_title":"","pricing":[{"pricing_icon":"platform","pricing_title":"Elfsight Apps","pricing_title_caption":"Vers\u00e3o multiplataforma que funciona em qualquer site","pricing_price":"a partir de US$ 0\/m\u00eas","pricing_price_caption":"comece com um plano gratuito","pricing_benefits":[{"text":"Sites ilimitados"},{"text":"Suporte profissional e pontual"},{"text":"Suporte profissional e pontual"},{"text":"Totalmente personaliz\u00e1vel"}],"pricing_button_text":"Adicionar ao site","pricing_button_url":"#demo","_state":"expanded"}],"related_apps_title":"","related_apps_hidden":"1","author":"","image":[],"title":"","job":"","social_networks":[]},"_links":{"self":[{"href":"https:\/\/elfsight.com\/pt\/wp-json\/wp\/v2\/pages\/3498","targetHints":{"allow":["GET"]}}],"collection":[{"href":"https:\/\/elfsight.com\/pt\/wp-json\/wp\/v2\/pages"}],"about":[{"href":"https:\/\/elfsight.com\/pt\/wp-json\/wp\/v2\/types\/page"}],"author":[{"embeddable":true,"href":"https:\/\/elfsight.com\/pt\/wp-json\/wp\/v2\/users\/9"}],"replies":[{"embeddable":true,"href":"https:\/\/elfsight.com\/pt\/wp-json\/wp\/v2\/comments?post=3498"}],"version-history":[{"count":2,"href":"https:\/\/elfsight.com\/pt\/wp-json\/wp\/v2\/pages\/3498\/revisions"}],"predecessor-version":[{"id":11575,"href":"https:\/\/elfsight.com\/pt\/wp-json\/wp\/v2\/pages\/3498\/revisions\/11575"}],"up":[{"embeddable":true,"href":"https:\/\/elfsight.com\/pt\/wp-json\/wp\/v2\/pages\/366"}],"wp:attachment":[{"href":"https:\/\/elfsight.com\/pt\/wp-json\/wp\/v2\/media?parent=3498"}],"curies":[{"name":"wp","href":"https:\/\/api.w.org\/{rel}","templated":true}]}}