{"id":3492,"date":"2024-05-03T06:26:56","date_gmt":"2024-05-03T06:26:56","guid":{"rendered":"https:\/\/elfsight.com\/pt\/?page_id=3492"},"modified":"2025-02-11T12:19:24","modified_gmt":"2025-02-11T12:19:24","slug":"joomla","status":"publish","type":"page","link":"https:\/\/elfsight.com\/pt\/all-in-one-chat-widget\/joomla\/","title":{"rendered":"All-in-One Chat &#8211; Joomla"},"content":{"rendered":"\n<div class=\"application-platform-content-item-description application-platform-content-item\" id=\"description\" data-nav-section=\"description\"> <h2>Descri\u00e7\u00e3o<\/h2> <p>O m\u00f3dulo de chat online da Elfsight \u00e9 uma das formas mais r\u00e1pidas de as pessoas entrarem em contacto consigo e obterem a sua ajuda. Voc\u00ea poder\u00e1 ficar dispon\u00edvel online em todos os mensageiros favoritos. Adicione a extens\u00e3o ao seu site e ela pode ser configurada para aparecer em p\u00e1ginas espec\u00edficas ou para determinadas categorias de visitantes, atribuir gatilhos para iniciar bate-papo, redigir seu texto de boas-vindas, selecionar \u00edcones e muito mais. Com o plug-in instalado e funcionando, voc\u00ea permanecer\u00e1 acess\u00edvel \u00e0s pessoas a qualquer hora e em qualquer lugar.<\/p> <p><b>Todos os mensageiros mais importantes, como Telegram, Facebook, WhatsApp, Viber e muito mais, em um s\u00f3 para o m\u00e1ximo intera\u00e7\u00e3o produtiva e pr\u00e1tica com os clientes!<\/b><\/p> <p><b>Consolide as demandas dos seus clientes<\/b><br>Ao mesclar todos os canais de mensagens conhecidos na extens\u00e3o da caixa de bate-papo, voc\u00ea obter\u00e1 uma oportunidade de resolver in\u00fameras tarefas em um \u00fanico local, melhorando a satisfa\u00e7\u00e3o do cliente.<\/p><p><b>Ferramenta extremamente personaliz\u00e1vel<\/b><br>Viber, Facebook Messenger, WhatsApp, Telegram, Line, Discord, &#8211; voc\u00ea \u00e9 bem-vindo para empreg\u00e1-los todos juntos ou escolher aqueles que atendem \u00e0s suas necessidades, ajustando suas cores, tamanho e muito mais.<\/b><p><b>Organize uma comunica\u00e7\u00e3o em tempo real<\/b><br>Colocando o Live plugin de chat em seu site, voc\u00ea conhecer\u00e1 melhor seu p\u00fablico, concedendo-lhes um servi\u00e7o de primeira linha e oferecendo servi\u00e7os mais direcionados.<\/p><div class=\"faq\" data-component=\"FAQ\"><div class=\"faq-item\">\r\n\t\t\t\t\t<div class=\"faq-item-question\">\r\n\t\t\t\t\t\t<h3 class=\"faq-item-question-text\">Como adicionar o bate-papo tudo-em-um box para uma p\u00e1gina do Joomla?<\/h3>\r\n\r\n\t\t\t\t\t\t<div class=\"faq-item-question-icon\"><\/div>\r\n\t\t\t\t\t<\/div>\r\n\r\n\t\t\t\t\t<div class=\"faq-item-answer\">\r\n\t\t\t\t\t\t<div class=\"faq-item-answer-text\"><p>Adicionar a extens\u00e3o de bate-papo ao Joomla levar\u00e1 apenas alguns minutos. Al\u00e9m disso, voc\u00ea n\u00e3o precisa ter conhecimento em programa\u00e7\u00e3o web.<\/p><ol><li>Ajuste o m\u00f3dulo Joomla no configurador gratuito e veja os ajustes ao vivo.<\/li> <li>Copie seu c\u00f3digo de instala\u00e7\u00e3o individual. <\/li> <li>Incorpore o c\u00f3digo no local necess\u00e1rio no modelo do site.<\/li> <li>\u00c9 isso a\u00ed! A instala\u00e7\u00e3o do plugin de chat no Joomla foi conclu\u00edda!<\/li><\/ol><p>Est\u00e1 tendo problemas ao inserir o plugin no Joomla ou formatar a extens\u00e3o de chat? Voc\u00ea pode encontrar o guia detalhado <a href=\"https:\/\/elfsight.com\/tutorials\/how-to-add-live-chat-to-website\/#how-to-add-live-chat-to-joomla\">nesta p\u00e1gina<\/a>.<\/p><\/div>\r\n\t\t\t\t\t<\/div>\r\n\t\t\t\t<\/div><div class=\"faq-item\">\r\n\t\t\t\t\t<div class=\"faq-item-question\">\r\n\t\t\t\t\t\t<h3 class=\"faq-item-question-text\">Existe uma oportunidade de ver como a extens\u00e3o ficar\u00e1 em um site?<\/h3>\r\n\r\n\t\t\t\t\t\t<div class=\"faq-item-question-icon\"><\/div>\r\n\t\t\t\t\t<\/div>\r\n\r\n\t\t\t\t\t<div class=\"faq-item-answer\">\r\n\t\t\t\t\t\t<div class=\"faq-item-answer-text\"><p>Certamente! Ao criar o plugin de bate-papo do Joomla no <a href=\"https:\/\/elfsight.com\/all-in-one-chat-widget\/#demo\">editor ao vivo<\/a>, voc\u00ea considerar\u00e1 todas as altera\u00e7\u00f5es no certo. Sua extens\u00e3o de bate-papo ser\u00e1 exatamente igual \u00e0 que voc\u00ea adicionar\u00e1 a um site Joomla. <\/p><\/div>\r\n\t\t\t\t\t<\/div>\r\n\t\t\t\t<\/div><div class=\"faq-item\">\r\n\t\t\t\t\t<div class=\"faq-item-question\">\r\n\t\t\t\t\t\t<h3 class=\"faq-item-question-text\">Quais outros widgets s\u00e3o necess\u00e1rios para um site Joomla?<\/h3>\r\n\r\n\t\t\t\t\t\t<div class=\"faq-item-question-icon\"><\/div>\r\n\t\t\t\t\t<\/div>\r\n\r\n\t\t\t\t\t<div class=\"faq-item-answer\">\r\n\t\t\t\t\t\t<div class=\"faq-item-answer-text\"><p>Joomla \u00e9 um construtor de sites vers\u00e1til que pode ser usado para criar um site de com\u00e9rcio eletr\u00f4nico com facilidade. A Elfsight oferece v\u00e1rios instrumentos fant\u00e1sticos para voc\u00ea aumentar as vendas e aumentar as taxas de convers\u00e3o em seu site Joomla. Os instrumentos que voc\u00ea pode usar incluem <a href=\"https:\/\/elfsight.com\/whatsapp-chat-widget\/joomla\/\">WhatsApp Chat<\/a> e <a href=\"https:\/\/elfsight.com\/all-in-one-chat-widget\/joomla\/\">Bate-papo tudo-em-um<\/a> &#8211; eles melhorar\u00e3o o atendimento ao cliente com a ajuda de mensageiros populares, <a href=\"https:\/\/elfsight.com\/online-form-builder\/joomla\/\">Form Builder<\/a> &#8211; ser\u00e1 \u00fatil para colocar um formul\u00e1rio on-line e coletar feedback, <a href=\"https:\/\/elfsight.com\/pdf-embed-widget\/joomla\/\">PDF Embed<\/a> &#8211; ser\u00e1 ben\u00e9fico para colocar documentos importantes em um site, <a href=\"https:\/\/elfsight.com\/instagram-feed-instashow\/joomla\/\">Instagram Feed<\/a> &#8211; para colocando postagens do Instagram direto no site.<\/p><\/div>\r\n\t\t\t\t\t<\/div>\r\n\t\t\t\t<\/div><\/div><\/div> <div class=\"application-platform-content-item-features application-platform-content-item\" id=\"features\" data-nav-section=\"features\"> <h2>Conhe\u00e7a a lista dos recursos mais \u00fateis:<\/h2> <ul><li>Integre o mensageiro de bate-papo on-line multifuncional em sua p\u00e1gina para conversar com os usu\u00e1rios.<\/li><li>Tr\u00eas tipos de posi\u00e7\u00e3o de bate-papo: bal\u00e3o flutuante, bal\u00e3o incorporado e janela de bate-papo incorporada.<\/li><li>Uma cole\u00e7\u00e3o de \u00edcones de bolha para voc\u00ea selecionar.<\/li><li>Cabe\u00e7alho de bate-papo male\u00e1vel com logotipo, nome e legenda da p\u00e1gina.<\/li><li>Escolha a imagem da p\u00e1gina por padr\u00e3o, de a cole\u00e7\u00e3o ou enviando uma imagem personalizada.<\/li><\/ul><p><a href=\"#demo\">Teste todas as configura\u00e7\u00f5es em uma demonstra\u00e7\u00e3o completa<\/a><\/p> <\/div> <div class=\"application-platform-content-item-installation application-platform-content-item\" id=\"installation\" data-nav-section=\"installation\"> <h2>Como adiciono a extens\u00e3o Live Chat ao meu site Joomla? <\/h2> <div class=\"video-container\"><iframe width=\"720\" height=\"405\" src=\"https:\/\/www.youtube.com\/embed\/2qmpdO2U_JU\" frameborder=\"0\" allowfullscreen=\"\"><\/iframe><\/div><p>Basta seguir algumas etapas descritas abaixo para incorporar o m\u00f3dulo.<\/p> <ol><li><b>Execute nosso editor gratuito e comece a construir sua pr\u00f3pria extens\u00e3o.<\/b><br> Encontre a disposi\u00e7\u00e3o e os par\u00e2metros preferidos do m\u00f3dulo e aplique todas as modifica\u00e7\u00f5es.<\/li> <li><b>Receba o seu c\u00f3digo individual que aparece no formul\u00e1rio especial nas aplica\u00e7\u00f5es Elfsight.<\/b><br> Logo ap\u00f3s o t\u00e9rmino da configura\u00e7\u00e3o do seu m\u00f3dulo pessoal, copie o c\u00f3digo individual na janela que aparece e salve-o para futuras ocasi\u00f5es.<\/li> <li><b>Comece a usar a extens\u00e3o de chat online na p\u00e1gina do Joomla.<\/b><br> Coloque o c\u00f3digo salvo recentemente em seu site e salve os ajustes.<\/li> <li><b>Pronto! A incorpora\u00e7\u00e3o est\u00e1 totalmente realizada.<\/b><br> Abra seu site para visualizar o desempenho do m\u00f3dulo.<\/li><\/ol><p>Se voc\u00ea encontrar algum obst\u00e1culo, sinta-se \u00e0 vontade para recorrer \u00e0 nossa equipe de suporte. Nossos especialistas ter\u00e3o prazer em resolver todas as dificuldades que voc\u00ea possa ter com a ferramenta. <\/p> <\/div><div class=\"faq\" data-component=\"FAQ\"><div class=\"faq-item\">\r\n\t\t\t\t\t<div class=\"faq-item-question\">\r\n\t\t\t\t\t\t<h3 class=\"faq-item-question-text\">Como posso incorporar um Live Chat ao meu site Joomla?<\/h3>\r\n\r\n\t\t\t\t\t\t<div class=\"faq-item-question-icon\"><\/div>\r\n\t\t\t\t\t<\/div>\r\n\r\n\t\t\t\t\t<div class=\"faq-item-answer\">\r\n\t\t\t\t\t\t<div class=\"faq-item-answer-text\"><p>A cria\u00e7\u00e3o da ferramenta \u00e9 realizada dentro do servi\u00e7o Elfsight e n\u00e3o h\u00e1 necessidade de aprender codifica\u00e7\u00e3o. Abra nossa demonstra\u00e7\u00e3o ao vivo para ajustar sua ferramenta pessoal, pegue o c\u00f3digo e cole-o em seu site. <\/p><\/div>\r\n\t\t\t\t\t<\/div>\r\n\t\t\t\t<\/div><div class=\"faq-item\">\r\n\t\t\t\t\t<div class=\"faq-item-question\">\r\n\t\t\t\t\t\t<h3 class=\"faq-item-question-text\">Os melhores exemplos de uso da integra\u00e7\u00e3o de chat ao vivo<\/h3>\r\n\r\n\t\t\t\t\t\t<div class=\"faq-item-question-icon\"><\/div>\r\n\t\t\t\t\t<\/div>\r\n\r\n\t\t\t\t\t<div class=\"faq-item-answer\">\r\n\t\t\t\t\t\t<div class=\"faq-item-answer-text\"><p>Forneceremos a voc\u00ea uma s\u00e9rie de possibilidades de ajuste: widgets em grande escala para incorporar em a se\u00e7\u00e3o de conte\u00fado, plug-ins flutuantes para oportunidades de rolagem, layouts para rodap\u00e9, cabe\u00e7alho e todos os tipos de oportunidades verticais para barras laterais e menus. <\/p><\/div>\r\n\t\t\t\t\t<\/div>\r\n\t\t\t\t<\/div><div class=\"faq-item\">\r\n\t\t\t\t\t<div class=\"faq-item-question\">\r\n\t\t\t\t\t\t<h3 class=\"faq-item-question-text\">Como fa\u00e7o para criar uma Consulta ou Onboarding Live Chat por meio do editor?<\/h3>\r\n\r\n\t\t\t\t\t\t<div class=\"faq-item-question-icon\"><\/div>\r\n\t\t\t\t\t<\/div>\r\n\r\n\t\t\t\t\t<div class=\"faq-item-answer\">\r\n\t\t\t\t\t\t<div class=\"faq-item-answer-text\"><p>Voc\u00ea pode criar varia\u00e7\u00f5es de qualquer widget. H\u00e1 uma s\u00e9rie de layouts dispon\u00edveis no editor e todos eles podem ser ajustados rapidamente conforme sua necessidade. <\/p><\/div>\r\n\t\t\t\t\t<\/div>\r\n\t\t\t\t<\/div><\/div>\n\n\n\n<p><p><\/p><!-- \/wp:paragraph - &gt; \/wp:paragraph --><\/p>\n","protected":false},"excerpt":{"rendered":"","protected":false},"author":9,"featured_media":0,"parent":1097,"menu_order":0,"comment_status":"closed","ping_status":"closed","template":"templates\/template-application-platform.php","meta":{"publish_to_discourse":"","publish_post_category":"","wpdc_auto_publish_overridden":"","wpdc_topic_tags":"","wpdc_pin_topic":"","wpdc_pin_until":"","discourse_post_id":"","discourse_permalink":"","wpdc_publishing_response":"","wpdc_publishing_error":"","footnotes":""},"class_list":["post-3492","page","type-page","status-publish","hentry"],"yoast_head":"<!-- This site is optimized with the Yoast SEO plugin v25.3.1 - https:\/\/yoast.com\/wordpress\/plugins\/seo\/ -->\n<title>Bate-papo ao vivo \u2014 Adicione widget de bate-papo on-line a sites Joomla (gratuito e f\u00e1cil)<\/title>\n<meta name=\"description\" content=\"Implemente sua extens\u00e3o All-in-One Live Chat na p\u00e1gina inicial do Joomla em alguns minutos. Aplique nossa demonstra\u00e7\u00e3o ativa para criar seu m\u00f3dulo de chat online exclusivo.\" \/>\n<meta name=\"robots\" content=\"index, follow, max-snippet:-1, max-image-preview:large, max-video-preview:-1\" \/>\n<link rel=\"canonical\" href=\"https:\/\/elfsight.com\/pt\/all-in-one-chat-widget\/joomla\/\" \/>\n<meta property=\"og:locale\" content=\"pt_PT\" \/>\n<meta property=\"og:type\" content=\"article\" \/>\n<meta property=\"og:title\" content=\"Bate-papo ao vivo \u2014 Adicione widget de bate-papo on-line a sites Joomla (gratuito e f\u00e1cil)\" \/>\n<meta property=\"og:description\" content=\"Implemente sua extens\u00e3o All-in-One Live Chat na p\u00e1gina inicial do Joomla em alguns minutos. Aplique nossa demonstra\u00e7\u00e3o ativa para criar seu m\u00f3dulo de chat online exclusivo.\" \/>\n<meta property=\"og:url\" content=\"https:\/\/elfsight.com\/pt\/all-in-one-chat-widget\/joomla\/\" \/>\n<meta property=\"og:site_name\" content=\"Elfsight PT\" \/>\n<meta property=\"article:modified_time\" content=\"2025-02-11T12:19:24+00:00\" \/>\n<meta name=\"twitter:card\" content=\"summary_large_image\" \/>\n<meta name=\"twitter:label1\" content=\"Tempo estimado de leitura\" \/>\n\t<meta name=\"twitter:data1\" content=\"5 minutos\" \/>\n<!-- \/ Yoast SEO plugin. -->","yoast_head_json":{"title":"Bate-papo ao vivo \u2014 Adicione widget de bate-papo on-line a sites Joomla (gratuito e f\u00e1cil)","description":"Implemente sua extens\u00e3o All-in-One Live Chat na p\u00e1gina inicial do Joomla em alguns minutos. Aplique nossa demonstra\u00e7\u00e3o ativa para criar seu m\u00f3dulo de chat online exclusivo.","robots":{"index":"index","follow":"follow","max-snippet":"max-snippet:-1","max-image-preview":"max-image-preview:large","max-video-preview":"max-video-preview:-1"},"canonical":"https:\/\/elfsight.com\/pt\/all-in-one-chat-widget\/joomla\/","og_locale":"pt_PT","og_type":"article","og_title":"Bate-papo ao vivo \u2014 Adicione widget de bate-papo on-line a sites Joomla (gratuito e f\u00e1cil)","og_description":"Implemente sua extens\u00e3o All-in-One Live Chat na p\u00e1gina inicial do Joomla em alguns minutos. Aplique nossa demonstra\u00e7\u00e3o ativa para criar seu m\u00f3dulo de chat online exclusivo.","og_url":"https:\/\/elfsight.com\/pt\/all-in-one-chat-widget\/joomla\/","og_site_name":"Elfsight PT","article_modified_time":"2025-02-11T12:19:24+00:00","twitter_card":"summary_large_image","twitter_misc":{"Tempo estimado de leitura":"5 minutos"},"schema":{"@context":"https:\/\/schema.org","@graph":[{"@type":"WebPage","@id":"https:\/\/elfsight.com\/pt\/all-in-one-chat-widget\/joomla\/","url":"https:\/\/elfsight.com\/pt\/all-in-one-chat-widget\/joomla\/","name":"Bate-papo ao vivo \u2014 Adicione widget de bate-papo on-line a sites Joomla (gratuito e f\u00e1cil)","isPartOf":{"@id":"https:\/\/elfsight.com\/pt\/#website"},"datePublished":"2024-05-03T06:26:56+00:00","dateModified":"2025-02-11T12:19:24+00:00","description":"Implemente sua extens\u00e3o All-in-One Live Chat na p\u00e1gina inicial do Joomla em alguns minutos. Aplique nossa demonstra\u00e7\u00e3o ativa para criar seu m\u00f3dulo de chat online exclusivo.","breadcrumb":{"@id":"https:\/\/elfsight.com\/pt\/all-in-one-chat-widget\/joomla\/#breadcrumb"},"inLanguage":"pt-PT","potentialAction":[{"@type":"ReadAction","target":["https:\/\/elfsight.com\/pt\/all-in-one-chat-widget\/joomla\/"]}]},{"@type":"BreadcrumbList","@id":"https:\/\/elfsight.com\/pt\/all-in-one-chat-widget\/joomla\/#breadcrumb","itemListElement":[{"@type":"ListItem","position":1,"name":"Home","item":"https:\/\/elfsight.com\/pt\/"},{"@type":"ListItem","position":2,"name":"All-in-One Chat","item":"https:\/\/elfsight.com\/pt\/all-in-one-chat-widget\/"},{"@type":"ListItem","position":3,"name":"All-in-One Chat &#8211; Joomla"}]},{"@type":"WebSite","@id":"https:\/\/elfsight.com\/pt\/#website","url":"https:\/\/elfsight.com\/pt\/","name":"Elfsight PT","description":"Just another Elfsight Sites site","potentialAction":[{"@type":"SearchAction","target":{"@type":"EntryPoint","urlTemplate":"https:\/\/elfsight.com\/pt\/?s={search_term_string}"},"query-input":{"@type":"PropertyValueSpecification","valueRequired":true,"valueName":"search_term_string"}}],"inLanguage":"pt-PT"}]}},"meta_box":{"industry":"","seo_heading":"","heading":"","description":"","cta_heading":"","cta_description":"","application":"1096","h1":"Extens\u00e3o de bate-papo ao vivo Joomla","h1_caption":"Com uma conex\u00e3o r\u00e1pida e mais personalizada, deixe mais clientes satisfeitos","application_category":[],"applications_title":"","applications_request_title":"","applications_request_button_text":"","hero_text":"","hero_video":"","hero_video_schema_markup":"","selling_points_title":"","selling_points_caption":"","selling_points":[],"selling_points_cta_text":"","features_title":"","features":"","ed_cta_examples_text":"","ed_cta_examples_hidden":"","ed_cta_demo_text":"","ed_cta_demo_hidden":"","why_caption":"","why_editor_title":"","why_editor_text":"","why_team_title":"","why_team_text":"","why_service_title":"","why_service_text":"","template_catalog_visible":"0","template_catalog_title":"","template_catalog_text":"","template_catalog_categories_visible":"","demo_title":"Crie seu plugin de bate-papo multifuncional","demo_caption":"Configure seu bate-papo multifuncional e adicione-o ao seu site Joomla gratuitamente!","default_faq_hidden":"","app_template_category":[],"platform":"52","template_public_id":"","codecanyon_url":"","codecanyon_item_id":"","codecanyon_price":"","pricing_caption":"","pricing_elfsight_apps_hide_column":"","pricing_elfsight_apps_url":"","pricing_codecanyon_price_caption":"","integration_category":[],"integration_request_title":"","integration_request_cta":"","integration_platform":"","integrations":[],"platform_category":[],"video_schema_markup":"","price":"a partir de US$ 0\/m\u00eas","trial":"","benefits":[{"text":"Assist\u00eancia de instala\u00e7\u00e3o gratuita"},{"text":"Atendimento ao cliente competente"},{"text":"Garantia de reembolso de 14 dias"},{"text":"Desenvolvimento cont\u00ednuo"}],"button_url":"#demo","button_target_blank":"0","button_nofollow":"0","attributes":[{"name":"Instala\u00e7\u00f5es","content":"100,000 - 500,000","_state":"expanded"},{"name":"Responsivo","content":"Sim","_state":"expanded"},{"name":"Navegadores compat\u00edveis","content":"Firefox, Safari, Opera, Chrome, Edge"}],"tags":[],"tags_disable_links":"0","hide_more_platforms":"0","video_object":"","demo_hide_cta":"0","demo_hide_cloud_options":"0","pricing_title":"","pricing":[{"pricing_icon":"platform","pricing_title":"Elfsight Apps","pricing_title_caption":"Solu\u00e7\u00e3o multiplataforma que funciona em qualquer site","pricing_price":"a partir de US$ 0\/m\u00eas","pricing_price_caption":"comece com plano gratuito","pricing_benefits":[{"text":"Sites ilimitados"},{"text":"Suporte premium"},{"text":"Suporte premium"},{"text":"Oferta especial para v\u00e1rios aplicativos"}],"pricing_button_text":"Adicionar ao site","pricing_button_url":"#demo","_state":"expanded"}],"related_apps_title":"","related_apps_hidden":"1","author":"","image":[],"title":"","job":"","social_networks":[]},"_links":{"self":[{"href":"https:\/\/elfsight.com\/pt\/wp-json\/wp\/v2\/pages\/3492","targetHints":{"allow":["GET"]}}],"collection":[{"href":"https:\/\/elfsight.com\/pt\/wp-json\/wp\/v2\/pages"}],"about":[{"href":"https:\/\/elfsight.com\/pt\/wp-json\/wp\/v2\/types\/page"}],"author":[{"embeddable":true,"href":"https:\/\/elfsight.com\/pt\/wp-json\/wp\/v2\/users\/9"}],"replies":[{"embeddable":true,"href":"https:\/\/elfsight.com\/pt\/wp-json\/wp\/v2\/comments?post=3492"}],"version-history":[{"count":3,"href":"https:\/\/elfsight.com\/pt\/wp-json\/wp\/v2\/pages\/3492\/revisions"}],"predecessor-version":[{"id":13896,"href":"https:\/\/elfsight.com\/pt\/wp-json\/wp\/v2\/pages\/3492\/revisions\/13896"}],"up":[{"embeddable":true,"href":"https:\/\/elfsight.com\/pt\/wp-json\/wp\/v2\/pages\/1097"}],"wp:attachment":[{"href":"https:\/\/elfsight.com\/pt\/wp-json\/wp\/v2\/media?parent=3492"}],"curies":[{"name":"wp","href":"https:\/\/api.w.org\/{rel}","templated":true}]}}