{"id":3484,"date":"2024-05-03T06:26:54","date_gmt":"2024-05-03T06:26:54","guid":{"rendered":"https:\/\/elfsight.com\/pt\/?page_id=3484"},"modified":"2025-02-11T13:01:18","modified_gmt":"2025-02-11T13:01:18","slug":"iframe","status":"publish","type":"page","link":"https:\/\/elfsight.com\/pt\/all-in-one-chat-widget\/iframe\/","title":{"rendered":"All-in-One Chat &#8211; iFrame"},"content":{"rendered":"\n<div class=\"application-platform-content-item-description application-platform-content-item\" id=\"description\" data-nav-section=\"description\"> <h2>Incorporar bate-papo multifuncional no iFrame com o widget Elfsight<\/h2> <p>A caixa de bate-papo multifuncional Elfsight \u00e9 uma das maneiras mais \u00fateis para os visitantes do site entrarem em contato com voc\u00ea e obterem suporte. Fique dispon\u00edvel ao vivo em todos os mensageiros mais usados \u200b\u200b24 horas por dia, 7 dias por semana. Integre o widget ao seu site e configure-o para aparecer em p\u00e1ginas selecionadas ou para determinados grupos de visitantes, atribua gatilhos de in\u00edcio de chat, escreva sua pr\u00f3pria mensagem de boas-vindas, escolha \u00edcones e outros recursos. Usando o plug-in ativo, voc\u00ea permanecer\u00e1 acess\u00edvel aos visitantes a qualquer momento e em qualquer local.<\/p> <p><b>Gere leads por meio de contatos pessoais<\/b><\/p> <\/div> <div class=\"application-platform-content-item- features application-platform-content-item\" id=\" features\" data-nav-section=\" features\"> <h2>Oferecemos recursos pr\u00e1ticos e descomplicados, confira alguns deles:<\/h2> <ul><li>Integre o widget All-in-One Chat Messenger em sua p\u00e1gina para conversar com os usu\u00e1rios. <\/li><li>3 variantes de posi\u00e7\u00e3o de bate-papo: bal\u00e3o flutuante, bal\u00e3o incorporado e janela de bate-papo incorporada. <\/li><li>Uma cole\u00e7\u00e3o de \u00edcones de bolha para escolher.<\/li><li>T\u00edtulo de bate-papo male\u00e1vel com logotipo, nome e legenda da p\u00e1gina.<\/li><li>Escolher a imagem da p\u00e1gina por padr\u00e3o, da cole\u00e7\u00e3o ou carregue sua pr\u00f3pria foto. <\/li><\/ul><p><a href=\"#demo\">Voc\u00ea pode explorar todas as funcionalidades do widget na demonstra\u00e7\u00e3o agora mesmo<\/a><\/p> <\/div> <div class=\"application-platform-content-item-installation application-platform-content-item\" id=\"installation\" data-nav-section=\"installation\"> <h2>Como posso adicionar o Live Chat Box ao meu site iFrame?<\/h2> <p>Basta seguir as etapas abaixo para incorporar o plug-in.<\/p> <ol><li><b>Inicie nosso editor gratuito e comece a criar seu instrumento personalizado.<\/b><br> Encontre o layout e a funcionalidade adequados do plugin e salve as modifica\u00e7\u00f5es.<\/li> <li><b>Copie o c\u00f3digo exclusivo que aparece no vi\u00fava nas aplica\u00e7\u00f5es Elfsight.<\/b><br> Logo ap\u00f3s a conclus\u00e3o da personaliza\u00e7\u00e3o do seu plugin pessoal, copie o c\u00f3digo exclusivo no pop-up que aparece e guarde-o para ocasi\u00f5es futuras.<\/li> <li><b>Insira em usando o widget na p\u00e1gina iFrame.<\/b><br>Incorpore o c\u00f3digo salvo recentemente em sua p\u00e1gina e aplique as corre\u00e7\u00f5es.<\/li> <li><b>Pronto! A configura\u00e7\u00e3o est\u00e1 totalmente conclu\u00edda.<\/b><br> Acesse seu site para ver o funcionamento da ferramenta.<\/li><\/ol><p>Supondo que voc\u00ea tenha algum problema, n\u00e3o hesite em solicitar nossa equipe de suporte. Nossos especialistas ter\u00e3o prazer em resolver todos os problemas que voc\u00ea possa ter com o widget. <\/p> <div class=\"faq\" data-component=\"FAQ\"><div class=\"faq-item\">\r\n\t\t\t\t\t<div class=\"faq-item-question\">\r\n\t\t\t\t\t\t<h3 class=\"faq-item-question-text\">Como adicionar o bate-papo tudo-em-um ao meu site iFrame sem habilidades de codifica\u00e7\u00e3o?<\/h3>\r\n\r\n\t\t\t\t\t\t<div class=\"faq-item-question-icon\"><\/div>\r\n\t\t\t\t\t<\/div>\r\n\r\n\t\t\t\t\t<div class=\"faq-item-answer\">\r\n\t\t\t\t\t\t<div class=\"faq-item-answer-text\"><p>A Elfsight fornece uma solu\u00e7\u00e3o SaaS que permite criar um bate-papo tudo-em-um widget voc\u00ea mesmo, veja como o processo \u00e9 f\u00e1cil: Trabalhe diretamente no Editor on-line para criar um widget de bate-papo completo que voc\u00ea gostaria de ver em seu site iFrame. Escolha um dos modelos predefinidos e ajuste as configura\u00e7\u00f5es do bate-papo multifuncional, adicione seu conte\u00fado, altere o layout e as cores sem nenhuma habilidade de codifica\u00e7\u00e3o. Salve o All-in-one Chat e copie seu c\u00f3digo de instala\u00e7\u00e3o, que voc\u00ea pode incorporar facilmente em seu site iFrame sem a necessidade de comprar uma vers\u00e3o paga. Com nosso editor intuitivo, qualquer usu\u00e1rio da Internet pode criar um widget de bate-papo completo on-line e incorpor\u00e1-lo facilmente ao seu site iFrame. N\u00e3o h\u00e1 necessidade de pagar ou inserir as credenciais do seu cart\u00e3o para acessar o servi\u00e7o. Se voc\u00ea enfrentar qualquer problema em qualquer etapa, n\u00e3o hesite em entrar em contato com nossa equipe de suporte t\u00e9cnico.<\/p><\/div>\r\n\t\t\t\t\t<\/div>\r\n\t\t\t\t<\/div><\/div><\/div>\n","protected":false},"excerpt":{"rendered":"","protected":false},"author":9,"featured_media":0,"parent":1097,"menu_order":0,"comment_status":"closed","ping_status":"closed","template":"templates\/template-application-platform.php","meta":{"publish_to_discourse":"","publish_post_category":"","wpdc_auto_publish_overridden":"","wpdc_topic_tags":"","wpdc_pin_topic":"","wpdc_pin_until":"","discourse_post_id":"","discourse_permalink":"","wpdc_publishing_response":"","wpdc_publishing_error":"","footnotes":""},"class_list":["post-3484","page","type-page","status-publish","hentry"],"yoast_head":"<!-- This site is optimized with the Yoast SEO plugin v25.3.1 - https:\/\/yoast.com\/wordpress\/plugins\/seo\/ -->\n<title>Bate-papo ao vivo \u2014 Adicione widget de caixa de bate-papo a sites iFrame (gratuito e f\u00e1cil)<\/title>\n<meta name=\"description\" content=\"Incorpore seu widget All-in-One Live Chat Box na p\u00e1gina inicial do iFrame em alguns minutos. Use nossa demonstra\u00e7\u00e3o pr\u00e1tica para moldar seu widget exclusivo com facilidade e sem codifica\u00e7\u00e3o.\" \/>\n<meta name=\"robots\" content=\"index, follow, max-snippet:-1, max-image-preview:large, max-video-preview:-1\" \/>\n<link rel=\"canonical\" href=\"https:\/\/elfsight.com\/pt\/all-in-one-chat-widget\/iframe\/\" \/>\n<meta property=\"og:locale\" content=\"pt_PT\" \/>\n<meta property=\"og:type\" content=\"article\" \/>\n<meta property=\"og:title\" content=\"Bate-papo ao vivo \u2014 Adicione widget de caixa de bate-papo a sites iFrame (gratuito e f\u00e1cil)\" \/>\n<meta property=\"og:description\" content=\"Incorpore seu widget All-in-One Live Chat Box na p\u00e1gina inicial do iFrame em alguns minutos. Use nossa demonstra\u00e7\u00e3o pr\u00e1tica para moldar seu widget exclusivo com facilidade e sem codifica\u00e7\u00e3o.\" \/>\n<meta property=\"og:url\" content=\"https:\/\/elfsight.com\/pt\/all-in-one-chat-widget\/iframe\/\" \/>\n<meta property=\"og:site_name\" content=\"Elfsight PT\" \/>\n<meta property=\"article:modified_time\" content=\"2025-02-11T13:01:18+00:00\" \/>\n<meta name=\"twitter:card\" content=\"summary_large_image\" \/>\n<meta name=\"twitter:label1\" content=\"Tempo estimado de leitura\" \/>\n\t<meta name=\"twitter:data1\" content=\"3 minutos\" \/>\n<!-- \/ Yoast SEO plugin. -->","yoast_head_json":{"title":"Bate-papo ao vivo \u2014 Adicione widget de caixa de bate-papo a sites iFrame (gratuito e f\u00e1cil)","description":"Incorpore seu widget All-in-One Live Chat Box na p\u00e1gina inicial do iFrame em alguns minutos. Use nossa demonstra\u00e7\u00e3o pr\u00e1tica para moldar seu widget exclusivo com facilidade e sem codifica\u00e7\u00e3o.","robots":{"index":"index","follow":"follow","max-snippet":"max-snippet:-1","max-image-preview":"max-image-preview:large","max-video-preview":"max-video-preview:-1"},"canonical":"https:\/\/elfsight.com\/pt\/all-in-one-chat-widget\/iframe\/","og_locale":"pt_PT","og_type":"article","og_title":"Bate-papo ao vivo \u2014 Adicione widget de caixa de bate-papo a sites iFrame (gratuito e f\u00e1cil)","og_description":"Incorpore seu widget All-in-One Live Chat Box na p\u00e1gina inicial do iFrame em alguns minutos. Use nossa demonstra\u00e7\u00e3o pr\u00e1tica para moldar seu widget exclusivo com facilidade e sem codifica\u00e7\u00e3o.","og_url":"https:\/\/elfsight.com\/pt\/all-in-one-chat-widget\/iframe\/","og_site_name":"Elfsight PT","article_modified_time":"2025-02-11T13:01:18+00:00","twitter_card":"summary_large_image","twitter_misc":{"Tempo estimado de leitura":"3 minutos"},"schema":{"@context":"https:\/\/schema.org","@graph":[{"@type":"WebPage","@id":"https:\/\/elfsight.com\/pt\/all-in-one-chat-widget\/iframe\/","url":"https:\/\/elfsight.com\/pt\/all-in-one-chat-widget\/iframe\/","name":"Bate-papo ao vivo \u2014 Adicione widget de caixa de bate-papo a sites iFrame (gratuito e f\u00e1cil)","isPartOf":{"@id":"https:\/\/elfsight.com\/pt\/#website"},"datePublished":"2024-05-03T06:26:54+00:00","dateModified":"2025-02-11T13:01:18+00:00","description":"Incorpore seu widget All-in-One Live Chat Box na p\u00e1gina inicial do iFrame em alguns minutos. Use nossa demonstra\u00e7\u00e3o pr\u00e1tica para moldar seu widget exclusivo com facilidade e sem codifica\u00e7\u00e3o.","breadcrumb":{"@id":"https:\/\/elfsight.com\/pt\/all-in-one-chat-widget\/iframe\/#breadcrumb"},"inLanguage":"pt-PT","potentialAction":[{"@type":"ReadAction","target":["https:\/\/elfsight.com\/pt\/all-in-one-chat-widget\/iframe\/"]}]},{"@type":"BreadcrumbList","@id":"https:\/\/elfsight.com\/pt\/all-in-one-chat-widget\/iframe\/#breadcrumb","itemListElement":[{"@type":"ListItem","position":1,"name":"Home","item":"https:\/\/elfsight.com\/pt\/"},{"@type":"ListItem","position":2,"name":"All-in-One Chat","item":"https:\/\/elfsight.com\/pt\/all-in-one-chat-widget\/"},{"@type":"ListItem","position":3,"name":"All-in-One Chat &#8211; iFrame"}]},{"@type":"WebSite","@id":"https:\/\/elfsight.com\/pt\/#website","url":"https:\/\/elfsight.com\/pt\/","name":"Elfsight PT","description":"Just another Elfsight Sites site","potentialAction":[{"@type":"SearchAction","target":{"@type":"EntryPoint","urlTemplate":"https:\/\/elfsight.com\/pt\/?s={search_term_string}"},"query-input":{"@type":"PropertyValueSpecification","valueRequired":true,"valueName":"search_term_string"}}],"inLanguage":"pt-PT"}]}},"meta_box":{"industry":"","seo_heading":"","heading":"","description":"","cta_heading":"","cta_description":"","application":"1096","h1":"Widget de bate-papo ao vivo iFrame","h1_caption":"Ter uma conex\u00e3o mais r\u00e1pida e individualizada deixa mais clientes satisfeitos","application_category":[],"applications_title":"","applications_request_title":"","applications_request_button_text":"","hero_text":"","hero_video":"","hero_video_schema_markup":"","selling_points_title":"","selling_points_caption":"","selling_points":[],"selling_points_cta_text":"","features_title":"","features":"","ed_cta_examples_text":"","ed_cta_examples_hidden":"","ed_cta_demo_text":"","ed_cta_demo_hidden":"","why_caption":"","why_editor_title":"","why_editor_text":"","why_team_title":"","why_team_text":"","why_service_title":"","why_service_text":"","template_catalog_visible":"0","template_catalog_title":"","template_catalog_text":"","template_catalog_categories_visible":"","demo_title":"Crie seu widget de bate-papo multifuncional","demo_caption":"Configure seu All-in-One Chat e adicione-o ao seu site iFrame gratuitamente!","default_faq_hidden":"","app_template_category":[],"platform":"4911","template_public_id":"","codecanyon_url":"","codecanyon_item_id":"","codecanyon_price":"","pricing_caption":"","pricing_elfsight_apps_hide_column":"","pricing_elfsight_apps_url":"","pricing_codecanyon_price_caption":"","integration_category":[],"integration_request_title":"","integration_request_cta":"","integration_platform":"","integrations":[],"platform_category":[],"video_schema_markup":"","price":"a partir de US$ 0\/m\u00eas","trial":"","benefits":[{"text":"Servi\u00e7o de instala\u00e7\u00e3o gratuito"},{"text":"Suporte ao cliente experiente"},{"text":"Garantia de reembolso de 14 dias"},{"text":"Atualiza\u00e7\u00f5es gratuitas vital\u00edcias"}],"button_url":"#demo","button_target_blank":"0","button_nofollow":"0","attributes":[{"name":"Instala\u00e7\u00f5es","content":"100,000 - 500,000","_state":"expanded"},{"name":"Responsivo","content":"Sim","_state":"expanded"},{"name":"Navegadores compat\u00edveis","content":"Firefox, Safari, Edge, Chrome, Opera"}],"tags":[],"tags_disable_links":"0","hide_more_platforms":"0","video_object":"","demo_hide_cta":"0","demo_hide_cloud_options":"0","pricing_title":"","pricing":[{"pricing_icon":"platform","pricing_title":"Elfsight Apps","pricing_title_caption":"Software multiplataforma","pricing_price":"a partir de US$ 0\/m\u00eas","pricing_price_caption":"comece com plano gratuito","pricing_benefits":[{"text":"Sites ilimitados"},{"text":"Suporte gratuito ao cliente"},{"text":"Suporte gratuito ao cliente"},{"text":"Totalmente personaliz\u00e1vel"}],"pricing_button_text":"Adicionar ao site","pricing_button_url":"#demo","_state":"expanded"}],"related_apps_title":"","related_apps_hidden":"1","author":"","image":[],"title":"","job":"","social_networks":[]},"_links":{"self":[{"href":"https:\/\/elfsight.com\/pt\/wp-json\/wp\/v2\/pages\/3484","targetHints":{"allow":["GET"]}}],"collection":[{"href":"https:\/\/elfsight.com\/pt\/wp-json\/wp\/v2\/pages"}],"about":[{"href":"https:\/\/elfsight.com\/pt\/wp-json\/wp\/v2\/types\/page"}],"author":[{"embeddable":true,"href":"https:\/\/elfsight.com\/pt\/wp-json\/wp\/v2\/users\/9"}],"replies":[{"embeddable":true,"href":"https:\/\/elfsight.com\/pt\/wp-json\/wp\/v2\/comments?post=3484"}],"version-history":[{"count":3,"href":"https:\/\/elfsight.com\/pt\/wp-json\/wp\/v2\/pages\/3484\/revisions"}],"predecessor-version":[{"id":13899,"href":"https:\/\/elfsight.com\/pt\/wp-json\/wp\/v2\/pages\/3484\/revisions\/13899"}],"up":[{"embeddable":true,"href":"https:\/\/elfsight.com\/pt\/wp-json\/wp\/v2\/pages\/1097"}],"wp:attachment":[{"href":"https:\/\/elfsight.com\/pt\/wp-json\/wp\/v2\/media?parent=3484"}],"curies":[{"name":"wp","href":"https:\/\/api.w.org\/{rel}","templated":true}]}}