{"id":3482,"date":"2024-05-03T06:27:19","date_gmt":"2024-05-03T06:27:19","guid":{"rendered":"https:\/\/elfsight.com\/pt\/?page_id=3482"},"modified":"2024-11-13T11:24:14","modified_gmt":"2024-11-13T11:24:14","slug":"iframe","status":"publish","type":"page","link":"https:\/\/elfsight.com\/pt\/all-in-one-reviews-widget\/iframe\/","title":{"rendered":"All-in-One Reviews &#8211; iFrame"},"content":{"rendered":"<div class=\"application-platform-content-item-description application-platform-content-item\" id=\"description\" data-nav-section=\"description\"> <h2>Incorporar avalia\u00e7\u00f5es multifuncionais no iFrame com o widget Elfsight<\/h2> <p>As avalia\u00e7\u00f5es multifuncionais da Elfsight s\u00e3o uma um widget f\u00e1cil de usar para iFrame que oferece a oportunidade de exibir todos os depoimentos sobre suas ofertas diretamente em seu site, de todas as plataformas de an\u00e1lise de neg\u00f3cios conhecidas. Usando nosso plug-in, voc\u00ea poder\u00e1 utilizar filtros para ocultar os depoimentos indesejados, exibir sua classifica\u00e7\u00e3o por estrelas e n\u00famero de seu perfil em qualquer p\u00e1gina de coment\u00e1rios, adicionar informa\u00e7\u00f5es sobre os criadores dos depoimentos e adicionar uma chamada atraente para- bot\u00e3o de a\u00e7\u00e3o que levar\u00e1 os visitantes do site a escrever um novo coment\u00e1rio. A ferramenta Elfsight Reviews pode ajud\u00e1-lo a demonstrar sua not\u00e1vel prova social no site e come\u00e7ar a obter mais novas compras. <\/p> <p><b> vendas mostrando sua alta avalia\u00e7\u00e3o<\/b><\/p> <\/div> <div class=\"application-platform-content-item-features application-platform-content-item\" id=\"features\" data-nav-section=\"features\"> <h2>Aqui est\u00e1 a lista dos recursos mais importantes: <\/h2> <ul><li>Uma op\u00e7\u00e3o para ativar\/desativar o cabe\u00e7alho do widget<\/li><li>Revise o bot\u00e3o &#8220;Escrever avalia\u00e7\u00e3o&#8221; para redirecionar para sua p\u00e1gina<\/li><li>Um excelente estilo est\u00e1 a um clique de dist\u00e2ncia <\/li><li>Componentes pint\u00e1veis \u200b\u200bda interface<\/li><li>M\u00e1ximo de detalhes para constru\u00e7\u00e3o de confian\u00e7a<\/li><\/ul><p><a href=\"#demo\">Experimente todos os recursos de personaliza\u00e7\u00e3o em Demonstra\u00e7\u00e3o 100% funcional<\/a><\/p> <\/div> <div class=\"application-platform-content-item-installation application-platform-content-item\" id=\"installation\" data-nav-section=\"installation\"> <h2>Como adiciono avalia\u00e7\u00f5es completas em meu site iFrame? <\/h2> <p>Basta seguir v\u00e1rias etapas descritas abaixo para adicionar o widget. <\/p> <ol><li><b>Abra nosso configurador gratuito e comece a moldar seu widget exclusivo. <\/b><br> Encontre a apar\u00eancia e as op\u00e7\u00f5es preferidas do widget e aplique as corre\u00e7\u00f5es. <\/li> <li><b>Obtenha o c\u00f3digo pessoal exposto no formul\u00e1rio especial nas aplica\u00e7\u00f5es Elfsight. <\/b><br> Assim que a configura\u00e7\u00e3o do seu widget for conclu\u00edda, copie o c\u00f3digo individual da caixa exibida e guarde-o para uso posterior. <\/li> <li><b>Inicie o uso do widget em seu site iFrame. <\/b><br> Integre o c\u00f3digo copiado recentemente em seu site e salve as melhorias. <\/li> <li><b>Conclu\u00eddo! A configura\u00e7\u00e3o foi executada com sucesso. <\/b><br> Acesse sua p\u00e1gina para ver como a ferramenta funciona. <\/li><\/ol> <p>Caso tenha d\u00favidas ou enfrente quaisquer dificuldades, n\u00e3o hesite em recorrer \u00e0 nossa equipe de atendimento ao cliente. Nosso pessoal est\u00e1 ansioso para ajud\u00e1-lo com todos os problemas que voc\u00ea possa ter com o produto. <\/p> <div class=\"faq\" data-component=\"FAQ\"> <div class=\"faq-item\">\r\n\t\t\t\t\t<div class=\"faq-item-question\">\r\n\t\t\t\t\t\t<h3 class=\"faq-item-question-text\">Como adicionar avalia\u00e7\u00f5es completas ao meu site iFrame sem habilidades de codifica\u00e7\u00e3o?<\/h3>\r\n\r\n\t\t\t\t\t\t<div class=\"faq-item-question-icon\"><\/div>\r\n\t\t\t\t\t<\/div>\r\n\r\n\t\t\t\t\t<div class=\"faq-item-answer\">\r\n\t\t\t\t\t\t<div class=\"faq-item-answer-text\"> <p>A Elfsight fornece uma solu\u00e7\u00e3o SaaS que permite criar avalia\u00e7\u00f5es completas widget voc\u00ea mesmo, veja como o processo \u00e9 f\u00e1cil: Trabalhe diretamente no Editor on-line para criar um widget de Avalia\u00e7\u00f5es tudo-em-um que voc\u00ea gostaria de ver em seu site iFrame. Escolha um dos modelos predefinidos e ajuste as configura\u00e7\u00f5es das Revis\u00f5es Multifuncionais, adicione seu conte\u00fado, altere o layout e as cores sem nenhuma habilidade de codifica\u00e7\u00e3o. Salve as an\u00e1lises do multifuncional e copie seu c\u00f3digo de instala\u00e7\u00e3o, que voc\u00ea pode adicionar facilmente ao seu site iFrame sem a necessidade de adquirir um plano pago. Com nosso editor intuitivo, qualquer usu\u00e1rio da Internet pode criar um widget de avalia\u00e7\u00f5es completas on-line e incorpor\u00e1-lo facilmente ao seu site iFrame. N\u00e3o h\u00e1 necessidade de pagar ou inserir as credenciais do seu cart\u00e3o para acessar o servi\u00e7o. Se voc\u00ea enfrentar qualquer problema em qualquer etapa, n\u00e3o hesite em entrar em contato com nossa equipe de suporte t\u00e9cnico.<\/p> <\/div>\r\n\t\t\t\t\t<\/div>\r\n\t\t\t\t<\/div> <\/div> <\/div>","protected":false},"excerpt":{"rendered":"","protected":false},"author":9,"featured_media":0,"parent":366,"menu_order":0,"comment_status":"closed","ping_status":"closed","template":"templates\/template-application-platform.php","meta":{"publish_to_discourse":"","publish_post_category":"","wpdc_auto_publish_overridden":"","wpdc_topic_tags":"","wpdc_pin_topic":"","wpdc_pin_until":"","discourse_post_id":"","discourse_permalink":"","wpdc_publishing_response":"","wpdc_publishing_error":"","footnotes":""},"class_list":["post-3482","page","type-page","status-publish","hentry"],"yoast_head":"<!-- This site is optimized with the Yoast SEO plugin v25.3.1 - https:\/\/yoast.com\/wordpress\/plugins\/seo\/ -->\n<title>Adicione um widget All-in-One Reviews responsivo ao seu site iFrame<\/title>\n<meta name=\"description\" content=\"Adicione um widget de avalia\u00e7\u00f5es responsivo ao seu site iFrame e ganhe total confian\u00e7a. Use a demonstra\u00e7\u00e3o pr\u00e1tica da Elfsight para construir seu recurso personalizado.\" \/>\n<meta name=\"robots\" content=\"index, follow, max-snippet:-1, max-image-preview:large, max-video-preview:-1\" \/>\n<link rel=\"canonical\" href=\"https:\/\/elfsight.com\/pt\/all-in-one-reviews-widget\/iframe\/\" \/>\n<meta property=\"og:locale\" content=\"pt_PT\" \/>\n<meta property=\"og:type\" content=\"article\" \/>\n<meta property=\"og:title\" content=\"Adicione um widget All-in-One Reviews responsivo ao seu site iFrame\" \/>\n<meta property=\"og:description\" content=\"Adicione um widget de avalia\u00e7\u00f5es responsivo ao seu site iFrame e ganhe total confian\u00e7a. Use a demonstra\u00e7\u00e3o pr\u00e1tica da Elfsight para construir seu recurso personalizado.\" \/>\n<meta property=\"og:url\" content=\"https:\/\/elfsight.com\/pt\/all-in-one-reviews-widget\/iframe\/\" \/>\n<meta property=\"og:site_name\" content=\"Elfsight PT\" \/>\n<meta property=\"article:modified_time\" content=\"2024-11-13T11:24:14+00:00\" \/>\n<meta name=\"twitter:card\" content=\"summary_large_image\" \/>\n<meta name=\"twitter:label1\" content=\"Tempo estimado de leitura\" \/>\n\t<meta name=\"twitter:data1\" content=\"2 minutos\" \/>\n<!-- \/ Yoast SEO plugin. -->","yoast_head_json":{"title":"Adicione um widget All-in-One Reviews responsivo ao seu site iFrame","description":"Adicione um widget de avalia\u00e7\u00f5es responsivo ao seu site iFrame e ganhe total confian\u00e7a. Use a demonstra\u00e7\u00e3o pr\u00e1tica da Elfsight para construir seu recurso personalizado.","robots":{"index":"index","follow":"follow","max-snippet":"max-snippet:-1","max-image-preview":"max-image-preview:large","max-video-preview":"max-video-preview:-1"},"canonical":"https:\/\/elfsight.com\/pt\/all-in-one-reviews-widget\/iframe\/","og_locale":"pt_PT","og_type":"article","og_title":"Adicione um widget All-in-One Reviews responsivo ao seu site iFrame","og_description":"Adicione um widget de avalia\u00e7\u00f5es responsivo ao seu site iFrame e ganhe total confian\u00e7a. Use a demonstra\u00e7\u00e3o pr\u00e1tica da Elfsight para construir seu recurso personalizado.","og_url":"https:\/\/elfsight.com\/pt\/all-in-one-reviews-widget\/iframe\/","og_site_name":"Elfsight PT","article_modified_time":"2024-11-13T11:24:14+00:00","twitter_card":"summary_large_image","twitter_misc":{"Tempo estimado de leitura":"2 minutos"},"schema":{"@context":"https:\/\/schema.org","@graph":[{"@type":"WebPage","@id":"https:\/\/elfsight.com\/pt\/all-in-one-reviews-widget\/iframe\/","url":"https:\/\/elfsight.com\/pt\/all-in-one-reviews-widget\/iframe\/","name":"Adicione um widget All-in-One Reviews responsivo ao seu site iFrame","isPartOf":{"@id":"https:\/\/elfsight.com\/pt\/#website"},"datePublished":"2024-05-03T06:27:19+00:00","dateModified":"2024-11-13T11:24:14+00:00","description":"Adicione um widget de avalia\u00e7\u00f5es responsivo ao seu site iFrame e ganhe total confian\u00e7a. Use a demonstra\u00e7\u00e3o pr\u00e1tica da Elfsight para construir seu recurso personalizado.","breadcrumb":{"@id":"https:\/\/elfsight.com\/pt\/all-in-one-reviews-widget\/iframe\/#breadcrumb"},"inLanguage":"pt-PT","potentialAction":[{"@type":"ReadAction","target":["https:\/\/elfsight.com\/pt\/all-in-one-reviews-widget\/iframe\/"]}]},{"@type":"BreadcrumbList","@id":"https:\/\/elfsight.com\/pt\/all-in-one-reviews-widget\/iframe\/#breadcrumb","itemListElement":[{"@type":"ListItem","position":1,"name":"Home","item":"https:\/\/elfsight.com\/pt\/"},{"@type":"ListItem","position":2,"name":"All-in-One Reviews","item":"https:\/\/elfsight.com\/pt\/all-in-one-reviews-widget\/"},{"@type":"ListItem","position":3,"name":"All-in-One Reviews &#8211; iFrame"}]},{"@type":"WebSite","@id":"https:\/\/elfsight.com\/pt\/#website","url":"https:\/\/elfsight.com\/pt\/","name":"Elfsight PT","description":"Just another Elfsight Sites site","potentialAction":[{"@type":"SearchAction","target":{"@type":"EntryPoint","urlTemplate":"https:\/\/elfsight.com\/pt\/?s={search_term_string}"},"query-input":{"@type":"PropertyValueSpecification","valueRequired":true,"valueName":"search_term_string"}}],"inLanguage":"pt-PT"}]}},"meta_box":{"industry":"","seo_heading":"","heading":"","description":"","cta_heading":"","cta_description":"","application":"364","h1":"Widget de avalia\u00e7\u00f5es do iFrame All-in-One","h1_caption":"Aumente a confian\u00e7a demonstrando coment\u00e1rios de pessoas reais com informa\u00e7\u00f5es do autor","application_category":[],"applications_title":"","applications_request_title":"","applications_request_button_text":"","hero_text":"","hero_video":"","hero_video_schema_markup":"","selling_points_title":"","selling_points_caption":"","selling_points":[],"selling_points_cta_text":"","features_title":"","features":"","ed_cta_examples_text":"","ed_cta_examples_hidden":"","ed_cta_demo_text":"","ed_cta_demo_hidden":"","why_caption":"","why_editor_title":"","why_editor_text":"","why_team_title":"","why_team_text":"","why_service_title":"","why_service_text":"","template_catalog_visible":"","template_catalog_title":"","template_catalog_text":"","template_catalog_categories_visible":"","demo_title":"Crie seu widget de avalia\u00e7\u00f5es multifuncionais","demo_caption":"Configure suas an\u00e1lises multifuncionais e adicione-as ao seu site iFrame gratuitamente!","default_faq_hidden":"","app_template_category":[],"platform":"4911","template_public_id":"","codecanyon_url":"","codecanyon_item_id":"","codecanyon_price":"","pricing_caption":"","pricing_elfsight_apps_hide_column":"","pricing_elfsight_apps_url":"","pricing_codecanyon_price_caption":"","integration_category":[],"integration_request_title":"","integration_request_cta":"","integration_platform":"","integrations":[],"platform_category":[],"video_schema_markup":"","price":"a partir de US$ 0\/m\u00eas","trial":"","benefits":[{"text":"Servi\u00e7o de instala\u00e7\u00e3o gratuito"},{"text":"Atendimento ao cliente competente"},{"text":"Garantia de devolu\u00e7\u00e3o do dinheiro em 14 dias"},{"text":"Melhorias gratuitas cont\u00ednuas"}],"button_url":"#demo","button_target_blank":"0","button_nofollow":"0","attributes":[{"name":"Instala\u00e7\u00f5es","content":"100,000 - 500,000","_state":"expanded"},{"name":"Responsivo","content":"Sim","_state":"expanded"},{"name":"Navegadores compat\u00edveis","content":"Edge, Safari, Chrome, Firefox, Opera"}],"tags":[],"tags_disable_links":"0","hide_more_platforms":"","video_object":"","demo_hide_cta":"0","demo_hide_cloud_options":"0","pricing_title":"","pricing":[{"pricing_icon":"platform","pricing_title":"Elfsight Apps","pricing_title_caption":"Solu\u00e7\u00e3o independente de plataforma","pricing_price":"a partir de US$ 0\/m\u00eas","pricing_price_caption":"comece com plano gratuito","pricing_benefits":[{"text":"Sites ilimitados"},{"text":"Suporte gratuito"},{"text":"Suporte gratuito"},{"text":"Oferta especial para v\u00e1rios aplicativos"}],"pricing_button_text":"Adicionar ao site","pricing_button_url":"#demo","_state":"expanded"}],"related_apps_title":"","related_apps_hidden":"1","author":"","image":[],"title":"","job":"","social_networks":[]},"_links":{"self":[{"href":"https:\/\/elfsight.com\/pt\/wp-json\/wp\/v2\/pages\/3482","targetHints":{"allow":["GET"]}}],"collection":[{"href":"https:\/\/elfsight.com\/pt\/wp-json\/wp\/v2\/pages"}],"about":[{"href":"https:\/\/elfsight.com\/pt\/wp-json\/wp\/v2\/types\/page"}],"author":[{"embeddable":true,"href":"https:\/\/elfsight.com\/pt\/wp-json\/wp\/v2\/users\/9"}],"replies":[{"embeddable":true,"href":"https:\/\/elfsight.com\/pt\/wp-json\/wp\/v2\/comments?post=3482"}],"version-history":[{"count":2,"href":"https:\/\/elfsight.com\/pt\/wp-json\/wp\/v2\/pages\/3482\/revisions"}],"predecessor-version":[{"id":11573,"href":"https:\/\/elfsight.com\/pt\/wp-json\/wp\/v2\/pages\/3482\/revisions\/11573"}],"up":[{"embeddable":true,"href":"https:\/\/elfsight.com\/pt\/wp-json\/wp\/v2\/pages\/366"}],"wp:attachment":[{"href":"https:\/\/elfsight.com\/pt\/wp-json\/wp\/v2\/media?parent=3482"}],"curies":[{"name":"wp","href":"https:\/\/api.w.org\/{rel}","templated":true}]}}