{"id":3479,"date":"2024-05-03T06:27:47","date_gmt":"2024-05-03T06:27:47","guid":{"rendered":"https:\/\/elfsight.com\/pt\/?page_id=3479"},"modified":"2025-02-28T13:20:22","modified_gmt":"2025-02-28T13:20:22","slug":"iframe","status":"publish","type":"page","link":"https:\/\/elfsight.com\/pt\/amazon-reviews-widget\/iframe\/","title":{"rendered":"Amazon Reviews &#8211; iFrame"},"content":{"rendered":"\n<div class=\"application-platform-content-item-description application-platform-content-item\" id=\"description\" data-nav-section=\"description\"><h2>Incorpore Reviews from Amazon no iFrame com o widget Elfsight<\/h2><p>Nosso plug-in Reviews from Amazon \u00e9 a maneira mais f\u00e1cil de moldar a reputa\u00e7\u00e3o da sua marca expressando coment\u00e1rios de clientes reais sobre seus produtos. Mostre apenas os coment\u00e1rios melhores ou mais significativos e organize-os da maneira que desejar. Obtenha resultados com prova social, demonstrando ao seu p\u00fablico que voc\u00ea \u00e9 confi\u00e1vel.<\/p><p><b>Inspire os usu\u00e1rios a postar novas avalia\u00e7\u00f5es sobre seus produtos e incentive conversas com os clientes!<\/b><\/p><\/div><div class=\"application-platform-content-item-features application-platform-content-item\" id=\"features\" data-nav-section=\"features\"><h2>Principais recursos do widget Reviews from Amazon<\/h2><p>Para obter um conhecimento claro do Reviews from Amazon, veja a lista das fun\u00e7\u00f5es mais destacadas. Eles tornam o widget realmente eficiente para voc\u00ea:<\/p><ul><li>Tr\u00eas filtros dispon\u00edveis: por tipo, exclus\u00e3o por e quantidade de avalia\u00e7\u00f5es;<\/li><li>Quatro layouts predefinidos: Lista, Grade, Alvenaria e Slider;<\/li><li>Uma oportunidade de controlar a exibi\u00e7\u00e3o do cabe\u00e7alho do widget;<\/li><li>O bot\u00e3o de solicita\u00e7\u00e3o de revis\u00e3o leva os visitantes \u00e0 p\u00e1gina da Amazon;<\/li><li>Seis elementos flex\u00edveis de o widget: nome do autor e foto, texto de recomenda\u00e7\u00e3o, data, \u00edcone da Amazon e classifica\u00e7\u00e3o por estrelas;<\/li><li>Duas op\u00e7\u00f5es de cen\u00e1rios ap\u00f3s a nega\u00e7\u00e3o da solicita\u00e7\u00e3o de revis\u00e3o: revelar uma mensagem de texto ou remover o bot\u00e3o.<\/li><\/ul><p><a href=\"#demo\">Veja todos os recursos na demonstra\u00e7\u00e3o<\/a><\/p><\/div><div class=\"application-platform-content-item-installation application-platform-content-item\" id=\"installation\" data-nav-section=\"installation\"><h2>Como adicionar Reviews from Amazon ao iFrame website<\/h2><p>Essas etapas s\u00e3o a \u00fanica coisa que voc\u00ea precisa seguir para integrar o widget.<\/p><ol><li><b>Crie seu pr\u00f3prio plugin da Amazon<\/b><br> Usando nosso editor gratuito, gere um widget com composi\u00e7\u00e3o e fun\u00e7\u00f5es preferidas.<\/li><li><b>Adquira o c\u00f3digo individual para adicionar o plugin<\/b><br>Depois de criar seu widget, voc\u00ea obter\u00e1 o c\u00f3digo individual da janela pop-up nas aplica\u00e7\u00f5es Elfsight. Copie o c\u00f3digo para uso posterior.<\/li><li><b>Adicione o plugin em seu site iFrame<\/b><br>V\u00e1 para a \u00e1rea onde deseja exibir o widget e adicione o c\u00f3digo copiado l\u00e1. Publique as edi\u00e7\u00f5es.<\/li><li><b>Pronto!<\/b><br>Visite seu site para conferir seu trabalho.<\/li><\/ol><p>Ainda tem d\u00favidas? Ou enfrentando algum problema? A nossa equipa de suporte ir\u00e1 ajudar com qualquer tipo de quest\u00e3o.<\/p><div class=\"faq\" data-component=\"FAQ\"> <div class=\"faq-item\">\r\n\t\t\t\t\t<div class=\"faq-item-question\">\r\n\t\t\t\t\t\t<h3 class=\"faq-item-question-text\">Como adicionar Reviews from Amazon ao meu website iFrame sem conhecimentos de codifica\u00e7\u00e3o?<\/h3>\r\n\r\n\t\t\t\t\t\t<div class=\"faq-item-question-icon\"><\/div>\r\n\t\t\t\t\t<\/div>\r\n\r\n\t\t\t\t\t<div class=\"faq-item-answer\">\r\n\t\t\t\t\t\t<div class=\"faq-item-answer-text\"> <p>A Elfsight fornece uma solu\u00e7\u00e3o SaaS que lhe permite criar um widget Reviews from Amazon, veja como o processo \u00e9 f\u00e1cil: Trabalhe diretamente no Editor on-line para criar um widget Reviews from Amazon que voc\u00ea gostaria de ver em seu site iFrame. Escolha um dos modelos predefinidos e ajuste as configura\u00e7\u00f5es do Reviews from Amazon, adicione seu conte\u00fado, altere o layout e o esquema de cores sem habilidades de codifica\u00e7\u00e3o. Salve o Reviews from Amazon e copie seu c\u00f3digo de instala\u00e7\u00e3o, para que voc\u00ea possa simplesmente adicionar seu site iFrame sem comprar um plano pago. Com nosso editor intuitivo, qualquer usu\u00e1rio da Internet pode criar um widget Reviews from Amazon online e incorpor\u00e1-lo facilmente em seu site iFrame. N\u00e3o h\u00e1 necessidade de pagar ou inserir as credenciais do seu cart\u00e3o para acessar o servi\u00e7o. Se voc\u00ea enfrentar qualquer problema em qualquer etapa, n\u00e3o hesite em entrar em contato com nossa equipe de suporte t\u00e9cnico.<\/p> <\/div>\r\n\t\t\t\t\t<\/div>\r\n\t\t\t\t<\/div> <\/div> <\/div>\n","protected":false},"excerpt":{"rendered":"","protected":false},"author":9,"featured_media":0,"parent":752,"menu_order":0,"comment_status":"closed","ping_status":"closed","template":"templates\/template-application-platform.php","meta":{"publish_to_discourse":"","publish_post_category":"","wpdc_auto_publish_overridden":"","wpdc_topic_tags":"","wpdc_pin_topic":"","wpdc_pin_until":"","discourse_post_id":"","discourse_permalink":"","wpdc_publishing_response":"","wpdc_publishing_error":"","footnotes":""},"class_list":["post-3479","page","type-page","status-publish","hentry"],"yoast_head":"<!-- This site is optimized with the Yoast SEO plugin v25.3.1 - https:\/\/yoast.com\/wordpress\/plugins\/seo\/ -->\n<title>Incorporar widget Reviews from Amazon no site iFrame (gratuito e r\u00e1pido)<\/title>\n<meta name=\"description\" content=\"\u00c9 muito f\u00e1cil criar seu widget Reviews from Amazon e exibi-lo em seu site iFrame. O atendimento ao cliente da Elfsight \u00e9 gratuito.\" \/>\n<meta name=\"robots\" content=\"index, follow, max-snippet:-1, max-image-preview:large, max-video-preview:-1\" \/>\n<link rel=\"canonical\" href=\"https:\/\/elfsight.com\/pt\/amazon-reviews-widget\/iframe\/\" \/>\n<meta property=\"og:locale\" content=\"pt_PT\" \/>\n<meta property=\"og:type\" content=\"article\" \/>\n<meta property=\"og:title\" content=\"Incorporar widget Reviews from Amazon no site iFrame (gratuito e r\u00e1pido)\" \/>\n<meta property=\"og:description\" content=\"\u00c9 muito f\u00e1cil criar seu widget Reviews from Amazon e exibi-lo em seu site iFrame. O atendimento ao cliente da Elfsight \u00e9 gratuito.\" \/>\n<meta property=\"og:url\" content=\"https:\/\/elfsight.com\/pt\/amazon-reviews-widget\/iframe\/\" \/>\n<meta property=\"og:site_name\" content=\"Elfsight PT\" \/>\n<meta property=\"article:modified_time\" content=\"2025-02-28T13:20:22+00:00\" \/>\n<meta name=\"twitter:card\" content=\"summary_large_image\" \/>\n<meta name=\"twitter:label1\" content=\"Tempo estimado de leitura\" \/>\n\t<meta name=\"twitter:data1\" content=\"3 minutos\" \/>\n<!-- \/ Yoast SEO plugin. -->","yoast_head_json":{"title":"Incorporar widget Reviews from Amazon no site iFrame (gratuito e r\u00e1pido)","description":"\u00c9 muito f\u00e1cil criar seu widget Reviews from Amazon e exibi-lo em seu site iFrame. O atendimento ao cliente da Elfsight \u00e9 gratuito.","robots":{"index":"index","follow":"follow","max-snippet":"max-snippet:-1","max-image-preview":"max-image-preview:large","max-video-preview":"max-video-preview:-1"},"canonical":"https:\/\/elfsight.com\/pt\/amazon-reviews-widget\/iframe\/","og_locale":"pt_PT","og_type":"article","og_title":"Incorporar widget Reviews from Amazon no site iFrame (gratuito e r\u00e1pido)","og_description":"\u00c9 muito f\u00e1cil criar seu widget Reviews from Amazon e exibi-lo em seu site iFrame. O atendimento ao cliente da Elfsight \u00e9 gratuito.","og_url":"https:\/\/elfsight.com\/pt\/amazon-reviews-widget\/iframe\/","og_site_name":"Elfsight PT","article_modified_time":"2025-02-28T13:20:22+00:00","twitter_card":"summary_large_image","twitter_misc":{"Tempo estimado de leitura":"3 minutos"},"schema":{"@context":"https:\/\/schema.org","@graph":[{"@type":"WebPage","@id":"https:\/\/elfsight.com\/pt\/amazon-reviews-widget\/iframe\/","url":"https:\/\/elfsight.com\/pt\/amazon-reviews-widget\/iframe\/","name":"Incorporar widget Reviews from Amazon no site iFrame (gratuito e r\u00e1pido)","isPartOf":{"@id":"https:\/\/elfsight.com\/pt\/#website"},"datePublished":"2024-05-03T06:27:47+00:00","dateModified":"2025-02-28T13:20:22+00:00","description":"\u00c9 muito f\u00e1cil criar seu widget Reviews from Amazon e exibi-lo em seu site iFrame. O atendimento ao cliente da Elfsight \u00e9 gratuito.","breadcrumb":{"@id":"https:\/\/elfsight.com\/pt\/amazon-reviews-widget\/iframe\/#breadcrumb"},"inLanguage":"pt-PT","potentialAction":[{"@type":"ReadAction","target":["https:\/\/elfsight.com\/pt\/amazon-reviews-widget\/iframe\/"]}]},{"@type":"BreadcrumbList","@id":"https:\/\/elfsight.com\/pt\/amazon-reviews-widget\/iframe\/#breadcrumb","itemListElement":[{"@type":"ListItem","position":1,"name":"Home","item":"https:\/\/elfsight.com\/pt\/"},{"@type":"ListItem","position":2,"name":"Amazon Reviews","item":"https:\/\/elfsight.com\/pt\/amazon-reviews-widget\/"},{"@type":"ListItem","position":3,"name":"Amazon Reviews &#8211; iFrame"}]},{"@type":"WebSite","@id":"https:\/\/elfsight.com\/pt\/#website","url":"https:\/\/elfsight.com\/pt\/","name":"Elfsight PT","description":"Just another Elfsight Sites site","potentialAction":[{"@type":"SearchAction","target":{"@type":"EntryPoint","urlTemplate":"https:\/\/elfsight.com\/pt\/?s={search_term_string}"},"query-input":{"@type":"PropertyValueSpecification","valueRequired":true,"valueName":"search_term_string"}}],"inLanguage":"pt-PT"}]}},"meta_box":{"industry":"","seo_heading":"","heading":"","description":"","cta_heading":"","cta_description":"","application":"751","h1":"Widget de avalia\u00e7\u00f5es da Amazon para iFrame","h1_caption":"Exiba avalia\u00e7\u00f5es sobre seus produtos da Amazon em seu site","application_category":[],"applications_title":"","applications_request_title":"","applications_request_button_text":"","hero_text":"","hero_video":"","hero_video_schema_markup":"","selling_points_title":"","selling_points_caption":"","selling_points":[],"selling_points_cta_text":"","features_title":"","features":"","ed_cta_examples_text":"","ed_cta_examples_hidden":"","ed_cta_demo_text":"","ed_cta_demo_hidden":"","why_caption":"","why_editor_title":"","why_editor_text":"","why_team_title":"","why_team_text":"","why_service_title":"","why_service_text":"","template_catalog_visible":"0","template_catalog_title":"","template_catalog_text":"","template_catalog_categories_visible":"","demo_title":"Crie seu widget Reviews from Amazon","demo_caption":"Configure seu Reviews from Amazon e adicione-o ao seu site iFrame gratuitamente!","default_faq_hidden":"","app_template_category":[],"platform":"4911","template_public_id":"","codecanyon_url":"","codecanyon_item_id":"","codecanyon_price":"","pricing_caption":"","pricing_elfsight_apps_hide_column":"","pricing_elfsight_apps_url":"","pricing_codecanyon_price_caption":"","integration_category":[],"integration_request_title":"","integration_request_cta":"","integration_platform":"","integrations":[],"platform_category":[],"video_schema_markup":"","price":"a partir de US$ 0\/m\u00eas","trial":"","benefits":[{"text":"Servi\u00e7o de instala\u00e7\u00e3o gratuito"},{"text":"Atendimento ao cliente eficaz"},{"text":"Garantia de reembolso de 14 dias"},{"text":"Melhorias gratuitas regulares"}],"button_url":"#demo","button_target_blank":"0","button_nofollow":"0","attributes":[{"name":"Instala\u00e7\u00f5es","content":"10,000 - 100,000","_state":"expanded"},{"name":"Responsivo","content":"Sim","_state":"expanded"},{"name":"Navegadores compat\u00edveis","content":"Opera, Safari, Chrome, Firefox, Edge"}],"tags":[],"tags_disable_links":"0","hide_more_platforms":"0","video_object":"","demo_hide_cta":"0","demo_hide_cloud_options":"0","pricing_title":"","pricing":[{"pricing_icon":"platform","pricing_title":"Elfsight Apps","pricing_title_caption":"Solu\u00e7\u00e3o digital independente de plataforma","pricing_price":"a partir de US$ 0\/m\u00eas","pricing_price_caption":"comece com plano gratuito","pricing_benefits":[{"text":"N\u00famero ilimitado de dom\u00ednios"},{"text":"Suporte r\u00e1pido e pontual"},{"text":"Suporte r\u00e1pido e pontual"},{"text":"Pre\u00e7o especial para v\u00e1rios aplicativos"}],"pricing_button_text":"Adicionar ao site","pricing_button_url":"#demo","_state":"expanded"}],"related_apps_title":"","related_apps_hidden":"1","author":"","image":[],"title":"","job":"","social_networks":[]},"_links":{"self":[{"href":"https:\/\/elfsight.com\/pt\/wp-json\/wp\/v2\/pages\/3479","targetHints":{"allow":["GET"]}}],"collection":[{"href":"https:\/\/elfsight.com\/pt\/wp-json\/wp\/v2\/pages"}],"about":[{"href":"https:\/\/elfsight.com\/pt\/wp-json\/wp\/v2\/types\/page"}],"author":[{"embeddable":true,"href":"https:\/\/elfsight.com\/pt\/wp-json\/wp\/v2\/users\/9"}],"replies":[{"embeddable":true,"href":"https:\/\/elfsight.com\/pt\/wp-json\/wp\/v2\/comments?post=3479"}],"version-history":[{"count":4,"href":"https:\/\/elfsight.com\/pt\/wp-json\/wp\/v2\/pages\/3479\/revisions"}],"predecessor-version":[{"id":14127,"href":"https:\/\/elfsight.com\/pt\/wp-json\/wp\/v2\/pages\/3479\/revisions\/14127"}],"up":[{"embeddable":true,"href":"https:\/\/elfsight.com\/pt\/wp-json\/wp\/v2\/pages\/752"}],"wp:attachment":[{"href":"https:\/\/elfsight.com\/pt\/wp-json\/wp\/v2\/media?parent=3479"}],"curies":[{"name":"wp","href":"https:\/\/api.w.org\/{rel}","templated":true}]}}